{"id":1896,"date":"2021-01-27T22:05:40","date_gmt":"2021-01-27T22:05:40","guid":{"rendered":"http:\/\/heartfailurematters.local:8888\/adaptar-a-alimentacao\/"},"modified":"2021-01-27T22:05:40","modified_gmt":"2021-01-27T22:05:40","slug":"adaptar-a-alimentacao","status":"publish","type":"page","link":"https:\/\/www.heartfailurematters.org\/pt-pt\/viver-com-insuficiencia-cardiaca\/adaptar-a-alimentacao\/","title":{"rendered":"Adaptar a alimenta\u00e7\u00e3o"},"content":{"rendered":"<p>Embora possa considerar que a sua alimenta&ccedil;&atilde;o atual &eacute; razoavelmente saud&aacute;vel, poder&aacute; ser necess&aacute;rio reduzir alguns dos principais elementos da mesma, como o sal, gorduras e &aacute;lcool. Poder&aacute; ser encaminhado para um nutricionista que trabalhar&aacute; consigo para desenvolver uma dieta personalizada, para melhorar a forma como se sente e controlar a insufici&ecirc;ncia card&iacute;aca. Clique em qualquer uma das liga&ccedil;&otilde;es abaixo, para obter mais informa&ccedil;&otilde;es sobre como melhorar a sua alimenta&ccedil;&atilde;o:Clique em qualquer uma das liga&ccedil;&otilde;es abaixo, para obter mais informa&ccedil;&otilde;es sobre como melhorar a sua alimenta&ccedil;&atilde;o:<\/p>\n<p>Clique em qualquer uma das liga&ccedil;&otilde;es abaixo, para obter mais informa&ccedil;&otilde;es sobre como melhorar a sua alimenta&ccedil;&atilde;o:<\/p>\n<p>Nota: estas liga&ccedil;&otilde;es ir&atilde;o direcion&aacute;-lo para a sec&ccedil;&atilde;o <em>O que pode fazer? <\/em> pelo que ter&aacute; de voltar a este ponto quando terminar de consultar estas informa&ccedil;&otilde;es.<\/p>\n<p><a href=\"https:\/\/www.heartfailurematters.org\/pt-pt\/o-que-pode-fazer\/adaptar-a-alimentacao-manter-um-peso-saudavel\/\">Manter um peso saud&aacute;vel<\/a><br \/> <a href=\"https:\/\/www.heartfailurematters.org\/pt-pt\/o-que-pode-fazer\/ajustar-a-alimentacao-sal\/\">Sal<br \/> <\/a><a href=\"https:\/\/www.heartfailurematters.org\/pt-pt\/o-que-pode-fazer\/ajustar-a-alimentacao-liquidos\/\">L&iacute;quidos<\/a><br \/><a href=\"https:\/\/www.heartfailurematters.org\/pt-pt\/o-que-pode-fazer\/ajustar-a-sua-alimentacao-alcool\/\">&Aacute;lcool<br \/> <\/a><a href=\"https:\/\/www.heartfailurematters.org\/pt-pt\/o-que-pode-fazer\/adaptar-a-alimentacao-potassio\/\">Pot&aacute;ssio<\/a><br \/> <a href=\"https:\/\/www.heartfailurematters.org\/pt-pt\/o-que-pode-fazer\/adaptar-a-alimentacao-gordura-e-colesterol\/\">Gorduras e colesterol<\/a><br \/><a href=\"https:\/\/www.heartfailurematters.org\/pt-pt\/o-que-pode-fazer\/ajustar-a-alimentacao-alimentacao-para-diabeticos\/\">Alimenta&ccedil;&atilde;o Para Diab&eacute;ticos<br \/> <\/a><a href=\"https:\/\/www.heartfailurematters.org\/pt-pt\/o-que-pode-fazer\/ajustar-a-sua-alimentacao-ligacoes-para-receitas\/\">Liga&ccedil;&otilde;es para receitas<\/a><\/p>\n<p align=\"left\">O European Cook Book &eacute; uma cole&ccedil;&atilde;o exclusiva de receitas de fazer crescer &aacute;gua na boca, culturalmente diversas, fornecidas por entidades nacionais e afiliadas da Sociedade Europeia de Cardiologia.<\/p>\n<p><a href=\"https:\/\/www.heartfailurematters.org\/pt-pt\/viver-com-insuficiencia-cardiaca\/estilo-de-vida\/\">Voltar &agrave; sec&ccedil;&atilde;o Estilo de vida<\/a><\/p>\n","protected":false},"excerpt":{"rendered":"<p>Embora possa considerar que a sua alimenta&ccedil;&atilde;o atual &eacute; razoavelmente saud&aacute;vel, poder&aacute; ser necess&aacute;rio reduzir alguns dos principais elementos da mesma, como o sal, gorduras e &aacute;lcool. Poder&aacute; ser encaminhado para um nutricionista que trabalhar&aacute; consigo para desenvolver uma dieta personalizada, para melhorar a forma como se sente e controlar a insufici&ecirc;ncia card&iacute;aca. Clique em [&hellip;]<\/p>\n","protected":false},"author":1,"featured_media":11042,"parent":2815,"menu_order":0,"comment_status":"open","ping_status":"open","template":"","meta":{"_acf_changed":false,"footnotes":""},"categories":[],"tags":[],"class_list":["post-1896","page","type-page","status-publish","has-post-thumbnail","hentry"],"acf":[],"yoast_head":"<!-- This site is optimized with the Yoast SEO plugin v24.8.1 - https:\/\/yoast.com\/wordpress\/plugins\/seo\/ -->\n<title>Adaptar a alimenta\u00e7\u00e3o \u00e0 insufici\u00eancia card\u00edaca<\/title>\n<meta name=\"description\" content=\"Embora possa considerar a sua dieta atual bastante saud\u00e1vel, pode ser-lhe exigido que reduza elementos chave da mesma, como o sal, a gordura e o \u00e1lcool.\" \/>\n<meta name=\"robots\" content=\"index, follow, max-snippet:-1, max-image-preview:large, max-video-preview:-1\" \/>\n<link rel=\"canonical\" href=\"https:\/\/www.heartfailurematters.org\/pt-pt\/viver-com-insuficiencia-cardiaca\/adaptar-a-alimentacao\/\" \/>\n<meta property=\"og:locale\" content=\"pt_PT\" \/>\n<meta property=\"og:type\" content=\"article\" \/>\n<meta property=\"og:title\" content=\"Adaptar a alimenta\u00e7\u00e3o \u00e0 insufici\u00eancia card\u00edaca\" \/>\n<meta property=\"og:description\" content=\"Embora possa considerar a sua dieta atual bastante saud\u00e1vel, pode ser-lhe exigido que reduza elementos chave da mesma, como o sal, a gordura e o \u00e1lcool.\" \/>\n<meta property=\"og:url\" content=\"https:\/\/www.heartfailurematters.org\/pt-pt\/viver-com-insuficiencia-cardiaca\/adaptar-a-alimentacao\/\" \/>\n<meta property=\"og:site_name\" content=\"Heart Failure Matters\" \/>\n<meta property=\"article:publisher\" content=\"https:\/\/www.facebook.com\/heartfailurematters\" \/>\n<meta property=\"og:image\" content=\"https:\/\/www.heartfailurematters.org\/wp-content\/uploads\/2022\/03\/shutterstock_335916848-1-min.jpg\" \/>\n\t<meta property=\"og:image:width\" content=\"900\" \/>\n\t<meta property=\"og:image:height\" content=\"593\" \/>\n\t<meta property=\"og:image:type\" content=\"image\/jpeg\" \/>\n<meta name=\"twitter:card\" content=\"summary_large_image\" \/>\n<meta name=\"twitter:label1\" content=\"Tempo estimado de leitura\" \/>\n\t<meta name=\"twitter:data1\" content=\"1 minuto\" \/>\n<script type=\"application\/ld+json\" class=\"yoast-schema-graph\">{\"@context\":\"https:\/\/schema.org\",\"@graph\":[{\"@type\":\"WebPage\",\"@id\":\"https:\/\/www.heartfailurematters.org\/pt-pt\/viver-com-insuficiencia-cardiaca\/adaptar-a-alimentacao\/\",\"url\":\"https:\/\/www.heartfailurematters.org\/pt-pt\/viver-com-insuficiencia-cardiaca\/adaptar-a-alimentacao\/\",\"name\":\"Adaptar a alimenta\u00e7\u00e3o \u00e0 insufici\u00eancia card\u00edaca\",\"isPartOf\":{\"@id\":\"https:\/\/www.heartfailurematters.org\/pt-pt\/#website\"},\"primaryImageOfPage\":{\"@id\":\"https:\/\/www.heartfailurematters.org\/pt-pt\/viver-com-insuficiencia-cardiaca\/adaptar-a-alimentacao\/#primaryimage\"},\"image\":{\"@id\":\"https:\/\/www.heartfailurematters.org\/pt-pt\/viver-com-insuficiencia-cardiaca\/adaptar-a-alimentacao\/#primaryimage\"},\"thumbnailUrl\":\"https:\/\/www.heartfailurematters.org\/wp-content\/uploads\/2022\/03\/shutterstock_335916848-1-min.jpg\",\"datePublished\":\"2021-01-27T22:05:40+00:00\",\"description\":\"Embora possa considerar a sua dieta atual bastante saud\u00e1vel, pode ser-lhe exigido que reduza elementos chave da mesma, como o sal, a gordura e o \u00e1lcool.\",\"breadcrumb\":{\"@id\":\"https:\/\/www.heartfailurematters.org\/pt-pt\/viver-com-insuficiencia-cardiaca\/adaptar-a-alimentacao\/#breadcrumb\"},\"inLanguage\":\"pt-PT\",\"potentialAction\":[{\"@type\":\"ReadAction\",\"target\":[\"https:\/\/www.heartfailurematters.org\/pt-pt\/viver-com-insuficiencia-cardiaca\/adaptar-a-alimentacao\/\"]}]},{\"@type\":\"ImageObject\",\"inLanguage\":\"pt-PT\",\"@id\":\"https:\/\/www.heartfailurematters.org\/pt-pt\/viver-com-insuficiencia-cardiaca\/adaptar-a-alimentacao\/#primaryimage\",\"url\":\"https:\/\/www.heartfailurematters.org\/wp-content\/uploads\/2022\/03\/shutterstock_335916848-1-min.jpg\",\"contentUrl\":\"https:\/\/www.heartfailurematters.org\/wp-content\/uploads\/2022\/03\/shutterstock_335916848-1-min.jpg\",\"width\":900,\"height\":593},{\"@type\":\"BreadcrumbList\",\"@id\":\"https:\/\/www.heartfailurematters.org\/pt-pt\/viver-com-insuficiencia-cardiaca\/adaptar-a-alimentacao\/#breadcrumb\",\"itemListElement\":[{\"@type\":\"ListItem\",\"position\":1,\"name\":\"P\u00e1gina inicial\",\"item\":\"https:\/\/www.heartfailurematters.org\/pt-pt\/\"},{\"@type\":\"ListItem\",\"position\":2,\"name\":\"Viver com insufici\u00eancia card\u00edaca\",\"item\":\"https:\/\/www.heartfailurematters.org\/pt-pt\/viver-com-insuficiencia-cardiaca\/\"},{\"@type\":\"ListItem\",\"position\":3,\"name\":\"Adaptar a alimenta\u00e7\u00e3o\"}]},{\"@type\":\"WebSite\",\"@id\":\"https:\/\/www.heartfailurematters.org\/pt-pt\/#website\",\"url\":\"https:\/\/www.heartfailurematters.org\/pt-pt\/\",\"name\":\"Heart Failure Matters\",\"description\":\"Practical information for patients, families and caregivers.\",\"publisher\":{\"@id\":\"https:\/\/www.heartfailurematters.org\/pt-pt\/#organization\"},\"potentialAction\":[{\"@type\":\"SearchAction\",\"target\":{\"@type\":\"EntryPoint\",\"urlTemplate\":\"https:\/\/www.heartfailurematters.org\/pt-pt\/?s={search_term_string}\"},\"query-input\":{\"@type\":\"PropertyValueSpecification\",\"valueRequired\":true,\"valueName\":\"search_term_string\"}}],\"inLanguage\":\"pt-PT\"},{\"@type\":\"Organization\",\"@id\":\"https:\/\/www.heartfailurematters.org\/pt-pt\/#organization\",\"name\":\"Heart Failure Matters\",\"url\":\"https:\/\/www.heartfailurematters.org\/pt-pt\/\",\"logo\":{\"@type\":\"ImageObject\",\"inLanguage\":\"pt-PT\",\"@id\":\"https:\/\/www.heartfailurematters.org\/pt-pt\/#\/schema\/logo\/image\/\",\"url\":\"https:\/\/cdn-endpoint-hfm.azureedge.net\/heartfailurematters\/2024\/07\/hfm-logo1.jpg\",\"contentUrl\":\"https:\/\/cdn-endpoint-hfm.azureedge.net\/heartfailurematters\/2024\/07\/hfm-logo1.jpg\",\"width\":1280,\"height\":720,\"caption\":\"Heart Failure Matters\"},\"image\":{\"@id\":\"https:\/\/www.heartfailurematters.org\/pt-pt\/#\/schema\/logo\/image\/\"},\"sameAs\":[\"https:\/\/www.facebook.com\/heartfailurematters\"]}]}<\/script>\n<!-- \/ Yoast SEO plugin. -->","yoast_head_json":{"title":"Adaptar a alimenta\u00e7\u00e3o \u00e0 insufici\u00eancia card\u00edaca","description":"Embora possa considerar a sua dieta atual bastante saud\u00e1vel, pode ser-lhe exigido que reduza elementos chave da mesma, como o sal, a gordura e o \u00e1lcool.","robots":{"index":"index","follow":"follow","max-snippet":"max-snippet:-1","max-image-preview":"max-image-preview:large","max-video-preview":"max-video-preview:-1"},"canonical":"https:\/\/www.heartfailurematters.org\/pt-pt\/viver-com-insuficiencia-cardiaca\/adaptar-a-alimentacao\/","og_locale":"pt_PT","og_type":"article","og_title":"Adaptar a alimenta\u00e7\u00e3o \u00e0 insufici\u00eancia card\u00edaca","og_description":"Embora possa considerar a sua dieta atual bastante saud\u00e1vel, pode ser-lhe exigido que reduza elementos chave da mesma, como o sal, a gordura e o \u00e1lcool.","og_url":"https:\/\/www.heartfailurematters.org\/pt-pt\/viver-com-insuficiencia-cardiaca\/adaptar-a-alimentacao\/","og_site_name":"Heart Failure Matters","article_publisher":"https:\/\/www.facebook.com\/heartfailurematters","og_image":[{"width":900,"height":593,"url":"https:\/\/www.heartfailurematters.org\/wp-content\/uploads\/2022\/03\/shutterstock_335916848-1-min.jpg","type":"image\/jpeg"}],"twitter_card":"summary_large_image","twitter_misc":{"Tempo estimado de leitura":"1 minuto"},"schema":{"@context":"https:\/\/schema.org","@graph":[{"@type":"WebPage","@id":"https:\/\/www.heartfailurematters.org\/pt-pt\/viver-com-insuficiencia-cardiaca\/adaptar-a-alimentacao\/","url":"https:\/\/www.heartfailurematters.org\/pt-pt\/viver-com-insuficiencia-cardiaca\/adaptar-a-alimentacao\/","name":"Adaptar a alimenta\u00e7\u00e3o \u00e0 insufici\u00eancia card\u00edaca","isPartOf":{"@id":"https:\/\/www.heartfailurematters.org\/pt-pt\/#website"},"primaryImageOfPage":{"@id":"https:\/\/www.heartfailurematters.org\/pt-pt\/viver-com-insuficiencia-cardiaca\/adaptar-a-alimentacao\/#primaryimage"},"image":{"@id":"https:\/\/www.heartfailurematters.org\/pt-pt\/viver-com-insuficiencia-cardiaca\/adaptar-a-alimentacao\/#primaryimage"},"thumbnailUrl":"https:\/\/www.heartfailurematters.org\/wp-content\/uploads\/2022\/03\/shutterstock_335916848-1-min.jpg","datePublished":"2021-01-27T22:05:40+00:00","description":"Embora possa considerar a sua dieta atual bastante saud\u00e1vel, pode ser-lhe exigido que reduza elementos chave da mesma, como o sal, a gordura e o \u00e1lcool.","breadcrumb":{"@id":"https:\/\/www.heartfailurematters.org\/pt-pt\/viver-com-insuficiencia-cardiaca\/adaptar-a-alimentacao\/#breadcrumb"},"inLanguage":"pt-PT","potentialAction":[{"@type":"ReadAction","target":["https:\/\/www.heartfailurematters.org\/pt-pt\/viver-com-insuficiencia-cardiaca\/adaptar-a-alimentacao\/"]}]},{"@type":"ImageObject","inLanguage":"pt-PT","@id":"https:\/\/www.heartfailurematters.org\/pt-pt\/viver-com-insuficiencia-cardiaca\/adaptar-a-alimentacao\/#primaryimage","url":"https:\/\/www.heartfailurematters.org\/wp-content\/uploads\/2022\/03\/shutterstock_335916848-1-min.jpg","contentUrl":"https:\/\/www.heartfailurematters.org\/wp-content\/uploads\/2022\/03\/shutterstock_335916848-1-min.jpg","width":900,"height":593},{"@type":"BreadcrumbList","@id":"https:\/\/www.heartfailurematters.org\/pt-pt\/viver-com-insuficiencia-cardiaca\/adaptar-a-alimentacao\/#breadcrumb","itemListElement":[{"@type":"ListItem","position":1,"name":"P\u00e1gina inicial","item":"https:\/\/www.heartfailurematters.org\/pt-pt\/"},{"@type":"ListItem","position":2,"name":"Viver com insufici\u00eancia card\u00edaca","item":"https:\/\/www.heartfailurematters.org\/pt-pt\/viver-com-insuficiencia-cardiaca\/"},{"@type":"ListItem","position":3,"name":"Adaptar a alimenta\u00e7\u00e3o"}]},{"@type":"WebSite","@id":"https:\/\/www.heartfailurematters.org\/pt-pt\/#website","url":"https:\/\/www.heartfailurematters.org\/pt-pt\/","name":"Heart Failure Matters","description":"Practical information for patients, families and caregivers.","publisher":{"@id":"https:\/\/www.heartfailurematters.org\/pt-pt\/#organization"},"potentialAction":[{"@type":"SearchAction","target":{"@type":"EntryPoint","urlTemplate":"https:\/\/www.heartfailurematters.org\/pt-pt\/?s={search_term_string}"},"query-input":{"@type":"PropertyValueSpecification","valueRequired":true,"valueName":"search_term_string"}}],"inLanguage":"pt-PT"},{"@type":"Organization","@id":"https:\/\/www.heartfailurematters.org\/pt-pt\/#organization","name":"Heart Failure Matters","url":"https:\/\/www.heartfailurematters.org\/pt-pt\/","logo":{"@type":"ImageObject","inLanguage":"pt-PT","@id":"https:\/\/www.heartfailurematters.org\/pt-pt\/#\/schema\/logo\/image\/","url":"https:\/\/cdn-endpoint-hfm.azureedge.net\/heartfailurematters\/2024\/07\/hfm-logo1.jpg","contentUrl":"https:\/\/cdn-endpoint-hfm.azureedge.net\/heartfailurematters\/2024\/07\/hfm-logo1.jpg","width":1280,"height":720,"caption":"Heart Failure Matters"},"image":{"@id":"https:\/\/www.heartfailurematters.org\/pt-pt\/#\/schema\/logo\/image\/"},"sameAs":["https:\/\/www.facebook.com\/heartfailurematters"]}]}},"_links":{"self":[{"href":"https:\/\/www.heartfailurematters.org\/pt-pt\/wp-json\/wp\/v2\/pages\/1896","targetHints":{"allow":["GET"]}}],"collection":[{"href":"https:\/\/www.heartfailurematters.org\/pt-pt\/wp-json\/wp\/v2\/pages"}],"about":[{"href":"https:\/\/www.heartfailurematters.org\/pt-pt\/wp-json\/wp\/v2\/types\/page"}],"author":[{"embeddable":true,"href":"https:\/\/www.heartfailurematters.org\/pt-pt\/wp-json\/wp\/v2\/users\/1"}],"replies":[{"embeddable":true,"href":"https:\/\/www.heartfailurematters.org\/pt-pt\/wp-json\/wp\/v2\/comments?post=1896"}],"version-history":[{"count":0,"href":"https:\/\/www.heartfailurematters.org\/pt-pt\/wp-json\/wp\/v2\/pages\/1896\/revisions"}],"up":[{"embeddable":true,"href":"https:\/\/www.heartfailurematters.org\/pt-pt\/wp-json\/wp\/v2\/pages\/2815"}],"wp:featuredmedia":[{"embeddable":true,"href":"https:\/\/www.heartfailurematters.org\/pt-pt\/wp-json\/wp\/v2\/media\/11042"}],"wp:attachment":[{"href":"https:\/\/www.heartfailurematters.org\/pt-pt\/wp-json\/wp\/v2\/media?parent=1896"}],"wp:term":[{"taxonomy":"category","embeddable":true,"href":"https:\/\/www.heartfailurematters.org\/pt-pt\/wp-json\/wp\/v2\/categories?post=1896"},{"taxonomy":"post_tag","embeddable":true,"href":"https:\/\/www.heartfailurematters.org\/pt-pt\/wp-json\/wp\/v2\/tags?post=1896"}],"curies":[{"name":"wp","href":"https:\/\/api.w.org\/{rel}","templated":true}]}}