{"id":1895,"date":"2021-01-27T22:05:40","date_gmt":"2021-01-27T22:05:40","guid":{"rendered":"http:\/\/heartfailurematters.local:8888\/a-importancia-de-tomar-os-medicamentos\/"},"modified":"2021-04-14T14:21:53","modified_gmt":"2021-04-14T13:21:53","slug":"a-importancia-de-tomar-os-medicamentos","status":"publish","type":"page","link":"https:\/\/www.heartfailurematters.org\/pt-pt\/o-que-o-seu-medico-ou-enfermeiro-pode-fazer\/a-importancia-de-tomar-os-medicamentos\/","title":{"rendered":"A import\u00e2ncia de tomar os medicamentos"},"content":{"rendered":"<h2>Por que motivo tem de os tomar?<\/h2>\n<p>\u00c9 importante tomar os medicamentos para garantir que obt\u00e9m os melhores resultados poss\u00edveis com o tratamento.<\/p>\n<h2>Sugest\u00f5es e ferramentas para se lembrar de os tomar.<\/h2>\n<p>Ser-lhe-\u00e3o prescritos v\u00e1rios medicamentos para a insufici\u00eancia card\u00edaca, que tem de tomar a diferentes horas do dia. As seguintes sugest\u00f5es e ferramentas poder\u00e3o ajud\u00e1-lo a lembrar-se de tomar os medicamentos \u00e0 hora certa:<\/p>\n<ul>\n<li>Crie uma tabela de parede com os nomes dos medicamentos, a dose e a hora do dia que tem de os tomar.<\/li>\n<li>Compre uma caixa de comprimidos, com etiquetas dos dias da semana e das horas do dia. Normalmente pode compr\u00e1-las na farm\u00e1cia. Encha a caixa no in\u00edcio da semana para o ajudar a manter o controlo. Pe\u00e7a a um familiar ou ao enfermeiro para verificar a caixa, para saber se est\u00e1 tudo bem.<\/li>\n<li>Programe um alarme para se lembrar de tomar um medicamento a uma determinada hora.<\/li>\n<li>Informe os seus familiares e amigos sobre o calend\u00e1rio de medica\u00e7\u00e3o, para que possam lembr\u00e1-lo. Crie um h\u00e1bito ou uma rotina ao tomar o medicamento para o ajudar a lembrar-se, por exemplo depois de lavar os dentes, tomar o pequeno-almo\u00e7o ou ao jantar.<\/li>\n<li>Lembre-se de levar os medicamentos consigo quando sair de casa, para garantir que os toma \u00e0 hora certa. Quando for de f\u00e9rias leve medicamentos suficientes, coloque-os sempre na bagagem de m\u00e3o e n\u00e3o se esque\u00e7a da receita do m\u00e9dico.<\/li>\n<li>Pe\u00e7a novas receitas com muita anteced\u00eancia, para garantir que n\u00e3o acabam.<\/li>\n<li>Se tiver dificuldades em organizar os comprimidos, fale com o seu farmac\u00eautico ou m\u00e9dico de fam\u00edlia. Alguns farmac\u00eauticos fornecem embalagens em blister com os comprimidos j\u00e1 organizados em doses di\u00e1rias.<\/li>\n<li>Se n\u00e3o poder sair de casa e tiver dificuldades em tomar os comprimidos, o seu m\u00e9dico de fam\u00edlia poder\u00e1 solicitar a visita de um enfermeiro ao domic\u00edlio para organizar os comprimidos numa caixa pr\u00f3pria. Os enfermeiros poder\u00e3o fazer domic\u00edlios di\u00e1rios para o ajudar a tomar os seus comprimidos, embora este servi\u00e7o s\u00f3 esteja normalmente dispon\u00edvel se n\u00e3o conseguir tomar os comprimidos de outro modo.<\/li>\n<\/ul>\n<h2>Outras prescri\u00e7\u00f5es e medicamentos n\u00e3o sujeitos a receita m\u00e9dica<\/h2>\n<p>Alguns medicamentos sujeitos a receita m\u00e9dica podem interagir com os comprimidos que toma e causar efeitos secund\u00e1rios se os tomar em conjunto. N\u00e3o se esque\u00e7a que alguns medicamentos n\u00e3o sujeitos a receita m\u00e9dica tamb\u00e9m podem ter intera\u00e7\u00e3o com os medicamentos para a insufici\u00eancia card\u00edaca. Confirme sempre com o seu m\u00e9dico ou farmac\u00eautico antes de tomar quaisquer outros medicamentos ou medicamentos n\u00e3o sujeitos a receita m\u00e9dica.<\/p>\n<p><a href=\"https:\/\/www.heartfailurematters.org\/what-your-doctor-can-do\/heart-failure-medicines\/\">Voltar \u00e0 sec\u00e7\u00e3o Medicamentos para a insufici\u00eancia card\u00edaca<\/a><\/p>\n<h2><\/h2>\n","protected":false},"excerpt":{"rendered":"<p>Por que motivo tem de os tomar? \u00c9 importante tomar os medicamentos para garantir que obt\u00e9m os melhores resultados poss\u00edveis com o tratamento. Sugest\u00f5es e ferramentas para se lembrar de os tomar. Ser-lhe-\u00e3o prescritos v\u00e1rios medicamentos para a insufici\u00eancia card\u00edaca, que tem de tomar a diferentes horas do dia. As seguintes sugest\u00f5es e ferramentas poder\u00e3o [&hellip;]<\/p>\n","protected":false},"author":1,"featured_media":10871,"parent":2682,"menu_order":0,"comment_status":"open","ping_status":"open","template":"","meta":{"_acf_changed":false,"footnotes":""},"categories":[],"tags":[],"class_list":["post-1895","page","type-page","status-publish","has-post-thumbnail","hentry"],"acf":[],"yoast_head":"<!-- This site is optimized with the Yoast SEO plugin v24.8.1 - https:\/\/yoast.com\/wordpress\/plugins\/seo\/ -->\n<title>A import\u00e2ncia de tomar os medicamentos<\/title>\n<meta name=\"description\" content=\"\u00c9 importante tomar os seus medicamentos para garantir que obt\u00e9m os melhores resultados poss\u00edveis do tratamento para a insufici\u00eancia card\u00edaca.\" \/>\n<meta name=\"robots\" content=\"index, follow, max-snippet:-1, max-image-preview:large, max-video-preview:-1\" \/>\n<link rel=\"canonical\" href=\"https:\/\/www.heartfailurematters.org\/pt-pt\/o-que-o-seu-medico-ou-enfermeiro-pode-fazer\/a-importancia-de-tomar-os-medicamentos\/\" \/>\n<meta property=\"og:locale\" content=\"pt_PT\" \/>\n<meta property=\"og:type\" content=\"article\" \/>\n<meta property=\"og:title\" content=\"A import\u00e2ncia de tomar os medicamentos\" \/>\n<meta property=\"og:description\" content=\"\u00c9 importante tomar os seus medicamentos para garantir que obt\u00e9m os melhores resultados poss\u00edveis do tratamento para a insufici\u00eancia card\u00edaca.\" \/>\n<meta property=\"og:url\" content=\"https:\/\/www.heartfailurematters.org\/pt-pt\/o-que-o-seu-medico-ou-enfermeiro-pode-fazer\/a-importancia-de-tomar-os-medicamentos\/\" \/>\n<meta property=\"og:site_name\" content=\"Heart Failure Matters\" \/>\n<meta property=\"article:publisher\" content=\"https:\/\/www.facebook.com\/heartfailurematters\" \/>\n<meta property=\"article:modified_time\" content=\"2021-04-14T13:21:53+00:00\" \/>\n<meta property=\"og:image\" content=\"https:\/\/www.heartfailurematters.org\/wp-content\/uploads\/2022\/03\/shutterstock_441673426-1-min.jpg\" \/>\n\t<meta property=\"og:image:width\" content=\"900\" \/>\n\t<meta property=\"og:image:height\" content=\"596\" \/>\n\t<meta property=\"og:image:type\" content=\"image\/jpeg\" \/>\n<meta name=\"twitter:card\" content=\"summary_large_image\" \/>\n<meta name=\"twitter:label1\" content=\"Tempo estimado de leitura\" \/>\n\t<meta name=\"twitter:data1\" content=\"2 minutos\" \/>\n<script type=\"application\/ld+json\" class=\"yoast-schema-graph\">{\"@context\":\"https:\/\/schema.org\",\"@graph\":[{\"@type\":\"WebPage\",\"@id\":\"https:\/\/www.heartfailurematters.org\/pt-pt\/o-que-o-seu-medico-ou-enfermeiro-pode-fazer\/a-importancia-de-tomar-os-medicamentos\/\",\"url\":\"https:\/\/www.heartfailurematters.org\/pt-pt\/o-que-o-seu-medico-ou-enfermeiro-pode-fazer\/a-importancia-de-tomar-os-medicamentos\/\",\"name\":\"A import\u00e2ncia de tomar os medicamentos\",\"isPartOf\":{\"@id\":\"https:\/\/www.heartfailurematters.org\/pt-pt\/#website\"},\"primaryImageOfPage\":{\"@id\":\"https:\/\/www.heartfailurematters.org\/pt-pt\/o-que-o-seu-medico-ou-enfermeiro-pode-fazer\/a-importancia-de-tomar-os-medicamentos\/#primaryimage\"},\"image\":{\"@id\":\"https:\/\/www.heartfailurematters.org\/pt-pt\/o-que-o-seu-medico-ou-enfermeiro-pode-fazer\/a-importancia-de-tomar-os-medicamentos\/#primaryimage\"},\"thumbnailUrl\":\"https:\/\/www.heartfailurematters.org\/wp-content\/uploads\/2022\/03\/shutterstock_441673426-1-min.jpg\",\"datePublished\":\"2021-01-27T22:05:40+00:00\",\"dateModified\":\"2021-04-14T13:21:53+00:00\",\"description\":\"\u00c9 importante tomar os seus medicamentos para garantir que obt\u00e9m os melhores resultados poss\u00edveis do tratamento para a insufici\u00eancia card\u00edaca.\",\"breadcrumb\":{\"@id\":\"https:\/\/www.heartfailurematters.org\/pt-pt\/o-que-o-seu-medico-ou-enfermeiro-pode-fazer\/a-importancia-de-tomar-os-medicamentos\/#breadcrumb\"},\"inLanguage\":\"pt-PT\",\"potentialAction\":[{\"@type\":\"ReadAction\",\"target\":[\"https:\/\/www.heartfailurematters.org\/pt-pt\/o-que-o-seu-medico-ou-enfermeiro-pode-fazer\/a-importancia-de-tomar-os-medicamentos\/\"]}]},{\"@type\":\"ImageObject\",\"inLanguage\":\"pt-PT\",\"@id\":\"https:\/\/www.heartfailurematters.org\/pt-pt\/o-que-o-seu-medico-ou-enfermeiro-pode-fazer\/a-importancia-de-tomar-os-medicamentos\/#primaryimage\",\"url\":\"https:\/\/www.heartfailurematters.org\/wp-content\/uploads\/2022\/03\/shutterstock_441673426-1-min.jpg\",\"contentUrl\":\"https:\/\/www.heartfailurematters.org\/wp-content\/uploads\/2022\/03\/shutterstock_441673426-1-min.jpg\",\"width\":900,\"height\":596},{\"@type\":\"BreadcrumbList\",\"@id\":\"https:\/\/www.heartfailurematters.org\/pt-pt\/o-que-o-seu-medico-ou-enfermeiro-pode-fazer\/a-importancia-de-tomar-os-medicamentos\/#breadcrumb\",\"itemListElement\":[{\"@type\":\"ListItem\",\"position\":1,\"name\":\"P\u00e1gina inicial\",\"item\":\"https:\/\/www.heartfailurematters.org\/pt-pt\/\"},{\"@type\":\"ListItem\",\"position\":2,\"name\":\"O que o seu m\u00e9dico pode fazer\",\"item\":\"https:\/\/www.heartfailurematters.org\/pt-pt\/o-que-o-seu-medico-ou-enfermeiro-pode-fazer\/\"},{\"@type\":\"ListItem\",\"position\":3,\"name\":\"A import\u00e2ncia de tomar os medicamentos\"}]},{\"@type\":\"WebSite\",\"@id\":\"https:\/\/www.heartfailurematters.org\/pt-pt\/#website\",\"url\":\"https:\/\/www.heartfailurematters.org\/pt-pt\/\",\"name\":\"Heart Failure Matters\",\"description\":\"Practical information for patients, families and caregivers.\",\"publisher\":{\"@id\":\"https:\/\/www.heartfailurematters.org\/pt-pt\/#organization\"},\"potentialAction\":[{\"@type\":\"SearchAction\",\"target\":{\"@type\":\"EntryPoint\",\"urlTemplate\":\"https:\/\/www.heartfailurematters.org\/pt-pt\/?s={search_term_string}\"},\"query-input\":{\"@type\":\"PropertyValueSpecification\",\"valueRequired\":true,\"valueName\":\"search_term_string\"}}],\"inLanguage\":\"pt-PT\"},{\"@type\":\"Organization\",\"@id\":\"https:\/\/www.heartfailurematters.org\/pt-pt\/#organization\",\"name\":\"Heart Failure Matters\",\"url\":\"https:\/\/www.heartfailurematters.org\/pt-pt\/\",\"logo\":{\"@type\":\"ImageObject\",\"inLanguage\":\"pt-PT\",\"@id\":\"https:\/\/www.heartfailurematters.org\/pt-pt\/#\/schema\/logo\/image\/\",\"url\":\"https:\/\/cdn-endpoint-hfm.azureedge.net\/heartfailurematters\/2024\/07\/hfm-logo1.jpg\",\"contentUrl\":\"https:\/\/cdn-endpoint-hfm.azureedge.net\/heartfailurematters\/2024\/07\/hfm-logo1.jpg\",\"width\":1280,\"height\":720,\"caption\":\"Heart Failure Matters\"},\"image\":{\"@id\":\"https:\/\/www.heartfailurematters.org\/pt-pt\/#\/schema\/logo\/image\/\"},\"sameAs\":[\"https:\/\/www.facebook.com\/heartfailurematters\"]}]}<\/script>\n<!-- \/ Yoast SEO plugin. -->","yoast_head_json":{"title":"A import\u00e2ncia de tomar os medicamentos","description":"\u00c9 importante tomar os seus medicamentos para garantir que obt\u00e9m os melhores resultados poss\u00edveis do tratamento para a insufici\u00eancia card\u00edaca.","robots":{"index":"index","follow":"follow","max-snippet":"max-snippet:-1","max-image-preview":"max-image-preview:large","max-video-preview":"max-video-preview:-1"},"canonical":"https:\/\/www.heartfailurematters.org\/pt-pt\/o-que-o-seu-medico-ou-enfermeiro-pode-fazer\/a-importancia-de-tomar-os-medicamentos\/","og_locale":"pt_PT","og_type":"article","og_title":"A import\u00e2ncia de tomar os medicamentos","og_description":"\u00c9 importante tomar os seus medicamentos para garantir que obt\u00e9m os melhores resultados poss\u00edveis do tratamento para a insufici\u00eancia card\u00edaca.","og_url":"https:\/\/www.heartfailurematters.org\/pt-pt\/o-que-o-seu-medico-ou-enfermeiro-pode-fazer\/a-importancia-de-tomar-os-medicamentos\/","og_site_name":"Heart Failure Matters","article_publisher":"https:\/\/www.facebook.com\/heartfailurematters","article_modified_time":"2021-04-14T13:21:53+00:00","og_image":[{"width":900,"height":596,"url":"https:\/\/www.heartfailurematters.org\/wp-content\/uploads\/2022\/03\/shutterstock_441673426-1-min.jpg","type":"image\/jpeg"}],"twitter_card":"summary_large_image","twitter_misc":{"Tempo estimado de leitura":"2 minutos"},"schema":{"@context":"https:\/\/schema.org","@graph":[{"@type":"WebPage","@id":"https:\/\/www.heartfailurematters.org\/pt-pt\/o-que-o-seu-medico-ou-enfermeiro-pode-fazer\/a-importancia-de-tomar-os-medicamentos\/","url":"https:\/\/www.heartfailurematters.org\/pt-pt\/o-que-o-seu-medico-ou-enfermeiro-pode-fazer\/a-importancia-de-tomar-os-medicamentos\/","name":"A import\u00e2ncia de tomar os medicamentos","isPartOf":{"@id":"https:\/\/www.heartfailurematters.org\/pt-pt\/#website"},"primaryImageOfPage":{"@id":"https:\/\/www.heartfailurematters.org\/pt-pt\/o-que-o-seu-medico-ou-enfermeiro-pode-fazer\/a-importancia-de-tomar-os-medicamentos\/#primaryimage"},"image":{"@id":"https:\/\/www.heartfailurematters.org\/pt-pt\/o-que-o-seu-medico-ou-enfermeiro-pode-fazer\/a-importancia-de-tomar-os-medicamentos\/#primaryimage"},"thumbnailUrl":"https:\/\/www.heartfailurematters.org\/wp-content\/uploads\/2022\/03\/shutterstock_441673426-1-min.jpg","datePublished":"2021-01-27T22:05:40+00:00","dateModified":"2021-04-14T13:21:53+00:00","description":"\u00c9 importante tomar os seus medicamentos para garantir que obt\u00e9m os melhores resultados poss\u00edveis do tratamento para a insufici\u00eancia card\u00edaca.","breadcrumb":{"@id":"https:\/\/www.heartfailurematters.org\/pt-pt\/o-que-o-seu-medico-ou-enfermeiro-pode-fazer\/a-importancia-de-tomar-os-medicamentos\/#breadcrumb"},"inLanguage":"pt-PT","potentialAction":[{"@type":"ReadAction","target":["https:\/\/www.heartfailurematters.org\/pt-pt\/o-que-o-seu-medico-ou-enfermeiro-pode-fazer\/a-importancia-de-tomar-os-medicamentos\/"]}]},{"@type":"ImageObject","inLanguage":"pt-PT","@id":"https:\/\/www.heartfailurematters.org\/pt-pt\/o-que-o-seu-medico-ou-enfermeiro-pode-fazer\/a-importancia-de-tomar-os-medicamentos\/#primaryimage","url":"https:\/\/www.heartfailurematters.org\/wp-content\/uploads\/2022\/03\/shutterstock_441673426-1-min.jpg","contentUrl":"https:\/\/www.heartfailurematters.org\/wp-content\/uploads\/2022\/03\/shutterstock_441673426-1-min.jpg","width":900,"height":596},{"@type":"BreadcrumbList","@id":"https:\/\/www.heartfailurematters.org\/pt-pt\/o-que-o-seu-medico-ou-enfermeiro-pode-fazer\/a-importancia-de-tomar-os-medicamentos\/#breadcrumb","itemListElement":[{"@type":"ListItem","position":1,"name":"P\u00e1gina inicial","item":"https:\/\/www.heartfailurematters.org\/pt-pt\/"},{"@type":"ListItem","position":2,"name":"O que o seu m\u00e9dico pode fazer","item":"https:\/\/www.heartfailurematters.org\/pt-pt\/o-que-o-seu-medico-ou-enfermeiro-pode-fazer\/"},{"@type":"ListItem","position":3,"name":"A import\u00e2ncia de tomar os medicamentos"}]},{"@type":"WebSite","@id":"https:\/\/www.heartfailurematters.org\/pt-pt\/#website","url":"https:\/\/www.heartfailurematters.org\/pt-pt\/","name":"Heart Failure Matters","description":"Practical information for patients, families and caregivers.","publisher":{"@id":"https:\/\/www.heartfailurematters.org\/pt-pt\/#organization"},"potentialAction":[{"@type":"SearchAction","target":{"@type":"EntryPoint","urlTemplate":"https:\/\/www.heartfailurematters.org\/pt-pt\/?s={search_term_string}"},"query-input":{"@type":"PropertyValueSpecification","valueRequired":true,"valueName":"search_term_string"}}],"inLanguage":"pt-PT"},{"@type":"Organization","@id":"https:\/\/www.heartfailurematters.org\/pt-pt\/#organization","name":"Heart Failure Matters","url":"https:\/\/www.heartfailurematters.org\/pt-pt\/","logo":{"@type":"ImageObject","inLanguage":"pt-PT","@id":"https:\/\/www.heartfailurematters.org\/pt-pt\/#\/schema\/logo\/image\/","url":"https:\/\/cdn-endpoint-hfm.azureedge.net\/heartfailurematters\/2024\/07\/hfm-logo1.jpg","contentUrl":"https:\/\/cdn-endpoint-hfm.azureedge.net\/heartfailurematters\/2024\/07\/hfm-logo1.jpg","width":1280,"height":720,"caption":"Heart Failure Matters"},"image":{"@id":"https:\/\/www.heartfailurematters.org\/pt-pt\/#\/schema\/logo\/image\/"},"sameAs":["https:\/\/www.facebook.com\/heartfailurematters"]}]}},"_links":{"self":[{"href":"https:\/\/www.heartfailurematters.org\/pt-pt\/wp-json\/wp\/v2\/pages\/1895","targetHints":{"allow":["GET"]}}],"collection":[{"href":"https:\/\/www.heartfailurematters.org\/pt-pt\/wp-json\/wp\/v2\/pages"}],"about":[{"href":"https:\/\/www.heartfailurematters.org\/pt-pt\/wp-json\/wp\/v2\/types\/page"}],"author":[{"embeddable":true,"href":"https:\/\/www.heartfailurematters.org\/pt-pt\/wp-json\/wp\/v2\/users\/1"}],"replies":[{"embeddable":true,"href":"https:\/\/www.heartfailurematters.org\/pt-pt\/wp-json\/wp\/v2\/comments?post=1895"}],"version-history":[{"count":1,"href":"https:\/\/www.heartfailurematters.org\/pt-pt\/wp-json\/wp\/v2\/pages\/1895\/revisions"}],"predecessor-version":[{"id":8693,"href":"https:\/\/www.heartfailurematters.org\/pt-pt\/wp-json\/wp\/v2\/pages\/1895\/revisions\/8693"}],"up":[{"embeddable":true,"href":"https:\/\/www.heartfailurematters.org\/pt-pt\/wp-json\/wp\/v2\/pages\/2682"}],"wp:featuredmedia":[{"embeddable":true,"href":"https:\/\/www.heartfailurematters.org\/pt-pt\/wp-json\/wp\/v2\/media\/10871"}],"wp:attachment":[{"href":"https:\/\/www.heartfailurematters.org\/pt-pt\/wp-json\/wp\/v2\/media?parent=1895"}],"wp:term":[{"taxonomy":"category","embeddable":true,"href":"https:\/\/www.heartfailurematters.org\/pt-pt\/wp-json\/wp\/v2\/categories?post=1895"},{"taxonomy":"post_tag","embeddable":true,"href":"https:\/\/www.heartfailurematters.org\/pt-pt\/wp-json\/wp\/v2\/tags?post=1895"}],"curies":[{"name":"wp","href":"https:\/\/api.w.org\/{rel}","templated":true}]}}