{"id":1892,"date":"2021-01-27T22:05:34","date_gmt":"2021-01-27T22:05:34","guid":{"rendered":"http:\/\/heartfailurematters.local:8888\/enxerto-de-bypass-de-arteria-coronaria-cabg\/"},"modified":"2022-01-25T12:36:39","modified_gmt":"2022-01-25T12:36:39","slug":"enxerto-de-bypass-de-arteria-coronaria-cabg","status":"publish","type":"page","link":"https:\/\/www.heartfailurematters.org\/pt-pt\/o-que-o-seu-medico-ou-enfermeiro-pode-fazer\/enxerto-de-bypass-de-arteria-coronaria-cabg\/","title":{"rendered":"Enxerto de bypass de art\u00e9ria coron\u00e1ria (CABG)"},"content":{"rendered":"<h2>Por que motivo \u00e9 realizado?<\/h2>\n<p>Se uma das <a class=\"addtooltip\" title=\"&lt;div id='ToolTipTextWrap'&gt;Art\u00e9rias coron\u00e1rias&lt;\/div&gt;&lt;p&gt;Vasos sangu\u00edneos que fornecem sangue ao m\u00fasculo card\u00edaco.&lt;\/p&gt;\" href=\"#\"><strong>art\u00e9rias coron\u00e1rias<\/strong><\/a> que fornece sangue ao m\u00fasculo card\u00edaco estiver obstru\u00edda por acumula\u00e7\u00e3o de colesterol (<a class=\"addtooltip\" title=\"&lt;div id='ToolTipTextWrap'&gt;Placa&lt;\/div&gt;&lt;p&gt;Acumula\u00e7\u00e3o de colesterol compostos gordos, c\u00e1lcio e subst\u00e2ncias da coagula\u00e7\u00e3o sangu\u00ednea na parede de uma art\u00e9ria.&lt;\/p&gt;\" href=\"#\"><strong>placa<\/strong><\/a>), o sangue n\u00e3o consegue circular corretamente e isto pode causar <a class=\"addtooltip\" title=\"&lt;div id='ToolTipTextWrap'&gt;Angina&lt;\/div&gt;&lt;p&gt;Dor ou mal-estar tor\u00e1cico resultante da redu\u00e7\u00e3o do fornecimento sangu\u00edneo para uma parte do m\u00fasculo card\u00edaco. \u00c9 normalmente causado pela doen\u00e7a das art\u00e9rias coron\u00e1rias.&lt;\/p&gt;\" href=\"#\"><strong>angina<\/strong><\/a> ou um <a class=\"addtooltip\" title=\"&lt;div id='ToolTipTextWrap'&gt;Ataque card\u00edaco&lt;\/div&gt;&lt;p&gt;Les\u00e3o que ocorre no m\u00fasculo card\u00edaco quando uma art\u00e9ria coron\u00e1ria est\u00e1 obstru\u00edda e o fluxo sangu\u00edneo para uma parte do m\u00fasculo \u00e9 drasticamente reduzido ou interrompido.&lt;\/p&gt;\" href=\"#\"><strong>ataque card\u00edaco<\/strong><\/a>. Se isto ocorrer, poder\u00e1 provocar a evolu\u00e7\u00e3o da insufici\u00eancia card\u00edaca. Um <a class=\"addtooltip\" title=\"&lt;div id='ToolTipTextWrap'&gt;enxerto de bypass de art\u00e9ria coron\u00e1ria\u00a0(CABG)&lt;\/div&gt;&lt;p&gt;Procedimento cir\u00fargico que redireciona o fluxo sangu\u00edneo para a \u00e1rea obstru\u00edda da art\u00e9ria coron\u00e1ria. \u00c9 retirado um vaso sangu\u00edneo da perna ou parede tor\u00e1cica e enxertado na art\u00e9ria afetada por cima e por baixo da obstru\u00e7\u00e3o.&lt;\/p&gt;\" href=\"#\">O <strong>bypass coron\u00e1rio<\/strong><\/a>\u00a0redireciona o fornecimento de sangue na \u00e1rea obstru\u00edda da art\u00e9ria para que o coracao funcione corretamente.<\/p>\n<h2>O que implica?<\/h2>\n<p>Durante a cirurgia, ter\u00e1 de estar ligado a uma m\u00e1quina cardiopulmonar que fornece sangue ao c\u00e9rebro e corpo enquanto os cirurgi\u00f5es removem vasos sangu\u00edneos saud\u00e1veis de outra parte do corpo, como da perna ou parede tor\u00e1cica, e fixam cirurgicamente estes enxertos nos vasos obstru\u00eddos, para que o sangue seja desviado para a \u00e1rea obstru\u00edda.<\/p>\n<p>Normalmente, este procedimento demora cerca de 3 horas, mas poder\u00e1 demorar mais tempo consoante a quantidade de enxertos necess\u00e1rios.<\/p>\n<h2>Perguntas para fazer ao m\u00e9dico:<\/h2>\n<ul>\n<li>Quais s\u00e3o os riscos associados a esta cirurgia?<\/li>\n<li>Terei de fazer uma <a class=\"addtooltip\" title=\"Exame que \u00e9 feito atrav\u00e9s da inje\u00e7\u00e3o de um l\u00edquido de contraste, que \u00e9 vis\u00edvel nos raios X, para identificar obstru\u00e7\u00f5es nas art\u00e9rias coron\u00e1rias.\" href=\"#\"><strong>angiografia<\/strong><\/a> antes da cirurgia?<\/li>\n<li>Tenho de seguir alguma alimenta\u00e7\u00e3o especial depois da cirurgia de bypass de art\u00e9ria coron\u00e1ria?<\/li>\n<li>Quanto tempo demora a recupera\u00e7\u00e3o?<\/li>\n<li>Que tipo de cicatriz vai ficar?<\/li>\n<li>Qual o n\u00edvel de atividade f\u00edsica que posso fazer ap\u00f3s a cirurgia?<\/li>\n<li>Quais os medicamentos que tenho de tomar ap\u00f3s a cirurgia?<\/li>\n<\/ul>\n<p><a href=\"https:\/\/www.heartfailurematters.org\/pt-pt\/o-que-o-seu-medico-ou-enfermeiro-pode-fazer\/cirurgia\/\">Voltar \u00e0 sec\u00e7\u00e3o Cirurgia<\/a><\/p>\n","protected":false},"excerpt":{"rendered":"<p>Por que motivo \u00e9 realizado? Se uma das art\u00e9rias coron\u00e1rias que fornece sangue ao m\u00fasculo card\u00edaco estiver obstru\u00edda por acumula\u00e7\u00e3o de colesterol (placa), o sangue n\u00e3o consegue circular corretamente e isto pode causar angina ou um ataque card\u00edaco. Se isto ocorrer, poder\u00e1 provocar a evolu\u00e7\u00e3o da insufici\u00eancia card\u00edaca. Um O bypass coron\u00e1rio\u00a0redireciona o fornecimento de [&hellip;]<\/p>\n","protected":false},"author":1,"featured_media":10936,"parent":2682,"menu_order":0,"comment_status":"open","ping_status":"open","template":"","meta":{"_acf_changed":false,"footnotes":""},"categories":[],"tags":[],"class_list":["post-1892","page","type-page","status-publish","has-post-thumbnail","hentry"],"acf":[],"yoast_head":"<!-- This site is optimized with the Yoast SEO plugin v24.8.1 - https:\/\/yoast.com\/wordpress\/plugins\/seo\/ -->\n<title>Enxerto de bypass de art\u00e9ria coron\u00e1ria (CABG)<\/title>\n<meta name=\"description\" content=\"Enxerto de bypass da art\u00e9ria coron\u00e1ria reorienta o fornecimento de sangue em torno de sec\u00e7\u00f5es de art\u00e9ria bloqueadas para o cora\u00e7\u00e3o poder funcionar normalmente.\" \/>\n<meta name=\"robots\" content=\"index, follow, max-snippet:-1, max-image-preview:large, max-video-preview:-1\" \/>\n<link rel=\"canonical\" href=\"https:\/\/www.heartfailurematters.org\/pt-pt\/o-que-o-seu-medico-ou-enfermeiro-pode-fazer\/enxerto-de-bypass-de-arteria-coronaria-cabg\/\" \/>\n<meta property=\"og:locale\" content=\"pt_PT\" \/>\n<meta property=\"og:type\" content=\"article\" \/>\n<meta property=\"og:title\" content=\"Enxerto de bypass de art\u00e9ria coron\u00e1ria (CABG)\" \/>\n<meta property=\"og:description\" content=\"Enxerto de bypass da art\u00e9ria coron\u00e1ria reorienta o fornecimento de sangue em torno de sec\u00e7\u00f5es de art\u00e9ria bloqueadas para o cora\u00e7\u00e3o poder funcionar normalmente.\" \/>\n<meta property=\"og:url\" content=\"https:\/\/www.heartfailurematters.org\/pt-pt\/o-que-o-seu-medico-ou-enfermeiro-pode-fazer\/enxerto-de-bypass-de-arteria-coronaria-cabg\/\" \/>\n<meta property=\"og:site_name\" content=\"Heart Failure Matters\" \/>\n<meta property=\"article:publisher\" content=\"https:\/\/www.facebook.com\/heartfailurematters\" \/>\n<meta property=\"article:modified_time\" content=\"2022-01-25T12:36:39+00:00\" \/>\n<meta property=\"og:image\" content=\"https:\/\/www.heartfailurematters.org\/wp-content\/uploads\/2022\/03\/shutterstock_2073525971-1-min.jpg\" \/>\n\t<meta property=\"og:image:width\" content=\"900\" \/>\n\t<meta property=\"og:image:height\" content=\"559\" \/>\n\t<meta property=\"og:image:type\" content=\"image\/jpeg\" \/>\n<meta name=\"twitter:card\" content=\"summary_large_image\" \/>\n<meta name=\"twitter:label1\" content=\"Tempo estimado de leitura\" \/>\n\t<meta name=\"twitter:data1\" content=\"1 minuto\" \/>\n<script type=\"application\/ld+json\" class=\"yoast-schema-graph\">{\"@context\":\"https:\/\/schema.org\",\"@graph\":[{\"@type\":\"WebPage\",\"@id\":\"https:\/\/www.heartfailurematters.org\/pt-pt\/o-que-o-seu-medico-ou-enfermeiro-pode-fazer\/enxerto-de-bypass-de-arteria-coronaria-cabg\/\",\"url\":\"https:\/\/www.heartfailurematters.org\/pt-pt\/o-que-o-seu-medico-ou-enfermeiro-pode-fazer\/enxerto-de-bypass-de-arteria-coronaria-cabg\/\",\"name\":\"Enxerto de bypass de art\u00e9ria coron\u00e1ria (CABG)\",\"isPartOf\":{\"@id\":\"https:\/\/www.heartfailurematters.org\/pt-pt\/#website\"},\"primaryImageOfPage\":{\"@id\":\"https:\/\/www.heartfailurematters.org\/pt-pt\/o-que-o-seu-medico-ou-enfermeiro-pode-fazer\/enxerto-de-bypass-de-arteria-coronaria-cabg\/#primaryimage\"},\"image\":{\"@id\":\"https:\/\/www.heartfailurematters.org\/pt-pt\/o-que-o-seu-medico-ou-enfermeiro-pode-fazer\/enxerto-de-bypass-de-arteria-coronaria-cabg\/#primaryimage\"},\"thumbnailUrl\":\"https:\/\/www.heartfailurematters.org\/wp-content\/uploads\/2022\/03\/shutterstock_2073525971-1-min.jpg\",\"datePublished\":\"2021-01-27T22:05:34+00:00\",\"dateModified\":\"2022-01-25T12:36:39+00:00\",\"description\":\"Enxerto de bypass da art\u00e9ria coron\u00e1ria reorienta o fornecimento de sangue em torno de sec\u00e7\u00f5es de art\u00e9ria bloqueadas para o cora\u00e7\u00e3o poder funcionar normalmente.\",\"breadcrumb\":{\"@id\":\"https:\/\/www.heartfailurematters.org\/pt-pt\/o-que-o-seu-medico-ou-enfermeiro-pode-fazer\/enxerto-de-bypass-de-arteria-coronaria-cabg\/#breadcrumb\"},\"inLanguage\":\"pt-PT\",\"potentialAction\":[{\"@type\":\"ReadAction\",\"target\":[\"https:\/\/www.heartfailurematters.org\/pt-pt\/o-que-o-seu-medico-ou-enfermeiro-pode-fazer\/enxerto-de-bypass-de-arteria-coronaria-cabg\/\"]}]},{\"@type\":\"ImageObject\",\"inLanguage\":\"pt-PT\",\"@id\":\"https:\/\/www.heartfailurematters.org\/pt-pt\/o-que-o-seu-medico-ou-enfermeiro-pode-fazer\/enxerto-de-bypass-de-arteria-coronaria-cabg\/#primaryimage\",\"url\":\"https:\/\/www.heartfailurematters.org\/wp-content\/uploads\/2022\/03\/shutterstock_2073525971-1-min.jpg\",\"contentUrl\":\"https:\/\/www.heartfailurematters.org\/wp-content\/uploads\/2022\/03\/shutterstock_2073525971-1-min.jpg\",\"width\":900,\"height\":559},{\"@type\":\"BreadcrumbList\",\"@id\":\"https:\/\/www.heartfailurematters.org\/pt-pt\/o-que-o-seu-medico-ou-enfermeiro-pode-fazer\/enxerto-de-bypass-de-arteria-coronaria-cabg\/#breadcrumb\",\"itemListElement\":[{\"@type\":\"ListItem\",\"position\":1,\"name\":\"P\u00e1gina inicial\",\"item\":\"https:\/\/www.heartfailurematters.org\/pt-pt\/\"},{\"@type\":\"ListItem\",\"position\":2,\"name\":\"O que o seu m\u00e9dico pode fazer\",\"item\":\"https:\/\/www.heartfailurematters.org\/pt-pt\/o-que-o-seu-medico-ou-enfermeiro-pode-fazer\/\"},{\"@type\":\"ListItem\",\"position\":3,\"name\":\"Enxerto de bypass de art\u00e9ria coron\u00e1ria (CABG)\"}]},{\"@type\":\"WebSite\",\"@id\":\"https:\/\/www.heartfailurematters.org\/pt-pt\/#website\",\"url\":\"https:\/\/www.heartfailurematters.org\/pt-pt\/\",\"name\":\"Heart Failure Matters\",\"description\":\"Practical information for patients, families and caregivers.\",\"publisher\":{\"@id\":\"https:\/\/www.heartfailurematters.org\/pt-pt\/#organization\"},\"potentialAction\":[{\"@type\":\"SearchAction\",\"target\":{\"@type\":\"EntryPoint\",\"urlTemplate\":\"https:\/\/www.heartfailurematters.org\/pt-pt\/?s={search_term_string}\"},\"query-input\":{\"@type\":\"PropertyValueSpecification\",\"valueRequired\":true,\"valueName\":\"search_term_string\"}}],\"inLanguage\":\"pt-PT\"},{\"@type\":\"Organization\",\"@id\":\"https:\/\/www.heartfailurematters.org\/pt-pt\/#organization\",\"name\":\"Heart Failure Matters\",\"url\":\"https:\/\/www.heartfailurematters.org\/pt-pt\/\",\"logo\":{\"@type\":\"ImageObject\",\"inLanguage\":\"pt-PT\",\"@id\":\"https:\/\/www.heartfailurematters.org\/pt-pt\/#\/schema\/logo\/image\/\",\"url\":\"https:\/\/cdn-endpoint-hfm.azureedge.net\/heartfailurematters\/2024\/07\/hfm-logo1.jpg\",\"contentUrl\":\"https:\/\/cdn-endpoint-hfm.azureedge.net\/heartfailurematters\/2024\/07\/hfm-logo1.jpg\",\"width\":1280,\"height\":720,\"caption\":\"Heart Failure Matters\"},\"image\":{\"@id\":\"https:\/\/www.heartfailurematters.org\/pt-pt\/#\/schema\/logo\/image\/\"},\"sameAs\":[\"https:\/\/www.facebook.com\/heartfailurematters\"]}]}<\/script>\n<!-- \/ Yoast SEO plugin. -->","yoast_head_json":{"title":"Enxerto de bypass de art\u00e9ria coron\u00e1ria (CABG)","description":"Enxerto de bypass da art\u00e9ria coron\u00e1ria reorienta o fornecimento de sangue em torno de sec\u00e7\u00f5es de art\u00e9ria bloqueadas para o cora\u00e7\u00e3o poder funcionar normalmente.","robots":{"index":"index","follow":"follow","max-snippet":"max-snippet:-1","max-image-preview":"max-image-preview:large","max-video-preview":"max-video-preview:-1"},"canonical":"https:\/\/www.heartfailurematters.org\/pt-pt\/o-que-o-seu-medico-ou-enfermeiro-pode-fazer\/enxerto-de-bypass-de-arteria-coronaria-cabg\/","og_locale":"pt_PT","og_type":"article","og_title":"Enxerto de bypass de art\u00e9ria coron\u00e1ria (CABG)","og_description":"Enxerto de bypass da art\u00e9ria coron\u00e1ria reorienta o fornecimento de sangue em torno de sec\u00e7\u00f5es de art\u00e9ria bloqueadas para o cora\u00e7\u00e3o poder funcionar normalmente.","og_url":"https:\/\/www.heartfailurematters.org\/pt-pt\/o-que-o-seu-medico-ou-enfermeiro-pode-fazer\/enxerto-de-bypass-de-arteria-coronaria-cabg\/","og_site_name":"Heart Failure Matters","article_publisher":"https:\/\/www.facebook.com\/heartfailurematters","article_modified_time":"2022-01-25T12:36:39+00:00","og_image":[{"width":900,"height":559,"url":"https:\/\/www.heartfailurematters.org\/wp-content\/uploads\/2022\/03\/shutterstock_2073525971-1-min.jpg","type":"image\/jpeg"}],"twitter_card":"summary_large_image","twitter_misc":{"Tempo estimado de leitura":"1 minuto"},"schema":{"@context":"https:\/\/schema.org","@graph":[{"@type":"WebPage","@id":"https:\/\/www.heartfailurematters.org\/pt-pt\/o-que-o-seu-medico-ou-enfermeiro-pode-fazer\/enxerto-de-bypass-de-arteria-coronaria-cabg\/","url":"https:\/\/www.heartfailurematters.org\/pt-pt\/o-que-o-seu-medico-ou-enfermeiro-pode-fazer\/enxerto-de-bypass-de-arteria-coronaria-cabg\/","name":"Enxerto de bypass de art\u00e9ria coron\u00e1ria (CABG)","isPartOf":{"@id":"https:\/\/www.heartfailurematters.org\/pt-pt\/#website"},"primaryImageOfPage":{"@id":"https:\/\/www.heartfailurematters.org\/pt-pt\/o-que-o-seu-medico-ou-enfermeiro-pode-fazer\/enxerto-de-bypass-de-arteria-coronaria-cabg\/#primaryimage"},"image":{"@id":"https:\/\/www.heartfailurematters.org\/pt-pt\/o-que-o-seu-medico-ou-enfermeiro-pode-fazer\/enxerto-de-bypass-de-arteria-coronaria-cabg\/#primaryimage"},"thumbnailUrl":"https:\/\/www.heartfailurematters.org\/wp-content\/uploads\/2022\/03\/shutterstock_2073525971-1-min.jpg","datePublished":"2021-01-27T22:05:34+00:00","dateModified":"2022-01-25T12:36:39+00:00","description":"Enxerto de bypass da art\u00e9ria coron\u00e1ria reorienta o fornecimento de sangue em torno de sec\u00e7\u00f5es de art\u00e9ria bloqueadas para o cora\u00e7\u00e3o poder funcionar normalmente.","breadcrumb":{"@id":"https:\/\/www.heartfailurematters.org\/pt-pt\/o-que-o-seu-medico-ou-enfermeiro-pode-fazer\/enxerto-de-bypass-de-arteria-coronaria-cabg\/#breadcrumb"},"inLanguage":"pt-PT","potentialAction":[{"@type":"ReadAction","target":["https:\/\/www.heartfailurematters.org\/pt-pt\/o-que-o-seu-medico-ou-enfermeiro-pode-fazer\/enxerto-de-bypass-de-arteria-coronaria-cabg\/"]}]},{"@type":"ImageObject","inLanguage":"pt-PT","@id":"https:\/\/www.heartfailurematters.org\/pt-pt\/o-que-o-seu-medico-ou-enfermeiro-pode-fazer\/enxerto-de-bypass-de-arteria-coronaria-cabg\/#primaryimage","url":"https:\/\/www.heartfailurematters.org\/wp-content\/uploads\/2022\/03\/shutterstock_2073525971-1-min.jpg","contentUrl":"https:\/\/www.heartfailurematters.org\/wp-content\/uploads\/2022\/03\/shutterstock_2073525971-1-min.jpg","width":900,"height":559},{"@type":"BreadcrumbList","@id":"https:\/\/www.heartfailurematters.org\/pt-pt\/o-que-o-seu-medico-ou-enfermeiro-pode-fazer\/enxerto-de-bypass-de-arteria-coronaria-cabg\/#breadcrumb","itemListElement":[{"@type":"ListItem","position":1,"name":"P\u00e1gina inicial","item":"https:\/\/www.heartfailurematters.org\/pt-pt\/"},{"@type":"ListItem","position":2,"name":"O que o seu m\u00e9dico pode fazer","item":"https:\/\/www.heartfailurematters.org\/pt-pt\/o-que-o-seu-medico-ou-enfermeiro-pode-fazer\/"},{"@type":"ListItem","position":3,"name":"Enxerto de bypass de art\u00e9ria coron\u00e1ria (CABG)"}]},{"@type":"WebSite","@id":"https:\/\/www.heartfailurematters.org\/pt-pt\/#website","url":"https:\/\/www.heartfailurematters.org\/pt-pt\/","name":"Heart Failure Matters","description":"Practical information for patients, families and caregivers.","publisher":{"@id":"https:\/\/www.heartfailurematters.org\/pt-pt\/#organization"},"potentialAction":[{"@type":"SearchAction","target":{"@type":"EntryPoint","urlTemplate":"https:\/\/www.heartfailurematters.org\/pt-pt\/?s={search_term_string}"},"query-input":{"@type":"PropertyValueSpecification","valueRequired":true,"valueName":"search_term_string"}}],"inLanguage":"pt-PT"},{"@type":"Organization","@id":"https:\/\/www.heartfailurematters.org\/pt-pt\/#organization","name":"Heart Failure Matters","url":"https:\/\/www.heartfailurematters.org\/pt-pt\/","logo":{"@type":"ImageObject","inLanguage":"pt-PT","@id":"https:\/\/www.heartfailurematters.org\/pt-pt\/#\/schema\/logo\/image\/","url":"https:\/\/cdn-endpoint-hfm.azureedge.net\/heartfailurematters\/2024\/07\/hfm-logo1.jpg","contentUrl":"https:\/\/cdn-endpoint-hfm.azureedge.net\/heartfailurematters\/2024\/07\/hfm-logo1.jpg","width":1280,"height":720,"caption":"Heart Failure Matters"},"image":{"@id":"https:\/\/www.heartfailurematters.org\/pt-pt\/#\/schema\/logo\/image\/"},"sameAs":["https:\/\/www.facebook.com\/heartfailurematters"]}]}},"_links":{"self":[{"href":"https:\/\/www.heartfailurematters.org\/pt-pt\/wp-json\/wp\/v2\/pages\/1892","targetHints":{"allow":["GET"]}}],"collection":[{"href":"https:\/\/www.heartfailurematters.org\/pt-pt\/wp-json\/wp\/v2\/pages"}],"about":[{"href":"https:\/\/www.heartfailurematters.org\/pt-pt\/wp-json\/wp\/v2\/types\/page"}],"author":[{"embeddable":true,"href":"https:\/\/www.heartfailurematters.org\/pt-pt\/wp-json\/wp\/v2\/users\/1"}],"replies":[{"embeddable":true,"href":"https:\/\/www.heartfailurematters.org\/pt-pt\/wp-json\/wp\/v2\/comments?post=1892"}],"version-history":[{"count":1,"href":"https:\/\/www.heartfailurematters.org\/pt-pt\/wp-json\/wp\/v2\/pages\/1892\/revisions"}],"predecessor-version":[{"id":10420,"href":"https:\/\/www.heartfailurematters.org\/pt-pt\/wp-json\/wp\/v2\/pages\/1892\/revisions\/10420"}],"up":[{"embeddable":true,"href":"https:\/\/www.heartfailurematters.org\/pt-pt\/wp-json\/wp\/v2\/pages\/2682"}],"wp:featuredmedia":[{"embeddable":true,"href":"https:\/\/www.heartfailurematters.org\/pt-pt\/wp-json\/wp\/v2\/media\/10936"}],"wp:attachment":[{"href":"https:\/\/www.heartfailurematters.org\/pt-pt\/wp-json\/wp\/v2\/media?parent=1892"}],"wp:term":[{"taxonomy":"category","embeddable":true,"href":"https:\/\/www.heartfailurematters.org\/pt-pt\/wp-json\/wp\/v2\/categories?post=1892"},{"taxonomy":"post_tag","embeddable":true,"href":"https:\/\/www.heartfailurematters.org\/pt-pt\/wp-json\/wp\/v2\/tags?post=1892"}],"curies":[{"name":"wp","href":"https:\/\/api.w.org\/{rel}","templated":true}]}}