{"id":1888,"date":"2021-01-27T22:05:34","date_gmt":"2021-01-27T22:05:34","guid":{"rendered":"http:\/\/heartfailurematters.local:8888\/sobre-a-minha-insuficiencia-cardiaca\/"},"modified":"2022-01-25T12:14:51","modified_gmt":"2022-01-25T12:14:51","slug":"sobre-a-minha-insuficiencia-cardiaca","status":"publish","type":"page","link":"https:\/\/www.heartfailurematters.org\/pt-pt\/perguntas-a-fazer-ao-seu-medico\/sobre-a-minha-insuficiencia-cardiaca\/","title":{"rendered":"Sobre a minha insufici\u00eancia card\u00edaca"},"content":{"rendered":"<p>Para obter informa\u00e7\u00f5es gerais sobre a insufici\u00eancia card\u00edaca, visite a sec\u00e7\u00e3o <a title=\"\" href=\"\/pt-pt\/o-que-e-a-insuficiencia-cardiaca\/introducao\/\">Compreender\u00a0a insufici\u00eancia card\u00edaca<\/a>\u00a0deste website. No entanto, se pretender obter informa\u00e7\u00f5es espec\u00edficas sobre o seu caso de insufici\u00eancia card\u00edaca, as perguntas abaixo poder\u00e3o ajud\u00e1-lo a conversar com o seu m\u00e9dico ou enfermeiro.<\/p>\n<p><strong>Qual \u00e9 a causa da minha insufici\u00eancia card\u00edaca? <\/strong><\/p>\n<p>Existem v\u00e1rias causas de insufici\u00eancia card\u00edaca, pelo que poder\u00e1 considerar \u00fatil perguntar ao seu m\u00e9dico o que poder\u00e1 ter provocado a sua insufici\u00eancia card\u00edaca. N\u00e3o tenha medo de fazer muitas perguntas, porque \u00e9 importante que compreenda completamente a causa da sua insufici\u00eancia card\u00edaca. O seu m\u00e9dico poder\u00e1 tamb\u00e9m dizer-lhe se existe algum tratamento para a causa da sua insufici\u00eancia card\u00edaca.<\/p>\n<p><strong>A insufici\u00eancia card\u00edaca vai afetar os meus outros problemas de sa\u00fade? <\/strong><\/p>\n<p>Muitas pessoas com insufici\u00eancia card\u00edaca tamb\u00e9m t\u00eam outras doen\u00e7as. \u00c9 importante gerir as outras doen\u00e7as de forma eficaz. Caso contr\u00e1rio, poder\u00e3o agravar a insufici\u00eancia card\u00edaca. O seu m\u00e9dico ou enfermeiro poder\u00e1 falar consigo sobre os seus problemas de sa\u00fade e recomendar formas para os gerir da melhor maneira poss\u00edvel.<\/p>\n<p><strong>A insufici\u00eancia card\u00edaca pode afetar a minha esperan\u00e7a de vida? <\/strong><\/p>\n<p>A insufici\u00eancia card\u00edaca \u00e9 uma doen\u00e7a grave e cr\u00f3nica que poder\u00e1 agravar-se gradualmente com o passar do tempo. Poder\u00e1 vir a reduzir a sua esperan\u00e7a de vida. O progresso da insufici\u00eancia card\u00edaca \u00e9 imprevis\u00edvel e diferente em cada pessoa. Em muitos casos, os sintomas permanecem est\u00e1veis durante muito tempo (meses ou anos) sem progredir. Um estilo de vida adaptado e um tratamento com medicamentos e dispositivos poder\u00e3o, frequentemente, estabilizar os sintomas e prolongar a sobreviv\u00eancia. A sua equipa de cuidados de sa\u00fade trabalhar\u00e1 consigo para gerir a insufici\u00eancia card\u00edaca, bem como aliviar os sintomas, melhorar o progn\u00f3stico e prolongar a vida. \u00c9 poss\u00edvel viver uma vida boa com insufici\u00eancia card\u00edaca colaborando com o seu m\u00e9dico e enfermeiro e realizando a autogest\u00e3o de forma eficaz.<\/p>\n<p><strong>Qual \u00e9 o tratamento de que preciso? <\/strong><\/p>\n<p>Depois de o seu m\u00e9dico explicar a causa da sua insufici\u00eancia card\u00edaca, recomendar\u00e1 um tratamento adequado. Isto poder\u00e1 implicar adapta\u00e7\u00f5es no seu estilo de vida, medicamentos, a utiliza\u00e7\u00e3o de um dispositivo ou a realiza\u00e7\u00e3o de uma cirurgia. O seu m\u00e9dico poder\u00e1 recomendar a realiza\u00e7\u00e3o de exames adicionais para avaliar a extens\u00e3o da insufici\u00eancia card\u00edaca antes de decidir qual ser\u00e1 o melhor tratamento.<\/p>\n<p><strong>Sinto-me melhor com a medica\u00e7\u00e3o. Mas como sei se necessito de cirurgia ou de um dispositivo? <\/strong><\/p>\n<p>Saber se necessita de cirurgia ou de um dispositivo depende da natureza, causa e gravidade dos seus sintomas. Normalmente, os sintomas em conjunto com os resultados do ECG e da ecocardiografia (ecografia) indicar\u00e3o a necessidade ou n\u00e3o de um dispositivo. O seu cardiologista ir\u00e1 inform\u00e1-lo se \u00e9 necess\u00e1rio realizar uma cirurgia ou utilizar um dispositivo e falar sobre quaisquer exames adicionais que possam ser necess\u00e1rios.<\/p>\n","protected":false},"excerpt":{"rendered":"<p>Para obter informa\u00e7\u00f5es gerais sobre a insufici\u00eancia card\u00edaca, visite a sec\u00e7\u00e3o Compreender\u00a0a insufici\u00eancia card\u00edaca\u00a0deste website. No entanto, se pretender obter informa\u00e7\u00f5es espec\u00edficas sobre o seu caso de insufici\u00eancia card\u00edaca, as perguntas abaixo poder\u00e3o ajud\u00e1-lo a conversar com o seu m\u00e9dico ou enfermeiro. Qual \u00e9 a causa da minha insufici\u00eancia card\u00edaca? Existem v\u00e1rias causas de insufici\u00eancia [&hellip;]<\/p>\n","protected":false},"author":1,"featured_media":0,"parent":2764,"menu_order":0,"comment_status":"open","ping_status":"open","template":"","meta":{"_acf_changed":false,"footnotes":""},"categories":[],"tags":[],"class_list":["post-1888","page","type-page","status-publish","hentry"],"acf":[],"yoast_head":"<!-- This site is optimized with the Yoast SEO plugin v24.8.1 - https:\/\/yoast.com\/wordpress\/plugins\/seo\/ -->\n<title>Sobre a minha insufici\u00eancia card\u00edaca<\/title>\n<meta name=\"description\" content=\"Se pretender mais informa\u00e7\u00f5es especificamente sobre a sua insuf. card\u00edaca, as perguntas abaixo podem ajud\u00e1-lo a debater este assunto com o m\u00e9dico ou enfermeiro.\" \/>\n<meta name=\"robots\" content=\"index, follow, max-snippet:-1, max-image-preview:large, max-video-preview:-1\" \/>\n<link rel=\"canonical\" href=\"https:\/\/www.heartfailurematters.org\/pt-pt\/perguntas-a-fazer-ao-seu-medico\/sobre-a-minha-insuficiencia-cardiaca\/\" \/>\n<meta property=\"og:locale\" content=\"pt_PT\" \/>\n<meta property=\"og:type\" content=\"article\" \/>\n<meta property=\"og:title\" content=\"Sobre a minha insufici\u00eancia card\u00edaca\" \/>\n<meta property=\"og:description\" content=\"Se pretender mais informa\u00e7\u00f5es especificamente sobre a sua insuf. card\u00edaca, as perguntas abaixo podem ajud\u00e1-lo a debater este assunto com o m\u00e9dico ou enfermeiro.\" \/>\n<meta property=\"og:url\" content=\"https:\/\/www.heartfailurematters.org\/pt-pt\/perguntas-a-fazer-ao-seu-medico\/sobre-a-minha-insuficiencia-cardiaca\/\" \/>\n<meta property=\"og:site_name\" content=\"Heart Failure Matters\" \/>\n<meta property=\"article:publisher\" content=\"https:\/\/www.facebook.com\/heartfailurematters\" \/>\n<meta property=\"article:modified_time\" content=\"2022-01-25T12:14:51+00:00\" \/>\n<meta name=\"twitter:card\" content=\"summary_large_image\" \/>\n<meta name=\"twitter:label1\" content=\"Tempo estimado de leitura\" \/>\n\t<meta name=\"twitter:data1\" content=\"2 minutos\" \/>\n<script type=\"application\/ld+json\" class=\"yoast-schema-graph\">{\"@context\":\"https:\/\/schema.org\",\"@graph\":[{\"@type\":\"WebPage\",\"@id\":\"https:\/\/www.heartfailurematters.org\/pt-pt\/perguntas-a-fazer-ao-seu-medico\/sobre-a-minha-insuficiencia-cardiaca\/\",\"url\":\"https:\/\/www.heartfailurematters.org\/pt-pt\/perguntas-a-fazer-ao-seu-medico\/sobre-a-minha-insuficiencia-cardiaca\/\",\"name\":\"Sobre a minha insufici\u00eancia card\u00edaca\",\"isPartOf\":{\"@id\":\"https:\/\/www.heartfailurematters.org\/pt-pt\/#website\"},\"datePublished\":\"2021-01-27T22:05:34+00:00\",\"dateModified\":\"2022-01-25T12:14:51+00:00\",\"description\":\"Se pretender mais informa\u00e7\u00f5es especificamente sobre a sua insuf. card\u00edaca, as perguntas abaixo podem ajud\u00e1-lo a debater este assunto com o m\u00e9dico ou enfermeiro.\",\"breadcrumb\":{\"@id\":\"https:\/\/www.heartfailurematters.org\/pt-pt\/perguntas-a-fazer-ao-seu-medico\/sobre-a-minha-insuficiencia-cardiaca\/#breadcrumb\"},\"inLanguage\":\"pt-PT\",\"potentialAction\":[{\"@type\":\"ReadAction\",\"target\":[\"https:\/\/www.heartfailurematters.org\/pt-pt\/perguntas-a-fazer-ao-seu-medico\/sobre-a-minha-insuficiencia-cardiaca\/\"]}]},{\"@type\":\"BreadcrumbList\",\"@id\":\"https:\/\/www.heartfailurematters.org\/pt-pt\/perguntas-a-fazer-ao-seu-medico\/sobre-a-minha-insuficiencia-cardiaca\/#breadcrumb\",\"itemListElement\":[{\"@type\":\"ListItem\",\"position\":1,\"name\":\"P\u00e1gina inicial\",\"item\":\"https:\/\/www.heartfailurematters.org\/pt-pt\/\"},{\"@type\":\"ListItem\",\"position\":2,\"name\":\"Pergunte ao seu m\u00e9dico\",\"item\":\"https:\/\/www.heartfailurematters.org\/pt-pt\/perguntas-a-fazer-ao-seu-medico\/\"},{\"@type\":\"ListItem\",\"position\":3,\"name\":\"Sobre a minha insufici\u00eancia card\u00edaca\"}]},{\"@type\":\"WebSite\",\"@id\":\"https:\/\/www.heartfailurematters.org\/pt-pt\/#website\",\"url\":\"https:\/\/www.heartfailurematters.org\/pt-pt\/\",\"name\":\"Heart Failure Matters\",\"description\":\"Practical information for patients, families and caregivers.\",\"publisher\":{\"@id\":\"https:\/\/www.heartfailurematters.org\/pt-pt\/#organization\"},\"potentialAction\":[{\"@type\":\"SearchAction\",\"target\":{\"@type\":\"EntryPoint\",\"urlTemplate\":\"https:\/\/www.heartfailurematters.org\/pt-pt\/?s={search_term_string}\"},\"query-input\":{\"@type\":\"PropertyValueSpecification\",\"valueRequired\":true,\"valueName\":\"search_term_string\"}}],\"inLanguage\":\"pt-PT\"},{\"@type\":\"Organization\",\"@id\":\"https:\/\/www.heartfailurematters.org\/pt-pt\/#organization\",\"name\":\"Heart Failure Matters\",\"url\":\"https:\/\/www.heartfailurematters.org\/pt-pt\/\",\"logo\":{\"@type\":\"ImageObject\",\"inLanguage\":\"pt-PT\",\"@id\":\"https:\/\/www.heartfailurematters.org\/pt-pt\/#\/schema\/logo\/image\/\",\"url\":\"https:\/\/cdn-endpoint-hfm.azureedge.net\/heartfailurematters\/2024\/07\/hfm-logo1.jpg\",\"contentUrl\":\"https:\/\/cdn-endpoint-hfm.azureedge.net\/heartfailurematters\/2024\/07\/hfm-logo1.jpg\",\"width\":1280,\"height\":720,\"caption\":\"Heart Failure Matters\"},\"image\":{\"@id\":\"https:\/\/www.heartfailurematters.org\/pt-pt\/#\/schema\/logo\/image\/\"},\"sameAs\":[\"https:\/\/www.facebook.com\/heartfailurematters\"]}]}<\/script>\n<!-- \/ Yoast SEO plugin. -->","yoast_head_json":{"title":"Sobre a minha insufici\u00eancia card\u00edaca","description":"Se pretender mais informa\u00e7\u00f5es especificamente sobre a sua insuf. card\u00edaca, as perguntas abaixo podem ajud\u00e1-lo a debater este assunto com o m\u00e9dico ou enfermeiro.","robots":{"index":"index","follow":"follow","max-snippet":"max-snippet:-1","max-image-preview":"max-image-preview:large","max-video-preview":"max-video-preview:-1"},"canonical":"https:\/\/www.heartfailurematters.org\/pt-pt\/perguntas-a-fazer-ao-seu-medico\/sobre-a-minha-insuficiencia-cardiaca\/","og_locale":"pt_PT","og_type":"article","og_title":"Sobre a minha insufici\u00eancia card\u00edaca","og_description":"Se pretender mais informa\u00e7\u00f5es especificamente sobre a sua insuf. card\u00edaca, as perguntas abaixo podem ajud\u00e1-lo a debater este assunto com o m\u00e9dico ou enfermeiro.","og_url":"https:\/\/www.heartfailurematters.org\/pt-pt\/perguntas-a-fazer-ao-seu-medico\/sobre-a-minha-insuficiencia-cardiaca\/","og_site_name":"Heart Failure Matters","article_publisher":"https:\/\/www.facebook.com\/heartfailurematters","article_modified_time":"2022-01-25T12:14:51+00:00","twitter_card":"summary_large_image","twitter_misc":{"Tempo estimado de leitura":"2 minutos"},"schema":{"@context":"https:\/\/schema.org","@graph":[{"@type":"WebPage","@id":"https:\/\/www.heartfailurematters.org\/pt-pt\/perguntas-a-fazer-ao-seu-medico\/sobre-a-minha-insuficiencia-cardiaca\/","url":"https:\/\/www.heartfailurematters.org\/pt-pt\/perguntas-a-fazer-ao-seu-medico\/sobre-a-minha-insuficiencia-cardiaca\/","name":"Sobre a minha insufici\u00eancia card\u00edaca","isPartOf":{"@id":"https:\/\/www.heartfailurematters.org\/pt-pt\/#website"},"datePublished":"2021-01-27T22:05:34+00:00","dateModified":"2022-01-25T12:14:51+00:00","description":"Se pretender mais informa\u00e7\u00f5es especificamente sobre a sua insuf. card\u00edaca, as perguntas abaixo podem ajud\u00e1-lo a debater este assunto com o m\u00e9dico ou enfermeiro.","breadcrumb":{"@id":"https:\/\/www.heartfailurematters.org\/pt-pt\/perguntas-a-fazer-ao-seu-medico\/sobre-a-minha-insuficiencia-cardiaca\/#breadcrumb"},"inLanguage":"pt-PT","potentialAction":[{"@type":"ReadAction","target":["https:\/\/www.heartfailurematters.org\/pt-pt\/perguntas-a-fazer-ao-seu-medico\/sobre-a-minha-insuficiencia-cardiaca\/"]}]},{"@type":"BreadcrumbList","@id":"https:\/\/www.heartfailurematters.org\/pt-pt\/perguntas-a-fazer-ao-seu-medico\/sobre-a-minha-insuficiencia-cardiaca\/#breadcrumb","itemListElement":[{"@type":"ListItem","position":1,"name":"P\u00e1gina inicial","item":"https:\/\/www.heartfailurematters.org\/pt-pt\/"},{"@type":"ListItem","position":2,"name":"Pergunte ao seu m\u00e9dico","item":"https:\/\/www.heartfailurematters.org\/pt-pt\/perguntas-a-fazer-ao-seu-medico\/"},{"@type":"ListItem","position":3,"name":"Sobre a minha insufici\u00eancia card\u00edaca"}]},{"@type":"WebSite","@id":"https:\/\/www.heartfailurematters.org\/pt-pt\/#website","url":"https:\/\/www.heartfailurematters.org\/pt-pt\/","name":"Heart Failure Matters","description":"Practical information for patients, families and caregivers.","publisher":{"@id":"https:\/\/www.heartfailurematters.org\/pt-pt\/#organization"},"potentialAction":[{"@type":"SearchAction","target":{"@type":"EntryPoint","urlTemplate":"https:\/\/www.heartfailurematters.org\/pt-pt\/?s={search_term_string}"},"query-input":{"@type":"PropertyValueSpecification","valueRequired":true,"valueName":"search_term_string"}}],"inLanguage":"pt-PT"},{"@type":"Organization","@id":"https:\/\/www.heartfailurematters.org\/pt-pt\/#organization","name":"Heart Failure Matters","url":"https:\/\/www.heartfailurematters.org\/pt-pt\/","logo":{"@type":"ImageObject","inLanguage":"pt-PT","@id":"https:\/\/www.heartfailurematters.org\/pt-pt\/#\/schema\/logo\/image\/","url":"https:\/\/cdn-endpoint-hfm.azureedge.net\/heartfailurematters\/2024\/07\/hfm-logo1.jpg","contentUrl":"https:\/\/cdn-endpoint-hfm.azureedge.net\/heartfailurematters\/2024\/07\/hfm-logo1.jpg","width":1280,"height":720,"caption":"Heart Failure Matters"},"image":{"@id":"https:\/\/www.heartfailurematters.org\/pt-pt\/#\/schema\/logo\/image\/"},"sameAs":["https:\/\/www.facebook.com\/heartfailurematters"]}]}},"_links":{"self":[{"href":"https:\/\/www.heartfailurematters.org\/pt-pt\/wp-json\/wp\/v2\/pages\/1888","targetHints":{"allow":["GET"]}}],"collection":[{"href":"https:\/\/www.heartfailurematters.org\/pt-pt\/wp-json\/wp\/v2\/pages"}],"about":[{"href":"https:\/\/www.heartfailurematters.org\/pt-pt\/wp-json\/wp\/v2\/types\/page"}],"author":[{"embeddable":true,"href":"https:\/\/www.heartfailurematters.org\/pt-pt\/wp-json\/wp\/v2\/users\/1"}],"replies":[{"embeddable":true,"href":"https:\/\/www.heartfailurematters.org\/pt-pt\/wp-json\/wp\/v2\/comments?post=1888"}],"version-history":[{"count":2,"href":"https:\/\/www.heartfailurematters.org\/pt-pt\/wp-json\/wp\/v2\/pages\/1888\/revisions"}],"predecessor-version":[{"id":6994,"href":"https:\/\/www.heartfailurematters.org\/pt-pt\/wp-json\/wp\/v2\/pages\/1888\/revisions\/6994"}],"up":[{"embeddable":true,"href":"https:\/\/www.heartfailurematters.org\/pt-pt\/wp-json\/wp\/v2\/pages\/2764"}],"wp:attachment":[{"href":"https:\/\/www.heartfailurematters.org\/pt-pt\/wp-json\/wp\/v2\/media?parent=1888"}],"wp:term":[{"taxonomy":"category","embeddable":true,"href":"https:\/\/www.heartfailurematters.org\/pt-pt\/wp-json\/wp\/v2\/categories?post=1888"},{"taxonomy":"post_tag","embeddable":true,"href":"https:\/\/www.heartfailurematters.org\/pt-pt\/wp-json\/wp\/v2\/tags?post=1888"}],"curies":[{"name":"wp","href":"https:\/\/api.w.org\/{rel}","templated":true}]}}