{"id":1879,"date":"2021-01-27T22:05:34","date_gmt":"2021-01-27T22:05:34","guid":{"rendered":"http:\/\/heartfailurematters.local:8888\/inibidores-da-eca-enzima-conversora-de-angiotensina\/"},"modified":"2025-12-05T10:26:01","modified_gmt":"2025-12-05T10:26:01","slug":"inibidores-da-eca-enzima-conversora-de-angiotensina","status":"publish","type":"page","link":"https:\/\/www.heartfailurematters.org\/pt-pt\/o-que-o-seu-medico-ou-enfermeiro-pode-fazer\/inibidores-da-eca-enzima-conversora-de-angiotensina\/","title":{"rendered":"Inibidores da ECA (enzima conversora da angiotensina)"},"content":{"rendered":"<h2>O que eles fazem?<\/h2>\n<p>Os <strong>inibidores da enzima conversora da angiotensina (ECA)<\/strong> bloqueiam os efeitos da angiotensina II, uma <strong>hormona <\/strong> produzida pelos rins. Assim, os inibidores da ECA relaxam os vasos sangu\u00edneos, o que reduz a press\u00e3o arterial. Consequentemente, a carga de trabalho do seu cora\u00e7\u00e3o \u00e9 reduzida.<\/p>\n<h2>Quais s\u00e3o os benef\u00edcios esperados?<\/h2>\n<p>Os inibidores da ECA reduzem os internamentos relacionados com a insufici\u00eancia card\u00edaca, prolongam a vida e melhoram a toler\u00e2ncia ao exerc\u00edcio e a qualidade de vida.<\/p>\n<h2>Efeitos colaterais<\/h2>\n<ul>\n<li>Como os inibidores da ECA podem afetar a press\u00e3o arterial, voc\u00ea deve monitoriz\u00e1-la regularmente.<\/li>\n<li>O seu n\u00edvel de <strong>pot\u00e1ssio<\/strong> pode aumentar e a sua fun\u00e7\u00e3o renal pode ser afetada. Por conseguinte, o seu m\u00e9dico confirmar\u00e1 se ainda est\u00e1 dentro do intervalo seguro e solicitar\u00e1 <a href=\"https:\/\/www.heartfailurematters.org\/understanding-heart-failure\/blood-tests\/\" target=\"_blank\" rel=\"noopener\">exames de sangue<\/a>.<\/li>\n<li>Algumas pessoas podem desenvolver tosse seca ao tomar inibidores da ECA. Se isto lhe acontecer, o seu m\u00e9dico pode diminuir a dose ou mudar para outro medicamento.<\/li>\n<li>\u00c9 menos frequente, mas algumas pessoas podem sentir altera\u00e7\u00f5es no paladar.<\/li>\n<li>Raramente, as pessoas que tomam inibidores da ECA desenvolvem erup\u00e7\u00f5es cut\u00e2neas.<\/li>\n<li>Muito raramente, pode ocorrer incha\u00e7o nos l\u00e1bios ou na garganta. Este \u00e9 um sintoma alarmante! Procure ajuda m\u00e9dica imediatamente se isso acontecer!<\/li>\n<\/ul>\n<h2>Sugest\u00e3o<\/h2>\n<p>O seu m\u00e9dico pode aconselhar a tomar a primeira dose do seu inibidor da ECA antes de ir dormir para prevenir tonturas. Se sentir tonturas pela manh\u00e3, tente mover os p\u00e9s para frente e para tr\u00e1s cerca de dez vezes antes de se levantar. Ou ent\u00e3o experimente balan\u00e7ar as pernas para o lado da cama antes de se sentar e, em seguida, sentar-se na lateral da cama durante um minuto antes de se levantar. Evite levantar-se muito rapidamente, quer esteja sentado(a) ou abaixado(a), pois isso pode fazer com que sinta tonturas. N\u00e3o tenha pressa e permita que o seu corpo se adapte!<\/p>\n<h2>Inibidores da ECA utilizados na insufici\u00eancia card\u00edaca<\/h2>\n<p>As diretrizes internacionais de tratamento s\u00e3o a favor de certos inibidores da ECA.<\/p>\n<p>Os nomes est\u00e3o por ordem alfab\u00e9tica:<\/p>\n<ul>\n<li>Captopril<\/li>\n<li>Enalapril<\/li>\n<li>Lisinopril<\/li>\n<li>Ramipril<\/li>\n<li>Trandolapril<\/li>\n<\/ul>\n<p>&nbsp;<\/p>\n<table border=\"1\" width=\"100%\" cellspacing=\"0\" cellpadding=\"0\">\n<tbody>\n<tr>\n<td style=\"width: 25%;\">\n<h2>Anima\u00e7\u00e3o<\/h2>\n<\/td>\n<td style=\"width: 75%; vertical-align: middle; text-align: left;\"\/>\n<\/tr>\n<tr>\n<td style=\"width: 25%;\"><a class=\"lightview\" href=\"https:\/\/www.youtube.com\/embed\/lx_ReyaK408?hl=en_UK&amp;autoplay=1;&amp;version=3&amp;rel=0&amp;showinfo=0\" data-lightview-caption=\"The animation above shows how ACE (Angiotensin converting enzyme) inhibitors can help you by causing your blood vessels to relax and thus lower your blood pressure. This means your heart doesn't have to work so hard to squeeze your blood around your body.\" data-lightview-title=\"How ACE inhibitors work in heart failure\" data-lightview-options=\"width: 535, height: 400\" data-lightview-type=\"iframe\" data-lightview-group=\"journey\"><img decoding=\"async\" class=\"alignleft size-full wp-image-5071\" src=\"https:\/\/cdn-endpoint-hfm.azureedge.net\/heartfailurematters\/2021\/02\/07-animation.jpg\" alt=\"\" width=\"180\" height=\"130\"\/><\/a><\/td>\n<td style=\"width: 75%; vertical-align: middle; text-align: left;\">Anima\u00e7\u00e3o que explica como funcionam os inibidores da ECA na insufici\u00eancia card\u00edaca<\/td>\n<\/tr>\n<\/tbody>\n<\/table>\n<p><a href=\"https:\/\/www.heartfailurematters.org\/what-your-doctor-can-do\/heart-failure-medicines\/\" shape=\"rect\">Voltar a Medicamentos para insufici\u00eancia card\u00edaca<\/a><\/p>\n<p>&nbsp;<\/p>\n","protected":false},"excerpt":{"rendered":"<p>O que eles fazem? Os inibidores da enzima conversora da angiotensina (ECA) bloqueiam os efeitos da angiotensina II, uma hormona produzida pelos rins. Assim, os inibidores da ECA relaxam os vasos sangu\u00edneos, o que reduz a press\u00e3o arterial. Consequentemente, a carga de trabalho do seu cora\u00e7\u00e3o \u00e9 reduzida. Quais s\u00e3o os benef\u00edcios esperados? Os inibidores [&hellip;]<\/p>\n","protected":false},"author":1,"featured_media":10871,"parent":2682,"menu_order":0,"comment_status":"open","ping_status":"open","template":"","meta":{"_acf_changed":false,"footnotes":""},"categories":[],"tags":[],"class_list":["post-1879","page","type-page","status-publish","has-post-thumbnail","hentry"],"acf":[],"yoast_head":"<!-- This site is optimized with the Yoast SEO plugin v24.8.1 - https:\/\/yoast.com\/wordpress\/plugins\/seo\/ -->\n<title>Inibidores da ECA (enzima conversora da angiotensina)<\/title>\n<meta name=\"description\" content=\"Ao bloquear o efeito da Angiotensina II, os inibidores da ECA relaxam os vasos sangu\u00edneos - baixando a press\u00e3o arterial - mas podem ocorrer efeitos secund\u00e1rios\" \/>\n<meta name=\"robots\" content=\"index, follow, max-snippet:-1, max-image-preview:large, max-video-preview:-1\" \/>\n<link rel=\"canonical\" href=\"https:\/\/www.heartfailurematters.org\/pt-pt\/o-que-o-seu-medico-ou-enfermeiro-pode-fazer\/inibidores-da-eca-enzima-conversora-de-angiotensina\/\" \/>\n<meta property=\"og:locale\" content=\"pt_PT\" \/>\n<meta property=\"og:type\" content=\"article\" \/>\n<meta property=\"og:title\" content=\"Inibidores da ECA (enzima conversora da angiotensina)\" \/>\n<meta property=\"og:description\" content=\"Ao bloquear o efeito da Angiotensina II, os inibidores da ECA relaxam os vasos sangu\u00edneos - baixando a press\u00e3o arterial - mas podem ocorrer efeitos secund\u00e1rios\" \/>\n<meta property=\"og:url\" content=\"https:\/\/www.heartfailurematters.org\/pt-pt\/o-que-o-seu-medico-ou-enfermeiro-pode-fazer\/inibidores-da-eca-enzima-conversora-de-angiotensina\/\" \/>\n<meta property=\"og:site_name\" content=\"Heart Failure Matters\" \/>\n<meta property=\"article:publisher\" content=\"https:\/\/www.facebook.com\/heartfailurematters\" \/>\n<meta property=\"article:modified_time\" content=\"2025-12-05T10:26:01+00:00\" \/>\n<meta property=\"og:image\" content=\"https:\/\/www.heartfailurematters.org\/wp-content\/uploads\/2022\/03\/shutterstock_441673426-1-min.jpg\" \/>\n\t<meta property=\"og:image:width\" content=\"900\" \/>\n\t<meta property=\"og:image:height\" content=\"596\" \/>\n\t<meta property=\"og:image:type\" content=\"image\/jpeg\" \/>\n<meta name=\"twitter:card\" content=\"summary_large_image\" \/>\n<meta name=\"twitter:label1\" content=\"Tempo estimado de leitura\" \/>\n\t<meta name=\"twitter:data1\" content=\"2 minutos\" \/>\n<script type=\"application\/ld+json\" class=\"yoast-schema-graph\">{\"@context\":\"https:\/\/schema.org\",\"@graph\":[{\"@type\":\"WebPage\",\"@id\":\"https:\/\/www.heartfailurematters.org\/pt-pt\/o-que-o-seu-medico-ou-enfermeiro-pode-fazer\/inibidores-da-eca-enzima-conversora-de-angiotensina\/\",\"url\":\"https:\/\/www.heartfailurematters.org\/pt-pt\/o-que-o-seu-medico-ou-enfermeiro-pode-fazer\/inibidores-da-eca-enzima-conversora-de-angiotensina\/\",\"name\":\"Inibidores da ECA (enzima conversora da angiotensina)\",\"isPartOf\":{\"@id\":\"https:\/\/www.heartfailurematters.org\/pt-pt\/#website\"},\"primaryImageOfPage\":{\"@id\":\"https:\/\/www.heartfailurematters.org\/pt-pt\/o-que-o-seu-medico-ou-enfermeiro-pode-fazer\/inibidores-da-eca-enzima-conversora-de-angiotensina\/#primaryimage\"},\"image\":{\"@id\":\"https:\/\/www.heartfailurematters.org\/pt-pt\/o-que-o-seu-medico-ou-enfermeiro-pode-fazer\/inibidores-da-eca-enzima-conversora-de-angiotensina\/#primaryimage\"},\"thumbnailUrl\":\"https:\/\/www.heartfailurematters.org\/wp-content\/uploads\/2022\/03\/shutterstock_441673426-1-min.jpg\",\"datePublished\":\"2021-01-27T22:05:34+00:00\",\"dateModified\":\"2025-12-05T10:26:01+00:00\",\"description\":\"Ao bloquear o efeito da Angiotensina II, os inibidores da ECA relaxam os vasos sangu\u00edneos - baixando a press\u00e3o arterial - mas podem ocorrer efeitos secund\u00e1rios\",\"breadcrumb\":{\"@id\":\"https:\/\/www.heartfailurematters.org\/pt-pt\/o-que-o-seu-medico-ou-enfermeiro-pode-fazer\/inibidores-da-eca-enzima-conversora-de-angiotensina\/#breadcrumb\"},\"inLanguage\":\"pt-PT\",\"potentialAction\":[{\"@type\":\"ReadAction\",\"target\":[\"https:\/\/www.heartfailurematters.org\/pt-pt\/o-que-o-seu-medico-ou-enfermeiro-pode-fazer\/inibidores-da-eca-enzima-conversora-de-angiotensina\/\"]}]},{\"@type\":\"ImageObject\",\"inLanguage\":\"pt-PT\",\"@id\":\"https:\/\/www.heartfailurematters.org\/pt-pt\/o-que-o-seu-medico-ou-enfermeiro-pode-fazer\/inibidores-da-eca-enzima-conversora-de-angiotensina\/#primaryimage\",\"url\":\"https:\/\/www.heartfailurematters.org\/wp-content\/uploads\/2022\/03\/shutterstock_441673426-1-min.jpg\",\"contentUrl\":\"https:\/\/www.heartfailurematters.org\/wp-content\/uploads\/2022\/03\/shutterstock_441673426-1-min.jpg\",\"width\":900,\"height\":596},{\"@type\":\"BreadcrumbList\",\"@id\":\"https:\/\/www.heartfailurematters.org\/pt-pt\/o-que-o-seu-medico-ou-enfermeiro-pode-fazer\/inibidores-da-eca-enzima-conversora-de-angiotensina\/#breadcrumb\",\"itemListElement\":[{\"@type\":\"ListItem\",\"position\":1,\"name\":\"P\u00e1gina inicial\",\"item\":\"https:\/\/www.heartfailurematters.org\/pt-pt\/\"},{\"@type\":\"ListItem\",\"position\":2,\"name\":\"O que o seu m\u00e9dico pode fazer\",\"item\":\"https:\/\/www.heartfailurematters.org\/pt-pt\/o-que-o-seu-medico-ou-enfermeiro-pode-fazer\/\"},{\"@type\":\"ListItem\",\"position\":3,\"name\":\"Inibidores da ECA (enzima conversora da angiotensina)\"}]},{\"@type\":\"WebSite\",\"@id\":\"https:\/\/www.heartfailurematters.org\/pt-pt\/#website\",\"url\":\"https:\/\/www.heartfailurematters.org\/pt-pt\/\",\"name\":\"Heart Failure Matters\",\"description\":\"Practical information for patients, families and caregivers.\",\"publisher\":{\"@id\":\"https:\/\/www.heartfailurematters.org\/pt-pt\/#organization\"},\"potentialAction\":[{\"@type\":\"SearchAction\",\"target\":{\"@type\":\"EntryPoint\",\"urlTemplate\":\"https:\/\/www.heartfailurematters.org\/pt-pt\/?s={search_term_string}\"},\"query-input\":{\"@type\":\"PropertyValueSpecification\",\"valueRequired\":true,\"valueName\":\"search_term_string\"}}],\"inLanguage\":\"pt-PT\"},{\"@type\":\"Organization\",\"@id\":\"https:\/\/www.heartfailurematters.org\/pt-pt\/#organization\",\"name\":\"Heart Failure Matters\",\"url\":\"https:\/\/www.heartfailurematters.org\/pt-pt\/\",\"logo\":{\"@type\":\"ImageObject\",\"inLanguage\":\"pt-PT\",\"@id\":\"https:\/\/www.heartfailurematters.org\/pt-pt\/#\/schema\/logo\/image\/\",\"url\":\"https:\/\/cdn-endpoint-hfm.azureedge.net\/heartfailurematters\/2024\/07\/hfm-logo1.jpg\",\"contentUrl\":\"https:\/\/cdn-endpoint-hfm.azureedge.net\/heartfailurematters\/2024\/07\/hfm-logo1.jpg\",\"width\":1280,\"height\":720,\"caption\":\"Heart Failure Matters\"},\"image\":{\"@id\":\"https:\/\/www.heartfailurematters.org\/pt-pt\/#\/schema\/logo\/image\/\"},\"sameAs\":[\"https:\/\/www.facebook.com\/heartfailurematters\"]}]}<\/script>\n<!-- \/ Yoast SEO plugin. -->","yoast_head_json":{"title":"Inibidores da ECA (enzima conversora da angiotensina)","description":"Ao bloquear o efeito da Angiotensina II, os inibidores da ECA relaxam os vasos sangu\u00edneos - baixando a press\u00e3o arterial - mas podem ocorrer efeitos secund\u00e1rios","robots":{"index":"index","follow":"follow","max-snippet":"max-snippet:-1","max-image-preview":"max-image-preview:large","max-video-preview":"max-video-preview:-1"},"canonical":"https:\/\/www.heartfailurematters.org\/pt-pt\/o-que-o-seu-medico-ou-enfermeiro-pode-fazer\/inibidores-da-eca-enzima-conversora-de-angiotensina\/","og_locale":"pt_PT","og_type":"article","og_title":"Inibidores da ECA (enzima conversora da angiotensina)","og_description":"Ao bloquear o efeito da Angiotensina II, os inibidores da ECA relaxam os vasos sangu\u00edneos - baixando a press\u00e3o arterial - mas podem ocorrer efeitos secund\u00e1rios","og_url":"https:\/\/www.heartfailurematters.org\/pt-pt\/o-que-o-seu-medico-ou-enfermeiro-pode-fazer\/inibidores-da-eca-enzima-conversora-de-angiotensina\/","og_site_name":"Heart Failure Matters","article_publisher":"https:\/\/www.facebook.com\/heartfailurematters","article_modified_time":"2025-12-05T10:26:01+00:00","og_image":[{"width":900,"height":596,"url":"https:\/\/www.heartfailurematters.org\/wp-content\/uploads\/2022\/03\/shutterstock_441673426-1-min.jpg","type":"image\/jpeg"}],"twitter_card":"summary_large_image","twitter_misc":{"Tempo estimado de leitura":"2 minutos"},"schema":{"@context":"https:\/\/schema.org","@graph":[{"@type":"WebPage","@id":"https:\/\/www.heartfailurematters.org\/pt-pt\/o-que-o-seu-medico-ou-enfermeiro-pode-fazer\/inibidores-da-eca-enzima-conversora-de-angiotensina\/","url":"https:\/\/www.heartfailurematters.org\/pt-pt\/o-que-o-seu-medico-ou-enfermeiro-pode-fazer\/inibidores-da-eca-enzima-conversora-de-angiotensina\/","name":"Inibidores da ECA (enzima conversora da angiotensina)","isPartOf":{"@id":"https:\/\/www.heartfailurematters.org\/pt-pt\/#website"},"primaryImageOfPage":{"@id":"https:\/\/www.heartfailurematters.org\/pt-pt\/o-que-o-seu-medico-ou-enfermeiro-pode-fazer\/inibidores-da-eca-enzima-conversora-de-angiotensina\/#primaryimage"},"image":{"@id":"https:\/\/www.heartfailurematters.org\/pt-pt\/o-que-o-seu-medico-ou-enfermeiro-pode-fazer\/inibidores-da-eca-enzima-conversora-de-angiotensina\/#primaryimage"},"thumbnailUrl":"https:\/\/www.heartfailurematters.org\/wp-content\/uploads\/2022\/03\/shutterstock_441673426-1-min.jpg","datePublished":"2021-01-27T22:05:34+00:00","dateModified":"2025-12-05T10:26:01+00:00","description":"Ao bloquear o efeito da Angiotensina II, os inibidores da ECA relaxam os vasos sangu\u00edneos - baixando a press\u00e3o arterial - mas podem ocorrer efeitos secund\u00e1rios","breadcrumb":{"@id":"https:\/\/www.heartfailurematters.org\/pt-pt\/o-que-o-seu-medico-ou-enfermeiro-pode-fazer\/inibidores-da-eca-enzima-conversora-de-angiotensina\/#breadcrumb"},"inLanguage":"pt-PT","potentialAction":[{"@type":"ReadAction","target":["https:\/\/www.heartfailurematters.org\/pt-pt\/o-que-o-seu-medico-ou-enfermeiro-pode-fazer\/inibidores-da-eca-enzima-conversora-de-angiotensina\/"]}]},{"@type":"ImageObject","inLanguage":"pt-PT","@id":"https:\/\/www.heartfailurematters.org\/pt-pt\/o-que-o-seu-medico-ou-enfermeiro-pode-fazer\/inibidores-da-eca-enzima-conversora-de-angiotensina\/#primaryimage","url":"https:\/\/www.heartfailurematters.org\/wp-content\/uploads\/2022\/03\/shutterstock_441673426-1-min.jpg","contentUrl":"https:\/\/www.heartfailurematters.org\/wp-content\/uploads\/2022\/03\/shutterstock_441673426-1-min.jpg","width":900,"height":596},{"@type":"BreadcrumbList","@id":"https:\/\/www.heartfailurematters.org\/pt-pt\/o-que-o-seu-medico-ou-enfermeiro-pode-fazer\/inibidores-da-eca-enzima-conversora-de-angiotensina\/#breadcrumb","itemListElement":[{"@type":"ListItem","position":1,"name":"P\u00e1gina inicial","item":"https:\/\/www.heartfailurematters.org\/pt-pt\/"},{"@type":"ListItem","position":2,"name":"O que o seu m\u00e9dico pode fazer","item":"https:\/\/www.heartfailurematters.org\/pt-pt\/o-que-o-seu-medico-ou-enfermeiro-pode-fazer\/"},{"@type":"ListItem","position":3,"name":"Inibidores da ECA (enzima conversora da angiotensina)"}]},{"@type":"WebSite","@id":"https:\/\/www.heartfailurematters.org\/pt-pt\/#website","url":"https:\/\/www.heartfailurematters.org\/pt-pt\/","name":"Heart Failure Matters","description":"Practical information for patients, families and caregivers.","publisher":{"@id":"https:\/\/www.heartfailurematters.org\/pt-pt\/#organization"},"potentialAction":[{"@type":"SearchAction","target":{"@type":"EntryPoint","urlTemplate":"https:\/\/www.heartfailurematters.org\/pt-pt\/?s={search_term_string}"},"query-input":{"@type":"PropertyValueSpecification","valueRequired":true,"valueName":"search_term_string"}}],"inLanguage":"pt-PT"},{"@type":"Organization","@id":"https:\/\/www.heartfailurematters.org\/pt-pt\/#organization","name":"Heart Failure Matters","url":"https:\/\/www.heartfailurematters.org\/pt-pt\/","logo":{"@type":"ImageObject","inLanguage":"pt-PT","@id":"https:\/\/www.heartfailurematters.org\/pt-pt\/#\/schema\/logo\/image\/","url":"https:\/\/cdn-endpoint-hfm.azureedge.net\/heartfailurematters\/2024\/07\/hfm-logo1.jpg","contentUrl":"https:\/\/cdn-endpoint-hfm.azureedge.net\/heartfailurematters\/2024\/07\/hfm-logo1.jpg","width":1280,"height":720,"caption":"Heart Failure Matters"},"image":{"@id":"https:\/\/www.heartfailurematters.org\/pt-pt\/#\/schema\/logo\/image\/"},"sameAs":["https:\/\/www.facebook.com\/heartfailurematters"]}]}},"_links":{"self":[{"href":"https:\/\/www.heartfailurematters.org\/pt-pt\/wp-json\/wp\/v2\/pages\/1879","targetHints":{"allow":["GET"]}}],"collection":[{"href":"https:\/\/www.heartfailurematters.org\/pt-pt\/wp-json\/wp\/v2\/pages"}],"about":[{"href":"https:\/\/www.heartfailurematters.org\/pt-pt\/wp-json\/wp\/v2\/types\/page"}],"author":[{"embeddable":true,"href":"https:\/\/www.heartfailurematters.org\/pt-pt\/wp-json\/wp\/v2\/users\/1"}],"replies":[{"embeddable":true,"href":"https:\/\/www.heartfailurematters.org\/pt-pt\/wp-json\/wp\/v2\/comments?post=1879"}],"version-history":[{"count":3,"href":"https:\/\/www.heartfailurematters.org\/pt-pt\/wp-json\/wp\/v2\/pages\/1879\/revisions"}],"predecessor-version":[{"id":13698,"href":"https:\/\/www.heartfailurematters.org\/pt-pt\/wp-json\/wp\/v2\/pages\/1879\/revisions\/13698"}],"up":[{"embeddable":true,"href":"https:\/\/www.heartfailurematters.org\/pt-pt\/wp-json\/wp\/v2\/pages\/2682"}],"wp:featuredmedia":[{"embeddable":true,"href":"https:\/\/www.heartfailurematters.org\/pt-pt\/wp-json\/wp\/v2\/media\/10871"}],"wp:attachment":[{"href":"https:\/\/www.heartfailurematters.org\/pt-pt\/wp-json\/wp\/v2\/media?parent=1879"}],"wp:term":[{"taxonomy":"category","embeddable":true,"href":"https:\/\/www.heartfailurematters.org\/pt-pt\/wp-json\/wp\/v2\/categories?post=1879"},{"taxonomy":"post_tag","embeddable":true,"href":"https:\/\/www.heartfailurematters.org\/pt-pt\/wp-json\/wp\/v2\/tags?post=1879"}],"curies":[{"name":"wp","href":"https:\/\/api.w.org\/{rel}","templated":true}]}}