{"id":1873,"date":"2021-01-27T22:05:34","date_gmt":"2021-01-27T22:05:34","guid":{"rendered":"http:\/\/heartfailurematters.local:8888\/planear-o-futuro\/"},"modified":"2025-12-05T10:19:23","modified_gmt":"2025-12-05T10:19:23","slug":"planear-o-futuro","status":"publish","type":"page","link":"https:\/\/www.heartfailurematters.org\/pt-pt\/perguntas-a-fazer-ao-seu-medico\/planear-o-futuro\/","title":{"rendered":"Planear o futuro"},"content":{"rendered":"<p>Se voc\u00ea j\u00e1 debateu os seus planos para o futuro com a sua fam\u00edlia, ter\u00e1 de debater esses planos com o seu m\u00e9dico. No entanto, se s\u00f3 agora come\u00e7ou a pensar no assunto, pode ser \u00fatil ler a sec\u00e7\u00e3o sobre <a title=\"\" href=\"https:\/\/www.heartfailurematters.org\/living-with-heart-failure\/planning-for-the-end-of-life\/\">planeamento para o fim de vida<\/a>, para que esteja mais informado(a) quando falar com a sua fam\u00edlia e com o seu m\u00e9dico.<\/p>\n<p><strong>Como preparo uma <strong><a class=\"addtooltip\" title=\"Um documento que especifica os tratamentos e procedimentos que o doente gostaria ou n\u00e3o que fossem considerados no fim da sua vida.\"><strong title=\"\">diretiva de cuidados avan\u00e7ados<\/strong><\/a><\/strong>? <\/strong><br \/>\nO seu m\u00e9dico\/enfermeiro ou grupo de apoio poder\u00e1 orientar na prepara\u00e7\u00e3o da sua diretiva de cuidados avan\u00e7ados.<\/p>\n<p><strong>Como preparo uma <strong><a class=\"addtooltip\" title=\"Documento para os profissionais de cuidados de sa\u00fade que especifica que o doente n\u00e3o deseja ser ressuscitado se o cora\u00e7\u00e3o e a respira\u00e7\u00e3o pararem.\"><strong title=\"\">ordem de n\u00e3o reanima\u00e7\u00e3o<\/strong><\/a><\/strong>? <\/strong><br \/>\nA decis\u00e3o de ter uma ordem de n\u00e3o reanima\u00e7\u00e3o \u00e9 tomada por si ou pela sua fam\u00edlia em consulta com o seu m\u00e9dico. O seu m\u00e9dico explicar-lhe-\u00e1 exatamente o que esta ordem significa e assegurar\u00e1 que est\u00e1 totalmente ciente das consequ\u00eancias antes de tomar esta decis\u00e3o.<\/p>\n<p>Os doentes com um<strong> <\/strong>CDI devem falar sobre isso com o m\u00e9dico.<\/p>\n<p><strong>O que posso fazer agora para me preparar para o futuro? <\/strong><br \/>\nH\u00e1 muitas formas de se preparar para o futuro. O seu m\u00e9dico\/enfermeiro ou grupo de apoio poder\u00e1 dar-lhe informa\u00e7\u00f5es sobre testamentos vitais, ordens de n\u00e3o reanima\u00e7\u00e3o, diretivas de cuidados avan\u00e7ados e planeamento financeiro. Deve discutir as op\u00e7\u00f5es com a sua fam\u00edlia e m\u00e9dico\/enfermeiro antes de tomar qualquer decis\u00e3o sobre o seu tratamento futuro.<\/p>\n<p><strong>Com quem posso falar sobre o planeamento financeiro para o futuro? <\/strong><br \/>\nSe tiver preocupa\u00e7\u00f5es sobre os custos dos tratamentos ou qualquer poss\u00edvel perda de rendimentos, o seu m\u00e9dico ou enfermeiro poder\u00e1 encaminhar para um departamento de servi\u00e7os sociais que poder\u00e1 ajudar ou aconselhar sobre quaisquer quest\u00f5es financeiras.<\/p>\n","protected":false},"excerpt":{"rendered":"<p>Se voc\u00ea j\u00e1 debateu os seus planos para o futuro com a sua fam\u00edlia, ter\u00e1 de debater esses planos com o seu m\u00e9dico. No entanto, se s\u00f3 agora come\u00e7ou a pensar no assunto, pode ser \u00fatil ler a sec\u00e7\u00e3o sobre planeamento para o fim de vida, para que esteja mais informado(a) quando falar com a [&hellip;]<\/p>\n","protected":false},"author":1,"featured_media":11066,"parent":2764,"menu_order":9,"comment_status":"open","ping_status":"closed","template":"","meta":{"_acf_changed":false,"footnotes":""},"categories":[67],"tags":[],"class_list":["post-1873","page","type-page","status-publish","has-post-thumbnail","hentry","category-ask-your-doctor-pt"],"acf":[],"yoast_head":"<!-- This site is optimized with the Yoast SEO plugin v24.8.1 - https:\/\/yoast.com\/wordpress\/plugins\/seo\/ -->\n<title>Planear o futuro de doentes com insufici\u00eancia card\u00edaca<\/title>\n<meta name=\"description\" content=\"Se voc\u00ea j\u00e1 debateu os seus planos para o futuro com a sua fam\u00edlia, ter\u00e1 de debater esses planos com o seu m\u00e9dico. Saiba mais aqui\" \/>\n<meta name=\"robots\" content=\"index, follow, max-snippet:-1, max-image-preview:large, max-video-preview:-1\" \/>\n<link rel=\"canonical\" href=\"https:\/\/www.heartfailurematters.org\/pt-pt\/perguntas-a-fazer-ao-seu-medico\/planear-o-futuro\/\" \/>\n<meta property=\"og:locale\" content=\"pt_PT\" \/>\n<meta property=\"og:type\" content=\"article\" \/>\n<meta property=\"og:title\" content=\"Planear o futuro de doentes com insufici\u00eancia card\u00edaca\" \/>\n<meta property=\"og:description\" content=\"Se voc\u00ea j\u00e1 debateu os seus planos para o futuro com a sua fam\u00edlia, ter\u00e1 de debater esses planos com o seu m\u00e9dico. Saiba mais aqui\" \/>\n<meta property=\"og:url\" content=\"https:\/\/www.heartfailurematters.org\/pt-pt\/perguntas-a-fazer-ao-seu-medico\/planear-o-futuro\/\" \/>\n<meta property=\"og:site_name\" content=\"Heart Failure Matters\" \/>\n<meta property=\"article:publisher\" content=\"https:\/\/www.facebook.com\/heartfailurematters\" \/>\n<meta property=\"article:modified_time\" content=\"2025-12-05T10:19:23+00:00\" \/>\n<meta property=\"og:image\" content=\"https:\/\/www.heartfailurematters.org\/wp-content\/uploads\/2022\/03\/shutterstock_1685261713-1-min.jpg\" \/>\n\t<meta property=\"og:image:width\" content=\"900\" \/>\n\t<meta property=\"og:image:height\" content=\"600\" \/>\n\t<meta property=\"og:image:type\" content=\"image\/jpeg\" \/>\n<meta name=\"twitter:card\" content=\"summary_large_image\" \/>\n<meta name=\"twitter:label1\" content=\"Tempo estimado de leitura\" \/>\n\t<meta name=\"twitter:data1\" content=\"2 minutos\" \/>\n<script type=\"application\/ld+json\" class=\"yoast-schema-graph\">{\"@context\":\"https:\/\/schema.org\",\"@graph\":[{\"@type\":\"WebPage\",\"@id\":\"https:\/\/www.heartfailurematters.org\/pt-pt\/perguntas-a-fazer-ao-seu-medico\/planear-o-futuro\/\",\"url\":\"https:\/\/www.heartfailurematters.org\/pt-pt\/perguntas-a-fazer-ao-seu-medico\/planear-o-futuro\/\",\"name\":\"Planear o futuro de doentes com insufici\u00eancia card\u00edaca\",\"isPartOf\":{\"@id\":\"https:\/\/www.heartfailurematters.org\/pt-pt\/#website\"},\"primaryImageOfPage\":{\"@id\":\"https:\/\/www.heartfailurematters.org\/pt-pt\/perguntas-a-fazer-ao-seu-medico\/planear-o-futuro\/#primaryimage\"},\"image\":{\"@id\":\"https:\/\/www.heartfailurematters.org\/pt-pt\/perguntas-a-fazer-ao-seu-medico\/planear-o-futuro\/#primaryimage\"},\"thumbnailUrl\":\"https:\/\/www.heartfailurematters.org\/wp-content\/uploads\/2022\/03\/shutterstock_1685261713-1-min.jpg\",\"datePublished\":\"2021-01-27T22:05:34+00:00\",\"dateModified\":\"2025-12-05T10:19:23+00:00\",\"description\":\"Se voc\u00ea j\u00e1 debateu os seus planos para o futuro com a sua fam\u00edlia, ter\u00e1 de debater esses planos com o seu m\u00e9dico. Saiba mais aqui\",\"breadcrumb\":{\"@id\":\"https:\/\/www.heartfailurematters.org\/pt-pt\/perguntas-a-fazer-ao-seu-medico\/planear-o-futuro\/#breadcrumb\"},\"inLanguage\":\"pt-PT\",\"potentialAction\":[{\"@type\":\"ReadAction\",\"target\":[\"https:\/\/www.heartfailurematters.org\/pt-pt\/perguntas-a-fazer-ao-seu-medico\/planear-o-futuro\/\"]}]},{\"@type\":\"ImageObject\",\"inLanguage\":\"pt-PT\",\"@id\":\"https:\/\/www.heartfailurematters.org\/pt-pt\/perguntas-a-fazer-ao-seu-medico\/planear-o-futuro\/#primaryimage\",\"url\":\"https:\/\/www.heartfailurematters.org\/wp-content\/uploads\/2022\/03\/shutterstock_1685261713-1-min.jpg\",\"contentUrl\":\"https:\/\/www.heartfailurematters.org\/wp-content\/uploads\/2022\/03\/shutterstock_1685261713-1-min.jpg\",\"width\":900,\"height\":600},{\"@type\":\"BreadcrumbList\",\"@id\":\"https:\/\/www.heartfailurematters.org\/pt-pt\/perguntas-a-fazer-ao-seu-medico\/planear-o-futuro\/#breadcrumb\",\"itemListElement\":[{\"@type\":\"ListItem\",\"position\":1,\"name\":\"P\u00e1gina inicial\",\"item\":\"https:\/\/www.heartfailurematters.org\/pt-pt\/\"},{\"@type\":\"ListItem\",\"position\":2,\"name\":\"Pergunte ao seu m\u00e9dico\",\"item\":\"https:\/\/www.heartfailurematters.org\/pt-pt\/perguntas-a-fazer-ao-seu-medico\/\"},{\"@type\":\"ListItem\",\"position\":3,\"name\":\"Planear o futuro\"}]},{\"@type\":\"WebSite\",\"@id\":\"https:\/\/www.heartfailurematters.org\/pt-pt\/#website\",\"url\":\"https:\/\/www.heartfailurematters.org\/pt-pt\/\",\"name\":\"Heart Failure Matters\",\"description\":\"Practical information for patients, families and caregivers.\",\"publisher\":{\"@id\":\"https:\/\/www.heartfailurematters.org\/pt-pt\/#organization\"},\"potentialAction\":[{\"@type\":\"SearchAction\",\"target\":{\"@type\":\"EntryPoint\",\"urlTemplate\":\"https:\/\/www.heartfailurematters.org\/pt-pt\/?s={search_term_string}\"},\"query-input\":{\"@type\":\"PropertyValueSpecification\",\"valueRequired\":true,\"valueName\":\"search_term_string\"}}],\"inLanguage\":\"pt-PT\"},{\"@type\":\"Organization\",\"@id\":\"https:\/\/www.heartfailurematters.org\/pt-pt\/#organization\",\"name\":\"Heart Failure Matters\",\"url\":\"https:\/\/www.heartfailurematters.org\/pt-pt\/\",\"logo\":{\"@type\":\"ImageObject\",\"inLanguage\":\"pt-PT\",\"@id\":\"https:\/\/www.heartfailurematters.org\/pt-pt\/#\/schema\/logo\/image\/\",\"url\":\"https:\/\/cdn-endpoint-hfm.azureedge.net\/heartfailurematters\/2024\/07\/hfm-logo1.jpg\",\"contentUrl\":\"https:\/\/cdn-endpoint-hfm.azureedge.net\/heartfailurematters\/2024\/07\/hfm-logo1.jpg\",\"width\":1280,\"height\":720,\"caption\":\"Heart Failure Matters\"},\"image\":{\"@id\":\"https:\/\/www.heartfailurematters.org\/pt-pt\/#\/schema\/logo\/image\/\"},\"sameAs\":[\"https:\/\/www.facebook.com\/heartfailurematters\"]}]}<\/script>\n<!-- \/ Yoast SEO plugin. -->","yoast_head_json":{"title":"Planear o futuro de doentes com insufici\u00eancia card\u00edaca","description":"Se voc\u00ea j\u00e1 debateu os seus planos para o futuro com a sua fam\u00edlia, ter\u00e1 de debater esses planos com o seu m\u00e9dico. Saiba mais aqui","robots":{"index":"index","follow":"follow","max-snippet":"max-snippet:-1","max-image-preview":"max-image-preview:large","max-video-preview":"max-video-preview:-1"},"canonical":"https:\/\/www.heartfailurematters.org\/pt-pt\/perguntas-a-fazer-ao-seu-medico\/planear-o-futuro\/","og_locale":"pt_PT","og_type":"article","og_title":"Planear o futuro de doentes com insufici\u00eancia card\u00edaca","og_description":"Se voc\u00ea j\u00e1 debateu os seus planos para o futuro com a sua fam\u00edlia, ter\u00e1 de debater esses planos com o seu m\u00e9dico. Saiba mais aqui","og_url":"https:\/\/www.heartfailurematters.org\/pt-pt\/perguntas-a-fazer-ao-seu-medico\/planear-o-futuro\/","og_site_name":"Heart Failure Matters","article_publisher":"https:\/\/www.facebook.com\/heartfailurematters","article_modified_time":"2025-12-05T10:19:23+00:00","og_image":[{"width":900,"height":600,"url":"https:\/\/www.heartfailurematters.org\/wp-content\/uploads\/2022\/03\/shutterstock_1685261713-1-min.jpg","type":"image\/jpeg"}],"twitter_card":"summary_large_image","twitter_misc":{"Tempo estimado de leitura":"2 minutos"},"schema":{"@context":"https:\/\/schema.org","@graph":[{"@type":"WebPage","@id":"https:\/\/www.heartfailurematters.org\/pt-pt\/perguntas-a-fazer-ao-seu-medico\/planear-o-futuro\/","url":"https:\/\/www.heartfailurematters.org\/pt-pt\/perguntas-a-fazer-ao-seu-medico\/planear-o-futuro\/","name":"Planear o futuro de doentes com insufici\u00eancia card\u00edaca","isPartOf":{"@id":"https:\/\/www.heartfailurematters.org\/pt-pt\/#website"},"primaryImageOfPage":{"@id":"https:\/\/www.heartfailurematters.org\/pt-pt\/perguntas-a-fazer-ao-seu-medico\/planear-o-futuro\/#primaryimage"},"image":{"@id":"https:\/\/www.heartfailurematters.org\/pt-pt\/perguntas-a-fazer-ao-seu-medico\/planear-o-futuro\/#primaryimage"},"thumbnailUrl":"https:\/\/www.heartfailurematters.org\/wp-content\/uploads\/2022\/03\/shutterstock_1685261713-1-min.jpg","datePublished":"2021-01-27T22:05:34+00:00","dateModified":"2025-12-05T10:19:23+00:00","description":"Se voc\u00ea j\u00e1 debateu os seus planos para o futuro com a sua fam\u00edlia, ter\u00e1 de debater esses planos com o seu m\u00e9dico. Saiba mais aqui","breadcrumb":{"@id":"https:\/\/www.heartfailurematters.org\/pt-pt\/perguntas-a-fazer-ao-seu-medico\/planear-o-futuro\/#breadcrumb"},"inLanguage":"pt-PT","potentialAction":[{"@type":"ReadAction","target":["https:\/\/www.heartfailurematters.org\/pt-pt\/perguntas-a-fazer-ao-seu-medico\/planear-o-futuro\/"]}]},{"@type":"ImageObject","inLanguage":"pt-PT","@id":"https:\/\/www.heartfailurematters.org\/pt-pt\/perguntas-a-fazer-ao-seu-medico\/planear-o-futuro\/#primaryimage","url":"https:\/\/www.heartfailurematters.org\/wp-content\/uploads\/2022\/03\/shutterstock_1685261713-1-min.jpg","contentUrl":"https:\/\/www.heartfailurematters.org\/wp-content\/uploads\/2022\/03\/shutterstock_1685261713-1-min.jpg","width":900,"height":600},{"@type":"BreadcrumbList","@id":"https:\/\/www.heartfailurematters.org\/pt-pt\/perguntas-a-fazer-ao-seu-medico\/planear-o-futuro\/#breadcrumb","itemListElement":[{"@type":"ListItem","position":1,"name":"P\u00e1gina inicial","item":"https:\/\/www.heartfailurematters.org\/pt-pt\/"},{"@type":"ListItem","position":2,"name":"Pergunte ao seu m\u00e9dico","item":"https:\/\/www.heartfailurematters.org\/pt-pt\/perguntas-a-fazer-ao-seu-medico\/"},{"@type":"ListItem","position":3,"name":"Planear o futuro"}]},{"@type":"WebSite","@id":"https:\/\/www.heartfailurematters.org\/pt-pt\/#website","url":"https:\/\/www.heartfailurematters.org\/pt-pt\/","name":"Heart Failure Matters","description":"Practical information for patients, families and caregivers.","publisher":{"@id":"https:\/\/www.heartfailurematters.org\/pt-pt\/#organization"},"potentialAction":[{"@type":"SearchAction","target":{"@type":"EntryPoint","urlTemplate":"https:\/\/www.heartfailurematters.org\/pt-pt\/?s={search_term_string}"},"query-input":{"@type":"PropertyValueSpecification","valueRequired":true,"valueName":"search_term_string"}}],"inLanguage":"pt-PT"},{"@type":"Organization","@id":"https:\/\/www.heartfailurematters.org\/pt-pt\/#organization","name":"Heart Failure Matters","url":"https:\/\/www.heartfailurematters.org\/pt-pt\/","logo":{"@type":"ImageObject","inLanguage":"pt-PT","@id":"https:\/\/www.heartfailurematters.org\/pt-pt\/#\/schema\/logo\/image\/","url":"https:\/\/cdn-endpoint-hfm.azureedge.net\/heartfailurematters\/2024\/07\/hfm-logo1.jpg","contentUrl":"https:\/\/cdn-endpoint-hfm.azureedge.net\/heartfailurematters\/2024\/07\/hfm-logo1.jpg","width":1280,"height":720,"caption":"Heart Failure Matters"},"image":{"@id":"https:\/\/www.heartfailurematters.org\/pt-pt\/#\/schema\/logo\/image\/"},"sameAs":["https:\/\/www.facebook.com\/heartfailurematters"]}]}},"_links":{"self":[{"href":"https:\/\/www.heartfailurematters.org\/pt-pt\/wp-json\/wp\/v2\/pages\/1873","targetHints":{"allow":["GET"]}}],"collection":[{"href":"https:\/\/www.heartfailurematters.org\/pt-pt\/wp-json\/wp\/v2\/pages"}],"about":[{"href":"https:\/\/www.heartfailurematters.org\/pt-pt\/wp-json\/wp\/v2\/types\/page"}],"author":[{"embeddable":true,"href":"https:\/\/www.heartfailurematters.org\/pt-pt\/wp-json\/wp\/v2\/users\/1"}],"replies":[{"embeddable":true,"href":"https:\/\/www.heartfailurematters.org\/pt-pt\/wp-json\/wp\/v2\/comments?post=1873"}],"version-history":[{"count":2,"href":"https:\/\/www.heartfailurematters.org\/pt-pt\/wp-json\/wp\/v2\/pages\/1873\/revisions"}],"predecessor-version":[{"id":13668,"href":"https:\/\/www.heartfailurematters.org\/pt-pt\/wp-json\/wp\/v2\/pages\/1873\/revisions\/13668"}],"up":[{"embeddable":true,"href":"https:\/\/www.heartfailurematters.org\/pt-pt\/wp-json\/wp\/v2\/pages\/2764"}],"wp:featuredmedia":[{"embeddable":true,"href":"https:\/\/www.heartfailurematters.org\/pt-pt\/wp-json\/wp\/v2\/media\/11066"}],"wp:attachment":[{"href":"https:\/\/www.heartfailurematters.org\/pt-pt\/wp-json\/wp\/v2\/media?parent=1873"}],"wp:term":[{"taxonomy":"category","embeddable":true,"href":"https:\/\/www.heartfailurematters.org\/pt-pt\/wp-json\/wp\/v2\/categories?post=1873"},{"taxonomy":"post_tag","embeddable":true,"href":"https:\/\/www.heartfailurematters.org\/pt-pt\/wp-json\/wp\/v2\/tags?post=1873"}],"curies":[{"name":"wp","href":"https:\/\/api.w.org\/{rel}","templated":true}]}}