{"id":13472,"date":"2024-07-25T14:10:49","date_gmt":"2024-07-25T13:10:49","guid":{"rendered":"https:\/\/www.heartfailurematters.org\/o-que-e-a-insuficiencia-cardiaca\/women-and-heart-failure\/"},"modified":"2025-12-05T10:19:34","modified_gmt":"2025-12-05T10:19:34","slug":"women-and-heart-failure","status":"publish","type":"page","link":"https:\/\/www.heartfailurematters.org\/pt-pt\/o-que-e-a-insuficiencia-cardiaca\/women-and-heart-failure\/","title":{"rendered":"Mulheres e insufici\u00eancia card\u00edaca"},"content":{"rendered":"<p>Para as mulheres com insufici\u00eancia card\u00edaca, existem momentos espec\u00edficos da sua vida que podem requerer aconselhamento e aten\u00e7\u00e3o particulares.<\/p>\n<h2>Anos f\u00e9rteis (entre os 15 e 50 anos)<\/h2>\n<p>\u00c9 importante considerar o poss\u00edvel impacto de uma gravidez no cora\u00e7\u00e3o. Isto ajudar\u00e1 a decidir se deve ou n\u00e3o ter uma gravidez e qual o tipo de contrace\u00e7\u00e3o que poder\u00e1 ser mais adequado para si. \u00c9 importante pensar nisso, pois ajudar\u00e1 a evitar uma gravidez n\u00e3o planeada.<\/p>\n<h2>Gravidez<\/h2>\n<p>A gravidez exerce uma sobrecarga adicional sobre o organismo, provocando muitas altera\u00e7\u00f5es que ajudam o feto a crescer e preparam o corpo para o parto. Essas altera\u00e7\u00f5es incluem um aumento no volume sangu\u00edneo de 30-50%, um aumento na frequ\u00eancia card\u00edaca e altera\u00e7\u00f5es na press\u00e3o arterial. Os tecidos do corpo come\u00e7am a relaxar para se preparar para o parto. No momento do parto, h\u00e1 ainda mais altera\u00e7\u00f5es no volume sangu\u00edneo e na press\u00e3o arterial. Ap\u00f3s o parto, demora algum tempo para o corpo voltar \u00e0 forma que tinha antes da gravidez. As mulheres com funcionamento card\u00edaco normal podem sentir-se sobrecarregadas com estas altera\u00e7\u00f5es profundas. Pode ter notado que as suas amigas que est\u00e3o gr\u00e1vidas podem ficar sem f\u00f4lego, cansadas e sentir palpita\u00e7\u00f5es.<\/p>\n<p>O que isso significa para uma mulher gr\u00e1vida com insufici\u00eancia card\u00edaca? Como deve saber, existe um espectro de insufici\u00eancia card\u00edaca que varia de ligeira a grave. Este site n\u00e3o pode oferecer aconselhamento individualizado, mas podemos fornecer-lhe algumas informa\u00e7\u00f5es que precisa de conhecer. Se o cora\u00e7\u00e3o j\u00e1 estiver comprometido na sua fun\u00e7\u00e3o, todas estas altera\u00e7\u00f5es da gravidez, em especial o aumento do volume de sangue, aumentam o risco de novas altera\u00e7\u00f5es card\u00edacas. Algumas mulheres toleram bem essas altera\u00e7\u00f5es. Para algumas mulheres, contudo, estas altera\u00e7\u00f5es podem ser graves e afetar a fun\u00e7\u00e3o e o ritmo card\u00edaco, podendo tamb\u00e9m influenciar o crescimento do beb\u00e9 ou o momento do parto. Por este motivo, todas as mulheres gr\u00e1vidas com hist\u00f3rico de insufici\u00eancia card\u00edaca devem ser vistas regularmente por uma equipa especializada em doen\u00e7as card\u00edacas na gravidez. Isto permite detetar altera\u00e7\u00f5es numa fase precoce.<\/p>\n<p>Alguns medicamentos que s\u00e3o frequentemente administrados para melhorar a insufici\u00eancia card\u00edaca (por exemplo, IECA, ARA, sacubitril\/valsartan, ARM, SGLT2i) podem ser prejudiciais para o feto. Se est\u00e1 a considerar uma gravidez, fale com o seu cardiologista sobre o que dever\u00e1 ser alterado na lista de medica\u00e7\u00e3o. Receber\u00e1 tamb\u00e9m aconselhamento sobre os riscos potenciais caso esses comprimidos sejam suspensos durante a gravidez. Muitas vezes, \u00e9 poss\u00edvel que mulheres com problemas card\u00edacos amamentem. A decis\u00e3o depende da sua prefer\u00eancia, da estabilidade do seu cora\u00e7\u00e3o e tamb\u00e9m dos medicamentos prescritos.<\/p>\n<p>Por isso, se estiver a pensar engravidar, fale com o seu cardiologista. O percurso da gravidez at\u00e9 o parto e quaisquer altera\u00e7\u00f5es \u00e0 medica\u00e7\u00e3o ser\u00e3o monitorados conforme necess\u00e1rio. Antes do parto, receber\u00e1 aconselhamento sobre contrace\u00e7\u00e3o.<\/p>\n<h2>Contrace\u00e7\u00e3o<\/h2>\n<p>Existem v\u00e1rias op\u00e7\u00f5es de contracetivos para mulheres com insufici\u00eancia card\u00edaca. A sua decis\u00e3o sobre qual contracetivo \u00e9 melhor para si depender\u00e1 de:<\/p>\n<ul>\n<li>Vontade de evitar uma gravidez<\/li>\n<li>Risco de gravidez<\/li>\n<li>Frequ\u00eancia da atividade sexual<\/li>\n<li>Seguran\u00e7a da contrace\u00e7\u00e3o no contexto dos problemas de sa\u00fade<\/li>\n<li>Hist\u00f3rico familiar<\/li>\n<li>Fatores de ordem religiosa e cultural<\/li>\n<li>Medica\u00e7\u00e3o atual<\/li>\n<li>Menorragia<\/li>\n<li>Gravidez recente e amamenta\u00e7\u00e3o<\/li>\n<li>Preven\u00e7\u00e3o de doen\u00e7as sexualmente transmiss\u00edveis<\/li>\n<li>Ades\u00e3o<\/li>\n<li>Efeitos secund\u00e1rios<\/li>\n<\/ul>\n<p>A contrace\u00e7\u00e3o pode representar algum risco. \u00c9 importante que o risco seja equilibrado com o risco de uma gravidez. De um modo geral, um profissional de sa\u00fade aconselhar\u00e1 as mulheres com insufici\u00eancia card\u00edaca a evitarem contracetivos que contenham estrog\u00e9nio. D\u00e1-se prefer\u00eancia a dispositivos intrauterinos ou m\u00e9todos contracetivos injet\u00e1veis em rela\u00e7\u00e3o \u00e0 contrace\u00e7\u00e3o oral. No entanto, \u00e9 importante que receba aconselhamento de algu\u00e9m que compreenda a sua condi\u00e7\u00e3o card\u00edaca, outras doen\u00e7as que possa ter e a medica\u00e7\u00e3o que est\u00e1 a tomar.<\/p>\n<h2>Terapia de reprodu\u00e7\u00e3o assistida (TRA)<\/h2>\n<p>Algumas mulheres podem necessitar de terapias reprodutivas para engravidar. Alguns homens e mulheres com uma condi\u00e7\u00e3o heredit\u00e1ria que \u00e9 respons\u00e1vel pela insufici\u00eancia card\u00edaca podem optar pela TRA para ajudar na implanta\u00e7\u00e3o de um embri\u00e3o sem o problema heredit\u00e1rio. Isso envolve testes gen\u00e9ticos pr\u00e9-implanta\u00e7\u00e3o. Para pessoas com insufici\u00eancia card\u00edaca, \u00e9 poss\u00edvel fazer uma TRA. No entanto, \u00e9 essencial que discuta este assunto com o seu cardiologista, que poder\u00e1 aconselh\u00e1-lo e encaminh\u00e1-lo para um servi\u00e7o adequado de TRA para uma avalia\u00e7\u00e3o mais aprofundada.<\/p>\n<p>A TRA pode ter alguns riscos que precisam ser avaliados com base no seu problema card\u00edaco. A equipa de TRA e o seu cardiologista tamb\u00e9m ir\u00e3o analisar n\u00e3o s\u00f3 o risco da TRA, como tamb\u00e9m o risco da gravidez para si.<\/p>\n<h2>Menstrua\u00e7\u00e3o<\/h2>\n<p>Por vezes, \u00e0s mulheres com insufici\u00eancia card\u00edaca podem tamb\u00e9m ser prescritos medicamentos para prevenir a coagula\u00e7\u00e3o do sangue (antiagregantes plaquet\u00e1rios ou anticoagulantes). Estes medicamentos podem tornar a menstrua\u00e7\u00e3o mais abundante. Se isso acontecer, fale com um profissional de sa\u00fade. Podem ser realizadas an\u00e1lises e exames para detetar anemia. Existem op\u00e7\u00f5es para reduzir o sangramento menstrual; por isso, fale com o seu profissional de sa\u00fade para obter aconselhamento antes de interromper a medica\u00e7\u00e3o.<\/p>\n<p>Antes e durante a menstrua\u00e7\u00e3o, pode ser comum que as mulheres se sintam inchadas, ganhem peso e algumas possam sentir tonturas, especialmente se houver um sangramento intenso. Sendo uma mulher com insufici\u00eancia card\u00edaca, \u00e9 importante compreender o que \u00e9 normal para si nesta fase, de modo a ajudar a avaliar o aumento de peso no contexto do seu per\u00edodo menstrual. Algumas mulheres apresentam tonturas e pode ser necess\u00e1rio ajustar a medica\u00e7\u00e3o para a insufici\u00eancia card\u00edaca. Se tiver dificuldade em equilibrar a sua medica\u00e7\u00e3o para a insufici\u00eancia card\u00edaca durante o per\u00edodo menstrual, fale com o seu especialista em insufici\u00eancia card\u00edaca. \u00c9 importante n\u00e3o interromper a toma dos comprimidos para a insufici\u00eancia card\u00edaca durante longos per\u00edodos de tempo.<\/p>\n<h2>Menopausa (45-52 anos)<\/h2>\n<p>A menopausa ocorre quando uma mulher n\u00e3o menstrua h\u00e1 pelo menos 12 meses. Isto \u00e9 causado por altera\u00e7\u00f5es nos n\u00edveis hormonais. Sintomas da menopausa, como afrontamentos, dificuldade em dormir, humor deprimido, problemas de mem\u00f3ria, altera\u00e7\u00f5es de peso e diminui\u00e7\u00e3o da libido, s\u00e3o comuns e podem ter um grande impacto na qualidade de vida da mulher.<\/p>\n<p>Durante a menopausa e na fase p\u00f3s-menopausa, as mulheres podem desenvolver ou apresentar sinais e sintomas da doen\u00e7a card\u00edaca. Conselhos gerais sobre a menopausa e o cora\u00e7\u00e3o, bem como sobre como reduzir o risco de desenvolver doen\u00e7a card\u00edaca adquirida, podem ser encontrados <a href=\"https:\/\/www.bhf.org.uk\/informationsupport\/support\/women-with-a-heart-condition\/menopause-and-heart-disease\" target=\"_blank\" rel=\"noopener\">aqui<\/a>.<\/p>\n<p>Para mulheres com insufici\u00eancia card\u00edaca, existem algumas considera\u00e7\u00f5es espec\u00edficas. Gerir os sintomas da menopausa para ajudar a manter a qualidade de vida \u00e9 importante, e existem op\u00e7\u00f5es de tratamento para a menopausa. Fale com o seu m\u00e9dico de fam\u00edlia ou com o seu cardiologista para obter mais aconselhamento. Eles ter\u00e3o em considera\u00e7\u00e3o o seu estado card\u00edaco, hist\u00f3rico familiar de doen\u00e7a card\u00edaca e outros fatores para elaborar um plano de tratamento individualizado.<\/p>\n","protected":false},"excerpt":{"rendered":"<p>Para as mulheres com insufici\u00eancia card\u00edaca, existem momentos espec\u00edficos da sua vida que podem requerer aconselhamento e aten\u00e7\u00e3o particulares. Anos f\u00e9rteis (entre os 15 e 50 anos) \u00c9 importante considerar o poss\u00edvel impacto de uma gravidez no cora\u00e7\u00e3o. Isto ajudar\u00e1 a decidir se deve ou n\u00e3o ter uma gravidez e qual o tipo de contrace\u00e7\u00e3o [&hellip;]<\/p>\n","protected":false},"author":22,"featured_media":0,"parent":1889,"menu_order":0,"comment_status":"closed","ping_status":"closed","template":"","meta":{"_acf_changed":false,"footnotes":""},"categories":[121],"tags":[],"class_list":["post-13472","page","type-page","status-publish","hentry","category-understanding-heart-failure-pt"],"acf":[],"yoast_head":"<!-- This site is optimized with the Yoast SEO plugin v24.8.1 - https:\/\/yoast.com\/wordpress\/plugins\/seo\/ -->\n<title>Mulheres e insufici\u00eancia card\u00edaca - Heart Failure Matters<\/title>\n<meta name=\"robots\" content=\"index, follow, max-snippet:-1, max-image-preview:large, max-video-preview:-1\" \/>\n<link rel=\"canonical\" href=\"https:\/\/www.heartfailurematters.org\/pt-pt\/o-que-e-a-insuficiencia-cardiaca\/women-and-heart-failure\/\" \/>\n<meta property=\"og:locale\" content=\"pt_PT\" \/>\n<meta property=\"og:type\" content=\"article\" \/>\n<meta property=\"og:title\" content=\"Mulheres e insufici\u00eancia card\u00edaca - Heart Failure Matters\" \/>\n<meta property=\"og:description\" content=\"Para as mulheres com insufici\u00eancia card\u00edaca, existem momentos espec\u00edficos da sua vida que podem requerer aconselhamento e aten\u00e7\u00e3o particulares. Anos f\u00e9rteis (entre os 15 e 50 anos) \u00c9 importante considerar o poss\u00edvel impacto de uma gravidez no cora\u00e7\u00e3o. Isto ajudar\u00e1 a decidir se deve ou n\u00e3o ter uma gravidez e qual o tipo de contrace\u00e7\u00e3o [&hellip;]\" \/>\n<meta property=\"og:url\" content=\"https:\/\/www.heartfailurematters.org\/pt-pt\/o-que-e-a-insuficiencia-cardiaca\/women-and-heart-failure\/\" \/>\n<meta property=\"og:site_name\" content=\"Heart Failure Matters\" \/>\n<meta property=\"article:publisher\" content=\"https:\/\/www.facebook.com\/heartfailurematters\" \/>\n<meta property=\"article:modified_time\" content=\"2025-12-05T10:19:34+00:00\" \/>\n<meta name=\"twitter:card\" content=\"summary_large_image\" \/>\n<meta name=\"twitter:label1\" content=\"Tempo estimado de leitura\" \/>\n\t<meta name=\"twitter:data1\" content=\"6 minutos\" \/>\n<script type=\"application\/ld+json\" class=\"yoast-schema-graph\">{\"@context\":\"https:\/\/schema.org\",\"@graph\":[{\"@type\":\"WebPage\",\"@id\":\"https:\/\/www.heartfailurematters.org\/pt-pt\/o-que-e-a-insuficiencia-cardiaca\/women-and-heart-failure\/\",\"url\":\"https:\/\/www.heartfailurematters.org\/pt-pt\/o-que-e-a-insuficiencia-cardiaca\/women-and-heart-failure\/\",\"name\":\"Mulheres e insufici\u00eancia card\u00edaca - Heart Failure Matters\",\"isPartOf\":{\"@id\":\"https:\/\/www.heartfailurematters.org\/pt-pt\/#website\"},\"datePublished\":\"2024-07-25T13:10:49+00:00\",\"dateModified\":\"2025-12-05T10:19:34+00:00\",\"breadcrumb\":{\"@id\":\"https:\/\/www.heartfailurematters.org\/pt-pt\/o-que-e-a-insuficiencia-cardiaca\/women-and-heart-failure\/#breadcrumb\"},\"inLanguage\":\"pt-PT\",\"potentialAction\":[{\"@type\":\"ReadAction\",\"target\":[\"https:\/\/www.heartfailurematters.org\/pt-pt\/o-que-e-a-insuficiencia-cardiaca\/women-and-heart-failure\/\"]}]},{\"@type\":\"BreadcrumbList\",\"@id\":\"https:\/\/www.heartfailurematters.org\/pt-pt\/o-que-e-a-insuficiencia-cardiaca\/women-and-heart-failure\/#breadcrumb\",\"itemListElement\":[{\"@type\":\"ListItem\",\"position\":1,\"name\":\"P\u00e1gina inicial\",\"item\":\"https:\/\/www.heartfailurematters.org\/pt-pt\/\"},{\"@type\":\"ListItem\",\"position\":2,\"name\":\"Compreender a insufici\u00eancia card\u00edaca\",\"item\":\"https:\/\/www.heartfailurematters.org\/pt-pt\/o-que-e-a-insuficiencia-cardiaca\/\"},{\"@type\":\"ListItem\",\"position\":3,\"name\":\"Mulheres e insufici\u00eancia card\u00edaca\"}]},{\"@type\":\"WebSite\",\"@id\":\"https:\/\/www.heartfailurematters.org\/pt-pt\/#website\",\"url\":\"https:\/\/www.heartfailurematters.org\/pt-pt\/\",\"name\":\"Heart Failure Matters\",\"description\":\"Practical information for patients, families and caregivers.\",\"publisher\":{\"@id\":\"https:\/\/www.heartfailurematters.org\/pt-pt\/#organization\"},\"potentialAction\":[{\"@type\":\"SearchAction\",\"target\":{\"@type\":\"EntryPoint\",\"urlTemplate\":\"https:\/\/www.heartfailurematters.org\/pt-pt\/?s={search_term_string}\"},\"query-input\":{\"@type\":\"PropertyValueSpecification\",\"valueRequired\":true,\"valueName\":\"search_term_string\"}}],\"inLanguage\":\"pt-PT\"},{\"@type\":\"Organization\",\"@id\":\"https:\/\/www.heartfailurematters.org\/pt-pt\/#organization\",\"name\":\"Heart Failure Matters\",\"url\":\"https:\/\/www.heartfailurematters.org\/pt-pt\/\",\"logo\":{\"@type\":\"ImageObject\",\"inLanguage\":\"pt-PT\",\"@id\":\"https:\/\/www.heartfailurematters.org\/pt-pt\/#\/schema\/logo\/image\/\",\"url\":\"https:\/\/cdn-endpoint-hfm.azureedge.net\/heartfailurematters\/2024\/07\/hfm-logo1.jpg\",\"contentUrl\":\"https:\/\/cdn-endpoint-hfm.azureedge.net\/heartfailurematters\/2024\/07\/hfm-logo1.jpg\",\"width\":1280,\"height\":720,\"caption\":\"Heart Failure Matters\"},\"image\":{\"@id\":\"https:\/\/www.heartfailurematters.org\/pt-pt\/#\/schema\/logo\/image\/\"},\"sameAs\":[\"https:\/\/www.facebook.com\/heartfailurematters\"]}]}<\/script>\n<!-- \/ Yoast SEO plugin. -->","yoast_head_json":{"title":"Mulheres e insufici\u00eancia card\u00edaca - Heart Failure Matters","robots":{"index":"index","follow":"follow","max-snippet":"max-snippet:-1","max-image-preview":"max-image-preview:large","max-video-preview":"max-video-preview:-1"},"canonical":"https:\/\/www.heartfailurematters.org\/pt-pt\/o-que-e-a-insuficiencia-cardiaca\/women-and-heart-failure\/","og_locale":"pt_PT","og_type":"article","og_title":"Mulheres e insufici\u00eancia card\u00edaca - Heart Failure Matters","og_description":"Para as mulheres com insufici\u00eancia card\u00edaca, existem momentos espec\u00edficos da sua vida que podem requerer aconselhamento e aten\u00e7\u00e3o particulares. Anos f\u00e9rteis (entre os 15 e 50 anos) \u00c9 importante considerar o poss\u00edvel impacto de uma gravidez no cora\u00e7\u00e3o. Isto ajudar\u00e1 a decidir se deve ou n\u00e3o ter uma gravidez e qual o tipo de contrace\u00e7\u00e3o [&hellip;]","og_url":"https:\/\/www.heartfailurematters.org\/pt-pt\/o-que-e-a-insuficiencia-cardiaca\/women-and-heart-failure\/","og_site_name":"Heart Failure Matters","article_publisher":"https:\/\/www.facebook.com\/heartfailurematters","article_modified_time":"2025-12-05T10:19:34+00:00","twitter_card":"summary_large_image","twitter_misc":{"Tempo estimado de leitura":"6 minutos"},"schema":{"@context":"https:\/\/schema.org","@graph":[{"@type":"WebPage","@id":"https:\/\/www.heartfailurematters.org\/pt-pt\/o-que-e-a-insuficiencia-cardiaca\/women-and-heart-failure\/","url":"https:\/\/www.heartfailurematters.org\/pt-pt\/o-que-e-a-insuficiencia-cardiaca\/women-and-heart-failure\/","name":"Mulheres e insufici\u00eancia card\u00edaca - Heart Failure Matters","isPartOf":{"@id":"https:\/\/www.heartfailurematters.org\/pt-pt\/#website"},"datePublished":"2024-07-25T13:10:49+00:00","dateModified":"2025-12-05T10:19:34+00:00","breadcrumb":{"@id":"https:\/\/www.heartfailurematters.org\/pt-pt\/o-que-e-a-insuficiencia-cardiaca\/women-and-heart-failure\/#breadcrumb"},"inLanguage":"pt-PT","potentialAction":[{"@type":"ReadAction","target":["https:\/\/www.heartfailurematters.org\/pt-pt\/o-que-e-a-insuficiencia-cardiaca\/women-and-heart-failure\/"]}]},{"@type":"BreadcrumbList","@id":"https:\/\/www.heartfailurematters.org\/pt-pt\/o-que-e-a-insuficiencia-cardiaca\/women-and-heart-failure\/#breadcrumb","itemListElement":[{"@type":"ListItem","position":1,"name":"P\u00e1gina inicial","item":"https:\/\/www.heartfailurematters.org\/pt-pt\/"},{"@type":"ListItem","position":2,"name":"Compreender a insufici\u00eancia card\u00edaca","item":"https:\/\/www.heartfailurematters.org\/pt-pt\/o-que-e-a-insuficiencia-cardiaca\/"},{"@type":"ListItem","position":3,"name":"Mulheres e insufici\u00eancia card\u00edaca"}]},{"@type":"WebSite","@id":"https:\/\/www.heartfailurematters.org\/pt-pt\/#website","url":"https:\/\/www.heartfailurematters.org\/pt-pt\/","name":"Heart Failure Matters","description":"Practical information for patients, families and caregivers.","publisher":{"@id":"https:\/\/www.heartfailurematters.org\/pt-pt\/#organization"},"potentialAction":[{"@type":"SearchAction","target":{"@type":"EntryPoint","urlTemplate":"https:\/\/www.heartfailurematters.org\/pt-pt\/?s={search_term_string}"},"query-input":{"@type":"PropertyValueSpecification","valueRequired":true,"valueName":"search_term_string"}}],"inLanguage":"pt-PT"},{"@type":"Organization","@id":"https:\/\/www.heartfailurematters.org\/pt-pt\/#organization","name":"Heart Failure Matters","url":"https:\/\/www.heartfailurematters.org\/pt-pt\/","logo":{"@type":"ImageObject","inLanguage":"pt-PT","@id":"https:\/\/www.heartfailurematters.org\/pt-pt\/#\/schema\/logo\/image\/","url":"https:\/\/cdn-endpoint-hfm.azureedge.net\/heartfailurematters\/2024\/07\/hfm-logo1.jpg","contentUrl":"https:\/\/cdn-endpoint-hfm.azureedge.net\/heartfailurematters\/2024\/07\/hfm-logo1.jpg","width":1280,"height":720,"caption":"Heart Failure Matters"},"image":{"@id":"https:\/\/www.heartfailurematters.org\/pt-pt\/#\/schema\/logo\/image\/"},"sameAs":["https:\/\/www.facebook.com\/heartfailurematters"]}]}},"_links":{"self":[{"href":"https:\/\/www.heartfailurematters.org\/pt-pt\/wp-json\/wp\/v2\/pages\/13472","targetHints":{"allow":["GET"]}}],"collection":[{"href":"https:\/\/www.heartfailurematters.org\/pt-pt\/wp-json\/wp\/v2\/pages"}],"about":[{"href":"https:\/\/www.heartfailurematters.org\/pt-pt\/wp-json\/wp\/v2\/types\/page"}],"author":[{"embeddable":true,"href":"https:\/\/www.heartfailurematters.org\/pt-pt\/wp-json\/wp\/v2\/users\/22"}],"replies":[{"embeddable":true,"href":"https:\/\/www.heartfailurematters.org\/pt-pt\/wp-json\/wp\/v2\/comments?post=13472"}],"version-history":[{"count":1,"href":"https:\/\/www.heartfailurematters.org\/pt-pt\/wp-json\/wp\/v2\/pages\/13472\/revisions"}],"predecessor-version":[{"id":13686,"href":"https:\/\/www.heartfailurematters.org\/pt-pt\/wp-json\/wp\/v2\/pages\/13472\/revisions\/13686"}],"up":[{"embeddable":true,"href":"https:\/\/www.heartfailurematters.org\/pt-pt\/wp-json\/wp\/v2\/pages\/1889"}],"wp:attachment":[{"href":"https:\/\/www.heartfailurematters.org\/pt-pt\/wp-json\/wp\/v2\/media?parent=13472"}],"wp:term":[{"taxonomy":"category","embeddable":true,"href":"https:\/\/www.heartfailurematters.org\/pt-pt\/wp-json\/wp\/v2\/categories?post=13472"},{"taxonomy":"post_tag","embeddable":true,"href":"https:\/\/www.heartfailurematters.org\/pt-pt\/wp-json\/wp\/v2\/tags?post=13472"}],"curies":[{"name":"wp","href":"https:\/\/api.w.org\/{rel}","templated":true}]}}