{"id":13179,"date":"2021-01-28T15:02:15","date_gmt":"2021-01-28T15:02:15","guid":{"rendered":"https:\/\/www.heartfailurematters.org\/sinais-de-aviso-2\/"},"modified":"2023-09-14T10:27:32","modified_gmt":"2023-09-14T09:27:32","slug":"sinais-de-aviso","status":"publish","type":"page","link":"https:\/\/www.heartfailurematters.org\/pt-br\/sinais-de-aviso\/","title":{"rendered":"Sinais de aviso"},"content":{"rendered":"<p>O diagn\u00f3stico de insufici\u00eancia card\u00edaca congestiva \u00e9 de um modo geral baseado numa variedade de <a href=\"https:\/\/www.heartfailurematters.org\/pt-br\/o-que-e-a-insuficiencia-cardiaca\/sintomas-da-insuficiencia-cardiaca\/\">sintomas<\/a> e sinais cl\u00ednicos. Dever\u00e1 conhecer esses <a href=\"https:\/\/www.heartfailurematters.org\/pt-br\/sinais-de-aviso\/sinais-de-aviso\/\">sinais de aviso<\/a>!<\/p>\n<p>Se observados e monitorizados de perto, os sintomas e sinais de aviso podem ser usados para detetar mais cedo o agravamento do seu problema de insufici\u00eancia card\u00edaca e para iniciar medidas de tratamento eficazes. \u00c9 importante notar que os sinais de aviso n\u00e3o dependem diretamente do tipo ou causa da sua insufici\u00eancia card\u00edaca. Pode desejar discutir com o seu m\u00e9dico ou enfermeiro quais destes sinais de aviso s\u00e3o mais relevantes para a sua doen\u00e7a e quando os deve relatar.<\/p>\n<p>Sinais ou sintomas frequentemente observados, que podem ocorrer isoladamente ou em combina\u00e7\u00e3o e, portanto, podem ser usados como &#8220;sinais vermelhos&#8221; ou sinais de aviso incluem:<\/p>\n<ul>\n<li><a href=\"https:\/\/www.heartfailurematters.org\/pt-br\/sinais-de-aviso\/falta-de-ar\/\">Falta de ar<\/a> (dispneia) ou capacidade de exerc\u00edcio visivelmente reduzida<\/li>\n<li><a href=\"https:\/\/www.heartfailurematters.org\/pt-br\/sinais-de-aviso\/dor-toracica\/\">Dor no peito<\/a> (angina de peito)<\/li>\n<li><a href=\"https:\/\/www.heartfailurematters.org\/pt-br\/sinais-de-aviso\/aumento-do-inchaco-das-pernas-ou-tornozelos\/\">P\u00e9s ou tornozelos inchados<\/a> (edema perif\u00e9rico)<\/li>\n<li><a href=\"https:\/\/www.heartfailurematters.org\/pt-br\/sinais-de-aviso\/rapido-aumento-de-peso\/\">Aumento r\u00e1pido de peso<\/a><\/li>\n<li><a href=\"https:\/\/www.heartfailurematters.org\/pt-br\/sinais-de-aviso\/tosse\/\">Agravamento da tosse persistente<\/a><\/li>\n<li><a href=\"https:\/\/www.heartfailurematters.org\/pt-br\/sinais-de-aviso\/palpitacoes\/\">Dist\u00farbios do ritmo card\u00edaco<\/a> (palpita\u00e7\u00f5es)<\/li>\n<li><a href=\"https:\/\/www.heartfailurematters.org\/pt-br\/sinais-de-aviso\/desmaios-e-ou-tonturas\/\">Tonturas e desmaios<\/a><\/li>\n<li><a href=\"https:\/\/www.heartfailurematters.org\/pt-br\/sinais-de-aviso\/perda-de-apetite-e-nauseas\/\">Perda de apetite<\/a> e\/ou perda gradual de peso associada \u00e0 fraqueza geral (caquexia)<\/li>\n<\/ul>\n<p>\u00c9 importante que nenhum desses sinais ou sintomas seja espec\u00edfico. Por exemplo, a falta de ar ou a dor no peito podem dever-se a outras doen\u00e7as para al\u00e9m da insufici\u00eancia card\u00edaca: tamb\u00e9m pode ser um sintoma de enfarte do mioc\u00e1rdio ou de pneumonia com pleurisia.<\/p>\n<p>No entanto, o padr\u00e3o de como esses sinais e sintomas ocorrem repetidamente na sua situa\u00e7\u00e3o individual pode ser espec\u00edfico e informativo. Isto significa que pode treinar-se \u2013 com a ajuda da sua equipa de cuidados \u2013 para reconhecer precocemente quaisquer altera\u00e7\u00f5es do seu estado de sa\u00fade e reagir adequadamente a estes sinais de aviso. Para tal, \u00e9 muito \u00fatil para si e para a sua equipa de cuidados registar os seus sintomas num di\u00e1rio. Encontrar\u00e1 um <a href=\"https:\/\/cdn-endpoint-hfm.azureedge.net\/heartfailurematters\/2021\/02\/Symptoms_and_events_diary.pdf\" target=\"_blank\" rel=\"noopener\">&#8220;di\u00e1rio de sintomas e eventos<\/a>&#8221; simples e em formato de ferramenta descarreg\u00e1vel na p\u00e1gina inicial. Estas informa\u00e7\u00f5es ser\u00e3o valiosas quando for necess\u00e1rio tomar decis\u00f5es sobre a gest\u00e3o dos seus sintomas.<\/p>\n<p>Nesta sec\u00e7\u00e3o, encontrar\u00e1 uma explica\u00e7\u00e3o mais aprofundada de v\u00e1rios sinais de aviso. Se n\u00e3o conseguir encontrar a pergunta que procura, experimente a nossa sec\u00e7\u00e3o de <a href=\"https:\/\/www.heartfailurematters.org\/pt-br\/perguntas-frequentes\/perguntas-mais-frequentes\/\">Perguntas Frequentes<\/a>. Clique em qualquer um dos t\u00f3picos \u00e0 esquerda para ver as perguntas.<\/p>\n","protected":false},"excerpt":{"rendered":"<p>O diagn\u00f3stico de insufici\u00eancia card\u00edaca congestiva \u00e9 de um modo geral baseado numa variedade de sintomas e sinais cl\u00ednicos. Dever\u00e1 conhecer esses sinais de aviso! Se observados e monitorizados de perto, os sintomas e sinais de aviso podem ser usados para detetar mais cedo o agravamento do seu problema de insufici\u00eancia card\u00edaca e para iniciar [&hellip;]<\/p>\n","protected":false},"author":1,"featured_media":0,"parent":0,"menu_order":0,"comment_status":"closed","ping_status":"closed","template":"","meta":{"_acf_changed":false,"footnotes":""},"categories":[202],"tags":[],"class_list":["post-13179","page","type-page","status-publish","hentry","category-warning-signs-pt-br"],"acf":[],"yoast_head":"<!-- This site is optimized with the Yoast SEO plugin v24.8.1 - https:\/\/yoast.com\/wordpress\/plugins\/seo\/ -->\n<title>Sinais de aviso - Heart Failure Matters<\/title>\n<meta name=\"description\" content=\"Caso esteja a experimentar algum destes sinais de aviso relacionados com insufici\u00eancia card\u00edaca, deve contactar o seu m\u00e9dico ou enfermeiro para aconselhamento.\" \/>\n<meta name=\"robots\" content=\"index, follow, max-snippet:-1, max-image-preview:large, max-video-preview:-1\" \/>\n<link rel=\"canonical\" href=\"https:\/\/www.heartfailurematters.org\/pt-br\/sinais-de-aviso\/\" \/>\n<meta property=\"og:locale\" content=\"pt_BR\" \/>\n<meta property=\"og:type\" content=\"article\" \/>\n<meta property=\"og:title\" content=\"Sinais de aviso - Heart Failure Matters\" \/>\n<meta property=\"og:description\" content=\"Caso esteja a experimentar algum destes sinais de aviso relacionados com insufici\u00eancia card\u00edaca, deve contactar o seu m\u00e9dico ou enfermeiro para aconselhamento.\" \/>\n<meta property=\"og:url\" content=\"https:\/\/www.heartfailurematters.org\/pt-br\/sinais-de-aviso\/\" \/>\n<meta property=\"og:site_name\" content=\"Heart Failure Matters\" \/>\n<meta property=\"article:publisher\" content=\"https:\/\/www.facebook.com\/heartfailurematters\" \/>\n<meta property=\"article:modified_time\" content=\"2023-09-14T09:27:32+00:00\" \/>\n<meta name=\"twitter:card\" content=\"summary_large_image\" \/>\n<meta name=\"twitter:label1\" content=\"Est. tempo de leitura\" \/>\n\t<meta name=\"twitter:data1\" content=\"2 minutos\" \/>\n<script type=\"application\/ld+json\" class=\"yoast-schema-graph\">{\"@context\":\"https:\/\/schema.org\",\"@graph\":[{\"@type\":\"WebPage\",\"@id\":\"https:\/\/www.heartfailurematters.org\/pt-br\/sinais-de-aviso\/\",\"url\":\"https:\/\/www.heartfailurematters.org\/pt-br\/sinais-de-aviso\/\",\"name\":\"Sinais de aviso - Heart Failure Matters\",\"isPartOf\":{\"@id\":\"https:\/\/www.heartfailurematters.org\/pt-br\/#website\"},\"datePublished\":\"2021-01-28T15:02:15+00:00\",\"dateModified\":\"2023-09-14T09:27:32+00:00\",\"description\":\"Caso esteja a experimentar algum destes sinais de aviso relacionados com insufici\u00eancia card\u00edaca, deve contactar o seu m\u00e9dico ou enfermeiro para aconselhamento.\",\"breadcrumb\":{\"@id\":\"https:\/\/www.heartfailurematters.org\/pt-br\/sinais-de-aviso\/#breadcrumb\"},\"inLanguage\":\"pt-BR\",\"potentialAction\":[{\"@type\":\"ReadAction\",\"target\":[\"https:\/\/www.heartfailurematters.org\/pt-br\/sinais-de-aviso\/\"]}]},{\"@type\":\"BreadcrumbList\",\"@id\":\"https:\/\/www.heartfailurematters.org\/pt-br\/sinais-de-aviso\/#breadcrumb\",\"itemListElement\":[{\"@type\":\"ListItem\",\"position\":1,\"name\":\"P\u00e1gina inicial\",\"item\":\"https:\/\/www.heartfailurematters.org\/pt-br\/\"},{\"@type\":\"ListItem\",\"position\":2,\"name\":\"Sinais de aviso\"}]},{\"@type\":\"WebSite\",\"@id\":\"https:\/\/www.heartfailurematters.org\/pt-br\/#website\",\"url\":\"https:\/\/www.heartfailurematters.org\/pt-br\/\",\"name\":\"Heart Failure Matters\",\"description\":\"Practical information for patients, families and caregivers.\",\"publisher\":{\"@id\":\"https:\/\/www.heartfailurematters.org\/pt-br\/#organization\"},\"potentialAction\":[{\"@type\":\"SearchAction\",\"target\":{\"@type\":\"EntryPoint\",\"urlTemplate\":\"https:\/\/www.heartfailurematters.org\/pt-br\/?s={search_term_string}\"},\"query-input\":{\"@type\":\"PropertyValueSpecification\",\"valueRequired\":true,\"valueName\":\"search_term_string\"}}],\"inLanguage\":\"pt-BR\"},{\"@type\":\"Organization\",\"@id\":\"https:\/\/www.heartfailurematters.org\/pt-br\/#organization\",\"name\":\"Heart Failure Matters\",\"url\":\"https:\/\/www.heartfailurematters.org\/pt-br\/\",\"logo\":{\"@type\":\"ImageObject\",\"inLanguage\":\"pt-BR\",\"@id\":\"https:\/\/www.heartfailurematters.org\/pt-br\/#\/schema\/logo\/image\/\",\"url\":\"https:\/\/cdn-endpoint-hfm.azureedge.net\/heartfailurematters\/2024\/07\/hfm-logo1.jpg\",\"contentUrl\":\"https:\/\/cdn-endpoint-hfm.azureedge.net\/heartfailurematters\/2024\/07\/hfm-logo1.jpg\",\"width\":1280,\"height\":720,\"caption\":\"Heart Failure Matters\"},\"image\":{\"@id\":\"https:\/\/www.heartfailurematters.org\/pt-br\/#\/schema\/logo\/image\/\"},\"sameAs\":[\"https:\/\/www.facebook.com\/heartfailurematters\"]}]}<\/script>\n<!-- \/ Yoast SEO plugin. -->","yoast_head_json":{"title":"Sinais de aviso - Heart Failure Matters","description":"Caso esteja a experimentar algum destes sinais de aviso relacionados com insufici\u00eancia card\u00edaca, deve contactar o seu m\u00e9dico ou enfermeiro para aconselhamento.","robots":{"index":"index","follow":"follow","max-snippet":"max-snippet:-1","max-image-preview":"max-image-preview:large","max-video-preview":"max-video-preview:-1"},"canonical":"https:\/\/www.heartfailurematters.org\/pt-br\/sinais-de-aviso\/","og_locale":"pt_BR","og_type":"article","og_title":"Sinais de aviso - Heart Failure Matters","og_description":"Caso esteja a experimentar algum destes sinais de aviso relacionados com insufici\u00eancia card\u00edaca, deve contactar o seu m\u00e9dico ou enfermeiro para aconselhamento.","og_url":"https:\/\/www.heartfailurematters.org\/pt-br\/sinais-de-aviso\/","og_site_name":"Heart Failure Matters","article_publisher":"https:\/\/www.facebook.com\/heartfailurematters","article_modified_time":"2023-09-14T09:27:32+00:00","twitter_card":"summary_large_image","twitter_misc":{"Est. tempo de leitura":"2 minutos"},"schema":{"@context":"https:\/\/schema.org","@graph":[{"@type":"WebPage","@id":"https:\/\/www.heartfailurematters.org\/pt-br\/sinais-de-aviso\/","url":"https:\/\/www.heartfailurematters.org\/pt-br\/sinais-de-aviso\/","name":"Sinais de aviso - Heart Failure Matters","isPartOf":{"@id":"https:\/\/www.heartfailurematters.org\/pt-br\/#website"},"datePublished":"2021-01-28T15:02:15+00:00","dateModified":"2023-09-14T09:27:32+00:00","description":"Caso esteja a experimentar algum destes sinais de aviso relacionados com insufici\u00eancia card\u00edaca, deve contactar o seu m\u00e9dico ou enfermeiro para aconselhamento.","breadcrumb":{"@id":"https:\/\/www.heartfailurematters.org\/pt-br\/sinais-de-aviso\/#breadcrumb"},"inLanguage":"pt-BR","potentialAction":[{"@type":"ReadAction","target":["https:\/\/www.heartfailurematters.org\/pt-br\/sinais-de-aviso\/"]}]},{"@type":"BreadcrumbList","@id":"https:\/\/www.heartfailurematters.org\/pt-br\/sinais-de-aviso\/#breadcrumb","itemListElement":[{"@type":"ListItem","position":1,"name":"P\u00e1gina inicial","item":"https:\/\/www.heartfailurematters.org\/pt-br\/"},{"@type":"ListItem","position":2,"name":"Sinais de aviso"}]},{"@type":"WebSite","@id":"https:\/\/www.heartfailurematters.org\/pt-br\/#website","url":"https:\/\/www.heartfailurematters.org\/pt-br\/","name":"Heart Failure Matters","description":"Practical information for patients, families and caregivers.","publisher":{"@id":"https:\/\/www.heartfailurematters.org\/pt-br\/#organization"},"potentialAction":[{"@type":"SearchAction","target":{"@type":"EntryPoint","urlTemplate":"https:\/\/www.heartfailurematters.org\/pt-br\/?s={search_term_string}"},"query-input":{"@type":"PropertyValueSpecification","valueRequired":true,"valueName":"search_term_string"}}],"inLanguage":"pt-BR"},{"@type":"Organization","@id":"https:\/\/www.heartfailurematters.org\/pt-br\/#organization","name":"Heart Failure Matters","url":"https:\/\/www.heartfailurematters.org\/pt-br\/","logo":{"@type":"ImageObject","inLanguage":"pt-BR","@id":"https:\/\/www.heartfailurematters.org\/pt-br\/#\/schema\/logo\/image\/","url":"https:\/\/cdn-endpoint-hfm.azureedge.net\/heartfailurematters\/2024\/07\/hfm-logo1.jpg","contentUrl":"https:\/\/cdn-endpoint-hfm.azureedge.net\/heartfailurematters\/2024\/07\/hfm-logo1.jpg","width":1280,"height":720,"caption":"Heart Failure Matters"},"image":{"@id":"https:\/\/www.heartfailurematters.org\/pt-br\/#\/schema\/logo\/image\/"},"sameAs":["https:\/\/www.facebook.com\/heartfailurematters"]}]}},"_links":{"self":[{"href":"https:\/\/www.heartfailurematters.org\/pt-br\/wp-json\/wp\/v2\/pages\/13179","targetHints":{"allow":["GET"]}}],"collection":[{"href":"https:\/\/www.heartfailurematters.org\/pt-br\/wp-json\/wp\/v2\/pages"}],"about":[{"href":"https:\/\/www.heartfailurematters.org\/pt-br\/wp-json\/wp\/v2\/types\/page"}],"author":[{"embeddable":true,"href":"https:\/\/www.heartfailurematters.org\/pt-br\/wp-json\/wp\/v2\/users\/1"}],"replies":[{"embeddable":true,"href":"https:\/\/www.heartfailurematters.org\/pt-br\/wp-json\/wp\/v2\/comments?post=13179"}],"version-history":[{"count":1,"href":"https:\/\/www.heartfailurematters.org\/pt-br\/wp-json\/wp\/v2\/pages\/13179\/revisions"}],"predecessor-version":[{"id":13180,"href":"https:\/\/www.heartfailurematters.org\/pt-br\/wp-json\/wp\/v2\/pages\/13179\/revisions\/13180"}],"wp:attachment":[{"href":"https:\/\/www.heartfailurematters.org\/pt-br\/wp-json\/wp\/v2\/media?parent=13179"}],"wp:term":[{"taxonomy":"category","embeddable":true,"href":"https:\/\/www.heartfailurematters.org\/pt-br\/wp-json\/wp\/v2\/categories?post=13179"},{"taxonomy":"post_tag","embeddable":true,"href":"https:\/\/www.heartfailurematters.org\/pt-br\/wp-json\/wp\/v2\/tags?post=13179"}],"curies":[{"name":"wp","href":"https:\/\/api.w.org\/{rel}","templated":true}]}}