{"id":13171,"date":"2021-01-27T23:52:33","date_gmt":"2021-01-27T23:52:33","guid":{"rendered":"https:\/\/www.heartfailurematters.org\/o-que-o-seu-medico-ou-enfermeiro-pode-fazer\/"},"modified":"2023-09-14T10:20:12","modified_gmt":"2023-09-14T09:20:12","slug":"o-que-o-seu-medico-ou-enfermeiro-pode-fazer","status":"publish","type":"page","link":"https:\/\/www.heartfailurematters.org\/pt-br\/o-que-o-seu-medico-ou-enfermeiro-pode-fazer\/","title":{"rendered":"O que o seu m\u00e9dico pode fazer"},"content":{"rendered":"<p>Para lidar melhor com a insufici\u00eancia card\u00edaca, particularmente com a insufici\u00eancia card\u00edaca congestiva (ICC), \u00e9 essencial o apoio de uma equipa multidisciplinar de profissionais de sa\u00fade, incluindo o seu m\u00e9dico de fam\u00edlia, com o seu m\u00e9dico e enfermeiro como pessoal de base. Servir\u00e3o como uma refer\u00eancia e ponto de contacto para uma variedade de informa\u00e7\u00f5es que deve recolher para compreender melhor a sua doen\u00e7a e os seus riscos, e tamb\u00e9m sobre as suas op\u00e7\u00f5es de tratamento e oportunidades para melhorar o autocuidado.<\/p>\n<p>Pergunte ao seu m\u00e9dico, pergunte ao seu enfermeiro! Eles t\u00eam forma\u00e7\u00e3o para responder a perguntas sobre f\u00e1rmacos e medicamentos para a insufici\u00eancia card\u00edaca, incluindo os efeitos principais e secund\u00e1rios, op\u00e7\u00f5es de dispositivos, incluindo terapia de ressincroniza\u00e7\u00e3o card\u00edaca (<a href=\"https:\/\/www.heartfailurematters.org\/pt-br\/o-que-o-seu-medico-ou-enfermeiro-pode-fazer\/tratamento-por-ressincronizacao-cardiaca-trc\/\">CRT<\/a>) e\/ou terapia com desfibrilhador implantado (<a href=\"https:\/\/www.heartfailurematters.org\/pt-br\/o-que-o-seu-medico-ou-enfermeiro-pode-fazer\/cardioversor-desfibrilhador-implantavel-cdi\/\">ICD<\/a>) e poss\u00edveis op\u00e7\u00f5es cir\u00fargicas. \u00c9 importante referir que eles tamb\u00e9m podem aconselhar sobre onde obter ajuda adicional, por exemplo, atrav\u00e9s de programas dedicados \u00e0 insufici\u00eancia card\u00edaca ou cl\u00ednicas para insufici\u00eancia card\u00edaca ou a op\u00e7\u00e3o de participar num programa de <a href=\"https:\/\/www.heartfailurematters.org\/pt-br\/o-que-o-seu-medico-ou-enfermeiro-pode-fazer\/telemonitorizacao-monitorizacao-remota-de-doentes-telemetria\/\">telemonitoriza\u00e7\u00e3o<\/a>.<\/p>\n<p>Esta sec\u00e7\u00e3o visa ajud\u00e1-lo a compreender os diferentes tratamentos e servi\u00e7os que pode utilizar para gerir e melhorar a sua capacidade de viver bem com a insufici\u00eancia card\u00edaca.<\/p>\n","protected":false},"excerpt":{"rendered":"<p>Para lidar melhor com a insufici\u00eancia card\u00edaca, particularmente com a insufici\u00eancia card\u00edaca congestiva (ICC), \u00e9 essencial o apoio de uma equipa multidisciplinar de profissionais de sa\u00fade, incluindo o seu m\u00e9dico de fam\u00edlia, com o seu m\u00e9dico e enfermeiro como pessoal de base. Servir\u00e3o como uma refer\u00eancia e ponto de contacto para uma variedade de informa\u00e7\u00f5es [&hellip;]<\/p>\n","protected":false},"author":1,"featured_media":0,"parent":0,"menu_order":0,"comment_status":"closed","ping_status":"closed","template":"","meta":{"_acf_changed":false,"footnotes":""},"categories":[208],"tags":[],"class_list":["post-13171","page","type-page","status-publish","hentry","category-what-your-doctor-can-do-pt-br"],"acf":[],"yoast_head":"<!-- This site is optimized with the Yoast SEO plugin v24.8.1 - https:\/\/yoast.com\/wordpress\/plugins\/seo\/ -->\n<title>O que pode o seu m\u00e9dico fazer em rela\u00e7\u00e3o \u00e0 insufici\u00eancia card\u00edaca?<\/title>\n<meta name=\"description\" content=\"Foi-lhe diagnosticada insufici\u00eancia card\u00edaca? Se seguir os conselhos do seu m\u00e9dico e fizer altera\u00e7\u00f5es simples no estilo de vida, pode sentir-se melhor.\" \/>\n<meta name=\"robots\" content=\"index, follow, max-snippet:-1, max-image-preview:large, max-video-preview:-1\" \/>\n<link rel=\"canonical\" href=\"https:\/\/www.heartfailurematters.org\/pt-br\/o-que-o-seu-medico-ou-enfermeiro-pode-fazer\/\" \/>\n<meta property=\"og:locale\" content=\"pt_BR\" \/>\n<meta property=\"og:type\" content=\"article\" \/>\n<meta property=\"og:title\" content=\"O que pode o seu m\u00e9dico fazer em rela\u00e7\u00e3o \u00e0 insufici\u00eancia card\u00edaca?\" \/>\n<meta property=\"og:description\" content=\"Foi-lhe diagnosticada insufici\u00eancia card\u00edaca? Se seguir os conselhos do seu m\u00e9dico e fizer altera\u00e7\u00f5es simples no estilo de vida, pode sentir-se melhor.\" \/>\n<meta property=\"og:url\" content=\"https:\/\/www.heartfailurematters.org\/pt-br\/o-que-o-seu-medico-ou-enfermeiro-pode-fazer\/\" \/>\n<meta property=\"og:site_name\" content=\"Heart Failure Matters\" \/>\n<meta property=\"article:publisher\" content=\"https:\/\/www.facebook.com\/heartfailurematters\" \/>\n<meta property=\"article:modified_time\" content=\"2023-09-14T09:20:12+00:00\" \/>\n<meta name=\"twitter:card\" content=\"summary_large_image\" \/>\n<meta name=\"twitter:label1\" content=\"Est. tempo de leitura\" \/>\n\t<meta name=\"twitter:data1\" content=\"1 minuto\" \/>\n<script type=\"application\/ld+json\" class=\"yoast-schema-graph\">{\"@context\":\"https:\/\/schema.org\",\"@graph\":[{\"@type\":\"WebPage\",\"@id\":\"https:\/\/www.heartfailurematters.org\/pt-br\/o-que-o-seu-medico-ou-enfermeiro-pode-fazer\/\",\"url\":\"https:\/\/www.heartfailurematters.org\/pt-br\/o-que-o-seu-medico-ou-enfermeiro-pode-fazer\/\",\"name\":\"O que pode o seu m\u00e9dico fazer em rela\u00e7\u00e3o \u00e0 insufici\u00eancia card\u00edaca?\",\"isPartOf\":{\"@id\":\"https:\/\/www.heartfailurematters.org\/pt-br\/#website\"},\"datePublished\":\"2021-01-27T23:52:33+00:00\",\"dateModified\":\"2023-09-14T09:20:12+00:00\",\"description\":\"Foi-lhe diagnosticada insufici\u00eancia card\u00edaca? Se seguir os conselhos do seu m\u00e9dico e fizer altera\u00e7\u00f5es simples no estilo de vida, pode sentir-se melhor.\",\"breadcrumb\":{\"@id\":\"https:\/\/www.heartfailurematters.org\/pt-br\/o-que-o-seu-medico-ou-enfermeiro-pode-fazer\/#breadcrumb\"},\"inLanguage\":\"pt-BR\",\"potentialAction\":[{\"@type\":\"ReadAction\",\"target\":[\"https:\/\/www.heartfailurematters.org\/pt-br\/o-que-o-seu-medico-ou-enfermeiro-pode-fazer\/\"]}]},{\"@type\":\"BreadcrumbList\",\"@id\":\"https:\/\/www.heartfailurematters.org\/pt-br\/o-que-o-seu-medico-ou-enfermeiro-pode-fazer\/#breadcrumb\",\"itemListElement\":[{\"@type\":\"ListItem\",\"position\":1,\"name\":\"P\u00e1gina inicial\",\"item\":\"https:\/\/www.heartfailurematters.org\/pt-br\/\"},{\"@type\":\"ListItem\",\"position\":2,\"name\":\"O que o seu m\u00e9dico pode fazer\"}]},{\"@type\":\"WebSite\",\"@id\":\"https:\/\/www.heartfailurematters.org\/pt-br\/#website\",\"url\":\"https:\/\/www.heartfailurematters.org\/pt-br\/\",\"name\":\"Heart Failure Matters\",\"description\":\"Practical information for patients, families and caregivers.\",\"publisher\":{\"@id\":\"https:\/\/www.heartfailurematters.org\/pt-br\/#organization\"},\"potentialAction\":[{\"@type\":\"SearchAction\",\"target\":{\"@type\":\"EntryPoint\",\"urlTemplate\":\"https:\/\/www.heartfailurematters.org\/pt-br\/?s={search_term_string}\"},\"query-input\":{\"@type\":\"PropertyValueSpecification\",\"valueRequired\":true,\"valueName\":\"search_term_string\"}}],\"inLanguage\":\"pt-BR\"},{\"@type\":\"Organization\",\"@id\":\"https:\/\/www.heartfailurematters.org\/pt-br\/#organization\",\"name\":\"Heart Failure Matters\",\"url\":\"https:\/\/www.heartfailurematters.org\/pt-br\/\",\"logo\":{\"@type\":\"ImageObject\",\"inLanguage\":\"pt-BR\",\"@id\":\"https:\/\/www.heartfailurematters.org\/pt-br\/#\/schema\/logo\/image\/\",\"url\":\"https:\/\/cdn-endpoint-hfm.azureedge.net\/heartfailurematters\/2024\/07\/hfm-logo1.jpg\",\"contentUrl\":\"https:\/\/cdn-endpoint-hfm.azureedge.net\/heartfailurematters\/2024\/07\/hfm-logo1.jpg\",\"width\":1280,\"height\":720,\"caption\":\"Heart Failure Matters\"},\"image\":{\"@id\":\"https:\/\/www.heartfailurematters.org\/pt-br\/#\/schema\/logo\/image\/\"},\"sameAs\":[\"https:\/\/www.facebook.com\/heartfailurematters\"]}]}<\/script>\n<!-- \/ Yoast SEO plugin. -->","yoast_head_json":{"title":"O que pode o seu m\u00e9dico fazer em rela\u00e7\u00e3o \u00e0 insufici\u00eancia card\u00edaca?","description":"Foi-lhe diagnosticada insufici\u00eancia card\u00edaca? Se seguir os conselhos do seu m\u00e9dico e fizer altera\u00e7\u00f5es simples no estilo de vida, pode sentir-se melhor.","robots":{"index":"index","follow":"follow","max-snippet":"max-snippet:-1","max-image-preview":"max-image-preview:large","max-video-preview":"max-video-preview:-1"},"canonical":"https:\/\/www.heartfailurematters.org\/pt-br\/o-que-o-seu-medico-ou-enfermeiro-pode-fazer\/","og_locale":"pt_BR","og_type":"article","og_title":"O que pode o seu m\u00e9dico fazer em rela\u00e7\u00e3o \u00e0 insufici\u00eancia card\u00edaca?","og_description":"Foi-lhe diagnosticada insufici\u00eancia card\u00edaca? Se seguir os conselhos do seu m\u00e9dico e fizer altera\u00e7\u00f5es simples no estilo de vida, pode sentir-se melhor.","og_url":"https:\/\/www.heartfailurematters.org\/pt-br\/o-que-o-seu-medico-ou-enfermeiro-pode-fazer\/","og_site_name":"Heart Failure Matters","article_publisher":"https:\/\/www.facebook.com\/heartfailurematters","article_modified_time":"2023-09-14T09:20:12+00:00","twitter_card":"summary_large_image","twitter_misc":{"Est. tempo de leitura":"1 minuto"},"schema":{"@context":"https:\/\/schema.org","@graph":[{"@type":"WebPage","@id":"https:\/\/www.heartfailurematters.org\/pt-br\/o-que-o-seu-medico-ou-enfermeiro-pode-fazer\/","url":"https:\/\/www.heartfailurematters.org\/pt-br\/o-que-o-seu-medico-ou-enfermeiro-pode-fazer\/","name":"O que pode o seu m\u00e9dico fazer em rela\u00e7\u00e3o \u00e0 insufici\u00eancia card\u00edaca?","isPartOf":{"@id":"https:\/\/www.heartfailurematters.org\/pt-br\/#website"},"datePublished":"2021-01-27T23:52:33+00:00","dateModified":"2023-09-14T09:20:12+00:00","description":"Foi-lhe diagnosticada insufici\u00eancia card\u00edaca? Se seguir os conselhos do seu m\u00e9dico e fizer altera\u00e7\u00f5es simples no estilo de vida, pode sentir-se melhor.","breadcrumb":{"@id":"https:\/\/www.heartfailurematters.org\/pt-br\/o-que-o-seu-medico-ou-enfermeiro-pode-fazer\/#breadcrumb"},"inLanguage":"pt-BR","potentialAction":[{"@type":"ReadAction","target":["https:\/\/www.heartfailurematters.org\/pt-br\/o-que-o-seu-medico-ou-enfermeiro-pode-fazer\/"]}]},{"@type":"BreadcrumbList","@id":"https:\/\/www.heartfailurematters.org\/pt-br\/o-que-o-seu-medico-ou-enfermeiro-pode-fazer\/#breadcrumb","itemListElement":[{"@type":"ListItem","position":1,"name":"P\u00e1gina inicial","item":"https:\/\/www.heartfailurematters.org\/pt-br\/"},{"@type":"ListItem","position":2,"name":"O que o seu m\u00e9dico pode fazer"}]},{"@type":"WebSite","@id":"https:\/\/www.heartfailurematters.org\/pt-br\/#website","url":"https:\/\/www.heartfailurematters.org\/pt-br\/","name":"Heart Failure Matters","description":"Practical information for patients, families and caregivers.","publisher":{"@id":"https:\/\/www.heartfailurematters.org\/pt-br\/#organization"},"potentialAction":[{"@type":"SearchAction","target":{"@type":"EntryPoint","urlTemplate":"https:\/\/www.heartfailurematters.org\/pt-br\/?s={search_term_string}"},"query-input":{"@type":"PropertyValueSpecification","valueRequired":true,"valueName":"search_term_string"}}],"inLanguage":"pt-BR"},{"@type":"Organization","@id":"https:\/\/www.heartfailurematters.org\/pt-br\/#organization","name":"Heart Failure Matters","url":"https:\/\/www.heartfailurematters.org\/pt-br\/","logo":{"@type":"ImageObject","inLanguage":"pt-BR","@id":"https:\/\/www.heartfailurematters.org\/pt-br\/#\/schema\/logo\/image\/","url":"https:\/\/cdn-endpoint-hfm.azureedge.net\/heartfailurematters\/2024\/07\/hfm-logo1.jpg","contentUrl":"https:\/\/cdn-endpoint-hfm.azureedge.net\/heartfailurematters\/2024\/07\/hfm-logo1.jpg","width":1280,"height":720,"caption":"Heart Failure Matters"},"image":{"@id":"https:\/\/www.heartfailurematters.org\/pt-br\/#\/schema\/logo\/image\/"},"sameAs":["https:\/\/www.facebook.com\/heartfailurematters"]}]}},"_links":{"self":[{"href":"https:\/\/www.heartfailurematters.org\/pt-br\/wp-json\/wp\/v2\/pages\/13171","targetHints":{"allow":["GET"]}}],"collection":[{"href":"https:\/\/www.heartfailurematters.org\/pt-br\/wp-json\/wp\/v2\/pages"}],"about":[{"href":"https:\/\/www.heartfailurematters.org\/pt-br\/wp-json\/wp\/v2\/types\/page"}],"author":[{"embeddable":true,"href":"https:\/\/www.heartfailurematters.org\/pt-br\/wp-json\/wp\/v2\/users\/1"}],"replies":[{"embeddable":true,"href":"https:\/\/www.heartfailurematters.org\/pt-br\/wp-json\/wp\/v2\/comments?post=13171"}],"version-history":[{"count":1,"href":"https:\/\/www.heartfailurematters.org\/pt-br\/wp-json\/wp\/v2\/pages\/13171\/revisions"}],"predecessor-version":[{"id":13172,"href":"https:\/\/www.heartfailurematters.org\/pt-br\/wp-json\/wp\/v2\/pages\/13171\/revisions\/13172"}],"wp:attachment":[{"href":"https:\/\/www.heartfailurematters.org\/pt-br\/wp-json\/wp\/v2\/media?parent=13171"}],"wp:term":[{"taxonomy":"category","embeddable":true,"href":"https:\/\/www.heartfailurematters.org\/pt-br\/wp-json\/wp\/v2\/categories?post=13171"},{"taxonomy":"post_tag","embeddable":true,"href":"https:\/\/www.heartfailurematters.org\/pt-br\/wp-json\/wp\/v2\/tags?post=13171"}],"curies":[{"name":"wp","href":"https:\/\/api.w.org\/{rel}","templated":true}]}}