{"id":12780,"date":"2021-01-27T22:06:05","date_gmt":"2021-01-27T22:06:05","guid":{"rendered":"https:\/\/www.heartfailurematters.org\/causas-de-insuficiencia-cardiaca-e-outras-condicoes-medicas-comuns\/terapeutica-do-cancro-e-insuficiencia-cardiaca\/"},"modified":"2023-07-24T16:11:12","modified_gmt":"2023-07-24T15:11:12","slug":"terapeutica-do-cancro-e-insuficiencia-cardiaca","status":"publish","type":"page","link":"https:\/\/www.heartfailurematters.org\/pt-br\/causas-de-insuficiencia-cardiaca-e-outras-condicoes-medicas-comuns\/terapeutica-do-cancro-e-insuficiencia-cardiaca\/","title":{"rendered":"Terap\u00eautica do cancro e insufici\u00eancia card\u00edaca."},"content":{"rendered":"<p>Alguns tipos de tratamentos utilizados em doentes com cancro poder\u00e3o causar insufici\u00eancia card\u00edaca. Estes incluem alguns tipos de quimioterapia, radioterapia tor\u00e1cica e alguns dos \u00faltimos tratamentos orientados para o cancro, tamb\u00e9m conhecidos como terapias biol\u00f3gicas.<\/p>\n<p>Esses tratamentos do cancro poder\u00e3o causar problemas card\u00edacos que podem ser tempor\u00e1rios (curto prazo) ou permanentes (longo prazo). Poder\u00e3o desenvolver-se problemas durante ou logo ap\u00f3s o tratamento do cancro, ou poder\u00e3o desenvolver-se muitos anos depois. O risco de problemas card\u00edacos depende do tipo e dura\u00e7\u00e3o do tratamento do cancro.<\/p>\n<p>O risco de desenvolver insufici\u00eancia card\u00edaca poder\u00e1 ser maior se:<\/p>\n<ul>\n<li>j\u00e1 tiver um problema card\u00edaco antes de iniciar o tratamento do cancro<\/li>\n<li>tiver outros fatores de risco para problemas card\u00edacos, como ser fumador, ter diabetes, press\u00e3o arterial elevada ou idade avan\u00e7ada<\/li>\n<li>precisar de v\u00e1rios tratamentos do cancro que afetam o cora\u00e7\u00e3o<\/li>\n<li>tiver sido sujeito anteriormente a um tratamento do cancro que afetou o cora\u00e7\u00e3o e agora precisa de mais tratamento<\/li>\n<li>recebeu tratamento do cancro quando era crian\u00e7a<\/li>\n<\/ul>\n<p>Se tiver sofrido de insufici\u00eancia card\u00edaca e precisar agora de tratamento do cancro, deve falar com o seu oncologista ou cardiologista para obter orienta\u00e7\u00e3o. Os m\u00e9dicos e enfermeiros sabem que, por vezes, o tratamento do cancro poder\u00e1 causar sinais e sintomas de insufici\u00eancia card\u00edaca, mesmo nos doentes sem problemas card\u00edacos anteriores e poder\u00e3o ajustar o tipo de tratamento do cancro nos doentes com insufici\u00eancia card\u00edaca anterior.<\/p>\n<p>Existem exames eficientes como ecocardiogramas e an\u00e1lises ao sangue, que podem avaliar a fun\u00e7\u00e3o card\u00edaca e detetar sinais de insufici\u00eancia card\u00edaca numa fase inicial. Os efeitos secund\u00e1rios das terapias de cancro necess\u00e1rias s\u00e3o normalmente de curto prazo e ocorrem durante ou pouco tempo depois do tratamento. Quaisquer sintomas, incluindo falta de ar ou reten\u00e7\u00e3o de l\u00edquidos, devem ser discutidos com o seu m\u00e9dico ou enfermeiro o mais rapidamente poss\u00edvel. Consulte a sec\u00e7\u00e3o <a href=\"https:\/\/www.heartfailurematters.org\/pt-br\/sinais-de-aviso\/dor-toracica\/\">Sinais de aviso<\/a>.<\/p>\n<p>Para mais informa\u00e7\u00f5es, leia o folheto informativo \u00ab<a href=\"http:\/\/be.macmillan.org.uk\/Downloads\/CancerInformation\/LivingWithAndAfterCancer\/MAC14637Heart-healthE2lowrespdf20170608.pdf\" target=\"_blank\" rel=\"noopener noreferrer\">Tratamento do cancro e sa\u00fade card\u00edaca<\/a>\u00bb da Macmillan.<\/p>\n","protected":false},"excerpt":{"rendered":"<p>Alguns tipos de tratamentos utilizados em doentes com cancro poder\u00e3o causar insufici\u00eancia card\u00edaca. Estes incluem alguns tipos de quimioterapia, radioterapia tor\u00e1cica e alguns dos \u00faltimos tratamentos orientados para o cancro, tamb\u00e9m conhecidos como terapias biol\u00f3gicas. Esses tratamentos do cancro poder\u00e3o causar problemas card\u00edacos que podem ser tempor\u00e1rios (curto prazo) ou permanentes (longo prazo). Poder\u00e3o desenvolver-se [&hellip;]<\/p>\n","protected":false},"author":1,"featured_media":12503,"parent":12675,"menu_order":16,"comment_status":"open","ping_status":"closed","template":"","meta":{"_acf_changed":false,"footnotes":""},"categories":[208],"tags":[],"class_list":["post-12780","page","type-page","status-publish","has-post-thumbnail","hentry","category-what-your-doctor-can-do-pt-br"],"acf":[],"yoast_head":"<!-- This site is optimized with the Yoast SEO plugin v24.8.1 - https:\/\/yoast.com\/wordpress\/plugins\/seo\/ -->\n<title>Terap\u00eautica do cancro e insufici\u00eancia card\u00edaca.<\/title>\n<meta name=\"description\" content=\"Certos tipos de tratamentos utilizados em doentes com cancro podem causar insuf. card\u00edaca. Estes incluem alguns tipos de quimioterapia e radioterapia tor\u00e1cica.\" \/>\n<meta name=\"robots\" content=\"index, follow, max-snippet:-1, max-image-preview:large, max-video-preview:-1\" \/>\n<link rel=\"canonical\" href=\"https:\/\/www.heartfailurematters.org\/pt-br\/causas-de-insuficiencia-cardiaca-e-outras-condicoes-medicas-comuns\/terapeutica-do-cancro-e-insuficiencia-cardiaca\/\" \/>\n<meta property=\"og:locale\" content=\"pt_BR\" \/>\n<meta property=\"og:type\" content=\"article\" \/>\n<meta property=\"og:title\" content=\"Terap\u00eautica do cancro e insufici\u00eancia card\u00edaca.\" \/>\n<meta property=\"og:description\" content=\"Certos tipos de tratamentos utilizados em doentes com cancro podem causar insuf. card\u00edaca. Estes incluem alguns tipos de quimioterapia e radioterapia tor\u00e1cica.\" \/>\n<meta property=\"og:url\" content=\"https:\/\/www.heartfailurematters.org\/pt-br\/causas-de-insuficiencia-cardiaca-e-outras-condicoes-medicas-comuns\/terapeutica-do-cancro-e-insuficiencia-cardiaca\/\" \/>\n<meta property=\"og:site_name\" content=\"Heart Failure Matters\" \/>\n<meta property=\"article:publisher\" content=\"https:\/\/www.facebook.com\/heartfailurematters\" \/>\n<meta property=\"article:modified_time\" content=\"2023-07-24T15:11:12+00:00\" \/>\n<meta property=\"og:image\" content=\"https:\/\/www.heartfailurematters.org\/wp-content\/uploads\/2022\/03\/shutterstock_529109200-1-min.jpg\" \/>\n\t<meta property=\"og:image:width\" content=\"900\" \/>\n\t<meta property=\"og:image:height\" content=\"599\" \/>\n\t<meta property=\"og:image:type\" content=\"image\/jpeg\" \/>\n<meta name=\"twitter:card\" content=\"summary_large_image\" \/>\n<meta name=\"twitter:label1\" content=\"Est. tempo de leitura\" \/>\n\t<meta name=\"twitter:data1\" content=\"2 minutos\" \/>\n<script type=\"application\/ld+json\" class=\"yoast-schema-graph\">{\"@context\":\"https:\/\/schema.org\",\"@graph\":[{\"@type\":\"WebPage\",\"@id\":\"https:\/\/www.heartfailurematters.org\/pt-br\/causas-de-insuficiencia-cardiaca-e-outras-condicoes-medicas-comuns\/terapeutica-do-cancro-e-insuficiencia-cardiaca\/\",\"url\":\"https:\/\/www.heartfailurematters.org\/pt-br\/causas-de-insuficiencia-cardiaca-e-outras-condicoes-medicas-comuns\/terapeutica-do-cancro-e-insuficiencia-cardiaca\/\",\"name\":\"Terap\u00eautica do cancro e insufici\u00eancia card\u00edaca.\",\"isPartOf\":{\"@id\":\"https:\/\/www.heartfailurematters.org\/pt-br\/#website\"},\"primaryImageOfPage\":{\"@id\":\"https:\/\/www.heartfailurematters.org\/pt-br\/causas-de-insuficiencia-cardiaca-e-outras-condicoes-medicas-comuns\/terapeutica-do-cancro-e-insuficiencia-cardiaca\/#primaryimage\"},\"image\":{\"@id\":\"https:\/\/www.heartfailurematters.org\/pt-br\/causas-de-insuficiencia-cardiaca-e-outras-condicoes-medicas-comuns\/terapeutica-do-cancro-e-insuficiencia-cardiaca\/#primaryimage\"},\"thumbnailUrl\":\"https:\/\/www.heartfailurematters.org\/wp-content\/uploads\/2022\/03\/shutterstock_529109200-1-min.jpg\",\"datePublished\":\"2021-01-27T22:06:05+00:00\",\"dateModified\":\"2023-07-24T15:11:12+00:00\",\"description\":\"Certos tipos de tratamentos utilizados em doentes com cancro podem causar insuf. card\u00edaca. Estes incluem alguns tipos de quimioterapia e radioterapia tor\u00e1cica.\",\"breadcrumb\":{\"@id\":\"https:\/\/www.heartfailurematters.org\/pt-br\/causas-de-insuficiencia-cardiaca-e-outras-condicoes-medicas-comuns\/terapeutica-do-cancro-e-insuficiencia-cardiaca\/#breadcrumb\"},\"inLanguage\":\"pt-BR\",\"potentialAction\":[{\"@type\":\"ReadAction\",\"target\":[\"https:\/\/www.heartfailurematters.org\/pt-br\/causas-de-insuficiencia-cardiaca-e-outras-condicoes-medicas-comuns\/terapeutica-do-cancro-e-insuficiencia-cardiaca\/\"]}]},{\"@type\":\"ImageObject\",\"inLanguage\":\"pt-BR\",\"@id\":\"https:\/\/www.heartfailurematters.org\/pt-br\/causas-de-insuficiencia-cardiaca-e-outras-condicoes-medicas-comuns\/terapeutica-do-cancro-e-insuficiencia-cardiaca\/#primaryimage\",\"url\":\"https:\/\/www.heartfailurematters.org\/wp-content\/uploads\/2022\/03\/shutterstock_529109200-1-min.jpg\",\"contentUrl\":\"https:\/\/www.heartfailurematters.org\/wp-content\/uploads\/2022\/03\/shutterstock_529109200-1-min.jpg\",\"width\":900,\"height\":599},{\"@type\":\"BreadcrumbList\",\"@id\":\"https:\/\/www.heartfailurematters.org\/pt-br\/causas-de-insuficiencia-cardiaca-e-outras-condicoes-medicas-comuns\/terapeutica-do-cancro-e-insuficiencia-cardiaca\/#breadcrumb\",\"itemListElement\":[{\"@type\":\"ListItem\",\"position\":1,\"name\":\"P\u00e1gina inicial\",\"item\":\"https:\/\/www.heartfailurematters.org\/pt-br\/\"},{\"@type\":\"ListItem\",\"position\":2,\"name\":\"Causas de insufici\u00eancia card\u00edaca e outras condi\u00e7\u00f5es m\u00e9dicas comuns\",\"item\":\"https:\/\/www.heartfailurematters.org\/pt-br\/causas-de-insuficiencia-cardiaca-e-outras-condicoes-medicas-comuns\/\"},{\"@type\":\"ListItem\",\"position\":3,\"name\":\"Terap\u00eautica do cancro e insufici\u00eancia card\u00edaca.\"}]},{\"@type\":\"WebSite\",\"@id\":\"https:\/\/www.heartfailurematters.org\/pt-br\/#website\",\"url\":\"https:\/\/www.heartfailurematters.org\/pt-br\/\",\"name\":\"Heart Failure Matters\",\"description\":\"Practical information for patients, families and caregivers.\",\"publisher\":{\"@id\":\"https:\/\/www.heartfailurematters.org\/pt-br\/#organization\"},\"potentialAction\":[{\"@type\":\"SearchAction\",\"target\":{\"@type\":\"EntryPoint\",\"urlTemplate\":\"https:\/\/www.heartfailurematters.org\/pt-br\/?s={search_term_string}\"},\"query-input\":{\"@type\":\"PropertyValueSpecification\",\"valueRequired\":true,\"valueName\":\"search_term_string\"}}],\"inLanguage\":\"pt-BR\"},{\"@type\":\"Organization\",\"@id\":\"https:\/\/www.heartfailurematters.org\/pt-br\/#organization\",\"name\":\"Heart Failure Matters\",\"url\":\"https:\/\/www.heartfailurematters.org\/pt-br\/\",\"logo\":{\"@type\":\"ImageObject\",\"inLanguage\":\"pt-BR\",\"@id\":\"https:\/\/www.heartfailurematters.org\/pt-br\/#\/schema\/logo\/image\/\",\"url\":\"https:\/\/cdn-endpoint-hfm.azureedge.net\/heartfailurematters\/2024\/07\/hfm-logo1.jpg\",\"contentUrl\":\"https:\/\/cdn-endpoint-hfm.azureedge.net\/heartfailurematters\/2024\/07\/hfm-logo1.jpg\",\"width\":1280,\"height\":720,\"caption\":\"Heart Failure Matters\"},\"image\":{\"@id\":\"https:\/\/www.heartfailurematters.org\/pt-br\/#\/schema\/logo\/image\/\"},\"sameAs\":[\"https:\/\/www.facebook.com\/heartfailurematters\"]}]}<\/script>\n<!-- \/ Yoast SEO plugin. -->","yoast_head_json":{"title":"Terap\u00eautica do cancro e insufici\u00eancia card\u00edaca.","description":"Certos tipos de tratamentos utilizados em doentes com cancro podem causar insuf. card\u00edaca. Estes incluem alguns tipos de quimioterapia e radioterapia tor\u00e1cica.","robots":{"index":"index","follow":"follow","max-snippet":"max-snippet:-1","max-image-preview":"max-image-preview:large","max-video-preview":"max-video-preview:-1"},"canonical":"https:\/\/www.heartfailurematters.org\/pt-br\/causas-de-insuficiencia-cardiaca-e-outras-condicoes-medicas-comuns\/terapeutica-do-cancro-e-insuficiencia-cardiaca\/","og_locale":"pt_BR","og_type":"article","og_title":"Terap\u00eautica do cancro e insufici\u00eancia card\u00edaca.","og_description":"Certos tipos de tratamentos utilizados em doentes com cancro podem causar insuf. card\u00edaca. Estes incluem alguns tipos de quimioterapia e radioterapia tor\u00e1cica.","og_url":"https:\/\/www.heartfailurematters.org\/pt-br\/causas-de-insuficiencia-cardiaca-e-outras-condicoes-medicas-comuns\/terapeutica-do-cancro-e-insuficiencia-cardiaca\/","og_site_name":"Heart Failure Matters","article_publisher":"https:\/\/www.facebook.com\/heartfailurematters","article_modified_time":"2023-07-24T15:11:12+00:00","og_image":[{"width":900,"height":599,"url":"https:\/\/www.heartfailurematters.org\/wp-content\/uploads\/2022\/03\/shutterstock_529109200-1-min.jpg","type":"image\/jpeg"}],"twitter_card":"summary_large_image","twitter_misc":{"Est. tempo de leitura":"2 minutos"},"schema":{"@context":"https:\/\/schema.org","@graph":[{"@type":"WebPage","@id":"https:\/\/www.heartfailurematters.org\/pt-br\/causas-de-insuficiencia-cardiaca-e-outras-condicoes-medicas-comuns\/terapeutica-do-cancro-e-insuficiencia-cardiaca\/","url":"https:\/\/www.heartfailurematters.org\/pt-br\/causas-de-insuficiencia-cardiaca-e-outras-condicoes-medicas-comuns\/terapeutica-do-cancro-e-insuficiencia-cardiaca\/","name":"Terap\u00eautica do cancro e insufici\u00eancia card\u00edaca.","isPartOf":{"@id":"https:\/\/www.heartfailurematters.org\/pt-br\/#website"},"primaryImageOfPage":{"@id":"https:\/\/www.heartfailurematters.org\/pt-br\/causas-de-insuficiencia-cardiaca-e-outras-condicoes-medicas-comuns\/terapeutica-do-cancro-e-insuficiencia-cardiaca\/#primaryimage"},"image":{"@id":"https:\/\/www.heartfailurematters.org\/pt-br\/causas-de-insuficiencia-cardiaca-e-outras-condicoes-medicas-comuns\/terapeutica-do-cancro-e-insuficiencia-cardiaca\/#primaryimage"},"thumbnailUrl":"https:\/\/www.heartfailurematters.org\/wp-content\/uploads\/2022\/03\/shutterstock_529109200-1-min.jpg","datePublished":"2021-01-27T22:06:05+00:00","dateModified":"2023-07-24T15:11:12+00:00","description":"Certos tipos de tratamentos utilizados em doentes com cancro podem causar insuf. card\u00edaca. Estes incluem alguns tipos de quimioterapia e radioterapia tor\u00e1cica.","breadcrumb":{"@id":"https:\/\/www.heartfailurematters.org\/pt-br\/causas-de-insuficiencia-cardiaca-e-outras-condicoes-medicas-comuns\/terapeutica-do-cancro-e-insuficiencia-cardiaca\/#breadcrumb"},"inLanguage":"pt-BR","potentialAction":[{"@type":"ReadAction","target":["https:\/\/www.heartfailurematters.org\/pt-br\/causas-de-insuficiencia-cardiaca-e-outras-condicoes-medicas-comuns\/terapeutica-do-cancro-e-insuficiencia-cardiaca\/"]}]},{"@type":"ImageObject","inLanguage":"pt-BR","@id":"https:\/\/www.heartfailurematters.org\/pt-br\/causas-de-insuficiencia-cardiaca-e-outras-condicoes-medicas-comuns\/terapeutica-do-cancro-e-insuficiencia-cardiaca\/#primaryimage","url":"https:\/\/www.heartfailurematters.org\/wp-content\/uploads\/2022\/03\/shutterstock_529109200-1-min.jpg","contentUrl":"https:\/\/www.heartfailurematters.org\/wp-content\/uploads\/2022\/03\/shutterstock_529109200-1-min.jpg","width":900,"height":599},{"@type":"BreadcrumbList","@id":"https:\/\/www.heartfailurematters.org\/pt-br\/causas-de-insuficiencia-cardiaca-e-outras-condicoes-medicas-comuns\/terapeutica-do-cancro-e-insuficiencia-cardiaca\/#breadcrumb","itemListElement":[{"@type":"ListItem","position":1,"name":"P\u00e1gina inicial","item":"https:\/\/www.heartfailurematters.org\/pt-br\/"},{"@type":"ListItem","position":2,"name":"Causas de insufici\u00eancia card\u00edaca e outras condi\u00e7\u00f5es m\u00e9dicas comuns","item":"https:\/\/www.heartfailurematters.org\/pt-br\/causas-de-insuficiencia-cardiaca-e-outras-condicoes-medicas-comuns\/"},{"@type":"ListItem","position":3,"name":"Terap\u00eautica do cancro e insufici\u00eancia card\u00edaca."}]},{"@type":"WebSite","@id":"https:\/\/www.heartfailurematters.org\/pt-br\/#website","url":"https:\/\/www.heartfailurematters.org\/pt-br\/","name":"Heart Failure Matters","description":"Practical information for patients, families and caregivers.","publisher":{"@id":"https:\/\/www.heartfailurematters.org\/pt-br\/#organization"},"potentialAction":[{"@type":"SearchAction","target":{"@type":"EntryPoint","urlTemplate":"https:\/\/www.heartfailurematters.org\/pt-br\/?s={search_term_string}"},"query-input":{"@type":"PropertyValueSpecification","valueRequired":true,"valueName":"search_term_string"}}],"inLanguage":"pt-BR"},{"@type":"Organization","@id":"https:\/\/www.heartfailurematters.org\/pt-br\/#organization","name":"Heart Failure Matters","url":"https:\/\/www.heartfailurematters.org\/pt-br\/","logo":{"@type":"ImageObject","inLanguage":"pt-BR","@id":"https:\/\/www.heartfailurematters.org\/pt-br\/#\/schema\/logo\/image\/","url":"https:\/\/cdn-endpoint-hfm.azureedge.net\/heartfailurematters\/2024\/07\/hfm-logo1.jpg","contentUrl":"https:\/\/cdn-endpoint-hfm.azureedge.net\/heartfailurematters\/2024\/07\/hfm-logo1.jpg","width":1280,"height":720,"caption":"Heart Failure Matters"},"image":{"@id":"https:\/\/www.heartfailurematters.org\/pt-br\/#\/schema\/logo\/image\/"},"sameAs":["https:\/\/www.facebook.com\/heartfailurematters"]}]}},"_links":{"self":[{"href":"https:\/\/www.heartfailurematters.org\/pt-br\/wp-json\/wp\/v2\/pages\/12780","targetHints":{"allow":["GET"]}}],"collection":[{"href":"https:\/\/www.heartfailurematters.org\/pt-br\/wp-json\/wp\/v2\/pages"}],"about":[{"href":"https:\/\/www.heartfailurematters.org\/pt-br\/wp-json\/wp\/v2\/types\/page"}],"author":[{"embeddable":true,"href":"https:\/\/www.heartfailurematters.org\/pt-br\/wp-json\/wp\/v2\/users\/1"}],"replies":[{"embeddable":true,"href":"https:\/\/www.heartfailurematters.org\/pt-br\/wp-json\/wp\/v2\/comments?post=12780"}],"version-history":[{"count":1,"href":"https:\/\/www.heartfailurematters.org\/pt-br\/wp-json\/wp\/v2\/pages\/12780\/revisions"}],"predecessor-version":[{"id":12815,"href":"https:\/\/www.heartfailurematters.org\/pt-br\/wp-json\/wp\/v2\/pages\/12780\/revisions\/12815"}],"up":[{"embeddable":true,"href":"https:\/\/www.heartfailurematters.org\/pt-br\/wp-json\/wp\/v2\/pages\/12675"}],"wp:featuredmedia":[{"embeddable":true,"href":"https:\/\/www.heartfailurematters.org\/pt-br\/wp-json\/wp\/v2\/media\/12503"}],"wp:attachment":[{"href":"https:\/\/www.heartfailurematters.org\/pt-br\/wp-json\/wp\/v2\/media?parent=12780"}],"wp:term":[{"taxonomy":"category","embeddable":true,"href":"https:\/\/www.heartfailurematters.org\/pt-br\/wp-json\/wp\/v2\/categories?post=12780"},{"taxonomy":"post_tag","embeddable":true,"href":"https:\/\/www.heartfailurematters.org\/pt-br\/wp-json\/wp\/v2\/tags?post=12780"}],"curies":[{"name":"wp","href":"https:\/\/api.w.org\/{rel}","templated":true}]}}