{"id":12777,"date":"2021-01-27T22:06:35","date_gmt":"2021-01-27T22:06:35","guid":{"rendered":"https:\/\/www.heartfailurematters.org\/causas-de-insuficiencia-cardiaca-e-outras-condicoes-medicas-comuns\/anemia\/"},"modified":"2021-01-27T22:06:35","modified_gmt":"2021-01-27T22:06:35","slug":"anemia","status":"publish","type":"page","link":"https:\/\/www.heartfailurematters.org\/pt-br\/causas-de-insuficiencia-cardiaca-e-outras-condicoes-medicas-comuns\/anemia\/","title":{"rendered":"Anemia"},"content":{"rendered":"<p>Ter anemia significa que tem uma quantidade invulgarmente baixa de <a class=\"addtooltip\" title=\"Um composto complexo de prote\u00edna e ferro que transporta oxig\u00e9nio at\u00e9 \u00e0s c\u00e9lulas a partir dos pulm\u00f5es e retira di\u00f3xido de carbono das c\u00e9lulas e para os pulm\u00f5es.\"><strong>hemoglobina<\/strong><\/a> no sangue. Os gl\u00f3bulos vermelhos cont\u00eam hemoglobina, que transporta oxig\u00e9nio pelo seu corpo. Por isso, se n\u00e3o tiver gl\u00f3bulos vermelhos suficientes, o cora\u00e7\u00e3o ter\u00e1 de trabalhar mais para mover estas c\u00e9lulas (e o oxig\u00e9nio que transportam) pelo corpo a um ritmo mais r\u00e1pido. Este volume de trabalho adicional pode agravar a insufici\u00eancia card\u00edaca.<\/p>\n<p>A anemia tem v\u00e1rias causas. Uma causa comum \u00e9 a perda sangu\u00ednea cr\u00f3nica, tal como com uma hemorragia intestinal. A hemorragia cr\u00f3nica ir\u00e1 tamb\u00e9m esgotar as reservas de ferro do organismo e provocar uma anemia por defici\u00eancia de ferro. A medula \u00f3ssea produz gl\u00f3bulos vermelhos e condi\u00e7\u00f5es como insufici\u00eancia renal, inflama\u00e7\u00e3o cr\u00f3nica ou tratamento do cancro podem reduzir a produ\u00e7\u00e3o de medula \u00f3ssea e causar anemia. Outras condi\u00e7\u00f5es, por exemplo a presen\u00e7a de uma v\u00e1lvula card\u00edaca artificial, podem por vezes lesionar os gl\u00f3bulos vermelhos em circula\u00e7\u00e3o e causar anemia.<\/p>\n<p>As an\u00e1lises de sangue de rotina realizadas pelo m\u00e9dico de cuidados prim\u00e1rios incluem a medi\u00e7\u00e3o da hemoglobina e identificar\u00e3o a necessidade de investiga\u00e7\u00e3o adicional. Uma vez identificada a causa da anemia, pode ser iniciado o tratamento adequado.<\/p>\n<p><a href=\"https:\/\/www.heartfailurematters.org\/pt-br\/causas-de-insuficiencia-cardiaca-e-outras-condicoes-medicas-comuns\/outras-condicoes-medicas-comuns-e-insuficiencia-cardiaca\/\">Voltar a Outras condi\u00e7\u00f5es m\u00e9dicas comuns e insufici\u00eancia card\u00edaca<\/a><\/p>\n","protected":false},"excerpt":{"rendered":"<p>Ter anemia significa que tem uma quantidade invulgarmente baixa de hemoglobina no sangue. Os gl\u00f3bulos vermelhos cont\u00eam hemoglobina, que transporta oxig\u00e9nio pelo seu corpo. Por isso, se n\u00e3o tiver gl\u00f3bulos vermelhos suficientes, o cora\u00e7\u00e3o ter\u00e1 de trabalhar mais para mover estas c\u00e9lulas (e o oxig\u00e9nio que transportam) pelo corpo a um ritmo mais r\u00e1pido. Este [&hellip;]<\/p>\n","protected":false},"author":1,"featured_media":12488,"parent":12675,"menu_order":13,"comment_status":"open","ping_status":"open","template":"","meta":{"_acf_changed":false,"footnotes":""},"categories":[],"tags":[],"class_list":["post-12777","page","type-page","status-publish","has-post-thumbnail","hentry"],"acf":[],"yoast_head":"<!-- This site is optimized with the Yoast SEO plugin v24.8.1 - https:\/\/yoast.com\/wordpress\/plugins\/seo\/ -->\n<title>Anemia e doentes com insufici\u00eancia card\u00edaca<\/title>\n<meta name=\"description\" content=\"Ter anemia significa que tem uma quantidade invulgarmente baixa de hemoglobina no sangue. Descubra como a anemia pode agravar a insufici\u00eancia card\u00edaca.\" \/>\n<meta name=\"robots\" content=\"index, follow, max-snippet:-1, max-image-preview:large, max-video-preview:-1\" \/>\n<link rel=\"canonical\" href=\"https:\/\/www.heartfailurematters.org\/pt-br\/causas-de-insuficiencia-cardiaca-e-outras-condicoes-medicas-comuns\/anemia\/\" \/>\n<meta property=\"og:locale\" content=\"pt_BR\" \/>\n<meta property=\"og:type\" content=\"article\" \/>\n<meta property=\"og:title\" content=\"Anemia e doentes com insufici\u00eancia card\u00edaca\" \/>\n<meta property=\"og:description\" content=\"Ter anemia significa que tem uma quantidade invulgarmente baixa de hemoglobina no sangue. Descubra como a anemia pode agravar a insufici\u00eancia card\u00edaca.\" \/>\n<meta property=\"og:url\" content=\"https:\/\/www.heartfailurematters.org\/pt-br\/causas-de-insuficiencia-cardiaca-e-outras-condicoes-medicas-comuns\/anemia\/\" \/>\n<meta property=\"og:site_name\" content=\"Heart Failure Matters\" \/>\n<meta property=\"article:publisher\" content=\"https:\/\/www.facebook.com\/heartfailurematters\" \/>\n<meta property=\"og:image\" content=\"https:\/\/www.heartfailurematters.org\/wp-content\/uploads\/2022\/02\/shutterstock_1114244621-1-min.jpg\" \/>\n\t<meta property=\"og:image:width\" content=\"900\" \/>\n\t<meta property=\"og:image:height\" content=\"596\" \/>\n\t<meta property=\"og:image:type\" content=\"image\/jpeg\" \/>\n<meta name=\"twitter:card\" content=\"summary_large_image\" \/>\n<meta name=\"twitter:label1\" content=\"Est. tempo de leitura\" \/>\n\t<meta name=\"twitter:data1\" content=\"1 minuto\" \/>\n<script type=\"application\/ld+json\" class=\"yoast-schema-graph\">{\"@context\":\"https:\/\/schema.org\",\"@graph\":[{\"@type\":\"WebPage\",\"@id\":\"https:\/\/www.heartfailurematters.org\/pt-br\/causas-de-insuficiencia-cardiaca-e-outras-condicoes-medicas-comuns\/anemia\/\",\"url\":\"https:\/\/www.heartfailurematters.org\/pt-br\/causas-de-insuficiencia-cardiaca-e-outras-condicoes-medicas-comuns\/anemia\/\",\"name\":\"Anemia e doentes com insufici\u00eancia card\u00edaca\",\"isPartOf\":{\"@id\":\"https:\/\/www.heartfailurematters.org\/pt-br\/#website\"},\"primaryImageOfPage\":{\"@id\":\"https:\/\/www.heartfailurematters.org\/pt-br\/causas-de-insuficiencia-cardiaca-e-outras-condicoes-medicas-comuns\/anemia\/#primaryimage\"},\"image\":{\"@id\":\"https:\/\/www.heartfailurematters.org\/pt-br\/causas-de-insuficiencia-cardiaca-e-outras-condicoes-medicas-comuns\/anemia\/#primaryimage\"},\"thumbnailUrl\":\"https:\/\/www.heartfailurematters.org\/wp-content\/uploads\/2022\/02\/shutterstock_1114244621-1-min.jpg\",\"datePublished\":\"2021-01-27T22:06:35+00:00\",\"description\":\"Ter anemia significa que tem uma quantidade invulgarmente baixa de hemoglobina no sangue. Descubra como a anemia pode agravar a insufici\u00eancia card\u00edaca.\",\"breadcrumb\":{\"@id\":\"https:\/\/www.heartfailurematters.org\/pt-br\/causas-de-insuficiencia-cardiaca-e-outras-condicoes-medicas-comuns\/anemia\/#breadcrumb\"},\"inLanguage\":\"pt-BR\",\"potentialAction\":[{\"@type\":\"ReadAction\",\"target\":[\"https:\/\/www.heartfailurematters.org\/pt-br\/causas-de-insuficiencia-cardiaca-e-outras-condicoes-medicas-comuns\/anemia\/\"]}]},{\"@type\":\"ImageObject\",\"inLanguage\":\"pt-BR\",\"@id\":\"https:\/\/www.heartfailurematters.org\/pt-br\/causas-de-insuficiencia-cardiaca-e-outras-condicoes-medicas-comuns\/anemia\/#primaryimage\",\"url\":\"https:\/\/www.heartfailurematters.org\/wp-content\/uploads\/2022\/02\/shutterstock_1114244621-1-min.jpg\",\"contentUrl\":\"https:\/\/www.heartfailurematters.org\/wp-content\/uploads\/2022\/02\/shutterstock_1114244621-1-min.jpg\",\"width\":900,\"height\":596},{\"@type\":\"BreadcrumbList\",\"@id\":\"https:\/\/www.heartfailurematters.org\/pt-br\/causas-de-insuficiencia-cardiaca-e-outras-condicoes-medicas-comuns\/anemia\/#breadcrumb\",\"itemListElement\":[{\"@type\":\"ListItem\",\"position\":1,\"name\":\"P\u00e1gina inicial\",\"item\":\"https:\/\/www.heartfailurematters.org\/pt-br\/\"},{\"@type\":\"ListItem\",\"position\":2,\"name\":\"Causas de insufici\u00eancia card\u00edaca e outras condi\u00e7\u00f5es m\u00e9dicas comuns\",\"item\":\"https:\/\/www.heartfailurematters.org\/pt-br\/causas-de-insuficiencia-cardiaca-e-outras-condicoes-medicas-comuns\/\"},{\"@type\":\"ListItem\",\"position\":3,\"name\":\"Anemia\"}]},{\"@type\":\"WebSite\",\"@id\":\"https:\/\/www.heartfailurematters.org\/pt-br\/#website\",\"url\":\"https:\/\/www.heartfailurematters.org\/pt-br\/\",\"name\":\"Heart Failure Matters\",\"description\":\"Practical information for patients, families and caregivers.\",\"publisher\":{\"@id\":\"https:\/\/www.heartfailurematters.org\/pt-br\/#organization\"},\"potentialAction\":[{\"@type\":\"SearchAction\",\"target\":{\"@type\":\"EntryPoint\",\"urlTemplate\":\"https:\/\/www.heartfailurematters.org\/pt-br\/?s={search_term_string}\"},\"query-input\":{\"@type\":\"PropertyValueSpecification\",\"valueRequired\":true,\"valueName\":\"search_term_string\"}}],\"inLanguage\":\"pt-BR\"},{\"@type\":\"Organization\",\"@id\":\"https:\/\/www.heartfailurematters.org\/pt-br\/#organization\",\"name\":\"Heart Failure Matters\",\"url\":\"https:\/\/www.heartfailurematters.org\/pt-br\/\",\"logo\":{\"@type\":\"ImageObject\",\"inLanguage\":\"pt-BR\",\"@id\":\"https:\/\/www.heartfailurematters.org\/pt-br\/#\/schema\/logo\/image\/\",\"url\":\"https:\/\/cdn-endpoint-hfm.azureedge.net\/heartfailurematters\/2024\/07\/hfm-logo1.jpg\",\"contentUrl\":\"https:\/\/cdn-endpoint-hfm.azureedge.net\/heartfailurematters\/2024\/07\/hfm-logo1.jpg\",\"width\":1280,\"height\":720,\"caption\":\"Heart Failure Matters\"},\"image\":{\"@id\":\"https:\/\/www.heartfailurematters.org\/pt-br\/#\/schema\/logo\/image\/\"},\"sameAs\":[\"https:\/\/www.facebook.com\/heartfailurematters\"]}]}<\/script>\n<!-- \/ Yoast SEO plugin. -->","yoast_head_json":{"title":"Anemia e doentes com insufici\u00eancia card\u00edaca","description":"Ter anemia significa que tem uma quantidade invulgarmente baixa de hemoglobina no sangue. Descubra como a anemia pode agravar a insufici\u00eancia card\u00edaca.","robots":{"index":"index","follow":"follow","max-snippet":"max-snippet:-1","max-image-preview":"max-image-preview:large","max-video-preview":"max-video-preview:-1"},"canonical":"https:\/\/www.heartfailurematters.org\/pt-br\/causas-de-insuficiencia-cardiaca-e-outras-condicoes-medicas-comuns\/anemia\/","og_locale":"pt_BR","og_type":"article","og_title":"Anemia e doentes com insufici\u00eancia card\u00edaca","og_description":"Ter anemia significa que tem uma quantidade invulgarmente baixa de hemoglobina no sangue. Descubra como a anemia pode agravar a insufici\u00eancia card\u00edaca.","og_url":"https:\/\/www.heartfailurematters.org\/pt-br\/causas-de-insuficiencia-cardiaca-e-outras-condicoes-medicas-comuns\/anemia\/","og_site_name":"Heart Failure Matters","article_publisher":"https:\/\/www.facebook.com\/heartfailurematters","og_image":[{"width":900,"height":596,"url":"https:\/\/www.heartfailurematters.org\/wp-content\/uploads\/2022\/02\/shutterstock_1114244621-1-min.jpg","type":"image\/jpeg"}],"twitter_card":"summary_large_image","twitter_misc":{"Est. tempo de leitura":"1 minuto"},"schema":{"@context":"https:\/\/schema.org","@graph":[{"@type":"WebPage","@id":"https:\/\/www.heartfailurematters.org\/pt-br\/causas-de-insuficiencia-cardiaca-e-outras-condicoes-medicas-comuns\/anemia\/","url":"https:\/\/www.heartfailurematters.org\/pt-br\/causas-de-insuficiencia-cardiaca-e-outras-condicoes-medicas-comuns\/anemia\/","name":"Anemia e doentes com insufici\u00eancia card\u00edaca","isPartOf":{"@id":"https:\/\/www.heartfailurematters.org\/pt-br\/#website"},"primaryImageOfPage":{"@id":"https:\/\/www.heartfailurematters.org\/pt-br\/causas-de-insuficiencia-cardiaca-e-outras-condicoes-medicas-comuns\/anemia\/#primaryimage"},"image":{"@id":"https:\/\/www.heartfailurematters.org\/pt-br\/causas-de-insuficiencia-cardiaca-e-outras-condicoes-medicas-comuns\/anemia\/#primaryimage"},"thumbnailUrl":"https:\/\/www.heartfailurematters.org\/wp-content\/uploads\/2022\/02\/shutterstock_1114244621-1-min.jpg","datePublished":"2021-01-27T22:06:35+00:00","description":"Ter anemia significa que tem uma quantidade invulgarmente baixa de hemoglobina no sangue. Descubra como a anemia pode agravar a insufici\u00eancia card\u00edaca.","breadcrumb":{"@id":"https:\/\/www.heartfailurematters.org\/pt-br\/causas-de-insuficiencia-cardiaca-e-outras-condicoes-medicas-comuns\/anemia\/#breadcrumb"},"inLanguage":"pt-BR","potentialAction":[{"@type":"ReadAction","target":["https:\/\/www.heartfailurematters.org\/pt-br\/causas-de-insuficiencia-cardiaca-e-outras-condicoes-medicas-comuns\/anemia\/"]}]},{"@type":"ImageObject","inLanguage":"pt-BR","@id":"https:\/\/www.heartfailurematters.org\/pt-br\/causas-de-insuficiencia-cardiaca-e-outras-condicoes-medicas-comuns\/anemia\/#primaryimage","url":"https:\/\/www.heartfailurematters.org\/wp-content\/uploads\/2022\/02\/shutterstock_1114244621-1-min.jpg","contentUrl":"https:\/\/www.heartfailurematters.org\/wp-content\/uploads\/2022\/02\/shutterstock_1114244621-1-min.jpg","width":900,"height":596},{"@type":"BreadcrumbList","@id":"https:\/\/www.heartfailurematters.org\/pt-br\/causas-de-insuficiencia-cardiaca-e-outras-condicoes-medicas-comuns\/anemia\/#breadcrumb","itemListElement":[{"@type":"ListItem","position":1,"name":"P\u00e1gina inicial","item":"https:\/\/www.heartfailurematters.org\/pt-br\/"},{"@type":"ListItem","position":2,"name":"Causas de insufici\u00eancia card\u00edaca e outras condi\u00e7\u00f5es m\u00e9dicas comuns","item":"https:\/\/www.heartfailurematters.org\/pt-br\/causas-de-insuficiencia-cardiaca-e-outras-condicoes-medicas-comuns\/"},{"@type":"ListItem","position":3,"name":"Anemia"}]},{"@type":"WebSite","@id":"https:\/\/www.heartfailurematters.org\/pt-br\/#website","url":"https:\/\/www.heartfailurematters.org\/pt-br\/","name":"Heart Failure Matters","description":"Practical information for patients, families and caregivers.","publisher":{"@id":"https:\/\/www.heartfailurematters.org\/pt-br\/#organization"},"potentialAction":[{"@type":"SearchAction","target":{"@type":"EntryPoint","urlTemplate":"https:\/\/www.heartfailurematters.org\/pt-br\/?s={search_term_string}"},"query-input":{"@type":"PropertyValueSpecification","valueRequired":true,"valueName":"search_term_string"}}],"inLanguage":"pt-BR"},{"@type":"Organization","@id":"https:\/\/www.heartfailurematters.org\/pt-br\/#organization","name":"Heart Failure Matters","url":"https:\/\/www.heartfailurematters.org\/pt-br\/","logo":{"@type":"ImageObject","inLanguage":"pt-BR","@id":"https:\/\/www.heartfailurematters.org\/pt-br\/#\/schema\/logo\/image\/","url":"https:\/\/cdn-endpoint-hfm.azureedge.net\/heartfailurematters\/2024\/07\/hfm-logo1.jpg","contentUrl":"https:\/\/cdn-endpoint-hfm.azureedge.net\/heartfailurematters\/2024\/07\/hfm-logo1.jpg","width":1280,"height":720,"caption":"Heart Failure Matters"},"image":{"@id":"https:\/\/www.heartfailurematters.org\/pt-br\/#\/schema\/logo\/image\/"},"sameAs":["https:\/\/www.facebook.com\/heartfailurematters"]}]}},"_links":{"self":[{"href":"https:\/\/www.heartfailurematters.org\/pt-br\/wp-json\/wp\/v2\/pages\/12777","targetHints":{"allow":["GET"]}}],"collection":[{"href":"https:\/\/www.heartfailurematters.org\/pt-br\/wp-json\/wp\/v2\/pages"}],"about":[{"href":"https:\/\/www.heartfailurematters.org\/pt-br\/wp-json\/wp\/v2\/types\/page"}],"author":[{"embeddable":true,"href":"https:\/\/www.heartfailurematters.org\/pt-br\/wp-json\/wp\/v2\/users\/1"}],"replies":[{"embeddable":true,"href":"https:\/\/www.heartfailurematters.org\/pt-br\/wp-json\/wp\/v2\/comments?post=12777"}],"version-history":[{"count":0,"href":"https:\/\/www.heartfailurematters.org\/pt-br\/wp-json\/wp\/v2\/pages\/12777\/revisions"}],"up":[{"embeddable":true,"href":"https:\/\/www.heartfailurematters.org\/pt-br\/wp-json\/wp\/v2\/pages\/12675"}],"wp:featuredmedia":[{"embeddable":true,"href":"https:\/\/www.heartfailurematters.org\/pt-br\/wp-json\/wp\/v2\/media\/12488"}],"wp:attachment":[{"href":"https:\/\/www.heartfailurematters.org\/pt-br\/wp-json\/wp\/v2\/media?parent=12777"}],"wp:term":[{"taxonomy":"category","embeddable":true,"href":"https:\/\/www.heartfailurematters.org\/pt-br\/wp-json\/wp\/v2\/categories?post=12777"},{"taxonomy":"post_tag","embeddable":true,"href":"https:\/\/www.heartfailurematters.org\/pt-br\/wp-json\/wp\/v2\/tags?post=12777"}],"curies":[{"name":"wp","href":"https:\/\/api.w.org\/{rel}","templated":true}]}}