{"id":12774,"date":"2021-01-27T22:06:27","date_gmt":"2021-01-27T22:06:27","guid":{"rendered":"https:\/\/www.heartfailurematters.org\/o-que-e-a-insuficiencia-cardiaca\/quais-sao-as-causas-da-insuficiencia-cardiaca\/"},"modified":"2023-07-24T16:05:11","modified_gmt":"2023-07-24T15:05:11","slug":"quais-sao-as-causas-da-insuficiencia-cardiaca","status":"publish","type":"page","link":"https:\/\/www.heartfailurematters.org\/pt-br\/o-que-e-a-insuficiencia-cardiaca\/quais-sao-as-causas-da-insuficiencia-cardiaca\/","title":{"rendered":"Quais s\u00e3o as causas da insufici\u00eancia card\u00edaca?"},"content":{"rendered":"<p>Os doentes e os prestadores de cuidados dizem-nos que \u00e9 importante saber por que raz\u00e3o t\u00eam insufici\u00eancia card\u00edaca para ser poss\u00edvel contextualizar o diagn\u00f3stico. A insufici\u00eancia card\u00edaca pode ser causada por doen\u00e7as anteriores ou atuais que, por sua vez, provocaram les\u00f5es ou sobrecarregaram o cora\u00e7\u00e3o. Se tiver (ou teve) mais do que uma destas doen\u00e7as, o risco de vir a desenvolver insufici\u00eancia card\u00edaca \u00e9 significativamente alto. O seu m\u00e9dico poder\u00e1 dizer-lhe quais as causas da sua insufici\u00eancia card\u00edaca.<\/p>\n<p>Esta sec\u00e7\u00e3o indica as diferentes doen\u00e7as que podem causar ou desencadear a insufici\u00eancia card\u00edaca, explicando em que consiste cada doen\u00e7a e como pode causar a insufici\u00eancia card\u00edaca. Basta clicar em qualquer uma das doen\u00e7as abaixo, para obter mais informa\u00e7\u00f5es.<\/p>\n<p>Algumas das causas mais comuns da insufici\u00eancia card\u00edaca incluem:<\/p>\n<ul>\n<li><a title=\"Past heart attacks\" href=\"https:\/\/www.heartfailurematters.org\/pt-br\/causas-de-insuficiencia-cardiaca-e-outras-condicoes-medicas-comuns\/ataques-cardiacos-no-passado\/\">Ataques card\u00edacos no passado<\/a><\/li>\n<li><a title=\"Coronary artery disease\" href=\"https:\/\/www.heartfailurematters.org\/pt-br\/causas-de-insuficiencia-cardiaca-e-outras-condicoes-medicas-comuns\/doenca-das-arterias-coronarias\/\">Doen\u00e7a das art\u00e9rias coron\u00e1rias<\/a><\/li>\n<li><a title=\"High blood pressure\" href=\"https:\/\/www.heartfailurematters.org\/pt-br\/causas-de-insuficiencia-cardiaca-e-outras-condicoes-medicas-comuns\/pressao-arterial-elevada\/\">Press\u00e3o arterial elevada<\/a><\/li>\n<li><a title=\"Heart valve disease\" href=\"https:\/\/www.heartfailurematters.org\/pt-br\/causas-de-insuficiencia-cardiaca-e-outras-condicoes-medicas-comuns\/doenca-das-valvulas-cardiacas\/\">Doen\u00e7a das v\u00e1lvulas card\u00edacas<\/a><\/li>\n<li><a title=\"Heart muscle disease or inflammation of the heart\" href=\"https:\/\/www.heartfailurematters.org\/pt-br\/causas-de-insuficiencia-cardiaca-e-outras-condicoes-medicas-comuns\/doenca-do-musculo-cardiaco-ou-inflamacao-do-coracao\/\">Doen\u00e7a do m\u00fasculo card\u00edaco ou inflama\u00e7\u00e3o do cora\u00e7\u00e3o<\/a><\/li>\n<li><a title=\"Congenital heart defects\" href=\"https:\/\/www.heartfailurematters.org\/pt-br\/causas-de-insuficiencia-cardiaca-e-outras-condicoes-medicas-comuns\/defeitos-cardiacos-congenitos\/\">Defeitos card\u00edacos cong\u00e9nitos<\/a><\/li>\n<li><a title=\"Lung conditions\" href=\"https:\/\/www.heartfailurematters.org\/pt-br\/causas-de-insuficiencia-cardiaca-e-outras-condicoes-medicas-comuns\/doenca-pulmonar\/\">Doen\u00e7as pulmonares<\/a><\/li>\n<li><a title=\"Alcohol \/ drug abuse\" href=\"https:\/\/www.heartfailurematters.org\/pt-pt\/causas-de-insuficiencia-cardiaca-e-outras-condicoes-medicas-comuns\/abuso-de-alcool-e-drogas\/\">Abuso de \u00e1lcool e drogas<\/a><\/li>\n<\/ul>\n<p>Com menor frequ\u00eancia, uma pessoa cujo organismo est\u00e1 a compensar bem a insufici\u00eancia card\u00edaca poder\u00e1 desenvolver sintomas se o cora\u00e7\u00e3o se tornar temporariamente incapaz de responder \u00e0s necessidades do organismo. As doen\u00e7as que podem desencadear este tipo de insufici\u00eancia card\u00edaca incluem:<\/p>\n<ul>\n<li><a title=\"Infection\" href=\"https:\/\/www.heartfailurematters.org\/pt-pt\/causas-de-insuficiencia-cardiaca-e-outras-condicoes-medicas-comuns\/infecao\/\">Infe\u00e7\u00e3o<\/a><\/li>\n<li><a title=\"Kidney disease \/ poor kidney function\" href=\"https:\/\/www.heartfailurematters.org\/pt-pt\/causas-de-insuficiencia-cardiaca-e-outras-condicoes-medicas-comuns\/doenca-renal-e-insuficiencia-renal\/\">Doen\u00e7a renal e insufici\u00eancia renal<\/a><\/li>\n<li><a title=\"Anaemia\" href=\"https:\/\/www.heartfailurematters.org\/pt-pt\/causas-de-insuficiencia-cardiaca-e-outras-condicoes-medicas-comuns\/anemia\/\">Anemia<\/a><\/li>\n<li><a title=\"Abnormal heart rhythm\" href=\"https:\/\/www.heartfailurematters.org\/pt-br\/causas-de-insuficiencia-cardiaca-e-outras-condicoes-medicas-comuns\/ritmo-cardiaco-irregular\/\">Ritmo card\u00edaco anormal<\/a><\/li>\n<li><a title=\"Overactive thyroid gland\" href=\"https:\/\/www.heartfailurematters.org\/pt-pt\/causas-de-insuficiencia-cardiaca-e-outras-condicoes-medicas-comuns\/tiroide-hiperativa\/\">Gl\u00e2ndula tiroide hiperativa<\/a><\/li>\n<\/ul>\n<p>Se estes desencadeadores forem tratados, a insufici\u00eancia card\u00edaca poder\u00e1 melhorar.<\/p>\n<p>Outras doen\u00e7as, como a <a title=\"diabetes\" href=\"https:\/\/www.heartfailurematters.org\/pt-br\/causas-de-insuficiencia-cardiaca-e-outras-condicoes-medicas-comuns\/diabetes\/\">diabetes<\/a>, poder\u00e3o agravar a insufici\u00eancia card\u00edaca.<\/p>\n<p>Al\u00e9m disso, as pessoas com insufici\u00eancia card\u00edaca tornam-se muitas vezes sintom\u00e1ticas se deixarem de tomar os medicamentos ou se n\u00e3o seguirem o plano de tratamento corretamente.<\/p>\n<p>Para <a title=\"For tips on managing your medicines and following your treatment plan\" href=\"https:\/\/www.heartfailurematters.org\/pt-br\/o-que-o-seu-medico-ou-enfermeiro-pode-fazer\/a-importancia-de-tomar-os-medicamentos\/\">obter sugest\u00f5es sobre como gerir os medicamentos e seguir o plano de tratamento<\/a>, clique aqui.<\/p>\n<p>No caso de algumas pessoas, a causa da insufici\u00eancia card\u00edaca \u00e9 desconhecida e n\u00e3o t\u00eam nenhuma das doen\u00e7as acima descritas.<\/p>\n<p>Se n\u00e3o tiver a certeza do que causou a sua insufici\u00eancia card\u00edaca, dever\u00e1 falar com o seu m\u00e9dico.<\/p>\n","protected":false},"excerpt":{"rendered":"<p>Os doentes e os prestadores de cuidados dizem-nos que \u00e9 importante saber por que raz\u00e3o t\u00eam insufici\u00eancia card\u00edaca para ser poss\u00edvel contextualizar o diagn\u00f3stico. A insufici\u00eancia card\u00edaca pode ser causada por doen\u00e7as anteriores ou atuais que, por sua vez, provocaram les\u00f5es ou sobrecarregaram o cora\u00e7\u00e3o. Se tiver (ou teve) mais do que uma destas doen\u00e7as, [&hellip;]<\/p>\n","protected":false},"author":1,"featured_media":0,"parent":13168,"menu_order":12,"comment_status":"open","ping_status":"closed","template":"","meta":{"_acf_changed":false,"footnotes":""},"categories":[210],"tags":[],"class_list":["post-12774","page","type-page","status-publish","hentry","category-understanding-heart-failure-pt-br"],"acf":[],"yoast_head":"<!-- This site is optimized with the Yoast SEO plugin v24.8.1 - https:\/\/yoast.com\/wordpress\/plugins\/seo\/ -->\n<title>Quais s\u00e3o as causas da insufici\u00eancia card\u00edaca?<\/title>\n<meta name=\"description\" content=\"Esta \u00e9 uma lista das diferentes condi\u00e7\u00f5es que podem causar\/desencadear insuf. card\u00edaca, explicando em que consiste cada condi\u00e7\u00e3o e os problemas que podem causar\" \/>\n<meta name=\"robots\" content=\"index, follow, max-snippet:-1, max-image-preview:large, max-video-preview:-1\" \/>\n<link rel=\"canonical\" href=\"https:\/\/www.heartfailurematters.org\/pt-br\/o-que-e-a-insuficiencia-cardiaca\/quais-sao-as-causas-da-insuficiencia-cardiaca\/\" \/>\n<meta property=\"og:locale\" content=\"pt_BR\" \/>\n<meta property=\"og:type\" content=\"article\" \/>\n<meta property=\"og:title\" content=\"Quais s\u00e3o as causas da insufici\u00eancia card\u00edaca?\" \/>\n<meta property=\"og:description\" content=\"Esta \u00e9 uma lista das diferentes condi\u00e7\u00f5es que podem causar\/desencadear insuf. card\u00edaca, explicando em que consiste cada condi\u00e7\u00e3o e os problemas que podem causar\" \/>\n<meta property=\"og:url\" content=\"https:\/\/www.heartfailurematters.org\/pt-br\/o-que-e-a-insuficiencia-cardiaca\/quais-sao-as-causas-da-insuficiencia-cardiaca\/\" \/>\n<meta property=\"og:site_name\" content=\"Heart Failure Matters\" \/>\n<meta property=\"article:publisher\" content=\"https:\/\/www.facebook.com\/heartfailurematters\" \/>\n<meta property=\"article:modified_time\" content=\"2023-07-24T15:05:11+00:00\" \/>\n<meta name=\"twitter:card\" content=\"summary_large_image\" \/>\n<meta name=\"twitter:label1\" content=\"Est. tempo de leitura\" \/>\n\t<meta name=\"twitter:data1\" content=\"2 minutos\" \/>\n<script type=\"application\/ld+json\" class=\"yoast-schema-graph\">{\"@context\":\"https:\/\/schema.org\",\"@graph\":[{\"@type\":\"WebPage\",\"@id\":\"https:\/\/www.heartfailurematters.org\/pt-br\/o-que-e-a-insuficiencia-cardiaca\/quais-sao-as-causas-da-insuficiencia-cardiaca\/\",\"url\":\"https:\/\/www.heartfailurematters.org\/pt-br\/o-que-e-a-insuficiencia-cardiaca\/quais-sao-as-causas-da-insuficiencia-cardiaca\/\",\"name\":\"Quais s\u00e3o as causas da insufici\u00eancia card\u00edaca?\",\"isPartOf\":{\"@id\":\"https:\/\/www.heartfailurematters.org\/pt-br\/#website\"},\"datePublished\":\"2021-01-27T22:06:27+00:00\",\"dateModified\":\"2023-07-24T15:05:11+00:00\",\"description\":\"Esta \u00e9 uma lista das diferentes condi\u00e7\u00f5es que podem causar\/desencadear insuf. card\u00edaca, explicando em que consiste cada condi\u00e7\u00e3o e os problemas que podem causar\",\"breadcrumb\":{\"@id\":\"https:\/\/www.heartfailurematters.org\/pt-br\/o-que-e-a-insuficiencia-cardiaca\/quais-sao-as-causas-da-insuficiencia-cardiaca\/#breadcrumb\"},\"inLanguage\":\"pt-BR\",\"potentialAction\":[{\"@type\":\"ReadAction\",\"target\":[\"https:\/\/www.heartfailurematters.org\/pt-br\/o-que-e-a-insuficiencia-cardiaca\/quais-sao-as-causas-da-insuficiencia-cardiaca\/\"]}]},{\"@type\":\"BreadcrumbList\",\"@id\":\"https:\/\/www.heartfailurematters.org\/pt-br\/o-que-e-a-insuficiencia-cardiaca\/quais-sao-as-causas-da-insuficiencia-cardiaca\/#breadcrumb\",\"itemListElement\":[{\"@type\":\"ListItem\",\"position\":1,\"name\":\"P\u00e1gina inicial\",\"item\":\"https:\/\/www.heartfailurematters.org\/pt-br\/\"},{\"@type\":\"ListItem\",\"position\":2,\"name\":\"Compreender a insufici\u00eancia card\u00edaca\",\"item\":\"https:\/\/www.heartfailurematters.org\/pt-br\/o-que-e-a-insuficiencia-cardiaca\/\"},{\"@type\":\"ListItem\",\"position\":3,\"name\":\"Quais s\u00e3o as causas da insufici\u00eancia card\u00edaca?\"}]},{\"@type\":\"WebSite\",\"@id\":\"https:\/\/www.heartfailurematters.org\/pt-br\/#website\",\"url\":\"https:\/\/www.heartfailurematters.org\/pt-br\/\",\"name\":\"Heart Failure Matters\",\"description\":\"Practical information for patients, families and caregivers.\",\"publisher\":{\"@id\":\"https:\/\/www.heartfailurematters.org\/pt-br\/#organization\"},\"potentialAction\":[{\"@type\":\"SearchAction\",\"target\":{\"@type\":\"EntryPoint\",\"urlTemplate\":\"https:\/\/www.heartfailurematters.org\/pt-br\/?s={search_term_string}\"},\"query-input\":{\"@type\":\"PropertyValueSpecification\",\"valueRequired\":true,\"valueName\":\"search_term_string\"}}],\"inLanguage\":\"pt-BR\"},{\"@type\":\"Organization\",\"@id\":\"https:\/\/www.heartfailurematters.org\/pt-br\/#organization\",\"name\":\"Heart Failure Matters\",\"url\":\"https:\/\/www.heartfailurematters.org\/pt-br\/\",\"logo\":{\"@type\":\"ImageObject\",\"inLanguage\":\"pt-BR\",\"@id\":\"https:\/\/www.heartfailurematters.org\/pt-br\/#\/schema\/logo\/image\/\",\"url\":\"https:\/\/cdn-endpoint-hfm.azureedge.net\/heartfailurematters\/2024\/07\/hfm-logo1.jpg\",\"contentUrl\":\"https:\/\/cdn-endpoint-hfm.azureedge.net\/heartfailurematters\/2024\/07\/hfm-logo1.jpg\",\"width\":1280,\"height\":720,\"caption\":\"Heart Failure Matters\"},\"image\":{\"@id\":\"https:\/\/www.heartfailurematters.org\/pt-br\/#\/schema\/logo\/image\/\"},\"sameAs\":[\"https:\/\/www.facebook.com\/heartfailurematters\"]}]}<\/script>\n<!-- \/ Yoast SEO plugin. -->","yoast_head_json":{"title":"Quais s\u00e3o as causas da insufici\u00eancia card\u00edaca?","description":"Esta \u00e9 uma lista das diferentes condi\u00e7\u00f5es que podem causar\/desencadear insuf. card\u00edaca, explicando em que consiste cada condi\u00e7\u00e3o e os problemas que podem causar","robots":{"index":"index","follow":"follow","max-snippet":"max-snippet:-1","max-image-preview":"max-image-preview:large","max-video-preview":"max-video-preview:-1"},"canonical":"https:\/\/www.heartfailurematters.org\/pt-br\/o-que-e-a-insuficiencia-cardiaca\/quais-sao-as-causas-da-insuficiencia-cardiaca\/","og_locale":"pt_BR","og_type":"article","og_title":"Quais s\u00e3o as causas da insufici\u00eancia card\u00edaca?","og_description":"Esta \u00e9 uma lista das diferentes condi\u00e7\u00f5es que podem causar\/desencadear insuf. card\u00edaca, explicando em que consiste cada condi\u00e7\u00e3o e os problemas que podem causar","og_url":"https:\/\/www.heartfailurematters.org\/pt-br\/o-que-e-a-insuficiencia-cardiaca\/quais-sao-as-causas-da-insuficiencia-cardiaca\/","og_site_name":"Heart Failure Matters","article_publisher":"https:\/\/www.facebook.com\/heartfailurematters","article_modified_time":"2023-07-24T15:05:11+00:00","twitter_card":"summary_large_image","twitter_misc":{"Est. tempo de leitura":"2 minutos"},"schema":{"@context":"https:\/\/schema.org","@graph":[{"@type":"WebPage","@id":"https:\/\/www.heartfailurematters.org\/pt-br\/o-que-e-a-insuficiencia-cardiaca\/quais-sao-as-causas-da-insuficiencia-cardiaca\/","url":"https:\/\/www.heartfailurematters.org\/pt-br\/o-que-e-a-insuficiencia-cardiaca\/quais-sao-as-causas-da-insuficiencia-cardiaca\/","name":"Quais s\u00e3o as causas da insufici\u00eancia card\u00edaca?","isPartOf":{"@id":"https:\/\/www.heartfailurematters.org\/pt-br\/#website"},"datePublished":"2021-01-27T22:06:27+00:00","dateModified":"2023-07-24T15:05:11+00:00","description":"Esta \u00e9 uma lista das diferentes condi\u00e7\u00f5es que podem causar\/desencadear insuf. card\u00edaca, explicando em que consiste cada condi\u00e7\u00e3o e os problemas que podem causar","breadcrumb":{"@id":"https:\/\/www.heartfailurematters.org\/pt-br\/o-que-e-a-insuficiencia-cardiaca\/quais-sao-as-causas-da-insuficiencia-cardiaca\/#breadcrumb"},"inLanguage":"pt-BR","potentialAction":[{"@type":"ReadAction","target":["https:\/\/www.heartfailurematters.org\/pt-br\/o-que-e-a-insuficiencia-cardiaca\/quais-sao-as-causas-da-insuficiencia-cardiaca\/"]}]},{"@type":"BreadcrumbList","@id":"https:\/\/www.heartfailurematters.org\/pt-br\/o-que-e-a-insuficiencia-cardiaca\/quais-sao-as-causas-da-insuficiencia-cardiaca\/#breadcrumb","itemListElement":[{"@type":"ListItem","position":1,"name":"P\u00e1gina inicial","item":"https:\/\/www.heartfailurematters.org\/pt-br\/"},{"@type":"ListItem","position":2,"name":"Compreender a insufici\u00eancia card\u00edaca","item":"https:\/\/www.heartfailurematters.org\/pt-br\/o-que-e-a-insuficiencia-cardiaca\/"},{"@type":"ListItem","position":3,"name":"Quais s\u00e3o as causas da insufici\u00eancia card\u00edaca?"}]},{"@type":"WebSite","@id":"https:\/\/www.heartfailurematters.org\/pt-br\/#website","url":"https:\/\/www.heartfailurematters.org\/pt-br\/","name":"Heart Failure Matters","description":"Practical information for patients, families and caregivers.","publisher":{"@id":"https:\/\/www.heartfailurematters.org\/pt-br\/#organization"},"potentialAction":[{"@type":"SearchAction","target":{"@type":"EntryPoint","urlTemplate":"https:\/\/www.heartfailurematters.org\/pt-br\/?s={search_term_string}"},"query-input":{"@type":"PropertyValueSpecification","valueRequired":true,"valueName":"search_term_string"}}],"inLanguage":"pt-BR"},{"@type":"Organization","@id":"https:\/\/www.heartfailurematters.org\/pt-br\/#organization","name":"Heart Failure Matters","url":"https:\/\/www.heartfailurematters.org\/pt-br\/","logo":{"@type":"ImageObject","inLanguage":"pt-BR","@id":"https:\/\/www.heartfailurematters.org\/pt-br\/#\/schema\/logo\/image\/","url":"https:\/\/cdn-endpoint-hfm.azureedge.net\/heartfailurematters\/2024\/07\/hfm-logo1.jpg","contentUrl":"https:\/\/cdn-endpoint-hfm.azureedge.net\/heartfailurematters\/2024\/07\/hfm-logo1.jpg","width":1280,"height":720,"caption":"Heart Failure Matters"},"image":{"@id":"https:\/\/www.heartfailurematters.org\/pt-br\/#\/schema\/logo\/image\/"},"sameAs":["https:\/\/www.facebook.com\/heartfailurematters"]}]}},"_links":{"self":[{"href":"https:\/\/www.heartfailurematters.org\/pt-br\/wp-json\/wp\/v2\/pages\/12774","targetHints":{"allow":["GET"]}}],"collection":[{"href":"https:\/\/www.heartfailurematters.org\/pt-br\/wp-json\/wp\/v2\/pages"}],"about":[{"href":"https:\/\/www.heartfailurematters.org\/pt-br\/wp-json\/wp\/v2\/types\/page"}],"author":[{"embeddable":true,"href":"https:\/\/www.heartfailurematters.org\/pt-br\/wp-json\/wp\/v2\/users\/1"}],"replies":[{"embeddable":true,"href":"https:\/\/www.heartfailurematters.org\/pt-br\/wp-json\/wp\/v2\/comments?post=12774"}],"version-history":[{"count":1,"href":"https:\/\/www.heartfailurematters.org\/pt-br\/wp-json\/wp\/v2\/pages\/12774\/revisions"}],"predecessor-version":[{"id":12802,"href":"https:\/\/www.heartfailurematters.org\/pt-br\/wp-json\/wp\/v2\/pages\/12774\/revisions\/12802"}],"up":[{"embeddable":true,"href":"https:\/\/www.heartfailurematters.org\/pt-br\/wp-json\/wp\/v2\/pages\/13168"}],"wp:attachment":[{"href":"https:\/\/www.heartfailurematters.org\/pt-br\/wp-json\/wp\/v2\/media?parent=12774"}],"wp:term":[{"taxonomy":"category","embeddable":true,"href":"https:\/\/www.heartfailurematters.org\/pt-br\/wp-json\/wp\/v2\/categories?post=12774"},{"taxonomy":"post_tag","embeddable":true,"href":"https:\/\/www.heartfailurematters.org\/pt-br\/wp-json\/wp\/v2\/tags?post=12774"}],"curies":[{"name":"wp","href":"https:\/\/api.w.org\/{rel}","templated":true}]}}