{"id":12767,"date":"2021-01-27T22:06:05","date_gmt":"2021-01-27T22:06:05","guid":{"rendered":"https:\/\/www.heartfailurematters.org\/causas-de-insuficiencia-cardiaca-e-outras-condicoes-medicas-comuns\/diabetes\/"},"modified":"2021-01-27T22:06:05","modified_gmt":"2021-01-27T22:06:05","slug":"diabetes","status":"publish","type":"page","link":"https:\/\/www.heartfailurematters.org\/pt-br\/causas-de-insuficiencia-cardiaca-e-outras-condicoes-medicas-comuns\/diabetes\/","title":{"rendered":"Diabetes"},"content":{"rendered":"<p>Muitos doentes com insufici\u00eancia card\u00edaca s\u00e3o diagnosticados com Diabetes tipo II. Isto n\u00e3o \u00e9 surpreendente, uma vez que a <strong>Diabetes<\/strong> \u00e9 muito mais comum em doentes com insufici\u00eancia card\u00edaca do que no resto da popula\u00e7\u00e3o. Tal como acontece com qualquer outra condi\u00e7\u00e3o m\u00e9dica, quanto melhor a entender, melhor a capacidade de geri-la sem problemas.<\/p>\n<p>Tem um diagn\u00f3stico de <strong>Diabetes<\/strong> quando tem demasiada <a class=\"addtooltip\" title=\"Um a\u00e7\u00facar que \u00e9 uma fonte essencial de energia para o organismo.\"><strong>glucose<\/strong><\/a> no sangue porque a produ\u00e7\u00e3o de <a class=\"addtooltip\" title=\"Uma hormona produzida pelo p\u00e2ncreas que permite que o corpo utilize glucose para criar energia.\"><strong>insulina<\/strong><\/a> pelo p\u00e2ncreas \u00e9 inadequada para regular a quantidade de glucose no sangue. A glucose entra no sangue quando o organismo absorve a\u00e7\u00facar e decomp\u00f5e os hidratos de carbono dos alimentos e bebidas. A insulina \u00e9 necess\u00e1ria para ajudar a glucose a entrar nas c\u00e9lulas e ser utilizada para energia. A diabetes tipo I ocorre em doentes mais jovens e o tratamento com insulina \u00e9 sempre necess\u00e1rio. Os doentes com diabetes tipo II ainda produzem insulina, mas a produ\u00e7\u00e3o \u00e9 inadequada. A diabetes tipo II ocorre frequentemente em doentes com insufici\u00eancia card\u00edaca, especialmente se estiverem com excesso de peso ou forem obesos.<\/p>\n<p>A glicemia (a\u00e7\u00facar no sangue) faz parte das an\u00e1lises sangu\u00edneas de rotina efetuadas pelos doentes com insufici\u00eancia card\u00edaca e ir\u00e1 detetar diabetes. Se est\u00e1 em risco de diabetes e for informado sobre o diagn\u00f3stico, ser-lhe-\u00e1 medido HbA1c (HbA1c s\u00e3o os seus n\u00edveis m\u00e9dios de glucose no sangue nos \u00faltimos dois a tr\u00eas meses).<\/p>\n<p>H\u00e1 muitos ajustes importantes no estilo de vida que pode fazer para ajudar a gerir a sua diabetes com sucesso. Algumas coisas que j\u00e1 pode fazer como doente com insufici\u00eancia card\u00edaca \u2013 como caminhar todos os dias, medir a sua tens\u00e3o arterial e manter o peso desejado &#8211; s\u00e3o especialmente importantes. O exerc\u00edcio f\u00edsico regular ajuda a reduzir os n\u00edveis de glucose no sangue. Ser-lhe-\u00e1 pedido que fa\u00e7a outras coisas tamb\u00e9m, como medir os seus n\u00edveis de glucose no sangue, ajustar a sua dieta e observar cuidadosamente a quantidade de a\u00e7\u00facar ou hidratos de carbono que ingere. Os hidratos de carbono s\u00e3o uma esp\u00e9cie de &#8220;a\u00e7\u00facar\u201d encontrado em alguns alimentos, como p\u00e3o, massa, arroz e batatas.<\/p>\n<p>O seu m\u00e9dico ou enfermeiro fornecer-lhe-\u00e1 todas as informa\u00e7\u00f5es pr\u00e1ticas de que necessita sobre como medir os n\u00edveis de glucose e com que frequ\u00eancia deve faz\u00ea-lo. O seu m\u00e9dico, enfermeiro ou nutricionista deve aconselh\u00e1-lo sobre dieta e nutri\u00e7\u00e3o. Por vezes, poder\u00e1 ter d\u00favidas sobre o que pode comer. Lembre-se de tomar nota das suas perguntas e traz\u00ea-las para as suas consultas.<\/p>\n<p>Existem algumas complica\u00e7\u00f5es m\u00e9dicas relativamente comuns que podem ocorrer durante a diabetes cr\u00f3nica. O seu profissional de sa\u00fade verificar\u00e1 rotineiramente a sua fun\u00e7\u00e3o renal, os seus olhos e p\u00e9s em busca de sinais de problemas vasculares, como \u00falceras. \u00c9 importante que eventuais complica\u00e7\u00f5es sejam diagnosticadas e tratadas precocemente para evitar a progress\u00e3o.<\/p>\n<p>Tudo isto pode parecer avassalador no in\u00edcio, mas com o tempo ter\u00e1 mais confian\u00e7a e tornar-se-\u00e1 mais f\u00e1cil. O tratamento da diabetes envolve normalmente uma combina\u00e7\u00e3o de dieta e medica\u00e7\u00e3o. Existem medicamentos muito eficazes para doentes com diabetes. Alguns doentes tamb\u00e9m precisar\u00e3o de algumas inje\u00e7\u00f5es de insulina. N\u00e3o deve ter receio de que a medica\u00e7\u00e3o que est\u00e1 a tomar para uma condi\u00e7\u00e3o possa ser prejudicial para a outra. A maioria dos medicamentos usados para a insufici\u00eancia card\u00edaca pode ser utilizada de forma segura em doentes com diabetes, com os mesmos benef\u00edcios. Al\u00e9m disso, existem medicamentos para a diabetes que podem ser utilizados com seguran\u00e7a em doentes com insufici\u00eancia card\u00edaca. <a href=\"https:\/\/www.heartfailurematters.org\/pt-br\/o-que-o-seu-medico-ou-enfermeiro-pode-fazer\/medicamentos-para-a-insuficiencia-cardiaca\/\">Atualmente, existem v\u00e1rios medicamentos mais recentes que tratam ambas as condi\u00e7\u00f5es.<\/a><\/p>\n<p>Em alguns pa\u00edses, a insufici\u00eancia card\u00edaca e a diabetes n\u00e3o s\u00e3o tratados pela mesma equipa m\u00e9dica. Se for este o caso, n\u00e3o se esque\u00e7a de informar ambas as equipas sobre o seu outro diagn\u00f3stico e todos os medicamentos que est\u00e1 a tomar. \u00c9 sempre \u00fatil manter uma lista escrita atualizada de todos os medicamentos que est\u00e1 a utilizar atualmente.<\/p>\n<p><a title=\"Voltar a Outras condi\u00e7\u00f5es m\u00e9dicas comuns e insufici\u00eancia card\u00edaca\" href=\"https:\/\/www.heartfailurematters.org\/pt-br\/causas-de-insuficiencia-cardiaca-e-outras-condicoes-medicas-comuns\/outras-condicoes-medicas-comuns-e-insuficiencia-cardiaca\/\">Voltar a Outras condi\u00e7\u00f5es m\u00e9dicas comuns e insufici\u00eancia card\u00edaca<\/a><\/p>\n","protected":false},"excerpt":{"rendered":"<p>Muitos doentes com insufici\u00eancia card\u00edaca s\u00e3o diagnosticados com Diabetes tipo II. Isto n\u00e3o \u00e9 surpreendente, uma vez que a Diabetes \u00e9 muito mais comum em doentes com insufici\u00eancia card\u00edaca do que no resto da popula\u00e7\u00e3o. Tal como acontece com qualquer outra condi\u00e7\u00e3o m\u00e9dica, quanto melhor a entender, melhor a capacidade de geri-la sem problemas. Tem [&hellip;]<\/p>\n","protected":false},"author":1,"featured_media":12501,"parent":12675,"menu_order":10,"comment_status":"open","ping_status":"open","template":"","meta":{"_acf_changed":false,"footnotes":""},"categories":[],"tags":[],"class_list":["post-12767","page","type-page","status-publish","has-post-thumbnail","hentry"],"acf":[],"yoast_head":"<!-- This site is optimized with the Yoast SEO plugin v24.8.1 - https:\/\/yoast.com\/wordpress\/plugins\/seo\/ -->\n<title>Diabetes para doentes com insufici\u00eancia card\u00edaca<\/title>\n<meta name=\"description\" content=\"A diabetes exerce press\u00e3o adicional no cora\u00e7\u00e3o, aumentando o risco de insuf. card\u00edaca. Diab\u00e9ticos tendem ao excesso de peso, tens\u00e3o arterial e colesterol altos.\" \/>\n<meta name=\"robots\" content=\"index, follow, max-snippet:-1, max-image-preview:large, max-video-preview:-1\" \/>\n<link rel=\"canonical\" href=\"https:\/\/www.heartfailurematters.org\/pt-br\/causas-de-insuficiencia-cardiaca-e-outras-condicoes-medicas-comuns\/diabetes\/\" \/>\n<meta property=\"og:locale\" content=\"pt_BR\" \/>\n<meta property=\"og:type\" content=\"article\" \/>\n<meta property=\"og:title\" content=\"Diabetes para doentes com insufici\u00eancia card\u00edaca\" \/>\n<meta property=\"og:description\" content=\"A diabetes exerce press\u00e3o adicional no cora\u00e7\u00e3o, aumentando o risco de insuf. card\u00edaca. Diab\u00e9ticos tendem ao excesso de peso, tens\u00e3o arterial e colesterol altos.\" \/>\n<meta property=\"og:url\" content=\"https:\/\/www.heartfailurematters.org\/pt-br\/causas-de-insuficiencia-cardiaca-e-outras-condicoes-medicas-comuns\/diabetes\/\" \/>\n<meta property=\"og:site_name\" content=\"Heart Failure Matters\" \/>\n<meta property=\"article:publisher\" content=\"https:\/\/www.facebook.com\/heartfailurematters\" \/>\n<meta property=\"og:image\" content=\"https:\/\/www.heartfailurematters.org\/wp-content\/uploads\/2022\/03\/shutterstock_1439349791-1-min.jpg\" \/>\n\t<meta property=\"og:image:width\" content=\"900\" \/>\n\t<meta property=\"og:image:height\" content=\"601\" \/>\n\t<meta property=\"og:image:type\" content=\"image\/jpeg\" \/>\n<meta name=\"twitter:card\" content=\"summary_large_image\" \/>\n<meta name=\"twitter:label1\" content=\"Est. tempo de leitura\" \/>\n\t<meta name=\"twitter:data1\" content=\"4 minutos\" \/>\n<script type=\"application\/ld+json\" class=\"yoast-schema-graph\">{\"@context\":\"https:\/\/schema.org\",\"@graph\":[{\"@type\":\"WebPage\",\"@id\":\"https:\/\/www.heartfailurematters.org\/pt-br\/causas-de-insuficiencia-cardiaca-e-outras-condicoes-medicas-comuns\/diabetes\/\",\"url\":\"https:\/\/www.heartfailurematters.org\/pt-br\/causas-de-insuficiencia-cardiaca-e-outras-condicoes-medicas-comuns\/diabetes\/\",\"name\":\"Diabetes para doentes com insufici\u00eancia card\u00edaca\",\"isPartOf\":{\"@id\":\"https:\/\/www.heartfailurematters.org\/pt-br\/#website\"},\"primaryImageOfPage\":{\"@id\":\"https:\/\/www.heartfailurematters.org\/pt-br\/causas-de-insuficiencia-cardiaca-e-outras-condicoes-medicas-comuns\/diabetes\/#primaryimage\"},\"image\":{\"@id\":\"https:\/\/www.heartfailurematters.org\/pt-br\/causas-de-insuficiencia-cardiaca-e-outras-condicoes-medicas-comuns\/diabetes\/#primaryimage\"},\"thumbnailUrl\":\"https:\/\/www.heartfailurematters.org\/wp-content\/uploads\/2022\/03\/shutterstock_1439349791-1-min.jpg\",\"datePublished\":\"2021-01-27T22:06:05+00:00\",\"description\":\"A diabetes exerce press\u00e3o adicional no cora\u00e7\u00e3o, aumentando o risco de insuf. card\u00edaca. Diab\u00e9ticos tendem ao excesso de peso, tens\u00e3o arterial e colesterol altos.\",\"breadcrumb\":{\"@id\":\"https:\/\/www.heartfailurematters.org\/pt-br\/causas-de-insuficiencia-cardiaca-e-outras-condicoes-medicas-comuns\/diabetes\/#breadcrumb\"},\"inLanguage\":\"pt-BR\",\"potentialAction\":[{\"@type\":\"ReadAction\",\"target\":[\"https:\/\/www.heartfailurematters.org\/pt-br\/causas-de-insuficiencia-cardiaca-e-outras-condicoes-medicas-comuns\/diabetes\/\"]}]},{\"@type\":\"ImageObject\",\"inLanguage\":\"pt-BR\",\"@id\":\"https:\/\/www.heartfailurematters.org\/pt-br\/causas-de-insuficiencia-cardiaca-e-outras-condicoes-medicas-comuns\/diabetes\/#primaryimage\",\"url\":\"https:\/\/www.heartfailurematters.org\/wp-content\/uploads\/2022\/03\/shutterstock_1439349791-1-min.jpg\",\"contentUrl\":\"https:\/\/www.heartfailurematters.org\/wp-content\/uploads\/2022\/03\/shutterstock_1439349791-1-min.jpg\",\"width\":900,\"height\":601},{\"@type\":\"BreadcrumbList\",\"@id\":\"https:\/\/www.heartfailurematters.org\/pt-br\/causas-de-insuficiencia-cardiaca-e-outras-condicoes-medicas-comuns\/diabetes\/#breadcrumb\",\"itemListElement\":[{\"@type\":\"ListItem\",\"position\":1,\"name\":\"P\u00e1gina inicial\",\"item\":\"https:\/\/www.heartfailurematters.org\/pt-br\/\"},{\"@type\":\"ListItem\",\"position\":2,\"name\":\"Causas de insufici\u00eancia card\u00edaca e outras condi\u00e7\u00f5es m\u00e9dicas comuns\",\"item\":\"https:\/\/www.heartfailurematters.org\/pt-br\/causas-de-insuficiencia-cardiaca-e-outras-condicoes-medicas-comuns\/\"},{\"@type\":\"ListItem\",\"position\":3,\"name\":\"Diabetes\"}]},{\"@type\":\"WebSite\",\"@id\":\"https:\/\/www.heartfailurematters.org\/pt-br\/#website\",\"url\":\"https:\/\/www.heartfailurematters.org\/pt-br\/\",\"name\":\"Heart Failure Matters\",\"description\":\"Practical information for patients, families and caregivers.\",\"publisher\":{\"@id\":\"https:\/\/www.heartfailurematters.org\/pt-br\/#organization\"},\"potentialAction\":[{\"@type\":\"SearchAction\",\"target\":{\"@type\":\"EntryPoint\",\"urlTemplate\":\"https:\/\/www.heartfailurematters.org\/pt-br\/?s={search_term_string}\"},\"query-input\":{\"@type\":\"PropertyValueSpecification\",\"valueRequired\":true,\"valueName\":\"search_term_string\"}}],\"inLanguage\":\"pt-BR\"},{\"@type\":\"Organization\",\"@id\":\"https:\/\/www.heartfailurematters.org\/pt-br\/#organization\",\"name\":\"Heart Failure Matters\",\"url\":\"https:\/\/www.heartfailurematters.org\/pt-br\/\",\"logo\":{\"@type\":\"ImageObject\",\"inLanguage\":\"pt-BR\",\"@id\":\"https:\/\/www.heartfailurematters.org\/pt-br\/#\/schema\/logo\/image\/\",\"url\":\"https:\/\/cdn-endpoint-hfm.azureedge.net\/heartfailurematters\/2024\/07\/hfm-logo1.jpg\",\"contentUrl\":\"https:\/\/cdn-endpoint-hfm.azureedge.net\/heartfailurematters\/2024\/07\/hfm-logo1.jpg\",\"width\":1280,\"height\":720,\"caption\":\"Heart Failure Matters\"},\"image\":{\"@id\":\"https:\/\/www.heartfailurematters.org\/pt-br\/#\/schema\/logo\/image\/\"},\"sameAs\":[\"https:\/\/www.facebook.com\/heartfailurematters\"]}]}<\/script>\n<!-- \/ Yoast SEO plugin. -->","yoast_head_json":{"title":"Diabetes para doentes com insufici\u00eancia card\u00edaca","description":"A diabetes exerce press\u00e3o adicional no cora\u00e7\u00e3o, aumentando o risco de insuf. card\u00edaca. Diab\u00e9ticos tendem ao excesso de peso, tens\u00e3o arterial e colesterol altos.","robots":{"index":"index","follow":"follow","max-snippet":"max-snippet:-1","max-image-preview":"max-image-preview:large","max-video-preview":"max-video-preview:-1"},"canonical":"https:\/\/www.heartfailurematters.org\/pt-br\/causas-de-insuficiencia-cardiaca-e-outras-condicoes-medicas-comuns\/diabetes\/","og_locale":"pt_BR","og_type":"article","og_title":"Diabetes para doentes com insufici\u00eancia card\u00edaca","og_description":"A diabetes exerce press\u00e3o adicional no cora\u00e7\u00e3o, aumentando o risco de insuf. card\u00edaca. Diab\u00e9ticos tendem ao excesso de peso, tens\u00e3o arterial e colesterol altos.","og_url":"https:\/\/www.heartfailurematters.org\/pt-br\/causas-de-insuficiencia-cardiaca-e-outras-condicoes-medicas-comuns\/diabetes\/","og_site_name":"Heart Failure Matters","article_publisher":"https:\/\/www.facebook.com\/heartfailurematters","og_image":[{"width":900,"height":601,"url":"https:\/\/www.heartfailurematters.org\/wp-content\/uploads\/2022\/03\/shutterstock_1439349791-1-min.jpg","type":"image\/jpeg"}],"twitter_card":"summary_large_image","twitter_misc":{"Est. tempo de leitura":"4 minutos"},"schema":{"@context":"https:\/\/schema.org","@graph":[{"@type":"WebPage","@id":"https:\/\/www.heartfailurematters.org\/pt-br\/causas-de-insuficiencia-cardiaca-e-outras-condicoes-medicas-comuns\/diabetes\/","url":"https:\/\/www.heartfailurematters.org\/pt-br\/causas-de-insuficiencia-cardiaca-e-outras-condicoes-medicas-comuns\/diabetes\/","name":"Diabetes para doentes com insufici\u00eancia card\u00edaca","isPartOf":{"@id":"https:\/\/www.heartfailurematters.org\/pt-br\/#website"},"primaryImageOfPage":{"@id":"https:\/\/www.heartfailurematters.org\/pt-br\/causas-de-insuficiencia-cardiaca-e-outras-condicoes-medicas-comuns\/diabetes\/#primaryimage"},"image":{"@id":"https:\/\/www.heartfailurematters.org\/pt-br\/causas-de-insuficiencia-cardiaca-e-outras-condicoes-medicas-comuns\/diabetes\/#primaryimage"},"thumbnailUrl":"https:\/\/www.heartfailurematters.org\/wp-content\/uploads\/2022\/03\/shutterstock_1439349791-1-min.jpg","datePublished":"2021-01-27T22:06:05+00:00","description":"A diabetes exerce press\u00e3o adicional no cora\u00e7\u00e3o, aumentando o risco de insuf. card\u00edaca. Diab\u00e9ticos tendem ao excesso de peso, tens\u00e3o arterial e colesterol altos.","breadcrumb":{"@id":"https:\/\/www.heartfailurematters.org\/pt-br\/causas-de-insuficiencia-cardiaca-e-outras-condicoes-medicas-comuns\/diabetes\/#breadcrumb"},"inLanguage":"pt-BR","potentialAction":[{"@type":"ReadAction","target":["https:\/\/www.heartfailurematters.org\/pt-br\/causas-de-insuficiencia-cardiaca-e-outras-condicoes-medicas-comuns\/diabetes\/"]}]},{"@type":"ImageObject","inLanguage":"pt-BR","@id":"https:\/\/www.heartfailurematters.org\/pt-br\/causas-de-insuficiencia-cardiaca-e-outras-condicoes-medicas-comuns\/diabetes\/#primaryimage","url":"https:\/\/www.heartfailurematters.org\/wp-content\/uploads\/2022\/03\/shutterstock_1439349791-1-min.jpg","contentUrl":"https:\/\/www.heartfailurematters.org\/wp-content\/uploads\/2022\/03\/shutterstock_1439349791-1-min.jpg","width":900,"height":601},{"@type":"BreadcrumbList","@id":"https:\/\/www.heartfailurematters.org\/pt-br\/causas-de-insuficiencia-cardiaca-e-outras-condicoes-medicas-comuns\/diabetes\/#breadcrumb","itemListElement":[{"@type":"ListItem","position":1,"name":"P\u00e1gina inicial","item":"https:\/\/www.heartfailurematters.org\/pt-br\/"},{"@type":"ListItem","position":2,"name":"Causas de insufici\u00eancia card\u00edaca e outras condi\u00e7\u00f5es m\u00e9dicas comuns","item":"https:\/\/www.heartfailurematters.org\/pt-br\/causas-de-insuficiencia-cardiaca-e-outras-condicoes-medicas-comuns\/"},{"@type":"ListItem","position":3,"name":"Diabetes"}]},{"@type":"WebSite","@id":"https:\/\/www.heartfailurematters.org\/pt-br\/#website","url":"https:\/\/www.heartfailurematters.org\/pt-br\/","name":"Heart Failure Matters","description":"Practical information for patients, families and caregivers.","publisher":{"@id":"https:\/\/www.heartfailurematters.org\/pt-br\/#organization"},"potentialAction":[{"@type":"SearchAction","target":{"@type":"EntryPoint","urlTemplate":"https:\/\/www.heartfailurematters.org\/pt-br\/?s={search_term_string}"},"query-input":{"@type":"PropertyValueSpecification","valueRequired":true,"valueName":"search_term_string"}}],"inLanguage":"pt-BR"},{"@type":"Organization","@id":"https:\/\/www.heartfailurematters.org\/pt-br\/#organization","name":"Heart Failure Matters","url":"https:\/\/www.heartfailurematters.org\/pt-br\/","logo":{"@type":"ImageObject","inLanguage":"pt-BR","@id":"https:\/\/www.heartfailurematters.org\/pt-br\/#\/schema\/logo\/image\/","url":"https:\/\/cdn-endpoint-hfm.azureedge.net\/heartfailurematters\/2024\/07\/hfm-logo1.jpg","contentUrl":"https:\/\/cdn-endpoint-hfm.azureedge.net\/heartfailurematters\/2024\/07\/hfm-logo1.jpg","width":1280,"height":720,"caption":"Heart Failure Matters"},"image":{"@id":"https:\/\/www.heartfailurematters.org\/pt-br\/#\/schema\/logo\/image\/"},"sameAs":["https:\/\/www.facebook.com\/heartfailurematters"]}]}},"_links":{"self":[{"href":"https:\/\/www.heartfailurematters.org\/pt-br\/wp-json\/wp\/v2\/pages\/12767","targetHints":{"allow":["GET"]}}],"collection":[{"href":"https:\/\/www.heartfailurematters.org\/pt-br\/wp-json\/wp\/v2\/pages"}],"about":[{"href":"https:\/\/www.heartfailurematters.org\/pt-br\/wp-json\/wp\/v2\/types\/page"}],"author":[{"embeddable":true,"href":"https:\/\/www.heartfailurematters.org\/pt-br\/wp-json\/wp\/v2\/users\/1"}],"replies":[{"embeddable":true,"href":"https:\/\/www.heartfailurematters.org\/pt-br\/wp-json\/wp\/v2\/comments?post=12767"}],"version-history":[{"count":0,"href":"https:\/\/www.heartfailurematters.org\/pt-br\/wp-json\/wp\/v2\/pages\/12767\/revisions"}],"up":[{"embeddable":true,"href":"https:\/\/www.heartfailurematters.org\/pt-br\/wp-json\/wp\/v2\/pages\/12675"}],"wp:featuredmedia":[{"embeddable":true,"href":"https:\/\/www.heartfailurematters.org\/pt-br\/wp-json\/wp\/v2\/media\/12501"}],"wp:attachment":[{"href":"https:\/\/www.heartfailurematters.org\/pt-br\/wp-json\/wp\/v2\/media?parent=12767"}],"wp:term":[{"taxonomy":"category","embeddable":true,"href":"https:\/\/www.heartfailurematters.org\/pt-br\/wp-json\/wp\/v2\/categories?post=12767"},{"taxonomy":"post_tag","embeddable":true,"href":"https:\/\/www.heartfailurematters.org\/pt-br\/wp-json\/wp\/v2\/tags?post=12767"}],"curies":[{"name":"wp","href":"https:\/\/api.w.org\/{rel}","templated":true}]}}