{"id":12766,"date":"2021-04-12T11:40:38","date_gmt":"2021-04-12T10:40:38","guid":{"rendered":"https:\/\/www.heartfailurematters.org\/o-que-e-a-insuficiencia-cardiaca\/ferramentas-utilizadas-para-avaliar-a-qualidade-de-vida\/"},"modified":"2023-07-24T16:05:03","modified_gmt":"2023-07-24T15:05:03","slug":"ferramentas-utilizadas-para-avaliar-a-qualidade-de-vida","status":"publish","type":"page","link":"https:\/\/www.heartfailurematters.org\/pt-br\/o-que-e-a-insuficiencia-cardiaca\/ferramentas-utilizadas-para-avaliar-a-qualidade-de-vida\/","title":{"rendered":"Ferramentas utilizadas para avaliar a qualidade de vida"},"content":{"rendered":"<p>A insufici\u00eancia card\u00edaca pode afetar as pessoas de formas diferentes. Apenas o doente (e talvez a sua fam\u00edlia) sabe realmente a verdadeira situa\u00e7\u00e3o, mas a sua equipa de sa\u00fade estar\u00e1 interessada em saber mais sobre isso. Colocar\u00e3o perguntas gerais, como \u201ccomo se est\u00e1 a sentir?&#8221; ou \u201ccomo est\u00e3o as coisas?&#8221; e as suas respostas podem ser muito \u00fateis, mas se quiserem obter mais detalhes, poder\u00e3o pedir-lhe que preencha um question\u00e1rio.<\/p>\n<p>As suas respostas \u00e0s perguntas ajudar\u00e3o o seu m\u00e9dico ou enfermeiro a compreender melhor como a insufici\u00eancia card\u00edaca o afeta e ao seu estilo de vida. Tamb\u00e9m ir\u00e1 ajud\u00e1-los a monitorizar a forma como decorrem as coisas.<\/p>\n<p>\u00c9 importante que responda \u00e0s perguntas honestamente. A sua opini\u00e3o \u00e9 que \u00e9 importante. N\u00e3o deve dar as respostas que pensa que a equipa de sa\u00fade gostaria de ouvir, ou o que a sua fam\u00edlia ou amigos pensam sobre a sua sa\u00fade.<\/p>\n<p>V\u00e1rios question\u00e1rios podem ser utilizados para saber mais sobre a sua qualidade de vida. Alguns s\u00e3o muito gerais, mas a sua equipa de sa\u00fade provavelmente estar\u00e1 mais interessada na insufici\u00eancia card\u00edaca e em como isso o afeta na sua vida di\u00e1ria. \u00c9 mais prov\u00e1vel que utilizem um question\u00e1rio chamado &#8220;The Kansas City Questionnaire\u201d. \u00c9 denominado assim porque foi desenvolvido por pesquisadores que trabalham em Kansas City &#8211; mas agora \u00e9 utilizado em todo o mundo e em muitos idiomas. Cont\u00e9m 23 perguntas que procuram saber os seus sintomas de falta de ar, fadiga (cansa\u00e7o) ou incha\u00e7o nos tornozelos e como eles o afetaram e ao seu estilo de vida nas \u00faltimas duas semanas. H\u00e1 tamb\u00e9m perguntas sobre como os seus sintomas limitaram o seu prazer com a vida, e se se sentiu desencorajado ou &#8220;deprimido\u201d.<\/p>\n<p>Existem outros question\u00e1rios que pode ser convidado a preencher, por exemplo, question\u00e1rios sobre autocuidado, sentimentos de depress\u00e3o ou atividades di\u00e1rias.<\/p>\n<p>Se estiver inserido num ensaio cl\u00ednico, ser-lhe-\u00e1 geralmente pedido que preencha o question\u00e1rio de qualidade de vida em cada visita, ou poder\u00e1 ser-lhe enviado o question\u00e1rio por correio ou e-mail, ou por uma liga\u00e7\u00e3o para um website. Os resultados podem ser utilizados para avaliar o efeito da interven\u00e7\u00e3o testada no ensaio relativamente a v\u00e1rios aspetos da qualidade de vida dos doentes. Se n\u00e3o estiver inserido num ensaio cl\u00ednico, a sua equipa de sa\u00fade pode tamb\u00e9m utilizar periodicamente o question\u00e1rio. As suas respostas ir\u00e3o ajud\u00e1-los a cuidar melhor de si. Se tiver perguntas para eles depois de preencher o question\u00e1rio, fa\u00e7a-as!<\/p>\n","protected":false},"excerpt":{"rendered":"<p>A insufici\u00eancia card\u00edaca pode afetar as pessoas de formas diferentes. Apenas o doente (e talvez a sua fam\u00edlia) sabe realmente a verdadeira situa\u00e7\u00e3o, mas a sua equipa de sa\u00fade estar\u00e1 interessada em saber mais sobre isso. Colocar\u00e3o perguntas gerais, como \u201ccomo se est\u00e1 a sentir?&#8221; ou \u201ccomo est\u00e3o as coisas?&#8221; e as suas respostas podem [&hellip;]<\/p>\n","protected":false},"author":1,"featured_media":12498,"parent":13168,"menu_order":10,"comment_status":"closed","ping_status":"closed","template":"","meta":{"_acf_changed":false,"footnotes":""},"categories":[210],"tags":[],"class_list":["post-12766","page","type-page","status-publish","has-post-thumbnail","hentry","category-understanding-heart-failure-pt-br"],"acf":[],"yoast_head":"<!-- This site is optimized with the Yoast SEO plugin v24.8.1 - https:\/\/yoast.com\/wordpress\/plugins\/seo\/ -->\n<title>Ferramentas utilizadas para avaliar a qualidade de vida - Heart Failure Matters<\/title>\n<meta name=\"description\" content=\"A insufici\u00eancia card\u00edaca pode afetar as pessoas de formas diferentes. V\u00e1rios question\u00e1rios podem ser utilizados para saber mais sobre a sua qualidade de vida.\" \/>\n<meta name=\"robots\" content=\"index, follow, max-snippet:-1, max-image-preview:large, max-video-preview:-1\" \/>\n<link rel=\"canonical\" href=\"https:\/\/www.heartfailurematters.org\/pt-br\/o-que-e-a-insuficiencia-cardiaca\/ferramentas-utilizadas-para-avaliar-a-qualidade-de-vida\/\" \/>\n<meta property=\"og:locale\" content=\"pt_BR\" \/>\n<meta property=\"og:type\" content=\"article\" \/>\n<meta property=\"og:title\" content=\"Ferramentas utilizadas para avaliar a qualidade de vida - Heart Failure Matters\" \/>\n<meta property=\"og:description\" content=\"A insufici\u00eancia card\u00edaca pode afetar as pessoas de formas diferentes. V\u00e1rios question\u00e1rios podem ser utilizados para saber mais sobre a sua qualidade de vida.\" \/>\n<meta property=\"og:url\" content=\"https:\/\/www.heartfailurematters.org\/pt-br\/o-que-e-a-insuficiencia-cardiaca\/ferramentas-utilizadas-para-avaliar-a-qualidade-de-vida\/\" \/>\n<meta property=\"og:site_name\" content=\"Heart Failure Matters\" \/>\n<meta property=\"article:publisher\" content=\"https:\/\/www.facebook.com\/heartfailurematters\" \/>\n<meta property=\"article:modified_time\" content=\"2023-07-24T15:05:03+00:00\" \/>\n<meta property=\"og:image\" content=\"https:\/\/www.heartfailurematters.org\/wp-content\/uploads\/2022\/02\/shutterstock_1433289311-1-min.jpg\" \/>\n\t<meta property=\"og:image:width\" content=\"900\" \/>\n\t<meta property=\"og:image:height\" content=\"600\" \/>\n\t<meta property=\"og:image:type\" content=\"image\/jpeg\" \/>\n<meta name=\"twitter:card\" content=\"summary_large_image\" \/>\n<meta name=\"twitter:label1\" content=\"Est. tempo de leitura\" \/>\n\t<meta name=\"twitter:data1\" content=\"2 minutos\" \/>\n<script type=\"application\/ld+json\" class=\"yoast-schema-graph\">{\"@context\":\"https:\/\/schema.org\",\"@graph\":[{\"@type\":\"WebPage\",\"@id\":\"https:\/\/www.heartfailurematters.org\/pt-br\/o-que-e-a-insuficiencia-cardiaca\/ferramentas-utilizadas-para-avaliar-a-qualidade-de-vida\/\",\"url\":\"https:\/\/www.heartfailurematters.org\/pt-br\/o-que-e-a-insuficiencia-cardiaca\/ferramentas-utilizadas-para-avaliar-a-qualidade-de-vida\/\",\"name\":\"Ferramentas utilizadas para avaliar a qualidade de vida - Heart Failure Matters\",\"isPartOf\":{\"@id\":\"https:\/\/www.heartfailurematters.org\/pt-br\/#website\"},\"primaryImageOfPage\":{\"@id\":\"https:\/\/www.heartfailurematters.org\/pt-br\/o-que-e-a-insuficiencia-cardiaca\/ferramentas-utilizadas-para-avaliar-a-qualidade-de-vida\/#primaryimage\"},\"image\":{\"@id\":\"https:\/\/www.heartfailurematters.org\/pt-br\/o-que-e-a-insuficiencia-cardiaca\/ferramentas-utilizadas-para-avaliar-a-qualidade-de-vida\/#primaryimage\"},\"thumbnailUrl\":\"https:\/\/www.heartfailurematters.org\/wp-content\/uploads\/2022\/02\/shutterstock_1433289311-1-min.jpg\",\"datePublished\":\"2021-04-12T10:40:38+00:00\",\"dateModified\":\"2023-07-24T15:05:03+00:00\",\"description\":\"A insufici\u00eancia card\u00edaca pode afetar as pessoas de formas diferentes. V\u00e1rios question\u00e1rios podem ser utilizados para saber mais sobre a sua qualidade de vida.\",\"breadcrumb\":{\"@id\":\"https:\/\/www.heartfailurematters.org\/pt-br\/o-que-e-a-insuficiencia-cardiaca\/ferramentas-utilizadas-para-avaliar-a-qualidade-de-vida\/#breadcrumb\"},\"inLanguage\":\"pt-BR\",\"potentialAction\":[{\"@type\":\"ReadAction\",\"target\":[\"https:\/\/www.heartfailurematters.org\/pt-br\/o-que-e-a-insuficiencia-cardiaca\/ferramentas-utilizadas-para-avaliar-a-qualidade-de-vida\/\"]}]},{\"@type\":\"ImageObject\",\"inLanguage\":\"pt-BR\",\"@id\":\"https:\/\/www.heartfailurematters.org\/pt-br\/o-que-e-a-insuficiencia-cardiaca\/ferramentas-utilizadas-para-avaliar-a-qualidade-de-vida\/#primaryimage\",\"url\":\"https:\/\/www.heartfailurematters.org\/wp-content\/uploads\/2022\/02\/shutterstock_1433289311-1-min.jpg\",\"contentUrl\":\"https:\/\/www.heartfailurematters.org\/wp-content\/uploads\/2022\/02\/shutterstock_1433289311-1-min.jpg\",\"width\":900,\"height\":600},{\"@type\":\"BreadcrumbList\",\"@id\":\"https:\/\/www.heartfailurematters.org\/pt-br\/o-que-e-a-insuficiencia-cardiaca\/ferramentas-utilizadas-para-avaliar-a-qualidade-de-vida\/#breadcrumb\",\"itemListElement\":[{\"@type\":\"ListItem\",\"position\":1,\"name\":\"P\u00e1gina inicial\",\"item\":\"https:\/\/www.heartfailurematters.org\/pt-br\/\"},{\"@type\":\"ListItem\",\"position\":2,\"name\":\"Compreender a insufici\u00eancia card\u00edaca\",\"item\":\"https:\/\/www.heartfailurematters.org\/pt-br\/o-que-e-a-insuficiencia-cardiaca\/\"},{\"@type\":\"ListItem\",\"position\":3,\"name\":\"Ferramentas utilizadas para avaliar a qualidade de vida\"}]},{\"@type\":\"WebSite\",\"@id\":\"https:\/\/www.heartfailurematters.org\/pt-br\/#website\",\"url\":\"https:\/\/www.heartfailurematters.org\/pt-br\/\",\"name\":\"Heart Failure Matters\",\"description\":\"Practical information for patients, families and caregivers.\",\"publisher\":{\"@id\":\"https:\/\/www.heartfailurematters.org\/pt-br\/#organization\"},\"potentialAction\":[{\"@type\":\"SearchAction\",\"target\":{\"@type\":\"EntryPoint\",\"urlTemplate\":\"https:\/\/www.heartfailurematters.org\/pt-br\/?s={search_term_string}\"},\"query-input\":{\"@type\":\"PropertyValueSpecification\",\"valueRequired\":true,\"valueName\":\"search_term_string\"}}],\"inLanguage\":\"pt-BR\"},{\"@type\":\"Organization\",\"@id\":\"https:\/\/www.heartfailurematters.org\/pt-br\/#organization\",\"name\":\"Heart Failure Matters\",\"url\":\"https:\/\/www.heartfailurematters.org\/pt-br\/\",\"logo\":{\"@type\":\"ImageObject\",\"inLanguage\":\"pt-BR\",\"@id\":\"https:\/\/www.heartfailurematters.org\/pt-br\/#\/schema\/logo\/image\/\",\"url\":\"https:\/\/cdn-endpoint-hfm.azureedge.net\/heartfailurematters\/2024\/07\/hfm-logo1.jpg\",\"contentUrl\":\"https:\/\/cdn-endpoint-hfm.azureedge.net\/heartfailurematters\/2024\/07\/hfm-logo1.jpg\",\"width\":1280,\"height\":720,\"caption\":\"Heart Failure Matters\"},\"image\":{\"@id\":\"https:\/\/www.heartfailurematters.org\/pt-br\/#\/schema\/logo\/image\/\"},\"sameAs\":[\"https:\/\/www.facebook.com\/heartfailurematters\"]}]}<\/script>\n<!-- \/ Yoast SEO plugin. -->","yoast_head_json":{"title":"Ferramentas utilizadas para avaliar a qualidade de vida - Heart Failure Matters","description":"A insufici\u00eancia card\u00edaca pode afetar as pessoas de formas diferentes. V\u00e1rios question\u00e1rios podem ser utilizados para saber mais sobre a sua qualidade de vida.","robots":{"index":"index","follow":"follow","max-snippet":"max-snippet:-1","max-image-preview":"max-image-preview:large","max-video-preview":"max-video-preview:-1"},"canonical":"https:\/\/www.heartfailurematters.org\/pt-br\/o-que-e-a-insuficiencia-cardiaca\/ferramentas-utilizadas-para-avaliar-a-qualidade-de-vida\/","og_locale":"pt_BR","og_type":"article","og_title":"Ferramentas utilizadas para avaliar a qualidade de vida - Heart Failure Matters","og_description":"A insufici\u00eancia card\u00edaca pode afetar as pessoas de formas diferentes. V\u00e1rios question\u00e1rios podem ser utilizados para saber mais sobre a sua qualidade de vida.","og_url":"https:\/\/www.heartfailurematters.org\/pt-br\/o-que-e-a-insuficiencia-cardiaca\/ferramentas-utilizadas-para-avaliar-a-qualidade-de-vida\/","og_site_name":"Heart Failure Matters","article_publisher":"https:\/\/www.facebook.com\/heartfailurematters","article_modified_time":"2023-07-24T15:05:03+00:00","og_image":[{"width":900,"height":600,"url":"https:\/\/www.heartfailurematters.org\/wp-content\/uploads\/2022\/02\/shutterstock_1433289311-1-min.jpg","type":"image\/jpeg"}],"twitter_card":"summary_large_image","twitter_misc":{"Est. tempo de leitura":"2 minutos"},"schema":{"@context":"https:\/\/schema.org","@graph":[{"@type":"WebPage","@id":"https:\/\/www.heartfailurematters.org\/pt-br\/o-que-e-a-insuficiencia-cardiaca\/ferramentas-utilizadas-para-avaliar-a-qualidade-de-vida\/","url":"https:\/\/www.heartfailurematters.org\/pt-br\/o-que-e-a-insuficiencia-cardiaca\/ferramentas-utilizadas-para-avaliar-a-qualidade-de-vida\/","name":"Ferramentas utilizadas para avaliar a qualidade de vida - Heart Failure Matters","isPartOf":{"@id":"https:\/\/www.heartfailurematters.org\/pt-br\/#website"},"primaryImageOfPage":{"@id":"https:\/\/www.heartfailurematters.org\/pt-br\/o-que-e-a-insuficiencia-cardiaca\/ferramentas-utilizadas-para-avaliar-a-qualidade-de-vida\/#primaryimage"},"image":{"@id":"https:\/\/www.heartfailurematters.org\/pt-br\/o-que-e-a-insuficiencia-cardiaca\/ferramentas-utilizadas-para-avaliar-a-qualidade-de-vida\/#primaryimage"},"thumbnailUrl":"https:\/\/www.heartfailurematters.org\/wp-content\/uploads\/2022\/02\/shutterstock_1433289311-1-min.jpg","datePublished":"2021-04-12T10:40:38+00:00","dateModified":"2023-07-24T15:05:03+00:00","description":"A insufici\u00eancia card\u00edaca pode afetar as pessoas de formas diferentes. V\u00e1rios question\u00e1rios podem ser utilizados para saber mais sobre a sua qualidade de vida.","breadcrumb":{"@id":"https:\/\/www.heartfailurematters.org\/pt-br\/o-que-e-a-insuficiencia-cardiaca\/ferramentas-utilizadas-para-avaliar-a-qualidade-de-vida\/#breadcrumb"},"inLanguage":"pt-BR","potentialAction":[{"@type":"ReadAction","target":["https:\/\/www.heartfailurematters.org\/pt-br\/o-que-e-a-insuficiencia-cardiaca\/ferramentas-utilizadas-para-avaliar-a-qualidade-de-vida\/"]}]},{"@type":"ImageObject","inLanguage":"pt-BR","@id":"https:\/\/www.heartfailurematters.org\/pt-br\/o-que-e-a-insuficiencia-cardiaca\/ferramentas-utilizadas-para-avaliar-a-qualidade-de-vida\/#primaryimage","url":"https:\/\/www.heartfailurematters.org\/wp-content\/uploads\/2022\/02\/shutterstock_1433289311-1-min.jpg","contentUrl":"https:\/\/www.heartfailurematters.org\/wp-content\/uploads\/2022\/02\/shutterstock_1433289311-1-min.jpg","width":900,"height":600},{"@type":"BreadcrumbList","@id":"https:\/\/www.heartfailurematters.org\/pt-br\/o-que-e-a-insuficiencia-cardiaca\/ferramentas-utilizadas-para-avaliar-a-qualidade-de-vida\/#breadcrumb","itemListElement":[{"@type":"ListItem","position":1,"name":"P\u00e1gina inicial","item":"https:\/\/www.heartfailurematters.org\/pt-br\/"},{"@type":"ListItem","position":2,"name":"Compreender a insufici\u00eancia card\u00edaca","item":"https:\/\/www.heartfailurematters.org\/pt-br\/o-que-e-a-insuficiencia-cardiaca\/"},{"@type":"ListItem","position":3,"name":"Ferramentas utilizadas para avaliar a qualidade de vida"}]},{"@type":"WebSite","@id":"https:\/\/www.heartfailurematters.org\/pt-br\/#website","url":"https:\/\/www.heartfailurematters.org\/pt-br\/","name":"Heart Failure Matters","description":"Practical information for patients, families and caregivers.","publisher":{"@id":"https:\/\/www.heartfailurematters.org\/pt-br\/#organization"},"potentialAction":[{"@type":"SearchAction","target":{"@type":"EntryPoint","urlTemplate":"https:\/\/www.heartfailurematters.org\/pt-br\/?s={search_term_string}"},"query-input":{"@type":"PropertyValueSpecification","valueRequired":true,"valueName":"search_term_string"}}],"inLanguage":"pt-BR"},{"@type":"Organization","@id":"https:\/\/www.heartfailurematters.org\/pt-br\/#organization","name":"Heart Failure Matters","url":"https:\/\/www.heartfailurematters.org\/pt-br\/","logo":{"@type":"ImageObject","inLanguage":"pt-BR","@id":"https:\/\/www.heartfailurematters.org\/pt-br\/#\/schema\/logo\/image\/","url":"https:\/\/cdn-endpoint-hfm.azureedge.net\/heartfailurematters\/2024\/07\/hfm-logo1.jpg","contentUrl":"https:\/\/cdn-endpoint-hfm.azureedge.net\/heartfailurematters\/2024\/07\/hfm-logo1.jpg","width":1280,"height":720,"caption":"Heart Failure Matters"},"image":{"@id":"https:\/\/www.heartfailurematters.org\/pt-br\/#\/schema\/logo\/image\/"},"sameAs":["https:\/\/www.facebook.com\/heartfailurematters"]}]}},"_links":{"self":[{"href":"https:\/\/www.heartfailurematters.org\/pt-br\/wp-json\/wp\/v2\/pages\/12766","targetHints":{"allow":["GET"]}}],"collection":[{"href":"https:\/\/www.heartfailurematters.org\/pt-br\/wp-json\/wp\/v2\/pages"}],"about":[{"href":"https:\/\/www.heartfailurematters.org\/pt-br\/wp-json\/wp\/v2\/types\/page"}],"author":[{"embeddable":true,"href":"https:\/\/www.heartfailurematters.org\/pt-br\/wp-json\/wp\/v2\/users\/1"}],"replies":[{"embeddable":true,"href":"https:\/\/www.heartfailurematters.org\/pt-br\/wp-json\/wp\/v2\/comments?post=12766"}],"version-history":[{"count":1,"href":"https:\/\/www.heartfailurematters.org\/pt-br\/wp-json\/wp\/v2\/pages\/12766\/revisions"}],"predecessor-version":[{"id":12800,"href":"https:\/\/www.heartfailurematters.org\/pt-br\/wp-json\/wp\/v2\/pages\/12766\/revisions\/12800"}],"up":[{"embeddable":true,"href":"https:\/\/www.heartfailurematters.org\/pt-br\/wp-json\/wp\/v2\/pages\/13168"}],"wp:featuredmedia":[{"embeddable":true,"href":"https:\/\/www.heartfailurematters.org\/pt-br\/wp-json\/wp\/v2\/media\/12498"}],"wp:attachment":[{"href":"https:\/\/www.heartfailurematters.org\/pt-br\/wp-json\/wp\/v2\/media?parent=12766"}],"wp:term":[{"taxonomy":"category","embeddable":true,"href":"https:\/\/www.heartfailurematters.org\/pt-br\/wp-json\/wp\/v2\/categories?post=12766"},{"taxonomy":"post_tag","embeddable":true,"href":"https:\/\/www.heartfailurematters.org\/pt-br\/wp-json\/wp\/v2\/tags?post=12766"}],"curies":[{"name":"wp","href":"https:\/\/api.w.org\/{rel}","templated":true}]}}