{"id":12753,"date":"2021-01-27T22:06:51","date_gmt":"2021-01-27T22:06:51","guid":{"rendered":"https:\/\/www.heartfailurematters.org\/causas-de-insuficiencia-cardiaca-e-outras-condicoes-medicas-comuns\/defeitos-cardiacos-congenitos\/"},"modified":"2021-01-27T22:06:51","modified_gmt":"2021-01-27T22:06:51","slug":"defeitos-cardiacos-congenitos","status":"publish","type":"page","link":"https:\/\/www.heartfailurematters.org\/pt-br\/causas-de-insuficiencia-cardiaca-e-outras-condicoes-medicas-comuns\/defeitos-cardiacos-congenitos\/","title":{"rendered":"Defeitos card\u00edacos cong\u00e9nitos"},"content":{"rendered":"<p>Se o seu cora\u00e7\u00e3o e as respetivas c\u00e2maras n\u00e3o foram formados corretamente antes de nascer, o fluxo sangu\u00edneo no cora\u00e7\u00e3o ou nos vasos adjacentes poder\u00e1 ser obstru\u00eddo ou ter liga\u00e7\u00f5es ou percursos irregulares. Isto poder\u00e1 causar a mistura do sangue rico em oxig\u00e9nio com o sangue pobre em oxig\u00e9nio. Quando isto ocorre <a class=\"addtooltip\" title=\"Uma cor azulada da pele devido \u00e0 falta de oxig\u00e9nio no sangue, geralmente causada por um defeito card\u00edaco cong\u00e9nito.\"><strong>cianose<\/strong><\/a> e o organismo pode potencialmente n\u00e3o ter os n\u00edveis adequados de oxig\u00e9nio para se suster. Isto faz com que seja mais dif\u00edcil para o cora\u00e7\u00e3o bombear sangue para o corpo e o esfor\u00e7o adicional pode provocar v\u00e1rias doen\u00e7as, incluindo insufici\u00eancia card\u00edaca.<\/p>\n<p>Para mais informa\u00e7\u00f5es sobre defeitos card\u00edacos <a class=\"addtooltip\" title=\"Existentes \u00e0 nascen\u00e7a, por exemplo, uma doen\u00e7a presente \u00e0 nascen\u00e7a.\"><strong>defeitos card\u00edacos cong\u00e9nitos<\/strong><\/a>, visite os websites abaixo:<\/p>\n<ul>\n<li><a href=\"http:\/\/www.guch.org.uk\/\" target=\"_blank\" rel=\"noopener\">Associa\u00e7\u00e3o Somerville de Doentes Adultos com Defeitos Card\u00edacos Cong\u00e9nitos<\/a><\/li>\n<li><a href=\"http:\/\/congenitalheartdefects.com\/\" target=\"_blank\" rel=\"noopener\">Congenitalheartdefects.com<\/a><\/li>\n<li><a href=\"http:\/\/www.bhf.org.uk\/\" target=\"_blank\" rel=\"noopener\">British Heart Foundation<\/a><\/li>\n<\/ul>\n<p><a title=\"Return to What causes heart failure?\" href=\"https:\/\/www.heartfailurematters.org\/pt-pt\/o-que-e-a-insuficiencia-cardiaca\/quais-sao-as-causas-da-insuficiencia-cardiaca\/\">Voltar \u00e0 sec\u00e7\u00e3o Quais s\u00e3o as causas da insufici\u00eancia card\u00edaca?<\/a><\/p>\n","protected":false},"excerpt":{"rendered":"<p>Se o seu cora\u00e7\u00e3o e as respetivas c\u00e2maras n\u00e3o foram formados corretamente antes de nascer, o fluxo sangu\u00edneo no cora\u00e7\u00e3o ou nos vasos adjacentes poder\u00e1 ser obstru\u00eddo ou ter liga\u00e7\u00f5es ou percursos irregulares. Isto poder\u00e1 causar a mistura do sangue rico em oxig\u00e9nio com o sangue pobre em oxig\u00e9nio. Quando isto ocorre cianose e o [&hellip;]<\/p>\n","protected":false},"author":1,"featured_media":12500,"parent":12675,"menu_order":8,"comment_status":"open","ping_status":"open","template":"","meta":{"_acf_changed":false,"footnotes":""},"categories":[],"tags":[],"class_list":["post-12753","page","type-page","status-publish","has-post-thumbnail","hentry"],"acf":[],"yoast_head":"<!-- This site is optimized with the Yoast SEO plugin v24.8.1 - https:\/\/yoast.com\/wordpress\/plugins\/seo\/ -->\n<title>Defeitos card\u00edacos cong\u00e9nitos e insufici\u00eancia card\u00edaca<\/title>\n<meta name=\"description\" content=\"Se o cora\u00e7\u00e3o e suas c\u00e2maras n\u00e3o se formam bem antes de nascer o fluxo sangu\u00edneo no cora\u00e7\u00e3o ou os vasos pr\u00f3ximos podem estar bloqueados ou ter liga\u00e7\u00f5es anormais.\" \/>\n<meta name=\"robots\" content=\"index, follow, max-snippet:-1, max-image-preview:large, max-video-preview:-1\" \/>\n<link rel=\"canonical\" href=\"https:\/\/www.heartfailurematters.org\/pt-br\/causas-de-insuficiencia-cardiaca-e-outras-condicoes-medicas-comuns\/defeitos-cardiacos-congenitos\/\" \/>\n<meta property=\"og:locale\" content=\"pt_BR\" \/>\n<meta property=\"og:type\" content=\"article\" \/>\n<meta property=\"og:title\" content=\"Defeitos card\u00edacos cong\u00e9nitos e insufici\u00eancia card\u00edaca\" \/>\n<meta property=\"og:description\" content=\"Se o cora\u00e7\u00e3o e suas c\u00e2maras n\u00e3o se formam bem antes de nascer o fluxo sangu\u00edneo no cora\u00e7\u00e3o ou os vasos pr\u00f3ximos podem estar bloqueados ou ter liga\u00e7\u00f5es anormais.\" \/>\n<meta property=\"og:url\" content=\"https:\/\/www.heartfailurematters.org\/pt-br\/causas-de-insuficiencia-cardiaca-e-outras-condicoes-medicas-comuns\/defeitos-cardiacos-congenitos\/\" \/>\n<meta property=\"og:site_name\" content=\"Heart Failure Matters\" \/>\n<meta property=\"article:publisher\" content=\"https:\/\/www.facebook.com\/heartfailurematters\" \/>\n<meta property=\"og:image\" content=\"https:\/\/www.heartfailurematters.org\/wp-content\/uploads\/2022\/03\/shutterstock_1673602240-1-min.jpg\" \/>\n\t<meta property=\"og:image:width\" content=\"900\" \/>\n\t<meta property=\"og:image:height\" content=\"601\" \/>\n\t<meta property=\"og:image:type\" content=\"image\/jpeg\" \/>\n<meta name=\"twitter:card\" content=\"summary_large_image\" \/>\n<meta name=\"twitter:label1\" content=\"Est. tempo de leitura\" \/>\n\t<meta name=\"twitter:data1\" content=\"1 minuto\" \/>\n<script type=\"application\/ld+json\" class=\"yoast-schema-graph\">{\"@context\":\"https:\/\/schema.org\",\"@graph\":[{\"@type\":\"WebPage\",\"@id\":\"https:\/\/www.heartfailurematters.org\/pt-br\/causas-de-insuficiencia-cardiaca-e-outras-condicoes-medicas-comuns\/defeitos-cardiacos-congenitos\/\",\"url\":\"https:\/\/www.heartfailurematters.org\/pt-br\/causas-de-insuficiencia-cardiaca-e-outras-condicoes-medicas-comuns\/defeitos-cardiacos-congenitos\/\",\"name\":\"Defeitos card\u00edacos cong\u00e9nitos e insufici\u00eancia card\u00edaca\",\"isPartOf\":{\"@id\":\"https:\/\/www.heartfailurematters.org\/pt-br\/#website\"},\"primaryImageOfPage\":{\"@id\":\"https:\/\/www.heartfailurematters.org\/pt-br\/causas-de-insuficiencia-cardiaca-e-outras-condicoes-medicas-comuns\/defeitos-cardiacos-congenitos\/#primaryimage\"},\"image\":{\"@id\":\"https:\/\/www.heartfailurematters.org\/pt-br\/causas-de-insuficiencia-cardiaca-e-outras-condicoes-medicas-comuns\/defeitos-cardiacos-congenitos\/#primaryimage\"},\"thumbnailUrl\":\"https:\/\/www.heartfailurematters.org\/wp-content\/uploads\/2022\/03\/shutterstock_1673602240-1-min.jpg\",\"datePublished\":\"2021-01-27T22:06:51+00:00\",\"description\":\"Se o cora\u00e7\u00e3o e suas c\u00e2maras n\u00e3o se formam bem antes de nascer o fluxo sangu\u00edneo no cora\u00e7\u00e3o ou os vasos pr\u00f3ximos podem estar bloqueados ou ter liga\u00e7\u00f5es anormais.\",\"breadcrumb\":{\"@id\":\"https:\/\/www.heartfailurematters.org\/pt-br\/causas-de-insuficiencia-cardiaca-e-outras-condicoes-medicas-comuns\/defeitos-cardiacos-congenitos\/#breadcrumb\"},\"inLanguage\":\"pt-BR\",\"potentialAction\":[{\"@type\":\"ReadAction\",\"target\":[\"https:\/\/www.heartfailurematters.org\/pt-br\/causas-de-insuficiencia-cardiaca-e-outras-condicoes-medicas-comuns\/defeitos-cardiacos-congenitos\/\"]}]},{\"@type\":\"ImageObject\",\"inLanguage\":\"pt-BR\",\"@id\":\"https:\/\/www.heartfailurematters.org\/pt-br\/causas-de-insuficiencia-cardiaca-e-outras-condicoes-medicas-comuns\/defeitos-cardiacos-congenitos\/#primaryimage\",\"url\":\"https:\/\/www.heartfailurematters.org\/wp-content\/uploads\/2022\/03\/shutterstock_1673602240-1-min.jpg\",\"contentUrl\":\"https:\/\/www.heartfailurematters.org\/wp-content\/uploads\/2022\/03\/shutterstock_1673602240-1-min.jpg\",\"width\":900,\"height\":601},{\"@type\":\"BreadcrumbList\",\"@id\":\"https:\/\/www.heartfailurematters.org\/pt-br\/causas-de-insuficiencia-cardiaca-e-outras-condicoes-medicas-comuns\/defeitos-cardiacos-congenitos\/#breadcrumb\",\"itemListElement\":[{\"@type\":\"ListItem\",\"position\":1,\"name\":\"P\u00e1gina inicial\",\"item\":\"https:\/\/www.heartfailurematters.org\/pt-br\/\"},{\"@type\":\"ListItem\",\"position\":2,\"name\":\"Causas de insufici\u00eancia card\u00edaca e outras condi\u00e7\u00f5es m\u00e9dicas comuns\",\"item\":\"https:\/\/www.heartfailurematters.org\/pt-br\/causas-de-insuficiencia-cardiaca-e-outras-condicoes-medicas-comuns\/\"},{\"@type\":\"ListItem\",\"position\":3,\"name\":\"Defeitos card\u00edacos cong\u00e9nitos\"}]},{\"@type\":\"WebSite\",\"@id\":\"https:\/\/www.heartfailurematters.org\/pt-br\/#website\",\"url\":\"https:\/\/www.heartfailurematters.org\/pt-br\/\",\"name\":\"Heart Failure Matters\",\"description\":\"Practical information for patients, families and caregivers.\",\"publisher\":{\"@id\":\"https:\/\/www.heartfailurematters.org\/pt-br\/#organization\"},\"potentialAction\":[{\"@type\":\"SearchAction\",\"target\":{\"@type\":\"EntryPoint\",\"urlTemplate\":\"https:\/\/www.heartfailurematters.org\/pt-br\/?s={search_term_string}\"},\"query-input\":{\"@type\":\"PropertyValueSpecification\",\"valueRequired\":true,\"valueName\":\"search_term_string\"}}],\"inLanguage\":\"pt-BR\"},{\"@type\":\"Organization\",\"@id\":\"https:\/\/www.heartfailurematters.org\/pt-br\/#organization\",\"name\":\"Heart Failure Matters\",\"url\":\"https:\/\/www.heartfailurematters.org\/pt-br\/\",\"logo\":{\"@type\":\"ImageObject\",\"inLanguage\":\"pt-BR\",\"@id\":\"https:\/\/www.heartfailurematters.org\/pt-br\/#\/schema\/logo\/image\/\",\"url\":\"https:\/\/cdn-endpoint-hfm.azureedge.net\/heartfailurematters\/2024\/07\/hfm-logo1.jpg\",\"contentUrl\":\"https:\/\/cdn-endpoint-hfm.azureedge.net\/heartfailurematters\/2024\/07\/hfm-logo1.jpg\",\"width\":1280,\"height\":720,\"caption\":\"Heart Failure Matters\"},\"image\":{\"@id\":\"https:\/\/www.heartfailurematters.org\/pt-br\/#\/schema\/logo\/image\/\"},\"sameAs\":[\"https:\/\/www.facebook.com\/heartfailurematters\"]}]}<\/script>\n<!-- \/ Yoast SEO plugin. -->","yoast_head_json":{"title":"Defeitos card\u00edacos cong\u00e9nitos e insufici\u00eancia card\u00edaca","description":"Se o cora\u00e7\u00e3o e suas c\u00e2maras n\u00e3o se formam bem antes de nascer o fluxo sangu\u00edneo no cora\u00e7\u00e3o ou os vasos pr\u00f3ximos podem estar bloqueados ou ter liga\u00e7\u00f5es anormais.","robots":{"index":"index","follow":"follow","max-snippet":"max-snippet:-1","max-image-preview":"max-image-preview:large","max-video-preview":"max-video-preview:-1"},"canonical":"https:\/\/www.heartfailurematters.org\/pt-br\/causas-de-insuficiencia-cardiaca-e-outras-condicoes-medicas-comuns\/defeitos-cardiacos-congenitos\/","og_locale":"pt_BR","og_type":"article","og_title":"Defeitos card\u00edacos cong\u00e9nitos e insufici\u00eancia card\u00edaca","og_description":"Se o cora\u00e7\u00e3o e suas c\u00e2maras n\u00e3o se formam bem antes de nascer o fluxo sangu\u00edneo no cora\u00e7\u00e3o ou os vasos pr\u00f3ximos podem estar bloqueados ou ter liga\u00e7\u00f5es anormais.","og_url":"https:\/\/www.heartfailurematters.org\/pt-br\/causas-de-insuficiencia-cardiaca-e-outras-condicoes-medicas-comuns\/defeitos-cardiacos-congenitos\/","og_site_name":"Heart Failure Matters","article_publisher":"https:\/\/www.facebook.com\/heartfailurematters","og_image":[{"width":900,"height":601,"url":"https:\/\/www.heartfailurematters.org\/wp-content\/uploads\/2022\/03\/shutterstock_1673602240-1-min.jpg","type":"image\/jpeg"}],"twitter_card":"summary_large_image","twitter_misc":{"Est. tempo de leitura":"1 minuto"},"schema":{"@context":"https:\/\/schema.org","@graph":[{"@type":"WebPage","@id":"https:\/\/www.heartfailurematters.org\/pt-br\/causas-de-insuficiencia-cardiaca-e-outras-condicoes-medicas-comuns\/defeitos-cardiacos-congenitos\/","url":"https:\/\/www.heartfailurematters.org\/pt-br\/causas-de-insuficiencia-cardiaca-e-outras-condicoes-medicas-comuns\/defeitos-cardiacos-congenitos\/","name":"Defeitos card\u00edacos cong\u00e9nitos e insufici\u00eancia card\u00edaca","isPartOf":{"@id":"https:\/\/www.heartfailurematters.org\/pt-br\/#website"},"primaryImageOfPage":{"@id":"https:\/\/www.heartfailurematters.org\/pt-br\/causas-de-insuficiencia-cardiaca-e-outras-condicoes-medicas-comuns\/defeitos-cardiacos-congenitos\/#primaryimage"},"image":{"@id":"https:\/\/www.heartfailurematters.org\/pt-br\/causas-de-insuficiencia-cardiaca-e-outras-condicoes-medicas-comuns\/defeitos-cardiacos-congenitos\/#primaryimage"},"thumbnailUrl":"https:\/\/www.heartfailurematters.org\/wp-content\/uploads\/2022\/03\/shutterstock_1673602240-1-min.jpg","datePublished":"2021-01-27T22:06:51+00:00","description":"Se o cora\u00e7\u00e3o e suas c\u00e2maras n\u00e3o se formam bem antes de nascer o fluxo sangu\u00edneo no cora\u00e7\u00e3o ou os vasos pr\u00f3ximos podem estar bloqueados ou ter liga\u00e7\u00f5es anormais.","breadcrumb":{"@id":"https:\/\/www.heartfailurematters.org\/pt-br\/causas-de-insuficiencia-cardiaca-e-outras-condicoes-medicas-comuns\/defeitos-cardiacos-congenitos\/#breadcrumb"},"inLanguage":"pt-BR","potentialAction":[{"@type":"ReadAction","target":["https:\/\/www.heartfailurematters.org\/pt-br\/causas-de-insuficiencia-cardiaca-e-outras-condicoes-medicas-comuns\/defeitos-cardiacos-congenitos\/"]}]},{"@type":"ImageObject","inLanguage":"pt-BR","@id":"https:\/\/www.heartfailurematters.org\/pt-br\/causas-de-insuficiencia-cardiaca-e-outras-condicoes-medicas-comuns\/defeitos-cardiacos-congenitos\/#primaryimage","url":"https:\/\/www.heartfailurematters.org\/wp-content\/uploads\/2022\/03\/shutterstock_1673602240-1-min.jpg","contentUrl":"https:\/\/www.heartfailurematters.org\/wp-content\/uploads\/2022\/03\/shutterstock_1673602240-1-min.jpg","width":900,"height":601},{"@type":"BreadcrumbList","@id":"https:\/\/www.heartfailurematters.org\/pt-br\/causas-de-insuficiencia-cardiaca-e-outras-condicoes-medicas-comuns\/defeitos-cardiacos-congenitos\/#breadcrumb","itemListElement":[{"@type":"ListItem","position":1,"name":"P\u00e1gina inicial","item":"https:\/\/www.heartfailurematters.org\/pt-br\/"},{"@type":"ListItem","position":2,"name":"Causas de insufici\u00eancia card\u00edaca e outras condi\u00e7\u00f5es m\u00e9dicas comuns","item":"https:\/\/www.heartfailurematters.org\/pt-br\/causas-de-insuficiencia-cardiaca-e-outras-condicoes-medicas-comuns\/"},{"@type":"ListItem","position":3,"name":"Defeitos card\u00edacos cong\u00e9nitos"}]},{"@type":"WebSite","@id":"https:\/\/www.heartfailurematters.org\/pt-br\/#website","url":"https:\/\/www.heartfailurematters.org\/pt-br\/","name":"Heart Failure Matters","description":"Practical information for patients, families and caregivers.","publisher":{"@id":"https:\/\/www.heartfailurematters.org\/pt-br\/#organization"},"potentialAction":[{"@type":"SearchAction","target":{"@type":"EntryPoint","urlTemplate":"https:\/\/www.heartfailurematters.org\/pt-br\/?s={search_term_string}"},"query-input":{"@type":"PropertyValueSpecification","valueRequired":true,"valueName":"search_term_string"}}],"inLanguage":"pt-BR"},{"@type":"Organization","@id":"https:\/\/www.heartfailurematters.org\/pt-br\/#organization","name":"Heart Failure Matters","url":"https:\/\/www.heartfailurematters.org\/pt-br\/","logo":{"@type":"ImageObject","inLanguage":"pt-BR","@id":"https:\/\/www.heartfailurematters.org\/pt-br\/#\/schema\/logo\/image\/","url":"https:\/\/cdn-endpoint-hfm.azureedge.net\/heartfailurematters\/2024\/07\/hfm-logo1.jpg","contentUrl":"https:\/\/cdn-endpoint-hfm.azureedge.net\/heartfailurematters\/2024\/07\/hfm-logo1.jpg","width":1280,"height":720,"caption":"Heart Failure Matters"},"image":{"@id":"https:\/\/www.heartfailurematters.org\/pt-br\/#\/schema\/logo\/image\/"},"sameAs":["https:\/\/www.facebook.com\/heartfailurematters"]}]}},"_links":{"self":[{"href":"https:\/\/www.heartfailurematters.org\/pt-br\/wp-json\/wp\/v2\/pages\/12753","targetHints":{"allow":["GET"]}}],"collection":[{"href":"https:\/\/www.heartfailurematters.org\/pt-br\/wp-json\/wp\/v2\/pages"}],"about":[{"href":"https:\/\/www.heartfailurematters.org\/pt-br\/wp-json\/wp\/v2\/types\/page"}],"author":[{"embeddable":true,"href":"https:\/\/www.heartfailurematters.org\/pt-br\/wp-json\/wp\/v2\/users\/1"}],"replies":[{"embeddable":true,"href":"https:\/\/www.heartfailurematters.org\/pt-br\/wp-json\/wp\/v2\/comments?post=12753"}],"version-history":[{"count":0,"href":"https:\/\/www.heartfailurematters.org\/pt-br\/wp-json\/wp\/v2\/pages\/12753\/revisions"}],"up":[{"embeddable":true,"href":"https:\/\/www.heartfailurematters.org\/pt-br\/wp-json\/wp\/v2\/pages\/12675"}],"wp:featuredmedia":[{"embeddable":true,"href":"https:\/\/www.heartfailurematters.org\/pt-br\/wp-json\/wp\/v2\/media\/12500"}],"wp:attachment":[{"href":"https:\/\/www.heartfailurematters.org\/pt-br\/wp-json\/wp\/v2\/media?parent=12753"}],"wp:term":[{"taxonomy":"category","embeddable":true,"href":"https:\/\/www.heartfailurematters.org\/pt-br\/wp-json\/wp\/v2\/categories?post=12753"},{"taxonomy":"post_tag","embeddable":true,"href":"https:\/\/www.heartfailurematters.org\/pt-br\/wp-json\/wp\/v2\/tags?post=12753"}],"curies":[{"name":"wp","href":"https:\/\/api.w.org\/{rel}","templated":true}]}}