{"id":12707,"date":"2021-01-27T22:06:27","date_gmt":"2021-01-27T22:06:27","guid":{"rendered":"https:\/\/www.heartfailurematters.org\/o-que-o-seu-medico-ou-enfermeiro-pode-fazer\/programas-de-gestao-e-clinicas-de-insuficiencia-cardiaca\/"},"modified":"2023-07-24T16:09:48","modified_gmt":"2023-07-24T15:09:48","slug":"programas-de-gestao-e-clinicas-de-insuficiencia-cardiaca","status":"publish","type":"page","link":"https:\/\/www.heartfailurematters.org\/pt-br\/o-que-o-seu-medico-ou-enfermeiro-pode-fazer\/programas-de-gestao-e-clinicas-de-insuficiencia-cardiaca\/","title":{"rendered":"Programas de gest\u00e3o e cl\u00ednicas de insufici\u00eancia card\u00edaca"},"content":{"rendered":"<h2><\/h2>\n<h2>O que \u00e9 um programa de gest\u00e3o e cl\u00ednica de insufici\u00eancia card\u00edaca?<\/h2>\n<p>Pode residir pr\u00f3ximo de uma cl\u00ednica de insufici\u00eancia card\u00edaca que pode ajud\u00e1-lo a melhorar a qualidade de vida e a gerir os seus sintomas de insufici\u00eancia card\u00edaca. Os profissionais da cl\u00ednica de insufici\u00eancia card\u00edaca ir\u00e3o ajud\u00e1-lo a organizar-se e incentiv\u00e1-lo a participar ativamente nos seus cuidados para melhorar os sintomas. Normalmente, estes programas representam uma coopera\u00e7\u00e3o entre enfermeiros e m\u00e9dicos, envolvendo outros especialistas, conforme necess\u00e1rio. Poder\u00e1 ser oferecido aos doentes de algumas \u00e1reas de resid\u00eancia acompanhamento e monitoriza\u00e7\u00e3o frequentes, quer presencialmente, por telefone ou por telemonitoriza\u00e7\u00e3o.<\/p>\n<h2>De que forma uma cl\u00ednica de insufici\u00eancia card\u00edaca poder\u00e1 ajudar-me?<\/h2>\n<p>A cl\u00ednica de insufici\u00eancia card\u00edaca ir\u00e1 ajud\u00e1-lo a compreender a sua doen\u00e7a e as melhorias que pode sentir atrav\u00e9s da autogest\u00e3o da alimenta\u00e7\u00e3o, exerc\u00edcio f\u00edsico e medica\u00e7\u00e3o. A cl\u00ednica tamb\u00e9m permitir\u00e1 que tenha um acompanhamento mais conveniente (por exemplo, monitoriza\u00e7\u00e3o por telefone, visita do enfermeiro de especialidade de insufici\u00eancia card\u00edaca, entre outros) e poder\u00e1 incentiv\u00e1-lo a definir e cumprir pequenas metas de mudan\u00e7as de estilo de vida. Estes programas tamb\u00e9m poder\u00e3o fornecer dados de contacto de uma pessoa que estar\u00e1 dispon\u00edvel para lhe dizer o que fazer em caso de agravamento dos sintomas. Poder\u00e1 obter informa\u00e7\u00f5es sobre <a class=\"addtooltip\" title=\"&lt;div id='ToolTipTextWrap'&gt;ensaios cl\u00ednicos&lt;\/div&gt;&lt;p&gt; Estudos de investiga\u00e7\u00e3o cl\u00ednica em doentes. S\u00e3o concebidos para responder a quest\u00f5es espec\u00edficas e tentar encontrar melhores formas de evitar, detetar ou tratar doen\u00e7as como a insufici\u00eancia card\u00edaca ou detetar poss\u00edveis efeitos secund\u00e1rios dos medicamentos.&lt;\/p&gt;\"><strong>ensaios cl\u00ednicos<\/strong><\/a> para novas terapias e, talvez, participar nos mesmos.<\/p>\n<p>Para obter mais informa\u00e7\u00f5es sobre os servi\u00e7os dispon\u00edveis no seu pa\u00eds, clique nas liga\u00e7\u00f5es abaixo:<\/p>\n<h3>National Heart Failure organisations<\/h3>\n<ul>\n<li><a href=\"http:\/\/www.ukbih.com\/\" target=\"_blank\" rel=\"noopener\">Association of Cardiologists of Bosnia &amp; Herzegovina<\/a><\/li>\n<li><a href=\"http:\/\/www.atcardio.at\/\" target=\"_blank\" rel=\"noopener\">Austrian Society of Cardiology<\/a><\/li>\n<li><a href=\"http:\/\/www.liguecardiologique.be\/\">Belgian Heart League <\/a><\/li>\n<li><a href=\"http:\/\/www.bscardio.be\/Generic\/jsp\/index.jsp\" target=\"_blank\" rel=\"noopener\">Belgian Society of Cardiology<\/a><\/li>\n<li><a href=\"http:\/\/www.bhf.org.uk\/\" target=\"_blank\" rel=\"noopener\">British Heart Foundation (BHF) <\/a><\/li>\n<li><a href=\"http:\/\/www.bsh.org.uk\/\" target=\"_blank\" rel=\"noopener\">British Society of Heart Failure<\/a><\/li>\n<li><a href=\"http:\/\/www.cardiobg.com\/\" target=\"_blank\" rel=\"noopener\">Bulgarian Society of Cardiology<\/a><\/li>\n<li><a href=\"http:\/\/www.kardio.hr\/\" target=\"_blank\" rel=\"noopener\">Croatian Cardiac Society<\/a><\/li>\n<li><a href=\"http:\/\/www.heartfoundation.org.cy\/\" target=\"_blank\" rel=\"noopener\">Cyprus Heart Foundation<\/a><\/li>\n<li><a href=\"http:\/\/www.cardio.cz\/\" target=\"_blank\" rel=\"noopener\">Czech Society of Cardiology<\/a><\/li>\n<li><a href=\"http:\/\/www.hjerteforeningen.dk\/sw175.asp\" target=\"_blank\" rel=\"noopener\">Danish Heart Foundation<\/a><\/li>\n<li><a href=\"http:\/\/www.eks.kliinikum.ee\/\" target=\"_blank\" rel=\"noopener\">Estonian Cardiac Society<\/a><\/li>\n<li><a href=\"http:\/\/www.fincardio.fi\/\" target=\"_blank\" rel=\"noopener\">Finnish Cardiac Society <\/a><\/li>\n<li><a href=\"http:\/\/www.sydanliitto.fi\/\" target=\"_blank\" rel=\"noopener\">Finnish Heart Association<\/a><\/li>\n<li><a href=\"http:\/\/www.cardio-sfc.org\/\" target=\"_blank\" rel=\"noopener\">French Society of Cardiology<\/a><\/li>\n<li><a href=\"http:\/\/www.dgk.org\/\" target=\"_blank\" rel=\"noopener\">German Cardiac Society<\/a><\/li>\n<li><a href=\"http:\/\/www.herzstiftung.de\/\" target=\"_blank\" rel=\"noopener\">German Heart Foundation<\/a><\/li>\n<li><a href=\"http:\/\/www.heartuk.org.uk\/\" target=\"_blank\" rel=\"noopener\">HEART UK<\/a><\/li>\n<li><a href=\"http:\/\/www.hcs.gr\/\" target=\"_blank\" rel=\"noopener\">Hellenic Cardiological Society <\/a><\/li>\n<li><a href=\"http:\/\/www.mnsza.hu\/\" target=\"_blank\" rel=\"noopener\">Hungarian National Heart Foundation <\/a><\/li>\n<li><a href=\"http:\/\/www.hjarta.is\/\" target=\"_blank\" rel=\"noopener\">Iceland Heart Association <\/a><\/li>\n<li><a href=\"http:\/\/www.irishcardiacsociety.com\/\" target=\"_blank\" rel=\"noopener\">Irish Cardiac Society<\/a><\/li>\n<li><a href=\"http:\/\/www.irishheart.ie\/\" target=\"_blank\" rel=\"noopener\">Irish Heart Foundation<\/a><\/li>\n<li><a href=\"http:\/\/www.israel-heart.org.il\/\" target=\"_blank\" rel=\"noopener\">Israel Heart Society <\/a><\/li>\n<li><a href=\"http:\/\/www.sicardiologia.it\/\" target=\"_blank\" rel=\"noopener\">Italian Federation of Cardiology<\/a><\/li>\n<li><a href=\"http:\/\/www.fondazionecuore.it\/\" target=\"_blank\" rel=\"noopener\">Italian Heart Foundation<\/a><\/li>\n<li><a href=\"http:\/\/www.heart.lt\/\" target=\"_blank\" rel=\"noopener\">Lithuanian Heart Association<\/a><\/li>\n<li><a href=\"http:\/\/www.lcs.lt\/\" target=\"_blank\" rel=\"noopener\">Lithuanian Society of Cardiology<\/a><\/li>\n<li><a href=\"http:\/\/www.ihdmkd.edu.mk\/\" target=\"_blank\" rel=\"noopener\">Macedonia Society of Cardiology <\/a><\/li>\n<li><a href=\"http:\/\/www.hartstichting.nl\/\" target=\"_blank\" rel=\"noopener\">Netherlands Heart Foundation <\/a><\/li>\n<li><a href=\"http:\/\/www.cardiologie.nl\/\" target=\"_blank\" rel=\"noopener\">The Netherlands Society of Cardiology<\/a><\/li>\n<li><a href=\"http:\/\/www.hjerte.no\/\" target=\"_blank\" rel=\"noopener\">Norwegian Society of Cardiology<\/a><\/li>\n<li><a href=\"http:\/\/www.ptkardio.pl\/\" target=\"_blank\" rel=\"noopener\">Polish Cardiac Society <\/a><\/li>\n<li><a href=\"http:\/\/www.fpcardiologia.pt\/\" target=\"_blank\" rel=\"noopener\">Funda\u00e7\u00e3o Portuguesa de Cardiologia<\/a><\/li>\n<li><a href=\"http:\/\/www.spc.pt\/spc\/index.aspx\" target=\"_blank\" rel=\"noopener\">Sociedade Portuguesa de Cardiologia<\/a><\/li>\n<li><a href=\"http:\/\/www.cardioportal.ro\/\" target=\"_blank\" rel=\"noopener\">Romanian Society of Cardiology<\/a><\/li>\n<li><a href=\"http:\/\/www.cardiosite.ru\/eng\" target=\"_blank\" rel=\"noopener\">Society of Cardiology of the Russian Federation<\/a><\/li>\n<li><a href=\"http:\/\/www.cardiology.sk\/\" target=\"_blank\" rel=\"noopener\">Slovak Society of Cardiology<\/a><\/li>\n<li><a href=\"http:\/\/www.zasrce.si\/\" target=\"_blank\" rel=\"noopener\">Slovenian Heart Foundation<\/a><\/li>\n<li><a href=\"http:\/\/www.sicardio.org\/\" target=\"_blank\" rel=\"noopener\">Slovenian Society of Cardiology <\/a><\/li>\n<li><a href=\"http:\/\/www.fundaciondelcorazon.com\/\" target=\"_blank\" rel=\"noopener\">Spanish Heart Foundation<\/a><\/li>\n<li><a href=\"http:\/\/www.secardiologia.es\/main.asp?w=1024\" target=\"_blank\" rel=\"noopener\">Spanish Society of Cardiology<\/a><\/li>\n<li><a href=\"http:\/\/www.hjart-lungfonden.se\/\" target=\"_blank\" rel=\"noopener\">Swedish Heart Lung Foundation<\/a><\/li>\n<li><a href=\"http:\/\/www.cardio.se\/\" target=\"_blank\" rel=\"noopener\">Swedish Society of Cardiology<\/a><\/li>\n<li><a href=\"http:\/\/www.swissheart.ch\/\" target=\"_blank\" rel=\"noopener\">Swiss Heart Foundation<\/a><\/li>\n<li><a href=\"http:\/\/www.swisscardio.ch\/\" target=\"_blank\" rel=\"noopener\">Swiss Society of Cardiology<\/a><\/li>\n<li><a href=\"http:\/\/www.tkv.org.tr\/\" target=\"_blank\" rel=\"noopener\">Turkish Heart Foundation<\/a><\/li>\n<li><a href=\"http:\/\/www.tkd.org.tr\/\" target=\"_blank\" rel=\"noopener\">Turkish Society of Cardiology <\/a><\/li>\n<\/ul>\n<h3>Organiza\u00e7\u00f5es de doentes:<\/h3>\n<p><strong><em>Em ingl\u00eas:<\/em><\/strong><\/p>\n<ul>\n<li><a href=\"http:\/\/pumpingmarvellous.org\/\">Pumping Marvellous Foundation<\/a><\/li>\n<li><a href=\"https:\/\/www.croi.ie\/\">Croi<\/a><\/li>\n<li><a href=\"http:\/\/heartbeat-trust.ie\/\">The Heartbeat Trust<\/a><\/li>\n<\/ul>\n<p><strong><em>Em espanhol:<\/em><\/strong>Asociaci\u00f3n de Enfermedades<\/p>\n<ul>\n<li><a href=\"http:\/\/www.ihhub.org\/members-area\/resource-centre\/organisations\/asociacion-de-enfermedades-cardiovasculares-corazon-sin-fronteras-2\/\">Cardiovasculares Coraz\u00f3n sin Fronteras<\/a><\/li>\n<li><a href=\"http:\/\/www.gicor.org\/\">Associaci\u00f3 Gironina de Prevenci\u00f3 i Ajuda a les Malalties del Cor (GICOR)<\/a><\/li>\n<\/ul>\n<p><strong><em>Em italiano:<\/em><\/strong><\/p>\n<ul>\n<li><a href=\"http:\/\/www.associazioneaisc.org\/\">AISC<\/a><\/li>\n<\/ul>\n<p><strong><em>Em franc\u00eas:<\/em><\/strong><\/p>\n<ul>\n<li><a href=\"http:\/\/www.fr.docvadis.be\/moncoeur\/index.html\">Mon Coeur Entre Parentheses<\/a><\/li>\n<li>ASPIC<\/li>\n<li>AVEC<\/li>\n<\/ul>\n<p><strong><em>Em lituano:<\/em><\/strong><\/p>\n<ul>\n<li><a href=\"http:\/\/www.sirdiesnepakankamumas.lt\/\">\u0160irdies Nepakankamu Sergan\u010di\u0173j\u0173\u00a0Asociacija (\u0160NSA)<\/a><\/li>\n<\/ul>\n<p><strong><em>Em alem\u00e3o:<\/em><\/strong><\/p>\n<ul>\n<li><a href=\"http:\/\/www.ihhub.org\/members-area\/resource-centre\/organisations\/selbsthilfe-herzschwaeche-2\/\">Selbsthilfe Herzschwaeche<\/a><\/li>\n<\/ul>\n","protected":false},"excerpt":{"rendered":"<p>O que \u00e9 um programa de gest\u00e3o e cl\u00ednica de insufici\u00eancia card\u00edaca? Pode residir pr\u00f3ximo de uma cl\u00ednica de insufici\u00eancia card\u00edaca que pode ajud\u00e1-lo a melhorar a qualidade de vida e a gerir os seus sintomas de insufici\u00eancia card\u00edaca. Os profissionais da cl\u00ednica de insufici\u00eancia card\u00edaca ir\u00e3o ajud\u00e1-lo a organizar-se e incentiv\u00e1-lo a participar ativamente [&hellip;]<\/p>\n","protected":false},"author":1,"featured_media":12480,"parent":13171,"menu_order":3,"comment_status":"open","ping_status":"closed","template":"","meta":{"_acf_changed":false,"footnotes":""},"categories":[208],"tags":[],"class_list":["post-12707","page","type-page","status-publish","has-post-thumbnail","hentry","category-what-your-doctor-can-do-pt-br"],"acf":[],"yoast_head":"<!-- This site is optimized with the Yoast SEO plugin v24.8.1 - https:\/\/yoast.com\/wordpress\/plugins\/seo\/ -->\n<title>Cl\u00ednicas de insufici\u00eancia card\u00edaca<\/title>\n<meta name=\"description\" content=\"A cl\u00ednica de insuf. card. ajudar\u00e1 a aprender sobre a doen\u00e7a e as melhorias a obter com dieta, exerc\u00edcio f\u00edsico e medica\u00e7\u00e3o. Encontre uma lista das cl\u00ednicas aqui\" \/>\n<meta name=\"robots\" content=\"index, follow, max-snippet:-1, max-image-preview:large, max-video-preview:-1\" \/>\n<link rel=\"canonical\" href=\"https:\/\/www.heartfailurematters.org\/pt-br\/o-que-o-seu-medico-ou-enfermeiro-pode-fazer\/programas-de-gestao-e-clinicas-de-insuficiencia-cardiaca\/\" \/>\n<meta property=\"og:locale\" content=\"pt_BR\" \/>\n<meta property=\"og:type\" content=\"article\" \/>\n<meta property=\"og:title\" content=\"Cl\u00ednicas de insufici\u00eancia card\u00edaca\" \/>\n<meta property=\"og:description\" content=\"A cl\u00ednica de insuf. card. ajudar\u00e1 a aprender sobre a doen\u00e7a e as melhorias a obter com dieta, exerc\u00edcio f\u00edsico e medica\u00e7\u00e3o. Encontre uma lista das cl\u00ednicas aqui\" \/>\n<meta property=\"og:url\" content=\"https:\/\/www.heartfailurematters.org\/pt-br\/o-que-o-seu-medico-ou-enfermeiro-pode-fazer\/programas-de-gestao-e-clinicas-de-insuficiencia-cardiaca\/\" \/>\n<meta property=\"og:site_name\" content=\"Heart Failure Matters\" \/>\n<meta property=\"article:publisher\" content=\"https:\/\/www.facebook.com\/heartfailurematters\" \/>\n<meta property=\"article:modified_time\" content=\"2023-07-24T15:09:48+00:00\" \/>\n<meta property=\"og:image\" content=\"https:\/\/www.heartfailurematters.org\/wp-content\/uploads\/2022\/02\/shutterstock_258402434-1-min.jpg?_t=1773224963\" \/>\n\t<meta property=\"og:image:width\" content=\"900\" \/>\n\t<meta property=\"og:image:height\" content=\"475\" \/>\n\t<meta property=\"og:image:type\" content=\"image\/jpeg\" \/>\n<meta name=\"twitter:card\" content=\"summary_large_image\" \/>\n<meta name=\"twitter:label1\" content=\"Est. tempo de leitura\" \/>\n\t<meta name=\"twitter:data1\" content=\"3 minutos\" \/>\n<script type=\"application\/ld+json\" class=\"yoast-schema-graph\">{\"@context\":\"https:\/\/schema.org\",\"@graph\":[{\"@type\":\"WebPage\",\"@id\":\"https:\/\/www.heartfailurematters.org\/pt-br\/o-que-o-seu-medico-ou-enfermeiro-pode-fazer\/programas-de-gestao-e-clinicas-de-insuficiencia-cardiaca\/\",\"url\":\"https:\/\/www.heartfailurematters.org\/pt-br\/o-que-o-seu-medico-ou-enfermeiro-pode-fazer\/programas-de-gestao-e-clinicas-de-insuficiencia-cardiaca\/\",\"name\":\"Cl\u00ednicas de insufici\u00eancia card\u00edaca\",\"isPartOf\":{\"@id\":\"https:\/\/www.heartfailurematters.org\/pt-br\/#website\"},\"primaryImageOfPage\":{\"@id\":\"https:\/\/www.heartfailurematters.org\/pt-br\/o-que-o-seu-medico-ou-enfermeiro-pode-fazer\/programas-de-gestao-e-clinicas-de-insuficiencia-cardiaca\/#primaryimage\"},\"image\":{\"@id\":\"https:\/\/www.heartfailurematters.org\/pt-br\/o-que-o-seu-medico-ou-enfermeiro-pode-fazer\/programas-de-gestao-e-clinicas-de-insuficiencia-cardiaca\/#primaryimage\"},\"thumbnailUrl\":\"https:\/\/www.heartfailurematters.org\/wp-content\/uploads\/2022\/02\/shutterstock_258402434-1-min.jpg\",\"datePublished\":\"2021-01-27T22:06:27+00:00\",\"dateModified\":\"2023-07-24T15:09:48+00:00\",\"description\":\"A cl\u00ednica de insuf. card. ajudar\u00e1 a aprender sobre a doen\u00e7a e as melhorias a obter com dieta, exerc\u00edcio f\u00edsico e medica\u00e7\u00e3o. Encontre uma lista das cl\u00ednicas aqui\",\"breadcrumb\":{\"@id\":\"https:\/\/www.heartfailurematters.org\/pt-br\/o-que-o-seu-medico-ou-enfermeiro-pode-fazer\/programas-de-gestao-e-clinicas-de-insuficiencia-cardiaca\/#breadcrumb\"},\"inLanguage\":\"pt-BR\",\"potentialAction\":[{\"@type\":\"ReadAction\",\"target\":[\"https:\/\/www.heartfailurematters.org\/pt-br\/o-que-o-seu-medico-ou-enfermeiro-pode-fazer\/programas-de-gestao-e-clinicas-de-insuficiencia-cardiaca\/\"]}]},{\"@type\":\"ImageObject\",\"inLanguage\":\"pt-BR\",\"@id\":\"https:\/\/www.heartfailurematters.org\/pt-br\/o-que-o-seu-medico-ou-enfermeiro-pode-fazer\/programas-de-gestao-e-clinicas-de-insuficiencia-cardiaca\/#primaryimage\",\"url\":\"https:\/\/www.heartfailurematters.org\/wp-content\/uploads\/2022\/02\/shutterstock_258402434-1-min.jpg\",\"contentUrl\":\"https:\/\/www.heartfailurematters.org\/wp-content\/uploads\/2022\/02\/shutterstock_258402434-1-min.jpg\",\"width\":900,\"height\":475},{\"@type\":\"BreadcrumbList\",\"@id\":\"https:\/\/www.heartfailurematters.org\/pt-br\/o-que-o-seu-medico-ou-enfermeiro-pode-fazer\/programas-de-gestao-e-clinicas-de-insuficiencia-cardiaca\/#breadcrumb\",\"itemListElement\":[{\"@type\":\"ListItem\",\"position\":1,\"name\":\"P\u00e1gina inicial\",\"item\":\"https:\/\/www.heartfailurematters.org\/pt-br\/\"},{\"@type\":\"ListItem\",\"position\":2,\"name\":\"O que o seu m\u00e9dico pode fazer\",\"item\":\"https:\/\/www.heartfailurematters.org\/pt-br\/o-que-o-seu-medico-ou-enfermeiro-pode-fazer\/\"},{\"@type\":\"ListItem\",\"position\":3,\"name\":\"Programas de gest\u00e3o e cl\u00ednicas de insufici\u00eancia card\u00edaca\"}]},{\"@type\":\"WebSite\",\"@id\":\"https:\/\/www.heartfailurematters.org\/pt-br\/#website\",\"url\":\"https:\/\/www.heartfailurematters.org\/pt-br\/\",\"name\":\"Heart Failure Matters\",\"description\":\"Practical information for patients, families and caregivers.\",\"publisher\":{\"@id\":\"https:\/\/www.heartfailurematters.org\/pt-br\/#organization\"},\"potentialAction\":[{\"@type\":\"SearchAction\",\"target\":{\"@type\":\"EntryPoint\",\"urlTemplate\":\"https:\/\/www.heartfailurematters.org\/pt-br\/?s={search_term_string}\"},\"query-input\":{\"@type\":\"PropertyValueSpecification\",\"valueRequired\":true,\"valueName\":\"search_term_string\"}}],\"inLanguage\":\"pt-BR\"},{\"@type\":\"Organization\",\"@id\":\"https:\/\/www.heartfailurematters.org\/pt-br\/#organization\",\"name\":\"Heart Failure Matters\",\"url\":\"https:\/\/www.heartfailurematters.org\/pt-br\/\",\"logo\":{\"@type\":\"ImageObject\",\"inLanguage\":\"pt-BR\",\"@id\":\"https:\/\/www.heartfailurematters.org\/pt-br\/#\/schema\/logo\/image\/\",\"url\":\"https:\/\/cdn-endpoint-hfm.azureedge.net\/heartfailurematters\/2024\/07\/hfm-logo1.jpg\",\"contentUrl\":\"https:\/\/cdn-endpoint-hfm.azureedge.net\/heartfailurematters\/2024\/07\/hfm-logo1.jpg\",\"width\":1280,\"height\":720,\"caption\":\"Heart Failure Matters\"},\"image\":{\"@id\":\"https:\/\/www.heartfailurematters.org\/pt-br\/#\/schema\/logo\/image\/\"},\"sameAs\":[\"https:\/\/www.facebook.com\/heartfailurematters\"]}]}<\/script>\n<!-- \/ Yoast SEO plugin. -->","yoast_head_json":{"title":"Cl\u00ednicas de insufici\u00eancia card\u00edaca","description":"A cl\u00ednica de insuf. card. ajudar\u00e1 a aprender sobre a doen\u00e7a e as melhorias a obter com dieta, exerc\u00edcio f\u00edsico e medica\u00e7\u00e3o. Encontre uma lista das cl\u00ednicas aqui","robots":{"index":"index","follow":"follow","max-snippet":"max-snippet:-1","max-image-preview":"max-image-preview:large","max-video-preview":"max-video-preview:-1"},"canonical":"https:\/\/www.heartfailurematters.org\/pt-br\/o-que-o-seu-medico-ou-enfermeiro-pode-fazer\/programas-de-gestao-e-clinicas-de-insuficiencia-cardiaca\/","og_locale":"pt_BR","og_type":"article","og_title":"Cl\u00ednicas de insufici\u00eancia card\u00edaca","og_description":"A cl\u00ednica de insuf. card. ajudar\u00e1 a aprender sobre a doen\u00e7a e as melhorias a obter com dieta, exerc\u00edcio f\u00edsico e medica\u00e7\u00e3o. Encontre uma lista das cl\u00ednicas aqui","og_url":"https:\/\/www.heartfailurematters.org\/pt-br\/o-que-o-seu-medico-ou-enfermeiro-pode-fazer\/programas-de-gestao-e-clinicas-de-insuficiencia-cardiaca\/","og_site_name":"Heart Failure Matters","article_publisher":"https:\/\/www.facebook.com\/heartfailurematters","article_modified_time":"2023-07-24T15:09:48+00:00","og_image":[{"width":900,"height":475,"url":"https:\/\/www.heartfailurematters.org\/wp-content\/uploads\/2022\/02\/shutterstock_258402434-1-min.jpg?_t=1773224963","type":"image\/jpeg"}],"twitter_card":"summary_large_image","twitter_misc":{"Est. tempo de leitura":"3 minutos"},"schema":{"@context":"https:\/\/schema.org","@graph":[{"@type":"WebPage","@id":"https:\/\/www.heartfailurematters.org\/pt-br\/o-que-o-seu-medico-ou-enfermeiro-pode-fazer\/programas-de-gestao-e-clinicas-de-insuficiencia-cardiaca\/","url":"https:\/\/www.heartfailurematters.org\/pt-br\/o-que-o-seu-medico-ou-enfermeiro-pode-fazer\/programas-de-gestao-e-clinicas-de-insuficiencia-cardiaca\/","name":"Cl\u00ednicas de insufici\u00eancia card\u00edaca","isPartOf":{"@id":"https:\/\/www.heartfailurematters.org\/pt-br\/#website"},"primaryImageOfPage":{"@id":"https:\/\/www.heartfailurematters.org\/pt-br\/o-que-o-seu-medico-ou-enfermeiro-pode-fazer\/programas-de-gestao-e-clinicas-de-insuficiencia-cardiaca\/#primaryimage"},"image":{"@id":"https:\/\/www.heartfailurematters.org\/pt-br\/o-que-o-seu-medico-ou-enfermeiro-pode-fazer\/programas-de-gestao-e-clinicas-de-insuficiencia-cardiaca\/#primaryimage"},"thumbnailUrl":"https:\/\/www.heartfailurematters.org\/wp-content\/uploads\/2022\/02\/shutterstock_258402434-1-min.jpg","datePublished":"2021-01-27T22:06:27+00:00","dateModified":"2023-07-24T15:09:48+00:00","description":"A cl\u00ednica de insuf. card. ajudar\u00e1 a aprender sobre a doen\u00e7a e as melhorias a obter com dieta, exerc\u00edcio f\u00edsico e medica\u00e7\u00e3o. Encontre uma lista das cl\u00ednicas aqui","breadcrumb":{"@id":"https:\/\/www.heartfailurematters.org\/pt-br\/o-que-o-seu-medico-ou-enfermeiro-pode-fazer\/programas-de-gestao-e-clinicas-de-insuficiencia-cardiaca\/#breadcrumb"},"inLanguage":"pt-BR","potentialAction":[{"@type":"ReadAction","target":["https:\/\/www.heartfailurematters.org\/pt-br\/o-que-o-seu-medico-ou-enfermeiro-pode-fazer\/programas-de-gestao-e-clinicas-de-insuficiencia-cardiaca\/"]}]},{"@type":"ImageObject","inLanguage":"pt-BR","@id":"https:\/\/www.heartfailurematters.org\/pt-br\/o-que-o-seu-medico-ou-enfermeiro-pode-fazer\/programas-de-gestao-e-clinicas-de-insuficiencia-cardiaca\/#primaryimage","url":"https:\/\/www.heartfailurematters.org\/wp-content\/uploads\/2022\/02\/shutterstock_258402434-1-min.jpg","contentUrl":"https:\/\/www.heartfailurematters.org\/wp-content\/uploads\/2022\/02\/shutterstock_258402434-1-min.jpg","width":900,"height":475},{"@type":"BreadcrumbList","@id":"https:\/\/www.heartfailurematters.org\/pt-br\/o-que-o-seu-medico-ou-enfermeiro-pode-fazer\/programas-de-gestao-e-clinicas-de-insuficiencia-cardiaca\/#breadcrumb","itemListElement":[{"@type":"ListItem","position":1,"name":"P\u00e1gina inicial","item":"https:\/\/www.heartfailurematters.org\/pt-br\/"},{"@type":"ListItem","position":2,"name":"O que o seu m\u00e9dico pode fazer","item":"https:\/\/www.heartfailurematters.org\/pt-br\/o-que-o-seu-medico-ou-enfermeiro-pode-fazer\/"},{"@type":"ListItem","position":3,"name":"Programas de gest\u00e3o e cl\u00ednicas de insufici\u00eancia card\u00edaca"}]},{"@type":"WebSite","@id":"https:\/\/www.heartfailurematters.org\/pt-br\/#website","url":"https:\/\/www.heartfailurematters.org\/pt-br\/","name":"Heart Failure Matters","description":"Practical information for patients, families and caregivers.","publisher":{"@id":"https:\/\/www.heartfailurematters.org\/pt-br\/#organization"},"potentialAction":[{"@type":"SearchAction","target":{"@type":"EntryPoint","urlTemplate":"https:\/\/www.heartfailurematters.org\/pt-br\/?s={search_term_string}"},"query-input":{"@type":"PropertyValueSpecification","valueRequired":true,"valueName":"search_term_string"}}],"inLanguage":"pt-BR"},{"@type":"Organization","@id":"https:\/\/www.heartfailurematters.org\/pt-br\/#organization","name":"Heart Failure Matters","url":"https:\/\/www.heartfailurematters.org\/pt-br\/","logo":{"@type":"ImageObject","inLanguage":"pt-BR","@id":"https:\/\/www.heartfailurematters.org\/pt-br\/#\/schema\/logo\/image\/","url":"https:\/\/cdn-endpoint-hfm.azureedge.net\/heartfailurematters\/2024\/07\/hfm-logo1.jpg","contentUrl":"https:\/\/cdn-endpoint-hfm.azureedge.net\/heartfailurematters\/2024\/07\/hfm-logo1.jpg","width":1280,"height":720,"caption":"Heart Failure Matters"},"image":{"@id":"https:\/\/www.heartfailurematters.org\/pt-br\/#\/schema\/logo\/image\/"},"sameAs":["https:\/\/www.facebook.com\/heartfailurematters"]}]}},"_links":{"self":[{"href":"https:\/\/www.heartfailurematters.org\/pt-br\/wp-json\/wp\/v2\/pages\/12707","targetHints":{"allow":["GET"]}}],"collection":[{"href":"https:\/\/www.heartfailurematters.org\/pt-br\/wp-json\/wp\/v2\/pages"}],"about":[{"href":"https:\/\/www.heartfailurematters.org\/pt-br\/wp-json\/wp\/v2\/types\/page"}],"author":[{"embeddable":true,"href":"https:\/\/www.heartfailurematters.org\/pt-br\/wp-json\/wp\/v2\/users\/1"}],"replies":[{"embeddable":true,"href":"https:\/\/www.heartfailurematters.org\/pt-br\/wp-json\/wp\/v2\/comments?post=12707"}],"version-history":[{"count":1,"href":"https:\/\/www.heartfailurematters.org\/pt-br\/wp-json\/wp\/v2\/pages\/12707\/revisions"}],"predecessor-version":[{"id":12807,"href":"https:\/\/www.heartfailurematters.org\/pt-br\/wp-json\/wp\/v2\/pages\/12707\/revisions\/12807"}],"up":[{"embeddable":true,"href":"https:\/\/www.heartfailurematters.org\/pt-br\/wp-json\/wp\/v2\/pages\/13171"}],"wp:featuredmedia":[{"embeddable":true,"href":"https:\/\/www.heartfailurematters.org\/pt-br\/wp-json\/wp\/v2\/media\/12480"}],"wp:attachment":[{"href":"https:\/\/www.heartfailurematters.org\/pt-br\/wp-json\/wp\/v2\/media?parent=12707"}],"wp:term":[{"taxonomy":"category","embeddable":true,"href":"https:\/\/www.heartfailurematters.org\/pt-br\/wp-json\/wp\/v2\/categories?post=12707"},{"taxonomy":"post_tag","embeddable":true,"href":"https:\/\/www.heartfailurematters.org\/pt-br\/wp-json\/wp\/v2\/tags?post=12707"}],"curies":[{"name":"wp","href":"https:\/\/api.w.org\/{rel}","templated":true}]}}