{"id":12694,"date":"2021-01-27T22:06:27","date_gmt":"2021-01-27T22:06:27","guid":{"rendered":"https:\/\/www.heartfailurematters.org\/causas-de-insuficiencia-cardiaca-e-outras-condicoes-medicas-comuns\/doenca-das-arterias-coronarias\/"},"modified":"2021-01-27T22:06:27","modified_gmt":"2021-01-27T22:06:27","slug":"doenca-das-arterias-coronarias","status":"publish","type":"page","link":"https:\/\/www.heartfailurematters.org\/pt-br\/causas-de-insuficiencia-cardiaca-e-outras-condicoes-medicas-comuns\/doenca-das-arterias-coronarias\/","title":{"rendered":"Doen\u00e7a das art\u00e9rias coron\u00e1rias"},"content":{"rendered":"<p>Se a sua insufici\u00eancia card\u00edaca tiver sido causada pela doen\u00e7a das <a class=\"addtooltip\" title=\"Vasos sangu\u00edneos que fornecem sangue ao m\u00fasculo card\u00edaco.\"><strong>art\u00e9rias coron\u00e1rias<\/strong><\/a>, significa que uma ou v\u00e1rias art\u00e9rias coron\u00e1rias (as art\u00e9rias que fornecem o sangue ao m\u00fasculo card\u00edaco) ficaram mais estreitas devido \u00e0 acumula\u00e7\u00e3o de <a class=\"addtooltip\" title=\"Subst\u00e2ncia cerosa importante para muitas fun\u00e7\u00f5es no corpo que est\u00e1 presente em muitos alimentos. Existem v\u00e1rios tipos de colesterol. O colesterol de muita baixa densidade pode causar doen\u00e7a card\u00edaca.\"><strong>colesterol<\/strong><\/a> que cont\u00e9m massa (placa) dentro da parede arterial. Este estreitamento da art\u00e9ria reduz a quantidade de oxig\u00e9nio e os nutrientes que chegam ao m\u00fasculo card\u00edaco, causando <a class=\"addtooltip\" title=\"Dor ou desconforto no peito resultante do fornecimento reduzido de sangue numa parte do m\u00fasculo card\u00edaco. \u00c9 normalmente causado pela doen\u00e7a coron\u00e1ria.\"><strong>angina<\/strong><\/a> (dor tor\u00e1cica) geralmente durante a pr\u00e1tica de exerc\u00edcio f\u00edsico. Esta falta de oxig\u00e9nio e nutrientes aumenta o esfor\u00e7o do m\u00fasculo para bombear sangue para o corpo. <a class=\"addtooltip\" title=\"Ocorre quando as art\u00e9rias coron\u00e1rias tornam-se estreitas ou completamente obstru\u00eddas. Isto causa a redu\u00e7\u00e3o do fluxo sangu\u00edneo e pode provocar angina, ataque card\u00edaco e insufici\u00eancia card\u00edaca.\"><strong>A doen\u00e7a das art\u00e9rias coron\u00e1rias<\/strong><\/a> pode ser adiada, ou mesmo evitada, atrav\u00e9s de mudan\u00e7as no estilo de vida e abordagens m\u00e9dicas. Se sofre desta doen\u00e7a, dever\u00e1 falar com o seu m\u00e9dico sobre as mudan\u00e7as que pode implementar no seu estilo de vida e para saber como o seu m\u00e9dico pode ajudar a evitar mais les\u00f5es, abrandar a acumula\u00e7\u00e3o de <a class=\"addtooltip\" title=\"Acumula\u00e7\u00e3o de colesterol, compostos gordos, c\u00e1lcio e subst\u00e2ncias de coagula\u00e7\u00e3o de sangue na parede de uma art\u00e9ria.\"><strong>placa<\/strong><\/a> nas art\u00e9rias e impedir a evolu\u00e7\u00e3o da insufici\u00eancia card\u00edaca.<\/p>\n<p><a title=\"Return to What causes heart failure?\" href=\"https:\/\/www.heartfailurematters.org\/pt-pt\/o-que-e-a-insuficiencia-cardiaca\/quais-sao-as-causas-da-insuficiencia-cardiaca\/\">Voltar \u00e0 sec\u00e7\u00e3o Quais s\u00e3o as causas da insufici\u00eancia card\u00edaca?<\/a><\/p>\n","protected":false},"excerpt":{"rendered":"<p>Se a sua insufici\u00eancia card\u00edaca tiver sido causada pela doen\u00e7a das art\u00e9rias coron\u00e1rias, significa que uma ou v\u00e1rias art\u00e9rias coron\u00e1rias (as art\u00e9rias que fornecem o sangue ao m\u00fasculo card\u00edaco) ficaram mais estreitas devido \u00e0 acumula\u00e7\u00e3o de colesterol que cont\u00e9m massa (placa) dentro da parede arterial. Este estreitamento da art\u00e9ria reduz a quantidade de oxig\u00e9nio e [&hellip;]<\/p>\n","protected":false},"author":1,"featured_media":12482,"parent":12675,"menu_order":2,"comment_status":"open","ping_status":"open","template":"","meta":{"_acf_changed":false,"footnotes":""},"categories":[],"tags":[],"class_list":["post-12694","page","type-page","status-publish","has-post-thumbnail","hentry"],"acf":[],"yoast_head":"<!-- This site is optimized with the Yoast SEO plugin v24.8.1 - https:\/\/yoast.com\/wordpress\/plugins\/seo\/ -->\n<title>Doen\u00e7a das art\u00e9rias coron\u00e1rias e insufici\u00eancia card\u00edaca<\/title>\n<meta name=\"description\" content=\"Se a sua insufici\u00eancia card\u00edaca for causada por doen\u00e7a coron\u00e1ria, uma ou mais art\u00e9rias ficaram mais estreitas devido a colesterol com massa dentro da parede arterial.\" \/>\n<meta name=\"robots\" content=\"index, follow, max-snippet:-1, max-image-preview:large, max-video-preview:-1\" \/>\n<link rel=\"canonical\" href=\"https:\/\/www.heartfailurematters.org\/pt-br\/causas-de-insuficiencia-cardiaca-e-outras-condicoes-medicas-comuns\/doenca-das-arterias-coronarias\/\" \/>\n<meta property=\"og:locale\" content=\"pt_BR\" \/>\n<meta property=\"og:type\" content=\"article\" \/>\n<meta property=\"og:title\" content=\"Doen\u00e7a das art\u00e9rias coron\u00e1rias e insufici\u00eancia card\u00edaca\" \/>\n<meta property=\"og:description\" content=\"Se a sua insufici\u00eancia card\u00edaca for causada por doen\u00e7a coron\u00e1ria, uma ou mais art\u00e9rias ficaram mais estreitas devido a colesterol com massa dentro da parede arterial.\" \/>\n<meta property=\"og:url\" content=\"https:\/\/www.heartfailurematters.org\/pt-br\/causas-de-insuficiencia-cardiaca-e-outras-condicoes-medicas-comuns\/doenca-das-arterias-coronarias\/\" \/>\n<meta property=\"og:site_name\" content=\"Heart Failure Matters\" \/>\n<meta property=\"article:publisher\" content=\"https:\/\/www.facebook.com\/heartfailurematters\" \/>\n<meta property=\"og:image\" content=\"https:\/\/www.heartfailurematters.org\/wp-content\/uploads\/2022\/02\/shutterstock_1401929189-1-min.jpg\" \/>\n\t<meta property=\"og:image:width\" content=\"900\" \/>\n\t<meta property=\"og:image:height\" content=\"600\" \/>\n\t<meta property=\"og:image:type\" content=\"image\/jpeg\" \/>\n<meta name=\"twitter:card\" content=\"summary_large_image\" \/>\n<meta name=\"twitter:label1\" content=\"Est. tempo de leitura\" \/>\n\t<meta name=\"twitter:data1\" content=\"1 minuto\" \/>\n<script type=\"application\/ld+json\" class=\"yoast-schema-graph\">{\"@context\":\"https:\/\/schema.org\",\"@graph\":[{\"@type\":\"WebPage\",\"@id\":\"https:\/\/www.heartfailurematters.org\/pt-br\/causas-de-insuficiencia-cardiaca-e-outras-condicoes-medicas-comuns\/doenca-das-arterias-coronarias\/\",\"url\":\"https:\/\/www.heartfailurematters.org\/pt-br\/causas-de-insuficiencia-cardiaca-e-outras-condicoes-medicas-comuns\/doenca-das-arterias-coronarias\/\",\"name\":\"Doen\u00e7a das art\u00e9rias coron\u00e1rias e insufici\u00eancia card\u00edaca\",\"isPartOf\":{\"@id\":\"https:\/\/www.heartfailurematters.org\/pt-br\/#website\"},\"primaryImageOfPage\":{\"@id\":\"https:\/\/www.heartfailurematters.org\/pt-br\/causas-de-insuficiencia-cardiaca-e-outras-condicoes-medicas-comuns\/doenca-das-arterias-coronarias\/#primaryimage\"},\"image\":{\"@id\":\"https:\/\/www.heartfailurematters.org\/pt-br\/causas-de-insuficiencia-cardiaca-e-outras-condicoes-medicas-comuns\/doenca-das-arterias-coronarias\/#primaryimage\"},\"thumbnailUrl\":\"https:\/\/www.heartfailurematters.org\/wp-content\/uploads\/2022\/02\/shutterstock_1401929189-1-min.jpg\",\"datePublished\":\"2021-01-27T22:06:27+00:00\",\"description\":\"Se a sua insufici\u00eancia card\u00edaca for causada por doen\u00e7a coron\u00e1ria, uma ou mais art\u00e9rias ficaram mais estreitas devido a colesterol com massa dentro da parede arterial.\",\"breadcrumb\":{\"@id\":\"https:\/\/www.heartfailurematters.org\/pt-br\/causas-de-insuficiencia-cardiaca-e-outras-condicoes-medicas-comuns\/doenca-das-arterias-coronarias\/#breadcrumb\"},\"inLanguage\":\"pt-BR\",\"potentialAction\":[{\"@type\":\"ReadAction\",\"target\":[\"https:\/\/www.heartfailurematters.org\/pt-br\/causas-de-insuficiencia-cardiaca-e-outras-condicoes-medicas-comuns\/doenca-das-arterias-coronarias\/\"]}]},{\"@type\":\"ImageObject\",\"inLanguage\":\"pt-BR\",\"@id\":\"https:\/\/www.heartfailurematters.org\/pt-br\/causas-de-insuficiencia-cardiaca-e-outras-condicoes-medicas-comuns\/doenca-das-arterias-coronarias\/#primaryimage\",\"url\":\"https:\/\/www.heartfailurematters.org\/wp-content\/uploads\/2022\/02\/shutterstock_1401929189-1-min.jpg\",\"contentUrl\":\"https:\/\/www.heartfailurematters.org\/wp-content\/uploads\/2022\/02\/shutterstock_1401929189-1-min.jpg\",\"width\":900,\"height\":600},{\"@type\":\"BreadcrumbList\",\"@id\":\"https:\/\/www.heartfailurematters.org\/pt-br\/causas-de-insuficiencia-cardiaca-e-outras-condicoes-medicas-comuns\/doenca-das-arterias-coronarias\/#breadcrumb\",\"itemListElement\":[{\"@type\":\"ListItem\",\"position\":1,\"name\":\"P\u00e1gina inicial\",\"item\":\"https:\/\/www.heartfailurematters.org\/pt-br\/\"},{\"@type\":\"ListItem\",\"position\":2,\"name\":\"Causas de insufici\u00eancia card\u00edaca e outras condi\u00e7\u00f5es m\u00e9dicas comuns\",\"item\":\"https:\/\/www.heartfailurematters.org\/pt-br\/causas-de-insuficiencia-cardiaca-e-outras-condicoes-medicas-comuns\/\"},{\"@type\":\"ListItem\",\"position\":3,\"name\":\"Doen\u00e7a das art\u00e9rias coron\u00e1rias\"}]},{\"@type\":\"WebSite\",\"@id\":\"https:\/\/www.heartfailurematters.org\/pt-br\/#website\",\"url\":\"https:\/\/www.heartfailurematters.org\/pt-br\/\",\"name\":\"Heart Failure Matters\",\"description\":\"Practical information for patients, families and caregivers.\",\"publisher\":{\"@id\":\"https:\/\/www.heartfailurematters.org\/pt-br\/#organization\"},\"potentialAction\":[{\"@type\":\"SearchAction\",\"target\":{\"@type\":\"EntryPoint\",\"urlTemplate\":\"https:\/\/www.heartfailurematters.org\/pt-br\/?s={search_term_string}\"},\"query-input\":{\"@type\":\"PropertyValueSpecification\",\"valueRequired\":true,\"valueName\":\"search_term_string\"}}],\"inLanguage\":\"pt-BR\"},{\"@type\":\"Organization\",\"@id\":\"https:\/\/www.heartfailurematters.org\/pt-br\/#organization\",\"name\":\"Heart Failure Matters\",\"url\":\"https:\/\/www.heartfailurematters.org\/pt-br\/\",\"logo\":{\"@type\":\"ImageObject\",\"inLanguage\":\"pt-BR\",\"@id\":\"https:\/\/www.heartfailurematters.org\/pt-br\/#\/schema\/logo\/image\/\",\"url\":\"https:\/\/cdn-endpoint-hfm.azureedge.net\/heartfailurematters\/2024\/07\/hfm-logo1.jpg\",\"contentUrl\":\"https:\/\/cdn-endpoint-hfm.azureedge.net\/heartfailurematters\/2024\/07\/hfm-logo1.jpg\",\"width\":1280,\"height\":720,\"caption\":\"Heart Failure Matters\"},\"image\":{\"@id\":\"https:\/\/www.heartfailurematters.org\/pt-br\/#\/schema\/logo\/image\/\"},\"sameAs\":[\"https:\/\/www.facebook.com\/heartfailurematters\"]}]}<\/script>\n<!-- \/ Yoast SEO plugin. -->","yoast_head_json":{"title":"Doen\u00e7a das art\u00e9rias coron\u00e1rias e insufici\u00eancia card\u00edaca","description":"Se a sua insufici\u00eancia card\u00edaca for causada por doen\u00e7a coron\u00e1ria, uma ou mais art\u00e9rias ficaram mais estreitas devido a colesterol com massa dentro da parede arterial.","robots":{"index":"index","follow":"follow","max-snippet":"max-snippet:-1","max-image-preview":"max-image-preview:large","max-video-preview":"max-video-preview:-1"},"canonical":"https:\/\/www.heartfailurematters.org\/pt-br\/causas-de-insuficiencia-cardiaca-e-outras-condicoes-medicas-comuns\/doenca-das-arterias-coronarias\/","og_locale":"pt_BR","og_type":"article","og_title":"Doen\u00e7a das art\u00e9rias coron\u00e1rias e insufici\u00eancia card\u00edaca","og_description":"Se a sua insufici\u00eancia card\u00edaca for causada por doen\u00e7a coron\u00e1ria, uma ou mais art\u00e9rias ficaram mais estreitas devido a colesterol com massa dentro da parede arterial.","og_url":"https:\/\/www.heartfailurematters.org\/pt-br\/causas-de-insuficiencia-cardiaca-e-outras-condicoes-medicas-comuns\/doenca-das-arterias-coronarias\/","og_site_name":"Heart Failure Matters","article_publisher":"https:\/\/www.facebook.com\/heartfailurematters","og_image":[{"width":900,"height":600,"url":"https:\/\/www.heartfailurematters.org\/wp-content\/uploads\/2022\/02\/shutterstock_1401929189-1-min.jpg","type":"image\/jpeg"}],"twitter_card":"summary_large_image","twitter_misc":{"Est. tempo de leitura":"1 minuto"},"schema":{"@context":"https:\/\/schema.org","@graph":[{"@type":"WebPage","@id":"https:\/\/www.heartfailurematters.org\/pt-br\/causas-de-insuficiencia-cardiaca-e-outras-condicoes-medicas-comuns\/doenca-das-arterias-coronarias\/","url":"https:\/\/www.heartfailurematters.org\/pt-br\/causas-de-insuficiencia-cardiaca-e-outras-condicoes-medicas-comuns\/doenca-das-arterias-coronarias\/","name":"Doen\u00e7a das art\u00e9rias coron\u00e1rias e insufici\u00eancia card\u00edaca","isPartOf":{"@id":"https:\/\/www.heartfailurematters.org\/pt-br\/#website"},"primaryImageOfPage":{"@id":"https:\/\/www.heartfailurematters.org\/pt-br\/causas-de-insuficiencia-cardiaca-e-outras-condicoes-medicas-comuns\/doenca-das-arterias-coronarias\/#primaryimage"},"image":{"@id":"https:\/\/www.heartfailurematters.org\/pt-br\/causas-de-insuficiencia-cardiaca-e-outras-condicoes-medicas-comuns\/doenca-das-arterias-coronarias\/#primaryimage"},"thumbnailUrl":"https:\/\/www.heartfailurematters.org\/wp-content\/uploads\/2022\/02\/shutterstock_1401929189-1-min.jpg","datePublished":"2021-01-27T22:06:27+00:00","description":"Se a sua insufici\u00eancia card\u00edaca for causada por doen\u00e7a coron\u00e1ria, uma ou mais art\u00e9rias ficaram mais estreitas devido a colesterol com massa dentro da parede arterial.","breadcrumb":{"@id":"https:\/\/www.heartfailurematters.org\/pt-br\/causas-de-insuficiencia-cardiaca-e-outras-condicoes-medicas-comuns\/doenca-das-arterias-coronarias\/#breadcrumb"},"inLanguage":"pt-BR","potentialAction":[{"@type":"ReadAction","target":["https:\/\/www.heartfailurematters.org\/pt-br\/causas-de-insuficiencia-cardiaca-e-outras-condicoes-medicas-comuns\/doenca-das-arterias-coronarias\/"]}]},{"@type":"ImageObject","inLanguage":"pt-BR","@id":"https:\/\/www.heartfailurematters.org\/pt-br\/causas-de-insuficiencia-cardiaca-e-outras-condicoes-medicas-comuns\/doenca-das-arterias-coronarias\/#primaryimage","url":"https:\/\/www.heartfailurematters.org\/wp-content\/uploads\/2022\/02\/shutterstock_1401929189-1-min.jpg","contentUrl":"https:\/\/www.heartfailurematters.org\/wp-content\/uploads\/2022\/02\/shutterstock_1401929189-1-min.jpg","width":900,"height":600},{"@type":"BreadcrumbList","@id":"https:\/\/www.heartfailurematters.org\/pt-br\/causas-de-insuficiencia-cardiaca-e-outras-condicoes-medicas-comuns\/doenca-das-arterias-coronarias\/#breadcrumb","itemListElement":[{"@type":"ListItem","position":1,"name":"P\u00e1gina inicial","item":"https:\/\/www.heartfailurematters.org\/pt-br\/"},{"@type":"ListItem","position":2,"name":"Causas de insufici\u00eancia card\u00edaca e outras condi\u00e7\u00f5es m\u00e9dicas comuns","item":"https:\/\/www.heartfailurematters.org\/pt-br\/causas-de-insuficiencia-cardiaca-e-outras-condicoes-medicas-comuns\/"},{"@type":"ListItem","position":3,"name":"Doen\u00e7a das art\u00e9rias coron\u00e1rias"}]},{"@type":"WebSite","@id":"https:\/\/www.heartfailurematters.org\/pt-br\/#website","url":"https:\/\/www.heartfailurematters.org\/pt-br\/","name":"Heart Failure Matters","description":"Practical information for patients, families and caregivers.","publisher":{"@id":"https:\/\/www.heartfailurematters.org\/pt-br\/#organization"},"potentialAction":[{"@type":"SearchAction","target":{"@type":"EntryPoint","urlTemplate":"https:\/\/www.heartfailurematters.org\/pt-br\/?s={search_term_string}"},"query-input":{"@type":"PropertyValueSpecification","valueRequired":true,"valueName":"search_term_string"}}],"inLanguage":"pt-BR"},{"@type":"Organization","@id":"https:\/\/www.heartfailurematters.org\/pt-br\/#organization","name":"Heart Failure Matters","url":"https:\/\/www.heartfailurematters.org\/pt-br\/","logo":{"@type":"ImageObject","inLanguage":"pt-BR","@id":"https:\/\/www.heartfailurematters.org\/pt-br\/#\/schema\/logo\/image\/","url":"https:\/\/cdn-endpoint-hfm.azureedge.net\/heartfailurematters\/2024\/07\/hfm-logo1.jpg","contentUrl":"https:\/\/cdn-endpoint-hfm.azureedge.net\/heartfailurematters\/2024\/07\/hfm-logo1.jpg","width":1280,"height":720,"caption":"Heart Failure Matters"},"image":{"@id":"https:\/\/www.heartfailurematters.org\/pt-br\/#\/schema\/logo\/image\/"},"sameAs":["https:\/\/www.facebook.com\/heartfailurematters"]}]}},"_links":{"self":[{"href":"https:\/\/www.heartfailurematters.org\/pt-br\/wp-json\/wp\/v2\/pages\/12694","targetHints":{"allow":["GET"]}}],"collection":[{"href":"https:\/\/www.heartfailurematters.org\/pt-br\/wp-json\/wp\/v2\/pages"}],"about":[{"href":"https:\/\/www.heartfailurematters.org\/pt-br\/wp-json\/wp\/v2\/types\/page"}],"author":[{"embeddable":true,"href":"https:\/\/www.heartfailurematters.org\/pt-br\/wp-json\/wp\/v2\/users\/1"}],"replies":[{"embeddable":true,"href":"https:\/\/www.heartfailurematters.org\/pt-br\/wp-json\/wp\/v2\/comments?post=12694"}],"version-history":[{"count":0,"href":"https:\/\/www.heartfailurematters.org\/pt-br\/wp-json\/wp\/v2\/pages\/12694\/revisions"}],"up":[{"embeddable":true,"href":"https:\/\/www.heartfailurematters.org\/pt-br\/wp-json\/wp\/v2\/pages\/12675"}],"wp:featuredmedia":[{"embeddable":true,"href":"https:\/\/www.heartfailurematters.org\/pt-br\/wp-json\/wp\/v2\/media\/12482"}],"wp:attachment":[{"href":"https:\/\/www.heartfailurematters.org\/pt-br\/wp-json\/wp\/v2\/media?parent=12694"}],"wp:term":[{"taxonomy":"category","embeddable":true,"href":"https:\/\/www.heartfailurematters.org\/pt-br\/wp-json\/wp\/v2\/categories?post=12694"},{"taxonomy":"post_tag","embeddable":true,"href":"https:\/\/www.heartfailurematters.org\/pt-br\/wp-json\/wp\/v2\/tags?post=12694"}],"curies":[{"name":"wp","href":"https:\/\/api.w.org\/{rel}","templated":true}]}}