{"id":12686,"date":"2021-01-27T22:05:45","date_gmt":"2021-01-27T22:05:45","guid":{"rendered":"https:\/\/www.heartfailurematters.org\/perguntas-frequentes\/perguntas-mais-frequentes\/"},"modified":"2023-08-09T15:11:24","modified_gmt":"2023-08-09T14:11:24","slug":"perguntas-mais-frequentes","status":"publish","type":"page","link":"https:\/\/www.heartfailurematters.org\/pt-br\/perguntas-frequentes\/perguntas-mais-frequentes\/","title":{"rendered":"Perguntas mais frequentes"},"content":{"rendered":"<p>Esta sec\u00e7\u00e3o cont\u00e9m algumas das perguntas e d\u00favidas mais frequentes que as pessoas t\u00eam sobre a insufici\u00eancia card\u00edaca e a respetiva gest\u00e3o.<\/p>\n<p>Clique numa das perguntas abaixo para ver uma resposta gen\u00e9rica. Se n\u00e3o encontrar a pergunta que procura, poder\u00e1 encontr\u00e1-la na sec\u00e7\u00e3o <a href=\"https:\/\/www.heartfailurematters.org\/pt-br\/perguntas-a-fazer-ao-seu-medico\/perguntas-a-fazer-ao-seu-medico\/\">Perguntas a fazer ao seu m\u00e9dico<\/a>.<\/p>\n<p>Para obter respostas mais espec\u00edficas relativamente \u00e0 sua situa\u00e7\u00e3o, deve falar com o seu m\u00e9dico ou outro prestador de cuidados de sa\u00fade.<\/p>\n<h2><a name=\"about\" shape=\"rect\"><\/a> <strong>Sobre a insufici\u00eancia card\u00edaca<\/strong><\/h2>\n<p><a title=\"What is heart failure? \" href=\"https:\/\/www.heartfailurematters.org\/pt-pt\/o-que-e-a-insuficiencia-cardiaca\/o-que-e-a-insuficiencia-cardiaca\/\" shape=\"rect\">O que \u00e9 a insufici\u00eancia card\u00edaca?<\/a><\/p>\n<p><a title=\"How common is heart failure?\" href=\"https:\/\/www.heartfailurematters.org\/pt-pt\/o-que-e-a-insuficiencia-cardiaca\/o-que-e-a-insuficiencia-cardiaca\/#common\" shape=\"rect\">A insufici\u00eancia card\u00edaca \u00e9 comum?<\/a><\/p>\n<p><a title=\"Who gets heart failure?\" href=\"https:\/\/www.heartfailurematters.org\/pt-pt\/o-que-e-a-insuficiencia-cardiaca\/o-que-e-a-insuficiencia-cardiaca\/\" shape=\"rect\">Quem sofre de insufici\u00eancia card\u00edaca?<\/a><\/p>\n<p><a title=\"Is heart failure just a normal consequence of getting old?\" href=\"https:\/\/www.heartfailurematters.org\/pt-pt\/o-que-e-a-insuficiencia-cardiaca\/factos-e-mitos-sobre-a-insuficiencia-cardiaca\/#gettingold\" shape=\"rect\">A insufici\u00eancia card\u00edaca \u00e9 apenas uma consequ\u00eancia normal do envelhecimento?<\/a><\/p>\n<p><a title=\"How serious is heart failure?\" href=\"https:\/\/www.heartfailurematters.org\/pt-pt\/o-que-e-a-insuficiencia-cardiaca\/de-que-forma-a-insuficiencia-cardiaca-pode-mudar-com-o-tempo\/\" shape=\"rect\">A insufici\u00eancia card\u00edaca \u00e9 muito grave?<\/a><\/p>\n<p><a href=\"https:\/\/www.heartfailurematters.org\/pt-pt\/o-que-e-a-insuficiencia-cardiaca\/de-que-forma-a-insuficiencia-cardiaca-pode-mudar-com-o-tempo\/\">Existe cura para a insufici\u00eancia card\u00edaca?<\/a><\/p>\n<p><a title=\"How long will I live with heart failure?\" href=\"https:\/\/www.heartfailurematters.org\/pt-pt\/o-que-e-a-insuficiencia-cardiaca\/de-que-forma-a-insuficiencia-cardiaca-pode-mudar-com-o-tempo\/\" shape=\"rect\">Quanto tempo viverei com insufici\u00eancia card\u00edaca?<\/a><\/p>\n<p><a title=\"What causes heart failure?\" href=\"https:\/\/www.heartfailurematters.org\/pt-pt\/o-que-e-a-insuficiencia-cardiaca\/quais-sao-as-causas-da-insuficiencia-cardiaca\/\" shape=\"rect\">Quais s\u00e3o as causas da insufici\u00eancia card\u00edaca?<\/a><\/p>\n<h2><a name=\"sign\" shape=\"rect\"><\/a> <strong>Sinais e sintomas<\/strong><\/h2>\n<p><a title=\"What are the symptoms of heart failure?\" href=\"https:\/\/www.heartfailurematters.org\/pt-pt\/o-que-e-a-insuficiencia-cardiaca\/sintomas-da-insuficiencia-cardiaca\/\" shape=\"rect\">Quais s\u00e3o os sintomas da insufici\u00eancia card\u00edaca?<\/a><\/p>\n<p><a title=\"I get very breathless at night. How can I improve this?\" href=\"https:\/\/www.heartfailurematters.org\/pt-br\/o-que-e-a-insuficiencia-cardiaca\/falta-de-ar\/\" shape=\"rect\">Tenho muita falta de ar durante a noite. Como posso melhorar este sintoma?<\/a><\/p>\n<p><a title=\"I have noticed that I am gaining weight. What should I do?\" href=\"https:\/\/www.heartfailurematters.org\/pt-br\/o-que-pode-fazer\/adaptar-a-alimentacao-manter-um-peso-saudavel\/#gaining\" shape=\"rect\">Verifiquei que estou aumentar de peso. O que devo fazer?<\/a><\/p>\n<p><a title=\"I have noticed that I am losing weight. What should I do?\" href=\"https:\/\/www.heartfailurematters.org\/pt-br\/o-que-pode-fazer\/adaptar-a-alimentacao-manter-um-peso-saudavel\/#losing\" shape=\"rect\">Verifiquei que estou a perder peso. O que devo fazer?<\/a><\/p>\n<p><a title=\"I have lost my appetite. What should I do?\" href=\"https:\/\/www.heartfailurematters.org\/pt-br\/o-que-e-a-insuficiencia-cardiaca\/perda-de-apetite\/\" shape=\"rect\">Perdi o apetite. O que devo fazer?<\/a><\/p>\n<p><a title=\"I need to get up in the night to go to the toilet. How can I stop this?\" href=\"https:\/\/www.heartfailurematters.org\/pt-br\/o-que-e-a-insuficiencia-cardiaca\/necessidade-de-urinar-durante-a-noite\/\" shape=\"rect\">Tenho de me levantar a meio da noite para ir \u00e0 casa de banho. O que posso fazer para que isto deixe de acontecer?<\/a><\/p>\n<p><a title=\"When should I seek urgent medical assistance?\" href=\"https:\/\/www.heartfailurematters.org\/pt-pt\/o-que-e-a-insuficiencia-cardiaca\/introducao\/\" shape=\"rect\">Quando devo deslocar-me a uma urg\u00eancia m\u00e9dica?<\/a><\/p>\n<h2><a name=\"tests\" shape=\"rect\"><\/a> <strong>Exames<\/strong><\/h2>\n<p><a title=\"How is heart failure diagnosed?\" href=\"https:\/\/www.heartfailurematters.org\/pt-pt\/o-que-e-a-insuficiencia-cardiaca\/exames-comuns-para-detetar-a-insuficiencia-cardiaca\/\" shape=\"rect\">Como \u00e9 feito o diagn\u00f3stico de insufici\u00eancia card\u00edaca?<\/a><\/p>\n<p><a title=\"What tests will I have and why?\" href=\"https:\/\/www.heartfailurematters.org\/pt-pt\/o-que-e-a-insuficiencia-cardiaca\/exames-comuns-para-detetar-a-insuficiencia-cardiaca\/\" shape=\"rect\">Que exames terei de fazer e porqu\u00ea?<\/a><\/p>\n<h2><a name=\"lifestyle\" shape=\"rect\"><\/a> <strong>Estilo de vida<\/strong><\/h2>\n<p><a title=\"How should I change my diet?\" href=\"https:\/\/www.heartfailurematters.org\/pt-br\/o-que-pode-fazer\/ajustar-a-alimentacao\/\" shape=\"rect\">Como devo mudar a minha alimenta\u00e7\u00e3o?<\/a><\/p>\n<p><a title=\"What should I avoid eating?\" href=\"https:\/\/www.heartfailurematters.org\/pt-br\/o-que-pode-fazer\/adaptar-a-alimentacao-gordura-e-colesterol\/\" shape=\"rect\">Que alimentos devo evitar?<\/a><\/p>\n<p><a title=\"Should I limit how much fluid I drink?\" href=\"https:\/\/www.heartfailurematters.org\/pt-br\/o-que-pode-fazer\/ajustar-a-alimentacao-liquidos\/\" shape=\"rect\">Devo limitar a quantidade de l\u00edquidos que bebo?<\/a><\/p>\n<p><a title=\"How much salt can I have?\" href=\"https:\/\/www.heartfailurematters.org\/pt-br\/o-que-pode-fazer\/ajustar-a-alimentacao-sal\/\" shape=\"rect\">Que quantidade de sal posso ingerir?<\/a><\/p>\n<p><a title=\"Do I have to stop drinking alcohol?\" href=\"https:\/\/www.heartfailurematters.org\/pt-br\/o-que-pode-fazer\/ajustar-a-sua-alimentacao-alcool\/\" shape=\"rect\">Tenho de parar de consumir bebidas alco\u00f3licas?<\/a><\/p>\n<p><a title=\"Where can I find more information on healthy recipes?\" href=\"https:\/\/www.heartfailurematters.org\/pt-br\/o-que-pode-fazer\/ajustar-a-sua-alimentacao-ligacoes-para-receitas\/\" shape=\"rect\">Onde posso encontrar informa\u00e7\u00f5es sobre receitas saud\u00e1veis?<\/a><\/p>\n<p><a title=\"Do I have to stop exercising?\" href=\"https:\/\/www.heartfailurematters.org\/pt-br\/o-que-pode-fazer\/atividade-e-exercicio-fisico\/\" shape=\"rect\">Tenho de parar de praticar exerc\u00edcio f\u00edsico?<\/a><\/p>\n<p><a title=\"What types of exercise are safe?\" href=\"https:\/\/www.heartfailurematters.org\/pt-br\/o-que-pode-fazer\/atividade-e-exercicio-fisico\/#2\" shape=\"rect\">Que tipos de exerc\u00edcio f\u00edsico s\u00e3o seguros?<\/a><\/p>\n<p><a title=\"How much exercise should I take?\" href=\"https:\/\/www.heartfailurematters.org\/pt-br\/o-que-pode-fazer\/atividade-e-exercicio-fisico\/\" shape=\"rect\">Que quantidade de exerc\u00edcio f\u00edsico posso praticar?<\/a><\/p>\n<p><a title=\"Can I still lift my grandchildren?\" href=\"https:\/\/www.heartfailurematters.org\/pt-br\/o-que-pode-fazer\/atividade-e-exercicio-fisico\/#lift\" shape=\"rect\">Posso continuar a pegar nos meus netos?<\/a><\/p>\n<p><a title=\"Do I have to stop smoking?\" href=\"https:\/\/www.heartfailurematters.org\/pt-br\/o-que-pode-fazer\/fumar-vaping\/\" shape=\"rect\">Tenho de parar de fumar?<\/a><\/p>\n<h2><a name=\"treatment\" shape=\"rect\"><\/a> <strong>Tratamento<\/strong><\/h2>\n<p><a title=\"Will I need to take medicines for the rest of my life?\" href=\"https:\/\/www.heartfailurematters.org\/pt-pt\/o-que-o-seu-medico-ou-enfermeiro-pode-fazer\/medicamentos-para-a-insuficiencia-cardiaca\/\" shape=\"rect\">Tenho de tomar medicamentos para o resto da vida?<\/a><\/p>\n<p><a title=\"How can I make taking my medicines simpler?\" href=\"https:\/\/www.heartfailurematters.org\/pt-br\/o-que-o-seu-medico-ou-enfermeiro-pode-fazer\/tabela-de-medicamentos\/\" shape=\"rect\">Como posso simplificar a toma dos medicamentos?<\/a><\/p>\n<p><a title=\"Will natural remedies or nutritional supplements help my heart failure?\" href=\"https:\/\/www.heartfailurematters.org\/pt-br\/o-que-o-seu-medico-ou-enfermeiro-pode-fazer\/e-em-relacao-a-medicamentos-naturais-ou-alternativos\/\" shape=\"rect\">Os medicamentos naturais ou suplementos nutricionais poder\u00e3o ajudar na insufici\u00eancia card\u00edaca?<\/a><\/p>\n<p><a title=\"What happens if I miss a dose?\" href=\"https:\/\/www.heartfailurematters.org\/pt-pt\/o-que-o-seu-medico-ou-enfermeiro-pode-fazer\/perguntas-para-fazer-ao-medico\/\" shape=\"rect\">O que acontece se me esquecer de uma dose?<\/a><\/p>\n<p><a title=\"How do I know if I need a device such as a pacemaker, CRT or ICD?\" href=\"https:\/\/www.heartfailurematters.org\/pt-pt\/o-que-o-seu-medico-ou-enfermeiro-pode-fazer\/dispositivos-implantaveis\/\" shape=\"rect\">Como posso saber se preciso de um dispositivo, como um pacemaker, TRC ou CDI?<\/a><\/p>\n<p><a title=\"Do I have to have an operation under general anaesthetic to have a pacemaker \/ ICD \/ CRT fitted?\" href=\"https:\/\/www.heartfailurematters.org\/pt-pt\/o-que-o-seu-medico-ou-enfermeiro-pode-fazer\/dispositivos-implantaveis\/\" shape=\"rect\">\u00c9 necess\u00e1ria uma cirurgia com anestesia geral para colocar um pacemaker, CDI ou TRC?<\/a><\/p>\n<p><a title=\"Will I need surgery now that I have been diagnosed with heart failure?\" href=\"https:\/\/www.heartfailurematters.org\/pt-pt\/o-que-o-seu-medico-ou-enfermeiro-pode-fazer\/cirurgia\/\" shape=\"rect\">Precisarei de cirurgia agora que tenho o diagn\u00f3stico de insufici\u00eancia card\u00edaca?<\/a><\/p>\n<p><a title=\"Should I participate in a clinical trial?\" href=\"https:\/\/www.heartfailurematters.org\/pt-pt\/o-que-o-seu-medico-ou-enfermeiro-pode-fazer\/participar-em-ensaios-clinicos\/\" shape=\"rect\">Devo participar num ensaio cl\u00ednico?<\/a><\/p>\n<h2><a name=\"living\" shape=\"rect\"><\/a> <strong>Viver com insufici\u00eancia card\u00edaca<\/strong><\/h2>\n<p><a title=\"Can I still have sex?\" href=\"https:\/\/www.heartfailurematters.org\/pt-br\/o-que-pode-fazer\/sexo-e-insuficiencia-cardiaca\/\" shape=\"rect\">Posso continuar a ter rela\u00e7\u00f5es sexuais?<\/a><\/p>\n<p><a title=\"Is it safe for me to drive?\" href=\"https:\/\/www.heartfailurematters.org\/pt-br\/viver-com-insuficiencia-cardiaca\/conduzir\/\" shape=\"rect\">Posso conduzir em seguran\u00e7a?<\/a><\/p>\n<p><a title=\"Am I still able to work?\" href=\"https:\/\/www.heartfailurematters.org\/pt-pt\/viver-com-insuficiencia-cardiaca\/trabalho\/\" shape=\"rect\">Posso continuar a trabalhar?<\/a><\/p>\n<p><a title=\"Is it safe for me to fly?\" href=\"https:\/\/www.heartfailurematters.org\/pt-br\/viver-com-insuficiencia-cardiaca\/viajar-de-aviao\/\" shape=\"rect\">\u00c9 seguro viajar de avi\u00e3o?<\/a><\/p>\n<p><a title=\"Will I be able to live a normal life after receiving a device?\" href=\"https:\/\/www.heartfailurematters.org\/pt-pt\/o-que-o-seu-medico-ou-enfermeiro-pode-fazer\/dispositivos-implantaveis\/\" shape=\"rect\">Poderei ter uma vida normal depois de colocar um dispositivo?<\/a><\/p>\n<p><a title=\"Will I be able to get travel insurance now that I have heart failure?\" href=\"https:\/\/www.heartfailurematters.org\/pt-br\/viver-com-insuficiencia-cardiaca\/em-caso-de-emergencia-durante-as-ferias\/#insurance\" shape=\"rect\">Poderei fazer um seguro de viagem agora que tenho insufici\u00eancia card\u00edaca?<\/a><\/p>\n<p><a title=\"Is it safe for me to have vaccinations?\" href=\"https:\/\/www.heartfailurematters.org\/pt-pt\/viver-com-insuficiencia-cardiaca\/vacinacao\/\" shape=\"rect\">A vacina\u00e7\u00e3o \u00e9 segura no meu caso?<\/a><\/p>\n<p><a title=\"How can I tell my family that I have heart failure?\" href=\"https:\/\/www.heartfailurematters.org\/pt-br\/viver-com-insuficiencia-cardiaca\/falar-com-os-seus-familiares-sobre-a-insuficiencia-cardiaca\/\" shape=\"rect\">Como digo \u00e0 minha fam\u00edlia que tenho insufici\u00eancia card\u00edaca?<\/a><\/p>\n<p><a title=\"Where can I get more support?\" href=\"https:\/\/www.heartfailurematters.org\/pt-pt\/viver-com-insuficiencia-cardiaca\/apoio\/\" shape=\"rect\">Onde posso obter mais apoio?<\/a><\/p>\n<h2><a name=\"caregivers\" shape=\"rect\"><\/a> <strong>Prestadores de cuidados<\/strong><\/h2>\n<p><a title=\"What are the best ways I can help someone with heart failure?\" href=\"https:\/\/www.heartfailurematters.org\/pt-pt\/para-os-cuidadores\/compreender-o-seu-papel\/\" shape=\"rect\">Quais s\u00e3o as melhores formas de ajudar algu\u00e9m com insufici\u00eancia card\u00edaca?<\/a><\/p>\n<p><a title=\"How can I get some support?\" href=\"https:\/\/www.heartfailurematters.org\/pt-pt\/para-os-cuidadores\/redes-de-apoio\/\" shape=\"rect\">Como posso obter apoio?<\/a><\/p>\n","protected":false},"excerpt":{"rendered":"<p>Esta sec\u00e7\u00e3o cont\u00e9m algumas das perguntas e d\u00favidas mais frequentes que as pessoas t\u00eam sobre a insufici\u00eancia card\u00edaca e a respetiva gest\u00e3o. Clique numa das perguntas abaixo para ver uma resposta gen\u00e9rica. Se n\u00e3o encontrar a pergunta que procura, poder\u00e1 encontr\u00e1-la na sec\u00e7\u00e3o Perguntas a fazer ao seu m\u00e9dico. Para obter respostas mais espec\u00edficas relativamente [&hellip;]<\/p>\n","protected":false},"author":1,"featured_media":12480,"parent":12558,"menu_order":1,"comment_status":"open","ping_status":"closed","template":"","meta":{"_acf_changed":false,"footnotes":""},"categories":[205],"tags":[],"class_list":["post-12686","page","type-page","status-publish","has-post-thumbnail","hentry","category-faq-pt-br"],"acf":[],"yoast_head":"<!-- This site is optimized with the Yoast SEO plugin v24.8.1 - https:\/\/yoast.com\/wordpress\/plugins\/seo\/ -->\n<title>Perguntas frequentes para doentes com insufici\u00eancia card\u00edaca<\/title>\n<meta name=\"description\" content=\"Aqui encontrar\u00e1 respostas \u00e0s perguntas mais comuns sobre insufici\u00eancia card\u00edaca e respetivo controlo. Sintomas - Testes - Estilo de vida - Tratamento - Cuidados\" \/>\n<meta name=\"robots\" content=\"index, follow, max-snippet:-1, max-image-preview:large, max-video-preview:-1\" \/>\n<link rel=\"canonical\" href=\"https:\/\/www.heartfailurematters.org\/pt-br\/perguntas-frequentes\/perguntas-mais-frequentes\/\" \/>\n<meta property=\"og:locale\" content=\"pt_BR\" \/>\n<meta property=\"og:type\" content=\"article\" \/>\n<meta property=\"og:title\" content=\"Perguntas frequentes para doentes com insufici\u00eancia card\u00edaca\" \/>\n<meta property=\"og:description\" content=\"Aqui encontrar\u00e1 respostas \u00e0s perguntas mais comuns sobre insufici\u00eancia card\u00edaca e respetivo controlo. Sintomas - Testes - Estilo de vida - Tratamento - Cuidados\" \/>\n<meta property=\"og:url\" content=\"https:\/\/www.heartfailurematters.org\/pt-br\/perguntas-frequentes\/perguntas-mais-frequentes\/\" \/>\n<meta property=\"og:site_name\" content=\"Heart Failure Matters\" \/>\n<meta property=\"article:publisher\" content=\"https:\/\/www.facebook.com\/heartfailurematters\" \/>\n<meta property=\"article:modified_time\" content=\"2023-08-09T14:11:24+00:00\" \/>\n<meta property=\"og:image\" content=\"https:\/\/www.heartfailurematters.org\/wp-content\/uploads\/2022\/02\/shutterstock_258402434-1-min.jpg\" \/>\n\t<meta property=\"og:image:width\" content=\"900\" \/>\n\t<meta property=\"og:image:height\" content=\"475\" \/>\n\t<meta property=\"og:image:type\" content=\"image\/jpeg\" \/>\n<meta name=\"twitter:card\" content=\"summary_large_image\" \/>\n<meta name=\"twitter:label1\" content=\"Est. tempo de leitura\" \/>\n\t<meta name=\"twitter:data1\" content=\"3 minutos\" \/>\n<script type=\"application\/ld+json\" class=\"yoast-schema-graph\">{\"@context\":\"https:\/\/schema.org\",\"@graph\":[{\"@type\":\"WebPage\",\"@id\":\"https:\/\/www.heartfailurematters.org\/pt-br\/perguntas-frequentes\/perguntas-mais-frequentes\/\",\"url\":\"https:\/\/www.heartfailurematters.org\/pt-br\/perguntas-frequentes\/perguntas-mais-frequentes\/\",\"name\":\"Perguntas frequentes para doentes com insufici\u00eancia card\u00edaca\",\"isPartOf\":{\"@id\":\"https:\/\/www.heartfailurematters.org\/pt-br\/#website\"},\"primaryImageOfPage\":{\"@id\":\"https:\/\/www.heartfailurematters.org\/pt-br\/perguntas-frequentes\/perguntas-mais-frequentes\/#primaryimage\"},\"image\":{\"@id\":\"https:\/\/www.heartfailurematters.org\/pt-br\/perguntas-frequentes\/perguntas-mais-frequentes\/#primaryimage\"},\"thumbnailUrl\":\"https:\/\/www.heartfailurematters.org\/wp-content\/uploads\/2022\/02\/shutterstock_258402434-1-min.jpg\",\"datePublished\":\"2021-01-27T22:05:45+00:00\",\"dateModified\":\"2023-08-09T14:11:24+00:00\",\"description\":\"Aqui encontrar\u00e1 respostas \u00e0s perguntas mais comuns sobre insufici\u00eancia card\u00edaca e respetivo controlo. Sintomas - Testes - Estilo de vida - Tratamento - Cuidados\",\"breadcrumb\":{\"@id\":\"https:\/\/www.heartfailurematters.org\/pt-br\/perguntas-frequentes\/perguntas-mais-frequentes\/#breadcrumb\"},\"inLanguage\":\"pt-BR\",\"potentialAction\":[{\"@type\":\"ReadAction\",\"target\":[\"https:\/\/www.heartfailurematters.org\/pt-br\/perguntas-frequentes\/perguntas-mais-frequentes\/\"]}]},{\"@type\":\"ImageObject\",\"inLanguage\":\"pt-BR\",\"@id\":\"https:\/\/www.heartfailurematters.org\/pt-br\/perguntas-frequentes\/perguntas-mais-frequentes\/#primaryimage\",\"url\":\"https:\/\/www.heartfailurematters.org\/wp-content\/uploads\/2022\/02\/shutterstock_258402434-1-min.jpg\",\"contentUrl\":\"https:\/\/www.heartfailurematters.org\/wp-content\/uploads\/2022\/02\/shutterstock_258402434-1-min.jpg\",\"width\":900,\"height\":475},{\"@type\":\"BreadcrumbList\",\"@id\":\"https:\/\/www.heartfailurematters.org\/pt-br\/perguntas-frequentes\/perguntas-mais-frequentes\/#breadcrumb\",\"itemListElement\":[{\"@type\":\"ListItem\",\"position\":1,\"name\":\"P\u00e1gina inicial\",\"item\":\"https:\/\/www.heartfailurematters.org\/pt-br\/\"},{\"@type\":\"ListItem\",\"position\":2,\"name\":\"Perguntas frequentes\",\"item\":\"https:\/\/www.heartfailurematters.org\/pt-br\/perguntas-frequentes\/\"},{\"@type\":\"ListItem\",\"position\":3,\"name\":\"Perguntas mais frequentes\"}]},{\"@type\":\"WebSite\",\"@id\":\"https:\/\/www.heartfailurematters.org\/pt-br\/#website\",\"url\":\"https:\/\/www.heartfailurematters.org\/pt-br\/\",\"name\":\"Heart Failure Matters\",\"description\":\"Practical information for patients, families and caregivers.\",\"publisher\":{\"@id\":\"https:\/\/www.heartfailurematters.org\/pt-br\/#organization\"},\"potentialAction\":[{\"@type\":\"SearchAction\",\"target\":{\"@type\":\"EntryPoint\",\"urlTemplate\":\"https:\/\/www.heartfailurematters.org\/pt-br\/?s={search_term_string}\"},\"query-input\":{\"@type\":\"PropertyValueSpecification\",\"valueRequired\":true,\"valueName\":\"search_term_string\"}}],\"inLanguage\":\"pt-BR\"},{\"@type\":\"Organization\",\"@id\":\"https:\/\/www.heartfailurematters.org\/pt-br\/#organization\",\"name\":\"Heart Failure Matters\",\"url\":\"https:\/\/www.heartfailurematters.org\/pt-br\/\",\"logo\":{\"@type\":\"ImageObject\",\"inLanguage\":\"pt-BR\",\"@id\":\"https:\/\/www.heartfailurematters.org\/pt-br\/#\/schema\/logo\/image\/\",\"url\":\"https:\/\/cdn-endpoint-hfm.azureedge.net\/heartfailurematters\/2024\/07\/hfm-logo1.jpg\",\"contentUrl\":\"https:\/\/cdn-endpoint-hfm.azureedge.net\/heartfailurematters\/2024\/07\/hfm-logo1.jpg\",\"width\":1280,\"height\":720,\"caption\":\"Heart Failure Matters\"},\"image\":{\"@id\":\"https:\/\/www.heartfailurematters.org\/pt-br\/#\/schema\/logo\/image\/\"},\"sameAs\":[\"https:\/\/www.facebook.com\/heartfailurematters\"]}]}<\/script>\n<!-- \/ Yoast SEO plugin. -->","yoast_head_json":{"title":"Perguntas frequentes para doentes com insufici\u00eancia card\u00edaca","description":"Aqui encontrar\u00e1 respostas \u00e0s perguntas mais comuns sobre insufici\u00eancia card\u00edaca e respetivo controlo. Sintomas - Testes - Estilo de vida - Tratamento - Cuidados","robots":{"index":"index","follow":"follow","max-snippet":"max-snippet:-1","max-image-preview":"max-image-preview:large","max-video-preview":"max-video-preview:-1"},"canonical":"https:\/\/www.heartfailurematters.org\/pt-br\/perguntas-frequentes\/perguntas-mais-frequentes\/","og_locale":"pt_BR","og_type":"article","og_title":"Perguntas frequentes para doentes com insufici\u00eancia card\u00edaca","og_description":"Aqui encontrar\u00e1 respostas \u00e0s perguntas mais comuns sobre insufici\u00eancia card\u00edaca e respetivo controlo. Sintomas - Testes - Estilo de vida - Tratamento - Cuidados","og_url":"https:\/\/www.heartfailurematters.org\/pt-br\/perguntas-frequentes\/perguntas-mais-frequentes\/","og_site_name":"Heart Failure Matters","article_publisher":"https:\/\/www.facebook.com\/heartfailurematters","article_modified_time":"2023-08-09T14:11:24+00:00","og_image":[{"width":900,"height":475,"url":"https:\/\/www.heartfailurematters.org\/wp-content\/uploads\/2022\/02\/shutterstock_258402434-1-min.jpg","type":"image\/jpeg"}],"twitter_card":"summary_large_image","twitter_misc":{"Est. tempo de leitura":"3 minutos"},"schema":{"@context":"https:\/\/schema.org","@graph":[{"@type":"WebPage","@id":"https:\/\/www.heartfailurematters.org\/pt-br\/perguntas-frequentes\/perguntas-mais-frequentes\/","url":"https:\/\/www.heartfailurematters.org\/pt-br\/perguntas-frequentes\/perguntas-mais-frequentes\/","name":"Perguntas frequentes para doentes com insufici\u00eancia card\u00edaca","isPartOf":{"@id":"https:\/\/www.heartfailurematters.org\/pt-br\/#website"},"primaryImageOfPage":{"@id":"https:\/\/www.heartfailurematters.org\/pt-br\/perguntas-frequentes\/perguntas-mais-frequentes\/#primaryimage"},"image":{"@id":"https:\/\/www.heartfailurematters.org\/pt-br\/perguntas-frequentes\/perguntas-mais-frequentes\/#primaryimage"},"thumbnailUrl":"https:\/\/www.heartfailurematters.org\/wp-content\/uploads\/2022\/02\/shutterstock_258402434-1-min.jpg","datePublished":"2021-01-27T22:05:45+00:00","dateModified":"2023-08-09T14:11:24+00:00","description":"Aqui encontrar\u00e1 respostas \u00e0s perguntas mais comuns sobre insufici\u00eancia card\u00edaca e respetivo controlo. Sintomas - Testes - Estilo de vida - Tratamento - Cuidados","breadcrumb":{"@id":"https:\/\/www.heartfailurematters.org\/pt-br\/perguntas-frequentes\/perguntas-mais-frequentes\/#breadcrumb"},"inLanguage":"pt-BR","potentialAction":[{"@type":"ReadAction","target":["https:\/\/www.heartfailurematters.org\/pt-br\/perguntas-frequentes\/perguntas-mais-frequentes\/"]}]},{"@type":"ImageObject","inLanguage":"pt-BR","@id":"https:\/\/www.heartfailurematters.org\/pt-br\/perguntas-frequentes\/perguntas-mais-frequentes\/#primaryimage","url":"https:\/\/www.heartfailurematters.org\/wp-content\/uploads\/2022\/02\/shutterstock_258402434-1-min.jpg","contentUrl":"https:\/\/www.heartfailurematters.org\/wp-content\/uploads\/2022\/02\/shutterstock_258402434-1-min.jpg","width":900,"height":475},{"@type":"BreadcrumbList","@id":"https:\/\/www.heartfailurematters.org\/pt-br\/perguntas-frequentes\/perguntas-mais-frequentes\/#breadcrumb","itemListElement":[{"@type":"ListItem","position":1,"name":"P\u00e1gina inicial","item":"https:\/\/www.heartfailurematters.org\/pt-br\/"},{"@type":"ListItem","position":2,"name":"Perguntas frequentes","item":"https:\/\/www.heartfailurematters.org\/pt-br\/perguntas-frequentes\/"},{"@type":"ListItem","position":3,"name":"Perguntas mais frequentes"}]},{"@type":"WebSite","@id":"https:\/\/www.heartfailurematters.org\/pt-br\/#website","url":"https:\/\/www.heartfailurematters.org\/pt-br\/","name":"Heart Failure Matters","description":"Practical information for patients, families and caregivers.","publisher":{"@id":"https:\/\/www.heartfailurematters.org\/pt-br\/#organization"},"potentialAction":[{"@type":"SearchAction","target":{"@type":"EntryPoint","urlTemplate":"https:\/\/www.heartfailurematters.org\/pt-br\/?s={search_term_string}"},"query-input":{"@type":"PropertyValueSpecification","valueRequired":true,"valueName":"search_term_string"}}],"inLanguage":"pt-BR"},{"@type":"Organization","@id":"https:\/\/www.heartfailurematters.org\/pt-br\/#organization","name":"Heart Failure Matters","url":"https:\/\/www.heartfailurematters.org\/pt-br\/","logo":{"@type":"ImageObject","inLanguage":"pt-BR","@id":"https:\/\/www.heartfailurematters.org\/pt-br\/#\/schema\/logo\/image\/","url":"https:\/\/cdn-endpoint-hfm.azureedge.net\/heartfailurematters\/2024\/07\/hfm-logo1.jpg","contentUrl":"https:\/\/cdn-endpoint-hfm.azureedge.net\/heartfailurematters\/2024\/07\/hfm-logo1.jpg","width":1280,"height":720,"caption":"Heart Failure Matters"},"image":{"@id":"https:\/\/www.heartfailurematters.org\/pt-br\/#\/schema\/logo\/image\/"},"sameAs":["https:\/\/www.facebook.com\/heartfailurematters"]}]}},"_links":{"self":[{"href":"https:\/\/www.heartfailurematters.org\/pt-br\/wp-json\/wp\/v2\/pages\/12686","targetHints":{"allow":["GET"]}}],"collection":[{"href":"https:\/\/www.heartfailurematters.org\/pt-br\/wp-json\/wp\/v2\/pages"}],"about":[{"href":"https:\/\/www.heartfailurematters.org\/pt-br\/wp-json\/wp\/v2\/types\/page"}],"author":[{"embeddable":true,"href":"https:\/\/www.heartfailurematters.org\/pt-br\/wp-json\/wp\/v2\/users\/1"}],"replies":[{"embeddable":true,"href":"https:\/\/www.heartfailurematters.org\/pt-br\/wp-json\/wp\/v2\/comments?post=12686"}],"version-history":[{"count":2,"href":"https:\/\/www.heartfailurematters.org\/pt-br\/wp-json\/wp\/v2\/pages\/12686\/revisions"}],"predecessor-version":[{"id":12875,"href":"https:\/\/www.heartfailurematters.org\/pt-br\/wp-json\/wp\/v2\/pages\/12686\/revisions\/12875"}],"up":[{"embeddable":true,"href":"https:\/\/www.heartfailurematters.org\/pt-br\/wp-json\/wp\/v2\/pages\/12558"}],"wp:featuredmedia":[{"embeddable":true,"href":"https:\/\/www.heartfailurematters.org\/pt-br\/wp-json\/wp\/v2\/media\/12480"}],"wp:attachment":[{"href":"https:\/\/www.heartfailurematters.org\/pt-br\/wp-json\/wp\/v2\/media?parent=12686"}],"wp:term":[{"taxonomy":"category","embeddable":true,"href":"https:\/\/www.heartfailurematters.org\/pt-br\/wp-json\/wp\/v2\/categories?post=12686"},{"taxonomy":"post_tag","embeddable":true,"href":"https:\/\/www.heartfailurematters.org\/pt-br\/wp-json\/wp\/v2\/tags?post=12686"}],"curies":[{"name":"wp","href":"https:\/\/api.w.org\/{rel}","templated":true}]}}