{"id":12683,"date":"2021-01-27T22:06:27","date_gmt":"2021-01-27T22:06:27","guid":{"rendered":"https:\/\/www.heartfailurematters.org\/o-que-pode-fazer\/o-que-pode-fazer\/"},"modified":"2023-07-24T16:13:39","modified_gmt":"2023-07-24T15:13:39","slug":"o-que-pode-fazer","status":"publish","type":"page","link":"https:\/\/www.heartfailurematters.org\/pt-br\/o-que-pode-fazer\/o-que-pode-fazer\/","title":{"rendered":"O que pode fazer?"},"content":{"rendered":"<p>Uma combina\u00e7\u00e3o de tratamentos m\u00e9dicos, adapta\u00e7\u00e3o do estilo de vida e autogest\u00e3o s\u00e3o essenciais para gerir de forma eficaz a insufici\u00eancia card\u00edaca e tentar viver com essa doen\u00e7a. Por conseguinte, \u00e9 importante que siga os conselhos do seu m\u00e9dico ou enfermeiro da especialidade de insufici\u00eancia card\u00edaca. Dever\u00e1 fazer tudo que estiver ao seu alcance para adaptar o seu estilo de vida de modo a reduzir os sintomas e impedir a evolu\u00e7\u00e3o da insufici\u00eancia card\u00edaca. Ter uma rela\u00e7\u00e3o positiva com o seu m\u00e9dico ou enfermeiro pode ajud\u00e1-lo a aceder a outros servi\u00e7os e contribuir para gerir a insufici\u00eancia card\u00edaca.<\/p>\n<p>Nesta sec\u00e7\u00e3o, fornecemos informa\u00e7\u00f5es para o ajudar na gest\u00e3o da insufici\u00eancia card\u00edaca. Mesmo as atividades mais simples, como uma curta caminhada todos os dias, ter aten\u00e7\u00e3o ao sal na alimenta\u00e7\u00e3o e pesar-se regularmente, podem fazer uma grande diferen\u00e7a nos sintomas e bem-estar geral e sobretudo como o seu m\u00e9dico ou enfermeiro gerem a doen\u00e7a com a sua ajuda. Ter conhecimento de quaisquer mudan\u00e7as nos seus sintomas normais \u00e9 uma conversa realmente importante que pode ter com o seu m\u00e9dico nas consultas.<\/p>\n<p>Clique em qualquer uma das liga\u00e7\u00f5es \u00e0 esquerda para conhecer mais formas de gerir a insufici\u00eancia card\u00edaca.<\/p>\n<p>Tamb\u00e9m poder\u00e1 aceder \u00e0 <a href=\"https:\/\/www.heartfailurematters.org\/pt-br\/sinais-de-aviso\/sinais-de-aviso\/\">sec\u00e7\u00e3o Sinais de aviso<\/a>\u00a0para saber como reconhecer o agravamento dos sintomas.<\/p>\n","protected":false},"excerpt":{"rendered":"<p>Uma combina\u00e7\u00e3o de tratamentos m\u00e9dicos, adapta\u00e7\u00e3o do estilo de vida e autogest\u00e3o s\u00e3o essenciais para gerir de forma eficaz a insufici\u00eancia card\u00edaca e tentar viver com essa doen\u00e7a. Por conseguinte, \u00e9 importante que siga os conselhos do seu m\u00e9dico ou enfermeiro da especialidade de insufici\u00eancia card\u00edaca. Dever\u00e1 fazer tudo que estiver ao seu alcance para [&hellip;]<\/p>\n","protected":false},"author":1,"featured_media":12480,"parent":13173,"menu_order":1,"comment_status":"open","ping_status":"closed","template":"","meta":{"_acf_changed":false,"footnotes":""},"categories":[207],"tags":[],"class_list":["post-12683","page","type-page","status-publish","has-post-thumbnail","hentry","category-what-you-can-do-pt-br"],"acf":[],"yoast_head":"<!-- This site is optimized with the Yoast SEO plugin v24.8.1 - https:\/\/yoast.com\/wordpress\/plugins\/seo\/ -->\n<title>O que pode fazer para gerir as doen\u00e7as card\u00edacas?<\/title>\n<meta name=\"description\" content=\"A forma mais eficaz de gerir as condi\u00e7\u00f5es card\u00edacas \u00e9 uma combina\u00e7\u00e3o de tratamentos m\u00e9dicos e ajustes ao estilo de vida. Aprenda a gerir a sua insuf. card\u00edaca\" \/>\n<meta name=\"robots\" content=\"index, follow, max-snippet:-1, max-image-preview:large, max-video-preview:-1\" \/>\n<link rel=\"canonical\" href=\"https:\/\/www.heartfailurematters.org\/pt-br\/o-que-pode-fazer\/o-que-pode-fazer\/\" \/>\n<meta property=\"og:locale\" content=\"pt_BR\" \/>\n<meta property=\"og:type\" content=\"article\" \/>\n<meta property=\"og:title\" content=\"O que pode fazer para gerir as doen\u00e7as card\u00edacas?\" \/>\n<meta property=\"og:description\" content=\"A forma mais eficaz de gerir as condi\u00e7\u00f5es card\u00edacas \u00e9 uma combina\u00e7\u00e3o de tratamentos m\u00e9dicos e ajustes ao estilo de vida. Aprenda a gerir a sua insuf. card\u00edaca\" \/>\n<meta property=\"og:url\" content=\"https:\/\/www.heartfailurematters.org\/pt-br\/o-que-pode-fazer\/o-que-pode-fazer\/\" \/>\n<meta property=\"og:site_name\" content=\"Heart Failure Matters\" \/>\n<meta property=\"article:publisher\" content=\"https:\/\/www.facebook.com\/heartfailurematters\" \/>\n<meta property=\"article:modified_time\" content=\"2023-07-24T15:13:39+00:00\" \/>\n<meta property=\"og:image\" content=\"https:\/\/www.heartfailurematters.org\/wp-content\/uploads\/2022\/02\/shutterstock_258402434-1-min.jpg?_t=1773223856\" \/>\n\t<meta property=\"og:image:width\" content=\"900\" \/>\n\t<meta property=\"og:image:height\" content=\"475\" \/>\n\t<meta property=\"og:image:type\" content=\"image\/jpeg\" \/>\n<meta name=\"twitter:card\" content=\"summary_large_image\" \/>\n<meta name=\"twitter:label1\" content=\"Est. tempo de leitura\" \/>\n\t<meta name=\"twitter:data1\" content=\"1 minuto\" \/>\n<script type=\"application\/ld+json\" class=\"yoast-schema-graph\">{\"@context\":\"https:\/\/schema.org\",\"@graph\":[{\"@type\":\"WebPage\",\"@id\":\"https:\/\/www.heartfailurematters.org\/pt-br\/o-que-pode-fazer\/o-que-pode-fazer\/\",\"url\":\"https:\/\/www.heartfailurematters.org\/pt-br\/o-que-pode-fazer\/o-que-pode-fazer\/\",\"name\":\"O que pode fazer para gerir as doen\u00e7as card\u00edacas?\",\"isPartOf\":{\"@id\":\"https:\/\/www.heartfailurematters.org\/pt-br\/#website\"},\"primaryImageOfPage\":{\"@id\":\"https:\/\/www.heartfailurematters.org\/pt-br\/o-que-pode-fazer\/o-que-pode-fazer\/#primaryimage\"},\"image\":{\"@id\":\"https:\/\/www.heartfailurematters.org\/pt-br\/o-que-pode-fazer\/o-que-pode-fazer\/#primaryimage\"},\"thumbnailUrl\":\"https:\/\/www.heartfailurematters.org\/wp-content\/uploads\/2022\/02\/shutterstock_258402434-1-min.jpg\",\"datePublished\":\"2021-01-27T22:06:27+00:00\",\"dateModified\":\"2023-07-24T15:13:39+00:00\",\"description\":\"A forma mais eficaz de gerir as condi\u00e7\u00f5es card\u00edacas \u00e9 uma combina\u00e7\u00e3o de tratamentos m\u00e9dicos e ajustes ao estilo de vida. Aprenda a gerir a sua insuf. card\u00edaca\",\"breadcrumb\":{\"@id\":\"https:\/\/www.heartfailurematters.org\/pt-br\/o-que-pode-fazer\/o-que-pode-fazer\/#breadcrumb\"},\"inLanguage\":\"pt-BR\",\"potentialAction\":[{\"@type\":\"ReadAction\",\"target\":[\"https:\/\/www.heartfailurematters.org\/pt-br\/o-que-pode-fazer\/o-que-pode-fazer\/\"]}]},{\"@type\":\"ImageObject\",\"inLanguage\":\"pt-BR\",\"@id\":\"https:\/\/www.heartfailurematters.org\/pt-br\/o-que-pode-fazer\/o-que-pode-fazer\/#primaryimage\",\"url\":\"https:\/\/www.heartfailurematters.org\/wp-content\/uploads\/2022\/02\/shutterstock_258402434-1-min.jpg\",\"contentUrl\":\"https:\/\/www.heartfailurematters.org\/wp-content\/uploads\/2022\/02\/shutterstock_258402434-1-min.jpg\",\"width\":900,\"height\":475},{\"@type\":\"BreadcrumbList\",\"@id\":\"https:\/\/www.heartfailurematters.org\/pt-br\/o-que-pode-fazer\/o-que-pode-fazer\/#breadcrumb\",\"itemListElement\":[{\"@type\":\"ListItem\",\"position\":1,\"name\":\"P\u00e1gina inicial\",\"item\":\"https:\/\/www.heartfailurematters.org\/pt-br\/\"},{\"@type\":\"ListItem\",\"position\":2,\"name\":\"O que pode fazer\",\"item\":\"https:\/\/www.heartfailurematters.org\/pt-br\/o-que-pode-fazer\/\"},{\"@type\":\"ListItem\",\"position\":3,\"name\":\"O que pode fazer?\"}]},{\"@type\":\"WebSite\",\"@id\":\"https:\/\/www.heartfailurematters.org\/pt-br\/#website\",\"url\":\"https:\/\/www.heartfailurematters.org\/pt-br\/\",\"name\":\"Heart Failure Matters\",\"description\":\"Practical information for patients, families and caregivers.\",\"publisher\":{\"@id\":\"https:\/\/www.heartfailurematters.org\/pt-br\/#organization\"},\"potentialAction\":[{\"@type\":\"SearchAction\",\"target\":{\"@type\":\"EntryPoint\",\"urlTemplate\":\"https:\/\/www.heartfailurematters.org\/pt-br\/?s={search_term_string}\"},\"query-input\":{\"@type\":\"PropertyValueSpecification\",\"valueRequired\":true,\"valueName\":\"search_term_string\"}}],\"inLanguage\":\"pt-BR\"},{\"@type\":\"Organization\",\"@id\":\"https:\/\/www.heartfailurematters.org\/pt-br\/#organization\",\"name\":\"Heart Failure Matters\",\"url\":\"https:\/\/www.heartfailurematters.org\/pt-br\/\",\"logo\":{\"@type\":\"ImageObject\",\"inLanguage\":\"pt-BR\",\"@id\":\"https:\/\/www.heartfailurematters.org\/pt-br\/#\/schema\/logo\/image\/\",\"url\":\"https:\/\/cdn-endpoint-hfm.azureedge.net\/heartfailurematters\/2024\/07\/hfm-logo1.jpg\",\"contentUrl\":\"https:\/\/cdn-endpoint-hfm.azureedge.net\/heartfailurematters\/2024\/07\/hfm-logo1.jpg\",\"width\":1280,\"height\":720,\"caption\":\"Heart Failure Matters\"},\"image\":{\"@id\":\"https:\/\/www.heartfailurematters.org\/pt-br\/#\/schema\/logo\/image\/\"},\"sameAs\":[\"https:\/\/www.facebook.com\/heartfailurematters\"]}]}<\/script>\n<!-- \/ Yoast SEO plugin. -->","yoast_head_json":{"title":"O que pode fazer para gerir as doen\u00e7as card\u00edacas?","description":"A forma mais eficaz de gerir as condi\u00e7\u00f5es card\u00edacas \u00e9 uma combina\u00e7\u00e3o de tratamentos m\u00e9dicos e ajustes ao estilo de vida. Aprenda a gerir a sua insuf. card\u00edaca","robots":{"index":"index","follow":"follow","max-snippet":"max-snippet:-1","max-image-preview":"max-image-preview:large","max-video-preview":"max-video-preview:-1"},"canonical":"https:\/\/www.heartfailurematters.org\/pt-br\/o-que-pode-fazer\/o-que-pode-fazer\/","og_locale":"pt_BR","og_type":"article","og_title":"O que pode fazer para gerir as doen\u00e7as card\u00edacas?","og_description":"A forma mais eficaz de gerir as condi\u00e7\u00f5es card\u00edacas \u00e9 uma combina\u00e7\u00e3o de tratamentos m\u00e9dicos e ajustes ao estilo de vida. Aprenda a gerir a sua insuf. card\u00edaca","og_url":"https:\/\/www.heartfailurematters.org\/pt-br\/o-que-pode-fazer\/o-que-pode-fazer\/","og_site_name":"Heart Failure Matters","article_publisher":"https:\/\/www.facebook.com\/heartfailurematters","article_modified_time":"2023-07-24T15:13:39+00:00","og_image":[{"width":900,"height":475,"url":"https:\/\/www.heartfailurematters.org\/wp-content\/uploads\/2022\/02\/shutterstock_258402434-1-min.jpg?_t=1773223856","type":"image\/jpeg"}],"twitter_card":"summary_large_image","twitter_misc":{"Est. tempo de leitura":"1 minuto"},"schema":{"@context":"https:\/\/schema.org","@graph":[{"@type":"WebPage","@id":"https:\/\/www.heartfailurematters.org\/pt-br\/o-que-pode-fazer\/o-que-pode-fazer\/","url":"https:\/\/www.heartfailurematters.org\/pt-br\/o-que-pode-fazer\/o-que-pode-fazer\/","name":"O que pode fazer para gerir as doen\u00e7as card\u00edacas?","isPartOf":{"@id":"https:\/\/www.heartfailurematters.org\/pt-br\/#website"},"primaryImageOfPage":{"@id":"https:\/\/www.heartfailurematters.org\/pt-br\/o-que-pode-fazer\/o-que-pode-fazer\/#primaryimage"},"image":{"@id":"https:\/\/www.heartfailurematters.org\/pt-br\/o-que-pode-fazer\/o-que-pode-fazer\/#primaryimage"},"thumbnailUrl":"https:\/\/www.heartfailurematters.org\/wp-content\/uploads\/2022\/02\/shutterstock_258402434-1-min.jpg","datePublished":"2021-01-27T22:06:27+00:00","dateModified":"2023-07-24T15:13:39+00:00","description":"A forma mais eficaz de gerir as condi\u00e7\u00f5es card\u00edacas \u00e9 uma combina\u00e7\u00e3o de tratamentos m\u00e9dicos e ajustes ao estilo de vida. Aprenda a gerir a sua insuf. card\u00edaca","breadcrumb":{"@id":"https:\/\/www.heartfailurematters.org\/pt-br\/o-que-pode-fazer\/o-que-pode-fazer\/#breadcrumb"},"inLanguage":"pt-BR","potentialAction":[{"@type":"ReadAction","target":["https:\/\/www.heartfailurematters.org\/pt-br\/o-que-pode-fazer\/o-que-pode-fazer\/"]}]},{"@type":"ImageObject","inLanguage":"pt-BR","@id":"https:\/\/www.heartfailurematters.org\/pt-br\/o-que-pode-fazer\/o-que-pode-fazer\/#primaryimage","url":"https:\/\/www.heartfailurematters.org\/wp-content\/uploads\/2022\/02\/shutterstock_258402434-1-min.jpg","contentUrl":"https:\/\/www.heartfailurematters.org\/wp-content\/uploads\/2022\/02\/shutterstock_258402434-1-min.jpg","width":900,"height":475},{"@type":"BreadcrumbList","@id":"https:\/\/www.heartfailurematters.org\/pt-br\/o-que-pode-fazer\/o-que-pode-fazer\/#breadcrumb","itemListElement":[{"@type":"ListItem","position":1,"name":"P\u00e1gina inicial","item":"https:\/\/www.heartfailurematters.org\/pt-br\/"},{"@type":"ListItem","position":2,"name":"O que pode fazer","item":"https:\/\/www.heartfailurematters.org\/pt-br\/o-que-pode-fazer\/"},{"@type":"ListItem","position":3,"name":"O que pode fazer?"}]},{"@type":"WebSite","@id":"https:\/\/www.heartfailurematters.org\/pt-br\/#website","url":"https:\/\/www.heartfailurematters.org\/pt-br\/","name":"Heart Failure Matters","description":"Practical information for patients, families and caregivers.","publisher":{"@id":"https:\/\/www.heartfailurematters.org\/pt-br\/#organization"},"potentialAction":[{"@type":"SearchAction","target":{"@type":"EntryPoint","urlTemplate":"https:\/\/www.heartfailurematters.org\/pt-br\/?s={search_term_string}"},"query-input":{"@type":"PropertyValueSpecification","valueRequired":true,"valueName":"search_term_string"}}],"inLanguage":"pt-BR"},{"@type":"Organization","@id":"https:\/\/www.heartfailurematters.org\/pt-br\/#organization","name":"Heart Failure Matters","url":"https:\/\/www.heartfailurematters.org\/pt-br\/","logo":{"@type":"ImageObject","inLanguage":"pt-BR","@id":"https:\/\/www.heartfailurematters.org\/pt-br\/#\/schema\/logo\/image\/","url":"https:\/\/cdn-endpoint-hfm.azureedge.net\/heartfailurematters\/2024\/07\/hfm-logo1.jpg","contentUrl":"https:\/\/cdn-endpoint-hfm.azureedge.net\/heartfailurematters\/2024\/07\/hfm-logo1.jpg","width":1280,"height":720,"caption":"Heart Failure Matters"},"image":{"@id":"https:\/\/www.heartfailurematters.org\/pt-br\/#\/schema\/logo\/image\/"},"sameAs":["https:\/\/www.facebook.com\/heartfailurematters"]}]}},"_links":{"self":[{"href":"https:\/\/www.heartfailurematters.org\/pt-br\/wp-json\/wp\/v2\/pages\/12683","targetHints":{"allow":["GET"]}}],"collection":[{"href":"https:\/\/www.heartfailurematters.org\/pt-br\/wp-json\/wp\/v2\/pages"}],"about":[{"href":"https:\/\/www.heartfailurematters.org\/pt-br\/wp-json\/wp\/v2\/types\/page"}],"author":[{"embeddable":true,"href":"https:\/\/www.heartfailurematters.org\/pt-br\/wp-json\/wp\/v2\/users\/1"}],"replies":[{"embeddable":true,"href":"https:\/\/www.heartfailurematters.org\/pt-br\/wp-json\/wp\/v2\/comments?post=12683"}],"version-history":[{"count":1,"href":"https:\/\/www.heartfailurematters.org\/pt-br\/wp-json\/wp\/v2\/pages\/12683\/revisions"}],"predecessor-version":[{"id":12817,"href":"https:\/\/www.heartfailurematters.org\/pt-br\/wp-json\/wp\/v2\/pages\/12683\/revisions\/12817"}],"up":[{"embeddable":true,"href":"https:\/\/www.heartfailurematters.org\/pt-br\/wp-json\/wp\/v2\/pages\/13173"}],"wp:featuredmedia":[{"embeddable":true,"href":"https:\/\/www.heartfailurematters.org\/pt-br\/wp-json\/wp\/v2\/media\/12480"}],"wp:attachment":[{"href":"https:\/\/www.heartfailurematters.org\/pt-br\/wp-json\/wp\/v2\/media?parent=12683"}],"wp:term":[{"taxonomy":"category","embeddable":true,"href":"https:\/\/www.heartfailurematters.org\/pt-br\/wp-json\/wp\/v2\/categories?post=12683"},{"taxonomy":"post_tag","embeddable":true,"href":"https:\/\/www.heartfailurematters.org\/pt-br\/wp-json\/wp\/v2\/tags?post=12683"}],"curies":[{"name":"wp","href":"https:\/\/api.w.org\/{rel}","templated":true}]}}