{"id":12669,"date":"2021-01-27T22:05:34","date_gmt":"2021-01-27T22:05:34","guid":{"rendered":"https:\/\/www.heartfailurematters.org\/cateterismo-cardiaco-e-angiografia\/"},"modified":"2021-01-27T22:05:34","modified_gmt":"2021-01-27T22:05:34","slug":"cateterismo-cardiaco-e-angiografia","status":"publish","type":"page","link":"https:\/\/www.heartfailurematters.org\/pt-br\/o-que-e-a-insuficiencia-cardiaca\/cateterismo-cardiaco-e-angiografia\/","title":{"rendered":"Cateterismo card\u00edaco e angiografia"},"content":{"rendered":"<p><a class=\"addtooltip\" title=\"Exame realizado atrav\u00e9s da inje\u00e7\u00e3o de uma tinta de contraste, que \u00e9 vis\u00edvel nos raios X, para identificar obstru\u00e7\u00f5es nas art\u00e9rias coron\u00e1rias.\"><strong title=\"\">Angiografia<\/strong><\/a> \u00e9 um exame que utiliza uma inje\u00e7\u00e3o de uma tinta de contraste para observar o fluxo sangu\u00edneo nas art\u00e9rias que fornecem sangue ao m\u00fasculo card\u00edaco. (<a class=\"addtooltip\" title=\"Vasos sangu\u00edneos que fornecem sangue ao m\u00fasculo card\u00edaco.\"><strong title=\"\">art\u00e9rias coron\u00e1rias<\/strong><\/a>). Tamb\u00e9m pode fornecer informa\u00e7\u00f5es sobre as press\u00f5es e fun\u00e7\u00e3o ventricular.<\/p>\n<p>O procedimento \u00e9 realizado numa sala de radiologia e demora entre 20 minutos e 1 hora, consoante o que for encontrado.<\/p>\n<p>Uma equipa de profissionais de sa\u00fade est\u00e1 envolvida no procedimento, incluindo um m\u00e9dico, enfermeiro, t\u00e9cnico e radiologista.<\/p>\n<p>\u00c9 colocado um <a class=\"addtooltip\" title=\"Um tubo fino e flex\u00edvel utilizado em v\u00e1rios procedimentos.\"><strong title=\"\">cateter<\/strong><\/a>\u00a0numa veia ou art\u00e9ria, na virilha ou no bra\u00e7o. Ser\u00e1 administrado uma anestesia local, para n\u00e3o sentir o procedimento. A radiografia \u00e9 utilizada para ajudar a direcionar o cateter atrav\u00e9s dos vasos sangu\u00edneos at\u00e9 \u00e0 posi\u00e7\u00e3o correta no cora\u00e7\u00e3o. N\u00e3o sentir\u00e1 o movimento do cateter e pode optar por assistir a um v\u00eddeo do procedimento no ecr\u00e3.<\/p>\n<p>Depois de posicionado, \u00e9 medida a press\u00e3o arterial na extremidade do cateter. Em seguida, \u00e9 injetado um meio de contraste pelo cateter e s\u00e3o captadas v\u00e1rias imagens radiol\u00f3gicas.<\/p>\n<p>Quando o exame terminar, o cateter \u00e9 removido e um enfermeiro far\u00e1 o penso.<\/p>\n<p>Ap\u00f3s o exame, ter\u00e1 de descansar v\u00e1rias horas e ir\u00e1 sentir-se cansado durante algum tempo. Poder\u00e1 sentir dor no local de inser\u00e7\u00e3o do cateter e poder\u00e1 ocorrer um pequeno sangramento ou incha\u00e7o na \u00e1rea circundante, mas desaparecer\u00e1 ap\u00f3s alguns dias.<\/p>\n<p>A angiografia fornece informa\u00e7\u00f5es vitais sobre as press\u00f5es no interior do cora\u00e7\u00e3o, funcionamento do cora\u00e7\u00e3o e fluxo sangu\u00edneo nas art\u00e9rias coron\u00e1rias. Este exame tamb\u00e9m permite ao cardiologista avaliar se as v\u00e1lvulas est\u00e3o a funcionar incorretamente <a class=\"addtooltip\" title=\"Exame que utiliza uma inje\u00e7\u00e3o de um meio de contraste que \u00e9 vis\u00edvel nos raios X para identificar obstru\u00e7\u00f5es nas art\u00e9rias coron\u00e1rias.\"><strong title=\"\">v\u00e1lvulas<\/strong><\/a><\/p>\n<p>Tamb\u00e9m pode localizar estreitamentos nas art\u00e9rias que fornecem sangue ao m\u00fasculo card\u00edaco e determinar a gravidade dos mesmos.<\/p>\n<p>Os resultados de uma angiografia permitem fundamentar decis\u00f5es sobre poss\u00edveis interven\u00e7\u00f5es ou cirurgia.<\/p>\n<p><a href=\"https:\/\/www.heartfailurematters.org\/pt-pt\/o-que-e-a-insuficiencia-cardiaca\/exames-comuns-para-detetar-a-insuficiencia-cardiaca\/\">Voltar \u00e0 sec\u00e7\u00e3o Exames comuns para detetar a insufici\u00eancia card\u00edaca<\/a><\/p>\n","protected":false},"excerpt":{"rendered":"<p>Angiografia \u00e9 um exame que utiliza uma inje\u00e7\u00e3o de uma tinta de contraste para observar o fluxo sangu\u00edneo nas art\u00e9rias que fornecem sangue ao m\u00fasculo card\u00edaco. (art\u00e9rias coron\u00e1rias). Tamb\u00e9m pode fornecer informa\u00e7\u00f5es sobre as press\u00f5es e fun\u00e7\u00e3o ventricular. O procedimento \u00e9 realizado numa sala de radiologia e demora entre 20 minutos e 1 hora, consoante [&hellip;]<\/p>\n","protected":false},"author":1,"featured_media":12494,"parent":13168,"menu_order":0,"comment_status":"open","ping_status":"open","template":"","meta":{"_acf_changed":false,"footnotes":""},"categories":[],"tags":[],"class_list":["post-12669","page","type-page","status-publish","has-post-thumbnail","hentry"],"acf":[],"yoast_head":"<!-- This site is optimized with the Yoast SEO plugin v24.8.1 - https:\/\/yoast.com\/wordpress\/plugins\/seo\/ -->\n<title>Cateteriza\u00e7\u00e3o card\u00edaca e angiografia para insuf. card\u00edaca<\/title>\n<meta name=\"description\" content=\"Angiografia \u00e9 um teste que usa a inje\u00e7\u00e3o de corante l\u00edquido para ver o fluxo sangu\u00edneo pelas art\u00e9rias que alimentam o m\u00fasculo card\u00edaco (art\u00e9rias coron\u00e1rias).\" \/>\n<meta name=\"robots\" content=\"index, follow, max-snippet:-1, max-image-preview:large, max-video-preview:-1\" \/>\n<link rel=\"canonical\" href=\"https:\/\/www.heartfailurematters.org\/pt-br\/o-que-e-a-insuficiencia-cardiaca\/cateterismo-cardiaco-e-angiografia\/\" \/>\n<meta property=\"og:locale\" content=\"pt_BR\" \/>\n<meta property=\"og:type\" content=\"article\" \/>\n<meta property=\"og:title\" content=\"Cateteriza\u00e7\u00e3o card\u00edaca e angiografia para insuf. card\u00edaca\" \/>\n<meta property=\"og:description\" content=\"Angiografia \u00e9 um teste que usa a inje\u00e7\u00e3o de corante l\u00edquido para ver o fluxo sangu\u00edneo pelas art\u00e9rias que alimentam o m\u00fasculo card\u00edaco (art\u00e9rias coron\u00e1rias).\" \/>\n<meta property=\"og:url\" content=\"https:\/\/www.heartfailurematters.org\/pt-br\/o-que-e-a-insuficiencia-cardiaca\/cateterismo-cardiaco-e-angiografia\/\" \/>\n<meta property=\"og:site_name\" content=\"Heart Failure Matters\" \/>\n<meta property=\"article:publisher\" content=\"https:\/\/www.facebook.com\/heartfailurematters\" \/>\n<meta property=\"og:image\" content=\"https:\/\/www.heartfailurematters.org\/wp-content\/uploads\/2022\/02\/shutterstock_26945083-1-min.jpg\" \/>\n\t<meta property=\"og:image:width\" content=\"900\" \/>\n\t<meta property=\"og:image:height\" content=\"600\" \/>\n\t<meta property=\"og:image:type\" content=\"image\/jpeg\" \/>\n<meta name=\"twitter:card\" content=\"summary_large_image\" \/>\n<meta name=\"twitter:label1\" content=\"Est. tempo de leitura\" \/>\n\t<meta name=\"twitter:data1\" content=\"2 minutos\" \/>\n<script type=\"application\/ld+json\" class=\"yoast-schema-graph\">{\"@context\":\"https:\/\/schema.org\",\"@graph\":[{\"@type\":\"WebPage\",\"@id\":\"https:\/\/www.heartfailurematters.org\/pt-br\/o-que-e-a-insuficiencia-cardiaca\/cateterismo-cardiaco-e-angiografia\/\",\"url\":\"https:\/\/www.heartfailurematters.org\/pt-br\/o-que-e-a-insuficiencia-cardiaca\/cateterismo-cardiaco-e-angiografia\/\",\"name\":\"Cateteriza\u00e7\u00e3o card\u00edaca e angiografia para insuf. card\u00edaca\",\"isPartOf\":{\"@id\":\"https:\/\/www.heartfailurematters.org\/pt-br\/#website\"},\"primaryImageOfPage\":{\"@id\":\"https:\/\/www.heartfailurematters.org\/pt-br\/o-que-e-a-insuficiencia-cardiaca\/cateterismo-cardiaco-e-angiografia\/#primaryimage\"},\"image\":{\"@id\":\"https:\/\/www.heartfailurematters.org\/pt-br\/o-que-e-a-insuficiencia-cardiaca\/cateterismo-cardiaco-e-angiografia\/#primaryimage\"},\"thumbnailUrl\":\"https:\/\/www.heartfailurematters.org\/wp-content\/uploads\/2022\/02\/shutterstock_26945083-1-min.jpg\",\"datePublished\":\"2021-01-27T22:05:34+00:00\",\"description\":\"Angiografia \u00e9 um teste que usa a inje\u00e7\u00e3o de corante l\u00edquido para ver o fluxo sangu\u00edneo pelas art\u00e9rias que alimentam o m\u00fasculo card\u00edaco (art\u00e9rias coron\u00e1rias).\",\"breadcrumb\":{\"@id\":\"https:\/\/www.heartfailurematters.org\/pt-br\/o-que-e-a-insuficiencia-cardiaca\/cateterismo-cardiaco-e-angiografia\/#breadcrumb\"},\"inLanguage\":\"pt-BR\",\"potentialAction\":[{\"@type\":\"ReadAction\",\"target\":[\"https:\/\/www.heartfailurematters.org\/pt-br\/o-que-e-a-insuficiencia-cardiaca\/cateterismo-cardiaco-e-angiografia\/\"]}]},{\"@type\":\"ImageObject\",\"inLanguage\":\"pt-BR\",\"@id\":\"https:\/\/www.heartfailurematters.org\/pt-br\/o-que-e-a-insuficiencia-cardiaca\/cateterismo-cardiaco-e-angiografia\/#primaryimage\",\"url\":\"https:\/\/www.heartfailurematters.org\/wp-content\/uploads\/2022\/02\/shutterstock_26945083-1-min.jpg\",\"contentUrl\":\"https:\/\/www.heartfailurematters.org\/wp-content\/uploads\/2022\/02\/shutterstock_26945083-1-min.jpg\",\"width\":900,\"height\":600},{\"@type\":\"BreadcrumbList\",\"@id\":\"https:\/\/www.heartfailurematters.org\/pt-br\/o-que-e-a-insuficiencia-cardiaca\/cateterismo-cardiaco-e-angiografia\/#breadcrumb\",\"itemListElement\":[{\"@type\":\"ListItem\",\"position\":1,\"name\":\"P\u00e1gina inicial\",\"item\":\"https:\/\/www.heartfailurematters.org\/pt-br\/\"},{\"@type\":\"ListItem\",\"position\":2,\"name\":\"Compreender a insufici\u00eancia card\u00edaca\",\"item\":\"https:\/\/www.heartfailurematters.org\/pt-br\/o-que-e-a-insuficiencia-cardiaca\/\"},{\"@type\":\"ListItem\",\"position\":3,\"name\":\"Cateterismo card\u00edaco e angiografia\"}]},{\"@type\":\"WebSite\",\"@id\":\"https:\/\/www.heartfailurematters.org\/pt-br\/#website\",\"url\":\"https:\/\/www.heartfailurematters.org\/pt-br\/\",\"name\":\"Heart Failure Matters\",\"description\":\"Practical information for patients, families and caregivers.\",\"publisher\":{\"@id\":\"https:\/\/www.heartfailurematters.org\/pt-br\/#organization\"},\"potentialAction\":[{\"@type\":\"SearchAction\",\"target\":{\"@type\":\"EntryPoint\",\"urlTemplate\":\"https:\/\/www.heartfailurematters.org\/pt-br\/?s={search_term_string}\"},\"query-input\":{\"@type\":\"PropertyValueSpecification\",\"valueRequired\":true,\"valueName\":\"search_term_string\"}}],\"inLanguage\":\"pt-BR\"},{\"@type\":\"Organization\",\"@id\":\"https:\/\/www.heartfailurematters.org\/pt-br\/#organization\",\"name\":\"Heart Failure Matters\",\"url\":\"https:\/\/www.heartfailurematters.org\/pt-br\/\",\"logo\":{\"@type\":\"ImageObject\",\"inLanguage\":\"pt-BR\",\"@id\":\"https:\/\/www.heartfailurematters.org\/pt-br\/#\/schema\/logo\/image\/\",\"url\":\"https:\/\/cdn-endpoint-hfm.azureedge.net\/heartfailurematters\/2024\/07\/hfm-logo1.jpg\",\"contentUrl\":\"https:\/\/cdn-endpoint-hfm.azureedge.net\/heartfailurematters\/2024\/07\/hfm-logo1.jpg\",\"width\":1280,\"height\":720,\"caption\":\"Heart Failure Matters\"},\"image\":{\"@id\":\"https:\/\/www.heartfailurematters.org\/pt-br\/#\/schema\/logo\/image\/\"},\"sameAs\":[\"https:\/\/www.facebook.com\/heartfailurematters\"]}]}<\/script>\n<!-- \/ Yoast SEO plugin. -->","yoast_head_json":{"title":"Cateteriza\u00e7\u00e3o card\u00edaca e angiografia para insuf. card\u00edaca","description":"Angiografia \u00e9 um teste que usa a inje\u00e7\u00e3o de corante l\u00edquido para ver o fluxo sangu\u00edneo pelas art\u00e9rias que alimentam o m\u00fasculo card\u00edaco (art\u00e9rias coron\u00e1rias).","robots":{"index":"index","follow":"follow","max-snippet":"max-snippet:-1","max-image-preview":"max-image-preview:large","max-video-preview":"max-video-preview:-1"},"canonical":"https:\/\/www.heartfailurematters.org\/pt-br\/o-que-e-a-insuficiencia-cardiaca\/cateterismo-cardiaco-e-angiografia\/","og_locale":"pt_BR","og_type":"article","og_title":"Cateteriza\u00e7\u00e3o card\u00edaca e angiografia para insuf. card\u00edaca","og_description":"Angiografia \u00e9 um teste que usa a inje\u00e7\u00e3o de corante l\u00edquido para ver o fluxo sangu\u00edneo pelas art\u00e9rias que alimentam o m\u00fasculo card\u00edaco (art\u00e9rias coron\u00e1rias).","og_url":"https:\/\/www.heartfailurematters.org\/pt-br\/o-que-e-a-insuficiencia-cardiaca\/cateterismo-cardiaco-e-angiografia\/","og_site_name":"Heart Failure Matters","article_publisher":"https:\/\/www.facebook.com\/heartfailurematters","og_image":[{"width":900,"height":600,"url":"https:\/\/www.heartfailurematters.org\/wp-content\/uploads\/2022\/02\/shutterstock_26945083-1-min.jpg","type":"image\/jpeg"}],"twitter_card":"summary_large_image","twitter_misc":{"Est. tempo de leitura":"2 minutos"},"schema":{"@context":"https:\/\/schema.org","@graph":[{"@type":"WebPage","@id":"https:\/\/www.heartfailurematters.org\/pt-br\/o-que-e-a-insuficiencia-cardiaca\/cateterismo-cardiaco-e-angiografia\/","url":"https:\/\/www.heartfailurematters.org\/pt-br\/o-que-e-a-insuficiencia-cardiaca\/cateterismo-cardiaco-e-angiografia\/","name":"Cateteriza\u00e7\u00e3o card\u00edaca e angiografia para insuf. card\u00edaca","isPartOf":{"@id":"https:\/\/www.heartfailurematters.org\/pt-br\/#website"},"primaryImageOfPage":{"@id":"https:\/\/www.heartfailurematters.org\/pt-br\/o-que-e-a-insuficiencia-cardiaca\/cateterismo-cardiaco-e-angiografia\/#primaryimage"},"image":{"@id":"https:\/\/www.heartfailurematters.org\/pt-br\/o-que-e-a-insuficiencia-cardiaca\/cateterismo-cardiaco-e-angiografia\/#primaryimage"},"thumbnailUrl":"https:\/\/www.heartfailurematters.org\/wp-content\/uploads\/2022\/02\/shutterstock_26945083-1-min.jpg","datePublished":"2021-01-27T22:05:34+00:00","description":"Angiografia \u00e9 um teste que usa a inje\u00e7\u00e3o de corante l\u00edquido para ver o fluxo sangu\u00edneo pelas art\u00e9rias que alimentam o m\u00fasculo card\u00edaco (art\u00e9rias coron\u00e1rias).","breadcrumb":{"@id":"https:\/\/www.heartfailurematters.org\/pt-br\/o-que-e-a-insuficiencia-cardiaca\/cateterismo-cardiaco-e-angiografia\/#breadcrumb"},"inLanguage":"pt-BR","potentialAction":[{"@type":"ReadAction","target":["https:\/\/www.heartfailurematters.org\/pt-br\/o-que-e-a-insuficiencia-cardiaca\/cateterismo-cardiaco-e-angiografia\/"]}]},{"@type":"ImageObject","inLanguage":"pt-BR","@id":"https:\/\/www.heartfailurematters.org\/pt-br\/o-que-e-a-insuficiencia-cardiaca\/cateterismo-cardiaco-e-angiografia\/#primaryimage","url":"https:\/\/www.heartfailurematters.org\/wp-content\/uploads\/2022\/02\/shutterstock_26945083-1-min.jpg","contentUrl":"https:\/\/www.heartfailurematters.org\/wp-content\/uploads\/2022\/02\/shutterstock_26945083-1-min.jpg","width":900,"height":600},{"@type":"BreadcrumbList","@id":"https:\/\/www.heartfailurematters.org\/pt-br\/o-que-e-a-insuficiencia-cardiaca\/cateterismo-cardiaco-e-angiografia\/#breadcrumb","itemListElement":[{"@type":"ListItem","position":1,"name":"P\u00e1gina inicial","item":"https:\/\/www.heartfailurematters.org\/pt-br\/"},{"@type":"ListItem","position":2,"name":"Compreender a insufici\u00eancia card\u00edaca","item":"https:\/\/www.heartfailurematters.org\/pt-br\/o-que-e-a-insuficiencia-cardiaca\/"},{"@type":"ListItem","position":3,"name":"Cateterismo card\u00edaco e angiografia"}]},{"@type":"WebSite","@id":"https:\/\/www.heartfailurematters.org\/pt-br\/#website","url":"https:\/\/www.heartfailurematters.org\/pt-br\/","name":"Heart Failure Matters","description":"Practical information for patients, families and caregivers.","publisher":{"@id":"https:\/\/www.heartfailurematters.org\/pt-br\/#organization"},"potentialAction":[{"@type":"SearchAction","target":{"@type":"EntryPoint","urlTemplate":"https:\/\/www.heartfailurematters.org\/pt-br\/?s={search_term_string}"},"query-input":{"@type":"PropertyValueSpecification","valueRequired":true,"valueName":"search_term_string"}}],"inLanguage":"pt-BR"},{"@type":"Organization","@id":"https:\/\/www.heartfailurematters.org\/pt-br\/#organization","name":"Heart Failure Matters","url":"https:\/\/www.heartfailurematters.org\/pt-br\/","logo":{"@type":"ImageObject","inLanguage":"pt-BR","@id":"https:\/\/www.heartfailurematters.org\/pt-br\/#\/schema\/logo\/image\/","url":"https:\/\/cdn-endpoint-hfm.azureedge.net\/heartfailurematters\/2024\/07\/hfm-logo1.jpg","contentUrl":"https:\/\/cdn-endpoint-hfm.azureedge.net\/heartfailurematters\/2024\/07\/hfm-logo1.jpg","width":1280,"height":720,"caption":"Heart Failure Matters"},"image":{"@id":"https:\/\/www.heartfailurematters.org\/pt-br\/#\/schema\/logo\/image\/"},"sameAs":["https:\/\/www.facebook.com\/heartfailurematters"]}]}},"_links":{"self":[{"href":"https:\/\/www.heartfailurematters.org\/pt-br\/wp-json\/wp\/v2\/pages\/12669","targetHints":{"allow":["GET"]}}],"collection":[{"href":"https:\/\/www.heartfailurematters.org\/pt-br\/wp-json\/wp\/v2\/pages"}],"about":[{"href":"https:\/\/www.heartfailurematters.org\/pt-br\/wp-json\/wp\/v2\/types\/page"}],"author":[{"embeddable":true,"href":"https:\/\/www.heartfailurematters.org\/pt-br\/wp-json\/wp\/v2\/users\/1"}],"replies":[{"embeddable":true,"href":"https:\/\/www.heartfailurematters.org\/pt-br\/wp-json\/wp\/v2\/comments?post=12669"}],"version-history":[{"count":0,"href":"https:\/\/www.heartfailurematters.org\/pt-br\/wp-json\/wp\/v2\/pages\/12669\/revisions"}],"up":[{"embeddable":true,"href":"https:\/\/www.heartfailurematters.org\/pt-br\/wp-json\/wp\/v2\/pages\/13168"}],"wp:featuredmedia":[{"embeddable":true,"href":"https:\/\/www.heartfailurematters.org\/pt-br\/wp-json\/wp\/v2\/media\/12494"}],"wp:attachment":[{"href":"https:\/\/www.heartfailurematters.org\/pt-br\/wp-json\/wp\/v2\/media?parent=12669"}],"wp:term":[{"taxonomy":"category","embeddable":true,"href":"https:\/\/www.heartfailurematters.org\/pt-br\/wp-json\/wp\/v2\/categories?post=12669"},{"taxonomy":"post_tag","embeddable":true,"href":"https:\/\/www.heartfailurematters.org\/pt-br\/wp-json\/wp\/v2\/tags?post=12669"}],"curies":[{"name":"wp","href":"https:\/\/api.w.org\/{rel}","templated":true}]}}