{"id":12668,"date":"2021-01-27T22:05:34","date_gmt":"2021-01-27T22:05:34","guid":{"rendered":"https:\/\/www.heartfailurematters.org\/o-que-o-seu-medico-ou-enfermeiro-pode-fazer\/inibidores-da-eca-enzima-conversora-de-angiotensina\/"},"modified":"2021-01-27T22:05:34","modified_gmt":"2021-01-27T22:05:34","slug":"inibidores-da-eca-enzima-conversora-de-angiotensina","status":"publish","type":"page","link":"https:\/\/www.heartfailurematters.org\/pt-br\/o-que-o-seu-medico-ou-enfermeiro-pode-fazer\/inibidores-da-eca-enzima-conversora-de-angiotensina\/","title":{"rendered":"Inibidores da ECA (enzima conversora de angiotensina)"},"content":{"rendered":"<h2>Como funcionam?<\/h2>\n<p><a class=\"addtooltip\" title=\"Classe de medicamentos que inibe a produ\u00e7\u00e3o de angiotensina II e baixa a press\u00e3o arterial.\"><strong>Inibidores da enzima conversora de angiotensina (ECA)<\/strong><\/a> bloqueiam os efeitos de uma <a class=\"addtooltip\" title=\"Subst\u00e2ncias, libertadas no sangue por v\u00e1rias gl\u00e2ndulas do organismo, que regulam fun\u00e7\u00f5es essenciais.\"><strong>hormona<\/strong><\/a> produzida naturalmente pelos rins designada por angiotensina II. Ao bloquear o efeito da angiotensina II, os inibidores da ECA provocam o relaxamento dos vasos sangu\u00edneos, reduzindo a press\u00e3o arterial. Isto \u00e9 designado por vasodilata\u00e7\u00e3o quando os vasos sangu\u00edneos relaxam e dilatam. Isto significa que o cora\u00e7\u00e3o n\u00e3o tem de se esfor\u00e7ar tanto para empurrar o sangue pelo corpo.<\/p>\n<h2>Quais s\u00e3o os benef\u00edcios esperados?<\/h2>\n<p>Os inibidores da ECA demonstraram reduzir os internamentos relacionados com a insufici\u00eancia card\u00edaca, prolongar a vida e melhorar a toler\u00e2ncia ao exerc\u00edcio f\u00edsico e qualidade de vida.<\/p>\n<h2>Efeitos secund\u00e1rios<\/h2>\n<p>Como os inibidores da ECA reduzem a press\u00e3o arterial, por vezes poder\u00e1 ter tonturas. A sua press\u00e3o arterial ser\u00e1 monitorizada regularmente. Os inibidores da ECA tamb\u00e9m podem causar pequenas altera\u00e7\u00f5es na fun\u00e7\u00e3o renal ou aumentar os n\u00edveis de <a class=\"addtooltip\" title=\"Um mineral essencial necess\u00e1rio ao organismo para o normal funcionamento celular. Os diur\u00e9ticos poder\u00e3o causar a perda de pot\u00e1ssio.\" shape=\"rect\"><strong>pot\u00e1ssio<\/strong><\/a>. O seu m\u00e9dico controlar\u00e1 isto atrav\u00e9s de <a href=\"https:\/\/www.heartfailurematters.org\/pt-br\/o-que-e-a-insuficiencia-cardiaca\/analises-ao-sangue\/\" shape=\"rect\">an\u00e1lises ao sangue<\/a> regulares.<\/p>\n<p>Algumas pessoas tamb\u00e9m desenvolvem tosse seca. Se isto lhe acontecer, o seu m\u00e9dico poder\u00e1 reduzir a dose ou mudar para outro medicamento, se n\u00e3o melhorar com o tempo. De forma menos comum, podem ocorrer altera\u00e7\u00f5es do paladar e erup\u00e7\u00f5es cut\u00e2neas. Muito raramente, as pessoas que tomam inibidores da ECA desenvolvem incha\u00e7o dos l\u00e1bios ou da garganta. Se isto ocorrer, procure ajuda m\u00e9dica imediatamente.<\/p>\n<h2>Principais sugest\u00f5es<\/h2>\n<p>O seu m\u00e9dico poder\u00e1 aconselhar que tome a primeira dose do inibidor da ECA antes de se deitar para prevenir as tonturas. As <a href=\"https:\/\/www.heartfailurematters.org\/pt-br\/o-que-e-a-insuficiencia-cardiaca\/tonturas\/\" shape=\"rect\">tonturas<\/a>\u00a0s\u00e3o comuns nos medicamentos que reduzem a press\u00e3o arterial, mas o cora\u00e7\u00e3o consegue funcionar melhor com estas press\u00f5es mais baixas.<\/p>\n<p>Se sentir tonturas de manh\u00e3, tente mover os p\u00e9s para a frente e para tr\u00e1s cerca de dez vezes antes de se levantar. Ou poder\u00e1 considerar \u00fatil balan\u00e7ar as pernas na parte lateral da cama antes de se sentar e depois sente-se na beira da cama durante um minuto antes de se levantar. Deve evitar levantar-se demasiadamente r\u00e1pido, esteja sentado ou dobrado, pois provocar\u00e1 tonturas. Leve o tempo necess\u00e1rio e permita que o corpo se ajuste.<\/p>\n<h2>Tamb\u00e9m conhecido por:<\/h2>\n<ul>\n<li><strong>Benazepril<br \/>\n<\/strong>(Lotensin\u00ae)<\/li>\n<li><strong>Captopril<br \/>\n<\/strong>(Ecopace\u00ae, Kaplon\u00ae, Tensopril\u00ae, Acepril\u00ae, Capoten\u00ae)<\/li>\n<li><strong>Cilazapril<\/strong><br \/>\n(Vascace\u00ae)<\/li>\n<li><strong>Enalapril<\/strong><br \/>\n(Ednyt\u00ae, Innovace\u00ae, Vasotec\u00ae)<\/li>\n<li><strong>Fosinopril<\/strong><br \/>\n(Staril\u00ae, Monopril\u00ae)<\/li>\n<li><strong>Lisinopril<\/strong><br \/>\n(Carace\u00ae, Prinivil\u00ae, Zestril\u00ae)<\/li>\n<li><strong>Moexipril<br \/>\n<\/strong>(Perdix\u00ae, Univasc\u00ae)<\/li>\n<li><strong>Ramipril<\/strong><br \/>\n(Lopace\u00ae, Tritace\u00ae, Altace\u00ae)<\/li>\n<li><strong>Perindopril<br \/>\n<\/strong>(Aceon\u00ae, Acertin\u00ae, Coverene\u00ae, Coverex\u00ae, Coversum\u00ae, Coversyl\u00ae, Prestarium\u00ae, Prestoril\u00ae, Prexanil\u00ae, Prexum\u00ae, Procaptan\u00ae)<\/li>\n<li><strong>Quinapril<br \/>\n<\/strong>(Quinil\u00ae, Accupro\u00ae, Accupril\u00ae)<\/li>\n<li><strong>Trandolapril<\/strong><br \/>\n(Mavik\u00ae, Gopten\u00ae, Odrik\u00ae)<\/li>\n<li><strong>Produtos combinados<\/strong><br \/>\n(Accuretic\u00ae, Carace Plus\u00ae,\u00a0Capozide\u00ae, Captoten\u00ae, Coversyl Plus\u00ae, Cozido-capt\u00ae, Innozide\u00ae, Triapin\u00ae,\u00a0Triapin mite\u00ae, Tarka\u00ae,\u00a0Zestoretic\u00ae,)<\/li>\n<\/ul>\n<table border=\"1\" width=\"100%\" cellspacing=\"0\" cellpadding=\"0\">\n<tbody>\n<tr>\n<td style=\"width: 25%;\">\n<h2>Anima\u00e7\u00e3o<\/h2>\n<\/td>\n<td style=\"width: 75%; vertical-align: middle; text-align: left;\"><\/td>\n<\/tr>\n<tr>\n<td style=\"width: 25%;\"><a class=\"lightview\" href=\"https:\/\/www.youtube.com\/embed\/UQzcvNwzpS0\" data-lightview-caption=\"The animation above shows how ACE (Angiotensin converting enzyme) inhibitors can help you by causing your blood vessels to relax and thus lower your blood pressure. This means your heart doesn't have to work so hard to squeeze your blood around your body.\" data-lightview-title=\"How ACE inhibitors work in heart failure\" data-lightview-options=\"width: 535, height: 400\" data-lightview-type=\"iframe\" data-lightview-group=\"journey\"><img decoding=\"async\" class=\"alignleft size-full wp-image-5077\" src=\"https:\/\/cdn-endpoint-hfm.azureedge.net\/heartfailurematters\/2021\/02\/07-animation.jpg\" alt=\"\" width=\"180\" height=\"130\" \/><\/a><\/td>\n<td style=\"width: 75%; vertical-align: middle; text-align: left;\">Anima\u00e7\u00e3o que explica como os inibidores da ECA funcionam na insufici\u00eancia card\u00edaca<\/td>\n<\/tr>\n<\/tbody>\n<\/table>\n<p><a href=\"https:\/\/www.heartfailurematters.org\/pt-pt\/o-que-o-seu-medico-ou-enfermeiro-pode-fazer\/medicamentos-para-a-insuficiencia-cardiaca\/\" shape=\"rect\">Voltar \u00e0 sec\u00e7\u00e3o Medicamentos para a insufici\u00eancia card\u00edaca<\/a><\/p>\n<p>&nbsp;<\/p>\n","protected":false},"excerpt":{"rendered":"<p>Como funcionam? Inibidores da enzima conversora de angiotensina (ECA) bloqueiam os efeitos de uma hormona produzida naturalmente pelos rins designada por angiotensina II. Ao bloquear o efeito da angiotensina II, os inibidores da ECA provocam o relaxamento dos vasos sangu\u00edneos, reduzindo a press\u00e3o arterial. Isto \u00e9 designado por vasodilata\u00e7\u00e3o quando os vasos sangu\u00edneos relaxam e [&hellip;]<\/p>\n","protected":false},"author":1,"featured_media":12512,"parent":13171,"menu_order":0,"comment_status":"open","ping_status":"open","template":"","meta":{"_acf_changed":false,"footnotes":""},"categories":[],"tags":[],"class_list":["post-12668","page","type-page","status-publish","has-post-thumbnail","hentry"],"acf":[],"yoast_head":"<!-- This site is optimized with the Yoast SEO plugin v24.8.1 - https:\/\/yoast.com\/wordpress\/plugins\/seo\/ -->\n<title>Inibidores da ECA (enzima conversora de angiotensina)<\/title>\n<meta name=\"description\" content=\"Ao bloquear o efeito da Angiotensina II, os inibidores da ECA relaxam os vasos sangu\u00edneos - diminuindo a tens\u00e3o arterial - mas podem ocorrer efeitos secund\u00e1rios\" \/>\n<meta name=\"robots\" content=\"index, follow, max-snippet:-1, max-image-preview:large, max-video-preview:-1\" \/>\n<link rel=\"canonical\" href=\"https:\/\/www.heartfailurematters.org\/pt-br\/o-que-o-seu-medico-ou-enfermeiro-pode-fazer\/inibidores-da-eca-enzima-conversora-de-angiotensina\/\" \/>\n<meta property=\"og:locale\" content=\"pt_BR\" \/>\n<meta property=\"og:type\" content=\"article\" \/>\n<meta property=\"og:title\" content=\"Inibidores da ECA (enzima conversora de angiotensina)\" \/>\n<meta property=\"og:description\" content=\"Ao bloquear o efeito da Angiotensina II, os inibidores da ECA relaxam os vasos sangu\u00edneos - diminuindo a tens\u00e3o arterial - mas podem ocorrer efeitos secund\u00e1rios\" \/>\n<meta property=\"og:url\" content=\"https:\/\/www.heartfailurematters.org\/pt-br\/o-que-o-seu-medico-ou-enfermeiro-pode-fazer\/inibidores-da-eca-enzima-conversora-de-angiotensina\/\" \/>\n<meta property=\"og:site_name\" content=\"Heart Failure Matters\" \/>\n<meta property=\"article:publisher\" content=\"https:\/\/www.facebook.com\/heartfailurematters\" \/>\n<meta property=\"og:image\" content=\"https:\/\/www.heartfailurematters.org\/wp-content\/uploads\/2022\/03\/shutterstock_441673426-1-min.jpg\" \/>\n\t<meta property=\"og:image:width\" content=\"900\" \/>\n\t<meta property=\"og:image:height\" content=\"596\" \/>\n\t<meta property=\"og:image:type\" content=\"image\/jpeg\" \/>\n<meta name=\"twitter:card\" content=\"summary_large_image\" \/>\n<meta name=\"twitter:label1\" content=\"Est. tempo de leitura\" \/>\n\t<meta name=\"twitter:data1\" content=\"2 minutos\" \/>\n<script type=\"application\/ld+json\" class=\"yoast-schema-graph\">{\"@context\":\"https:\/\/schema.org\",\"@graph\":[{\"@type\":\"WebPage\",\"@id\":\"https:\/\/www.heartfailurematters.org\/pt-br\/o-que-o-seu-medico-ou-enfermeiro-pode-fazer\/inibidores-da-eca-enzima-conversora-de-angiotensina\/\",\"url\":\"https:\/\/www.heartfailurematters.org\/pt-br\/o-que-o-seu-medico-ou-enfermeiro-pode-fazer\/inibidores-da-eca-enzima-conversora-de-angiotensina\/\",\"name\":\"Inibidores da ECA (enzima conversora de angiotensina)\",\"isPartOf\":{\"@id\":\"https:\/\/www.heartfailurematters.org\/pt-br\/#website\"},\"primaryImageOfPage\":{\"@id\":\"https:\/\/www.heartfailurematters.org\/pt-br\/o-que-o-seu-medico-ou-enfermeiro-pode-fazer\/inibidores-da-eca-enzima-conversora-de-angiotensina\/#primaryimage\"},\"image\":{\"@id\":\"https:\/\/www.heartfailurematters.org\/pt-br\/o-que-o-seu-medico-ou-enfermeiro-pode-fazer\/inibidores-da-eca-enzima-conversora-de-angiotensina\/#primaryimage\"},\"thumbnailUrl\":\"https:\/\/www.heartfailurematters.org\/wp-content\/uploads\/2022\/03\/shutterstock_441673426-1-min.jpg\",\"datePublished\":\"2021-01-27T22:05:34+00:00\",\"description\":\"Ao bloquear o efeito da Angiotensina II, os inibidores da ECA relaxam os vasos sangu\u00edneos - diminuindo a tens\u00e3o arterial - mas podem ocorrer efeitos secund\u00e1rios\",\"breadcrumb\":{\"@id\":\"https:\/\/www.heartfailurematters.org\/pt-br\/o-que-o-seu-medico-ou-enfermeiro-pode-fazer\/inibidores-da-eca-enzima-conversora-de-angiotensina\/#breadcrumb\"},\"inLanguage\":\"pt-BR\",\"potentialAction\":[{\"@type\":\"ReadAction\",\"target\":[\"https:\/\/www.heartfailurematters.org\/pt-br\/o-que-o-seu-medico-ou-enfermeiro-pode-fazer\/inibidores-da-eca-enzima-conversora-de-angiotensina\/\"]}]},{\"@type\":\"ImageObject\",\"inLanguage\":\"pt-BR\",\"@id\":\"https:\/\/www.heartfailurematters.org\/pt-br\/o-que-o-seu-medico-ou-enfermeiro-pode-fazer\/inibidores-da-eca-enzima-conversora-de-angiotensina\/#primaryimage\",\"url\":\"https:\/\/www.heartfailurematters.org\/wp-content\/uploads\/2022\/03\/shutterstock_441673426-1-min.jpg\",\"contentUrl\":\"https:\/\/www.heartfailurematters.org\/wp-content\/uploads\/2022\/03\/shutterstock_441673426-1-min.jpg\",\"width\":900,\"height\":596},{\"@type\":\"BreadcrumbList\",\"@id\":\"https:\/\/www.heartfailurematters.org\/pt-br\/o-que-o-seu-medico-ou-enfermeiro-pode-fazer\/inibidores-da-eca-enzima-conversora-de-angiotensina\/#breadcrumb\",\"itemListElement\":[{\"@type\":\"ListItem\",\"position\":1,\"name\":\"P\u00e1gina inicial\",\"item\":\"https:\/\/www.heartfailurematters.org\/pt-br\/\"},{\"@type\":\"ListItem\",\"position\":2,\"name\":\"O que o seu m\u00e9dico pode fazer\",\"item\":\"https:\/\/www.heartfailurematters.org\/pt-br\/o-que-o-seu-medico-ou-enfermeiro-pode-fazer\/\"},{\"@type\":\"ListItem\",\"position\":3,\"name\":\"Inibidores da ECA (enzima conversora de angiotensina)\"}]},{\"@type\":\"WebSite\",\"@id\":\"https:\/\/www.heartfailurematters.org\/pt-br\/#website\",\"url\":\"https:\/\/www.heartfailurematters.org\/pt-br\/\",\"name\":\"Heart Failure Matters\",\"description\":\"Practical information for patients, families and caregivers.\",\"publisher\":{\"@id\":\"https:\/\/www.heartfailurematters.org\/pt-br\/#organization\"},\"potentialAction\":[{\"@type\":\"SearchAction\",\"target\":{\"@type\":\"EntryPoint\",\"urlTemplate\":\"https:\/\/www.heartfailurematters.org\/pt-br\/?s={search_term_string}\"},\"query-input\":{\"@type\":\"PropertyValueSpecification\",\"valueRequired\":true,\"valueName\":\"search_term_string\"}}],\"inLanguage\":\"pt-BR\"},{\"@type\":\"Organization\",\"@id\":\"https:\/\/www.heartfailurematters.org\/pt-br\/#organization\",\"name\":\"Heart Failure Matters\",\"url\":\"https:\/\/www.heartfailurematters.org\/pt-br\/\",\"logo\":{\"@type\":\"ImageObject\",\"inLanguage\":\"pt-BR\",\"@id\":\"https:\/\/www.heartfailurematters.org\/pt-br\/#\/schema\/logo\/image\/\",\"url\":\"https:\/\/cdn-endpoint-hfm.azureedge.net\/heartfailurematters\/2024\/07\/hfm-logo1.jpg\",\"contentUrl\":\"https:\/\/cdn-endpoint-hfm.azureedge.net\/heartfailurematters\/2024\/07\/hfm-logo1.jpg\",\"width\":1280,\"height\":720,\"caption\":\"Heart Failure Matters\"},\"image\":{\"@id\":\"https:\/\/www.heartfailurematters.org\/pt-br\/#\/schema\/logo\/image\/\"},\"sameAs\":[\"https:\/\/www.facebook.com\/heartfailurematters\"]}]}<\/script>\n<!-- \/ Yoast SEO plugin. -->","yoast_head_json":{"title":"Inibidores da ECA (enzima conversora de angiotensina)","description":"Ao bloquear o efeito da Angiotensina II, os inibidores da ECA relaxam os vasos sangu\u00edneos - diminuindo a tens\u00e3o arterial - mas podem ocorrer efeitos secund\u00e1rios","robots":{"index":"index","follow":"follow","max-snippet":"max-snippet:-1","max-image-preview":"max-image-preview:large","max-video-preview":"max-video-preview:-1"},"canonical":"https:\/\/www.heartfailurematters.org\/pt-br\/o-que-o-seu-medico-ou-enfermeiro-pode-fazer\/inibidores-da-eca-enzima-conversora-de-angiotensina\/","og_locale":"pt_BR","og_type":"article","og_title":"Inibidores da ECA (enzima conversora de angiotensina)","og_description":"Ao bloquear o efeito da Angiotensina II, os inibidores da ECA relaxam os vasos sangu\u00edneos - diminuindo a tens\u00e3o arterial - mas podem ocorrer efeitos secund\u00e1rios","og_url":"https:\/\/www.heartfailurematters.org\/pt-br\/o-que-o-seu-medico-ou-enfermeiro-pode-fazer\/inibidores-da-eca-enzima-conversora-de-angiotensina\/","og_site_name":"Heart Failure Matters","article_publisher":"https:\/\/www.facebook.com\/heartfailurematters","og_image":[{"width":900,"height":596,"url":"https:\/\/www.heartfailurematters.org\/wp-content\/uploads\/2022\/03\/shutterstock_441673426-1-min.jpg","type":"image\/jpeg"}],"twitter_card":"summary_large_image","twitter_misc":{"Est. tempo de leitura":"2 minutos"},"schema":{"@context":"https:\/\/schema.org","@graph":[{"@type":"WebPage","@id":"https:\/\/www.heartfailurematters.org\/pt-br\/o-que-o-seu-medico-ou-enfermeiro-pode-fazer\/inibidores-da-eca-enzima-conversora-de-angiotensina\/","url":"https:\/\/www.heartfailurematters.org\/pt-br\/o-que-o-seu-medico-ou-enfermeiro-pode-fazer\/inibidores-da-eca-enzima-conversora-de-angiotensina\/","name":"Inibidores da ECA (enzima conversora de angiotensina)","isPartOf":{"@id":"https:\/\/www.heartfailurematters.org\/pt-br\/#website"},"primaryImageOfPage":{"@id":"https:\/\/www.heartfailurematters.org\/pt-br\/o-que-o-seu-medico-ou-enfermeiro-pode-fazer\/inibidores-da-eca-enzima-conversora-de-angiotensina\/#primaryimage"},"image":{"@id":"https:\/\/www.heartfailurematters.org\/pt-br\/o-que-o-seu-medico-ou-enfermeiro-pode-fazer\/inibidores-da-eca-enzima-conversora-de-angiotensina\/#primaryimage"},"thumbnailUrl":"https:\/\/www.heartfailurematters.org\/wp-content\/uploads\/2022\/03\/shutterstock_441673426-1-min.jpg","datePublished":"2021-01-27T22:05:34+00:00","description":"Ao bloquear o efeito da Angiotensina II, os inibidores da ECA relaxam os vasos sangu\u00edneos - diminuindo a tens\u00e3o arterial - mas podem ocorrer efeitos secund\u00e1rios","breadcrumb":{"@id":"https:\/\/www.heartfailurematters.org\/pt-br\/o-que-o-seu-medico-ou-enfermeiro-pode-fazer\/inibidores-da-eca-enzima-conversora-de-angiotensina\/#breadcrumb"},"inLanguage":"pt-BR","potentialAction":[{"@type":"ReadAction","target":["https:\/\/www.heartfailurematters.org\/pt-br\/o-que-o-seu-medico-ou-enfermeiro-pode-fazer\/inibidores-da-eca-enzima-conversora-de-angiotensina\/"]}]},{"@type":"ImageObject","inLanguage":"pt-BR","@id":"https:\/\/www.heartfailurematters.org\/pt-br\/o-que-o-seu-medico-ou-enfermeiro-pode-fazer\/inibidores-da-eca-enzima-conversora-de-angiotensina\/#primaryimage","url":"https:\/\/www.heartfailurematters.org\/wp-content\/uploads\/2022\/03\/shutterstock_441673426-1-min.jpg","contentUrl":"https:\/\/www.heartfailurematters.org\/wp-content\/uploads\/2022\/03\/shutterstock_441673426-1-min.jpg","width":900,"height":596},{"@type":"BreadcrumbList","@id":"https:\/\/www.heartfailurematters.org\/pt-br\/o-que-o-seu-medico-ou-enfermeiro-pode-fazer\/inibidores-da-eca-enzima-conversora-de-angiotensina\/#breadcrumb","itemListElement":[{"@type":"ListItem","position":1,"name":"P\u00e1gina inicial","item":"https:\/\/www.heartfailurematters.org\/pt-br\/"},{"@type":"ListItem","position":2,"name":"O que o seu m\u00e9dico pode fazer","item":"https:\/\/www.heartfailurematters.org\/pt-br\/o-que-o-seu-medico-ou-enfermeiro-pode-fazer\/"},{"@type":"ListItem","position":3,"name":"Inibidores da ECA (enzima conversora de angiotensina)"}]},{"@type":"WebSite","@id":"https:\/\/www.heartfailurematters.org\/pt-br\/#website","url":"https:\/\/www.heartfailurematters.org\/pt-br\/","name":"Heart Failure Matters","description":"Practical information for patients, families and caregivers.","publisher":{"@id":"https:\/\/www.heartfailurematters.org\/pt-br\/#organization"},"potentialAction":[{"@type":"SearchAction","target":{"@type":"EntryPoint","urlTemplate":"https:\/\/www.heartfailurematters.org\/pt-br\/?s={search_term_string}"},"query-input":{"@type":"PropertyValueSpecification","valueRequired":true,"valueName":"search_term_string"}}],"inLanguage":"pt-BR"},{"@type":"Organization","@id":"https:\/\/www.heartfailurematters.org\/pt-br\/#organization","name":"Heart Failure Matters","url":"https:\/\/www.heartfailurematters.org\/pt-br\/","logo":{"@type":"ImageObject","inLanguage":"pt-BR","@id":"https:\/\/www.heartfailurematters.org\/pt-br\/#\/schema\/logo\/image\/","url":"https:\/\/cdn-endpoint-hfm.azureedge.net\/heartfailurematters\/2024\/07\/hfm-logo1.jpg","contentUrl":"https:\/\/cdn-endpoint-hfm.azureedge.net\/heartfailurematters\/2024\/07\/hfm-logo1.jpg","width":1280,"height":720,"caption":"Heart Failure Matters"},"image":{"@id":"https:\/\/www.heartfailurematters.org\/pt-br\/#\/schema\/logo\/image\/"},"sameAs":["https:\/\/www.facebook.com\/heartfailurematters"]}]}},"_links":{"self":[{"href":"https:\/\/www.heartfailurematters.org\/pt-br\/wp-json\/wp\/v2\/pages\/12668","targetHints":{"allow":["GET"]}}],"collection":[{"href":"https:\/\/www.heartfailurematters.org\/pt-br\/wp-json\/wp\/v2\/pages"}],"about":[{"href":"https:\/\/www.heartfailurematters.org\/pt-br\/wp-json\/wp\/v2\/types\/page"}],"author":[{"embeddable":true,"href":"https:\/\/www.heartfailurematters.org\/pt-br\/wp-json\/wp\/v2\/users\/1"}],"replies":[{"embeddable":true,"href":"https:\/\/www.heartfailurematters.org\/pt-br\/wp-json\/wp\/v2\/comments?post=12668"}],"version-history":[{"count":0,"href":"https:\/\/www.heartfailurematters.org\/pt-br\/wp-json\/wp\/v2\/pages\/12668\/revisions"}],"up":[{"embeddable":true,"href":"https:\/\/www.heartfailurematters.org\/pt-br\/wp-json\/wp\/v2\/pages\/13171"}],"wp:featuredmedia":[{"embeddable":true,"href":"https:\/\/www.heartfailurematters.org\/pt-br\/wp-json\/wp\/v2\/media\/12512"}],"wp:attachment":[{"href":"https:\/\/www.heartfailurematters.org\/pt-br\/wp-json\/wp\/v2\/media?parent=12668"}],"wp:term":[{"taxonomy":"category","embeddable":true,"href":"https:\/\/www.heartfailurematters.org\/pt-br\/wp-json\/wp\/v2\/categories?post=12668"},{"taxonomy":"post_tag","embeddable":true,"href":"https:\/\/www.heartfailurematters.org\/pt-br\/wp-json\/wp\/v2\/tags?post=12668"}],"curies":[{"name":"wp","href":"https:\/\/api.w.org\/{rel}","templated":true}]}}