{"id":12665,"date":"2021-01-27T22:05:40","date_gmt":"2021-01-27T22:05:40","guid":{"rendered":"https:\/\/www.heartfailurematters.org\/necessidade-de-urinar-durante-a-noite\/"},"modified":"2021-01-27T22:05:40","modified_gmt":"2021-01-27T22:05:40","slug":"necessidade-de-urinar-durante-a-noite","status":"publish","type":"page","link":"https:\/\/www.heartfailurematters.org\/pt-br\/o-que-e-a-insuficiencia-cardiaca\/necessidade-de-urinar-durante-a-noite\/","title":{"rendered":"Necessidade de urinar durante a noite"},"content":{"rendered":"<p><img decoding=\"async\" class=\"alignleft size-full wp-image-6857\" src=\"https:\/\/www.heartfailurematters.org\/wp-content\/uploads\/2021\/02\/need-to-urinate-at-night.jpg\" alt=\"\" width=\"211\" height=\"206\" \/><\/p>\n<p>Ao deitar-se \u00e0 noite, os l\u00edquidos, que se acumularam nas pernas durante o dia, podem voltar \u00e0 corrente sangu\u00ednea, sendo levados para os rins para serem eliminados como res\u00edduos pela urina.<\/p>\n<p>Se urinar antes de se deitar e se reduzir o consumo de l\u00edquidos ao fim do dia, poder\u00e1 contribuir para reduzir o n\u00famero de vezes que tem de se levantar durante a noite para urinar.<\/p>\n<p><a title=\"Click here\" href=\"https:\/\/www.heartfailurematters.org\/pt-pt\/o-que-pode-fazer\/ajustar-a-alimentacao-liquidos\/\">Clique aqui<\/a>\u00a0para mais informa\u00e7\u00f5es sobre como controlar o consumo de l\u00edquidos.<\/p>\n<p>Tomar o <a class=\"addtooltip\" title=\"Uma classe de medicamentos que atua nos rins para produzir mais urina, reduzindo a reten\u00e7\u00e3o de l\u00edquidos e a congest\u00e3o.\"><strong>um diur\u00e9tico<\/strong><\/a> de manh\u00e3 tamb\u00e9m poder\u00e1 ajudar.<\/p>\n<p><a title=\"Return to Symptoms\" href=\"https:\/\/www.heartfailurematters.org\/pt-pt\/o-que-e-a-insuficiencia-cardiaca\/sintomas-da-insuficiencia-cardiaca\/\">Voltar \u00e0 sec\u00e7\u00e3o Sintomas<\/a><\/p>\n","protected":false},"excerpt":{"rendered":"<p>Ao deitar-se \u00e0 noite, os l\u00edquidos, que se acumularam nas pernas durante o dia, podem voltar \u00e0 corrente sangu\u00ednea, sendo levados para os rins para serem eliminados como res\u00edduos pela urina. Se urinar antes de se deitar e se reduzir o consumo de l\u00edquidos ao fim do dia, poder\u00e1 contribuir para reduzir o n\u00famero de [&hellip;]<\/p>\n","protected":false},"author":1,"featured_media":0,"parent":13168,"menu_order":0,"comment_status":"open","ping_status":"open","template":"","meta":{"_acf_changed":false,"footnotes":""},"categories":[],"tags":[],"class_list":["post-12665","page","type-page","status-publish","hentry"],"acf":[],"yoast_head":"<!-- This site is optimized with the Yoast SEO plugin v24.8.1 - https:\/\/yoast.com\/wordpress\/plugins\/seo\/ -->\n<title>Necessidade de urinar durante a noite<\/title>\n<meta name=\"description\" content=\"Se sofrer de insufici\u00eancia card\u00edaca, sentir\u00e1 por vezes a necessidade de urinar \u00e0 noite. Estes dois passos f\u00e1ceis podem ajud\u00e1-lo a dormir melhor.\" \/>\n<meta name=\"robots\" content=\"index, follow, max-snippet:-1, max-image-preview:large, max-video-preview:-1\" \/>\n<link rel=\"canonical\" href=\"https:\/\/www.heartfailurematters.org\/pt-br\/o-que-e-a-insuficiencia-cardiaca\/necessidade-de-urinar-durante-a-noite\/\" \/>\n<meta property=\"og:locale\" content=\"pt_BR\" \/>\n<meta property=\"og:type\" content=\"article\" \/>\n<meta property=\"og:title\" content=\"Necessidade de urinar durante a noite\" \/>\n<meta property=\"og:description\" content=\"Se sofrer de insufici\u00eancia card\u00edaca, sentir\u00e1 por vezes a necessidade de urinar \u00e0 noite. Estes dois passos f\u00e1ceis podem ajud\u00e1-lo a dormir melhor.\" \/>\n<meta property=\"og:url\" content=\"https:\/\/www.heartfailurematters.org\/pt-br\/o-que-e-a-insuficiencia-cardiaca\/necessidade-de-urinar-durante-a-noite\/\" \/>\n<meta property=\"og:site_name\" content=\"Heart Failure Matters\" \/>\n<meta property=\"article:publisher\" content=\"https:\/\/www.facebook.com\/heartfailurematters\" \/>\n<meta property=\"og:image\" content=\"https:\/\/www.heartfailurematters.org\/wp-content\/uploads\/2021\/02\/need-to-urinate-at-night.jpg\" \/>\n<meta name=\"twitter:card\" content=\"summary_large_image\" \/>\n<script type=\"application\/ld+json\" class=\"yoast-schema-graph\">{\"@context\":\"https:\/\/schema.org\",\"@graph\":[{\"@type\":\"WebPage\",\"@id\":\"https:\/\/www.heartfailurematters.org\/pt-br\/o-que-e-a-insuficiencia-cardiaca\/necessidade-de-urinar-durante-a-noite\/\",\"url\":\"https:\/\/www.heartfailurematters.org\/pt-br\/o-que-e-a-insuficiencia-cardiaca\/necessidade-de-urinar-durante-a-noite\/\",\"name\":\"Necessidade de urinar durante a noite\",\"isPartOf\":{\"@id\":\"https:\/\/www.heartfailurematters.org\/pt-br\/#website\"},\"primaryImageOfPage\":{\"@id\":\"https:\/\/www.heartfailurematters.org\/pt-br\/o-que-e-a-insuficiencia-cardiaca\/necessidade-de-urinar-durante-a-noite\/#primaryimage\"},\"image\":{\"@id\":\"https:\/\/www.heartfailurematters.org\/pt-br\/o-que-e-a-insuficiencia-cardiaca\/necessidade-de-urinar-durante-a-noite\/#primaryimage\"},\"thumbnailUrl\":\"https:\/\/www.heartfailurematters.org\/wp-content\/uploads\/2021\/02\/need-to-urinate-at-night.jpg\",\"datePublished\":\"2021-01-27T22:05:40+00:00\",\"description\":\"Se sofrer de insufici\u00eancia card\u00edaca, sentir\u00e1 por vezes a necessidade de urinar \u00e0 noite. Estes dois passos f\u00e1ceis podem ajud\u00e1-lo a dormir melhor.\",\"breadcrumb\":{\"@id\":\"https:\/\/www.heartfailurematters.org\/pt-br\/o-que-e-a-insuficiencia-cardiaca\/necessidade-de-urinar-durante-a-noite\/#breadcrumb\"},\"inLanguage\":\"pt-BR\",\"potentialAction\":[{\"@type\":\"ReadAction\",\"target\":[\"https:\/\/www.heartfailurematters.org\/pt-br\/o-que-e-a-insuficiencia-cardiaca\/necessidade-de-urinar-durante-a-noite\/\"]}]},{\"@type\":\"ImageObject\",\"inLanguage\":\"pt-BR\",\"@id\":\"https:\/\/www.heartfailurematters.org\/pt-br\/o-que-e-a-insuficiencia-cardiaca\/necessidade-de-urinar-durante-a-noite\/#primaryimage\",\"url\":\"https:\/\/www.heartfailurematters.org\/wp-content\/uploads\/2021\/02\/need-to-urinate-at-night.jpg\",\"contentUrl\":\"https:\/\/www.heartfailurematters.org\/wp-content\/uploads\/2021\/02\/need-to-urinate-at-night.jpg\"},{\"@type\":\"BreadcrumbList\",\"@id\":\"https:\/\/www.heartfailurematters.org\/pt-br\/o-que-e-a-insuficiencia-cardiaca\/necessidade-de-urinar-durante-a-noite\/#breadcrumb\",\"itemListElement\":[{\"@type\":\"ListItem\",\"position\":1,\"name\":\"P\u00e1gina inicial\",\"item\":\"https:\/\/www.heartfailurematters.org\/pt-br\/\"},{\"@type\":\"ListItem\",\"position\":2,\"name\":\"Compreender a insufici\u00eancia card\u00edaca\",\"item\":\"https:\/\/www.heartfailurematters.org\/pt-br\/o-que-e-a-insuficiencia-cardiaca\/\"},{\"@type\":\"ListItem\",\"position\":3,\"name\":\"Necessidade de urinar durante a noite\"}]},{\"@type\":\"WebSite\",\"@id\":\"https:\/\/www.heartfailurematters.org\/pt-br\/#website\",\"url\":\"https:\/\/www.heartfailurematters.org\/pt-br\/\",\"name\":\"Heart Failure Matters\",\"description\":\"Practical information for patients, families and caregivers.\",\"publisher\":{\"@id\":\"https:\/\/www.heartfailurematters.org\/pt-br\/#organization\"},\"potentialAction\":[{\"@type\":\"SearchAction\",\"target\":{\"@type\":\"EntryPoint\",\"urlTemplate\":\"https:\/\/www.heartfailurematters.org\/pt-br\/?s={search_term_string}\"},\"query-input\":{\"@type\":\"PropertyValueSpecification\",\"valueRequired\":true,\"valueName\":\"search_term_string\"}}],\"inLanguage\":\"pt-BR\"},{\"@type\":\"Organization\",\"@id\":\"https:\/\/www.heartfailurematters.org\/pt-br\/#organization\",\"name\":\"Heart Failure Matters\",\"url\":\"https:\/\/www.heartfailurematters.org\/pt-br\/\",\"logo\":{\"@type\":\"ImageObject\",\"inLanguage\":\"pt-BR\",\"@id\":\"https:\/\/www.heartfailurematters.org\/pt-br\/#\/schema\/logo\/image\/\",\"url\":\"https:\/\/cdn-endpoint-hfm.azureedge.net\/heartfailurematters\/2024\/07\/hfm-logo1.jpg\",\"contentUrl\":\"https:\/\/cdn-endpoint-hfm.azureedge.net\/heartfailurematters\/2024\/07\/hfm-logo1.jpg\",\"width\":1280,\"height\":720,\"caption\":\"Heart Failure Matters\"},\"image\":{\"@id\":\"https:\/\/www.heartfailurematters.org\/pt-br\/#\/schema\/logo\/image\/\"},\"sameAs\":[\"https:\/\/www.facebook.com\/heartfailurematters\"]}]}<\/script>\n<!-- \/ Yoast SEO plugin. -->","yoast_head_json":{"title":"Necessidade de urinar durante a noite","description":"Se sofrer de insufici\u00eancia card\u00edaca, sentir\u00e1 por vezes a necessidade de urinar \u00e0 noite. Estes dois passos f\u00e1ceis podem ajud\u00e1-lo a dormir melhor.","robots":{"index":"index","follow":"follow","max-snippet":"max-snippet:-1","max-image-preview":"max-image-preview:large","max-video-preview":"max-video-preview:-1"},"canonical":"https:\/\/www.heartfailurematters.org\/pt-br\/o-que-e-a-insuficiencia-cardiaca\/necessidade-de-urinar-durante-a-noite\/","og_locale":"pt_BR","og_type":"article","og_title":"Necessidade de urinar durante a noite","og_description":"Se sofrer de insufici\u00eancia card\u00edaca, sentir\u00e1 por vezes a necessidade de urinar \u00e0 noite. Estes dois passos f\u00e1ceis podem ajud\u00e1-lo a dormir melhor.","og_url":"https:\/\/www.heartfailurematters.org\/pt-br\/o-que-e-a-insuficiencia-cardiaca\/necessidade-de-urinar-durante-a-noite\/","og_site_name":"Heart Failure Matters","article_publisher":"https:\/\/www.facebook.com\/heartfailurematters","og_image":[{"url":"https:\/\/www.heartfailurematters.org\/wp-content\/uploads\/2021\/02\/need-to-urinate-at-night.jpg","type":"","width":"","height":""}],"twitter_card":"summary_large_image","schema":{"@context":"https:\/\/schema.org","@graph":[{"@type":"WebPage","@id":"https:\/\/www.heartfailurematters.org\/pt-br\/o-que-e-a-insuficiencia-cardiaca\/necessidade-de-urinar-durante-a-noite\/","url":"https:\/\/www.heartfailurematters.org\/pt-br\/o-que-e-a-insuficiencia-cardiaca\/necessidade-de-urinar-durante-a-noite\/","name":"Necessidade de urinar durante a noite","isPartOf":{"@id":"https:\/\/www.heartfailurematters.org\/pt-br\/#website"},"primaryImageOfPage":{"@id":"https:\/\/www.heartfailurematters.org\/pt-br\/o-que-e-a-insuficiencia-cardiaca\/necessidade-de-urinar-durante-a-noite\/#primaryimage"},"image":{"@id":"https:\/\/www.heartfailurematters.org\/pt-br\/o-que-e-a-insuficiencia-cardiaca\/necessidade-de-urinar-durante-a-noite\/#primaryimage"},"thumbnailUrl":"https:\/\/www.heartfailurematters.org\/wp-content\/uploads\/2021\/02\/need-to-urinate-at-night.jpg","datePublished":"2021-01-27T22:05:40+00:00","description":"Se sofrer de insufici\u00eancia card\u00edaca, sentir\u00e1 por vezes a necessidade de urinar \u00e0 noite. Estes dois passos f\u00e1ceis podem ajud\u00e1-lo a dormir melhor.","breadcrumb":{"@id":"https:\/\/www.heartfailurematters.org\/pt-br\/o-que-e-a-insuficiencia-cardiaca\/necessidade-de-urinar-durante-a-noite\/#breadcrumb"},"inLanguage":"pt-BR","potentialAction":[{"@type":"ReadAction","target":["https:\/\/www.heartfailurematters.org\/pt-br\/o-que-e-a-insuficiencia-cardiaca\/necessidade-de-urinar-durante-a-noite\/"]}]},{"@type":"ImageObject","inLanguage":"pt-BR","@id":"https:\/\/www.heartfailurematters.org\/pt-br\/o-que-e-a-insuficiencia-cardiaca\/necessidade-de-urinar-durante-a-noite\/#primaryimage","url":"https:\/\/www.heartfailurematters.org\/wp-content\/uploads\/2021\/02\/need-to-urinate-at-night.jpg","contentUrl":"https:\/\/www.heartfailurematters.org\/wp-content\/uploads\/2021\/02\/need-to-urinate-at-night.jpg"},{"@type":"BreadcrumbList","@id":"https:\/\/www.heartfailurematters.org\/pt-br\/o-que-e-a-insuficiencia-cardiaca\/necessidade-de-urinar-durante-a-noite\/#breadcrumb","itemListElement":[{"@type":"ListItem","position":1,"name":"P\u00e1gina inicial","item":"https:\/\/www.heartfailurematters.org\/pt-br\/"},{"@type":"ListItem","position":2,"name":"Compreender a insufici\u00eancia card\u00edaca","item":"https:\/\/www.heartfailurematters.org\/pt-br\/o-que-e-a-insuficiencia-cardiaca\/"},{"@type":"ListItem","position":3,"name":"Necessidade de urinar durante a noite"}]},{"@type":"WebSite","@id":"https:\/\/www.heartfailurematters.org\/pt-br\/#website","url":"https:\/\/www.heartfailurematters.org\/pt-br\/","name":"Heart Failure Matters","description":"Practical information for patients, families and caregivers.","publisher":{"@id":"https:\/\/www.heartfailurematters.org\/pt-br\/#organization"},"potentialAction":[{"@type":"SearchAction","target":{"@type":"EntryPoint","urlTemplate":"https:\/\/www.heartfailurematters.org\/pt-br\/?s={search_term_string}"},"query-input":{"@type":"PropertyValueSpecification","valueRequired":true,"valueName":"search_term_string"}}],"inLanguage":"pt-BR"},{"@type":"Organization","@id":"https:\/\/www.heartfailurematters.org\/pt-br\/#organization","name":"Heart Failure Matters","url":"https:\/\/www.heartfailurematters.org\/pt-br\/","logo":{"@type":"ImageObject","inLanguage":"pt-BR","@id":"https:\/\/www.heartfailurematters.org\/pt-br\/#\/schema\/logo\/image\/","url":"https:\/\/cdn-endpoint-hfm.azureedge.net\/heartfailurematters\/2024\/07\/hfm-logo1.jpg","contentUrl":"https:\/\/cdn-endpoint-hfm.azureedge.net\/heartfailurematters\/2024\/07\/hfm-logo1.jpg","width":1280,"height":720,"caption":"Heart Failure Matters"},"image":{"@id":"https:\/\/www.heartfailurematters.org\/pt-br\/#\/schema\/logo\/image\/"},"sameAs":["https:\/\/www.facebook.com\/heartfailurematters"]}]}},"_links":{"self":[{"href":"https:\/\/www.heartfailurematters.org\/pt-br\/wp-json\/wp\/v2\/pages\/12665","targetHints":{"allow":["GET"]}}],"collection":[{"href":"https:\/\/www.heartfailurematters.org\/pt-br\/wp-json\/wp\/v2\/pages"}],"about":[{"href":"https:\/\/www.heartfailurematters.org\/pt-br\/wp-json\/wp\/v2\/types\/page"}],"author":[{"embeddable":true,"href":"https:\/\/www.heartfailurematters.org\/pt-br\/wp-json\/wp\/v2\/users\/1"}],"replies":[{"embeddable":true,"href":"https:\/\/www.heartfailurematters.org\/pt-br\/wp-json\/wp\/v2\/comments?post=12665"}],"version-history":[{"count":0,"href":"https:\/\/www.heartfailurematters.org\/pt-br\/wp-json\/wp\/v2\/pages\/12665\/revisions"}],"up":[{"embeddable":true,"href":"https:\/\/www.heartfailurematters.org\/pt-br\/wp-json\/wp\/v2\/pages\/13168"}],"wp:attachment":[{"href":"https:\/\/www.heartfailurematters.org\/pt-br\/wp-json\/wp\/v2\/media?parent=12665"}],"wp:term":[{"taxonomy":"category","embeddable":true,"href":"https:\/\/www.heartfailurematters.org\/pt-br\/wp-json\/wp\/v2\/categories?post=12665"},{"taxonomy":"post_tag","embeddable":true,"href":"https:\/\/www.heartfailurematters.org\/pt-br\/wp-json\/wp\/v2\/tags?post=12665"}],"curies":[{"name":"wp","href":"https:\/\/api.w.org\/{rel}","templated":true}]}}