{"id":12663,"date":"2021-01-27T22:05:40","date_gmt":"2021-01-27T22:05:40","guid":{"rendered":"https:\/\/www.heartfailurematters.org\/o-que-o-seu-medico-ou-enfermeiro-pode-fazer\/antagonistas-dos-recetores-da-aldosterona-ou-antagonista-recetor-de-mineralocorticoide-mras\/"},"modified":"2021-01-27T22:05:40","modified_gmt":"2021-01-27T22:05:40","slug":"antagonistas-dos-recetores-da-aldosterona-ou-antagonista-recetor-de-mineralocorticoide-mras","status":"publish","type":"page","link":"https:\/\/www.heartfailurematters.org\/pt-br\/o-que-o-seu-medico-ou-enfermeiro-pode-fazer\/antagonistas-dos-recetores-da-aldosterona-ou-antagonista-recetor-de-mineralocorticoide-mras\/","title":{"rendered":"Antagonistas dos recetores da aldosterona ou antagonista recetor de mineralocorticoide (MRAs)"},"content":{"rendered":"<h2>O que fazem?<\/h2>\n<p><a title=\"&lt;div id='ToolTipTextWrap'&gt;antagonistas dos recetores da aldosterona&lt;\/div&gt;&lt;p&gt;Uma classe de medicamentos utilizada para baixar a press&atilde;o arterial, reduzir a congest&atilde;o e proteger o cora&ccedil;&atilde;o.&lt;\/p&gt;\" class=\"addtooltip\"><strong>Os antagonistas dos recetores da aldosterona<\/strong><\/a>, tamb&eacute;m designados por MRAs, bloqueiam os efeitos das&nbsp;<a title=\"&lt;div id='ToolTipTextWrap'&gt;hormonas&lt;\/div&gt;&lt;p&gt; Subst&acirc;ncias, libertadas no sangue por v&aacute;rias gl&acirc;ndulas do organismo, que regulam fun&ccedil;&otilde;es essenciais.&lt;\/p&gt;\" class=\"addtooltip\"><strong>hormona<\/strong><\/a> produzida naturalmente pelas <a title=\"&lt;div id='ToolTipTextWrap'&gt;gl&acirc;ndulas suprarrenais&lt;\/div&gt;&lt;p&gt;Gl&acirc;ndulas situadas acima dos rins, que segregam hormonas que ajudam a controlar a frequ&ecirc;ncia card&iacute;aca, a press&atilde;o arterial, a fun&ccedil;&atilde;o renal, a forma como o organismo processa os alimentos e outras fun&ccedil;&otilde;es vitais.&lt;\/p&gt;\" class=\"addtooltip\"><strong>gl&acirc;ndulas suprarrenais<\/strong><\/a>, o que pode agravar a insufici&ecirc;ncia card&iacute;aca. Os antagonistas dos recetores da aldosterona afetam o equil&iacute;brio entre a &aacute;gua e os minerais expelidos pela urina e s&atilde;o <a title=\"&lt;div id='ToolTipTextWrap'&gt;diur&eacute;ticos&lt;\/div&gt;&lt;p&gt;Uma classe de medicamentos que atua nos rins para produzir mais urina, reduzindo a reten&ccedil;&atilde;o de l&iacute;quidos e a congest&atilde;o.&lt;\/p&gt;\" class=\"addtooltip\"><strong>diur&eacute;ticos<\/strong><\/a> Ajudam a reduzir a press&atilde;o arterial, a <a title=\"&lt;div id='ToolTipTextWrap'&gt;congest&atilde;o&lt;\/div&gt;&lt;p&gt; Excesso de l&iacute;quido numa parte do corpo.&lt;\/p&gt;\" class=\"addtooltip\"><strong>congest&atilde;o<\/strong><\/a>&nbsp;e por conseguinte, protegem o coracao.<\/p>\n<p>Os antagonistas dos recetores da aldosterona demonstraram ser especialmente eficazes na insufici&ecirc;ncia card&iacute;aca avan&ccedil;ada e s&atilde;o geralmente tomados em conjunto com outros medicamentos para a insufici&ecirc;ncia card&iacute;aca.<\/p>\n<h2>Quais s&atilde;o os benef&iacute;cios esperados?<\/h2>\n<p>Os antagonistas dos recetores da aldosterona ou MRAs demonstraram reduzir as hospitaliza&ccedil;&otilde;es relacionadas com a insufici&ecirc;ncia card&iacute;aca, prolongar a vida e melhorar a toler&acirc;ncia da atividade f&iacute;sica e a qualidade da vida.<\/p>\n<h2>Efeitos secund&aacute;rios<\/h2>\n<p>Os antagonistas dos recetores da aldosterona podem por vezes afetar a fun&ccedil;&atilde;o renal e aumentar tamb&eacute;m os n&iacute;veis de <a title=\"&lt;div id='ToolTipTextWrap'&gt;pot&aacute;ssio&lt;\/div&gt;&lt;p&gt;Um mineral essencial necess&aacute;rio ao organismo para o funcionamento celular normal. Os diur&eacute;ticos poder&atilde;o causar perda de pot&aacute;ssio.&lt;\/p&gt;\" class=\"addtooltip\"><strong>pot&aacute;ssio<\/strong><\/a>. Isto &eacute; especialmente importante para os doentes que tamb&eacute;m tomam <a title=\"&lt;div id='ToolTipTextWrap'&gt;inibidores da enzima de convers&atilde;o da angiotensina (ECA)&lt;\/div&gt;&lt;p&gt; Uma classe de medicamentos que inibe a produ&ccedil;&atilde;o de angiotensina II e baixam a press&atilde;o arterial.&lt;\/p&gt;\" class=\"addtooltip\"><strong>inibidores da ECA<\/strong><\/a> ou <a title=\"&lt;div id='ToolTipTextWrap'&gt;antagonista dos recetores da angiotensina&nbsp;(ARA)&lt;\/div&gt;&lt;p&gt; Uma classe de medicamentos que bloqueia as a&ccedil;&otilde;es da angiotensina II e baixa a press&atilde;o arterial.&lt;\/p&gt;\" class=\"addtooltip\"><strong>BRA<\/strong><\/a>. O seu m&eacute;dico monitorizar&aacute; a fun&ccedil;&atilde;o renal e os n&iacute;veis de pot&aacute;ssio atrav&eacute;s de an&aacute;lises regulares ao sangue.<\/p>\n<p>Em alguns casos raros, os antagonistas dos recetores da aldosterona podem causar aumento do tamanho ou da sensibilidade ao toque mam&aacute;rias, especialmente nos homens. Os novos medicamentos n&atilde;o t&ecirc;m este efeito.<\/p>\n<h2>Tamb&eacute;m conhecido por:<\/h2>\n<ul>\n<li><strong>Espironolactona<br \/> <\/strong>(Aldactone&reg;)<\/li>\n<li><strong>Eplerenona<br \/> <\/strong>(Inspra&reg;)<\/li>\n<li><strong>Produtos combinados<br \/> <\/strong>(Aldactazine&reg;, Ondolen Forte&reg;)<\/li>\n<\/ul>\n<p><a href=\"https:\/\/www.heartfailurematters.org\/pt-pt\/o-que-o-seu-medico-ou-enfermeiro-pode-fazer\/medicamentos-para-a-insuficiencia-cardiaca\/\">Voltar &agrave; sec&ccedil;&atilde;o Medicamentos para a insufici&ecirc;ncia card&iacute;aca<\/a><\/p>\n<p>&nbsp;<\/p>\n<h2>&nbsp;<\/h2>\n","protected":false},"excerpt":{"rendered":"<p>O que fazem? Os antagonistas dos recetores da aldosterona, tamb&eacute;m designados por MRAs, bloqueiam os efeitos das&nbsp;hormona produzida naturalmente pelas gl&acirc;ndulas suprarrenais, o que pode agravar a insufici&ecirc;ncia card&iacute;aca. Os antagonistas dos recetores da aldosterona afetam o equil&iacute;brio entre a &aacute;gua e os minerais expelidos pela urina e s&atilde;o diur&eacute;ticos Ajudam a reduzir a press&atilde;o [&hellip;]<\/p>\n","protected":false},"author":1,"featured_media":12512,"parent":13171,"menu_order":0,"comment_status":"open","ping_status":"open","template":"","meta":{"_acf_changed":false,"footnotes":""},"categories":[],"tags":[],"class_list":["post-12663","page","type-page","status-publish","has-post-thumbnail","hentry"],"acf":[],"yoast_head":"<!-- This site is optimized with the Yoast SEO plugin v24.8.1 - https:\/\/yoast.com\/wordpress\/plugins\/seo\/ -->\n<title>Antagonistas dos recetores da aldosterona (MRAs)<\/title>\n<meta name=\"description\" content=\"Antagonistas dos Recetores de Aldosterona - Descubra o que s\u00e3o, o que fazem e poss\u00edveis efeitos secund\u00e1rios em portadores de insufici\u00eancia card\u00edaca\" \/>\n<meta name=\"robots\" content=\"index, follow, max-snippet:-1, max-image-preview:large, max-video-preview:-1\" \/>\n<link rel=\"canonical\" href=\"https:\/\/www.heartfailurematters.org\/pt-br\/o-que-o-seu-medico-ou-enfermeiro-pode-fazer\/antagonistas-dos-recetores-da-aldosterona-ou-antagonista-recetor-de-mineralocorticoide-mras\/\" \/>\n<meta property=\"og:locale\" content=\"pt_BR\" \/>\n<meta property=\"og:type\" content=\"article\" \/>\n<meta property=\"og:title\" content=\"Antagonistas dos recetores da aldosterona (MRAs)\" \/>\n<meta property=\"og:description\" content=\"Antagonistas dos Recetores de Aldosterona - Descubra o que s\u00e3o, o que fazem e poss\u00edveis efeitos secund\u00e1rios em portadores de insufici\u00eancia card\u00edaca\" \/>\n<meta property=\"og:url\" content=\"https:\/\/www.heartfailurematters.org\/pt-br\/o-que-o-seu-medico-ou-enfermeiro-pode-fazer\/antagonistas-dos-recetores-da-aldosterona-ou-antagonista-recetor-de-mineralocorticoide-mras\/\" \/>\n<meta property=\"og:site_name\" content=\"Heart Failure Matters\" \/>\n<meta property=\"article:publisher\" content=\"https:\/\/www.facebook.com\/heartfailurematters\" \/>\n<meta property=\"og:image\" content=\"https:\/\/www.heartfailurematters.org\/wp-content\/uploads\/2022\/03\/shutterstock_441673426-1-min.jpg\" \/>\n\t<meta property=\"og:image:width\" content=\"900\" \/>\n\t<meta property=\"og:image:height\" content=\"596\" \/>\n\t<meta property=\"og:image:type\" content=\"image\/jpeg\" \/>\n<meta name=\"twitter:card\" content=\"summary_large_image\" \/>\n<meta name=\"twitter:label1\" content=\"Est. tempo de leitura\" \/>\n\t<meta name=\"twitter:data1\" content=\"2 minutos\" \/>\n<script type=\"application\/ld+json\" class=\"yoast-schema-graph\">{\"@context\":\"https:\/\/schema.org\",\"@graph\":[{\"@type\":\"WebPage\",\"@id\":\"https:\/\/www.heartfailurematters.org\/pt-br\/o-que-o-seu-medico-ou-enfermeiro-pode-fazer\/antagonistas-dos-recetores-da-aldosterona-ou-antagonista-recetor-de-mineralocorticoide-mras\/\",\"url\":\"https:\/\/www.heartfailurematters.org\/pt-br\/o-que-o-seu-medico-ou-enfermeiro-pode-fazer\/antagonistas-dos-recetores-da-aldosterona-ou-antagonista-recetor-de-mineralocorticoide-mras\/\",\"name\":\"Antagonistas dos recetores da aldosterona (MRAs)\",\"isPartOf\":{\"@id\":\"https:\/\/www.heartfailurematters.org\/pt-br\/#website\"},\"primaryImageOfPage\":{\"@id\":\"https:\/\/www.heartfailurematters.org\/pt-br\/o-que-o-seu-medico-ou-enfermeiro-pode-fazer\/antagonistas-dos-recetores-da-aldosterona-ou-antagonista-recetor-de-mineralocorticoide-mras\/#primaryimage\"},\"image\":{\"@id\":\"https:\/\/www.heartfailurematters.org\/pt-br\/o-que-o-seu-medico-ou-enfermeiro-pode-fazer\/antagonistas-dos-recetores-da-aldosterona-ou-antagonista-recetor-de-mineralocorticoide-mras\/#primaryimage\"},\"thumbnailUrl\":\"https:\/\/www.heartfailurematters.org\/wp-content\/uploads\/2022\/03\/shutterstock_441673426-1-min.jpg\",\"datePublished\":\"2021-01-27T22:05:40+00:00\",\"description\":\"Antagonistas dos Recetores de Aldosterona - Descubra o que s\u00e3o, o que fazem e poss\u00edveis efeitos secund\u00e1rios em portadores de insufici\u00eancia card\u00edaca\",\"breadcrumb\":{\"@id\":\"https:\/\/www.heartfailurematters.org\/pt-br\/o-que-o-seu-medico-ou-enfermeiro-pode-fazer\/antagonistas-dos-recetores-da-aldosterona-ou-antagonista-recetor-de-mineralocorticoide-mras\/#breadcrumb\"},\"inLanguage\":\"pt-BR\",\"potentialAction\":[{\"@type\":\"ReadAction\",\"target\":[\"https:\/\/www.heartfailurematters.org\/pt-br\/o-que-o-seu-medico-ou-enfermeiro-pode-fazer\/antagonistas-dos-recetores-da-aldosterona-ou-antagonista-recetor-de-mineralocorticoide-mras\/\"]}]},{\"@type\":\"ImageObject\",\"inLanguage\":\"pt-BR\",\"@id\":\"https:\/\/www.heartfailurematters.org\/pt-br\/o-que-o-seu-medico-ou-enfermeiro-pode-fazer\/antagonistas-dos-recetores-da-aldosterona-ou-antagonista-recetor-de-mineralocorticoide-mras\/#primaryimage\",\"url\":\"https:\/\/www.heartfailurematters.org\/wp-content\/uploads\/2022\/03\/shutterstock_441673426-1-min.jpg\",\"contentUrl\":\"https:\/\/www.heartfailurematters.org\/wp-content\/uploads\/2022\/03\/shutterstock_441673426-1-min.jpg\",\"width\":900,\"height\":596},{\"@type\":\"BreadcrumbList\",\"@id\":\"https:\/\/www.heartfailurematters.org\/pt-br\/o-que-o-seu-medico-ou-enfermeiro-pode-fazer\/antagonistas-dos-recetores-da-aldosterona-ou-antagonista-recetor-de-mineralocorticoide-mras\/#breadcrumb\",\"itemListElement\":[{\"@type\":\"ListItem\",\"position\":1,\"name\":\"P\u00e1gina inicial\",\"item\":\"https:\/\/www.heartfailurematters.org\/pt-br\/\"},{\"@type\":\"ListItem\",\"position\":2,\"name\":\"O que o seu m\u00e9dico pode fazer\",\"item\":\"https:\/\/www.heartfailurematters.org\/pt-br\/o-que-o-seu-medico-ou-enfermeiro-pode-fazer\/\"},{\"@type\":\"ListItem\",\"position\":3,\"name\":\"Antagonistas dos recetores da aldosterona ou antagonista recetor de mineralocorticoide (MRAs)\"}]},{\"@type\":\"WebSite\",\"@id\":\"https:\/\/www.heartfailurematters.org\/pt-br\/#website\",\"url\":\"https:\/\/www.heartfailurematters.org\/pt-br\/\",\"name\":\"Heart Failure Matters\",\"description\":\"Practical information for patients, families and caregivers.\",\"publisher\":{\"@id\":\"https:\/\/www.heartfailurematters.org\/pt-br\/#organization\"},\"potentialAction\":[{\"@type\":\"SearchAction\",\"target\":{\"@type\":\"EntryPoint\",\"urlTemplate\":\"https:\/\/www.heartfailurematters.org\/pt-br\/?s={search_term_string}\"},\"query-input\":{\"@type\":\"PropertyValueSpecification\",\"valueRequired\":true,\"valueName\":\"search_term_string\"}}],\"inLanguage\":\"pt-BR\"},{\"@type\":\"Organization\",\"@id\":\"https:\/\/www.heartfailurematters.org\/pt-br\/#organization\",\"name\":\"Heart Failure Matters\",\"url\":\"https:\/\/www.heartfailurematters.org\/pt-br\/\",\"logo\":{\"@type\":\"ImageObject\",\"inLanguage\":\"pt-BR\",\"@id\":\"https:\/\/www.heartfailurematters.org\/pt-br\/#\/schema\/logo\/image\/\",\"url\":\"https:\/\/cdn-endpoint-hfm.azureedge.net\/heartfailurematters\/2024\/07\/hfm-logo1.jpg\",\"contentUrl\":\"https:\/\/cdn-endpoint-hfm.azureedge.net\/heartfailurematters\/2024\/07\/hfm-logo1.jpg\",\"width\":1280,\"height\":720,\"caption\":\"Heart Failure Matters\"},\"image\":{\"@id\":\"https:\/\/www.heartfailurematters.org\/pt-br\/#\/schema\/logo\/image\/\"},\"sameAs\":[\"https:\/\/www.facebook.com\/heartfailurematters\"]}]}<\/script>\n<!-- \/ Yoast SEO plugin. -->","yoast_head_json":{"title":"Antagonistas dos recetores da aldosterona (MRAs)","description":"Antagonistas dos Recetores de Aldosterona - Descubra o que s\u00e3o, o que fazem e poss\u00edveis efeitos secund\u00e1rios em portadores de insufici\u00eancia card\u00edaca","robots":{"index":"index","follow":"follow","max-snippet":"max-snippet:-1","max-image-preview":"max-image-preview:large","max-video-preview":"max-video-preview:-1"},"canonical":"https:\/\/www.heartfailurematters.org\/pt-br\/o-que-o-seu-medico-ou-enfermeiro-pode-fazer\/antagonistas-dos-recetores-da-aldosterona-ou-antagonista-recetor-de-mineralocorticoide-mras\/","og_locale":"pt_BR","og_type":"article","og_title":"Antagonistas dos recetores da aldosterona (MRAs)","og_description":"Antagonistas dos Recetores de Aldosterona - Descubra o que s\u00e3o, o que fazem e poss\u00edveis efeitos secund\u00e1rios em portadores de insufici\u00eancia card\u00edaca","og_url":"https:\/\/www.heartfailurematters.org\/pt-br\/o-que-o-seu-medico-ou-enfermeiro-pode-fazer\/antagonistas-dos-recetores-da-aldosterona-ou-antagonista-recetor-de-mineralocorticoide-mras\/","og_site_name":"Heart Failure Matters","article_publisher":"https:\/\/www.facebook.com\/heartfailurematters","og_image":[{"width":900,"height":596,"url":"https:\/\/www.heartfailurematters.org\/wp-content\/uploads\/2022\/03\/shutterstock_441673426-1-min.jpg","type":"image\/jpeg"}],"twitter_card":"summary_large_image","twitter_misc":{"Est. tempo de leitura":"2 minutos"},"schema":{"@context":"https:\/\/schema.org","@graph":[{"@type":"WebPage","@id":"https:\/\/www.heartfailurematters.org\/pt-br\/o-que-o-seu-medico-ou-enfermeiro-pode-fazer\/antagonistas-dos-recetores-da-aldosterona-ou-antagonista-recetor-de-mineralocorticoide-mras\/","url":"https:\/\/www.heartfailurematters.org\/pt-br\/o-que-o-seu-medico-ou-enfermeiro-pode-fazer\/antagonistas-dos-recetores-da-aldosterona-ou-antagonista-recetor-de-mineralocorticoide-mras\/","name":"Antagonistas dos recetores da aldosterona (MRAs)","isPartOf":{"@id":"https:\/\/www.heartfailurematters.org\/pt-br\/#website"},"primaryImageOfPage":{"@id":"https:\/\/www.heartfailurematters.org\/pt-br\/o-que-o-seu-medico-ou-enfermeiro-pode-fazer\/antagonistas-dos-recetores-da-aldosterona-ou-antagonista-recetor-de-mineralocorticoide-mras\/#primaryimage"},"image":{"@id":"https:\/\/www.heartfailurematters.org\/pt-br\/o-que-o-seu-medico-ou-enfermeiro-pode-fazer\/antagonistas-dos-recetores-da-aldosterona-ou-antagonista-recetor-de-mineralocorticoide-mras\/#primaryimage"},"thumbnailUrl":"https:\/\/www.heartfailurematters.org\/wp-content\/uploads\/2022\/03\/shutterstock_441673426-1-min.jpg","datePublished":"2021-01-27T22:05:40+00:00","description":"Antagonistas dos Recetores de Aldosterona - Descubra o que s\u00e3o, o que fazem e poss\u00edveis efeitos secund\u00e1rios em portadores de insufici\u00eancia card\u00edaca","breadcrumb":{"@id":"https:\/\/www.heartfailurematters.org\/pt-br\/o-que-o-seu-medico-ou-enfermeiro-pode-fazer\/antagonistas-dos-recetores-da-aldosterona-ou-antagonista-recetor-de-mineralocorticoide-mras\/#breadcrumb"},"inLanguage":"pt-BR","potentialAction":[{"@type":"ReadAction","target":["https:\/\/www.heartfailurematters.org\/pt-br\/o-que-o-seu-medico-ou-enfermeiro-pode-fazer\/antagonistas-dos-recetores-da-aldosterona-ou-antagonista-recetor-de-mineralocorticoide-mras\/"]}]},{"@type":"ImageObject","inLanguage":"pt-BR","@id":"https:\/\/www.heartfailurematters.org\/pt-br\/o-que-o-seu-medico-ou-enfermeiro-pode-fazer\/antagonistas-dos-recetores-da-aldosterona-ou-antagonista-recetor-de-mineralocorticoide-mras\/#primaryimage","url":"https:\/\/www.heartfailurematters.org\/wp-content\/uploads\/2022\/03\/shutterstock_441673426-1-min.jpg","contentUrl":"https:\/\/www.heartfailurematters.org\/wp-content\/uploads\/2022\/03\/shutterstock_441673426-1-min.jpg","width":900,"height":596},{"@type":"BreadcrumbList","@id":"https:\/\/www.heartfailurematters.org\/pt-br\/o-que-o-seu-medico-ou-enfermeiro-pode-fazer\/antagonistas-dos-recetores-da-aldosterona-ou-antagonista-recetor-de-mineralocorticoide-mras\/#breadcrumb","itemListElement":[{"@type":"ListItem","position":1,"name":"P\u00e1gina inicial","item":"https:\/\/www.heartfailurematters.org\/pt-br\/"},{"@type":"ListItem","position":2,"name":"O que o seu m\u00e9dico pode fazer","item":"https:\/\/www.heartfailurematters.org\/pt-br\/o-que-o-seu-medico-ou-enfermeiro-pode-fazer\/"},{"@type":"ListItem","position":3,"name":"Antagonistas dos recetores da aldosterona ou antagonista recetor de mineralocorticoide (MRAs)"}]},{"@type":"WebSite","@id":"https:\/\/www.heartfailurematters.org\/pt-br\/#website","url":"https:\/\/www.heartfailurematters.org\/pt-br\/","name":"Heart Failure Matters","description":"Practical information for patients, families and caregivers.","publisher":{"@id":"https:\/\/www.heartfailurematters.org\/pt-br\/#organization"},"potentialAction":[{"@type":"SearchAction","target":{"@type":"EntryPoint","urlTemplate":"https:\/\/www.heartfailurematters.org\/pt-br\/?s={search_term_string}"},"query-input":{"@type":"PropertyValueSpecification","valueRequired":true,"valueName":"search_term_string"}}],"inLanguage":"pt-BR"},{"@type":"Organization","@id":"https:\/\/www.heartfailurematters.org\/pt-br\/#organization","name":"Heart Failure Matters","url":"https:\/\/www.heartfailurematters.org\/pt-br\/","logo":{"@type":"ImageObject","inLanguage":"pt-BR","@id":"https:\/\/www.heartfailurematters.org\/pt-br\/#\/schema\/logo\/image\/","url":"https:\/\/cdn-endpoint-hfm.azureedge.net\/heartfailurematters\/2024\/07\/hfm-logo1.jpg","contentUrl":"https:\/\/cdn-endpoint-hfm.azureedge.net\/heartfailurematters\/2024\/07\/hfm-logo1.jpg","width":1280,"height":720,"caption":"Heart Failure Matters"},"image":{"@id":"https:\/\/www.heartfailurematters.org\/pt-br\/#\/schema\/logo\/image\/"},"sameAs":["https:\/\/www.facebook.com\/heartfailurematters"]}]}},"_links":{"self":[{"href":"https:\/\/www.heartfailurematters.org\/pt-br\/wp-json\/wp\/v2\/pages\/12663","targetHints":{"allow":["GET"]}}],"collection":[{"href":"https:\/\/www.heartfailurematters.org\/pt-br\/wp-json\/wp\/v2\/pages"}],"about":[{"href":"https:\/\/www.heartfailurematters.org\/pt-br\/wp-json\/wp\/v2\/types\/page"}],"author":[{"embeddable":true,"href":"https:\/\/www.heartfailurematters.org\/pt-br\/wp-json\/wp\/v2\/users\/1"}],"replies":[{"embeddable":true,"href":"https:\/\/www.heartfailurematters.org\/pt-br\/wp-json\/wp\/v2\/comments?post=12663"}],"version-history":[{"count":0,"href":"https:\/\/www.heartfailurematters.org\/pt-br\/wp-json\/wp\/v2\/pages\/12663\/revisions"}],"up":[{"embeddable":true,"href":"https:\/\/www.heartfailurematters.org\/pt-br\/wp-json\/wp\/v2\/pages\/13171"}],"wp:featuredmedia":[{"embeddable":true,"href":"https:\/\/www.heartfailurematters.org\/pt-br\/wp-json\/wp\/v2\/media\/12512"}],"wp:attachment":[{"href":"https:\/\/www.heartfailurematters.org\/pt-br\/wp-json\/wp\/v2\/media?parent=12663"}],"wp:term":[{"taxonomy":"category","embeddable":true,"href":"https:\/\/www.heartfailurematters.org\/pt-br\/wp-json\/wp\/v2\/categories?post=12663"},{"taxonomy":"post_tag","embeddable":true,"href":"https:\/\/www.heartfailurematters.org\/pt-br\/wp-json\/wp\/v2\/tags?post=12663"}],"curies":[{"name":"wp","href":"https:\/\/api.w.org\/{rel}","templated":true}]}}