{"id":12653,"date":"2021-01-27T22:05:45","date_gmt":"2021-01-27T22:05:45","guid":{"rendered":"https:\/\/www.heartfailurematters.org\/o-que-pode-fazer\/vacinas\/"},"modified":"2021-01-27T22:05:45","modified_gmt":"2021-01-27T22:05:45","slug":"vacinas","status":"publish","type":"page","link":"https:\/\/www.heartfailurematters.org\/pt-br\/o-que-pode-fazer\/vacinas\/","title":{"rendered":"Vacinas"},"content":{"rendered":"<p>Cuidar de si pr\u00f3prio quando sofre de insufici\u00eancia card\u00edaca significa sobretudo, manter-se bem e o mais saud\u00e1vel poss\u00edvel. Uma forma de se manter bem \u00e9 minimizar o risco de infe\u00e7\u00f5es respirat\u00f3rias tais como o v\u00edrus da influenza (gripe) ou <a class=\"addtooltip\" title=\"Inflama\u00e7\u00e3o dos pulm\u00f5es, causada normalmente por uma infe\u00e7\u00e3o. A pneumonia ocorre mais frequentemente em pessoais com insufici\u00eancia card\u00edaca e congest\u00e3o pulmonar.\"><strong>pneumonia<\/strong><\/a>, uma vez que os problemas respirat\u00f3rios podem agravar a insufici\u00eancia card\u00edaca. Est\u00e3o dispon\u00edveis vacinas seguras que o podem tornar imune ao v\u00edrus da gripe e<\/p>\n<p>Est\u00e3o dispon\u00edveis vacinas seguras que o podem tornar imune ao v\u00edrus da gripe e da <a class=\"addtooltip\" title=\"Inflama\u00e7\u00e3o dos pulm\u00f5es, causada normalmente por uma infe\u00e7\u00e3o. A pneumonia ocorre mais frequentemente em pessoais com insufici\u00eancia card\u00edaca e congest\u00e3o pulmonar.\"><strong>pneumonia<\/strong><\/a> est\u00e3o dispon\u00edveis. Dever\u00e1 falar sobre estas vacinas com o seu m\u00e9dico ou enfermeiro, que poder\u00e1 aconselh\u00e1-lo mais detalhadamente sobre as mesmas.<\/p>\n<p>Ao viajar, o agente de viagens inform\u00e1-lo-\u00e1 sobre vacinas ou medicamentos, como por exemplo, comprimidos para a mal\u00e1ria, que possam ser necess\u00e1rios de acordo com o destino.<\/p>\n<p>Se estiver a tomar medicamentos <a class=\"addtooltip\" title=\"Medicamentos que impedem a forma\u00e7\u00e3o de co\u00e1gulos sangu\u00edneos, especialmente nas art\u00e9rias coron\u00e1rias.\"><strong>anticoagulantes<\/strong><\/a>, o seu m\u00e9dico ou enfermeiro poder\u00e1 recomendar um programa de vacina\u00e7\u00e3o diferente, que poder\u00e1 ter de ser iniciado com maior anteced\u00eancia em rela\u00e7\u00e3o ao calend\u00e1rio de vacina\u00e7\u00e3o habitual.<\/p>\n","protected":false},"excerpt":{"rendered":"<p>Cuidar de si pr\u00f3prio quando sofre de insufici\u00eancia card\u00edaca significa sobretudo, manter-se bem e o mais saud\u00e1vel poss\u00edvel. Uma forma de se manter bem \u00e9 minimizar o risco de infe\u00e7\u00f5es respirat\u00f3rias tais como o v\u00edrus da influenza (gripe) ou pneumonia, uma vez que os problemas respirat\u00f3rios podem agravar a insufici\u00eancia card\u00edaca. Est\u00e3o dispon\u00edveis vacinas seguras [&hellip;]<\/p>\n","protected":false},"author":1,"featured_media":0,"parent":13173,"menu_order":0,"comment_status":"open","ping_status":"open","template":"","meta":{"_acf_changed":false,"footnotes":""},"categories":[],"tags":[],"class_list":["post-12653","page","type-page","status-publish","hentry"],"acf":[],"yoast_head":"<!-- This site is optimized with the Yoast SEO plugin v24.8.1 - https:\/\/yoast.com\/wordpress\/plugins\/seo\/ -->\n<title>Vacina\u00e7\u00e3o - Informa\u00e7\u00f5es para doentes com insuf. card\u00edaca<\/title>\n<meta name=\"description\" content=\"Cuidar de si pr\u00f3prio quando sofre de uma insufici\u00eancia card\u00edaca consiste principalmente em ficar e sentir-se bem. Saiba mais\" \/>\n<meta name=\"robots\" content=\"index, follow, max-snippet:-1, max-image-preview:large, max-video-preview:-1\" \/>\n<link rel=\"canonical\" href=\"https:\/\/www.heartfailurematters.org\/pt-br\/o-que-pode-fazer\/vacinas\/\" \/>\n<meta property=\"og:locale\" content=\"pt_BR\" \/>\n<meta property=\"og:type\" content=\"article\" \/>\n<meta property=\"og:title\" content=\"Vacina\u00e7\u00e3o - Informa\u00e7\u00f5es para doentes com insuf. card\u00edaca\" \/>\n<meta property=\"og:description\" content=\"Cuidar de si pr\u00f3prio quando sofre de uma insufici\u00eancia card\u00edaca consiste principalmente em ficar e sentir-se bem. Saiba mais\" \/>\n<meta property=\"og:url\" content=\"https:\/\/www.heartfailurematters.org\/pt-br\/o-que-pode-fazer\/vacinas\/\" \/>\n<meta property=\"og:site_name\" content=\"Heart Failure Matters\" \/>\n<meta property=\"article:publisher\" content=\"https:\/\/www.facebook.com\/heartfailurematters\" \/>\n<meta name=\"twitter:card\" content=\"summary_large_image\" \/>\n<meta name=\"twitter:label1\" content=\"Est. tempo de leitura\" \/>\n\t<meta name=\"twitter:data1\" content=\"1 minuto\" \/>\n<script type=\"application\/ld+json\" class=\"yoast-schema-graph\">{\"@context\":\"https:\/\/schema.org\",\"@graph\":[{\"@type\":\"WebPage\",\"@id\":\"https:\/\/www.heartfailurematters.org\/pt-br\/o-que-pode-fazer\/vacinas\/\",\"url\":\"https:\/\/www.heartfailurematters.org\/pt-br\/o-que-pode-fazer\/vacinas\/\",\"name\":\"Vacina\u00e7\u00e3o - Informa\u00e7\u00f5es para doentes com insuf. card\u00edaca\",\"isPartOf\":{\"@id\":\"https:\/\/www.heartfailurematters.org\/pt-br\/#website\"},\"datePublished\":\"2021-01-27T22:05:45+00:00\",\"description\":\"Cuidar de si pr\u00f3prio quando sofre de uma insufici\u00eancia card\u00edaca consiste principalmente em ficar e sentir-se bem. Saiba mais\",\"breadcrumb\":{\"@id\":\"https:\/\/www.heartfailurematters.org\/pt-br\/o-que-pode-fazer\/vacinas\/#breadcrumb\"},\"inLanguage\":\"pt-BR\",\"potentialAction\":[{\"@type\":\"ReadAction\",\"target\":[\"https:\/\/www.heartfailurematters.org\/pt-br\/o-que-pode-fazer\/vacinas\/\"]}]},{\"@type\":\"BreadcrumbList\",\"@id\":\"https:\/\/www.heartfailurematters.org\/pt-br\/o-que-pode-fazer\/vacinas\/#breadcrumb\",\"itemListElement\":[{\"@type\":\"ListItem\",\"position\":1,\"name\":\"P\u00e1gina inicial\",\"item\":\"https:\/\/www.heartfailurematters.org\/pt-br\/\"},{\"@type\":\"ListItem\",\"position\":2,\"name\":\"O que pode fazer\",\"item\":\"https:\/\/www.heartfailurematters.org\/pt-br\/o-que-pode-fazer\/\"},{\"@type\":\"ListItem\",\"position\":3,\"name\":\"Vacinas\"}]},{\"@type\":\"WebSite\",\"@id\":\"https:\/\/www.heartfailurematters.org\/pt-br\/#website\",\"url\":\"https:\/\/www.heartfailurematters.org\/pt-br\/\",\"name\":\"Heart Failure Matters\",\"description\":\"Practical information for patients, families and caregivers.\",\"publisher\":{\"@id\":\"https:\/\/www.heartfailurematters.org\/pt-br\/#organization\"},\"potentialAction\":[{\"@type\":\"SearchAction\",\"target\":{\"@type\":\"EntryPoint\",\"urlTemplate\":\"https:\/\/www.heartfailurematters.org\/pt-br\/?s={search_term_string}\"},\"query-input\":{\"@type\":\"PropertyValueSpecification\",\"valueRequired\":true,\"valueName\":\"search_term_string\"}}],\"inLanguage\":\"pt-BR\"},{\"@type\":\"Organization\",\"@id\":\"https:\/\/www.heartfailurematters.org\/pt-br\/#organization\",\"name\":\"Heart Failure Matters\",\"url\":\"https:\/\/www.heartfailurematters.org\/pt-br\/\",\"logo\":{\"@type\":\"ImageObject\",\"inLanguage\":\"pt-BR\",\"@id\":\"https:\/\/www.heartfailurematters.org\/pt-br\/#\/schema\/logo\/image\/\",\"url\":\"https:\/\/cdn-endpoint-hfm.azureedge.net\/heartfailurematters\/2024\/07\/hfm-logo1.jpg\",\"contentUrl\":\"https:\/\/cdn-endpoint-hfm.azureedge.net\/heartfailurematters\/2024\/07\/hfm-logo1.jpg\",\"width\":1280,\"height\":720,\"caption\":\"Heart Failure Matters\"},\"image\":{\"@id\":\"https:\/\/www.heartfailurematters.org\/pt-br\/#\/schema\/logo\/image\/\"},\"sameAs\":[\"https:\/\/www.facebook.com\/heartfailurematters\"]}]}<\/script>\n<!-- \/ Yoast SEO plugin. -->","yoast_head_json":{"title":"Vacina\u00e7\u00e3o - Informa\u00e7\u00f5es para doentes com insuf. card\u00edaca","description":"Cuidar de si pr\u00f3prio quando sofre de uma insufici\u00eancia card\u00edaca consiste principalmente em ficar e sentir-se bem. Saiba mais","robots":{"index":"index","follow":"follow","max-snippet":"max-snippet:-1","max-image-preview":"max-image-preview:large","max-video-preview":"max-video-preview:-1"},"canonical":"https:\/\/www.heartfailurematters.org\/pt-br\/o-que-pode-fazer\/vacinas\/","og_locale":"pt_BR","og_type":"article","og_title":"Vacina\u00e7\u00e3o - Informa\u00e7\u00f5es para doentes com insuf. card\u00edaca","og_description":"Cuidar de si pr\u00f3prio quando sofre de uma insufici\u00eancia card\u00edaca consiste principalmente em ficar e sentir-se bem. Saiba mais","og_url":"https:\/\/www.heartfailurematters.org\/pt-br\/o-que-pode-fazer\/vacinas\/","og_site_name":"Heart Failure Matters","article_publisher":"https:\/\/www.facebook.com\/heartfailurematters","twitter_card":"summary_large_image","twitter_misc":{"Est. tempo de leitura":"1 minuto"},"schema":{"@context":"https:\/\/schema.org","@graph":[{"@type":"WebPage","@id":"https:\/\/www.heartfailurematters.org\/pt-br\/o-que-pode-fazer\/vacinas\/","url":"https:\/\/www.heartfailurematters.org\/pt-br\/o-que-pode-fazer\/vacinas\/","name":"Vacina\u00e7\u00e3o - Informa\u00e7\u00f5es para doentes com insuf. card\u00edaca","isPartOf":{"@id":"https:\/\/www.heartfailurematters.org\/pt-br\/#website"},"datePublished":"2021-01-27T22:05:45+00:00","description":"Cuidar de si pr\u00f3prio quando sofre de uma insufici\u00eancia card\u00edaca consiste principalmente em ficar e sentir-se bem. Saiba mais","breadcrumb":{"@id":"https:\/\/www.heartfailurematters.org\/pt-br\/o-que-pode-fazer\/vacinas\/#breadcrumb"},"inLanguage":"pt-BR","potentialAction":[{"@type":"ReadAction","target":["https:\/\/www.heartfailurematters.org\/pt-br\/o-que-pode-fazer\/vacinas\/"]}]},{"@type":"BreadcrumbList","@id":"https:\/\/www.heartfailurematters.org\/pt-br\/o-que-pode-fazer\/vacinas\/#breadcrumb","itemListElement":[{"@type":"ListItem","position":1,"name":"P\u00e1gina inicial","item":"https:\/\/www.heartfailurematters.org\/pt-br\/"},{"@type":"ListItem","position":2,"name":"O que pode fazer","item":"https:\/\/www.heartfailurematters.org\/pt-br\/o-que-pode-fazer\/"},{"@type":"ListItem","position":3,"name":"Vacinas"}]},{"@type":"WebSite","@id":"https:\/\/www.heartfailurematters.org\/pt-br\/#website","url":"https:\/\/www.heartfailurematters.org\/pt-br\/","name":"Heart Failure Matters","description":"Practical information for patients, families and caregivers.","publisher":{"@id":"https:\/\/www.heartfailurematters.org\/pt-br\/#organization"},"potentialAction":[{"@type":"SearchAction","target":{"@type":"EntryPoint","urlTemplate":"https:\/\/www.heartfailurematters.org\/pt-br\/?s={search_term_string}"},"query-input":{"@type":"PropertyValueSpecification","valueRequired":true,"valueName":"search_term_string"}}],"inLanguage":"pt-BR"},{"@type":"Organization","@id":"https:\/\/www.heartfailurematters.org\/pt-br\/#organization","name":"Heart Failure Matters","url":"https:\/\/www.heartfailurematters.org\/pt-br\/","logo":{"@type":"ImageObject","inLanguage":"pt-BR","@id":"https:\/\/www.heartfailurematters.org\/pt-br\/#\/schema\/logo\/image\/","url":"https:\/\/cdn-endpoint-hfm.azureedge.net\/heartfailurematters\/2024\/07\/hfm-logo1.jpg","contentUrl":"https:\/\/cdn-endpoint-hfm.azureedge.net\/heartfailurematters\/2024\/07\/hfm-logo1.jpg","width":1280,"height":720,"caption":"Heart Failure Matters"},"image":{"@id":"https:\/\/www.heartfailurematters.org\/pt-br\/#\/schema\/logo\/image\/"},"sameAs":["https:\/\/www.facebook.com\/heartfailurematters"]}]}},"_links":{"self":[{"href":"https:\/\/www.heartfailurematters.org\/pt-br\/wp-json\/wp\/v2\/pages\/12653","targetHints":{"allow":["GET"]}}],"collection":[{"href":"https:\/\/www.heartfailurematters.org\/pt-br\/wp-json\/wp\/v2\/pages"}],"about":[{"href":"https:\/\/www.heartfailurematters.org\/pt-br\/wp-json\/wp\/v2\/types\/page"}],"author":[{"embeddable":true,"href":"https:\/\/www.heartfailurematters.org\/pt-br\/wp-json\/wp\/v2\/users\/1"}],"replies":[{"embeddable":true,"href":"https:\/\/www.heartfailurematters.org\/pt-br\/wp-json\/wp\/v2\/comments?post=12653"}],"version-history":[{"count":0,"href":"https:\/\/www.heartfailurematters.org\/pt-br\/wp-json\/wp\/v2\/pages\/12653\/revisions"}],"up":[{"embeddable":true,"href":"https:\/\/www.heartfailurematters.org\/pt-br\/wp-json\/wp\/v2\/pages\/13173"}],"wp:attachment":[{"href":"https:\/\/www.heartfailurematters.org\/pt-br\/wp-json\/wp\/v2\/media?parent=12653"}],"wp:term":[{"taxonomy":"category","embeddable":true,"href":"https:\/\/www.heartfailurematters.org\/pt-br\/wp-json\/wp\/v2\/categories?post=12653"},{"taxonomy":"post_tag","embeddable":true,"href":"https:\/\/www.heartfailurematters.org\/pt-br\/wp-json\/wp\/v2\/tags?post=12653"}],"curies":[{"name":"wp","href":"https:\/\/api.w.org\/{rel}","templated":true}]}}