{"id":12652,"date":"2021-01-27T22:05:45","date_gmt":"2021-01-27T22:05:45","guid":{"rendered":"https:\/\/www.heartfailurematters.org\/para-os-cuidadores\/gerir-medicamentos\/"},"modified":"2021-01-27T22:05:45","modified_gmt":"2021-01-27T22:05:45","slug":"gerir-medicamentos","status":"publish","type":"page","link":"https:\/\/www.heartfailurematters.org\/pt-br\/para-os-cuidadores\/gerir-medicamentos\/","title":{"rendered":"Gerir medicamentos"},"content":{"rendered":"<p>\u00c9 bastante prov\u00e1vel que o seu c\u00f4njuge ou familiar tome v\u00e1rios medicamentos diferentes para controlar a insufici\u00eancia card\u00edaca. \u00c9 importante que os medicamentos sejam tomados exatamente como o m\u00e9dico prescreveu.<\/p>\n<p>Pode ajudar o seu c\u00f4njuge ou familiar a controlar os medicamentos que toma. \u00c9 poss\u00edvel simplificar rotinas complexas se for definido um hor\u00e1rio e se for seguida uma rotina. Por exemplo, poder\u00e1 optar por um sistema de lista de verifica\u00e7\u00e3o, com uma <a href=\"\/wp-content\/uploads\/2021\/02\/TABELA-DE-MEDICAMENTOS.pdf\" target=\"_blank\" rel=\"noopener\">tabela de medicamentos<\/a>, utilizar <a href=\"https:\/\/www.heartfailurematters.org\/pt-pt\/o-que-o-seu-medico-ou-enfermeiro-pode-fazer\/a-importancia-de-tomar-os-medicamentos\/\">caixas de comprimidos ou um sistema de alarme com despertador<\/a>, para gerir de forma eficaz os medicamentos do seu c\u00f4njuge ou familiar.<\/p>\n<p><a href=\"https:\/\/www.heartfailurematters.org\/pt-pt\/para-os-cuidadores\/coisas-simples-que-pode-fazer-para-ajudar\/\">Voltar \u00e0 sec\u00e7\u00e3o Coisas simples que pode fazer para ajudar<\/a><\/p>\n","protected":false},"excerpt":{"rendered":"<p>\u00c9 bastante prov\u00e1vel que o seu c\u00f4njuge ou familiar tome v\u00e1rios medicamentos diferentes para controlar a insufici\u00eancia card\u00edaca. \u00c9 importante que os medicamentos sejam tomados exatamente como o m\u00e9dico prescreveu. Pode ajudar o seu c\u00f4njuge ou familiar a controlar os medicamentos que toma. \u00c9 poss\u00edvel simplificar rotinas complexas se for definido um hor\u00e1rio e se [&hellip;]<\/p>\n","protected":false},"author":1,"featured_media":12512,"parent":13177,"menu_order":0,"comment_status":"open","ping_status":"open","template":"","meta":{"_acf_changed":false,"footnotes":""},"categories":[],"tags":[],"class_list":["post-12652","page","type-page","status-publish","has-post-thumbnail","hentry"],"acf":[],"yoast_head":"<!-- This site is optimized with the Yoast SEO plugin v24.8.1 - https:\/\/yoast.com\/wordpress\/plugins\/seo\/ -->\n<title>Gerir medicamentos com insufici\u00eancia card\u00edaca<\/title>\n<meta name=\"description\" content=\"Ajude o seu parceiro\/familiar a monitorizar a medica\u00e7\u00e3o para a insuf. card\u00edaca, pois \u00e9 muito prov\u00e1vel que esteja a tomar v\u00e1rios f\u00e1rmacos para controlar a doen\u00e7a\" \/>\n<meta name=\"robots\" content=\"index, follow, max-snippet:-1, max-image-preview:large, max-video-preview:-1\" \/>\n<link rel=\"canonical\" href=\"https:\/\/www.heartfailurematters.org\/pt-br\/para-os-cuidadores\/gerir-medicamentos\/\" \/>\n<meta property=\"og:locale\" content=\"pt_BR\" \/>\n<meta property=\"og:type\" content=\"article\" \/>\n<meta property=\"og:title\" content=\"Gerir medicamentos com insufici\u00eancia card\u00edaca\" \/>\n<meta property=\"og:description\" content=\"Ajude o seu parceiro\/familiar a monitorizar a medica\u00e7\u00e3o para a insuf. card\u00edaca, pois \u00e9 muito prov\u00e1vel que esteja a tomar v\u00e1rios f\u00e1rmacos para controlar a doen\u00e7a\" \/>\n<meta property=\"og:url\" content=\"https:\/\/www.heartfailurematters.org\/pt-br\/para-os-cuidadores\/gerir-medicamentos\/\" \/>\n<meta property=\"og:site_name\" content=\"Heart Failure Matters\" \/>\n<meta property=\"article:publisher\" content=\"https:\/\/www.facebook.com\/heartfailurematters\" \/>\n<meta property=\"og:image\" content=\"https:\/\/www.heartfailurematters.org\/wp-content\/uploads\/2022\/03\/shutterstock_441673426-1-min.jpg\" \/>\n\t<meta property=\"og:image:width\" content=\"900\" \/>\n\t<meta property=\"og:image:height\" content=\"596\" \/>\n\t<meta property=\"og:image:type\" content=\"image\/jpeg\" \/>\n<meta name=\"twitter:card\" content=\"summary_large_image\" \/>\n<meta name=\"twitter:label1\" content=\"Est. tempo de leitura\" \/>\n\t<meta name=\"twitter:data1\" content=\"1 minuto\" \/>\n<script type=\"application\/ld+json\" class=\"yoast-schema-graph\">{\"@context\":\"https:\/\/schema.org\",\"@graph\":[{\"@type\":\"WebPage\",\"@id\":\"https:\/\/www.heartfailurematters.org\/pt-br\/para-os-cuidadores\/gerir-medicamentos\/\",\"url\":\"https:\/\/www.heartfailurematters.org\/pt-br\/para-os-cuidadores\/gerir-medicamentos\/\",\"name\":\"Gerir medicamentos com insufici\u00eancia card\u00edaca\",\"isPartOf\":{\"@id\":\"https:\/\/www.heartfailurematters.org\/pt-br\/#website\"},\"primaryImageOfPage\":{\"@id\":\"https:\/\/www.heartfailurematters.org\/pt-br\/para-os-cuidadores\/gerir-medicamentos\/#primaryimage\"},\"image\":{\"@id\":\"https:\/\/www.heartfailurematters.org\/pt-br\/para-os-cuidadores\/gerir-medicamentos\/#primaryimage\"},\"thumbnailUrl\":\"https:\/\/www.heartfailurematters.org\/wp-content\/uploads\/2022\/03\/shutterstock_441673426-1-min.jpg\",\"datePublished\":\"2021-01-27T22:05:45+00:00\",\"description\":\"Ajude o seu parceiro\/familiar a monitorizar a medica\u00e7\u00e3o para a insuf. card\u00edaca, pois \u00e9 muito prov\u00e1vel que esteja a tomar v\u00e1rios f\u00e1rmacos para controlar a doen\u00e7a\",\"breadcrumb\":{\"@id\":\"https:\/\/www.heartfailurematters.org\/pt-br\/para-os-cuidadores\/gerir-medicamentos\/#breadcrumb\"},\"inLanguage\":\"pt-BR\",\"potentialAction\":[{\"@type\":\"ReadAction\",\"target\":[\"https:\/\/www.heartfailurematters.org\/pt-br\/para-os-cuidadores\/gerir-medicamentos\/\"]}]},{\"@type\":\"ImageObject\",\"inLanguage\":\"pt-BR\",\"@id\":\"https:\/\/www.heartfailurematters.org\/pt-br\/para-os-cuidadores\/gerir-medicamentos\/#primaryimage\",\"url\":\"https:\/\/www.heartfailurematters.org\/wp-content\/uploads\/2022\/03\/shutterstock_441673426-1-min.jpg\",\"contentUrl\":\"https:\/\/www.heartfailurematters.org\/wp-content\/uploads\/2022\/03\/shutterstock_441673426-1-min.jpg\",\"width\":900,\"height\":596},{\"@type\":\"BreadcrumbList\",\"@id\":\"https:\/\/www.heartfailurematters.org\/pt-br\/para-os-cuidadores\/gerir-medicamentos\/#breadcrumb\",\"itemListElement\":[{\"@type\":\"ListItem\",\"position\":1,\"name\":\"P\u00e1gina inicial\",\"item\":\"https:\/\/www.heartfailurematters.org\/pt-br\/\"},{\"@type\":\"ListItem\",\"position\":2,\"name\":\"Para cuidadores\",\"item\":\"https:\/\/www.heartfailurematters.org\/pt-br\/para-os-cuidadores\/\"},{\"@type\":\"ListItem\",\"position\":3,\"name\":\"Gerir medicamentos\"}]},{\"@type\":\"WebSite\",\"@id\":\"https:\/\/www.heartfailurematters.org\/pt-br\/#website\",\"url\":\"https:\/\/www.heartfailurematters.org\/pt-br\/\",\"name\":\"Heart Failure Matters\",\"description\":\"Practical information for patients, families and caregivers.\",\"publisher\":{\"@id\":\"https:\/\/www.heartfailurematters.org\/pt-br\/#organization\"},\"potentialAction\":[{\"@type\":\"SearchAction\",\"target\":{\"@type\":\"EntryPoint\",\"urlTemplate\":\"https:\/\/www.heartfailurematters.org\/pt-br\/?s={search_term_string}\"},\"query-input\":{\"@type\":\"PropertyValueSpecification\",\"valueRequired\":true,\"valueName\":\"search_term_string\"}}],\"inLanguage\":\"pt-BR\"},{\"@type\":\"Organization\",\"@id\":\"https:\/\/www.heartfailurematters.org\/pt-br\/#organization\",\"name\":\"Heart Failure Matters\",\"url\":\"https:\/\/www.heartfailurematters.org\/pt-br\/\",\"logo\":{\"@type\":\"ImageObject\",\"inLanguage\":\"pt-BR\",\"@id\":\"https:\/\/www.heartfailurematters.org\/pt-br\/#\/schema\/logo\/image\/\",\"url\":\"https:\/\/cdn-endpoint-hfm.azureedge.net\/heartfailurematters\/2024\/07\/hfm-logo1.jpg\",\"contentUrl\":\"https:\/\/cdn-endpoint-hfm.azureedge.net\/heartfailurematters\/2024\/07\/hfm-logo1.jpg\",\"width\":1280,\"height\":720,\"caption\":\"Heart Failure Matters\"},\"image\":{\"@id\":\"https:\/\/www.heartfailurematters.org\/pt-br\/#\/schema\/logo\/image\/\"},\"sameAs\":[\"https:\/\/www.facebook.com\/heartfailurematters\"]}]}<\/script>\n<!-- \/ Yoast SEO plugin. -->","yoast_head_json":{"title":"Gerir medicamentos com insufici\u00eancia card\u00edaca","description":"Ajude o seu parceiro\/familiar a monitorizar a medica\u00e7\u00e3o para a insuf. card\u00edaca, pois \u00e9 muito prov\u00e1vel que esteja a tomar v\u00e1rios f\u00e1rmacos para controlar a doen\u00e7a","robots":{"index":"index","follow":"follow","max-snippet":"max-snippet:-1","max-image-preview":"max-image-preview:large","max-video-preview":"max-video-preview:-1"},"canonical":"https:\/\/www.heartfailurematters.org\/pt-br\/para-os-cuidadores\/gerir-medicamentos\/","og_locale":"pt_BR","og_type":"article","og_title":"Gerir medicamentos com insufici\u00eancia card\u00edaca","og_description":"Ajude o seu parceiro\/familiar a monitorizar a medica\u00e7\u00e3o para a insuf. card\u00edaca, pois \u00e9 muito prov\u00e1vel que esteja a tomar v\u00e1rios f\u00e1rmacos para controlar a doen\u00e7a","og_url":"https:\/\/www.heartfailurematters.org\/pt-br\/para-os-cuidadores\/gerir-medicamentos\/","og_site_name":"Heart Failure Matters","article_publisher":"https:\/\/www.facebook.com\/heartfailurematters","og_image":[{"width":900,"height":596,"url":"https:\/\/www.heartfailurematters.org\/wp-content\/uploads\/2022\/03\/shutterstock_441673426-1-min.jpg","type":"image\/jpeg"}],"twitter_card":"summary_large_image","twitter_misc":{"Est. tempo de leitura":"1 minuto"},"schema":{"@context":"https:\/\/schema.org","@graph":[{"@type":"WebPage","@id":"https:\/\/www.heartfailurematters.org\/pt-br\/para-os-cuidadores\/gerir-medicamentos\/","url":"https:\/\/www.heartfailurematters.org\/pt-br\/para-os-cuidadores\/gerir-medicamentos\/","name":"Gerir medicamentos com insufici\u00eancia card\u00edaca","isPartOf":{"@id":"https:\/\/www.heartfailurematters.org\/pt-br\/#website"},"primaryImageOfPage":{"@id":"https:\/\/www.heartfailurematters.org\/pt-br\/para-os-cuidadores\/gerir-medicamentos\/#primaryimage"},"image":{"@id":"https:\/\/www.heartfailurematters.org\/pt-br\/para-os-cuidadores\/gerir-medicamentos\/#primaryimage"},"thumbnailUrl":"https:\/\/www.heartfailurematters.org\/wp-content\/uploads\/2022\/03\/shutterstock_441673426-1-min.jpg","datePublished":"2021-01-27T22:05:45+00:00","description":"Ajude o seu parceiro\/familiar a monitorizar a medica\u00e7\u00e3o para a insuf. card\u00edaca, pois \u00e9 muito prov\u00e1vel que esteja a tomar v\u00e1rios f\u00e1rmacos para controlar a doen\u00e7a","breadcrumb":{"@id":"https:\/\/www.heartfailurematters.org\/pt-br\/para-os-cuidadores\/gerir-medicamentos\/#breadcrumb"},"inLanguage":"pt-BR","potentialAction":[{"@type":"ReadAction","target":["https:\/\/www.heartfailurematters.org\/pt-br\/para-os-cuidadores\/gerir-medicamentos\/"]}]},{"@type":"ImageObject","inLanguage":"pt-BR","@id":"https:\/\/www.heartfailurematters.org\/pt-br\/para-os-cuidadores\/gerir-medicamentos\/#primaryimage","url":"https:\/\/www.heartfailurematters.org\/wp-content\/uploads\/2022\/03\/shutterstock_441673426-1-min.jpg","contentUrl":"https:\/\/www.heartfailurematters.org\/wp-content\/uploads\/2022\/03\/shutterstock_441673426-1-min.jpg","width":900,"height":596},{"@type":"BreadcrumbList","@id":"https:\/\/www.heartfailurematters.org\/pt-br\/para-os-cuidadores\/gerir-medicamentos\/#breadcrumb","itemListElement":[{"@type":"ListItem","position":1,"name":"P\u00e1gina inicial","item":"https:\/\/www.heartfailurematters.org\/pt-br\/"},{"@type":"ListItem","position":2,"name":"Para cuidadores","item":"https:\/\/www.heartfailurematters.org\/pt-br\/para-os-cuidadores\/"},{"@type":"ListItem","position":3,"name":"Gerir medicamentos"}]},{"@type":"WebSite","@id":"https:\/\/www.heartfailurematters.org\/pt-br\/#website","url":"https:\/\/www.heartfailurematters.org\/pt-br\/","name":"Heart Failure Matters","description":"Practical information for patients, families and caregivers.","publisher":{"@id":"https:\/\/www.heartfailurematters.org\/pt-br\/#organization"},"potentialAction":[{"@type":"SearchAction","target":{"@type":"EntryPoint","urlTemplate":"https:\/\/www.heartfailurematters.org\/pt-br\/?s={search_term_string}"},"query-input":{"@type":"PropertyValueSpecification","valueRequired":true,"valueName":"search_term_string"}}],"inLanguage":"pt-BR"},{"@type":"Organization","@id":"https:\/\/www.heartfailurematters.org\/pt-br\/#organization","name":"Heart Failure Matters","url":"https:\/\/www.heartfailurematters.org\/pt-br\/","logo":{"@type":"ImageObject","inLanguage":"pt-BR","@id":"https:\/\/www.heartfailurematters.org\/pt-br\/#\/schema\/logo\/image\/","url":"https:\/\/cdn-endpoint-hfm.azureedge.net\/heartfailurematters\/2024\/07\/hfm-logo1.jpg","contentUrl":"https:\/\/cdn-endpoint-hfm.azureedge.net\/heartfailurematters\/2024\/07\/hfm-logo1.jpg","width":1280,"height":720,"caption":"Heart Failure Matters"},"image":{"@id":"https:\/\/www.heartfailurematters.org\/pt-br\/#\/schema\/logo\/image\/"},"sameAs":["https:\/\/www.facebook.com\/heartfailurematters"]}]}},"_links":{"self":[{"href":"https:\/\/www.heartfailurematters.org\/pt-br\/wp-json\/wp\/v2\/pages\/12652","targetHints":{"allow":["GET"]}}],"collection":[{"href":"https:\/\/www.heartfailurematters.org\/pt-br\/wp-json\/wp\/v2\/pages"}],"about":[{"href":"https:\/\/www.heartfailurematters.org\/pt-br\/wp-json\/wp\/v2\/types\/page"}],"author":[{"embeddable":true,"href":"https:\/\/www.heartfailurematters.org\/pt-br\/wp-json\/wp\/v2\/users\/1"}],"replies":[{"embeddable":true,"href":"https:\/\/www.heartfailurematters.org\/pt-br\/wp-json\/wp\/v2\/comments?post=12652"}],"version-history":[{"count":0,"href":"https:\/\/www.heartfailurematters.org\/pt-br\/wp-json\/wp\/v2\/pages\/12652\/revisions"}],"up":[{"embeddable":true,"href":"https:\/\/www.heartfailurematters.org\/pt-br\/wp-json\/wp\/v2\/pages\/13177"}],"wp:featuredmedia":[{"embeddable":true,"href":"https:\/\/www.heartfailurematters.org\/pt-br\/wp-json\/wp\/v2\/media\/12512"}],"wp:attachment":[{"href":"https:\/\/www.heartfailurematters.org\/pt-br\/wp-json\/wp\/v2\/media?parent=12652"}],"wp:term":[{"taxonomy":"category","embeddable":true,"href":"https:\/\/www.heartfailurematters.org\/pt-br\/wp-json\/wp\/v2\/categories?post=12652"},{"taxonomy":"post_tag","embeddable":true,"href":"https:\/\/www.heartfailurematters.org\/pt-br\/wp-json\/wp\/v2\/tags?post=12652"}],"curies":[{"name":"wp","href":"https:\/\/api.w.org\/{rel}","templated":true}]}}