{"id":12651,"date":"2021-01-27T22:05:45","date_gmt":"2021-01-27T22:05:45","guid":{"rendered":"https:\/\/www.heartfailurematters.org\/o-que-o-seu-medico-ou-enfermeiro-pode-fazer\/colocacao-de-stent\/"},"modified":"2021-01-27T22:05:45","modified_gmt":"2021-01-27T22:05:45","slug":"colocacao-de-stent","status":"publish","type":"page","link":"https:\/\/www.heartfailurematters.org\/pt-br\/o-que-o-seu-medico-ou-enfermeiro-pode-fazer\/colocacao-de-stent\/","title":{"rendered":"Coloca\u00e7\u00e3o de stent"},"content":{"rendered":"<h2>Por que motivo \u00e9 feito?<\/h2>\n<p>Em cardiologia, um <a class=\"addtooltip\" title=\"Tubo de metal ou pl\u00e1stico inserido num vaso sangu\u00edneo estreito para o manter aberto. \"><strong>stent<\/strong><\/a> \u00e9 um tubo de rede min\u00fasculo fabricado com materiais artificiais que atua como uma esp\u00e9cie de suporte para manter aberta uma art\u00e9ria obstru\u00edda. A coloca\u00e7\u00e3o do stent aumenta a probabilidade de a art\u00e9ria permanecer dilatada ou desobstru\u00edda ap\u00f3s uma <a href=\"https:\/\/www.heartfailurematters.org\/pt-br\/o-que-o-seu-medico-ou-enfermeiro-pode-fazer\/intervencao-coronaria-percutanea-icp\/\">interven\u00e7\u00e3o coron\u00e1ria percut\u00e2nea (ICP)<\/a>.<\/p>\n<h2>O que implica?<\/h2>\n<p>Um tubo fino, flex\u00edvel e oco (<a class=\"addtooltip\" title=\"Tubo fino e flex\u00edvel utilizado em v\u00e1rios procedimentos.\"><strong>cateter <\/strong><\/a> com um pequeno bal\u00e3o insufl\u00e1vel na ponta \u00e9 avan\u00e7ado atrav\u00e9s de uma art\u00e9ria, virilha ou bra\u00e7o, em dire\u00e7\u00e3o ao cora\u00e7\u00e3o e com visualiza\u00e7\u00e3o por raios X. Depois de alcan\u00e7ar a sec\u00e7\u00e3o estreitada ou obstru\u00edda, o bal\u00e3o \u00e9 insuflado para dilatar ligeiramente a art\u00e9ria e restabelecer o fluxo sangu\u00edneo. O stent \u00e9 ent\u00e3o introduzido. Quando o bal\u00e3o \u00e9 desinsuflado e removido, o stent permanece na art\u00e9ria. Ap\u00f3s o procedimento, os doentes t\u00eam de tomar <a class=\"addtooltip\" title=\"Medicamentos que impedem a forma\u00e7\u00e3o ou o crescimento de co\u00e1gulos sangu\u00edneos. Os anticoagulantes, antiplaquet\u00e1rios e tromb\u00f3litos s\u00e3o tipos de antitromb\u00f3ticos. \"><strong>medicamentos antitromb\u00f3ticos<\/strong><\/a> que impedem a forma\u00e7\u00e3o de co\u00e1gulos sangu\u00edneos.<\/p>\n<h2>Perguntas a fazer ao seu m\u00e9dico:<\/h2>\n<ul>\n<li>Quais s\u00e3o os riscos associados ao procedimento?<\/li>\n<li>Eu terei que ficar no hospital?<\/li>\n<li>Tenho de fazer alguma prepara\u00e7\u00e3o para o procedimento?<\/li>\n<li>Precisarei de uma anestesia geral ou local?<\/li>\n<li>Ap\u00f3s o procedimento terei de tomar mais medicamentos?<\/li>\n<\/ul>\n<p><a title=\"Return to Other procedures\" href=\"https:\/\/www.heartfailurematters.org\/pt-pt\/o-que-o-seu-medico-ou-enfermeiro-pode-fazer\/outros-procedimentos\/\">Voltar \u00e0 sec\u00e7\u00e3o Outros procedimentos<\/a><\/p>\n","protected":false},"excerpt":{"rendered":"<p>Por que motivo \u00e9 feito? Em cardiologia, um stent \u00e9 um tubo de rede min\u00fasculo fabricado com materiais artificiais que atua como uma esp\u00e9cie de suporte para manter aberta uma art\u00e9ria obstru\u00edda. A coloca\u00e7\u00e3o do stent aumenta a probabilidade de a art\u00e9ria permanecer dilatada ou desobstru\u00edda ap\u00f3s uma interven\u00e7\u00e3o coron\u00e1ria percut\u00e2nea (ICP). O que implica? [&hellip;]<\/p>\n","protected":false},"author":1,"featured_media":12494,"parent":13171,"menu_order":0,"comment_status":"open","ping_status":"open","template":"","meta":{"_acf_changed":false,"footnotes":""},"categories":[],"tags":[],"class_list":["post-12651","page","type-page","status-publish","has-post-thumbnail","hentry"],"acf":[],"yoast_head":"<!-- This site is optimized with the Yoast SEO plugin v24.8.1 - https:\/\/yoast.com\/wordpress\/plugins\/seo\/ -->\n<title>Coloca\u00e7\u00e3o de stent e doentes com insufici\u00eancia card\u00edaca<\/title>\n<meta name=\"description\" content=\"Um stent \u00e9 um pequeno tubo de malha de a\u00e7o inoxid\u00e1vel que atua como uma esp\u00e9cie de andaime para manter aberta uma art\u00e9ria que ficou bloqueada. Saiba mais\" \/>\n<meta name=\"robots\" content=\"index, follow, max-snippet:-1, max-image-preview:large, max-video-preview:-1\" \/>\n<link rel=\"canonical\" href=\"https:\/\/www.heartfailurematters.org\/pt-br\/o-que-o-seu-medico-ou-enfermeiro-pode-fazer\/colocacao-de-stent\/\" \/>\n<meta property=\"og:locale\" content=\"pt_BR\" \/>\n<meta property=\"og:type\" content=\"article\" \/>\n<meta property=\"og:title\" content=\"Coloca\u00e7\u00e3o de stent e doentes com insufici\u00eancia card\u00edaca\" \/>\n<meta property=\"og:description\" content=\"Um stent \u00e9 um pequeno tubo de malha de a\u00e7o inoxid\u00e1vel que atua como uma esp\u00e9cie de andaime para manter aberta uma art\u00e9ria que ficou bloqueada. Saiba mais\" \/>\n<meta property=\"og:url\" content=\"https:\/\/www.heartfailurematters.org\/pt-br\/o-que-o-seu-medico-ou-enfermeiro-pode-fazer\/colocacao-de-stent\/\" \/>\n<meta property=\"og:site_name\" content=\"Heart Failure Matters\" \/>\n<meta property=\"article:publisher\" content=\"https:\/\/www.facebook.com\/heartfailurematters\" \/>\n<meta property=\"og:image\" content=\"https:\/\/www.heartfailurematters.org\/wp-content\/uploads\/2022\/02\/shutterstock_26945083-1-min.jpg\" \/>\n\t<meta property=\"og:image:width\" content=\"900\" \/>\n\t<meta property=\"og:image:height\" content=\"600\" \/>\n\t<meta property=\"og:image:type\" content=\"image\/jpeg\" \/>\n<meta name=\"twitter:card\" content=\"summary_large_image\" \/>\n<meta name=\"twitter:label1\" content=\"Est. tempo de leitura\" \/>\n\t<meta name=\"twitter:data1\" content=\"1 minuto\" \/>\n<script type=\"application\/ld+json\" class=\"yoast-schema-graph\">{\"@context\":\"https:\/\/schema.org\",\"@graph\":[{\"@type\":\"WebPage\",\"@id\":\"https:\/\/www.heartfailurematters.org\/pt-br\/o-que-o-seu-medico-ou-enfermeiro-pode-fazer\/colocacao-de-stent\/\",\"url\":\"https:\/\/www.heartfailurematters.org\/pt-br\/o-que-o-seu-medico-ou-enfermeiro-pode-fazer\/colocacao-de-stent\/\",\"name\":\"Coloca\u00e7\u00e3o de stent e doentes com insufici\u00eancia card\u00edaca\",\"isPartOf\":{\"@id\":\"https:\/\/www.heartfailurematters.org\/pt-br\/#website\"},\"primaryImageOfPage\":{\"@id\":\"https:\/\/www.heartfailurematters.org\/pt-br\/o-que-o-seu-medico-ou-enfermeiro-pode-fazer\/colocacao-de-stent\/#primaryimage\"},\"image\":{\"@id\":\"https:\/\/www.heartfailurematters.org\/pt-br\/o-que-o-seu-medico-ou-enfermeiro-pode-fazer\/colocacao-de-stent\/#primaryimage\"},\"thumbnailUrl\":\"https:\/\/www.heartfailurematters.org\/wp-content\/uploads\/2022\/02\/shutterstock_26945083-1-min.jpg\",\"datePublished\":\"2021-01-27T22:05:45+00:00\",\"description\":\"Um stent \u00e9 um pequeno tubo de malha de a\u00e7o inoxid\u00e1vel que atua como uma esp\u00e9cie de andaime para manter aberta uma art\u00e9ria que ficou bloqueada. Saiba mais\",\"breadcrumb\":{\"@id\":\"https:\/\/www.heartfailurematters.org\/pt-br\/o-que-o-seu-medico-ou-enfermeiro-pode-fazer\/colocacao-de-stent\/#breadcrumb\"},\"inLanguage\":\"pt-BR\",\"potentialAction\":[{\"@type\":\"ReadAction\",\"target\":[\"https:\/\/www.heartfailurematters.org\/pt-br\/o-que-o-seu-medico-ou-enfermeiro-pode-fazer\/colocacao-de-stent\/\"]}]},{\"@type\":\"ImageObject\",\"inLanguage\":\"pt-BR\",\"@id\":\"https:\/\/www.heartfailurematters.org\/pt-br\/o-que-o-seu-medico-ou-enfermeiro-pode-fazer\/colocacao-de-stent\/#primaryimage\",\"url\":\"https:\/\/www.heartfailurematters.org\/wp-content\/uploads\/2022\/02\/shutterstock_26945083-1-min.jpg\",\"contentUrl\":\"https:\/\/www.heartfailurematters.org\/wp-content\/uploads\/2022\/02\/shutterstock_26945083-1-min.jpg\",\"width\":900,\"height\":600},{\"@type\":\"BreadcrumbList\",\"@id\":\"https:\/\/www.heartfailurematters.org\/pt-br\/o-que-o-seu-medico-ou-enfermeiro-pode-fazer\/colocacao-de-stent\/#breadcrumb\",\"itemListElement\":[{\"@type\":\"ListItem\",\"position\":1,\"name\":\"P\u00e1gina inicial\",\"item\":\"https:\/\/www.heartfailurematters.org\/pt-br\/\"},{\"@type\":\"ListItem\",\"position\":2,\"name\":\"O que o seu m\u00e9dico pode fazer\",\"item\":\"https:\/\/www.heartfailurematters.org\/pt-br\/o-que-o-seu-medico-ou-enfermeiro-pode-fazer\/\"},{\"@type\":\"ListItem\",\"position\":3,\"name\":\"Coloca\u00e7\u00e3o de stent\"}]},{\"@type\":\"WebSite\",\"@id\":\"https:\/\/www.heartfailurematters.org\/pt-br\/#website\",\"url\":\"https:\/\/www.heartfailurematters.org\/pt-br\/\",\"name\":\"Heart Failure Matters\",\"description\":\"Practical information for patients, families and caregivers.\",\"publisher\":{\"@id\":\"https:\/\/www.heartfailurematters.org\/pt-br\/#organization\"},\"potentialAction\":[{\"@type\":\"SearchAction\",\"target\":{\"@type\":\"EntryPoint\",\"urlTemplate\":\"https:\/\/www.heartfailurematters.org\/pt-br\/?s={search_term_string}\"},\"query-input\":{\"@type\":\"PropertyValueSpecification\",\"valueRequired\":true,\"valueName\":\"search_term_string\"}}],\"inLanguage\":\"pt-BR\"},{\"@type\":\"Organization\",\"@id\":\"https:\/\/www.heartfailurematters.org\/pt-br\/#organization\",\"name\":\"Heart Failure Matters\",\"url\":\"https:\/\/www.heartfailurematters.org\/pt-br\/\",\"logo\":{\"@type\":\"ImageObject\",\"inLanguage\":\"pt-BR\",\"@id\":\"https:\/\/www.heartfailurematters.org\/pt-br\/#\/schema\/logo\/image\/\",\"url\":\"https:\/\/cdn-endpoint-hfm.azureedge.net\/heartfailurematters\/2024\/07\/hfm-logo1.jpg\",\"contentUrl\":\"https:\/\/cdn-endpoint-hfm.azureedge.net\/heartfailurematters\/2024\/07\/hfm-logo1.jpg\",\"width\":1280,\"height\":720,\"caption\":\"Heart Failure Matters\"},\"image\":{\"@id\":\"https:\/\/www.heartfailurematters.org\/pt-br\/#\/schema\/logo\/image\/\"},\"sameAs\":[\"https:\/\/www.facebook.com\/heartfailurematters\"]}]}<\/script>\n<!-- \/ Yoast SEO plugin. -->","yoast_head_json":{"title":"Coloca\u00e7\u00e3o de stent e doentes com insufici\u00eancia card\u00edaca","description":"Um stent \u00e9 um pequeno tubo de malha de a\u00e7o inoxid\u00e1vel que atua como uma esp\u00e9cie de andaime para manter aberta uma art\u00e9ria que ficou bloqueada. Saiba mais","robots":{"index":"index","follow":"follow","max-snippet":"max-snippet:-1","max-image-preview":"max-image-preview:large","max-video-preview":"max-video-preview:-1"},"canonical":"https:\/\/www.heartfailurematters.org\/pt-br\/o-que-o-seu-medico-ou-enfermeiro-pode-fazer\/colocacao-de-stent\/","og_locale":"pt_BR","og_type":"article","og_title":"Coloca\u00e7\u00e3o de stent e doentes com insufici\u00eancia card\u00edaca","og_description":"Um stent \u00e9 um pequeno tubo de malha de a\u00e7o inoxid\u00e1vel que atua como uma esp\u00e9cie de andaime para manter aberta uma art\u00e9ria que ficou bloqueada. Saiba mais","og_url":"https:\/\/www.heartfailurematters.org\/pt-br\/o-que-o-seu-medico-ou-enfermeiro-pode-fazer\/colocacao-de-stent\/","og_site_name":"Heart Failure Matters","article_publisher":"https:\/\/www.facebook.com\/heartfailurematters","og_image":[{"width":900,"height":600,"url":"https:\/\/www.heartfailurematters.org\/wp-content\/uploads\/2022\/02\/shutterstock_26945083-1-min.jpg","type":"image\/jpeg"}],"twitter_card":"summary_large_image","twitter_misc":{"Est. tempo de leitura":"1 minuto"},"schema":{"@context":"https:\/\/schema.org","@graph":[{"@type":"WebPage","@id":"https:\/\/www.heartfailurematters.org\/pt-br\/o-que-o-seu-medico-ou-enfermeiro-pode-fazer\/colocacao-de-stent\/","url":"https:\/\/www.heartfailurematters.org\/pt-br\/o-que-o-seu-medico-ou-enfermeiro-pode-fazer\/colocacao-de-stent\/","name":"Coloca\u00e7\u00e3o de stent e doentes com insufici\u00eancia card\u00edaca","isPartOf":{"@id":"https:\/\/www.heartfailurematters.org\/pt-br\/#website"},"primaryImageOfPage":{"@id":"https:\/\/www.heartfailurematters.org\/pt-br\/o-que-o-seu-medico-ou-enfermeiro-pode-fazer\/colocacao-de-stent\/#primaryimage"},"image":{"@id":"https:\/\/www.heartfailurematters.org\/pt-br\/o-que-o-seu-medico-ou-enfermeiro-pode-fazer\/colocacao-de-stent\/#primaryimage"},"thumbnailUrl":"https:\/\/www.heartfailurematters.org\/wp-content\/uploads\/2022\/02\/shutterstock_26945083-1-min.jpg","datePublished":"2021-01-27T22:05:45+00:00","description":"Um stent \u00e9 um pequeno tubo de malha de a\u00e7o inoxid\u00e1vel que atua como uma esp\u00e9cie de andaime para manter aberta uma art\u00e9ria que ficou bloqueada. Saiba mais","breadcrumb":{"@id":"https:\/\/www.heartfailurematters.org\/pt-br\/o-que-o-seu-medico-ou-enfermeiro-pode-fazer\/colocacao-de-stent\/#breadcrumb"},"inLanguage":"pt-BR","potentialAction":[{"@type":"ReadAction","target":["https:\/\/www.heartfailurematters.org\/pt-br\/o-que-o-seu-medico-ou-enfermeiro-pode-fazer\/colocacao-de-stent\/"]}]},{"@type":"ImageObject","inLanguage":"pt-BR","@id":"https:\/\/www.heartfailurematters.org\/pt-br\/o-que-o-seu-medico-ou-enfermeiro-pode-fazer\/colocacao-de-stent\/#primaryimage","url":"https:\/\/www.heartfailurematters.org\/wp-content\/uploads\/2022\/02\/shutterstock_26945083-1-min.jpg","contentUrl":"https:\/\/www.heartfailurematters.org\/wp-content\/uploads\/2022\/02\/shutterstock_26945083-1-min.jpg","width":900,"height":600},{"@type":"BreadcrumbList","@id":"https:\/\/www.heartfailurematters.org\/pt-br\/o-que-o-seu-medico-ou-enfermeiro-pode-fazer\/colocacao-de-stent\/#breadcrumb","itemListElement":[{"@type":"ListItem","position":1,"name":"P\u00e1gina inicial","item":"https:\/\/www.heartfailurematters.org\/pt-br\/"},{"@type":"ListItem","position":2,"name":"O que o seu m\u00e9dico pode fazer","item":"https:\/\/www.heartfailurematters.org\/pt-br\/o-que-o-seu-medico-ou-enfermeiro-pode-fazer\/"},{"@type":"ListItem","position":3,"name":"Coloca\u00e7\u00e3o de stent"}]},{"@type":"WebSite","@id":"https:\/\/www.heartfailurematters.org\/pt-br\/#website","url":"https:\/\/www.heartfailurematters.org\/pt-br\/","name":"Heart Failure Matters","description":"Practical information for patients, families and caregivers.","publisher":{"@id":"https:\/\/www.heartfailurematters.org\/pt-br\/#organization"},"potentialAction":[{"@type":"SearchAction","target":{"@type":"EntryPoint","urlTemplate":"https:\/\/www.heartfailurematters.org\/pt-br\/?s={search_term_string}"},"query-input":{"@type":"PropertyValueSpecification","valueRequired":true,"valueName":"search_term_string"}}],"inLanguage":"pt-BR"},{"@type":"Organization","@id":"https:\/\/www.heartfailurematters.org\/pt-br\/#organization","name":"Heart Failure Matters","url":"https:\/\/www.heartfailurematters.org\/pt-br\/","logo":{"@type":"ImageObject","inLanguage":"pt-BR","@id":"https:\/\/www.heartfailurematters.org\/pt-br\/#\/schema\/logo\/image\/","url":"https:\/\/cdn-endpoint-hfm.azureedge.net\/heartfailurematters\/2024\/07\/hfm-logo1.jpg","contentUrl":"https:\/\/cdn-endpoint-hfm.azureedge.net\/heartfailurematters\/2024\/07\/hfm-logo1.jpg","width":1280,"height":720,"caption":"Heart Failure Matters"},"image":{"@id":"https:\/\/www.heartfailurematters.org\/pt-br\/#\/schema\/logo\/image\/"},"sameAs":["https:\/\/www.facebook.com\/heartfailurematters"]}]}},"_links":{"self":[{"href":"https:\/\/www.heartfailurematters.org\/pt-br\/wp-json\/wp\/v2\/pages\/12651","targetHints":{"allow":["GET"]}}],"collection":[{"href":"https:\/\/www.heartfailurematters.org\/pt-br\/wp-json\/wp\/v2\/pages"}],"about":[{"href":"https:\/\/www.heartfailurematters.org\/pt-br\/wp-json\/wp\/v2\/types\/page"}],"author":[{"embeddable":true,"href":"https:\/\/www.heartfailurematters.org\/pt-br\/wp-json\/wp\/v2\/users\/1"}],"replies":[{"embeddable":true,"href":"https:\/\/www.heartfailurematters.org\/pt-br\/wp-json\/wp\/v2\/comments?post=12651"}],"version-history":[{"count":0,"href":"https:\/\/www.heartfailurematters.org\/pt-br\/wp-json\/wp\/v2\/pages\/12651\/revisions"}],"up":[{"embeddable":true,"href":"https:\/\/www.heartfailurematters.org\/pt-br\/wp-json\/wp\/v2\/pages\/13171"}],"wp:featuredmedia":[{"embeddable":true,"href":"https:\/\/www.heartfailurematters.org\/pt-br\/wp-json\/wp\/v2\/media\/12494"}],"wp:attachment":[{"href":"https:\/\/www.heartfailurematters.org\/pt-br\/wp-json\/wp\/v2\/media?parent=12651"}],"wp:term":[{"taxonomy":"category","embeddable":true,"href":"https:\/\/www.heartfailurematters.org\/pt-br\/wp-json\/wp\/v2\/categories?post=12651"},{"taxonomy":"post_tag","embeddable":true,"href":"https:\/\/www.heartfailurematters.org\/pt-br\/wp-json\/wp\/v2\/tags?post=12651"}],"curies":[{"name":"wp","href":"https:\/\/api.w.org\/{rel}","templated":true}]}}