{"id":12648,"date":"2021-01-27T22:05:45","date_gmt":"2021-01-27T22:05:45","guid":{"rendered":"https:\/\/www.heartfailurematters.org\/o-que-o-seu-medico-ou-enfermeiro-pode-fazer\/ablacao-por-cateter-de-arritmias-na-insuficiencia-cardiaca\/"},"modified":"2021-01-27T22:05:45","modified_gmt":"2021-01-27T22:05:45","slug":"ablacao-por-cateter-de-arritmias-na-insuficiencia-cardiaca","status":"publish","type":"page","link":"https:\/\/www.heartfailurematters.org\/pt-br\/o-que-o-seu-medico-ou-enfermeiro-pode-fazer\/ablacao-por-cateter-de-arritmias-na-insuficiencia-cardiaca\/","title":{"rendered":"Abla\u00e7\u00e3o por cateter de arritmias na insufici\u00eancia card\u00edaca"},"content":{"rendered":"<h2>Como funciona?<\/h2>\n<p>Os epis\u00f3dios de batimento card\u00edaco r\u00e1pido (arritmias ventriculares ou supraventriculares) s\u00e3o muito comuns na trajet\u00f3ria natural da insufici\u00eancia card\u00edaca cr\u00f3nica, e s\u00e3o frequentemente associados ao agravamento dos sintomas que poder\u00e1 exigir internamento. A terapia m\u00e9dica da insufici\u00eancia card\u00edaca reduz a frequ\u00eancia dessas complica\u00e7\u00f5es, mas frequentemente n\u00e3o consegue elimin\u00e1-las. Quando o risco de arritmias ventriculares for elevado, pode ser implantado um desfibrilador card\u00edaco implant\u00e1vel (DCI) para tratar essas arritmias graves que podem causar o agravamento dos sintomas ou morte s\u00fabita. No entanto, um DCI n\u00e3o reduz a incid\u00eancia das arritmias e os medicamentos espec\u00edficos que poder\u00e3o reduzir essas perturba\u00e7\u00f5es poder\u00e3o ser contraindicados na insufici\u00eancia card\u00edaca<\/p>\n<p>Nesses casos, a abla\u00e7\u00e3o por cateter \u00e9 a terapia mais eficaz para reduzir a arritmia. Na insufici\u00eancia card\u00edaca, as mudan\u00e7as celulares poder\u00e3o alterar o padr\u00e3o da ativa\u00e7\u00e3o el\u00e9trica. Por conseguinte, algumas partes do cora\u00e7\u00e3o poder\u00e3o ser ativadas espontaneamente (contra\u00e7\u00e3o ventricular prematura) ou fazer parte de um ciclo el\u00e9trico, entrarem novamente no sistema que poder\u00e1 perpetuar e causar um batimento card\u00edaco elevado persistente. A abla\u00e7\u00e3o por cateter visa criar cicatrizes superficiais com a utiliza\u00e7\u00e3o de um cateter de radiofrequ\u00eancia ou uma aplica\u00e7\u00e3o fria com um criobal\u00e3o, no sistema de condu\u00e7\u00e3o el\u00e9trica do cora\u00e7\u00e3o para eliminar a \u00e1rea que originou a arritmia. Da mesma forma, a abla\u00e7\u00e3o por cateter poder\u00e1 ser eficaz na elimina\u00e7\u00e3o ou redu\u00e7\u00e3o da frequ\u00eancia da fibrila\u00e7\u00e3o atrial.<\/p>\n<h2>A abla\u00e7\u00e3o por cateter \u00e9 utilizada por duas raz\u00f5es principais<\/h2>\n<ul>\n<li>Para reduzir os epis\u00f3dios de batimento card\u00edaco r\u00e1pido induzido pelas arritmias supraventricular (flutter atrial e fibrila\u00e7\u00e3o atrial) ou ventricular.<\/li>\n<li>Para reduzir o risco de morte card\u00edaca s\u00fabita (taquicardia ventricular e fibrila\u00e7\u00e3o ventricular).<\/li>\n<\/ul>\n<p>H\u00e1 v\u00e1rias d\u00e9cadas que se utiliza a abla\u00e7\u00e3o por cateter e esta demonstrou reduzir as arritmias de forma eficaz e melhorar a fun\u00e7\u00e3o card\u00edaca em casos espec\u00edficos. Os avan\u00e7os tecnol\u00f3gicos da abla\u00e7\u00e3o por cateter permitem o tratamento de arritmias mais complexas em todas as cavidades card\u00edacas.<\/p>\n<h2>A abla\u00e7\u00e3o por cateter \u00e9 constitu\u00edda por tr\u00eas partes<\/h2>\n<ul>\n<li>Um cateter de diagn\u00f3stico para localizar os sinais el\u00e9tricos e tra\u00e7ar o padr\u00e3o de condu\u00e7\u00e3o.<\/li>\n<li>Um cateter por abla\u00e7\u00e3o para criar cicatrizes com diferentes tipos de energia (radiofrequ\u00eancia e crioterapia).<\/li>\n<li>Sistema para localizar a posi\u00e7\u00e3o do cateter no cora\u00e7\u00e3o (fluoroscopia ou sistema tridimensional).<\/li>\n<\/ul>\n<h2>Como \u00e9 realizado?<\/h2>\n<p>A inser\u00e7\u00e3o do cateter no cora\u00e7\u00e3o \u00e9 realizado atrav\u00e9s de uma veia femoral com anestesia local. A primeira parte do procedimento consiste no estudo e localiza\u00e7\u00e3o da origem da arritmia. Em seguida, a abla\u00e7\u00e3o por cateter exige uma anestesia geral ou seda\u00e7\u00e3o. S\u00e3o realizadas v\u00e1rias aplica\u00e7\u00f5es de energia para criar uma cicatriz nas \u00e1reas adequadas. O sucesso deste procedimento \u00e9 normalmente testado para demonstrar que n\u00e3o \u00e9 poss\u00edvel causar a condu\u00e7\u00e3o el\u00e9trica anormal, que define a conclus\u00e3o do procedimento<\/p>\n<h2>Ap\u00f3s o procedimento<\/h2>\n<p>Ap\u00f3s o procedimento, o doente permanece entre 24 e 48 horas na enfermaria de Cardiologia para ser poss\u00edvel controlar a eventual recorr\u00eancia da arritmia. Dependendo da arritmia e do procedimento, poder\u00e1 ser solicitado ao doente que descanse um pouco durante alguns dias.<\/p>\n<p>Os efeitos secund\u00e1rios potencialmente raros, mas poss\u00edveis, poder\u00e3o incluir: hemorragia, necessidade de cirurgia card\u00edaca, embolismo, arritmia ou bloqueio atrioventricular que requer um pacemaker.<\/p>\n<p>As recorr\u00eancias de arritmia podem ser observadas nos primeiros meses devido a algumas altera\u00e7\u00f5es durante o processo de cura. O procedimento de abla\u00e7\u00e3o por cateter pode ser realizado v\u00e1rias vezes para tratar a recorr\u00eancia ou outras arritmias que poder\u00e3o desenvolver.<\/p>\n<p>Para obter mais informa\u00e7\u00f5es, fale com o seu m\u00e9dico ou enfermeiro.<\/p>\n<p><a href=\"https:\/\/www.heartfailurematters.org\/what-your-doctor-can-do\/other-procedures\/\">Voltar \u00e0 sec\u00e7\u00e3o Outros procedimentos<\/a><\/p>\n","protected":false},"excerpt":{"rendered":"<p>Como funciona? Os epis\u00f3dios de batimento card\u00edaco r\u00e1pido (arritmias ventriculares ou supraventriculares) s\u00e3o muito comuns na trajet\u00f3ria natural da insufici\u00eancia card\u00edaca cr\u00f3nica, e s\u00e3o frequentemente associados ao agravamento dos sintomas que poder\u00e1 exigir internamento. A terapia m\u00e9dica da insufici\u00eancia card\u00edaca reduz a frequ\u00eancia dessas complica\u00e7\u00f5es, mas frequentemente n\u00e3o consegue elimin\u00e1-las. Quando o risco de arritmias [&hellip;]<\/p>\n","protected":false},"author":1,"featured_media":12494,"parent":13171,"menu_order":0,"comment_status":"open","ping_status":"open","template":"","meta":{"_acf_changed":false,"footnotes":""},"categories":[],"tags":[],"class_list":["post-12648","page","type-page","status-publish","has-post-thumbnail","hentry"],"acf":[],"yoast_head":"<!-- This site is optimized with the Yoast SEO plugin v24.8.1 - https:\/\/yoast.com\/wordpress\/plugins\/seo\/ -->\n<title>Abla\u00e7\u00e3o por cateter de arritmias na insufici\u00eancia card\u00edaca<\/title>\n<meta name=\"description\" content=\"Epis\u00f3dios de batimento card\u00edaco r\u00e1pido (arritmias supraventriculares\/ventriculares) est\u00e3o muitas vezes associados ao agravamento de sintomas da insuf. card\u00edaca.\" \/>\n<meta name=\"robots\" content=\"index, follow, max-snippet:-1, max-image-preview:large, max-video-preview:-1\" \/>\n<link rel=\"canonical\" href=\"https:\/\/www.heartfailurematters.org\/pt-br\/o-que-o-seu-medico-ou-enfermeiro-pode-fazer\/ablacao-por-cateter-de-arritmias-na-insuficiencia-cardiaca\/\" \/>\n<meta property=\"og:locale\" content=\"pt_BR\" \/>\n<meta property=\"og:type\" content=\"article\" \/>\n<meta property=\"og:title\" content=\"Abla\u00e7\u00e3o por cateter de arritmias na insufici\u00eancia card\u00edaca\" \/>\n<meta property=\"og:description\" content=\"Epis\u00f3dios de batimento card\u00edaco r\u00e1pido (arritmias supraventriculares\/ventriculares) est\u00e3o muitas vezes associados ao agravamento de sintomas da insuf. card\u00edaca.\" \/>\n<meta property=\"og:url\" content=\"https:\/\/www.heartfailurematters.org\/pt-br\/o-que-o-seu-medico-ou-enfermeiro-pode-fazer\/ablacao-por-cateter-de-arritmias-na-insuficiencia-cardiaca\/\" \/>\n<meta property=\"og:site_name\" content=\"Heart Failure Matters\" \/>\n<meta property=\"article:publisher\" content=\"https:\/\/www.facebook.com\/heartfailurematters\" \/>\n<meta property=\"og:image\" content=\"https:\/\/www.heartfailurematters.org\/wp-content\/uploads\/2022\/02\/shutterstock_26945083-1-min.jpg?_t=1773224778\" \/>\n\t<meta property=\"og:image:width\" content=\"900\" \/>\n\t<meta property=\"og:image:height\" content=\"600\" \/>\n\t<meta property=\"og:image:type\" content=\"image\/jpeg\" \/>\n<meta name=\"twitter:card\" content=\"summary_large_image\" \/>\n<meta name=\"twitter:label1\" content=\"Est. tempo de leitura\" \/>\n\t<meta name=\"twitter:data1\" content=\"3 minutos\" \/>\n<script type=\"application\/ld+json\" class=\"yoast-schema-graph\">{\"@context\":\"https:\/\/schema.org\",\"@graph\":[{\"@type\":\"WebPage\",\"@id\":\"https:\/\/www.heartfailurematters.org\/pt-br\/o-que-o-seu-medico-ou-enfermeiro-pode-fazer\/ablacao-por-cateter-de-arritmias-na-insuficiencia-cardiaca\/\",\"url\":\"https:\/\/www.heartfailurematters.org\/pt-br\/o-que-o-seu-medico-ou-enfermeiro-pode-fazer\/ablacao-por-cateter-de-arritmias-na-insuficiencia-cardiaca\/\",\"name\":\"Abla\u00e7\u00e3o por cateter de arritmias na insufici\u00eancia card\u00edaca\",\"isPartOf\":{\"@id\":\"https:\/\/www.heartfailurematters.org\/pt-br\/#website\"},\"primaryImageOfPage\":{\"@id\":\"https:\/\/www.heartfailurematters.org\/pt-br\/o-que-o-seu-medico-ou-enfermeiro-pode-fazer\/ablacao-por-cateter-de-arritmias-na-insuficiencia-cardiaca\/#primaryimage\"},\"image\":{\"@id\":\"https:\/\/www.heartfailurematters.org\/pt-br\/o-que-o-seu-medico-ou-enfermeiro-pode-fazer\/ablacao-por-cateter-de-arritmias-na-insuficiencia-cardiaca\/#primaryimage\"},\"thumbnailUrl\":\"https:\/\/www.heartfailurematters.org\/wp-content\/uploads\/2022\/02\/shutterstock_26945083-1-min.jpg\",\"datePublished\":\"2021-01-27T22:05:45+00:00\",\"description\":\"Epis\u00f3dios de batimento card\u00edaco r\u00e1pido (arritmias supraventriculares\/ventriculares) est\u00e3o muitas vezes associados ao agravamento de sintomas da insuf. card\u00edaca.\",\"breadcrumb\":{\"@id\":\"https:\/\/www.heartfailurematters.org\/pt-br\/o-que-o-seu-medico-ou-enfermeiro-pode-fazer\/ablacao-por-cateter-de-arritmias-na-insuficiencia-cardiaca\/#breadcrumb\"},\"inLanguage\":\"pt-BR\",\"potentialAction\":[{\"@type\":\"ReadAction\",\"target\":[\"https:\/\/www.heartfailurematters.org\/pt-br\/o-que-o-seu-medico-ou-enfermeiro-pode-fazer\/ablacao-por-cateter-de-arritmias-na-insuficiencia-cardiaca\/\"]}]},{\"@type\":\"ImageObject\",\"inLanguage\":\"pt-BR\",\"@id\":\"https:\/\/www.heartfailurematters.org\/pt-br\/o-que-o-seu-medico-ou-enfermeiro-pode-fazer\/ablacao-por-cateter-de-arritmias-na-insuficiencia-cardiaca\/#primaryimage\",\"url\":\"https:\/\/www.heartfailurematters.org\/wp-content\/uploads\/2022\/02\/shutterstock_26945083-1-min.jpg\",\"contentUrl\":\"https:\/\/www.heartfailurematters.org\/wp-content\/uploads\/2022\/02\/shutterstock_26945083-1-min.jpg\",\"width\":900,\"height\":600},{\"@type\":\"BreadcrumbList\",\"@id\":\"https:\/\/www.heartfailurematters.org\/pt-br\/o-que-o-seu-medico-ou-enfermeiro-pode-fazer\/ablacao-por-cateter-de-arritmias-na-insuficiencia-cardiaca\/#breadcrumb\",\"itemListElement\":[{\"@type\":\"ListItem\",\"position\":1,\"name\":\"P\u00e1gina inicial\",\"item\":\"https:\/\/www.heartfailurematters.org\/pt-br\/\"},{\"@type\":\"ListItem\",\"position\":2,\"name\":\"O que o seu m\u00e9dico pode fazer\",\"item\":\"https:\/\/www.heartfailurematters.org\/pt-br\/o-que-o-seu-medico-ou-enfermeiro-pode-fazer\/\"},{\"@type\":\"ListItem\",\"position\":3,\"name\":\"Abla\u00e7\u00e3o por cateter de arritmias na insufici\u00eancia card\u00edaca\"}]},{\"@type\":\"WebSite\",\"@id\":\"https:\/\/www.heartfailurematters.org\/pt-br\/#website\",\"url\":\"https:\/\/www.heartfailurematters.org\/pt-br\/\",\"name\":\"Heart Failure Matters\",\"description\":\"Practical information for patients, families and caregivers.\",\"publisher\":{\"@id\":\"https:\/\/www.heartfailurematters.org\/pt-br\/#organization\"},\"potentialAction\":[{\"@type\":\"SearchAction\",\"target\":{\"@type\":\"EntryPoint\",\"urlTemplate\":\"https:\/\/www.heartfailurematters.org\/pt-br\/?s={search_term_string}\"},\"query-input\":{\"@type\":\"PropertyValueSpecification\",\"valueRequired\":true,\"valueName\":\"search_term_string\"}}],\"inLanguage\":\"pt-BR\"},{\"@type\":\"Organization\",\"@id\":\"https:\/\/www.heartfailurematters.org\/pt-br\/#organization\",\"name\":\"Heart Failure Matters\",\"url\":\"https:\/\/www.heartfailurematters.org\/pt-br\/\",\"logo\":{\"@type\":\"ImageObject\",\"inLanguage\":\"pt-BR\",\"@id\":\"https:\/\/www.heartfailurematters.org\/pt-br\/#\/schema\/logo\/image\/\",\"url\":\"https:\/\/cdn-endpoint-hfm.azureedge.net\/heartfailurematters\/2024\/07\/hfm-logo1.jpg\",\"contentUrl\":\"https:\/\/cdn-endpoint-hfm.azureedge.net\/heartfailurematters\/2024\/07\/hfm-logo1.jpg\",\"width\":1280,\"height\":720,\"caption\":\"Heart Failure Matters\"},\"image\":{\"@id\":\"https:\/\/www.heartfailurematters.org\/pt-br\/#\/schema\/logo\/image\/\"},\"sameAs\":[\"https:\/\/www.facebook.com\/heartfailurematters\"]}]}<\/script>\n<!-- \/ Yoast SEO plugin. -->","yoast_head_json":{"title":"Abla\u00e7\u00e3o por cateter de arritmias na insufici\u00eancia card\u00edaca","description":"Epis\u00f3dios de batimento card\u00edaco r\u00e1pido (arritmias supraventriculares\/ventriculares) est\u00e3o muitas vezes associados ao agravamento de sintomas da insuf. card\u00edaca.","robots":{"index":"index","follow":"follow","max-snippet":"max-snippet:-1","max-image-preview":"max-image-preview:large","max-video-preview":"max-video-preview:-1"},"canonical":"https:\/\/www.heartfailurematters.org\/pt-br\/o-que-o-seu-medico-ou-enfermeiro-pode-fazer\/ablacao-por-cateter-de-arritmias-na-insuficiencia-cardiaca\/","og_locale":"pt_BR","og_type":"article","og_title":"Abla\u00e7\u00e3o por cateter de arritmias na insufici\u00eancia card\u00edaca","og_description":"Epis\u00f3dios de batimento card\u00edaco r\u00e1pido (arritmias supraventriculares\/ventriculares) est\u00e3o muitas vezes associados ao agravamento de sintomas da insuf. card\u00edaca.","og_url":"https:\/\/www.heartfailurematters.org\/pt-br\/o-que-o-seu-medico-ou-enfermeiro-pode-fazer\/ablacao-por-cateter-de-arritmias-na-insuficiencia-cardiaca\/","og_site_name":"Heart Failure Matters","article_publisher":"https:\/\/www.facebook.com\/heartfailurematters","og_image":[{"width":900,"height":600,"url":"https:\/\/www.heartfailurematters.org\/wp-content\/uploads\/2022\/02\/shutterstock_26945083-1-min.jpg?_t=1773224778","type":"image\/jpeg"}],"twitter_card":"summary_large_image","twitter_misc":{"Est. tempo de leitura":"3 minutos"},"schema":{"@context":"https:\/\/schema.org","@graph":[{"@type":"WebPage","@id":"https:\/\/www.heartfailurematters.org\/pt-br\/o-que-o-seu-medico-ou-enfermeiro-pode-fazer\/ablacao-por-cateter-de-arritmias-na-insuficiencia-cardiaca\/","url":"https:\/\/www.heartfailurematters.org\/pt-br\/o-que-o-seu-medico-ou-enfermeiro-pode-fazer\/ablacao-por-cateter-de-arritmias-na-insuficiencia-cardiaca\/","name":"Abla\u00e7\u00e3o por cateter de arritmias na insufici\u00eancia card\u00edaca","isPartOf":{"@id":"https:\/\/www.heartfailurematters.org\/pt-br\/#website"},"primaryImageOfPage":{"@id":"https:\/\/www.heartfailurematters.org\/pt-br\/o-que-o-seu-medico-ou-enfermeiro-pode-fazer\/ablacao-por-cateter-de-arritmias-na-insuficiencia-cardiaca\/#primaryimage"},"image":{"@id":"https:\/\/www.heartfailurematters.org\/pt-br\/o-que-o-seu-medico-ou-enfermeiro-pode-fazer\/ablacao-por-cateter-de-arritmias-na-insuficiencia-cardiaca\/#primaryimage"},"thumbnailUrl":"https:\/\/www.heartfailurematters.org\/wp-content\/uploads\/2022\/02\/shutterstock_26945083-1-min.jpg","datePublished":"2021-01-27T22:05:45+00:00","description":"Epis\u00f3dios de batimento card\u00edaco r\u00e1pido (arritmias supraventriculares\/ventriculares) est\u00e3o muitas vezes associados ao agravamento de sintomas da insuf. card\u00edaca.","breadcrumb":{"@id":"https:\/\/www.heartfailurematters.org\/pt-br\/o-que-o-seu-medico-ou-enfermeiro-pode-fazer\/ablacao-por-cateter-de-arritmias-na-insuficiencia-cardiaca\/#breadcrumb"},"inLanguage":"pt-BR","potentialAction":[{"@type":"ReadAction","target":["https:\/\/www.heartfailurematters.org\/pt-br\/o-que-o-seu-medico-ou-enfermeiro-pode-fazer\/ablacao-por-cateter-de-arritmias-na-insuficiencia-cardiaca\/"]}]},{"@type":"ImageObject","inLanguage":"pt-BR","@id":"https:\/\/www.heartfailurematters.org\/pt-br\/o-que-o-seu-medico-ou-enfermeiro-pode-fazer\/ablacao-por-cateter-de-arritmias-na-insuficiencia-cardiaca\/#primaryimage","url":"https:\/\/www.heartfailurematters.org\/wp-content\/uploads\/2022\/02\/shutterstock_26945083-1-min.jpg","contentUrl":"https:\/\/www.heartfailurematters.org\/wp-content\/uploads\/2022\/02\/shutterstock_26945083-1-min.jpg","width":900,"height":600},{"@type":"BreadcrumbList","@id":"https:\/\/www.heartfailurematters.org\/pt-br\/o-que-o-seu-medico-ou-enfermeiro-pode-fazer\/ablacao-por-cateter-de-arritmias-na-insuficiencia-cardiaca\/#breadcrumb","itemListElement":[{"@type":"ListItem","position":1,"name":"P\u00e1gina inicial","item":"https:\/\/www.heartfailurematters.org\/pt-br\/"},{"@type":"ListItem","position":2,"name":"O que o seu m\u00e9dico pode fazer","item":"https:\/\/www.heartfailurematters.org\/pt-br\/o-que-o-seu-medico-ou-enfermeiro-pode-fazer\/"},{"@type":"ListItem","position":3,"name":"Abla\u00e7\u00e3o por cateter de arritmias na insufici\u00eancia card\u00edaca"}]},{"@type":"WebSite","@id":"https:\/\/www.heartfailurematters.org\/pt-br\/#website","url":"https:\/\/www.heartfailurematters.org\/pt-br\/","name":"Heart Failure Matters","description":"Practical information for patients, families and caregivers.","publisher":{"@id":"https:\/\/www.heartfailurematters.org\/pt-br\/#organization"},"potentialAction":[{"@type":"SearchAction","target":{"@type":"EntryPoint","urlTemplate":"https:\/\/www.heartfailurematters.org\/pt-br\/?s={search_term_string}"},"query-input":{"@type":"PropertyValueSpecification","valueRequired":true,"valueName":"search_term_string"}}],"inLanguage":"pt-BR"},{"@type":"Organization","@id":"https:\/\/www.heartfailurematters.org\/pt-br\/#organization","name":"Heart Failure Matters","url":"https:\/\/www.heartfailurematters.org\/pt-br\/","logo":{"@type":"ImageObject","inLanguage":"pt-BR","@id":"https:\/\/www.heartfailurematters.org\/pt-br\/#\/schema\/logo\/image\/","url":"https:\/\/cdn-endpoint-hfm.azureedge.net\/heartfailurematters\/2024\/07\/hfm-logo1.jpg","contentUrl":"https:\/\/cdn-endpoint-hfm.azureedge.net\/heartfailurematters\/2024\/07\/hfm-logo1.jpg","width":1280,"height":720,"caption":"Heart Failure Matters"},"image":{"@id":"https:\/\/www.heartfailurematters.org\/pt-br\/#\/schema\/logo\/image\/"},"sameAs":["https:\/\/www.facebook.com\/heartfailurematters"]}]}},"_links":{"self":[{"href":"https:\/\/www.heartfailurematters.org\/pt-br\/wp-json\/wp\/v2\/pages\/12648","targetHints":{"allow":["GET"]}}],"collection":[{"href":"https:\/\/www.heartfailurematters.org\/pt-br\/wp-json\/wp\/v2\/pages"}],"about":[{"href":"https:\/\/www.heartfailurematters.org\/pt-br\/wp-json\/wp\/v2\/types\/page"}],"author":[{"embeddable":true,"href":"https:\/\/www.heartfailurematters.org\/pt-br\/wp-json\/wp\/v2\/users\/1"}],"replies":[{"embeddable":true,"href":"https:\/\/www.heartfailurematters.org\/pt-br\/wp-json\/wp\/v2\/comments?post=12648"}],"version-history":[{"count":0,"href":"https:\/\/www.heartfailurematters.org\/pt-br\/wp-json\/wp\/v2\/pages\/12648\/revisions"}],"up":[{"embeddable":true,"href":"https:\/\/www.heartfailurematters.org\/pt-br\/wp-json\/wp\/v2\/pages\/13171"}],"wp:featuredmedia":[{"embeddable":true,"href":"https:\/\/www.heartfailurematters.org\/pt-br\/wp-json\/wp\/v2\/media\/12494"}],"wp:attachment":[{"href":"https:\/\/www.heartfailurematters.org\/pt-br\/wp-json\/wp\/v2\/media?parent=12648"}],"wp:term":[{"taxonomy":"category","embeddable":true,"href":"https:\/\/www.heartfailurematters.org\/pt-br\/wp-json\/wp\/v2\/categories?post=12648"},{"taxonomy":"post_tag","embeddable":true,"href":"https:\/\/www.heartfailurematters.org\/pt-br\/wp-json\/wp\/v2\/tags?post=12648"}],"curies":[{"name":"wp","href":"https:\/\/api.w.org\/{rel}","templated":true}]}}