{"id":12640,"date":"2021-01-27T22:05:51","date_gmt":"2021-01-27T22:05:51","guid":{"rendered":"https:\/\/www.heartfailurematters.org\/o-que-pode-fazer\/fumar-vaping\/"},"modified":"2021-01-27T22:05:51","modified_gmt":"2021-01-27T22:05:51","slug":"fumar-vaping","status":"publish","type":"page","link":"https:\/\/www.heartfailurematters.org\/pt-br\/o-que-pode-fazer\/fumar-vaping\/","title":{"rendered":"Fumar\/&#8221;Vaping&#8221;"},"content":{"rendered":"<p>O mon\u00f3xido de carbono no fumo dos cigarros afeta a capacidade de transporte de oxig\u00e9nio do sangue. Por isso, o cora\u00e7\u00e3o tem que trabalhar mais para fornecer oxig\u00e9nio suficiente ao corpo. O tabagismo tamb\u00e9m contribui para o dep\u00f3sito de gorduras nos vasos sangu\u00edneos, causando o estreitamento dos vasos e o aumento da tens\u00e3o arterial. Fumar causa a contra\u00e7\u00e3o (estreitamento) dos vasos sangu\u00edneos do corpo, incluindo os do cora\u00e7\u00e3o. Isto agravar\u00e1 os sintomas da insufici\u00eancia card\u00edaca. Nunca \u00e9 tarde demais para deixar de fumar, e isso ser\u00e1 ben\u00e9fico para o seu cora\u00e7\u00e3o.<\/p>\n<p>Existem v\u00e1rias maneiras diferentes de deixar de fumar. N\u00e3o tenha receio de pedir ajuda, pois existem muitos grupos de apoio e outros recursos dispon\u00edveis para o ajudar. Pode achar que nem todos os conselhos v\u00e3o funcionar consigo, mas com um pouco de persist\u00eancia vai encontrar uma forma para deixar de fumar.<\/p>\n<p>Apresentamos aqui algumas formas diferentes para deixar de fumar:<\/p>\n<ul>\n<li>Utilize os produtos dispon\u00edveis para ajudar com os sintomas de abstin\u00eancia, como adesivos de nicotina, pastilhas e inaladores, pe\u00e7a aconselhamento ao seu m\u00e9dico ou enfermeiro.<\/li>\n<li>V\u00e1rios novos medicamentos tamb\u00e9m est\u00e3o agora dispon\u00edveis e podem ser discutidos com o seu m\u00e9dico.<\/li>\n<li>Desista gradualmente, reduzindo o n\u00famero de cigarros que fuma por dia, para que s\u00f3 fume cigarros quando o seu corpo o desejar, n\u00e3o apenas por h\u00e1bito.<\/li>\n<li>Escove os dentes depois das refei\u00e7\u00f5es, em vez de acender um cigarro, por vezes ajuda mudar o sabor na boca.<\/li>\n<li>Evite locais onde seja permitido fumar, como \u00e1reas ao ar livre em pubs e bares, nas fases iniciais da sua tentativa de deixar de fumar. Se for permitido fumar no seu local de trabalho, discuta a sua decis\u00e3o com os colegas.<\/li>\n<li>Encontre outra coisa para fazer com as m\u00e3os ou com a boca, como brincar com um clipe ou mastigar pastilha.<\/li>\n<li>Torne-se mais ativo, o exerc\u00edcio aumenta a moral e ajuda-o a relaxar.<\/li>\n<li>N\u00e3o esvazie o cinzeiro, isto ir\u00e1 mostrar-lhe o quanto fuma e como \u00e9 horr\u00edvel o cheiro do fumo velho.<\/li>\n<li>Envolva os seus familiares, especialmente aqueles que fumam &#8211; isto pode ser fundamental para o sucesso.<\/li>\n<\/ul>\n<p>Alguns doentes consideram os cigarros eletr\u00f3nicos, tamb\u00e9m conhecidos como vapes, \u00fateis quando tentam deixar de fumar. O &#8220;vaping&#8221; n\u00e3o \u00e9 isento de riscos e h\u00e1 alguma controv\u00e9rsia quanto \u00e0 sua seguran\u00e7a. No entanto, os cigarros eletr\u00f3nicos representam apenas uma pequena fra\u00e7\u00e3o do risco dos cigarros normais. Os doentes com insufici\u00eancia card\u00edaca que pretendam tentar o &#8220;vaping&#8221; para deixar de fumar devem discutir esta decis\u00e3o com o seu m\u00e9dico ou enfermeiro de cuidados prim\u00e1rios. Deixar de fumar com o aux\u00edlio dos cigarros eletr\u00f3nicos \u00e9 particularmente eficaz quando combinado com o apoio especializado de um profissional de sa\u00fade.<\/p>\n<p>Pode n\u00e3o sentir os benef\u00edcios para a sa\u00fade de deixar de fumar imediatamente, mas com o tempo ir\u00e1 sentir-se em melhor forma e mais saud\u00e1vel, de um modo geral. \u00c9 essencial que o seu parceiro seja solid\u00e1rio e entenda que \u00e9 uma parte importante do ajuste do seu estilo de vida.<\/p>\n<p>Informa\u00e7\u00f5es adicionais sobre como deixar de fumar est\u00e3o dispon\u00edveis nos seguintes websites:<\/p>\n<ul>\n<li><a title=\"\" href=\"http:\/\/www.ash.org.uk\/\" target=\"_blank\" rel=\"noopener\">ASH<\/a><\/li>\n<\/ul>\n<p><a title=\"\" href=\"https:\/\/www.heartfailurematters.org\/what-you-can-do\/adapting-your-lifestyle\/\">Voltar a Adaptar o seu estilo de vida<\/a><\/p>\n","protected":false},"excerpt":{"rendered":"<p>O mon\u00f3xido de carbono no fumo dos cigarros afeta a capacidade de transporte de oxig\u00e9nio do sangue. Por isso, o cora\u00e7\u00e3o tem que trabalhar mais para fornecer oxig\u00e9nio suficiente ao corpo. O tabagismo tamb\u00e9m contribui para o dep\u00f3sito de gorduras nos vasos sangu\u00edneos, causando o estreitamento dos vasos e o aumento da tens\u00e3o arterial. Fumar [&hellip;]<\/p>\n","protected":false},"author":1,"featured_media":12527,"parent":13173,"menu_order":0,"comment_status":"open","ping_status":"open","template":"","meta":{"_acf_changed":false,"footnotes":""},"categories":[],"tags":[],"class_list":["post-12640","page","type-page","status-publish","has-post-thumbnail","hentry"],"acf":[],"yoast_head":"<!-- This site is optimized with the Yoast SEO plugin v24.8.1 - https:\/\/yoast.com\/wordpress\/plugins\/seo\/ -->\n<title>Tabagismo e insufici\u00eancia card\u00edaca<\/title>\n<meta name=\"description\" content=\"O mon\u00f3xido de carbono no fumo de cigarro afeta o transporte de oxig\u00e9nio do sangue. Assim, o cora\u00e7\u00e3o tem de trabalhar mais para dar oxig\u00e9nio suficiente ao corpo.\" \/>\n<meta name=\"robots\" content=\"index, follow, max-snippet:-1, max-image-preview:large, max-video-preview:-1\" \/>\n<link rel=\"canonical\" href=\"https:\/\/www.heartfailurematters.org\/pt-br\/o-que-pode-fazer\/fumar-vaping\/\" \/>\n<meta property=\"og:locale\" content=\"pt_BR\" \/>\n<meta property=\"og:type\" content=\"article\" \/>\n<meta property=\"og:title\" content=\"Tabagismo e insufici\u00eancia card\u00edaca\" \/>\n<meta property=\"og:description\" content=\"O mon\u00f3xido de carbono no fumo de cigarro afeta o transporte de oxig\u00e9nio do sangue. Assim, o cora\u00e7\u00e3o tem de trabalhar mais para dar oxig\u00e9nio suficiente ao corpo.\" \/>\n<meta property=\"og:url\" content=\"https:\/\/www.heartfailurematters.org\/pt-br\/o-que-pode-fazer\/fumar-vaping\/\" \/>\n<meta property=\"og:site_name\" content=\"Heart Failure Matters\" \/>\n<meta property=\"article:publisher\" content=\"https:\/\/www.facebook.com\/heartfailurematters\" \/>\n<meta property=\"og:image\" content=\"https:\/\/www.heartfailurematters.org\/wp-content\/uploads\/2022\/03\/shutterstock_1476923477-1-min.jpg\" \/>\n\t<meta property=\"og:image:width\" content=\"900\" \/>\n\t<meta property=\"og:image:height\" content=\"601\" \/>\n\t<meta property=\"og:image:type\" content=\"image\/jpeg\" \/>\n<meta name=\"twitter:card\" content=\"summary_large_image\" \/>\n<meta name=\"twitter:label1\" content=\"Est. tempo de leitura\" \/>\n\t<meta name=\"twitter:data1\" content=\"3 minutos\" \/>\n<script type=\"application\/ld+json\" class=\"yoast-schema-graph\">{\"@context\":\"https:\/\/schema.org\",\"@graph\":[{\"@type\":\"WebPage\",\"@id\":\"https:\/\/www.heartfailurematters.org\/pt-br\/o-que-pode-fazer\/fumar-vaping\/\",\"url\":\"https:\/\/www.heartfailurematters.org\/pt-br\/o-que-pode-fazer\/fumar-vaping\/\",\"name\":\"Tabagismo e insufici\u00eancia card\u00edaca\",\"isPartOf\":{\"@id\":\"https:\/\/www.heartfailurematters.org\/pt-br\/#website\"},\"primaryImageOfPage\":{\"@id\":\"https:\/\/www.heartfailurematters.org\/pt-br\/o-que-pode-fazer\/fumar-vaping\/#primaryimage\"},\"image\":{\"@id\":\"https:\/\/www.heartfailurematters.org\/pt-br\/o-que-pode-fazer\/fumar-vaping\/#primaryimage\"},\"thumbnailUrl\":\"https:\/\/www.heartfailurematters.org\/wp-content\/uploads\/2022\/03\/shutterstock_1476923477-1-min.jpg\",\"datePublished\":\"2021-01-27T22:05:51+00:00\",\"description\":\"O mon\u00f3xido de carbono no fumo de cigarro afeta o transporte de oxig\u00e9nio do sangue. Assim, o cora\u00e7\u00e3o tem de trabalhar mais para dar oxig\u00e9nio suficiente ao corpo.\",\"breadcrumb\":{\"@id\":\"https:\/\/www.heartfailurematters.org\/pt-br\/o-que-pode-fazer\/fumar-vaping\/#breadcrumb\"},\"inLanguage\":\"pt-BR\",\"potentialAction\":[{\"@type\":\"ReadAction\",\"target\":[\"https:\/\/www.heartfailurematters.org\/pt-br\/o-que-pode-fazer\/fumar-vaping\/\"]}]},{\"@type\":\"ImageObject\",\"inLanguage\":\"pt-BR\",\"@id\":\"https:\/\/www.heartfailurematters.org\/pt-br\/o-que-pode-fazer\/fumar-vaping\/#primaryimage\",\"url\":\"https:\/\/www.heartfailurematters.org\/wp-content\/uploads\/2022\/03\/shutterstock_1476923477-1-min.jpg\",\"contentUrl\":\"https:\/\/www.heartfailurematters.org\/wp-content\/uploads\/2022\/03\/shutterstock_1476923477-1-min.jpg\",\"width\":900,\"height\":601},{\"@type\":\"BreadcrumbList\",\"@id\":\"https:\/\/www.heartfailurematters.org\/pt-br\/o-que-pode-fazer\/fumar-vaping\/#breadcrumb\",\"itemListElement\":[{\"@type\":\"ListItem\",\"position\":1,\"name\":\"P\u00e1gina inicial\",\"item\":\"https:\/\/www.heartfailurematters.org\/pt-br\/\"},{\"@type\":\"ListItem\",\"position\":2,\"name\":\"O que pode fazer\",\"item\":\"https:\/\/www.heartfailurematters.org\/pt-br\/o-que-pode-fazer\/\"},{\"@type\":\"ListItem\",\"position\":3,\"name\":\"Fumar\/&#8221;Vaping&#8221;\"}]},{\"@type\":\"WebSite\",\"@id\":\"https:\/\/www.heartfailurematters.org\/pt-br\/#website\",\"url\":\"https:\/\/www.heartfailurematters.org\/pt-br\/\",\"name\":\"Heart Failure Matters\",\"description\":\"Practical information for patients, families and caregivers.\",\"publisher\":{\"@id\":\"https:\/\/www.heartfailurematters.org\/pt-br\/#organization\"},\"potentialAction\":[{\"@type\":\"SearchAction\",\"target\":{\"@type\":\"EntryPoint\",\"urlTemplate\":\"https:\/\/www.heartfailurematters.org\/pt-br\/?s={search_term_string}\"},\"query-input\":{\"@type\":\"PropertyValueSpecification\",\"valueRequired\":true,\"valueName\":\"search_term_string\"}}],\"inLanguage\":\"pt-BR\"},{\"@type\":\"Organization\",\"@id\":\"https:\/\/www.heartfailurematters.org\/pt-br\/#organization\",\"name\":\"Heart Failure Matters\",\"url\":\"https:\/\/www.heartfailurematters.org\/pt-br\/\",\"logo\":{\"@type\":\"ImageObject\",\"inLanguage\":\"pt-BR\",\"@id\":\"https:\/\/www.heartfailurematters.org\/pt-br\/#\/schema\/logo\/image\/\",\"url\":\"https:\/\/cdn-endpoint-hfm.azureedge.net\/heartfailurematters\/2024\/07\/hfm-logo1.jpg\",\"contentUrl\":\"https:\/\/cdn-endpoint-hfm.azureedge.net\/heartfailurematters\/2024\/07\/hfm-logo1.jpg\",\"width\":1280,\"height\":720,\"caption\":\"Heart Failure Matters\"},\"image\":{\"@id\":\"https:\/\/www.heartfailurematters.org\/pt-br\/#\/schema\/logo\/image\/\"},\"sameAs\":[\"https:\/\/www.facebook.com\/heartfailurematters\"]}]}<\/script>\n<!-- \/ Yoast SEO plugin. -->","yoast_head_json":{"title":"Tabagismo e insufici\u00eancia card\u00edaca","description":"O mon\u00f3xido de carbono no fumo de cigarro afeta o transporte de oxig\u00e9nio do sangue. Assim, o cora\u00e7\u00e3o tem de trabalhar mais para dar oxig\u00e9nio suficiente ao corpo.","robots":{"index":"index","follow":"follow","max-snippet":"max-snippet:-1","max-image-preview":"max-image-preview:large","max-video-preview":"max-video-preview:-1"},"canonical":"https:\/\/www.heartfailurematters.org\/pt-br\/o-que-pode-fazer\/fumar-vaping\/","og_locale":"pt_BR","og_type":"article","og_title":"Tabagismo e insufici\u00eancia card\u00edaca","og_description":"O mon\u00f3xido de carbono no fumo de cigarro afeta o transporte de oxig\u00e9nio do sangue. Assim, o cora\u00e7\u00e3o tem de trabalhar mais para dar oxig\u00e9nio suficiente ao corpo.","og_url":"https:\/\/www.heartfailurematters.org\/pt-br\/o-que-pode-fazer\/fumar-vaping\/","og_site_name":"Heart Failure Matters","article_publisher":"https:\/\/www.facebook.com\/heartfailurematters","og_image":[{"width":900,"height":601,"url":"https:\/\/www.heartfailurematters.org\/wp-content\/uploads\/2022\/03\/shutterstock_1476923477-1-min.jpg","type":"image\/jpeg"}],"twitter_card":"summary_large_image","twitter_misc":{"Est. tempo de leitura":"3 minutos"},"schema":{"@context":"https:\/\/schema.org","@graph":[{"@type":"WebPage","@id":"https:\/\/www.heartfailurematters.org\/pt-br\/o-que-pode-fazer\/fumar-vaping\/","url":"https:\/\/www.heartfailurematters.org\/pt-br\/o-que-pode-fazer\/fumar-vaping\/","name":"Tabagismo e insufici\u00eancia card\u00edaca","isPartOf":{"@id":"https:\/\/www.heartfailurematters.org\/pt-br\/#website"},"primaryImageOfPage":{"@id":"https:\/\/www.heartfailurematters.org\/pt-br\/o-que-pode-fazer\/fumar-vaping\/#primaryimage"},"image":{"@id":"https:\/\/www.heartfailurematters.org\/pt-br\/o-que-pode-fazer\/fumar-vaping\/#primaryimage"},"thumbnailUrl":"https:\/\/www.heartfailurematters.org\/wp-content\/uploads\/2022\/03\/shutterstock_1476923477-1-min.jpg","datePublished":"2021-01-27T22:05:51+00:00","description":"O mon\u00f3xido de carbono no fumo de cigarro afeta o transporte de oxig\u00e9nio do sangue. Assim, o cora\u00e7\u00e3o tem de trabalhar mais para dar oxig\u00e9nio suficiente ao corpo.","breadcrumb":{"@id":"https:\/\/www.heartfailurematters.org\/pt-br\/o-que-pode-fazer\/fumar-vaping\/#breadcrumb"},"inLanguage":"pt-BR","potentialAction":[{"@type":"ReadAction","target":["https:\/\/www.heartfailurematters.org\/pt-br\/o-que-pode-fazer\/fumar-vaping\/"]}]},{"@type":"ImageObject","inLanguage":"pt-BR","@id":"https:\/\/www.heartfailurematters.org\/pt-br\/o-que-pode-fazer\/fumar-vaping\/#primaryimage","url":"https:\/\/www.heartfailurematters.org\/wp-content\/uploads\/2022\/03\/shutterstock_1476923477-1-min.jpg","contentUrl":"https:\/\/www.heartfailurematters.org\/wp-content\/uploads\/2022\/03\/shutterstock_1476923477-1-min.jpg","width":900,"height":601},{"@type":"BreadcrumbList","@id":"https:\/\/www.heartfailurematters.org\/pt-br\/o-que-pode-fazer\/fumar-vaping\/#breadcrumb","itemListElement":[{"@type":"ListItem","position":1,"name":"P\u00e1gina inicial","item":"https:\/\/www.heartfailurematters.org\/pt-br\/"},{"@type":"ListItem","position":2,"name":"O que pode fazer","item":"https:\/\/www.heartfailurematters.org\/pt-br\/o-que-pode-fazer\/"},{"@type":"ListItem","position":3,"name":"Fumar\/&#8221;Vaping&#8221;"}]},{"@type":"WebSite","@id":"https:\/\/www.heartfailurematters.org\/pt-br\/#website","url":"https:\/\/www.heartfailurematters.org\/pt-br\/","name":"Heart Failure Matters","description":"Practical information for patients, families and caregivers.","publisher":{"@id":"https:\/\/www.heartfailurematters.org\/pt-br\/#organization"},"potentialAction":[{"@type":"SearchAction","target":{"@type":"EntryPoint","urlTemplate":"https:\/\/www.heartfailurematters.org\/pt-br\/?s={search_term_string}"},"query-input":{"@type":"PropertyValueSpecification","valueRequired":true,"valueName":"search_term_string"}}],"inLanguage":"pt-BR"},{"@type":"Organization","@id":"https:\/\/www.heartfailurematters.org\/pt-br\/#organization","name":"Heart Failure Matters","url":"https:\/\/www.heartfailurematters.org\/pt-br\/","logo":{"@type":"ImageObject","inLanguage":"pt-BR","@id":"https:\/\/www.heartfailurematters.org\/pt-br\/#\/schema\/logo\/image\/","url":"https:\/\/cdn-endpoint-hfm.azureedge.net\/heartfailurematters\/2024\/07\/hfm-logo1.jpg","contentUrl":"https:\/\/cdn-endpoint-hfm.azureedge.net\/heartfailurematters\/2024\/07\/hfm-logo1.jpg","width":1280,"height":720,"caption":"Heart Failure Matters"},"image":{"@id":"https:\/\/www.heartfailurematters.org\/pt-br\/#\/schema\/logo\/image\/"},"sameAs":["https:\/\/www.facebook.com\/heartfailurematters"]}]}},"_links":{"self":[{"href":"https:\/\/www.heartfailurematters.org\/pt-br\/wp-json\/wp\/v2\/pages\/12640","targetHints":{"allow":["GET"]}}],"collection":[{"href":"https:\/\/www.heartfailurematters.org\/pt-br\/wp-json\/wp\/v2\/pages"}],"about":[{"href":"https:\/\/www.heartfailurematters.org\/pt-br\/wp-json\/wp\/v2\/types\/page"}],"author":[{"embeddable":true,"href":"https:\/\/www.heartfailurematters.org\/pt-br\/wp-json\/wp\/v2\/users\/1"}],"replies":[{"embeddable":true,"href":"https:\/\/www.heartfailurematters.org\/pt-br\/wp-json\/wp\/v2\/comments?post=12640"}],"version-history":[{"count":0,"href":"https:\/\/www.heartfailurematters.org\/pt-br\/wp-json\/wp\/v2\/pages\/12640\/revisions"}],"up":[{"embeddable":true,"href":"https:\/\/www.heartfailurematters.org\/pt-br\/wp-json\/wp\/v2\/pages\/13173"}],"wp:featuredmedia":[{"embeddable":true,"href":"https:\/\/www.heartfailurematters.org\/pt-br\/wp-json\/wp\/v2\/media\/12527"}],"wp:attachment":[{"href":"https:\/\/www.heartfailurematters.org\/pt-br\/wp-json\/wp\/v2\/media?parent=12640"}],"wp:term":[{"taxonomy":"category","embeddable":true,"href":"https:\/\/www.heartfailurematters.org\/pt-br\/wp-json\/wp\/v2\/categories?post=12640"},{"taxonomy":"post_tag","embeddable":true,"href":"https:\/\/www.heartfailurematters.org\/pt-br\/wp-json\/wp\/v2\/tags?post=12640"}],"curies":[{"name":"wp","href":"https:\/\/api.w.org\/{rel}","templated":true}]}}