{"id":12639,"date":"2021-01-27T22:05:51","date_gmt":"2021-01-27T22:05:51","guid":{"rendered":"https:\/\/www.heartfailurematters.org\/o-que-o-seu-medico-ou-enfermeiro-pode-fazer\/transplante-cardiaco\/"},"modified":"2021-01-27T22:05:51","modified_gmt":"2021-01-27T22:05:51","slug":"transplante-cardiaco","status":"publish","type":"page","link":"https:\/\/www.heartfailurematters.org\/pt-br\/o-que-o-seu-medico-ou-enfermeiro-pode-fazer\/transplante-cardiaco\/","title":{"rendered":"Transplante card\u00edaco"},"content":{"rendered":"<h2>Por que motivo \u00e9 feito?<\/h2>\n<p>Na insufici\u00eancia card\u00edaca grave, quando todos os outros tratamentos tiverem falhado, mas a sua sa\u00fade ainda estiver relativamente boa, poder\u00e1 ser um bom candidato para um\u00a0<a class=\"addtooltip\" title=\"Trata-se de um procedimento cir\u00fargico que consiste na implanta\u00e7\u00e3o de um cora\u00e7\u00e3o saud\u00e1vel de um dador recentemente falecido numa pessoa com um cora\u00e7\u00e3o que n\u00e3o funciona adequadamente.\"> <strong>transplante card\u00edaco<\/strong><\/a>. Infelizmente, poder\u00e1 ter de esperar durante meses ou mesmo anos at\u00e9 encontrar um cora\u00e7\u00e3o compat\u00edvel, tendo em conta a atual falta de dadores.<\/p>\n<p>Um transplante card\u00edaco pode prolongar a sua vida e melhorar a qualidade da mesma em compara\u00e7\u00e3o com o tratamento convencional. No entanto, esta \u00e9 uma decis\u00e3o muito importante e os doentes s\u00e3o avaliados minuciosamente antes de avan\u00e7ar para o transplante.<\/p>\n<h2>O que implica?<\/h2>\n<p>O transplante card\u00edaco \u00e9 uma cirurgia complexa que pode demorar de 4 a 10 horas. Durante a cirurgia, ser\u00e1 ligado a uma m\u00e1quina cardiopulmonar que fornece sangue ao c\u00e9rebro e ao corpo.<\/p>\n<p>O seu cora\u00e7\u00e3o \u00e9 ent\u00e3o removido e os seus vasos sangu\u00edneos s\u00e3o ligados ao novo cora\u00e7\u00e3o, permitindo que o sangue flua para o corpo. Ap\u00f3s a cirurgia, ser\u00e1 monitorizado de perto para confirmar que o organismo n\u00e3o rejeita o novo cora\u00e7\u00e3o. Ap\u00f3s o transplante, \u00e9 necess\u00e1rio tomar de forma permanente v\u00e1rios medicamentos para evitar que o organismo rejeite o cora\u00e7\u00e3o doado.<\/p>\n<p>Para mais informa\u00e7\u00f5es sobre o transplante card\u00edaco, aceda aos websites abaixo:<\/p>\n<ul>\n<li><a href=\"http:\/\/www.uktransplant.org.uk\/\" target=\"_blank\" rel=\"noopener\">UK Transplant<\/a><\/li>\n<li><a href=\"http:\/\/www.cardiomyopathy.org\/\" target=\"_blank\" rel=\"noopener\">Cardiomyopathy Association<\/a><\/li>\n<li><a href=\"http:\/\/www.heart-transplants.co.uk\/\" target=\"_blank\" rel=\"noopener\">To transplant and beyond<\/a><\/li>\n<li><a href=\"http:\/\/www.argonet.co.uk\/body\" target=\"_blank\" rel=\"noopener\">British Organ Donor Society (BODY) <\/a><\/li>\n<li><a href=\"http:\/\/www.bhf.org.uk\/\" target=\"_blank\" rel=\"noopener\">British Heart Foundation<\/a><\/li>\n<\/ul>\n<p><a href=\"https:\/\/www.heartfailurematters.org\/pt-pt\/o-que-o-seu-medico-ou-enfermeiro-pode-fazer\/cirurgia\/\">Voltar \u00e0 sec\u00e7\u00e3o Cirurgia<\/a><\/p>\n<p>&nbsp;<\/p>\n","protected":false},"excerpt":{"rendered":"<p>Por que motivo \u00e9 feito? Na insufici\u00eancia card\u00edaca grave, quando todos os outros tratamentos tiverem falhado, mas a sua sa\u00fade ainda estiver relativamente boa, poder\u00e1 ser um bom candidato para um\u00a0 transplante card\u00edaco. Infelizmente, poder\u00e1 ter de esperar durante meses ou mesmo anos at\u00e9 encontrar um cora\u00e7\u00e3o compat\u00edvel, tendo em conta a atual falta de [&hellip;]<\/p>\n","protected":false},"author":1,"featured_media":12517,"parent":13171,"menu_order":0,"comment_status":"open","ping_status":"open","template":"","meta":{"_acf_changed":false,"footnotes":""},"categories":[],"tags":[],"class_list":["post-12639","page","type-page","status-publish","has-post-thumbnail","hentry"],"acf":[],"yoast_head":"<!-- This site is optimized with the Yoast SEO plugin v24.8.1 - https:\/\/yoast.com\/wordpress\/plugins\/seo\/ -->\n<title>Transplante card\u00edaco para doentes com insufici\u00eancia card\u00edaca<\/title>\n<meta name=\"description\" content=\"Na insuf. card\u00edaca grave, quando outros tratamentos falharam, mas a sua sa\u00fade ainda \u00e9 bastante boa, uma opera\u00e7\u00e3o de transplante card\u00edaco pode ser uma op\u00e7\u00e3o.\" \/>\n<meta name=\"robots\" content=\"index, follow, max-snippet:-1, max-image-preview:large, max-video-preview:-1\" \/>\n<link rel=\"canonical\" href=\"https:\/\/www.heartfailurematters.org\/pt-br\/o-que-o-seu-medico-ou-enfermeiro-pode-fazer\/transplante-cardiaco\/\" \/>\n<meta property=\"og:locale\" content=\"pt_BR\" \/>\n<meta property=\"og:type\" content=\"article\" \/>\n<meta property=\"og:title\" content=\"Transplante card\u00edaco para doentes com insufici\u00eancia card\u00edaca\" \/>\n<meta property=\"og:description\" content=\"Na insuf. card\u00edaca grave, quando outros tratamentos falharam, mas a sua sa\u00fade ainda \u00e9 bastante boa, uma opera\u00e7\u00e3o de transplante card\u00edaco pode ser uma op\u00e7\u00e3o.\" \/>\n<meta property=\"og:url\" content=\"https:\/\/www.heartfailurematters.org\/pt-br\/o-que-o-seu-medico-ou-enfermeiro-pode-fazer\/transplante-cardiaco\/\" \/>\n<meta property=\"og:site_name\" content=\"Heart Failure Matters\" \/>\n<meta property=\"article:publisher\" content=\"https:\/\/www.facebook.com\/heartfailurematters\" \/>\n<meta property=\"og:image\" content=\"https:\/\/www.heartfailurematters.org\/wp-content\/uploads\/2022\/03\/shutterstock_2073525971-1-min.jpg\" \/>\n\t<meta property=\"og:image:width\" content=\"900\" \/>\n\t<meta property=\"og:image:height\" content=\"559\" \/>\n\t<meta property=\"og:image:type\" content=\"image\/jpeg\" \/>\n<meta name=\"twitter:card\" content=\"summary_large_image\" \/>\n<meta name=\"twitter:label1\" content=\"Est. tempo de leitura\" \/>\n\t<meta name=\"twitter:data1\" content=\"1 minuto\" \/>\n<script type=\"application\/ld+json\" class=\"yoast-schema-graph\">{\"@context\":\"https:\/\/schema.org\",\"@graph\":[{\"@type\":\"WebPage\",\"@id\":\"https:\/\/www.heartfailurematters.org\/pt-br\/o-que-o-seu-medico-ou-enfermeiro-pode-fazer\/transplante-cardiaco\/\",\"url\":\"https:\/\/www.heartfailurematters.org\/pt-br\/o-que-o-seu-medico-ou-enfermeiro-pode-fazer\/transplante-cardiaco\/\",\"name\":\"Transplante card\u00edaco para doentes com insufici\u00eancia card\u00edaca\",\"isPartOf\":{\"@id\":\"https:\/\/www.heartfailurematters.org\/pt-br\/#website\"},\"primaryImageOfPage\":{\"@id\":\"https:\/\/www.heartfailurematters.org\/pt-br\/o-que-o-seu-medico-ou-enfermeiro-pode-fazer\/transplante-cardiaco\/#primaryimage\"},\"image\":{\"@id\":\"https:\/\/www.heartfailurematters.org\/pt-br\/o-que-o-seu-medico-ou-enfermeiro-pode-fazer\/transplante-cardiaco\/#primaryimage\"},\"thumbnailUrl\":\"https:\/\/www.heartfailurematters.org\/wp-content\/uploads\/2022\/03\/shutterstock_2073525971-1-min.jpg\",\"datePublished\":\"2021-01-27T22:05:51+00:00\",\"description\":\"Na insuf. card\u00edaca grave, quando outros tratamentos falharam, mas a sua sa\u00fade ainda \u00e9 bastante boa, uma opera\u00e7\u00e3o de transplante card\u00edaco pode ser uma op\u00e7\u00e3o.\",\"breadcrumb\":{\"@id\":\"https:\/\/www.heartfailurematters.org\/pt-br\/o-que-o-seu-medico-ou-enfermeiro-pode-fazer\/transplante-cardiaco\/#breadcrumb\"},\"inLanguage\":\"pt-BR\",\"potentialAction\":[{\"@type\":\"ReadAction\",\"target\":[\"https:\/\/www.heartfailurematters.org\/pt-br\/o-que-o-seu-medico-ou-enfermeiro-pode-fazer\/transplante-cardiaco\/\"]}]},{\"@type\":\"ImageObject\",\"inLanguage\":\"pt-BR\",\"@id\":\"https:\/\/www.heartfailurematters.org\/pt-br\/o-que-o-seu-medico-ou-enfermeiro-pode-fazer\/transplante-cardiaco\/#primaryimage\",\"url\":\"https:\/\/www.heartfailurematters.org\/wp-content\/uploads\/2022\/03\/shutterstock_2073525971-1-min.jpg\",\"contentUrl\":\"https:\/\/www.heartfailurematters.org\/wp-content\/uploads\/2022\/03\/shutterstock_2073525971-1-min.jpg\",\"width\":900,\"height\":559},{\"@type\":\"BreadcrumbList\",\"@id\":\"https:\/\/www.heartfailurematters.org\/pt-br\/o-que-o-seu-medico-ou-enfermeiro-pode-fazer\/transplante-cardiaco\/#breadcrumb\",\"itemListElement\":[{\"@type\":\"ListItem\",\"position\":1,\"name\":\"P\u00e1gina inicial\",\"item\":\"https:\/\/www.heartfailurematters.org\/pt-br\/\"},{\"@type\":\"ListItem\",\"position\":2,\"name\":\"O que o seu m\u00e9dico pode fazer\",\"item\":\"https:\/\/www.heartfailurematters.org\/pt-br\/o-que-o-seu-medico-ou-enfermeiro-pode-fazer\/\"},{\"@type\":\"ListItem\",\"position\":3,\"name\":\"Transplante card\u00edaco\"}]},{\"@type\":\"WebSite\",\"@id\":\"https:\/\/www.heartfailurematters.org\/pt-br\/#website\",\"url\":\"https:\/\/www.heartfailurematters.org\/pt-br\/\",\"name\":\"Heart Failure Matters\",\"description\":\"Practical information for patients, families and caregivers.\",\"publisher\":{\"@id\":\"https:\/\/www.heartfailurematters.org\/pt-br\/#organization\"},\"potentialAction\":[{\"@type\":\"SearchAction\",\"target\":{\"@type\":\"EntryPoint\",\"urlTemplate\":\"https:\/\/www.heartfailurematters.org\/pt-br\/?s={search_term_string}\"},\"query-input\":{\"@type\":\"PropertyValueSpecification\",\"valueRequired\":true,\"valueName\":\"search_term_string\"}}],\"inLanguage\":\"pt-BR\"},{\"@type\":\"Organization\",\"@id\":\"https:\/\/www.heartfailurematters.org\/pt-br\/#organization\",\"name\":\"Heart Failure Matters\",\"url\":\"https:\/\/www.heartfailurematters.org\/pt-br\/\",\"logo\":{\"@type\":\"ImageObject\",\"inLanguage\":\"pt-BR\",\"@id\":\"https:\/\/www.heartfailurematters.org\/pt-br\/#\/schema\/logo\/image\/\",\"url\":\"https:\/\/cdn-endpoint-hfm.azureedge.net\/heartfailurematters\/2024\/07\/hfm-logo1.jpg\",\"contentUrl\":\"https:\/\/cdn-endpoint-hfm.azureedge.net\/heartfailurematters\/2024\/07\/hfm-logo1.jpg\",\"width\":1280,\"height\":720,\"caption\":\"Heart Failure Matters\"},\"image\":{\"@id\":\"https:\/\/www.heartfailurematters.org\/pt-br\/#\/schema\/logo\/image\/\"},\"sameAs\":[\"https:\/\/www.facebook.com\/heartfailurematters\"]}]}<\/script>\n<!-- \/ Yoast SEO plugin. -->","yoast_head_json":{"title":"Transplante card\u00edaco para doentes com insufici\u00eancia card\u00edaca","description":"Na insuf. card\u00edaca grave, quando outros tratamentos falharam, mas a sua sa\u00fade ainda \u00e9 bastante boa, uma opera\u00e7\u00e3o de transplante card\u00edaco pode ser uma op\u00e7\u00e3o.","robots":{"index":"index","follow":"follow","max-snippet":"max-snippet:-1","max-image-preview":"max-image-preview:large","max-video-preview":"max-video-preview:-1"},"canonical":"https:\/\/www.heartfailurematters.org\/pt-br\/o-que-o-seu-medico-ou-enfermeiro-pode-fazer\/transplante-cardiaco\/","og_locale":"pt_BR","og_type":"article","og_title":"Transplante card\u00edaco para doentes com insufici\u00eancia card\u00edaca","og_description":"Na insuf. card\u00edaca grave, quando outros tratamentos falharam, mas a sua sa\u00fade ainda \u00e9 bastante boa, uma opera\u00e7\u00e3o de transplante card\u00edaco pode ser uma op\u00e7\u00e3o.","og_url":"https:\/\/www.heartfailurematters.org\/pt-br\/o-que-o-seu-medico-ou-enfermeiro-pode-fazer\/transplante-cardiaco\/","og_site_name":"Heart Failure Matters","article_publisher":"https:\/\/www.facebook.com\/heartfailurematters","og_image":[{"width":900,"height":559,"url":"https:\/\/www.heartfailurematters.org\/wp-content\/uploads\/2022\/03\/shutterstock_2073525971-1-min.jpg","type":"image\/jpeg"}],"twitter_card":"summary_large_image","twitter_misc":{"Est. tempo de leitura":"1 minuto"},"schema":{"@context":"https:\/\/schema.org","@graph":[{"@type":"WebPage","@id":"https:\/\/www.heartfailurematters.org\/pt-br\/o-que-o-seu-medico-ou-enfermeiro-pode-fazer\/transplante-cardiaco\/","url":"https:\/\/www.heartfailurematters.org\/pt-br\/o-que-o-seu-medico-ou-enfermeiro-pode-fazer\/transplante-cardiaco\/","name":"Transplante card\u00edaco para doentes com insufici\u00eancia card\u00edaca","isPartOf":{"@id":"https:\/\/www.heartfailurematters.org\/pt-br\/#website"},"primaryImageOfPage":{"@id":"https:\/\/www.heartfailurematters.org\/pt-br\/o-que-o-seu-medico-ou-enfermeiro-pode-fazer\/transplante-cardiaco\/#primaryimage"},"image":{"@id":"https:\/\/www.heartfailurematters.org\/pt-br\/o-que-o-seu-medico-ou-enfermeiro-pode-fazer\/transplante-cardiaco\/#primaryimage"},"thumbnailUrl":"https:\/\/www.heartfailurematters.org\/wp-content\/uploads\/2022\/03\/shutterstock_2073525971-1-min.jpg","datePublished":"2021-01-27T22:05:51+00:00","description":"Na insuf. card\u00edaca grave, quando outros tratamentos falharam, mas a sua sa\u00fade ainda \u00e9 bastante boa, uma opera\u00e7\u00e3o de transplante card\u00edaco pode ser uma op\u00e7\u00e3o.","breadcrumb":{"@id":"https:\/\/www.heartfailurematters.org\/pt-br\/o-que-o-seu-medico-ou-enfermeiro-pode-fazer\/transplante-cardiaco\/#breadcrumb"},"inLanguage":"pt-BR","potentialAction":[{"@type":"ReadAction","target":["https:\/\/www.heartfailurematters.org\/pt-br\/o-que-o-seu-medico-ou-enfermeiro-pode-fazer\/transplante-cardiaco\/"]}]},{"@type":"ImageObject","inLanguage":"pt-BR","@id":"https:\/\/www.heartfailurematters.org\/pt-br\/o-que-o-seu-medico-ou-enfermeiro-pode-fazer\/transplante-cardiaco\/#primaryimage","url":"https:\/\/www.heartfailurematters.org\/wp-content\/uploads\/2022\/03\/shutterstock_2073525971-1-min.jpg","contentUrl":"https:\/\/www.heartfailurematters.org\/wp-content\/uploads\/2022\/03\/shutterstock_2073525971-1-min.jpg","width":900,"height":559},{"@type":"BreadcrumbList","@id":"https:\/\/www.heartfailurematters.org\/pt-br\/o-que-o-seu-medico-ou-enfermeiro-pode-fazer\/transplante-cardiaco\/#breadcrumb","itemListElement":[{"@type":"ListItem","position":1,"name":"P\u00e1gina inicial","item":"https:\/\/www.heartfailurematters.org\/pt-br\/"},{"@type":"ListItem","position":2,"name":"O que o seu m\u00e9dico pode fazer","item":"https:\/\/www.heartfailurematters.org\/pt-br\/o-que-o-seu-medico-ou-enfermeiro-pode-fazer\/"},{"@type":"ListItem","position":3,"name":"Transplante card\u00edaco"}]},{"@type":"WebSite","@id":"https:\/\/www.heartfailurematters.org\/pt-br\/#website","url":"https:\/\/www.heartfailurematters.org\/pt-br\/","name":"Heart Failure Matters","description":"Practical information for patients, families and caregivers.","publisher":{"@id":"https:\/\/www.heartfailurematters.org\/pt-br\/#organization"},"potentialAction":[{"@type":"SearchAction","target":{"@type":"EntryPoint","urlTemplate":"https:\/\/www.heartfailurematters.org\/pt-br\/?s={search_term_string}"},"query-input":{"@type":"PropertyValueSpecification","valueRequired":true,"valueName":"search_term_string"}}],"inLanguage":"pt-BR"},{"@type":"Organization","@id":"https:\/\/www.heartfailurematters.org\/pt-br\/#organization","name":"Heart Failure Matters","url":"https:\/\/www.heartfailurematters.org\/pt-br\/","logo":{"@type":"ImageObject","inLanguage":"pt-BR","@id":"https:\/\/www.heartfailurematters.org\/pt-br\/#\/schema\/logo\/image\/","url":"https:\/\/cdn-endpoint-hfm.azureedge.net\/heartfailurematters\/2024\/07\/hfm-logo1.jpg","contentUrl":"https:\/\/cdn-endpoint-hfm.azureedge.net\/heartfailurematters\/2024\/07\/hfm-logo1.jpg","width":1280,"height":720,"caption":"Heart Failure Matters"},"image":{"@id":"https:\/\/www.heartfailurematters.org\/pt-br\/#\/schema\/logo\/image\/"},"sameAs":["https:\/\/www.facebook.com\/heartfailurematters"]}]}},"_links":{"self":[{"href":"https:\/\/www.heartfailurematters.org\/pt-br\/wp-json\/wp\/v2\/pages\/12639","targetHints":{"allow":["GET"]}}],"collection":[{"href":"https:\/\/www.heartfailurematters.org\/pt-br\/wp-json\/wp\/v2\/pages"}],"about":[{"href":"https:\/\/www.heartfailurematters.org\/pt-br\/wp-json\/wp\/v2\/types\/page"}],"author":[{"embeddable":true,"href":"https:\/\/www.heartfailurematters.org\/pt-br\/wp-json\/wp\/v2\/users\/1"}],"replies":[{"embeddable":true,"href":"https:\/\/www.heartfailurematters.org\/pt-br\/wp-json\/wp\/v2\/comments?post=12639"}],"version-history":[{"count":0,"href":"https:\/\/www.heartfailurematters.org\/pt-br\/wp-json\/wp\/v2\/pages\/12639\/revisions"}],"up":[{"embeddable":true,"href":"https:\/\/www.heartfailurematters.org\/pt-br\/wp-json\/wp\/v2\/pages\/13171"}],"wp:featuredmedia":[{"embeddable":true,"href":"https:\/\/www.heartfailurematters.org\/pt-br\/wp-json\/wp\/v2\/media\/12517"}],"wp:attachment":[{"href":"https:\/\/www.heartfailurematters.org\/pt-br\/wp-json\/wp\/v2\/media?parent=12639"}],"wp:term":[{"taxonomy":"category","embeddable":true,"href":"https:\/\/www.heartfailurematters.org\/pt-br\/wp-json\/wp\/v2\/categories?post=12639"},{"taxonomy":"post_tag","embeddable":true,"href":"https:\/\/www.heartfailurematters.org\/pt-br\/wp-json\/wp\/v2\/tags?post=12639"}],"curies":[{"name":"wp","href":"https:\/\/api.w.org\/{rel}","templated":true}]}}