{"id":12636,"date":"2021-01-27T22:05:56","date_gmt":"2021-01-27T22:05:56","guid":{"rendered":"https:\/\/www.heartfailurematters.org\/de-que-forma-o-coracao-e-o-corpo-se-adaptam-na-insuficiencia-cardiaca\/"},"modified":"2021-01-27T22:05:56","modified_gmt":"2021-01-27T22:05:56","slug":"de-que-forma-o-coracao-e-o-corpo-se-adaptam-na-insuficiencia-cardiaca","status":"publish","type":"page","link":"https:\/\/www.heartfailurematters.org\/pt-br\/o-que-e-a-insuficiencia-cardiaca\/de-que-forma-o-coracao-e-o-corpo-se-adaptam-na-insuficiencia-cardiaca\/","title":{"rendered":"De que forma o cora\u00e7\u00e3o e o corpo se adaptam na insufici\u00eancia card\u00edaca?"},"content":{"rendered":"<p>Quando tem insufici\u00eancia card\u00edaca, o seu corpo ir\u00e1 adaptar-se e tentar manter a quantidade de sangue de que o corpo precisa. Isto \u00e9 designado por compensa\u00e7\u00e3o.<\/p>\n<p>O cora\u00e7\u00e3o ir\u00e1:<\/p>\n<ul>\n<li>aumentar o n\u00famero de batimentos (taquicardia) para bombear mais sangue para o corpo<\/li>\n<li>aumentar o tamanho (dilata\u00e7\u00e3o), ao dilatar para aumentar a quantidade de sangue que consegue acomodar e bombear, assim como tornar o m\u00fasculo card\u00edaco mais forte e mais espesso (hipertrofia), para o ajudar a bombear com mais for\u00e7a.<\/li>\n<\/ul>\n<p>O organismo tamb\u00e9m tentar\u00e1 aumentar a quantidade de sangue em circula\u00e7\u00e3o e afastar o fluxo sangu\u00edneo dos m\u00fasculos redirecionando-o para o c\u00e9rebro e para outros \u00f3rg\u00e3os vitais. Embora o organismo possa compensar durante muito tempo, o esfor\u00e7o \u00e9 mais prejudicial do que ben\u00e9fico.<\/p>\n<p>Uma vez que o cora\u00e7\u00e3o j\u00e1 est\u00e1 fraco, estas altera\u00e7\u00f5es far\u00e3o com que o cora\u00e7\u00e3o se esforce ainda mais, acabando por enfraquec\u00ea-lo ainda mais.<\/p>\n<p><a title=\"\" href=\"https:\/\/www.heartfailurematters.org\/pt-pt\/o-que-e-a-insuficiencia-cardiaca\/o-que-corre-mal-na-insuficiencia-cardiaca\/\">Voltar \u00e0 sec\u00e7\u00e3o O que corre mal na insufici\u00eancia card\u00edaca?<\/a><\/p>\n","protected":false},"excerpt":{"rendered":"<p>Quando tem insufici\u00eancia card\u00edaca, o seu corpo ir\u00e1 adaptar-se e tentar manter a quantidade de sangue de que o corpo precisa. Isto \u00e9 designado por compensa\u00e7\u00e3o. O cora\u00e7\u00e3o ir\u00e1: aumentar o n\u00famero de batimentos (taquicardia) para bombear mais sangue para o corpo aumentar o tamanho (dilata\u00e7\u00e3o), ao dilatar para aumentar a quantidade de sangue que [&hellip;]<\/p>\n","protected":false},"author":1,"featured_media":0,"parent":13168,"menu_order":0,"comment_status":"open","ping_status":"open","template":"","meta":{"_acf_changed":false,"footnotes":""},"categories":[],"tags":[],"class_list":["post-12636","page","type-page","status-publish","hentry"],"acf":[],"yoast_head":"<!-- This site is optimized with the Yoast SEO plugin v24.8.1 - https:\/\/yoast.com\/wordpress\/plugins\/seo\/ -->\n<title>Adapta\u00e7\u00e3o do cora\u00e7\u00e3o e do corpo \u00e0 insufici\u00eancia card\u00edaca<\/title>\n<meta name=\"description\" content=\"Com insufici\u00eancia card\u00edaca, o corpo adapta-se para tentar acompanhar a quantidade de sangue de que o corpo necessita. Isto \u00e9 conhecido como compensa\u00e7\u00e3o.\" \/>\n<meta name=\"robots\" content=\"index, follow, max-snippet:-1, max-image-preview:large, max-video-preview:-1\" \/>\n<link rel=\"canonical\" href=\"https:\/\/www.heartfailurematters.org\/pt-br\/o-que-e-a-insuficiencia-cardiaca\/de-que-forma-o-coracao-e-o-corpo-se-adaptam-na-insuficiencia-cardiaca\/\" \/>\n<meta property=\"og:locale\" content=\"pt_BR\" \/>\n<meta property=\"og:type\" content=\"article\" \/>\n<meta property=\"og:title\" content=\"Adapta\u00e7\u00e3o do cora\u00e7\u00e3o e do corpo \u00e0 insufici\u00eancia card\u00edaca\" \/>\n<meta property=\"og:description\" content=\"Com insufici\u00eancia card\u00edaca, o corpo adapta-se para tentar acompanhar a quantidade de sangue de que o corpo necessita. Isto \u00e9 conhecido como compensa\u00e7\u00e3o.\" \/>\n<meta property=\"og:url\" content=\"https:\/\/www.heartfailurematters.org\/pt-br\/o-que-e-a-insuficiencia-cardiaca\/de-que-forma-o-coracao-e-o-corpo-se-adaptam-na-insuficiencia-cardiaca\/\" \/>\n<meta property=\"og:site_name\" content=\"Heart Failure Matters\" \/>\n<meta property=\"article:publisher\" content=\"https:\/\/www.facebook.com\/heartfailurematters\" \/>\n<meta name=\"twitter:card\" content=\"summary_large_image\" \/>\n<meta name=\"twitter:label1\" content=\"Est. tempo de leitura\" \/>\n\t<meta name=\"twitter:data1\" content=\"1 minuto\" \/>\n<script type=\"application\/ld+json\" class=\"yoast-schema-graph\">{\"@context\":\"https:\/\/schema.org\",\"@graph\":[{\"@type\":\"WebPage\",\"@id\":\"https:\/\/www.heartfailurematters.org\/pt-br\/o-que-e-a-insuficiencia-cardiaca\/de-que-forma-o-coracao-e-o-corpo-se-adaptam-na-insuficiencia-cardiaca\/\",\"url\":\"https:\/\/www.heartfailurematters.org\/pt-br\/o-que-e-a-insuficiencia-cardiaca\/de-que-forma-o-coracao-e-o-corpo-se-adaptam-na-insuficiencia-cardiaca\/\",\"name\":\"Adapta\u00e7\u00e3o do cora\u00e7\u00e3o e do corpo \u00e0 insufici\u00eancia card\u00edaca\",\"isPartOf\":{\"@id\":\"https:\/\/www.heartfailurematters.org\/pt-br\/#website\"},\"datePublished\":\"2021-01-27T22:05:56+00:00\",\"description\":\"Com insufici\u00eancia card\u00edaca, o corpo adapta-se para tentar acompanhar a quantidade de sangue de que o corpo necessita. Isto \u00e9 conhecido como compensa\u00e7\u00e3o.\",\"breadcrumb\":{\"@id\":\"https:\/\/www.heartfailurematters.org\/pt-br\/o-que-e-a-insuficiencia-cardiaca\/de-que-forma-o-coracao-e-o-corpo-se-adaptam-na-insuficiencia-cardiaca\/#breadcrumb\"},\"inLanguage\":\"pt-BR\",\"potentialAction\":[{\"@type\":\"ReadAction\",\"target\":[\"https:\/\/www.heartfailurematters.org\/pt-br\/o-que-e-a-insuficiencia-cardiaca\/de-que-forma-o-coracao-e-o-corpo-se-adaptam-na-insuficiencia-cardiaca\/\"]}]},{\"@type\":\"BreadcrumbList\",\"@id\":\"https:\/\/www.heartfailurematters.org\/pt-br\/o-que-e-a-insuficiencia-cardiaca\/de-que-forma-o-coracao-e-o-corpo-se-adaptam-na-insuficiencia-cardiaca\/#breadcrumb\",\"itemListElement\":[{\"@type\":\"ListItem\",\"position\":1,\"name\":\"P\u00e1gina inicial\",\"item\":\"https:\/\/www.heartfailurematters.org\/pt-br\/\"},{\"@type\":\"ListItem\",\"position\":2,\"name\":\"Compreender a insufici\u00eancia card\u00edaca\",\"item\":\"https:\/\/www.heartfailurematters.org\/pt-br\/o-que-e-a-insuficiencia-cardiaca\/\"},{\"@type\":\"ListItem\",\"position\":3,\"name\":\"De que forma o cora\u00e7\u00e3o e o corpo se adaptam na insufici\u00eancia card\u00edaca?\"}]},{\"@type\":\"WebSite\",\"@id\":\"https:\/\/www.heartfailurematters.org\/pt-br\/#website\",\"url\":\"https:\/\/www.heartfailurematters.org\/pt-br\/\",\"name\":\"Heart Failure Matters\",\"description\":\"Practical information for patients, families and caregivers.\",\"publisher\":{\"@id\":\"https:\/\/www.heartfailurematters.org\/pt-br\/#organization\"},\"potentialAction\":[{\"@type\":\"SearchAction\",\"target\":{\"@type\":\"EntryPoint\",\"urlTemplate\":\"https:\/\/www.heartfailurematters.org\/pt-br\/?s={search_term_string}\"},\"query-input\":{\"@type\":\"PropertyValueSpecification\",\"valueRequired\":true,\"valueName\":\"search_term_string\"}}],\"inLanguage\":\"pt-BR\"},{\"@type\":\"Organization\",\"@id\":\"https:\/\/www.heartfailurematters.org\/pt-br\/#organization\",\"name\":\"Heart Failure Matters\",\"url\":\"https:\/\/www.heartfailurematters.org\/pt-br\/\",\"logo\":{\"@type\":\"ImageObject\",\"inLanguage\":\"pt-BR\",\"@id\":\"https:\/\/www.heartfailurematters.org\/pt-br\/#\/schema\/logo\/image\/\",\"url\":\"https:\/\/cdn-endpoint-hfm.azureedge.net\/heartfailurematters\/2024\/07\/hfm-logo1.jpg\",\"contentUrl\":\"https:\/\/cdn-endpoint-hfm.azureedge.net\/heartfailurematters\/2024\/07\/hfm-logo1.jpg\",\"width\":1280,\"height\":720,\"caption\":\"Heart Failure Matters\"},\"image\":{\"@id\":\"https:\/\/www.heartfailurematters.org\/pt-br\/#\/schema\/logo\/image\/\"},\"sameAs\":[\"https:\/\/www.facebook.com\/heartfailurematters\"]}]}<\/script>\n<!-- \/ Yoast SEO plugin. -->","yoast_head_json":{"title":"Adapta\u00e7\u00e3o do cora\u00e7\u00e3o e do corpo \u00e0 insufici\u00eancia card\u00edaca","description":"Com insufici\u00eancia card\u00edaca, o corpo adapta-se para tentar acompanhar a quantidade de sangue de que o corpo necessita. Isto \u00e9 conhecido como compensa\u00e7\u00e3o.","robots":{"index":"index","follow":"follow","max-snippet":"max-snippet:-1","max-image-preview":"max-image-preview:large","max-video-preview":"max-video-preview:-1"},"canonical":"https:\/\/www.heartfailurematters.org\/pt-br\/o-que-e-a-insuficiencia-cardiaca\/de-que-forma-o-coracao-e-o-corpo-se-adaptam-na-insuficiencia-cardiaca\/","og_locale":"pt_BR","og_type":"article","og_title":"Adapta\u00e7\u00e3o do cora\u00e7\u00e3o e do corpo \u00e0 insufici\u00eancia card\u00edaca","og_description":"Com insufici\u00eancia card\u00edaca, o corpo adapta-se para tentar acompanhar a quantidade de sangue de que o corpo necessita. Isto \u00e9 conhecido como compensa\u00e7\u00e3o.","og_url":"https:\/\/www.heartfailurematters.org\/pt-br\/o-que-e-a-insuficiencia-cardiaca\/de-que-forma-o-coracao-e-o-corpo-se-adaptam-na-insuficiencia-cardiaca\/","og_site_name":"Heart Failure Matters","article_publisher":"https:\/\/www.facebook.com\/heartfailurematters","twitter_card":"summary_large_image","twitter_misc":{"Est. tempo de leitura":"1 minuto"},"schema":{"@context":"https:\/\/schema.org","@graph":[{"@type":"WebPage","@id":"https:\/\/www.heartfailurematters.org\/pt-br\/o-que-e-a-insuficiencia-cardiaca\/de-que-forma-o-coracao-e-o-corpo-se-adaptam-na-insuficiencia-cardiaca\/","url":"https:\/\/www.heartfailurematters.org\/pt-br\/o-que-e-a-insuficiencia-cardiaca\/de-que-forma-o-coracao-e-o-corpo-se-adaptam-na-insuficiencia-cardiaca\/","name":"Adapta\u00e7\u00e3o do cora\u00e7\u00e3o e do corpo \u00e0 insufici\u00eancia card\u00edaca","isPartOf":{"@id":"https:\/\/www.heartfailurematters.org\/pt-br\/#website"},"datePublished":"2021-01-27T22:05:56+00:00","description":"Com insufici\u00eancia card\u00edaca, o corpo adapta-se para tentar acompanhar a quantidade de sangue de que o corpo necessita. Isto \u00e9 conhecido como compensa\u00e7\u00e3o.","breadcrumb":{"@id":"https:\/\/www.heartfailurematters.org\/pt-br\/o-que-e-a-insuficiencia-cardiaca\/de-que-forma-o-coracao-e-o-corpo-se-adaptam-na-insuficiencia-cardiaca\/#breadcrumb"},"inLanguage":"pt-BR","potentialAction":[{"@type":"ReadAction","target":["https:\/\/www.heartfailurematters.org\/pt-br\/o-que-e-a-insuficiencia-cardiaca\/de-que-forma-o-coracao-e-o-corpo-se-adaptam-na-insuficiencia-cardiaca\/"]}]},{"@type":"BreadcrumbList","@id":"https:\/\/www.heartfailurematters.org\/pt-br\/o-que-e-a-insuficiencia-cardiaca\/de-que-forma-o-coracao-e-o-corpo-se-adaptam-na-insuficiencia-cardiaca\/#breadcrumb","itemListElement":[{"@type":"ListItem","position":1,"name":"P\u00e1gina inicial","item":"https:\/\/www.heartfailurematters.org\/pt-br\/"},{"@type":"ListItem","position":2,"name":"Compreender a insufici\u00eancia card\u00edaca","item":"https:\/\/www.heartfailurematters.org\/pt-br\/o-que-e-a-insuficiencia-cardiaca\/"},{"@type":"ListItem","position":3,"name":"De que forma o cora\u00e7\u00e3o e o corpo se adaptam na insufici\u00eancia card\u00edaca?"}]},{"@type":"WebSite","@id":"https:\/\/www.heartfailurematters.org\/pt-br\/#website","url":"https:\/\/www.heartfailurematters.org\/pt-br\/","name":"Heart Failure Matters","description":"Practical information for patients, families and caregivers.","publisher":{"@id":"https:\/\/www.heartfailurematters.org\/pt-br\/#organization"},"potentialAction":[{"@type":"SearchAction","target":{"@type":"EntryPoint","urlTemplate":"https:\/\/www.heartfailurematters.org\/pt-br\/?s={search_term_string}"},"query-input":{"@type":"PropertyValueSpecification","valueRequired":true,"valueName":"search_term_string"}}],"inLanguage":"pt-BR"},{"@type":"Organization","@id":"https:\/\/www.heartfailurematters.org\/pt-br\/#organization","name":"Heart Failure Matters","url":"https:\/\/www.heartfailurematters.org\/pt-br\/","logo":{"@type":"ImageObject","inLanguage":"pt-BR","@id":"https:\/\/www.heartfailurematters.org\/pt-br\/#\/schema\/logo\/image\/","url":"https:\/\/cdn-endpoint-hfm.azureedge.net\/heartfailurematters\/2024\/07\/hfm-logo1.jpg","contentUrl":"https:\/\/cdn-endpoint-hfm.azureedge.net\/heartfailurematters\/2024\/07\/hfm-logo1.jpg","width":1280,"height":720,"caption":"Heart Failure Matters"},"image":{"@id":"https:\/\/www.heartfailurematters.org\/pt-br\/#\/schema\/logo\/image\/"},"sameAs":["https:\/\/www.facebook.com\/heartfailurematters"]}]}},"_links":{"self":[{"href":"https:\/\/www.heartfailurematters.org\/pt-br\/wp-json\/wp\/v2\/pages\/12636","targetHints":{"allow":["GET"]}}],"collection":[{"href":"https:\/\/www.heartfailurematters.org\/pt-br\/wp-json\/wp\/v2\/pages"}],"about":[{"href":"https:\/\/www.heartfailurematters.org\/pt-br\/wp-json\/wp\/v2\/types\/page"}],"author":[{"embeddable":true,"href":"https:\/\/www.heartfailurematters.org\/pt-br\/wp-json\/wp\/v2\/users\/1"}],"replies":[{"embeddable":true,"href":"https:\/\/www.heartfailurematters.org\/pt-br\/wp-json\/wp\/v2\/comments?post=12636"}],"version-history":[{"count":0,"href":"https:\/\/www.heartfailurematters.org\/pt-br\/wp-json\/wp\/v2\/pages\/12636\/revisions"}],"up":[{"embeddable":true,"href":"https:\/\/www.heartfailurematters.org\/pt-br\/wp-json\/wp\/v2\/pages\/13168"}],"wp:attachment":[{"href":"https:\/\/www.heartfailurematters.org\/pt-br\/wp-json\/wp\/v2\/media?parent=12636"}],"wp:term":[{"taxonomy":"category","embeddable":true,"href":"https:\/\/www.heartfailurematters.org\/pt-br\/wp-json\/wp\/v2\/categories?post=12636"},{"taxonomy":"post_tag","embeddable":true,"href":"https:\/\/www.heartfailurematters.org\/pt-br\/wp-json\/wp\/v2\/tags?post=12636"}],"curies":[{"name":"wp","href":"https:\/\/api.w.org\/{rel}","templated":true}]}}