{"id":12635,"date":"2021-01-27T22:05:56","date_gmt":"2021-01-27T22:05:56","guid":{"rendered":"https:\/\/www.heartfailurematters.org\/viver-com-insuficiencia-cardiaca\/ordem-de-nao-reanimar\/"},"modified":"2021-01-27T22:05:56","modified_gmt":"2021-01-27T22:05:56","slug":"ordem-de-nao-reanimar","status":"publish","type":"page","link":"https:\/\/www.heartfailurematters.org\/pt-br\/viver-com-insuficiencia-cardiaca\/ordem-de-nao-reanimar\/","title":{"rendered":"Ordem de n\u00e3o reanimar"},"content":{"rendered":"<p>Uma <a class=\"addtooltip\" title=\"Documento para os profissionais de cuidados de sa\u00fade que especifica que o doente n\u00e3o deseja ser ressuscitado se o cora\u00e7\u00e3o e a respira\u00e7\u00e3o pararem.\"><strong title=\"\">ordem de n\u00e3o reanimar<\/strong><\/a> ou ONR, \u00e9 um documento que indica aos m\u00e9dicos, enfermeiros e equipas de emerg\u00eancia m\u00e9dica, os procedimentos que n\u00e3o devem realizar quando uma pessoa deixar de respirar ou o ritmo card\u00edaco constituir perigo de vida. Pode incluir instru\u00e7\u00f5es sobre os m\u00e9todos a evitar durante uma reanima\u00e7\u00e3o, como:<\/p>\n<ul>\n<li><a class=\"addtooltip\" title=\"Procedimento para salvar vidas que envolve Pompress\u00f5es tor\u00e1cicas manuais para manter o cora\u00e7\u00e3o a bombear e respira\u00e7\u00e3o boca a boca para manter a respira\u00e7\u00e3o.\"><strong title=\"\">Reanima\u00e7\u00e3o cardiopulmonar (RCP)<\/strong><\/a><br \/>\nUm procedimento que implica compress\u00e3o tor\u00e1cica manual e respira\u00e7\u00e3o boca-a-boca para fazer circular o sangue e o oxig\u00e9nio para os pulm\u00f5es.<\/li>\n<li><a class=\"addtooltip\" title=\"Processo utilizado para corrigir um ritmo card\u00edaco anormal atrav\u00e9s da aplica\u00e7\u00e3o de choques el\u00e9tricos no t\u00f3rax.\"><strong title=\"\">Desfibrilha\u00e7\u00e3o<\/strong><\/a><br \/>\nUm processo que consiste na aplica\u00e7\u00e3o de um choque el\u00e9trico no cora\u00e7\u00e3o para que o batimento card\u00edaco volte ao normal.<\/li>\n<li><a class=\"addtooltip\" title=\"A respira\u00e7\u00e3o mec\u00e2nica consiste na utiliza\u00e7\u00e3o de uma m\u00e1quina para controlar a respira\u00e7\u00e3o de uma pessoa e fornecer oxig\u00e9nio.\"><strong title=\"\">Ventilador (tubo e m\u00e1quina de ventila\u00e7\u00e3o)<\/strong><\/a><br \/>\nUtilizado para ajudar uma pessoa inconsciente a respirar.<\/li>\n<li><strong>Medica\u00e7\u00e3o<\/strong><br \/>\nAdministrar medicamentos para recuperar uma frequ\u00eancia card\u00edaca eficaz e melhorar a circula\u00e7\u00e3o sangu\u00ednea para os principais \u00f3rg\u00e3os. A presen\u00e7a de um dispositivo n\u00e3o impede a realiza\u00e7\u00e3o de quaisquer medidas, nem complicar\u00e1 os tratamentos que sejam considerados adequados, em conformidade com o conte\u00fado da ONR.<\/li>\n<\/ul>\n<p>A decis\u00e3o de ter uma ONR por escrito dever\u00e1 ser tomada por si ou pela sua fam\u00edlia, em conjunto com o seu m\u00e9dico.<\/p>\n<p><a title=\"Return to Planning for the end of life\" href=\"https:\/\/www.heartfailurematters.org\/pt-pt\/viver-com-insuficiencia-cardiaca\/planear-o-fim-da-vida\/\">Voltar \u00e0 sec\u00e7\u00e3o Planear o fim da vida<\/a><\/p>\n","protected":false},"excerpt":{"rendered":"<p>Uma ordem de n\u00e3o reanimar ou ONR, \u00e9 um documento que indica aos m\u00e9dicos, enfermeiros e equipas de emerg\u00eancia m\u00e9dica, os procedimentos que n\u00e3o devem realizar quando uma pessoa deixar de respirar ou o ritmo card\u00edaco constituir perigo de vida. Pode incluir instru\u00e7\u00f5es sobre os m\u00e9todos a evitar durante uma reanima\u00e7\u00e3o, como: Reanima\u00e7\u00e3o cardiopulmonar (RCP) [&hellip;]<\/p>\n","protected":false},"author":1,"featured_media":12536,"parent":13175,"menu_order":0,"comment_status":"open","ping_status":"open","template":"","meta":{"_acf_changed":false,"footnotes":""},"categories":[],"tags":[],"class_list":["post-12635","page","type-page","status-publish","has-post-thumbnail","hentry"],"acf":[],"yoast_head":"<!-- This site is optimized with the Yoast SEO plugin v24.8.1 - https:\/\/yoast.com\/wordpress\/plugins\/seo\/ -->\n<title>O que \u00e9 uma ordem de n\u00e3o reanimar?<\/title>\n<meta name=\"description\" content=\"Ordem de n\u00e3o reanima\u00e7\u00e3o diz a m\u00e9dicos, enfermeiros e pessoal m\u00e9dico de emerg\u00eancia o que n\u00e3o fazer quando se para de respirar ou o ritmo card\u00edaco pode ser fatal.\" \/>\n<meta name=\"robots\" content=\"index, follow, max-snippet:-1, max-image-preview:large, max-video-preview:-1\" \/>\n<link rel=\"canonical\" href=\"https:\/\/www.heartfailurematters.org\/pt-br\/viver-com-insuficiencia-cardiaca\/ordem-de-nao-reanimar\/\" \/>\n<meta property=\"og:locale\" content=\"pt_BR\" \/>\n<meta property=\"og:type\" content=\"article\" \/>\n<meta property=\"og:title\" content=\"O que \u00e9 uma ordem de n\u00e3o reanimar?\" \/>\n<meta property=\"og:description\" content=\"Ordem de n\u00e3o reanima\u00e7\u00e3o diz a m\u00e9dicos, enfermeiros e pessoal m\u00e9dico de emerg\u00eancia o que n\u00e3o fazer quando se para de respirar ou o ritmo card\u00edaco pode ser fatal.\" \/>\n<meta property=\"og:url\" content=\"https:\/\/www.heartfailurematters.org\/pt-br\/viver-com-insuficiencia-cardiaca\/ordem-de-nao-reanimar\/\" \/>\n<meta property=\"og:site_name\" content=\"Heart Failure Matters\" \/>\n<meta property=\"article:publisher\" content=\"https:\/\/www.facebook.com\/heartfailurematters\" \/>\n<meta property=\"og:image\" content=\"https:\/\/www.heartfailurematters.org\/wp-content\/uploads\/2022\/03\/shutterstock_1544093657-1-min.jpg\" \/>\n\t<meta property=\"og:image:width\" content=\"900\" \/>\n\t<meta property=\"og:image:height\" content=\"600\" \/>\n\t<meta property=\"og:image:type\" content=\"image\/jpeg\" \/>\n<meta name=\"twitter:card\" content=\"summary_large_image\" \/>\n<meta name=\"twitter:label1\" content=\"Est. tempo de leitura\" \/>\n\t<meta name=\"twitter:data1\" content=\"1 minuto\" \/>\n<script type=\"application\/ld+json\" class=\"yoast-schema-graph\">{\"@context\":\"https:\/\/schema.org\",\"@graph\":[{\"@type\":\"WebPage\",\"@id\":\"https:\/\/www.heartfailurematters.org\/pt-br\/viver-com-insuficiencia-cardiaca\/ordem-de-nao-reanimar\/\",\"url\":\"https:\/\/www.heartfailurematters.org\/pt-br\/viver-com-insuficiencia-cardiaca\/ordem-de-nao-reanimar\/\",\"name\":\"O que \u00e9 uma ordem de n\u00e3o reanimar?\",\"isPartOf\":{\"@id\":\"https:\/\/www.heartfailurematters.org\/pt-br\/#website\"},\"primaryImageOfPage\":{\"@id\":\"https:\/\/www.heartfailurematters.org\/pt-br\/viver-com-insuficiencia-cardiaca\/ordem-de-nao-reanimar\/#primaryimage\"},\"image\":{\"@id\":\"https:\/\/www.heartfailurematters.org\/pt-br\/viver-com-insuficiencia-cardiaca\/ordem-de-nao-reanimar\/#primaryimage\"},\"thumbnailUrl\":\"https:\/\/www.heartfailurematters.org\/wp-content\/uploads\/2022\/03\/shutterstock_1544093657-1-min.jpg\",\"datePublished\":\"2021-01-27T22:05:56+00:00\",\"description\":\"Ordem de n\u00e3o reanima\u00e7\u00e3o diz a m\u00e9dicos, enfermeiros e pessoal m\u00e9dico de emerg\u00eancia o que n\u00e3o fazer quando se para de respirar ou o ritmo card\u00edaco pode ser fatal.\",\"breadcrumb\":{\"@id\":\"https:\/\/www.heartfailurematters.org\/pt-br\/viver-com-insuficiencia-cardiaca\/ordem-de-nao-reanimar\/#breadcrumb\"},\"inLanguage\":\"pt-BR\",\"potentialAction\":[{\"@type\":\"ReadAction\",\"target\":[\"https:\/\/www.heartfailurematters.org\/pt-br\/viver-com-insuficiencia-cardiaca\/ordem-de-nao-reanimar\/\"]}]},{\"@type\":\"ImageObject\",\"inLanguage\":\"pt-BR\",\"@id\":\"https:\/\/www.heartfailurematters.org\/pt-br\/viver-com-insuficiencia-cardiaca\/ordem-de-nao-reanimar\/#primaryimage\",\"url\":\"https:\/\/www.heartfailurematters.org\/wp-content\/uploads\/2022\/03\/shutterstock_1544093657-1-min.jpg\",\"contentUrl\":\"https:\/\/www.heartfailurematters.org\/wp-content\/uploads\/2022\/03\/shutterstock_1544093657-1-min.jpg\",\"width\":900,\"height\":600},{\"@type\":\"BreadcrumbList\",\"@id\":\"https:\/\/www.heartfailurematters.org\/pt-br\/viver-com-insuficiencia-cardiaca\/ordem-de-nao-reanimar\/#breadcrumb\",\"itemListElement\":[{\"@type\":\"ListItem\",\"position\":1,\"name\":\"P\u00e1gina inicial\",\"item\":\"https:\/\/www.heartfailurematters.org\/pt-br\/\"},{\"@type\":\"ListItem\",\"position\":2,\"name\":\"Viver com insufici\u00eancia card\u00edaca\",\"item\":\"https:\/\/www.heartfailurematters.org\/pt-br\/viver-com-insuficiencia-cardiaca\/\"},{\"@type\":\"ListItem\",\"position\":3,\"name\":\"Ordem de n\u00e3o reanimar\"}]},{\"@type\":\"WebSite\",\"@id\":\"https:\/\/www.heartfailurematters.org\/pt-br\/#website\",\"url\":\"https:\/\/www.heartfailurematters.org\/pt-br\/\",\"name\":\"Heart Failure Matters\",\"description\":\"Practical information for patients, families and caregivers.\",\"publisher\":{\"@id\":\"https:\/\/www.heartfailurematters.org\/pt-br\/#organization\"},\"potentialAction\":[{\"@type\":\"SearchAction\",\"target\":{\"@type\":\"EntryPoint\",\"urlTemplate\":\"https:\/\/www.heartfailurematters.org\/pt-br\/?s={search_term_string}\"},\"query-input\":{\"@type\":\"PropertyValueSpecification\",\"valueRequired\":true,\"valueName\":\"search_term_string\"}}],\"inLanguage\":\"pt-BR\"},{\"@type\":\"Organization\",\"@id\":\"https:\/\/www.heartfailurematters.org\/pt-br\/#organization\",\"name\":\"Heart Failure Matters\",\"url\":\"https:\/\/www.heartfailurematters.org\/pt-br\/\",\"logo\":{\"@type\":\"ImageObject\",\"inLanguage\":\"pt-BR\",\"@id\":\"https:\/\/www.heartfailurematters.org\/pt-br\/#\/schema\/logo\/image\/\",\"url\":\"https:\/\/cdn-endpoint-hfm.azureedge.net\/heartfailurematters\/2024\/07\/hfm-logo1.jpg\",\"contentUrl\":\"https:\/\/cdn-endpoint-hfm.azureedge.net\/heartfailurematters\/2024\/07\/hfm-logo1.jpg\",\"width\":1280,\"height\":720,\"caption\":\"Heart Failure Matters\"},\"image\":{\"@id\":\"https:\/\/www.heartfailurematters.org\/pt-br\/#\/schema\/logo\/image\/\"},\"sameAs\":[\"https:\/\/www.facebook.com\/heartfailurematters\"]}]}<\/script>\n<!-- \/ Yoast SEO plugin. -->","yoast_head_json":{"title":"O que \u00e9 uma ordem de n\u00e3o reanimar?","description":"Ordem de n\u00e3o reanima\u00e7\u00e3o diz a m\u00e9dicos, enfermeiros e pessoal m\u00e9dico de emerg\u00eancia o que n\u00e3o fazer quando se para de respirar ou o ritmo card\u00edaco pode ser fatal.","robots":{"index":"index","follow":"follow","max-snippet":"max-snippet:-1","max-image-preview":"max-image-preview:large","max-video-preview":"max-video-preview:-1"},"canonical":"https:\/\/www.heartfailurematters.org\/pt-br\/viver-com-insuficiencia-cardiaca\/ordem-de-nao-reanimar\/","og_locale":"pt_BR","og_type":"article","og_title":"O que \u00e9 uma ordem de n\u00e3o reanimar?","og_description":"Ordem de n\u00e3o reanima\u00e7\u00e3o diz a m\u00e9dicos, enfermeiros e pessoal m\u00e9dico de emerg\u00eancia o que n\u00e3o fazer quando se para de respirar ou o ritmo card\u00edaco pode ser fatal.","og_url":"https:\/\/www.heartfailurematters.org\/pt-br\/viver-com-insuficiencia-cardiaca\/ordem-de-nao-reanimar\/","og_site_name":"Heart Failure Matters","article_publisher":"https:\/\/www.facebook.com\/heartfailurematters","og_image":[{"width":900,"height":600,"url":"https:\/\/www.heartfailurematters.org\/wp-content\/uploads\/2022\/03\/shutterstock_1544093657-1-min.jpg","type":"image\/jpeg"}],"twitter_card":"summary_large_image","twitter_misc":{"Est. tempo de leitura":"1 minuto"},"schema":{"@context":"https:\/\/schema.org","@graph":[{"@type":"WebPage","@id":"https:\/\/www.heartfailurematters.org\/pt-br\/viver-com-insuficiencia-cardiaca\/ordem-de-nao-reanimar\/","url":"https:\/\/www.heartfailurematters.org\/pt-br\/viver-com-insuficiencia-cardiaca\/ordem-de-nao-reanimar\/","name":"O que \u00e9 uma ordem de n\u00e3o reanimar?","isPartOf":{"@id":"https:\/\/www.heartfailurematters.org\/pt-br\/#website"},"primaryImageOfPage":{"@id":"https:\/\/www.heartfailurematters.org\/pt-br\/viver-com-insuficiencia-cardiaca\/ordem-de-nao-reanimar\/#primaryimage"},"image":{"@id":"https:\/\/www.heartfailurematters.org\/pt-br\/viver-com-insuficiencia-cardiaca\/ordem-de-nao-reanimar\/#primaryimage"},"thumbnailUrl":"https:\/\/www.heartfailurematters.org\/wp-content\/uploads\/2022\/03\/shutterstock_1544093657-1-min.jpg","datePublished":"2021-01-27T22:05:56+00:00","description":"Ordem de n\u00e3o reanima\u00e7\u00e3o diz a m\u00e9dicos, enfermeiros e pessoal m\u00e9dico de emerg\u00eancia o que n\u00e3o fazer quando se para de respirar ou o ritmo card\u00edaco pode ser fatal.","breadcrumb":{"@id":"https:\/\/www.heartfailurematters.org\/pt-br\/viver-com-insuficiencia-cardiaca\/ordem-de-nao-reanimar\/#breadcrumb"},"inLanguage":"pt-BR","potentialAction":[{"@type":"ReadAction","target":["https:\/\/www.heartfailurematters.org\/pt-br\/viver-com-insuficiencia-cardiaca\/ordem-de-nao-reanimar\/"]}]},{"@type":"ImageObject","inLanguage":"pt-BR","@id":"https:\/\/www.heartfailurematters.org\/pt-br\/viver-com-insuficiencia-cardiaca\/ordem-de-nao-reanimar\/#primaryimage","url":"https:\/\/www.heartfailurematters.org\/wp-content\/uploads\/2022\/03\/shutterstock_1544093657-1-min.jpg","contentUrl":"https:\/\/www.heartfailurematters.org\/wp-content\/uploads\/2022\/03\/shutterstock_1544093657-1-min.jpg","width":900,"height":600},{"@type":"BreadcrumbList","@id":"https:\/\/www.heartfailurematters.org\/pt-br\/viver-com-insuficiencia-cardiaca\/ordem-de-nao-reanimar\/#breadcrumb","itemListElement":[{"@type":"ListItem","position":1,"name":"P\u00e1gina inicial","item":"https:\/\/www.heartfailurematters.org\/pt-br\/"},{"@type":"ListItem","position":2,"name":"Viver com insufici\u00eancia card\u00edaca","item":"https:\/\/www.heartfailurematters.org\/pt-br\/viver-com-insuficiencia-cardiaca\/"},{"@type":"ListItem","position":3,"name":"Ordem de n\u00e3o reanimar"}]},{"@type":"WebSite","@id":"https:\/\/www.heartfailurematters.org\/pt-br\/#website","url":"https:\/\/www.heartfailurematters.org\/pt-br\/","name":"Heart Failure Matters","description":"Practical information for patients, families and caregivers.","publisher":{"@id":"https:\/\/www.heartfailurematters.org\/pt-br\/#organization"},"potentialAction":[{"@type":"SearchAction","target":{"@type":"EntryPoint","urlTemplate":"https:\/\/www.heartfailurematters.org\/pt-br\/?s={search_term_string}"},"query-input":{"@type":"PropertyValueSpecification","valueRequired":true,"valueName":"search_term_string"}}],"inLanguage":"pt-BR"},{"@type":"Organization","@id":"https:\/\/www.heartfailurematters.org\/pt-br\/#organization","name":"Heart Failure Matters","url":"https:\/\/www.heartfailurematters.org\/pt-br\/","logo":{"@type":"ImageObject","inLanguage":"pt-BR","@id":"https:\/\/www.heartfailurematters.org\/pt-br\/#\/schema\/logo\/image\/","url":"https:\/\/cdn-endpoint-hfm.azureedge.net\/heartfailurematters\/2024\/07\/hfm-logo1.jpg","contentUrl":"https:\/\/cdn-endpoint-hfm.azureedge.net\/heartfailurematters\/2024\/07\/hfm-logo1.jpg","width":1280,"height":720,"caption":"Heart Failure Matters"},"image":{"@id":"https:\/\/www.heartfailurematters.org\/pt-br\/#\/schema\/logo\/image\/"},"sameAs":["https:\/\/www.facebook.com\/heartfailurematters"]}]}},"_links":{"self":[{"href":"https:\/\/www.heartfailurematters.org\/pt-br\/wp-json\/wp\/v2\/pages\/12635","targetHints":{"allow":["GET"]}}],"collection":[{"href":"https:\/\/www.heartfailurematters.org\/pt-br\/wp-json\/wp\/v2\/pages"}],"about":[{"href":"https:\/\/www.heartfailurematters.org\/pt-br\/wp-json\/wp\/v2\/types\/page"}],"author":[{"embeddable":true,"href":"https:\/\/www.heartfailurematters.org\/pt-br\/wp-json\/wp\/v2\/users\/1"}],"replies":[{"embeddable":true,"href":"https:\/\/www.heartfailurematters.org\/pt-br\/wp-json\/wp\/v2\/comments?post=12635"}],"version-history":[{"count":0,"href":"https:\/\/www.heartfailurematters.org\/pt-br\/wp-json\/wp\/v2\/pages\/12635\/revisions"}],"up":[{"embeddable":true,"href":"https:\/\/www.heartfailurematters.org\/pt-br\/wp-json\/wp\/v2\/pages\/13175"}],"wp:featuredmedia":[{"embeddable":true,"href":"https:\/\/www.heartfailurematters.org\/pt-br\/wp-json\/wp\/v2\/media\/12536"}],"wp:attachment":[{"href":"https:\/\/www.heartfailurematters.org\/pt-br\/wp-json\/wp\/v2\/media?parent=12635"}],"wp:term":[{"taxonomy":"category","embeddable":true,"href":"https:\/\/www.heartfailurematters.org\/pt-br\/wp-json\/wp\/v2\/categories?post=12635"},{"taxonomy":"post_tag","embeddable":true,"href":"https:\/\/www.heartfailurematters.org\/pt-br\/wp-json\/wp\/v2\/tags?post=12635"}],"curies":[{"name":"wp","href":"https:\/\/api.w.org\/{rel}","templated":true}]}}