{"id":12633,"date":"2021-01-27T22:05:56","date_gmt":"2021-01-27T22:05:56","guid":{"rendered":"https:\/\/www.heartfailurematters.org\/viver-com-insuficiencia-cardiaca\/lidar-com-diarreia\/"},"modified":"2021-01-27T22:05:56","modified_gmt":"2021-01-27T22:05:56","slug":"lidar-com-diarreia","status":"publish","type":"page","link":"https:\/\/www.heartfailurematters.org\/pt-br\/viver-com-insuficiencia-cardiaca\/lidar-com-diarreia\/","title":{"rendered":"Lidar com diarreia"},"content":{"rendered":"<p>Algumas pessoas com insufici\u00eancia card\u00edaca controlam a quantidade de l\u00edquidos ingeridos para minimizar a <a class=\"addtooltip\" title=\"Quando existe demasiado l\u00edquido na circula\u00e7\u00e3o sangu\u00ednea e congest\u00e3o, a press\u00e3o aumenta nos vasos sangu\u00edneos. Consequentemente, ocorre extravasamento de l\u00edquido para os tecidos circundantes, onde se acumula provocando edema.\" href=\"https:\/\/www.heartfailurematters.org\/pt-pt\/viver-com-insuficiencia-cardiaca\/lidar-com-diarreia\/\"><strong title=\"\">reten\u00e7\u00e3o de l\u00edquidos <\/strong><\/a>, que ocorre normalmente com a insufici\u00eancia card\u00edaca. Quando existe demasiado l\u00edquido na circula\u00e7\u00e3o sangu\u00ednea e congest\u00e3o, a press\u00e3o aumenta nos vasos sangu\u00edneos. No entanto, se durante as viagens tiver diarreia poder\u00e1 perder mais l\u00edquidos do que o normal, correndo o risco de ficar desidratado. Neste caso, poder\u00e1 ter de ingerir mais l\u00edquidos do que o normal uma vez que a desidrata\u00e7\u00e3o poder\u00e1 agravar os sintomas da insufici\u00eancia card\u00edaca. Os medicamentos n\u00e3o sujeitos a receita m\u00e9dica para o controlo da diarreia s\u00e3o geralmente seguros e eficazes, mas refira ao farmac\u00eautico que sofre de insufici\u00eancia card\u00edaca e forne\u00e7a-lhe os detalhes dos medicamentos que toma diariamente. A diarreia e os v\u00f3mitos tamb\u00e9m podem afetar como os medicamentos para a insufici\u00eancia card\u00edaca s\u00e3o absorvidos pelo organismo e piorar os sintomas. Se perder muitos l\u00edquidos, poder\u00e1 ter de parar de tomar alguns dos medicamentos, como diur\u00e9ticos e vasodilatadores. Dever\u00e1 falar sobre esta quest\u00e3o com o seu m\u00e9dico.<\/p>\n<p><a title=\"\" href=\"https:\/\/www.heartfailurematters.org\/pt-pt\/viver-com-insuficiencia-cardiaca\/viajar\/\">Voltar \u00e0 sec\u00e7\u00e3o Viajar <\/a><\/p>\n<p>&nbsp;<\/p>\n","protected":false},"excerpt":{"rendered":"<p>Algumas pessoas com insufici\u00eancia card\u00edaca controlam a quantidade de l\u00edquidos ingeridos para minimizar a reten\u00e7\u00e3o de l\u00edquidos , que ocorre normalmente com a insufici\u00eancia card\u00edaca. Quando existe demasiado l\u00edquido na circula\u00e7\u00e3o sangu\u00ednea e congest\u00e3o, a press\u00e3o aumenta nos vasos sangu\u00edneos. No entanto, se durante as viagens tiver diarreia poder\u00e1 perder mais l\u00edquidos do que o [&hellip;]<\/p>\n","protected":false},"author":1,"featured_media":12532,"parent":13175,"menu_order":0,"comment_status":"open","ping_status":"open","template":"","meta":{"_acf_changed":false,"footnotes":""},"categories":[],"tags":[],"class_list":["post-12633","page","type-page","status-publish","has-post-thumbnail","hentry"],"acf":[],"yoast_head":"<!-- This site is optimized with the Yoast SEO plugin v24.8.1 - https:\/\/yoast.com\/wordpress\/plugins\/seo\/ -->\n<title>Lidar com diarreia com insufici\u00eancia card\u00edaca<\/title>\n<meta name=\"description\" content=\"Algumas pessoas com insufici\u00eancia card\u00edaca controlam a quantidade de l\u00edquidos que bebem para minimizar a reten\u00e7\u00e3o de l\u00edquidos\" \/>\n<meta name=\"robots\" content=\"index, follow, max-snippet:-1, max-image-preview:large, max-video-preview:-1\" \/>\n<link rel=\"canonical\" href=\"https:\/\/www.heartfailurematters.org\/pt-br\/viver-com-insuficiencia-cardiaca\/lidar-com-diarreia\/\" \/>\n<meta property=\"og:locale\" content=\"pt_BR\" \/>\n<meta property=\"og:type\" content=\"article\" \/>\n<meta property=\"og:title\" content=\"Lidar com diarreia com insufici\u00eancia card\u00edaca\" \/>\n<meta property=\"og:description\" content=\"Algumas pessoas com insufici\u00eancia card\u00edaca controlam a quantidade de l\u00edquidos que bebem para minimizar a reten\u00e7\u00e3o de l\u00edquidos\" \/>\n<meta property=\"og:url\" content=\"https:\/\/www.heartfailurematters.org\/pt-br\/viver-com-insuficiencia-cardiaca\/lidar-com-diarreia\/\" \/>\n<meta property=\"og:site_name\" content=\"Heart Failure Matters\" \/>\n<meta property=\"article:publisher\" content=\"https:\/\/www.facebook.com\/heartfailurematters\" \/>\n<meta property=\"og:image\" content=\"https:\/\/www.heartfailurematters.org\/wp-content\/uploads\/2022\/03\/shutterstock_1850834386-1-min.jpg\" \/>\n\t<meta property=\"og:image:width\" content=\"900\" \/>\n\t<meta property=\"og:image:height\" content=\"600\" \/>\n\t<meta property=\"og:image:type\" content=\"image\/jpeg\" \/>\n<meta name=\"twitter:card\" content=\"summary_large_image\" \/>\n<meta name=\"twitter:label1\" content=\"Est. tempo de leitura\" \/>\n\t<meta name=\"twitter:data1\" content=\"1 minuto\" \/>\n<script type=\"application\/ld+json\" class=\"yoast-schema-graph\">{\"@context\":\"https:\/\/schema.org\",\"@graph\":[{\"@type\":\"WebPage\",\"@id\":\"https:\/\/www.heartfailurematters.org\/pt-br\/viver-com-insuficiencia-cardiaca\/lidar-com-diarreia\/\",\"url\":\"https:\/\/www.heartfailurematters.org\/pt-br\/viver-com-insuficiencia-cardiaca\/lidar-com-diarreia\/\",\"name\":\"Lidar com diarreia com insufici\u00eancia card\u00edaca\",\"isPartOf\":{\"@id\":\"https:\/\/www.heartfailurematters.org\/pt-br\/#website\"},\"primaryImageOfPage\":{\"@id\":\"https:\/\/www.heartfailurematters.org\/pt-br\/viver-com-insuficiencia-cardiaca\/lidar-com-diarreia\/#primaryimage\"},\"image\":{\"@id\":\"https:\/\/www.heartfailurematters.org\/pt-br\/viver-com-insuficiencia-cardiaca\/lidar-com-diarreia\/#primaryimage\"},\"thumbnailUrl\":\"https:\/\/www.heartfailurematters.org\/wp-content\/uploads\/2022\/03\/shutterstock_1850834386-1-min.jpg\",\"datePublished\":\"2021-01-27T22:05:56+00:00\",\"description\":\"Algumas pessoas com insufici\u00eancia card\u00edaca controlam a quantidade de l\u00edquidos que bebem para minimizar a reten\u00e7\u00e3o de l\u00edquidos\",\"breadcrumb\":{\"@id\":\"https:\/\/www.heartfailurematters.org\/pt-br\/viver-com-insuficiencia-cardiaca\/lidar-com-diarreia\/#breadcrumb\"},\"inLanguage\":\"pt-BR\",\"potentialAction\":[{\"@type\":\"ReadAction\",\"target\":[\"https:\/\/www.heartfailurematters.org\/pt-br\/viver-com-insuficiencia-cardiaca\/lidar-com-diarreia\/\"]}]},{\"@type\":\"ImageObject\",\"inLanguage\":\"pt-BR\",\"@id\":\"https:\/\/www.heartfailurematters.org\/pt-br\/viver-com-insuficiencia-cardiaca\/lidar-com-diarreia\/#primaryimage\",\"url\":\"https:\/\/www.heartfailurematters.org\/wp-content\/uploads\/2022\/03\/shutterstock_1850834386-1-min.jpg\",\"contentUrl\":\"https:\/\/www.heartfailurematters.org\/wp-content\/uploads\/2022\/03\/shutterstock_1850834386-1-min.jpg\",\"width\":900,\"height\":600},{\"@type\":\"BreadcrumbList\",\"@id\":\"https:\/\/www.heartfailurematters.org\/pt-br\/viver-com-insuficiencia-cardiaca\/lidar-com-diarreia\/#breadcrumb\",\"itemListElement\":[{\"@type\":\"ListItem\",\"position\":1,\"name\":\"P\u00e1gina inicial\",\"item\":\"https:\/\/www.heartfailurematters.org\/pt-br\/\"},{\"@type\":\"ListItem\",\"position\":2,\"name\":\"Viver com insufici\u00eancia card\u00edaca\",\"item\":\"https:\/\/www.heartfailurematters.org\/pt-br\/viver-com-insuficiencia-cardiaca\/\"},{\"@type\":\"ListItem\",\"position\":3,\"name\":\"Lidar com diarreia\"}]},{\"@type\":\"WebSite\",\"@id\":\"https:\/\/www.heartfailurematters.org\/pt-br\/#website\",\"url\":\"https:\/\/www.heartfailurematters.org\/pt-br\/\",\"name\":\"Heart Failure Matters\",\"description\":\"Practical information for patients, families and caregivers.\",\"publisher\":{\"@id\":\"https:\/\/www.heartfailurematters.org\/pt-br\/#organization\"},\"potentialAction\":[{\"@type\":\"SearchAction\",\"target\":{\"@type\":\"EntryPoint\",\"urlTemplate\":\"https:\/\/www.heartfailurematters.org\/pt-br\/?s={search_term_string}\"},\"query-input\":{\"@type\":\"PropertyValueSpecification\",\"valueRequired\":true,\"valueName\":\"search_term_string\"}}],\"inLanguage\":\"pt-BR\"},{\"@type\":\"Organization\",\"@id\":\"https:\/\/www.heartfailurematters.org\/pt-br\/#organization\",\"name\":\"Heart Failure Matters\",\"url\":\"https:\/\/www.heartfailurematters.org\/pt-br\/\",\"logo\":{\"@type\":\"ImageObject\",\"inLanguage\":\"pt-BR\",\"@id\":\"https:\/\/www.heartfailurematters.org\/pt-br\/#\/schema\/logo\/image\/\",\"url\":\"https:\/\/cdn-endpoint-hfm.azureedge.net\/heartfailurematters\/2024\/07\/hfm-logo1.jpg\",\"contentUrl\":\"https:\/\/cdn-endpoint-hfm.azureedge.net\/heartfailurematters\/2024\/07\/hfm-logo1.jpg\",\"width\":1280,\"height\":720,\"caption\":\"Heart Failure Matters\"},\"image\":{\"@id\":\"https:\/\/www.heartfailurematters.org\/pt-br\/#\/schema\/logo\/image\/\"},\"sameAs\":[\"https:\/\/www.facebook.com\/heartfailurematters\"]}]}<\/script>\n<!-- \/ Yoast SEO plugin. -->","yoast_head_json":{"title":"Lidar com diarreia com insufici\u00eancia card\u00edaca","description":"Algumas pessoas com insufici\u00eancia card\u00edaca controlam a quantidade de l\u00edquidos que bebem para minimizar a reten\u00e7\u00e3o de l\u00edquidos","robots":{"index":"index","follow":"follow","max-snippet":"max-snippet:-1","max-image-preview":"max-image-preview:large","max-video-preview":"max-video-preview:-1"},"canonical":"https:\/\/www.heartfailurematters.org\/pt-br\/viver-com-insuficiencia-cardiaca\/lidar-com-diarreia\/","og_locale":"pt_BR","og_type":"article","og_title":"Lidar com diarreia com insufici\u00eancia card\u00edaca","og_description":"Algumas pessoas com insufici\u00eancia card\u00edaca controlam a quantidade de l\u00edquidos que bebem para minimizar a reten\u00e7\u00e3o de l\u00edquidos","og_url":"https:\/\/www.heartfailurematters.org\/pt-br\/viver-com-insuficiencia-cardiaca\/lidar-com-diarreia\/","og_site_name":"Heart Failure Matters","article_publisher":"https:\/\/www.facebook.com\/heartfailurematters","og_image":[{"width":900,"height":600,"url":"https:\/\/www.heartfailurematters.org\/wp-content\/uploads\/2022\/03\/shutterstock_1850834386-1-min.jpg","type":"image\/jpeg"}],"twitter_card":"summary_large_image","twitter_misc":{"Est. tempo de leitura":"1 minuto"},"schema":{"@context":"https:\/\/schema.org","@graph":[{"@type":"WebPage","@id":"https:\/\/www.heartfailurematters.org\/pt-br\/viver-com-insuficiencia-cardiaca\/lidar-com-diarreia\/","url":"https:\/\/www.heartfailurematters.org\/pt-br\/viver-com-insuficiencia-cardiaca\/lidar-com-diarreia\/","name":"Lidar com diarreia com insufici\u00eancia card\u00edaca","isPartOf":{"@id":"https:\/\/www.heartfailurematters.org\/pt-br\/#website"},"primaryImageOfPage":{"@id":"https:\/\/www.heartfailurematters.org\/pt-br\/viver-com-insuficiencia-cardiaca\/lidar-com-diarreia\/#primaryimage"},"image":{"@id":"https:\/\/www.heartfailurematters.org\/pt-br\/viver-com-insuficiencia-cardiaca\/lidar-com-diarreia\/#primaryimage"},"thumbnailUrl":"https:\/\/www.heartfailurematters.org\/wp-content\/uploads\/2022\/03\/shutterstock_1850834386-1-min.jpg","datePublished":"2021-01-27T22:05:56+00:00","description":"Algumas pessoas com insufici\u00eancia card\u00edaca controlam a quantidade de l\u00edquidos que bebem para minimizar a reten\u00e7\u00e3o de l\u00edquidos","breadcrumb":{"@id":"https:\/\/www.heartfailurematters.org\/pt-br\/viver-com-insuficiencia-cardiaca\/lidar-com-diarreia\/#breadcrumb"},"inLanguage":"pt-BR","potentialAction":[{"@type":"ReadAction","target":["https:\/\/www.heartfailurematters.org\/pt-br\/viver-com-insuficiencia-cardiaca\/lidar-com-diarreia\/"]}]},{"@type":"ImageObject","inLanguage":"pt-BR","@id":"https:\/\/www.heartfailurematters.org\/pt-br\/viver-com-insuficiencia-cardiaca\/lidar-com-diarreia\/#primaryimage","url":"https:\/\/www.heartfailurematters.org\/wp-content\/uploads\/2022\/03\/shutterstock_1850834386-1-min.jpg","contentUrl":"https:\/\/www.heartfailurematters.org\/wp-content\/uploads\/2022\/03\/shutterstock_1850834386-1-min.jpg","width":900,"height":600},{"@type":"BreadcrumbList","@id":"https:\/\/www.heartfailurematters.org\/pt-br\/viver-com-insuficiencia-cardiaca\/lidar-com-diarreia\/#breadcrumb","itemListElement":[{"@type":"ListItem","position":1,"name":"P\u00e1gina inicial","item":"https:\/\/www.heartfailurematters.org\/pt-br\/"},{"@type":"ListItem","position":2,"name":"Viver com insufici\u00eancia card\u00edaca","item":"https:\/\/www.heartfailurematters.org\/pt-br\/viver-com-insuficiencia-cardiaca\/"},{"@type":"ListItem","position":3,"name":"Lidar com diarreia"}]},{"@type":"WebSite","@id":"https:\/\/www.heartfailurematters.org\/pt-br\/#website","url":"https:\/\/www.heartfailurematters.org\/pt-br\/","name":"Heart Failure Matters","description":"Practical information for patients, families and caregivers.","publisher":{"@id":"https:\/\/www.heartfailurematters.org\/pt-br\/#organization"},"potentialAction":[{"@type":"SearchAction","target":{"@type":"EntryPoint","urlTemplate":"https:\/\/www.heartfailurematters.org\/pt-br\/?s={search_term_string}"},"query-input":{"@type":"PropertyValueSpecification","valueRequired":true,"valueName":"search_term_string"}}],"inLanguage":"pt-BR"},{"@type":"Organization","@id":"https:\/\/www.heartfailurematters.org\/pt-br\/#organization","name":"Heart Failure Matters","url":"https:\/\/www.heartfailurematters.org\/pt-br\/","logo":{"@type":"ImageObject","inLanguage":"pt-BR","@id":"https:\/\/www.heartfailurematters.org\/pt-br\/#\/schema\/logo\/image\/","url":"https:\/\/cdn-endpoint-hfm.azureedge.net\/heartfailurematters\/2024\/07\/hfm-logo1.jpg","contentUrl":"https:\/\/cdn-endpoint-hfm.azureedge.net\/heartfailurematters\/2024\/07\/hfm-logo1.jpg","width":1280,"height":720,"caption":"Heart Failure Matters"},"image":{"@id":"https:\/\/www.heartfailurematters.org\/pt-br\/#\/schema\/logo\/image\/"},"sameAs":["https:\/\/www.facebook.com\/heartfailurematters"]}]}},"_links":{"self":[{"href":"https:\/\/www.heartfailurematters.org\/pt-br\/wp-json\/wp\/v2\/pages\/12633","targetHints":{"allow":["GET"]}}],"collection":[{"href":"https:\/\/www.heartfailurematters.org\/pt-br\/wp-json\/wp\/v2\/pages"}],"about":[{"href":"https:\/\/www.heartfailurematters.org\/pt-br\/wp-json\/wp\/v2\/types\/page"}],"author":[{"embeddable":true,"href":"https:\/\/www.heartfailurematters.org\/pt-br\/wp-json\/wp\/v2\/users\/1"}],"replies":[{"embeddable":true,"href":"https:\/\/www.heartfailurematters.org\/pt-br\/wp-json\/wp\/v2\/comments?post=12633"}],"version-history":[{"count":0,"href":"https:\/\/www.heartfailurematters.org\/pt-br\/wp-json\/wp\/v2\/pages\/12633\/revisions"}],"up":[{"embeddable":true,"href":"https:\/\/www.heartfailurematters.org\/pt-br\/wp-json\/wp\/v2\/pages\/13175"}],"wp:featuredmedia":[{"embeddable":true,"href":"https:\/\/www.heartfailurematters.org\/pt-br\/wp-json\/wp\/v2\/media\/12532"}],"wp:attachment":[{"href":"https:\/\/www.heartfailurematters.org\/pt-br\/wp-json\/wp\/v2\/media?parent=12633"}],"wp:term":[{"taxonomy":"category","embeddable":true,"href":"https:\/\/www.heartfailurematters.org\/pt-br\/wp-json\/wp\/v2\/categories?post=12633"},{"taxonomy":"post_tag","embeddable":true,"href":"https:\/\/www.heartfailurematters.org\/pt-br\/wp-json\/wp\/v2\/tags?post=12633"}],"curies":[{"name":"wp","href":"https:\/\/api.w.org\/{rel}","templated":true}]}}