{"id":12632,"date":"2021-01-27T22:05:56","date_gmt":"2021-01-27T22:05:56","guid":{"rendered":"https:\/\/www.heartfailurematters.org\/tonturas\/"},"modified":"2021-01-27T22:05:56","modified_gmt":"2021-01-27T22:05:56","slug":"tonturas","status":"publish","type":"page","link":"https:\/\/www.heartfailurematters.org\/pt-br\/o-que-e-a-insuficiencia-cardiaca\/tonturas\/","title":{"rendered":"Tonturas"},"content":{"rendered":"<p><img decoding=\"async\" class=\"alignleft size-full wp-image-6837\" src=\"https:\/\/cdn-endpoint-hfm.azureedge.net\/heartfailurematters\/2021\/02\/dizziness.jpg\" alt=\"\" width=\"211\" height=\"206\" \/><\/p>\n<p>A insufici\u00eancia card\u00edaca causa a redu\u00e7\u00e3o do fluxo sangu\u00edneo no resto do organismo. Se o fluxo para o c\u00e9rebro for inferior ao normal, ou se a press\u00e3o arterial estiver baixa, poder\u00e1 sentir tonturas.<\/p>\n<p>As tonturas nas pessoas com insufici\u00eancia card\u00edaca s\u00e3o geralmente causadas pelos medicamentos. Contudo, os batimentos card\u00edacos irregulares, que normalmente surgem com a insufici\u00eancia card\u00edaca, ou uma queda tempor\u00e1ria da press\u00e3o arterial, quando est\u00e1 deitado ou sentado e se levanta (hipotens\u00e3o ortost\u00e1tica), tamb\u00e9m pode causar tonturas.<\/p>\n<p>Dever\u00e1 falar com o seu m\u00e9dico ou enfermeiro para identificar a causa.<\/p>\n<p><a title=\"Return to Symptoms\" href=\"https:\/\/www.heartfailurematters.org\/pt-pt\/o-que-e-a-insuficiencia-cardiaca\/sintomas-da-insuficiencia-cardiaca\/\">Voltar \u00e0 sec\u00e7\u00e3o Sintomas<\/a><\/p>\n","protected":false},"excerpt":{"rendered":"<p>A insufici\u00eancia card\u00edaca causa a redu\u00e7\u00e3o do fluxo sangu\u00edneo no resto do organismo. Se o fluxo para o c\u00e9rebro for inferior ao normal, ou se a press\u00e3o arterial estiver baixa, poder\u00e1 sentir tonturas. As tonturas nas pessoas com insufici\u00eancia card\u00edaca s\u00e3o geralmente causadas pelos medicamentos. Contudo, os batimentos card\u00edacos irregulares, que normalmente surgem com a [&hellip;]<\/p>\n","protected":false},"author":1,"featured_media":0,"parent":13168,"menu_order":0,"comment_status":"open","ping_status":"open","template":"","meta":{"_acf_changed":false,"footnotes":""},"categories":[],"tags":[],"class_list":["post-12632","page","type-page","status-publish","hentry"],"acf":[],"yoast_head":"<!-- This site is optimized with the Yoast SEO plugin v24.8.1 - https:\/\/yoast.com\/wordpress\/plugins\/seo\/ -->\n<title>Tonturas e insufici\u00eancia card\u00edaca<\/title>\n<meta name=\"description\" content=\"Sofre de insufici\u00eancia card\u00edaca? Sente tonturas? \u00c9 frequentemente causada pela medica\u00e7\u00e3o, mas pode ser outro fator relacionado com a sua condi\u00e7\u00e3o. Saiba mais aqui\" \/>\n<meta name=\"robots\" content=\"index, follow, max-snippet:-1, max-image-preview:large, max-video-preview:-1\" \/>\n<link rel=\"canonical\" href=\"https:\/\/www.heartfailurematters.org\/pt-br\/o-que-e-a-insuficiencia-cardiaca\/tonturas\/\" \/>\n<meta property=\"og:locale\" content=\"pt_BR\" \/>\n<meta property=\"og:type\" content=\"article\" \/>\n<meta property=\"og:title\" content=\"Tonturas e insufici\u00eancia card\u00edaca\" \/>\n<meta property=\"og:description\" content=\"Sofre de insufici\u00eancia card\u00edaca? Sente tonturas? \u00c9 frequentemente causada pela medica\u00e7\u00e3o, mas pode ser outro fator relacionado com a sua condi\u00e7\u00e3o. Saiba mais aqui\" \/>\n<meta property=\"og:url\" content=\"https:\/\/www.heartfailurematters.org\/pt-br\/o-que-e-a-insuficiencia-cardiaca\/tonturas\/\" \/>\n<meta property=\"og:site_name\" content=\"Heart Failure Matters\" \/>\n<meta property=\"article:publisher\" content=\"https:\/\/www.facebook.com\/heartfailurematters\" \/>\n<meta property=\"og:image\" content=\"https:\/\/cdn-endpoint-hfm.azureedge.net\/heartfailurematters\/2021\/02\/dizziness.jpg\" \/>\n<meta name=\"twitter:card\" content=\"summary_large_image\" \/>\n<meta name=\"twitter:label1\" content=\"Est. tempo de leitura\" \/>\n\t<meta name=\"twitter:data1\" content=\"1 minuto\" \/>\n<script type=\"application\/ld+json\" class=\"yoast-schema-graph\">{\"@context\":\"https:\/\/schema.org\",\"@graph\":[{\"@type\":\"WebPage\",\"@id\":\"https:\/\/www.heartfailurematters.org\/pt-br\/o-que-e-a-insuficiencia-cardiaca\/tonturas\/\",\"url\":\"https:\/\/www.heartfailurematters.org\/pt-br\/o-que-e-a-insuficiencia-cardiaca\/tonturas\/\",\"name\":\"Tonturas e insufici\u00eancia card\u00edaca\",\"isPartOf\":{\"@id\":\"https:\/\/www.heartfailurematters.org\/pt-br\/#website\"},\"primaryImageOfPage\":{\"@id\":\"https:\/\/www.heartfailurematters.org\/pt-br\/o-que-e-a-insuficiencia-cardiaca\/tonturas\/#primaryimage\"},\"image\":{\"@id\":\"https:\/\/www.heartfailurematters.org\/pt-br\/o-que-e-a-insuficiencia-cardiaca\/tonturas\/#primaryimage\"},\"thumbnailUrl\":\"https:\/\/cdn-endpoint-hfm.azureedge.net\/heartfailurematters\/2021\/02\/dizziness.jpg\",\"datePublished\":\"2021-01-27T22:05:56+00:00\",\"description\":\"Sofre de insufici\u00eancia card\u00edaca? Sente tonturas? \u00c9 frequentemente causada pela medica\u00e7\u00e3o, mas pode ser outro fator relacionado com a sua condi\u00e7\u00e3o. Saiba mais aqui\",\"breadcrumb\":{\"@id\":\"https:\/\/www.heartfailurematters.org\/pt-br\/o-que-e-a-insuficiencia-cardiaca\/tonturas\/#breadcrumb\"},\"inLanguage\":\"pt-BR\",\"potentialAction\":[{\"@type\":\"ReadAction\",\"target\":[\"https:\/\/www.heartfailurematters.org\/pt-br\/o-que-e-a-insuficiencia-cardiaca\/tonturas\/\"]}]},{\"@type\":\"ImageObject\",\"inLanguage\":\"pt-BR\",\"@id\":\"https:\/\/www.heartfailurematters.org\/pt-br\/o-que-e-a-insuficiencia-cardiaca\/tonturas\/#primaryimage\",\"url\":\"https:\/\/cdn-endpoint-hfm.azureedge.net\/heartfailurematters\/2021\/02\/dizziness.jpg\",\"contentUrl\":\"https:\/\/cdn-endpoint-hfm.azureedge.net\/heartfailurematters\/2021\/02\/dizziness.jpg\"},{\"@type\":\"BreadcrumbList\",\"@id\":\"https:\/\/www.heartfailurematters.org\/pt-br\/o-que-e-a-insuficiencia-cardiaca\/tonturas\/#breadcrumb\",\"itemListElement\":[{\"@type\":\"ListItem\",\"position\":1,\"name\":\"P\u00e1gina inicial\",\"item\":\"https:\/\/www.heartfailurematters.org\/pt-br\/\"},{\"@type\":\"ListItem\",\"position\":2,\"name\":\"Compreender a insufici\u00eancia card\u00edaca\",\"item\":\"https:\/\/www.heartfailurematters.org\/pt-br\/o-que-e-a-insuficiencia-cardiaca\/\"},{\"@type\":\"ListItem\",\"position\":3,\"name\":\"Tonturas\"}]},{\"@type\":\"WebSite\",\"@id\":\"https:\/\/www.heartfailurematters.org\/pt-br\/#website\",\"url\":\"https:\/\/www.heartfailurematters.org\/pt-br\/\",\"name\":\"Heart Failure Matters\",\"description\":\"Practical information for patients, families and caregivers.\",\"publisher\":{\"@id\":\"https:\/\/www.heartfailurematters.org\/pt-br\/#organization\"},\"potentialAction\":[{\"@type\":\"SearchAction\",\"target\":{\"@type\":\"EntryPoint\",\"urlTemplate\":\"https:\/\/www.heartfailurematters.org\/pt-br\/?s={search_term_string}\"},\"query-input\":{\"@type\":\"PropertyValueSpecification\",\"valueRequired\":true,\"valueName\":\"search_term_string\"}}],\"inLanguage\":\"pt-BR\"},{\"@type\":\"Organization\",\"@id\":\"https:\/\/www.heartfailurematters.org\/pt-br\/#organization\",\"name\":\"Heart Failure Matters\",\"url\":\"https:\/\/www.heartfailurematters.org\/pt-br\/\",\"logo\":{\"@type\":\"ImageObject\",\"inLanguage\":\"pt-BR\",\"@id\":\"https:\/\/www.heartfailurematters.org\/pt-br\/#\/schema\/logo\/image\/\",\"url\":\"https:\/\/cdn-endpoint-hfm.azureedge.net\/heartfailurematters\/2024\/07\/hfm-logo1.jpg\",\"contentUrl\":\"https:\/\/cdn-endpoint-hfm.azureedge.net\/heartfailurematters\/2024\/07\/hfm-logo1.jpg\",\"width\":1280,\"height\":720,\"caption\":\"Heart Failure Matters\"},\"image\":{\"@id\":\"https:\/\/www.heartfailurematters.org\/pt-br\/#\/schema\/logo\/image\/\"},\"sameAs\":[\"https:\/\/www.facebook.com\/heartfailurematters\"]}]}<\/script>\n<!-- \/ Yoast SEO plugin. -->","yoast_head_json":{"title":"Tonturas e insufici\u00eancia card\u00edaca","description":"Sofre de insufici\u00eancia card\u00edaca? Sente tonturas? \u00c9 frequentemente causada pela medica\u00e7\u00e3o, mas pode ser outro fator relacionado com a sua condi\u00e7\u00e3o. Saiba mais aqui","robots":{"index":"index","follow":"follow","max-snippet":"max-snippet:-1","max-image-preview":"max-image-preview:large","max-video-preview":"max-video-preview:-1"},"canonical":"https:\/\/www.heartfailurematters.org\/pt-br\/o-que-e-a-insuficiencia-cardiaca\/tonturas\/","og_locale":"pt_BR","og_type":"article","og_title":"Tonturas e insufici\u00eancia card\u00edaca","og_description":"Sofre de insufici\u00eancia card\u00edaca? Sente tonturas? \u00c9 frequentemente causada pela medica\u00e7\u00e3o, mas pode ser outro fator relacionado com a sua condi\u00e7\u00e3o. Saiba mais aqui","og_url":"https:\/\/www.heartfailurematters.org\/pt-br\/o-que-e-a-insuficiencia-cardiaca\/tonturas\/","og_site_name":"Heart Failure Matters","article_publisher":"https:\/\/www.facebook.com\/heartfailurematters","og_image":[{"url":"https:\/\/cdn-endpoint-hfm.azureedge.net\/heartfailurematters\/2021\/02\/dizziness.jpg","type":"","width":"","height":""}],"twitter_card":"summary_large_image","twitter_misc":{"Est. tempo de leitura":"1 minuto"},"schema":{"@context":"https:\/\/schema.org","@graph":[{"@type":"WebPage","@id":"https:\/\/www.heartfailurematters.org\/pt-br\/o-que-e-a-insuficiencia-cardiaca\/tonturas\/","url":"https:\/\/www.heartfailurematters.org\/pt-br\/o-que-e-a-insuficiencia-cardiaca\/tonturas\/","name":"Tonturas e insufici\u00eancia card\u00edaca","isPartOf":{"@id":"https:\/\/www.heartfailurematters.org\/pt-br\/#website"},"primaryImageOfPage":{"@id":"https:\/\/www.heartfailurematters.org\/pt-br\/o-que-e-a-insuficiencia-cardiaca\/tonturas\/#primaryimage"},"image":{"@id":"https:\/\/www.heartfailurematters.org\/pt-br\/o-que-e-a-insuficiencia-cardiaca\/tonturas\/#primaryimage"},"thumbnailUrl":"https:\/\/cdn-endpoint-hfm.azureedge.net\/heartfailurematters\/2021\/02\/dizziness.jpg","datePublished":"2021-01-27T22:05:56+00:00","description":"Sofre de insufici\u00eancia card\u00edaca? Sente tonturas? \u00c9 frequentemente causada pela medica\u00e7\u00e3o, mas pode ser outro fator relacionado com a sua condi\u00e7\u00e3o. Saiba mais aqui","breadcrumb":{"@id":"https:\/\/www.heartfailurematters.org\/pt-br\/o-que-e-a-insuficiencia-cardiaca\/tonturas\/#breadcrumb"},"inLanguage":"pt-BR","potentialAction":[{"@type":"ReadAction","target":["https:\/\/www.heartfailurematters.org\/pt-br\/o-que-e-a-insuficiencia-cardiaca\/tonturas\/"]}]},{"@type":"ImageObject","inLanguage":"pt-BR","@id":"https:\/\/www.heartfailurematters.org\/pt-br\/o-que-e-a-insuficiencia-cardiaca\/tonturas\/#primaryimage","url":"https:\/\/cdn-endpoint-hfm.azureedge.net\/heartfailurematters\/2021\/02\/dizziness.jpg","contentUrl":"https:\/\/cdn-endpoint-hfm.azureedge.net\/heartfailurematters\/2021\/02\/dizziness.jpg"},{"@type":"BreadcrumbList","@id":"https:\/\/www.heartfailurematters.org\/pt-br\/o-que-e-a-insuficiencia-cardiaca\/tonturas\/#breadcrumb","itemListElement":[{"@type":"ListItem","position":1,"name":"P\u00e1gina inicial","item":"https:\/\/www.heartfailurematters.org\/pt-br\/"},{"@type":"ListItem","position":2,"name":"Compreender a insufici\u00eancia card\u00edaca","item":"https:\/\/www.heartfailurematters.org\/pt-br\/o-que-e-a-insuficiencia-cardiaca\/"},{"@type":"ListItem","position":3,"name":"Tonturas"}]},{"@type":"WebSite","@id":"https:\/\/www.heartfailurematters.org\/pt-br\/#website","url":"https:\/\/www.heartfailurematters.org\/pt-br\/","name":"Heart Failure Matters","description":"Practical information for patients, families and caregivers.","publisher":{"@id":"https:\/\/www.heartfailurematters.org\/pt-br\/#organization"},"potentialAction":[{"@type":"SearchAction","target":{"@type":"EntryPoint","urlTemplate":"https:\/\/www.heartfailurematters.org\/pt-br\/?s={search_term_string}"},"query-input":{"@type":"PropertyValueSpecification","valueRequired":true,"valueName":"search_term_string"}}],"inLanguage":"pt-BR"},{"@type":"Organization","@id":"https:\/\/www.heartfailurematters.org\/pt-br\/#organization","name":"Heart Failure Matters","url":"https:\/\/www.heartfailurematters.org\/pt-br\/","logo":{"@type":"ImageObject","inLanguage":"pt-BR","@id":"https:\/\/www.heartfailurematters.org\/pt-br\/#\/schema\/logo\/image\/","url":"https:\/\/cdn-endpoint-hfm.azureedge.net\/heartfailurematters\/2024\/07\/hfm-logo1.jpg","contentUrl":"https:\/\/cdn-endpoint-hfm.azureedge.net\/heartfailurematters\/2024\/07\/hfm-logo1.jpg","width":1280,"height":720,"caption":"Heart Failure Matters"},"image":{"@id":"https:\/\/www.heartfailurematters.org\/pt-br\/#\/schema\/logo\/image\/"},"sameAs":["https:\/\/www.facebook.com\/heartfailurematters"]}]}},"_links":{"self":[{"href":"https:\/\/www.heartfailurematters.org\/pt-br\/wp-json\/wp\/v2\/pages\/12632","targetHints":{"allow":["GET"]}}],"collection":[{"href":"https:\/\/www.heartfailurematters.org\/pt-br\/wp-json\/wp\/v2\/pages"}],"about":[{"href":"https:\/\/www.heartfailurematters.org\/pt-br\/wp-json\/wp\/v2\/types\/page"}],"author":[{"embeddable":true,"href":"https:\/\/www.heartfailurematters.org\/pt-br\/wp-json\/wp\/v2\/users\/1"}],"replies":[{"embeddable":true,"href":"https:\/\/www.heartfailurematters.org\/pt-br\/wp-json\/wp\/v2\/comments?post=12632"}],"version-history":[{"count":0,"href":"https:\/\/www.heartfailurematters.org\/pt-br\/wp-json\/wp\/v2\/pages\/12632\/revisions"}],"up":[{"embeddable":true,"href":"https:\/\/www.heartfailurematters.org\/pt-br\/wp-json\/wp\/v2\/pages\/13168"}],"wp:attachment":[{"href":"https:\/\/www.heartfailurematters.org\/pt-br\/wp-json\/wp\/v2\/media?parent=12632"}],"wp:term":[{"taxonomy":"category","embeddable":true,"href":"https:\/\/www.heartfailurematters.org\/pt-br\/wp-json\/wp\/v2\/categories?post=12632"},{"taxonomy":"post_tag","embeddable":true,"href":"https:\/\/www.heartfailurematters.org\/pt-br\/wp-json\/wp\/v2\/tags?post=12632"}],"curies":[{"name":"wp","href":"https:\/\/api.w.org\/{rel}","templated":true}]}}