{"id":12628,"date":"2021-01-27T22:06:05","date_gmt":"2021-01-27T22:06:05","guid":{"rendered":"https:\/\/www.heartfailurematters.org\/o-que-o-seu-medico-ou-enfermeiro-pode-fazer\/digitalicos\/"},"modified":"2021-01-27T22:06:05","modified_gmt":"2021-01-27T22:06:05","slug":"digitalicos","status":"publish","type":"page","link":"https:\/\/www.heartfailurematters.org\/pt-br\/o-que-o-seu-medico-ou-enfermeiro-pode-fazer\/digitalicos\/","title":{"rendered":"Digit\u00e1licos"},"content":{"rendered":"<h2>Como funcionam?<\/h2>\n<p>As prepara\u00e7\u00f5es digit\u00e1licas mais frequentemente utilizadas s\u00e3o a <a class=\"addtooltip\" title=\"Um medicamento utilizado para controlar ritmos card\u00edacos irregulares e melhorar o desempenho card\u00edaco.\"><strong title=\"\">digoxina<\/strong><\/a> e digitoxina. Ambas poder\u00e3o fortalecer ligeiramente o cora\u00e7\u00e3o e reduzir um pouco a press\u00e3o arterial. Tamb\u00e9m poder\u00e3o reduzir o <a class=\"addtooltip\" title=\"Incha\u00e7o de um tecido devido a acumula\u00e7\u00e3o de l\u00edquidos e congest\u00e3o.\"><strong title=\"\">edema<\/strong><\/a> (incha\u00e7o causado pela acumula\u00e7\u00e3o de l\u00edquidos). \u00c9 especialmente \u00fatil em pessoas com ritmos card\u00edacos irregulares, nomeadamente <a class=\"addtooltip\" title=\"Batimento irregular e geralmente r\u00e1pido da c\u00e2mara superior esquerda do cora\u00e7\u00e3o (aur\u00edcula) do cora\u00e7\u00e3o que causa o batimento irregular dos ventr\u00edculos.\"><strong title=\"\">fibrilha\u00e7\u00e3o auricular<\/strong><\/a> com uma frequ\u00eancia card\u00edaca r\u00e1pida.<\/p>\n<h2>Quais s\u00e3o os benef\u00edcios esperados?<\/h2>\n<p>A prepara\u00e7\u00e3o digit\u00e1lica contribui para controlar a frequ\u00eancia card\u00edaca, e por conseguinte, melhora os sintomas.<\/p>\n<h2>Efeitos secund\u00e1rios<\/h2>\n<p>\u00c9 importante que lhe seja administrada a dose correta de digoxina. O seu m\u00e9dico ou enfermeiro realizar\u00e1 an\u00e1lises ao sangue regulares para monitorizar. Se tomar demasiada digoxina, poder\u00e1 perder o apetite ou ter n\u00e1useas (enjoos), dores de cabe\u00e7a, vis\u00e3o turva ou daltonismo.<\/p>\n<p>Ocasionalmente, os n\u00edveis elevados de digoxina podem causar ritmos card\u00edacos anormais, que podem dar origem a <a class=\"addtooltip\" title=\"Sensa\u00e7\u00e3o de falha de batimentos, em excesso ou irregulares.\"><strong title=\"\">palpita\u00e7\u00f5es<\/strong><\/a> ou <a class=\"addtooltip\" title=\"Termo utilizado para uma perda de consci\u00eancia repentina e tempor\u00e1ria, causada por um fluxo sangu\u00edneo reduzido (e assim, menos oxig\u00e9nio) para o c\u00e9rebro. S\u00e3o causados normalmente pela press\u00e3o arterial baixa ou frequ\u00eancia card\u00edaca lenta.\"><strong title=\"\">desmaios<\/strong><\/a>. Se tiver qualquer um destes sintomas, consulte o seu m\u00e9dico.<\/p>\n<h2>Principais sugest\u00f5es<\/h2>\n<p>Se tiver um n\u00edvel de <a class=\"addtooltip\" title=\"Mineral essencial necess\u00e1rio ao organismo para o funcionamento celular normal. Os diur\u00e9ticos poder\u00e3o causar a perda de pot\u00e1ssio.\"> <strong title=\"\">pot\u00e1ssio<\/strong><\/a>\u00a0baixo (isto pode acontecer se tiver <a class=\"addtooltip\" title=\"Uma hormona produzida pelo p\u00e2ncreas que permite ao organismo utilizar a glucose para criar energia.\"><strong title=\"\">diabetes insulinodependente<\/strong><\/a> ou estiver a tomar diur\u00e9ticos) prov\u00e1vel que tenha n\u00edveis elevados de digoxina, por conseguinte, deve assegurar-se de que sabe reconhecer os sinais iniciais de demasiada digoxina, como n\u00e1useas, perda de apetite ou um batimento card\u00edaco extremamente baixo. Consulte o seu m\u00e9dico se desenvolver qualquer um destes sintomas.<\/p>\n<p>Antes de qualquer tipo de cirurgia, incluindo tratamento dent\u00e1rio ou de emerg\u00eancia, dever\u00e1 informar o m\u00e9dico, dentista ou cirurgi\u00e3o que est\u00e1 a tomar digoxina.<\/p>\n<h2>Tamb\u00e9m conhecido por:<\/h2>\n<ul>\n<li><strong>Digoxina<\/strong><br \/>\n(Lanoxin\u00ae, Lanoxin-PG\u00ae)<\/li>\n<li><strong>Metildigoxina<\/strong><br \/>\n(Lanitop\u00ae)<\/li>\n<\/ul>\n<p><a href=\"https:\/\/www.heartfailurematters.org\/pt-pt\/o-que-o-seu-medico-ou-enfermeiro-pode-fazer\/medicamentos-para-a-insuficiencia-cardiaca\/\">Voltar \u00e0 sec\u00e7\u00e3o Medicamentos para a insufici\u00eancia card\u00edaca<\/a><\/p>\n<p>&nbsp;<\/p>\n<h2><\/h2>\n","protected":false},"excerpt":{"rendered":"<p>Como funcionam? As prepara\u00e7\u00f5es digit\u00e1licas mais frequentemente utilizadas s\u00e3o a digoxina e digitoxina. Ambas poder\u00e3o fortalecer ligeiramente o cora\u00e7\u00e3o e reduzir um pouco a press\u00e3o arterial. Tamb\u00e9m poder\u00e3o reduzir o edema (incha\u00e7o causado pela acumula\u00e7\u00e3o de l\u00edquidos). \u00c9 especialmente \u00fatil em pessoas com ritmos card\u00edacos irregulares, nomeadamente fibrilha\u00e7\u00e3o auricular com uma frequ\u00eancia card\u00edaca r\u00e1pida. Quais [&hellip;]<\/p>\n","protected":false},"author":1,"featured_media":12512,"parent":13171,"menu_order":0,"comment_status":"open","ping_status":"open","template":"","meta":{"_acf_changed":false,"footnotes":""},"categories":[],"tags":[],"class_list":["post-12628","page","type-page","status-publish","has-post-thumbnail","hentry"],"acf":[],"yoast_head":"<!-- This site is optimized with the Yoast SEO plugin v24.8.1 - https:\/\/yoast.com\/wordpress\/plugins\/seo\/ -->\n<title>Digit\u00e1licos para doentes com insufici\u00eancia card\u00edaca<\/title>\n<meta name=\"description\" content=\"As prepara\u00e7\u00f5es digit\u00e1licas mais utilizadas s\u00e3o a digoxina e a digitoxina. Ambas podem fortalecer ligeiramente o cora\u00e7\u00e3o e reduzir a frequ\u00eancia card\u00edaca.\" \/>\n<meta name=\"robots\" content=\"index, follow, max-snippet:-1, max-image-preview:large, max-video-preview:-1\" \/>\n<link rel=\"canonical\" href=\"https:\/\/www.heartfailurematters.org\/pt-br\/o-que-o-seu-medico-ou-enfermeiro-pode-fazer\/digitalicos\/\" \/>\n<meta property=\"og:locale\" content=\"pt_BR\" \/>\n<meta property=\"og:type\" content=\"article\" \/>\n<meta property=\"og:title\" content=\"Digit\u00e1licos para doentes com insufici\u00eancia card\u00edaca\" \/>\n<meta property=\"og:description\" content=\"As prepara\u00e7\u00f5es digit\u00e1licas mais utilizadas s\u00e3o a digoxina e a digitoxina. Ambas podem fortalecer ligeiramente o cora\u00e7\u00e3o e reduzir a frequ\u00eancia card\u00edaca.\" \/>\n<meta property=\"og:url\" content=\"https:\/\/www.heartfailurematters.org\/pt-br\/o-que-o-seu-medico-ou-enfermeiro-pode-fazer\/digitalicos\/\" \/>\n<meta property=\"og:site_name\" content=\"Heart Failure Matters\" \/>\n<meta property=\"article:publisher\" content=\"https:\/\/www.facebook.com\/heartfailurematters\" \/>\n<meta property=\"og:image\" content=\"https:\/\/www.heartfailurematters.org\/wp-content\/uploads\/2022\/03\/shutterstock_441673426-1-min.jpg\" \/>\n\t<meta property=\"og:image:width\" content=\"900\" \/>\n\t<meta property=\"og:image:height\" content=\"596\" \/>\n\t<meta property=\"og:image:type\" content=\"image\/jpeg\" \/>\n<meta name=\"twitter:card\" content=\"summary_large_image\" \/>\n<meta name=\"twitter:label1\" content=\"Est. tempo de leitura\" \/>\n\t<meta name=\"twitter:data1\" content=\"1 minuto\" \/>\n<script type=\"application\/ld+json\" class=\"yoast-schema-graph\">{\"@context\":\"https:\/\/schema.org\",\"@graph\":[{\"@type\":\"WebPage\",\"@id\":\"https:\/\/www.heartfailurematters.org\/pt-br\/o-que-o-seu-medico-ou-enfermeiro-pode-fazer\/digitalicos\/\",\"url\":\"https:\/\/www.heartfailurematters.org\/pt-br\/o-que-o-seu-medico-ou-enfermeiro-pode-fazer\/digitalicos\/\",\"name\":\"Digit\u00e1licos para doentes com insufici\u00eancia card\u00edaca\",\"isPartOf\":{\"@id\":\"https:\/\/www.heartfailurematters.org\/pt-br\/#website\"},\"primaryImageOfPage\":{\"@id\":\"https:\/\/www.heartfailurematters.org\/pt-br\/o-que-o-seu-medico-ou-enfermeiro-pode-fazer\/digitalicos\/#primaryimage\"},\"image\":{\"@id\":\"https:\/\/www.heartfailurematters.org\/pt-br\/o-que-o-seu-medico-ou-enfermeiro-pode-fazer\/digitalicos\/#primaryimage\"},\"thumbnailUrl\":\"https:\/\/www.heartfailurematters.org\/wp-content\/uploads\/2022\/03\/shutterstock_441673426-1-min.jpg\",\"datePublished\":\"2021-01-27T22:06:05+00:00\",\"description\":\"As prepara\u00e7\u00f5es digit\u00e1licas mais utilizadas s\u00e3o a digoxina e a digitoxina. Ambas podem fortalecer ligeiramente o cora\u00e7\u00e3o e reduzir a frequ\u00eancia card\u00edaca.\",\"breadcrumb\":{\"@id\":\"https:\/\/www.heartfailurematters.org\/pt-br\/o-que-o-seu-medico-ou-enfermeiro-pode-fazer\/digitalicos\/#breadcrumb\"},\"inLanguage\":\"pt-BR\",\"potentialAction\":[{\"@type\":\"ReadAction\",\"target\":[\"https:\/\/www.heartfailurematters.org\/pt-br\/o-que-o-seu-medico-ou-enfermeiro-pode-fazer\/digitalicos\/\"]}]},{\"@type\":\"ImageObject\",\"inLanguage\":\"pt-BR\",\"@id\":\"https:\/\/www.heartfailurematters.org\/pt-br\/o-que-o-seu-medico-ou-enfermeiro-pode-fazer\/digitalicos\/#primaryimage\",\"url\":\"https:\/\/www.heartfailurematters.org\/wp-content\/uploads\/2022\/03\/shutterstock_441673426-1-min.jpg\",\"contentUrl\":\"https:\/\/www.heartfailurematters.org\/wp-content\/uploads\/2022\/03\/shutterstock_441673426-1-min.jpg\",\"width\":900,\"height\":596},{\"@type\":\"BreadcrumbList\",\"@id\":\"https:\/\/www.heartfailurematters.org\/pt-br\/o-que-o-seu-medico-ou-enfermeiro-pode-fazer\/digitalicos\/#breadcrumb\",\"itemListElement\":[{\"@type\":\"ListItem\",\"position\":1,\"name\":\"P\u00e1gina inicial\",\"item\":\"https:\/\/www.heartfailurematters.org\/pt-br\/\"},{\"@type\":\"ListItem\",\"position\":2,\"name\":\"O que o seu m\u00e9dico pode fazer\",\"item\":\"https:\/\/www.heartfailurematters.org\/pt-br\/o-que-o-seu-medico-ou-enfermeiro-pode-fazer\/\"},{\"@type\":\"ListItem\",\"position\":3,\"name\":\"Digit\u00e1licos\"}]},{\"@type\":\"WebSite\",\"@id\":\"https:\/\/www.heartfailurematters.org\/pt-br\/#website\",\"url\":\"https:\/\/www.heartfailurematters.org\/pt-br\/\",\"name\":\"Heart Failure Matters\",\"description\":\"Practical information for patients, families and caregivers.\",\"publisher\":{\"@id\":\"https:\/\/www.heartfailurematters.org\/pt-br\/#organization\"},\"potentialAction\":[{\"@type\":\"SearchAction\",\"target\":{\"@type\":\"EntryPoint\",\"urlTemplate\":\"https:\/\/www.heartfailurematters.org\/pt-br\/?s={search_term_string}\"},\"query-input\":{\"@type\":\"PropertyValueSpecification\",\"valueRequired\":true,\"valueName\":\"search_term_string\"}}],\"inLanguage\":\"pt-BR\"},{\"@type\":\"Organization\",\"@id\":\"https:\/\/www.heartfailurematters.org\/pt-br\/#organization\",\"name\":\"Heart Failure Matters\",\"url\":\"https:\/\/www.heartfailurematters.org\/pt-br\/\",\"logo\":{\"@type\":\"ImageObject\",\"inLanguage\":\"pt-BR\",\"@id\":\"https:\/\/www.heartfailurematters.org\/pt-br\/#\/schema\/logo\/image\/\",\"url\":\"https:\/\/cdn-endpoint-hfm.azureedge.net\/heartfailurematters\/2024\/07\/hfm-logo1.jpg\",\"contentUrl\":\"https:\/\/cdn-endpoint-hfm.azureedge.net\/heartfailurematters\/2024\/07\/hfm-logo1.jpg\",\"width\":1280,\"height\":720,\"caption\":\"Heart Failure Matters\"},\"image\":{\"@id\":\"https:\/\/www.heartfailurematters.org\/pt-br\/#\/schema\/logo\/image\/\"},\"sameAs\":[\"https:\/\/www.facebook.com\/heartfailurematters\"]}]}<\/script>\n<!-- \/ Yoast SEO plugin. -->","yoast_head_json":{"title":"Digit\u00e1licos para doentes com insufici\u00eancia card\u00edaca","description":"As prepara\u00e7\u00f5es digit\u00e1licas mais utilizadas s\u00e3o a digoxina e a digitoxina. Ambas podem fortalecer ligeiramente o cora\u00e7\u00e3o e reduzir a frequ\u00eancia card\u00edaca.","robots":{"index":"index","follow":"follow","max-snippet":"max-snippet:-1","max-image-preview":"max-image-preview:large","max-video-preview":"max-video-preview:-1"},"canonical":"https:\/\/www.heartfailurematters.org\/pt-br\/o-que-o-seu-medico-ou-enfermeiro-pode-fazer\/digitalicos\/","og_locale":"pt_BR","og_type":"article","og_title":"Digit\u00e1licos para doentes com insufici\u00eancia card\u00edaca","og_description":"As prepara\u00e7\u00f5es digit\u00e1licas mais utilizadas s\u00e3o a digoxina e a digitoxina. Ambas podem fortalecer ligeiramente o cora\u00e7\u00e3o e reduzir a frequ\u00eancia card\u00edaca.","og_url":"https:\/\/www.heartfailurematters.org\/pt-br\/o-que-o-seu-medico-ou-enfermeiro-pode-fazer\/digitalicos\/","og_site_name":"Heart Failure Matters","article_publisher":"https:\/\/www.facebook.com\/heartfailurematters","og_image":[{"width":900,"height":596,"url":"https:\/\/www.heartfailurematters.org\/wp-content\/uploads\/2022\/03\/shutterstock_441673426-1-min.jpg","type":"image\/jpeg"}],"twitter_card":"summary_large_image","twitter_misc":{"Est. tempo de leitura":"1 minuto"},"schema":{"@context":"https:\/\/schema.org","@graph":[{"@type":"WebPage","@id":"https:\/\/www.heartfailurematters.org\/pt-br\/o-que-o-seu-medico-ou-enfermeiro-pode-fazer\/digitalicos\/","url":"https:\/\/www.heartfailurematters.org\/pt-br\/o-que-o-seu-medico-ou-enfermeiro-pode-fazer\/digitalicos\/","name":"Digit\u00e1licos para doentes com insufici\u00eancia card\u00edaca","isPartOf":{"@id":"https:\/\/www.heartfailurematters.org\/pt-br\/#website"},"primaryImageOfPage":{"@id":"https:\/\/www.heartfailurematters.org\/pt-br\/o-que-o-seu-medico-ou-enfermeiro-pode-fazer\/digitalicos\/#primaryimage"},"image":{"@id":"https:\/\/www.heartfailurematters.org\/pt-br\/o-que-o-seu-medico-ou-enfermeiro-pode-fazer\/digitalicos\/#primaryimage"},"thumbnailUrl":"https:\/\/www.heartfailurematters.org\/wp-content\/uploads\/2022\/03\/shutterstock_441673426-1-min.jpg","datePublished":"2021-01-27T22:06:05+00:00","description":"As prepara\u00e7\u00f5es digit\u00e1licas mais utilizadas s\u00e3o a digoxina e a digitoxina. Ambas podem fortalecer ligeiramente o cora\u00e7\u00e3o e reduzir a frequ\u00eancia card\u00edaca.","breadcrumb":{"@id":"https:\/\/www.heartfailurematters.org\/pt-br\/o-que-o-seu-medico-ou-enfermeiro-pode-fazer\/digitalicos\/#breadcrumb"},"inLanguage":"pt-BR","potentialAction":[{"@type":"ReadAction","target":["https:\/\/www.heartfailurematters.org\/pt-br\/o-que-o-seu-medico-ou-enfermeiro-pode-fazer\/digitalicos\/"]}]},{"@type":"ImageObject","inLanguage":"pt-BR","@id":"https:\/\/www.heartfailurematters.org\/pt-br\/o-que-o-seu-medico-ou-enfermeiro-pode-fazer\/digitalicos\/#primaryimage","url":"https:\/\/www.heartfailurematters.org\/wp-content\/uploads\/2022\/03\/shutterstock_441673426-1-min.jpg","contentUrl":"https:\/\/www.heartfailurematters.org\/wp-content\/uploads\/2022\/03\/shutterstock_441673426-1-min.jpg","width":900,"height":596},{"@type":"BreadcrumbList","@id":"https:\/\/www.heartfailurematters.org\/pt-br\/o-que-o-seu-medico-ou-enfermeiro-pode-fazer\/digitalicos\/#breadcrumb","itemListElement":[{"@type":"ListItem","position":1,"name":"P\u00e1gina inicial","item":"https:\/\/www.heartfailurematters.org\/pt-br\/"},{"@type":"ListItem","position":2,"name":"O que o seu m\u00e9dico pode fazer","item":"https:\/\/www.heartfailurematters.org\/pt-br\/o-que-o-seu-medico-ou-enfermeiro-pode-fazer\/"},{"@type":"ListItem","position":3,"name":"Digit\u00e1licos"}]},{"@type":"WebSite","@id":"https:\/\/www.heartfailurematters.org\/pt-br\/#website","url":"https:\/\/www.heartfailurematters.org\/pt-br\/","name":"Heart Failure Matters","description":"Practical information for patients, families and caregivers.","publisher":{"@id":"https:\/\/www.heartfailurematters.org\/pt-br\/#organization"},"potentialAction":[{"@type":"SearchAction","target":{"@type":"EntryPoint","urlTemplate":"https:\/\/www.heartfailurematters.org\/pt-br\/?s={search_term_string}"},"query-input":{"@type":"PropertyValueSpecification","valueRequired":true,"valueName":"search_term_string"}}],"inLanguage":"pt-BR"},{"@type":"Organization","@id":"https:\/\/www.heartfailurematters.org\/pt-br\/#organization","name":"Heart Failure Matters","url":"https:\/\/www.heartfailurematters.org\/pt-br\/","logo":{"@type":"ImageObject","inLanguage":"pt-BR","@id":"https:\/\/www.heartfailurematters.org\/pt-br\/#\/schema\/logo\/image\/","url":"https:\/\/cdn-endpoint-hfm.azureedge.net\/heartfailurematters\/2024\/07\/hfm-logo1.jpg","contentUrl":"https:\/\/cdn-endpoint-hfm.azureedge.net\/heartfailurematters\/2024\/07\/hfm-logo1.jpg","width":1280,"height":720,"caption":"Heart Failure Matters"},"image":{"@id":"https:\/\/www.heartfailurematters.org\/pt-br\/#\/schema\/logo\/image\/"},"sameAs":["https:\/\/www.facebook.com\/heartfailurematters"]}]}},"_links":{"self":[{"href":"https:\/\/www.heartfailurematters.org\/pt-br\/wp-json\/wp\/v2\/pages\/12628","targetHints":{"allow":["GET"]}}],"collection":[{"href":"https:\/\/www.heartfailurematters.org\/pt-br\/wp-json\/wp\/v2\/pages"}],"about":[{"href":"https:\/\/www.heartfailurematters.org\/pt-br\/wp-json\/wp\/v2\/types\/page"}],"author":[{"embeddable":true,"href":"https:\/\/www.heartfailurematters.org\/pt-br\/wp-json\/wp\/v2\/users\/1"}],"replies":[{"embeddable":true,"href":"https:\/\/www.heartfailurematters.org\/pt-br\/wp-json\/wp\/v2\/comments?post=12628"}],"version-history":[{"count":0,"href":"https:\/\/www.heartfailurematters.org\/pt-br\/wp-json\/wp\/v2\/pages\/12628\/revisions"}],"up":[{"embeddable":true,"href":"https:\/\/www.heartfailurematters.org\/pt-br\/wp-json\/wp\/v2\/pages\/13171"}],"wp:featuredmedia":[{"embeddable":true,"href":"https:\/\/www.heartfailurematters.org\/pt-br\/wp-json\/wp\/v2\/media\/12512"}],"wp:attachment":[{"href":"https:\/\/www.heartfailurematters.org\/pt-br\/wp-json\/wp\/v2\/media?parent=12628"}],"wp:term":[{"taxonomy":"category","embeddable":true,"href":"https:\/\/www.heartfailurematters.org\/pt-br\/wp-json\/wp\/v2\/categories?post=12628"},{"taxonomy":"post_tag","embeddable":true,"href":"https:\/\/www.heartfailurematters.org\/pt-br\/wp-json\/wp\/v2\/tags?post=12628"}],"curies":[{"name":"wp","href":"https:\/\/api.w.org\/{rel}","templated":true}]}}