{"id":12626,"date":"2021-01-27T22:06:05","date_gmt":"2021-01-27T22:06:05","guid":{"rendered":"https:\/\/www.heartfailurematters.org\/o-que-pode-fazer\/sexo-e-insuficiencia-cardiaca\/"},"modified":"2021-01-27T22:06:05","modified_gmt":"2021-01-27T22:06:05","slug":"sexo-e-insuficiencia-cardiaca","status":"publish","type":"page","link":"https:\/\/www.heartfailurematters.org\/pt-br\/o-que-pode-fazer\/sexo-e-insuficiencia-cardiaca\/","title":{"rendered":"Sexo e insufici\u00eancia card\u00edaca"},"content":{"rendered":"<p>Muitas pessoas com insufici\u00eancia card\u00edaca n\u00e3o t\u00eam a certeza se podem ter rela\u00e7\u00f5es sexuais devido \u00e0 sua doen\u00e7a e poder\u00e3o ter vergonha de fazer esta pergunta ao seu m\u00e9dico ou enfermeiro. A boa not\u00edcia \u00e9 que a maioria das pessoas com insufici\u00eancia card\u00edaca podem continuar a ter rela\u00e7\u00f5es sexuais desde que os sintomas estejam controlados.<\/p>\n<p>Tal como com qualquer outra atividade, n\u00e3o deve ter rela\u00e7\u00f5es sexuais caso se sinta doente, tiver muita falta de ar ou sentir dores no peito. Poder\u00e1 ficar mais confort\u00e1vel e sentir-se mais confiante se tentar o seguinte:<\/p>\n<ul>\n<li>Prefira ter rela\u00e7\u00f5es sexuais numa altura em que n\u00e3o se sinta pressionado, em que esteja descansado e relaxado<\/li>\n<li>Evite ter rela\u00e7\u00f5es sexuais imediatamente (cerca de 1 hora) ap\u00f3s uma refei\u00e7\u00e3o pesada ou depois de ter bebido \u00e1lcool em excesso<\/li>\n<li>Tenha rela\u00e7\u00f5es sexuais em locais confort\u00e1veis, \u00edntimos, que n\u00e3o sejam demasiado quentes ou frios e onde n\u00e3o possa ser interrompido<\/li>\n<li>Utilize os preliminares como um per\u00edodo de aquecimento para ajudar o corpo a habituar-se gradualmente ao n\u00edvel de atividade aumentada do ato sexual<\/li>\n<li>Tenha rela\u00e7\u00f5es sexuais em posi\u00e7\u00f5es menos cansativas, como deitado de barriga para cima ou ambos de lado. Se em algum momento come\u00e7ar a sentir-se desconfort\u00e1vel, com falta de ar ou cansado durante o ato, pare e descanse algum tempo<\/li>\n<\/ul>\n<p>Tamb\u00e9m \u00e9 importante lembrar que \u00e9 normal que poder\u00e1 n\u00e3o ter vontade de ter rela\u00e7\u00f5es sexuais depois de um diagn\u00f3stico como a insufici\u00eancia card\u00edaca. Emo\u00e7\u00f5es como o stress, ansiedade e depress\u00e3o s\u00e3o normais ap\u00f3s um diagn\u00f3stico desta natureza e podem, geralmente, causar uma perda de interesse na atividade sexual. Se for o caso, poder\u00e1 tentar encontrar outras formas de continuar fisicamente pr\u00f3ximo e \u00edntimo do seu parceiro. Por exemplo, em alternativa podem passar mais tempo a trocar abra\u00e7os, beijos e car\u00edcias. Isto tamb\u00e9m poder\u00e1 ser tranquilizador para o seu parceiro.<\/p>\n<p>Al\u00e9m disso, tenha em conta que as pessoas com insufici\u00eancia card\u00edaca t\u00eam, normalmente, problemas f\u00edsicos relacionados com o sexo, como <a class=\"addtooltip\" title=\"Termo utilizado para descrever a incapacidade de um homem ter ou manter uma ere\u00e7\u00e3o suficiente para ter rela\u00e7\u00f5es sexuais.\"><strong title=\"\">disfun\u00e7\u00e3o er\u00e9til<\/strong><\/a> (impot\u00eancia), problemas de ejacula\u00e7\u00e3o ou incapacidade em atingir o orgasmo ou o cl\u00edmax. Em alguns casos raros, determinados medicamentos prescritos para a insufici\u00eancia card\u00edaca tamb\u00e9m poder\u00e3o causar esses problemas. N\u00e3o se acanhe. A maioria das pessoas com insufici\u00eancia card\u00edaca conseguem ter uma vida sexual gratificante. Em caso de d\u00favidas, dever\u00e1 aconselhar-se com o seu m\u00e9dico ou enfermeiro. Est\u00e3o dispon\u00edveis tratamentos m\u00e9dicos muito eficazes para a maior parte das pessoas com insufici\u00eancia card\u00edaca e deve falar sobre os mesmos com o seu m\u00e9dico ou enfermeiro.<\/p>\n<p>Demore o tempo que for preciso para aceitar a sua nova situa\u00e7\u00e3o. O seu interesse por sexo poder\u00e1 voltar depois de sentir que controla a sua sa\u00fade e fazer mudan\u00e7as adequadas no seu estilo de vida.<\/p>\n<p><a href=\"https:\/\/www.heartfailurematters.org\/pt-pt\/viver-com-insuficiencia-cardiaca\/relacoes\/\">Voltar \u00e0 sec\u00e7\u00e3o Relacionamentos<\/a><\/p>\n","protected":false},"excerpt":{"rendered":"<p>Muitas pessoas com insufici\u00eancia card\u00edaca n\u00e3o t\u00eam a certeza se podem ter rela\u00e7\u00f5es sexuais devido \u00e0 sua doen\u00e7a e poder\u00e3o ter vergonha de fazer esta pergunta ao seu m\u00e9dico ou enfermeiro. A boa not\u00edcia \u00e9 que a maioria das pessoas com insufici\u00eancia card\u00edaca podem continuar a ter rela\u00e7\u00f5es sexuais desde que os sintomas estejam controlados. [&hellip;]<\/p>\n","protected":false},"author":1,"featured_media":12528,"parent":13173,"menu_order":0,"comment_status":"open","ping_status":"open","template":"","meta":{"_acf_changed":false,"footnotes":""},"categories":[],"tags":[],"class_list":["post-12626","page","type-page","status-publish","has-post-thumbnail","hentry"],"acf":[],"yoast_head":"<!-- This site is optimized with the Yoast SEO plugin v24.8.1 - https:\/\/yoast.com\/wordpress\/plugins\/seo\/ -->\n<title>Sexo e programas de controlo da insufici\u00eancia card\u00edaca<\/title>\n<meta name=\"description\" content=\"Pode ser extremamente dif\u00edcil abordar quest\u00f5es quanto ao futuro da sua sa\u00fade, mas \u00e9 importante discuti-las para planear efetivamente o futuro.\" \/>\n<meta name=\"robots\" content=\"index, follow, max-snippet:-1, max-image-preview:large, max-video-preview:-1\" \/>\n<link rel=\"canonical\" href=\"https:\/\/www.heartfailurematters.org\/pt-br\/o-que-pode-fazer\/sexo-e-insuficiencia-cardiaca\/\" \/>\n<meta property=\"og:locale\" content=\"pt_BR\" \/>\n<meta property=\"og:type\" content=\"article\" \/>\n<meta property=\"og:title\" content=\"Sexo e programas de controlo da insufici\u00eancia card\u00edaca\" \/>\n<meta property=\"og:description\" content=\"Pode ser extremamente dif\u00edcil abordar quest\u00f5es quanto ao futuro da sua sa\u00fade, mas \u00e9 importante discuti-las para planear efetivamente o futuro.\" \/>\n<meta property=\"og:url\" content=\"https:\/\/www.heartfailurematters.org\/pt-br\/o-que-pode-fazer\/sexo-e-insuficiencia-cardiaca\/\" \/>\n<meta property=\"og:site_name\" content=\"Heart Failure Matters\" \/>\n<meta property=\"article:publisher\" content=\"https:\/\/www.facebook.com\/heartfailurematters\" \/>\n<meta property=\"og:image\" content=\"https:\/\/www.heartfailurematters.org\/wp-content\/uploads\/2022\/03\/shutterstock_1685261713-1-min.jpg\" \/>\n\t<meta property=\"og:image:width\" content=\"900\" \/>\n\t<meta property=\"og:image:height\" content=\"600\" \/>\n\t<meta property=\"og:image:type\" content=\"image\/jpeg\" \/>\n<meta name=\"twitter:card\" content=\"summary_large_image\" \/>\n<meta name=\"twitter:label1\" content=\"Est. tempo de leitura\" \/>\n\t<meta name=\"twitter:data1\" content=\"3 minutos\" \/>\n<script type=\"application\/ld+json\" class=\"yoast-schema-graph\">{\"@context\":\"https:\/\/schema.org\",\"@graph\":[{\"@type\":\"WebPage\",\"@id\":\"https:\/\/www.heartfailurematters.org\/pt-br\/o-que-pode-fazer\/sexo-e-insuficiencia-cardiaca\/\",\"url\":\"https:\/\/www.heartfailurematters.org\/pt-br\/o-que-pode-fazer\/sexo-e-insuficiencia-cardiaca\/\",\"name\":\"Sexo e programas de controlo da insufici\u00eancia card\u00edaca\",\"isPartOf\":{\"@id\":\"https:\/\/www.heartfailurematters.org\/pt-br\/#website\"},\"primaryImageOfPage\":{\"@id\":\"https:\/\/www.heartfailurematters.org\/pt-br\/o-que-pode-fazer\/sexo-e-insuficiencia-cardiaca\/#primaryimage\"},\"image\":{\"@id\":\"https:\/\/www.heartfailurematters.org\/pt-br\/o-que-pode-fazer\/sexo-e-insuficiencia-cardiaca\/#primaryimage\"},\"thumbnailUrl\":\"https:\/\/www.heartfailurematters.org\/wp-content\/uploads\/2022\/03\/shutterstock_1685261713-1-min.jpg\",\"datePublished\":\"2021-01-27T22:06:05+00:00\",\"description\":\"Pode ser extremamente dif\u00edcil abordar quest\u00f5es quanto ao futuro da sua sa\u00fade, mas \u00e9 importante discuti-las para planear efetivamente o futuro.\",\"breadcrumb\":{\"@id\":\"https:\/\/www.heartfailurematters.org\/pt-br\/o-que-pode-fazer\/sexo-e-insuficiencia-cardiaca\/#breadcrumb\"},\"inLanguage\":\"pt-BR\",\"potentialAction\":[{\"@type\":\"ReadAction\",\"target\":[\"https:\/\/www.heartfailurematters.org\/pt-br\/o-que-pode-fazer\/sexo-e-insuficiencia-cardiaca\/\"]}]},{\"@type\":\"ImageObject\",\"inLanguage\":\"pt-BR\",\"@id\":\"https:\/\/www.heartfailurematters.org\/pt-br\/o-que-pode-fazer\/sexo-e-insuficiencia-cardiaca\/#primaryimage\",\"url\":\"https:\/\/www.heartfailurematters.org\/wp-content\/uploads\/2022\/03\/shutterstock_1685261713-1-min.jpg\",\"contentUrl\":\"https:\/\/www.heartfailurematters.org\/wp-content\/uploads\/2022\/03\/shutterstock_1685261713-1-min.jpg\",\"width\":900,\"height\":600},{\"@type\":\"BreadcrumbList\",\"@id\":\"https:\/\/www.heartfailurematters.org\/pt-br\/o-que-pode-fazer\/sexo-e-insuficiencia-cardiaca\/#breadcrumb\",\"itemListElement\":[{\"@type\":\"ListItem\",\"position\":1,\"name\":\"P\u00e1gina inicial\",\"item\":\"https:\/\/www.heartfailurematters.org\/pt-br\/\"},{\"@type\":\"ListItem\",\"position\":2,\"name\":\"O que pode fazer\",\"item\":\"https:\/\/www.heartfailurematters.org\/pt-br\/o-que-pode-fazer\/\"},{\"@type\":\"ListItem\",\"position\":3,\"name\":\"Sexo e insufici\u00eancia card\u00edaca\"}]},{\"@type\":\"WebSite\",\"@id\":\"https:\/\/www.heartfailurematters.org\/pt-br\/#website\",\"url\":\"https:\/\/www.heartfailurematters.org\/pt-br\/\",\"name\":\"Heart Failure Matters\",\"description\":\"Practical information for patients, families and caregivers.\",\"publisher\":{\"@id\":\"https:\/\/www.heartfailurematters.org\/pt-br\/#organization\"},\"potentialAction\":[{\"@type\":\"SearchAction\",\"target\":{\"@type\":\"EntryPoint\",\"urlTemplate\":\"https:\/\/www.heartfailurematters.org\/pt-br\/?s={search_term_string}\"},\"query-input\":{\"@type\":\"PropertyValueSpecification\",\"valueRequired\":true,\"valueName\":\"search_term_string\"}}],\"inLanguage\":\"pt-BR\"},{\"@type\":\"Organization\",\"@id\":\"https:\/\/www.heartfailurematters.org\/pt-br\/#organization\",\"name\":\"Heart Failure Matters\",\"url\":\"https:\/\/www.heartfailurematters.org\/pt-br\/\",\"logo\":{\"@type\":\"ImageObject\",\"inLanguage\":\"pt-BR\",\"@id\":\"https:\/\/www.heartfailurematters.org\/pt-br\/#\/schema\/logo\/image\/\",\"url\":\"https:\/\/cdn-endpoint-hfm.azureedge.net\/heartfailurematters\/2024\/07\/hfm-logo1.jpg\",\"contentUrl\":\"https:\/\/cdn-endpoint-hfm.azureedge.net\/heartfailurematters\/2024\/07\/hfm-logo1.jpg\",\"width\":1280,\"height\":720,\"caption\":\"Heart Failure Matters\"},\"image\":{\"@id\":\"https:\/\/www.heartfailurematters.org\/pt-br\/#\/schema\/logo\/image\/\"},\"sameAs\":[\"https:\/\/www.facebook.com\/heartfailurematters\"]}]}<\/script>\n<!-- \/ Yoast SEO plugin. -->","yoast_head_json":{"title":"Sexo e programas de controlo da insufici\u00eancia card\u00edaca","description":"Pode ser extremamente dif\u00edcil abordar quest\u00f5es quanto ao futuro da sua sa\u00fade, mas \u00e9 importante discuti-las para planear efetivamente o futuro.","robots":{"index":"index","follow":"follow","max-snippet":"max-snippet:-1","max-image-preview":"max-image-preview:large","max-video-preview":"max-video-preview:-1"},"canonical":"https:\/\/www.heartfailurematters.org\/pt-br\/o-que-pode-fazer\/sexo-e-insuficiencia-cardiaca\/","og_locale":"pt_BR","og_type":"article","og_title":"Sexo e programas de controlo da insufici\u00eancia card\u00edaca","og_description":"Pode ser extremamente dif\u00edcil abordar quest\u00f5es quanto ao futuro da sua sa\u00fade, mas \u00e9 importante discuti-las para planear efetivamente o futuro.","og_url":"https:\/\/www.heartfailurematters.org\/pt-br\/o-que-pode-fazer\/sexo-e-insuficiencia-cardiaca\/","og_site_name":"Heart Failure Matters","article_publisher":"https:\/\/www.facebook.com\/heartfailurematters","og_image":[{"width":900,"height":600,"url":"https:\/\/www.heartfailurematters.org\/wp-content\/uploads\/2022\/03\/shutterstock_1685261713-1-min.jpg","type":"image\/jpeg"}],"twitter_card":"summary_large_image","twitter_misc":{"Est. tempo de leitura":"3 minutos"},"schema":{"@context":"https:\/\/schema.org","@graph":[{"@type":"WebPage","@id":"https:\/\/www.heartfailurematters.org\/pt-br\/o-que-pode-fazer\/sexo-e-insuficiencia-cardiaca\/","url":"https:\/\/www.heartfailurematters.org\/pt-br\/o-que-pode-fazer\/sexo-e-insuficiencia-cardiaca\/","name":"Sexo e programas de controlo da insufici\u00eancia card\u00edaca","isPartOf":{"@id":"https:\/\/www.heartfailurematters.org\/pt-br\/#website"},"primaryImageOfPage":{"@id":"https:\/\/www.heartfailurematters.org\/pt-br\/o-que-pode-fazer\/sexo-e-insuficiencia-cardiaca\/#primaryimage"},"image":{"@id":"https:\/\/www.heartfailurematters.org\/pt-br\/o-que-pode-fazer\/sexo-e-insuficiencia-cardiaca\/#primaryimage"},"thumbnailUrl":"https:\/\/www.heartfailurematters.org\/wp-content\/uploads\/2022\/03\/shutterstock_1685261713-1-min.jpg","datePublished":"2021-01-27T22:06:05+00:00","description":"Pode ser extremamente dif\u00edcil abordar quest\u00f5es quanto ao futuro da sua sa\u00fade, mas \u00e9 importante discuti-las para planear efetivamente o futuro.","breadcrumb":{"@id":"https:\/\/www.heartfailurematters.org\/pt-br\/o-que-pode-fazer\/sexo-e-insuficiencia-cardiaca\/#breadcrumb"},"inLanguage":"pt-BR","potentialAction":[{"@type":"ReadAction","target":["https:\/\/www.heartfailurematters.org\/pt-br\/o-que-pode-fazer\/sexo-e-insuficiencia-cardiaca\/"]}]},{"@type":"ImageObject","inLanguage":"pt-BR","@id":"https:\/\/www.heartfailurematters.org\/pt-br\/o-que-pode-fazer\/sexo-e-insuficiencia-cardiaca\/#primaryimage","url":"https:\/\/www.heartfailurematters.org\/wp-content\/uploads\/2022\/03\/shutterstock_1685261713-1-min.jpg","contentUrl":"https:\/\/www.heartfailurematters.org\/wp-content\/uploads\/2022\/03\/shutterstock_1685261713-1-min.jpg","width":900,"height":600},{"@type":"BreadcrumbList","@id":"https:\/\/www.heartfailurematters.org\/pt-br\/o-que-pode-fazer\/sexo-e-insuficiencia-cardiaca\/#breadcrumb","itemListElement":[{"@type":"ListItem","position":1,"name":"P\u00e1gina inicial","item":"https:\/\/www.heartfailurematters.org\/pt-br\/"},{"@type":"ListItem","position":2,"name":"O que pode fazer","item":"https:\/\/www.heartfailurematters.org\/pt-br\/o-que-pode-fazer\/"},{"@type":"ListItem","position":3,"name":"Sexo e insufici\u00eancia card\u00edaca"}]},{"@type":"WebSite","@id":"https:\/\/www.heartfailurematters.org\/pt-br\/#website","url":"https:\/\/www.heartfailurematters.org\/pt-br\/","name":"Heart Failure Matters","description":"Practical information for patients, families and caregivers.","publisher":{"@id":"https:\/\/www.heartfailurematters.org\/pt-br\/#organization"},"potentialAction":[{"@type":"SearchAction","target":{"@type":"EntryPoint","urlTemplate":"https:\/\/www.heartfailurematters.org\/pt-br\/?s={search_term_string}"},"query-input":{"@type":"PropertyValueSpecification","valueRequired":true,"valueName":"search_term_string"}}],"inLanguage":"pt-BR"},{"@type":"Organization","@id":"https:\/\/www.heartfailurematters.org\/pt-br\/#organization","name":"Heart Failure Matters","url":"https:\/\/www.heartfailurematters.org\/pt-br\/","logo":{"@type":"ImageObject","inLanguage":"pt-BR","@id":"https:\/\/www.heartfailurematters.org\/pt-br\/#\/schema\/logo\/image\/","url":"https:\/\/cdn-endpoint-hfm.azureedge.net\/heartfailurematters\/2024\/07\/hfm-logo1.jpg","contentUrl":"https:\/\/cdn-endpoint-hfm.azureedge.net\/heartfailurematters\/2024\/07\/hfm-logo1.jpg","width":1280,"height":720,"caption":"Heart Failure Matters"},"image":{"@id":"https:\/\/www.heartfailurematters.org\/pt-br\/#\/schema\/logo\/image\/"},"sameAs":["https:\/\/www.facebook.com\/heartfailurematters"]}]}},"_links":{"self":[{"href":"https:\/\/www.heartfailurematters.org\/pt-br\/wp-json\/wp\/v2\/pages\/12626","targetHints":{"allow":["GET"]}}],"collection":[{"href":"https:\/\/www.heartfailurematters.org\/pt-br\/wp-json\/wp\/v2\/pages"}],"about":[{"href":"https:\/\/www.heartfailurematters.org\/pt-br\/wp-json\/wp\/v2\/types\/page"}],"author":[{"embeddable":true,"href":"https:\/\/www.heartfailurematters.org\/pt-br\/wp-json\/wp\/v2\/users\/1"}],"replies":[{"embeddable":true,"href":"https:\/\/www.heartfailurematters.org\/pt-br\/wp-json\/wp\/v2\/comments?post=12626"}],"version-history":[{"count":0,"href":"https:\/\/www.heartfailurematters.org\/pt-br\/wp-json\/wp\/v2\/pages\/12626\/revisions"}],"up":[{"embeddable":true,"href":"https:\/\/www.heartfailurematters.org\/pt-br\/wp-json\/wp\/v2\/pages\/13173"}],"wp:featuredmedia":[{"embeddable":true,"href":"https:\/\/www.heartfailurematters.org\/pt-br\/wp-json\/wp\/v2\/media\/12528"}],"wp:attachment":[{"href":"https:\/\/www.heartfailurematters.org\/pt-br\/wp-json\/wp\/v2\/media?parent=12626"}],"wp:term":[{"taxonomy":"category","embeddable":true,"href":"https:\/\/www.heartfailurematters.org\/pt-br\/wp-json\/wp\/v2\/categories?post=12626"},{"taxonomy":"post_tag","embeddable":true,"href":"https:\/\/www.heartfailurematters.org\/pt-br\/wp-json\/wp\/v2\/tags?post=12626"}],"curies":[{"name":"wp","href":"https:\/\/api.w.org\/{rel}","templated":true}]}}