{"id":12625,"date":"2021-01-27T22:06:05","date_gmt":"2021-01-27T22:06:05","guid":{"rendered":"https:\/\/www.heartfailurematters.org\/perda-de-apetite\/"},"modified":"2021-01-27T22:06:05","modified_gmt":"2021-01-27T22:06:05","slug":"perda-de-apetite","status":"publish","type":"page","link":"https:\/\/www.heartfailurematters.org\/pt-br\/o-que-e-a-insuficiencia-cardiaca\/perda-de-apetite\/","title":{"rendered":"Perda de apetite"},"content":{"rendered":"<p><img decoding=\"async\" class=\"alignleft size-full wp-image-6879\" src=\"https:\/\/www.heartfailurematters.org\/wp-content\/uploads\/2021\/02\/loss-of-appetite.jpg\" alt=\"\" width=\"211\" height=\"206\" \/><\/p>\n<p><a class=\"addtooltip\" title=\"Quando existe demasiado l\u00edquido na circula\u00e7\u00e3o sangu\u00ednea e congest\u00e3o, a press\u00e3o aumenta nos vasos sangu\u00edneos. Consequentemente, ocorre extravasamento de l\u00edquido para os tecidos circundantes, onde se acumula provocando edema.\"><strong>A acumula\u00e7\u00e3o de l\u00edquidos<\/strong><\/a> causada pela insufici\u00eancia card\u00edaca pode afetar qualquer parte do corpo. Algumas pessoas acumulam l\u00edquidos no f\u00edgado e no sistema digestivo. Se isto ocorrer, poder\u00e1 sentir-se cheio e\/ou empanturrado.<\/p>\n<p>Por conseguinte, ter\u00e1 menos apetite. Pode tentar comer refei\u00e7\u00f5es mais pequenas, mais frequentemente, para evitar que se sinta demasiado cheio ou empanturrado.<\/p>\n<table border=\"1\" width=\"100%\" cellspacing=\"0\" cellpadding=\"0\">\n<tbody>\n<tr>\n<td style=\"width: 25%;\">\n<h2>Anima\u00e7\u00e3o<\/h2>\n<\/td>\n<td style=\"text-align: left; vertical-align: middle; width: 75%;\"><\/td>\n<\/tr>\n<tr>\n<td style=\"width: 25%;\"><img decoding=\"async\" class=\"alignleft size-full wp-image-5044\" src=\"https:\/\/www.heartfailurematters.org\/wp-content\/uploads\/2021\/02\/04-animation.jpg\" alt=\"\" width=\"180\" height=\"130\" \/><\/td>\n<td style=\"text-align: left; vertical-align: middle; width: 75%;\">Anima\u00e7\u00e3o que explica como a insufici\u00eancia card\u00edaca causa a acumula\u00e7\u00e3o de l\u00edquidos<\/td>\n<\/tr>\n<\/tbody>\n<\/table>\n<p><a title=\"Return to Symptoms\" href=\"https:\/\/www.heartfailurematters.org\/pt-pt\/o-que-e-a-insuficiencia-cardiaca\/sintomas-da-insuficiencia-cardiaca\/\">Voltar \u00e0 sec\u00e7\u00e3o Sintomas<\/a><\/p>\n<p>&nbsp;<\/p>\n","protected":false},"excerpt":{"rendered":"<p>A acumula\u00e7\u00e3o de l\u00edquidos causada pela insufici\u00eancia card\u00edaca pode afetar qualquer parte do corpo. Algumas pessoas acumulam l\u00edquidos no f\u00edgado e no sistema digestivo. Se isto ocorrer, poder\u00e1 sentir-se cheio e\/ou empanturrado. Por conseguinte, ter\u00e1 menos apetite. Pode tentar comer refei\u00e7\u00f5es mais pequenas, mais frequentemente, para evitar que se sinta demasiado cheio ou empanturrado. Anima\u00e7\u00e3o [&hellip;]<\/p>\n","protected":false},"author":1,"featured_media":0,"parent":13168,"menu_order":0,"comment_status":"open","ping_status":"open","template":"","meta":{"_acf_changed":false,"footnotes":""},"categories":[],"tags":[],"class_list":["post-12625","page","type-page","status-publish","hentry"],"acf":[],"yoast_head":"<!-- This site is optimized with the Yoast SEO plugin v24.8.1 - https:\/\/yoast.com\/wordpress\/plugins\/seo\/ -->\n<title>Perda de apetite e insufici\u00eancia card\u00edaca<\/title>\n<meta name=\"description\" content=\"Se sofrer de insufici\u00eancia card\u00edaca, poder\u00e1 sentir menos fome devido \u00e0 reten\u00e7\u00e3o de l\u00edquidos no seu sistema digestivo \u2013 como explicado nestes v\u00eddeos\" \/>\n<meta name=\"robots\" content=\"index, follow, max-snippet:-1, max-image-preview:large, max-video-preview:-1\" \/>\n<link rel=\"canonical\" href=\"https:\/\/www.heartfailurematters.org\/pt-br\/o-que-e-a-insuficiencia-cardiaca\/perda-de-apetite\/\" \/>\n<meta property=\"og:locale\" content=\"pt_BR\" \/>\n<meta property=\"og:type\" content=\"article\" \/>\n<meta property=\"og:title\" content=\"Perda de apetite e insufici\u00eancia card\u00edaca\" \/>\n<meta property=\"og:description\" content=\"Se sofrer de insufici\u00eancia card\u00edaca, poder\u00e1 sentir menos fome devido \u00e0 reten\u00e7\u00e3o de l\u00edquidos no seu sistema digestivo \u2013 como explicado nestes v\u00eddeos\" \/>\n<meta property=\"og:url\" content=\"https:\/\/www.heartfailurematters.org\/pt-br\/o-que-e-a-insuficiencia-cardiaca\/perda-de-apetite\/\" \/>\n<meta property=\"og:site_name\" content=\"Heart Failure Matters\" \/>\n<meta property=\"article:publisher\" content=\"https:\/\/www.facebook.com\/heartfailurematters\" \/>\n<meta property=\"og:image\" content=\"https:\/\/www.heartfailurematters.org\/wp-content\/uploads\/2021\/02\/loss-of-appetite.jpg\" \/>\n<meta name=\"twitter:card\" content=\"summary_large_image\" \/>\n<script type=\"application\/ld+json\" class=\"yoast-schema-graph\">{\"@context\":\"https:\/\/schema.org\",\"@graph\":[{\"@type\":\"WebPage\",\"@id\":\"https:\/\/www.heartfailurematters.org\/pt-br\/o-que-e-a-insuficiencia-cardiaca\/perda-de-apetite\/\",\"url\":\"https:\/\/www.heartfailurematters.org\/pt-br\/o-que-e-a-insuficiencia-cardiaca\/perda-de-apetite\/\",\"name\":\"Perda de apetite e insufici\u00eancia card\u00edaca\",\"isPartOf\":{\"@id\":\"https:\/\/www.heartfailurematters.org\/pt-br\/#website\"},\"primaryImageOfPage\":{\"@id\":\"https:\/\/www.heartfailurematters.org\/pt-br\/o-que-e-a-insuficiencia-cardiaca\/perda-de-apetite\/#primaryimage\"},\"image\":{\"@id\":\"https:\/\/www.heartfailurematters.org\/pt-br\/o-que-e-a-insuficiencia-cardiaca\/perda-de-apetite\/#primaryimage\"},\"thumbnailUrl\":\"https:\/\/www.heartfailurematters.org\/wp-content\/uploads\/2021\/02\/loss-of-appetite.jpg\",\"datePublished\":\"2021-01-27T22:06:05+00:00\",\"description\":\"Se sofrer de insufici\u00eancia card\u00edaca, poder\u00e1 sentir menos fome devido \u00e0 reten\u00e7\u00e3o de l\u00edquidos no seu sistema digestivo \u2013 como explicado nestes v\u00eddeos\",\"breadcrumb\":{\"@id\":\"https:\/\/www.heartfailurematters.org\/pt-br\/o-que-e-a-insuficiencia-cardiaca\/perda-de-apetite\/#breadcrumb\"},\"inLanguage\":\"pt-BR\",\"potentialAction\":[{\"@type\":\"ReadAction\",\"target\":[\"https:\/\/www.heartfailurematters.org\/pt-br\/o-que-e-a-insuficiencia-cardiaca\/perda-de-apetite\/\"]}]},{\"@type\":\"ImageObject\",\"inLanguage\":\"pt-BR\",\"@id\":\"https:\/\/www.heartfailurematters.org\/pt-br\/o-que-e-a-insuficiencia-cardiaca\/perda-de-apetite\/#primaryimage\",\"url\":\"https:\/\/www.heartfailurematters.org\/wp-content\/uploads\/2021\/02\/loss-of-appetite.jpg\",\"contentUrl\":\"https:\/\/www.heartfailurematters.org\/wp-content\/uploads\/2021\/02\/loss-of-appetite.jpg\"},{\"@type\":\"BreadcrumbList\",\"@id\":\"https:\/\/www.heartfailurematters.org\/pt-br\/o-que-e-a-insuficiencia-cardiaca\/perda-de-apetite\/#breadcrumb\",\"itemListElement\":[{\"@type\":\"ListItem\",\"position\":1,\"name\":\"P\u00e1gina inicial\",\"item\":\"https:\/\/www.heartfailurematters.org\/pt-br\/\"},{\"@type\":\"ListItem\",\"position\":2,\"name\":\"Compreender a insufici\u00eancia card\u00edaca\",\"item\":\"https:\/\/www.heartfailurematters.org\/pt-br\/o-que-e-a-insuficiencia-cardiaca\/\"},{\"@type\":\"ListItem\",\"position\":3,\"name\":\"Perda de apetite\"}]},{\"@type\":\"WebSite\",\"@id\":\"https:\/\/www.heartfailurematters.org\/pt-br\/#website\",\"url\":\"https:\/\/www.heartfailurematters.org\/pt-br\/\",\"name\":\"Heart Failure Matters\",\"description\":\"Practical information for patients, families and caregivers.\",\"publisher\":{\"@id\":\"https:\/\/www.heartfailurematters.org\/pt-br\/#organization\"},\"potentialAction\":[{\"@type\":\"SearchAction\",\"target\":{\"@type\":\"EntryPoint\",\"urlTemplate\":\"https:\/\/www.heartfailurematters.org\/pt-br\/?s={search_term_string}\"},\"query-input\":{\"@type\":\"PropertyValueSpecification\",\"valueRequired\":true,\"valueName\":\"search_term_string\"}}],\"inLanguage\":\"pt-BR\"},{\"@type\":\"Organization\",\"@id\":\"https:\/\/www.heartfailurematters.org\/pt-br\/#organization\",\"name\":\"Heart Failure Matters\",\"url\":\"https:\/\/www.heartfailurematters.org\/pt-br\/\",\"logo\":{\"@type\":\"ImageObject\",\"inLanguage\":\"pt-BR\",\"@id\":\"https:\/\/www.heartfailurematters.org\/pt-br\/#\/schema\/logo\/image\/\",\"url\":\"https:\/\/cdn-endpoint-hfm.azureedge.net\/heartfailurematters\/2024\/07\/hfm-logo1.jpg\",\"contentUrl\":\"https:\/\/cdn-endpoint-hfm.azureedge.net\/heartfailurematters\/2024\/07\/hfm-logo1.jpg\",\"width\":1280,\"height\":720,\"caption\":\"Heart Failure Matters\"},\"image\":{\"@id\":\"https:\/\/www.heartfailurematters.org\/pt-br\/#\/schema\/logo\/image\/\"},\"sameAs\":[\"https:\/\/www.facebook.com\/heartfailurematters\"]}]}<\/script>\n<!-- \/ Yoast SEO plugin. -->","yoast_head_json":{"title":"Perda de apetite e insufici\u00eancia card\u00edaca","description":"Se sofrer de insufici\u00eancia card\u00edaca, poder\u00e1 sentir menos fome devido \u00e0 reten\u00e7\u00e3o de l\u00edquidos no seu sistema digestivo \u2013 como explicado nestes v\u00eddeos","robots":{"index":"index","follow":"follow","max-snippet":"max-snippet:-1","max-image-preview":"max-image-preview:large","max-video-preview":"max-video-preview:-1"},"canonical":"https:\/\/www.heartfailurematters.org\/pt-br\/o-que-e-a-insuficiencia-cardiaca\/perda-de-apetite\/","og_locale":"pt_BR","og_type":"article","og_title":"Perda de apetite e insufici\u00eancia card\u00edaca","og_description":"Se sofrer de insufici\u00eancia card\u00edaca, poder\u00e1 sentir menos fome devido \u00e0 reten\u00e7\u00e3o de l\u00edquidos no seu sistema digestivo \u2013 como explicado nestes v\u00eddeos","og_url":"https:\/\/www.heartfailurematters.org\/pt-br\/o-que-e-a-insuficiencia-cardiaca\/perda-de-apetite\/","og_site_name":"Heart Failure Matters","article_publisher":"https:\/\/www.facebook.com\/heartfailurematters","og_image":[{"url":"https:\/\/www.heartfailurematters.org\/wp-content\/uploads\/2021\/02\/loss-of-appetite.jpg","type":"","width":"","height":""}],"twitter_card":"summary_large_image","schema":{"@context":"https:\/\/schema.org","@graph":[{"@type":"WebPage","@id":"https:\/\/www.heartfailurematters.org\/pt-br\/o-que-e-a-insuficiencia-cardiaca\/perda-de-apetite\/","url":"https:\/\/www.heartfailurematters.org\/pt-br\/o-que-e-a-insuficiencia-cardiaca\/perda-de-apetite\/","name":"Perda de apetite e insufici\u00eancia card\u00edaca","isPartOf":{"@id":"https:\/\/www.heartfailurematters.org\/pt-br\/#website"},"primaryImageOfPage":{"@id":"https:\/\/www.heartfailurematters.org\/pt-br\/o-que-e-a-insuficiencia-cardiaca\/perda-de-apetite\/#primaryimage"},"image":{"@id":"https:\/\/www.heartfailurematters.org\/pt-br\/o-que-e-a-insuficiencia-cardiaca\/perda-de-apetite\/#primaryimage"},"thumbnailUrl":"https:\/\/www.heartfailurematters.org\/wp-content\/uploads\/2021\/02\/loss-of-appetite.jpg","datePublished":"2021-01-27T22:06:05+00:00","description":"Se sofrer de insufici\u00eancia card\u00edaca, poder\u00e1 sentir menos fome devido \u00e0 reten\u00e7\u00e3o de l\u00edquidos no seu sistema digestivo \u2013 como explicado nestes v\u00eddeos","breadcrumb":{"@id":"https:\/\/www.heartfailurematters.org\/pt-br\/o-que-e-a-insuficiencia-cardiaca\/perda-de-apetite\/#breadcrumb"},"inLanguage":"pt-BR","potentialAction":[{"@type":"ReadAction","target":["https:\/\/www.heartfailurematters.org\/pt-br\/o-que-e-a-insuficiencia-cardiaca\/perda-de-apetite\/"]}]},{"@type":"ImageObject","inLanguage":"pt-BR","@id":"https:\/\/www.heartfailurematters.org\/pt-br\/o-que-e-a-insuficiencia-cardiaca\/perda-de-apetite\/#primaryimage","url":"https:\/\/www.heartfailurematters.org\/wp-content\/uploads\/2021\/02\/loss-of-appetite.jpg","contentUrl":"https:\/\/www.heartfailurematters.org\/wp-content\/uploads\/2021\/02\/loss-of-appetite.jpg"},{"@type":"BreadcrumbList","@id":"https:\/\/www.heartfailurematters.org\/pt-br\/o-que-e-a-insuficiencia-cardiaca\/perda-de-apetite\/#breadcrumb","itemListElement":[{"@type":"ListItem","position":1,"name":"P\u00e1gina inicial","item":"https:\/\/www.heartfailurematters.org\/pt-br\/"},{"@type":"ListItem","position":2,"name":"Compreender a insufici\u00eancia card\u00edaca","item":"https:\/\/www.heartfailurematters.org\/pt-br\/o-que-e-a-insuficiencia-cardiaca\/"},{"@type":"ListItem","position":3,"name":"Perda de apetite"}]},{"@type":"WebSite","@id":"https:\/\/www.heartfailurematters.org\/pt-br\/#website","url":"https:\/\/www.heartfailurematters.org\/pt-br\/","name":"Heart Failure Matters","description":"Practical information for patients, families and caregivers.","publisher":{"@id":"https:\/\/www.heartfailurematters.org\/pt-br\/#organization"},"potentialAction":[{"@type":"SearchAction","target":{"@type":"EntryPoint","urlTemplate":"https:\/\/www.heartfailurematters.org\/pt-br\/?s={search_term_string}"},"query-input":{"@type":"PropertyValueSpecification","valueRequired":true,"valueName":"search_term_string"}}],"inLanguage":"pt-BR"},{"@type":"Organization","@id":"https:\/\/www.heartfailurematters.org\/pt-br\/#organization","name":"Heart Failure Matters","url":"https:\/\/www.heartfailurematters.org\/pt-br\/","logo":{"@type":"ImageObject","inLanguage":"pt-BR","@id":"https:\/\/www.heartfailurematters.org\/pt-br\/#\/schema\/logo\/image\/","url":"https:\/\/cdn-endpoint-hfm.azureedge.net\/heartfailurematters\/2024\/07\/hfm-logo1.jpg","contentUrl":"https:\/\/cdn-endpoint-hfm.azureedge.net\/heartfailurematters\/2024\/07\/hfm-logo1.jpg","width":1280,"height":720,"caption":"Heart Failure Matters"},"image":{"@id":"https:\/\/www.heartfailurematters.org\/pt-br\/#\/schema\/logo\/image\/"},"sameAs":["https:\/\/www.facebook.com\/heartfailurematters"]}]}},"_links":{"self":[{"href":"https:\/\/www.heartfailurematters.org\/pt-br\/wp-json\/wp\/v2\/pages\/12625","targetHints":{"allow":["GET"]}}],"collection":[{"href":"https:\/\/www.heartfailurematters.org\/pt-br\/wp-json\/wp\/v2\/pages"}],"about":[{"href":"https:\/\/www.heartfailurematters.org\/pt-br\/wp-json\/wp\/v2\/types\/page"}],"author":[{"embeddable":true,"href":"https:\/\/www.heartfailurematters.org\/pt-br\/wp-json\/wp\/v2\/users\/1"}],"replies":[{"embeddable":true,"href":"https:\/\/www.heartfailurematters.org\/pt-br\/wp-json\/wp\/v2\/comments?post=12625"}],"version-history":[{"count":0,"href":"https:\/\/www.heartfailurematters.org\/pt-br\/wp-json\/wp\/v2\/pages\/12625\/revisions"}],"up":[{"embeddable":true,"href":"https:\/\/www.heartfailurematters.org\/pt-br\/wp-json\/wp\/v2\/pages\/13168"}],"wp:attachment":[{"href":"https:\/\/www.heartfailurematters.org\/pt-br\/wp-json\/wp\/v2\/media?parent=12625"}],"wp:term":[{"taxonomy":"category","embeddable":true,"href":"https:\/\/www.heartfailurematters.org\/pt-br\/wp-json\/wp\/v2\/categories?post=12625"},{"taxonomy":"post_tag","embeddable":true,"href":"https:\/\/www.heartfailurematters.org\/pt-br\/wp-json\/wp\/v2\/tags?post=12625"}],"curies":[{"name":"wp","href":"https:\/\/api.w.org\/{rel}","templated":true}]}}