{"id":12624,"date":"2021-01-27T22:06:05","date_gmt":"2021-01-27T22:06:05","guid":{"rendered":"https:\/\/www.heartfailurematters.org\/o-que-o-seu-medico-ou-enfermeiro-pode-fazer\/bloqueadores-do-recetor-da-angiotensina-ii-bra\/"},"modified":"2021-01-27T22:06:05","modified_gmt":"2021-01-27T22:06:05","slug":"bloqueadores-do-recetor-da-angiotensina-ii-bra","status":"publish","type":"page","link":"https:\/\/www.heartfailurematters.org\/pt-br\/o-que-o-seu-medico-ou-enfermeiro-pode-fazer\/bloqueadores-do-recetor-da-angiotensina-ii-bra\/","title":{"rendered":"Bloqueadores do recetor da angiotensina II (BRA)"},"content":{"rendered":"<h2>Como funcionam?<\/h2>\n<p><a class=\"addtooltip\" title=\"Classe de medicamentos que bloqueia as a\u00e7\u00f5es da angiotensina II e reduzem a press\u00e3o sangu\u00ednea.\"><strong>Bloqueadores do recetor da angiotensina II (BRA)<\/strong><\/a> bloqueiam as a\u00e7\u00f5es da <a class=\"addtooltip\" title=\"Uma hormona produzida naturalmente pelos rins e que causa a constri\u00e7\u00e3o dos vasos sangu\u00edneos, reduz a produ\u00e7\u00e3o de urina e aumenta a press\u00e3o arterial.\"><strong>angiotensina II<\/strong><\/a>, uma <a class=\"addtooltip\" title=\"Subst\u00e2ncias, libertadas no sangue por v\u00e1rias gl\u00e2ndulas do organismo, que regulam fun\u00e7\u00f5es essenciais.\"><strong>hormona<\/strong><\/a> produzida naturalmente pelos rins. Ao bloquear o efeito da angiotensina II, os BRA provocam o relaxamento dos vasos sangu\u00edneos, reduzindo a press\u00e3o arterial. Isto significa que o cora\u00e7\u00e3o n\u00e3o tem de se esfor\u00e7ar tanto para empurrar o sangue pelo corpo.<br \/>\ncorpo.<\/p>\n<p>Os BRA t\u00eam a\u00e7\u00f5es id\u00eanticas aos inibidores da ECA. Por serem normalmente mais caros do que os inibidores da ECA, ficam muitas vezes reservados aos doentes que n\u00e3o toleram os <a class=\"addtooltip\" title=\"Classe de medicamentos que inibe a produ\u00e7\u00e3o de angiotensina II e reduz a press\u00e3o arterial.\"><strong>inibidores da ECA<\/strong><\/a>.<\/p>\n<h2>Quais s\u00e3o os benef\u00edcios esperados?<\/h2>\n<p>Os BRA demonstraram reduzir os internamentos relacionados com a insufici\u00eancia card\u00edaca, prolongar a vida e melhorar a toler\u00e2ncia \u00e0 pr\u00e1tica de exerc\u00edcio f\u00edsico e a qualidade de vida.<\/p>\n<h2>Efeitos secund\u00e1rios<\/h2>\n<p>Os efeitos secund\u00e1rios s\u00e3o extremamente raros. Ao contr\u00e1rio dos inibidores da ECA, os BRA n\u00e3o causam tosse seca. Mas de resto, os efeitos secund\u00e1rios s\u00e3o os mesmos para os BRA e para os inibidores da ECA. Incluem <a href=\"https:\/\/www.heartfailurematters.org\/pt-pt\/o-que-e-a-insuficiencia-cardiaca\/tonturas\/\">tonturas<\/a>, comuns nos medicamentos que reduzem a press\u00e3o arterial. Mas o cora\u00e7\u00e3o consegue funcionar melhor com estas tens\u00f5es mais baixas. A sua press\u00e3o arterial ser\u00e1 monitorizada regularmente.<\/p>\n<p>Tal como os inibidores da ECA, os BRA podem afetar a fun\u00e7\u00e3o renal e aumentar os\u00a0<a class=\"addtooltip\" title=\"Mineral essencial necess\u00e1rio ao organismo para o funcionamento celular normal. Os diur\u00e9ticos podem causar perda de pot\u00e1ssio.\"><strong>n\u00edveis de pot\u00e1ssio<\/strong><\/a>. O seu m\u00e9dico monitorizar\u00e1 regularmente estes n\u00edveis.<\/p>\n<h2>Principais sugest\u00f5es<\/h2>\n<p>O seu m\u00e9dico poder\u00e1 aconselhar que tome a primeira dose de BRA antes de se deitar para evitar tonturas. As tonturas s\u00e3o comuns nos medicamentos que reduzem a press\u00e3o arterial, mas o cora\u00e7\u00e3o consegue funcionar melhor com estas tens\u00f5es mais baixas.<\/p>\n<p>Se sentir tonturas de manh\u00e3, tente mover os p\u00e9s para a frente e para tr\u00e1s cerca de dez vezes antes de se levantar. Ou poder\u00e1 ser \u00fatil balan\u00e7ar as pernas na parte lateral da cama antes de se sentar e depois sentar-se na beira da cama durante um minuto antes de se levantar. Deve evitar levantar-se demasiado rapidamente, quer esteja sentado ou dobrado, pois provocar\u00e1 tonturas. Leve o tempo necess\u00e1rio e permita que o corpo se adapte.<\/p>\n<h2>Tamb\u00e9m conhecido por:<\/h2>\n<ul>\n<li><strong>Candesartan<\/strong><br \/>\n(Amias\u00ae, Atacand\u00ae)<\/li>\n<li><strong>Eprosartan<\/strong><br \/>\n(Teveten\u00ae)<\/li>\n<li><strong>Irbesartan<br \/>\n<\/strong>(Avapro\u00ae, Aprovel\u00ae, Avalide\u00ae)<\/li>\n<li><strong>Losartan<br \/>\n<\/strong>(Cozaar\u00ae)<\/li>\n<li><strong>Olmesartan<br \/>\n<\/strong>(Olmetec\u00ae, Benicar\u00ae)<\/li>\n<li><strong>Telmisartan<br \/>\n<\/strong>(Micardis\u00ae)<\/li>\n<li><strong>Valsartan<\/strong><br \/>\n(Diovan\u00ae)<\/li>\n<li><strong>Combination products<br \/>\n<\/strong>(Co Aprovel\u00ae, Cozaar-Comp\u00ae, Olmetec Plus\u00ae, Micardis Plus\u00ae, Co-Diovan\u00ae)<\/li>\n<\/ul>\n<table border=\"1\" width=\"100%\" cellspacing=\"0\" cellpadding=\"0\">\n<tbody>\n<tr>\n<td style=\"width: 25%;\">\n<h2>Anima\u00e7\u00e3o<\/h2>\n<\/td>\n<td style=\"width: 75%; vertical-align: middle; text-align: left;\"><\/td>\n<\/tr>\n<tr>\n<td style=\"width: 25%;\"><a class=\"lightview\" href=\"https:\/\/www.youtube.com\/embed\/MbIXZLrWuVU\" data-lightview-caption=\"The animation above shows how ACE (Angiotensin converting enzyme) inhibitors can help you by causing your blood vessels to relax and thus lower your blood pressure. This means your heart doesn't have to work so hard to squeeze your blood around your body.\" data-lightview-title=\"How ACE inhibitors work in heart failure\" data-lightview-options=\"width: 535, height: 400\" data-lightview-type=\"iframe\" data-lightview-group=\"journey\"><img decoding=\"async\" class=\"alignnone size-full wp-image-5077\" src=\"https:\/\/www.heartfailurematters.org\/wp-content\/uploads\/2021\/02\/07-animation.jpg\" alt=\"\" width=\"180\" height=\"130\" \/><\/a><\/td>\n<td style=\"width: 75%; vertical-align: middle; text-align: left;\">Anima\u00e7\u00e3o que explica como os inibidores dos recetores de angiotensina funcionam na insufici\u00eancia card\u00edaca<\/td>\n<\/tr>\n<\/tbody>\n<\/table>\n<p><a href=\"https:\/\/www.heartfailurematters.org\/pt-pt\/o-que-o-seu-medico-ou-enfermeiro-pode-fazer\/medicamentos-para-a-insuficiencia-cardiaca\/\">Voltar \u00e0 sec\u00e7\u00e3o Medicamentos para a insufici\u00eancia card\u00edaca<\/a><\/p>\n<p>&nbsp;<\/p>\n","protected":false},"excerpt":{"rendered":"<p>Como funcionam? Bloqueadores do recetor da angiotensina II (BRA) bloqueiam as a\u00e7\u00f5es da angiotensina II, uma hormona produzida naturalmente pelos rins. Ao bloquear o efeito da angiotensina II, os BRA provocam o relaxamento dos vasos sangu\u00edneos, reduzindo a press\u00e3o arterial. Isto significa que o cora\u00e7\u00e3o n\u00e3o tem de se esfor\u00e7ar tanto para empurrar o sangue [&hellip;]<\/p>\n","protected":false},"author":1,"featured_media":12512,"parent":13171,"menu_order":0,"comment_status":"open","ping_status":"open","template":"","meta":{"_acf_changed":false,"footnotes":""},"categories":[],"tags":[],"class_list":["post-12624","page","type-page","status-publish","has-post-thumbnail","hentry"],"acf":[],"yoast_head":"<!-- This site is optimized with the Yoast SEO plugin v24.8.1 - https:\/\/yoast.com\/wordpress\/plugins\/seo\/ -->\n<title>Bloqueadores do recetor da angiotensina II (BRA)<\/title>\n<meta name=\"description\" content=\"Os bloqueadores dos recetores da angiotensina II (BRA) bloqueiam as a\u00e7\u00f5es da angiotensina II, uma hormona produzida naturalmente pelos rins.\" \/>\n<meta name=\"robots\" content=\"index, follow, max-snippet:-1, max-image-preview:large, max-video-preview:-1\" \/>\n<link rel=\"canonical\" href=\"https:\/\/www.heartfailurematters.org\/pt-br\/o-que-o-seu-medico-ou-enfermeiro-pode-fazer\/bloqueadores-do-recetor-da-angiotensina-ii-bra\/\" \/>\n<meta property=\"og:locale\" content=\"pt_BR\" \/>\n<meta property=\"og:type\" content=\"article\" \/>\n<meta property=\"og:title\" content=\"Bloqueadores do recetor da angiotensina II (BRA)\" \/>\n<meta property=\"og:description\" content=\"Os bloqueadores dos recetores da angiotensina II (BRA) bloqueiam as a\u00e7\u00f5es da angiotensina II, uma hormona produzida naturalmente pelos rins.\" \/>\n<meta property=\"og:url\" content=\"https:\/\/www.heartfailurematters.org\/pt-br\/o-que-o-seu-medico-ou-enfermeiro-pode-fazer\/bloqueadores-do-recetor-da-angiotensina-ii-bra\/\" \/>\n<meta property=\"og:site_name\" content=\"Heart Failure Matters\" \/>\n<meta property=\"article:publisher\" content=\"https:\/\/www.facebook.com\/heartfailurematters\" \/>\n<meta property=\"og:image\" content=\"https:\/\/www.heartfailurematters.org\/wp-content\/uploads\/2022\/03\/shutterstock_441673426-1-min.jpg\" \/>\n\t<meta property=\"og:image:width\" content=\"900\" \/>\n\t<meta property=\"og:image:height\" content=\"596\" \/>\n\t<meta property=\"og:image:type\" content=\"image\/jpeg\" \/>\n<meta name=\"twitter:card\" content=\"summary_large_image\" \/>\n<meta name=\"twitter:label1\" content=\"Est. tempo de leitura\" \/>\n\t<meta name=\"twitter:data1\" content=\"2 minutos\" \/>\n<script type=\"application\/ld+json\" class=\"yoast-schema-graph\">{\"@context\":\"https:\/\/schema.org\",\"@graph\":[{\"@type\":\"WebPage\",\"@id\":\"https:\/\/www.heartfailurematters.org\/pt-br\/o-que-o-seu-medico-ou-enfermeiro-pode-fazer\/bloqueadores-do-recetor-da-angiotensina-ii-bra\/\",\"url\":\"https:\/\/www.heartfailurematters.org\/pt-br\/o-que-o-seu-medico-ou-enfermeiro-pode-fazer\/bloqueadores-do-recetor-da-angiotensina-ii-bra\/\",\"name\":\"Bloqueadores do recetor da angiotensina II (BRA)\",\"isPartOf\":{\"@id\":\"https:\/\/www.heartfailurematters.org\/pt-br\/#website\"},\"primaryImageOfPage\":{\"@id\":\"https:\/\/www.heartfailurematters.org\/pt-br\/o-que-o-seu-medico-ou-enfermeiro-pode-fazer\/bloqueadores-do-recetor-da-angiotensina-ii-bra\/#primaryimage\"},\"image\":{\"@id\":\"https:\/\/www.heartfailurematters.org\/pt-br\/o-que-o-seu-medico-ou-enfermeiro-pode-fazer\/bloqueadores-do-recetor-da-angiotensina-ii-bra\/#primaryimage\"},\"thumbnailUrl\":\"https:\/\/www.heartfailurematters.org\/wp-content\/uploads\/2022\/03\/shutterstock_441673426-1-min.jpg\",\"datePublished\":\"2021-01-27T22:06:05+00:00\",\"description\":\"Os bloqueadores dos recetores da angiotensina II (BRA) bloqueiam as a\u00e7\u00f5es da angiotensina II, uma hormona produzida naturalmente pelos rins.\",\"breadcrumb\":{\"@id\":\"https:\/\/www.heartfailurematters.org\/pt-br\/o-que-o-seu-medico-ou-enfermeiro-pode-fazer\/bloqueadores-do-recetor-da-angiotensina-ii-bra\/#breadcrumb\"},\"inLanguage\":\"pt-BR\",\"potentialAction\":[{\"@type\":\"ReadAction\",\"target\":[\"https:\/\/www.heartfailurematters.org\/pt-br\/o-que-o-seu-medico-ou-enfermeiro-pode-fazer\/bloqueadores-do-recetor-da-angiotensina-ii-bra\/\"]}]},{\"@type\":\"ImageObject\",\"inLanguage\":\"pt-BR\",\"@id\":\"https:\/\/www.heartfailurematters.org\/pt-br\/o-que-o-seu-medico-ou-enfermeiro-pode-fazer\/bloqueadores-do-recetor-da-angiotensina-ii-bra\/#primaryimage\",\"url\":\"https:\/\/www.heartfailurematters.org\/wp-content\/uploads\/2022\/03\/shutterstock_441673426-1-min.jpg\",\"contentUrl\":\"https:\/\/www.heartfailurematters.org\/wp-content\/uploads\/2022\/03\/shutterstock_441673426-1-min.jpg\",\"width\":900,\"height\":596},{\"@type\":\"BreadcrumbList\",\"@id\":\"https:\/\/www.heartfailurematters.org\/pt-br\/o-que-o-seu-medico-ou-enfermeiro-pode-fazer\/bloqueadores-do-recetor-da-angiotensina-ii-bra\/#breadcrumb\",\"itemListElement\":[{\"@type\":\"ListItem\",\"position\":1,\"name\":\"P\u00e1gina inicial\",\"item\":\"https:\/\/www.heartfailurematters.org\/pt-br\/\"},{\"@type\":\"ListItem\",\"position\":2,\"name\":\"O que o seu m\u00e9dico pode fazer\",\"item\":\"https:\/\/www.heartfailurematters.org\/pt-br\/o-que-o-seu-medico-ou-enfermeiro-pode-fazer\/\"},{\"@type\":\"ListItem\",\"position\":3,\"name\":\"Bloqueadores do recetor da angiotensina II (BRA)\"}]},{\"@type\":\"WebSite\",\"@id\":\"https:\/\/www.heartfailurematters.org\/pt-br\/#website\",\"url\":\"https:\/\/www.heartfailurematters.org\/pt-br\/\",\"name\":\"Heart Failure Matters\",\"description\":\"Practical information for patients, families and caregivers.\",\"publisher\":{\"@id\":\"https:\/\/www.heartfailurematters.org\/pt-br\/#organization\"},\"potentialAction\":[{\"@type\":\"SearchAction\",\"target\":{\"@type\":\"EntryPoint\",\"urlTemplate\":\"https:\/\/www.heartfailurematters.org\/pt-br\/?s={search_term_string}\"},\"query-input\":{\"@type\":\"PropertyValueSpecification\",\"valueRequired\":true,\"valueName\":\"search_term_string\"}}],\"inLanguage\":\"pt-BR\"},{\"@type\":\"Organization\",\"@id\":\"https:\/\/www.heartfailurematters.org\/pt-br\/#organization\",\"name\":\"Heart Failure Matters\",\"url\":\"https:\/\/www.heartfailurematters.org\/pt-br\/\",\"logo\":{\"@type\":\"ImageObject\",\"inLanguage\":\"pt-BR\",\"@id\":\"https:\/\/www.heartfailurematters.org\/pt-br\/#\/schema\/logo\/image\/\",\"url\":\"https:\/\/cdn-endpoint-hfm.azureedge.net\/heartfailurematters\/2024\/07\/hfm-logo1.jpg\",\"contentUrl\":\"https:\/\/cdn-endpoint-hfm.azureedge.net\/heartfailurematters\/2024\/07\/hfm-logo1.jpg\",\"width\":1280,\"height\":720,\"caption\":\"Heart Failure Matters\"},\"image\":{\"@id\":\"https:\/\/www.heartfailurematters.org\/pt-br\/#\/schema\/logo\/image\/\"},\"sameAs\":[\"https:\/\/www.facebook.com\/heartfailurematters\"]}]}<\/script>\n<!-- \/ Yoast SEO plugin. -->","yoast_head_json":{"title":"Bloqueadores do recetor da angiotensina II (BRA)","description":"Os bloqueadores dos recetores da angiotensina II (BRA) bloqueiam as a\u00e7\u00f5es da angiotensina II, uma hormona produzida naturalmente pelos rins.","robots":{"index":"index","follow":"follow","max-snippet":"max-snippet:-1","max-image-preview":"max-image-preview:large","max-video-preview":"max-video-preview:-1"},"canonical":"https:\/\/www.heartfailurematters.org\/pt-br\/o-que-o-seu-medico-ou-enfermeiro-pode-fazer\/bloqueadores-do-recetor-da-angiotensina-ii-bra\/","og_locale":"pt_BR","og_type":"article","og_title":"Bloqueadores do recetor da angiotensina II (BRA)","og_description":"Os bloqueadores dos recetores da angiotensina II (BRA) bloqueiam as a\u00e7\u00f5es da angiotensina II, uma hormona produzida naturalmente pelos rins.","og_url":"https:\/\/www.heartfailurematters.org\/pt-br\/o-que-o-seu-medico-ou-enfermeiro-pode-fazer\/bloqueadores-do-recetor-da-angiotensina-ii-bra\/","og_site_name":"Heart Failure Matters","article_publisher":"https:\/\/www.facebook.com\/heartfailurematters","og_image":[{"width":900,"height":596,"url":"https:\/\/www.heartfailurematters.org\/wp-content\/uploads\/2022\/03\/shutterstock_441673426-1-min.jpg","type":"image\/jpeg"}],"twitter_card":"summary_large_image","twitter_misc":{"Est. tempo de leitura":"2 minutos"},"schema":{"@context":"https:\/\/schema.org","@graph":[{"@type":"WebPage","@id":"https:\/\/www.heartfailurematters.org\/pt-br\/o-que-o-seu-medico-ou-enfermeiro-pode-fazer\/bloqueadores-do-recetor-da-angiotensina-ii-bra\/","url":"https:\/\/www.heartfailurematters.org\/pt-br\/o-que-o-seu-medico-ou-enfermeiro-pode-fazer\/bloqueadores-do-recetor-da-angiotensina-ii-bra\/","name":"Bloqueadores do recetor da angiotensina II (BRA)","isPartOf":{"@id":"https:\/\/www.heartfailurematters.org\/pt-br\/#website"},"primaryImageOfPage":{"@id":"https:\/\/www.heartfailurematters.org\/pt-br\/o-que-o-seu-medico-ou-enfermeiro-pode-fazer\/bloqueadores-do-recetor-da-angiotensina-ii-bra\/#primaryimage"},"image":{"@id":"https:\/\/www.heartfailurematters.org\/pt-br\/o-que-o-seu-medico-ou-enfermeiro-pode-fazer\/bloqueadores-do-recetor-da-angiotensina-ii-bra\/#primaryimage"},"thumbnailUrl":"https:\/\/www.heartfailurematters.org\/wp-content\/uploads\/2022\/03\/shutterstock_441673426-1-min.jpg","datePublished":"2021-01-27T22:06:05+00:00","description":"Os bloqueadores dos recetores da angiotensina II (BRA) bloqueiam as a\u00e7\u00f5es da angiotensina II, uma hormona produzida naturalmente pelos rins.","breadcrumb":{"@id":"https:\/\/www.heartfailurematters.org\/pt-br\/o-que-o-seu-medico-ou-enfermeiro-pode-fazer\/bloqueadores-do-recetor-da-angiotensina-ii-bra\/#breadcrumb"},"inLanguage":"pt-BR","potentialAction":[{"@type":"ReadAction","target":["https:\/\/www.heartfailurematters.org\/pt-br\/o-que-o-seu-medico-ou-enfermeiro-pode-fazer\/bloqueadores-do-recetor-da-angiotensina-ii-bra\/"]}]},{"@type":"ImageObject","inLanguage":"pt-BR","@id":"https:\/\/www.heartfailurematters.org\/pt-br\/o-que-o-seu-medico-ou-enfermeiro-pode-fazer\/bloqueadores-do-recetor-da-angiotensina-ii-bra\/#primaryimage","url":"https:\/\/www.heartfailurematters.org\/wp-content\/uploads\/2022\/03\/shutterstock_441673426-1-min.jpg","contentUrl":"https:\/\/www.heartfailurematters.org\/wp-content\/uploads\/2022\/03\/shutterstock_441673426-1-min.jpg","width":900,"height":596},{"@type":"BreadcrumbList","@id":"https:\/\/www.heartfailurematters.org\/pt-br\/o-que-o-seu-medico-ou-enfermeiro-pode-fazer\/bloqueadores-do-recetor-da-angiotensina-ii-bra\/#breadcrumb","itemListElement":[{"@type":"ListItem","position":1,"name":"P\u00e1gina inicial","item":"https:\/\/www.heartfailurematters.org\/pt-br\/"},{"@type":"ListItem","position":2,"name":"O que o seu m\u00e9dico pode fazer","item":"https:\/\/www.heartfailurematters.org\/pt-br\/o-que-o-seu-medico-ou-enfermeiro-pode-fazer\/"},{"@type":"ListItem","position":3,"name":"Bloqueadores do recetor da angiotensina II (BRA)"}]},{"@type":"WebSite","@id":"https:\/\/www.heartfailurematters.org\/pt-br\/#website","url":"https:\/\/www.heartfailurematters.org\/pt-br\/","name":"Heart Failure Matters","description":"Practical information for patients, families and caregivers.","publisher":{"@id":"https:\/\/www.heartfailurematters.org\/pt-br\/#organization"},"potentialAction":[{"@type":"SearchAction","target":{"@type":"EntryPoint","urlTemplate":"https:\/\/www.heartfailurematters.org\/pt-br\/?s={search_term_string}"},"query-input":{"@type":"PropertyValueSpecification","valueRequired":true,"valueName":"search_term_string"}}],"inLanguage":"pt-BR"},{"@type":"Organization","@id":"https:\/\/www.heartfailurematters.org\/pt-br\/#organization","name":"Heart Failure Matters","url":"https:\/\/www.heartfailurematters.org\/pt-br\/","logo":{"@type":"ImageObject","inLanguage":"pt-BR","@id":"https:\/\/www.heartfailurematters.org\/pt-br\/#\/schema\/logo\/image\/","url":"https:\/\/cdn-endpoint-hfm.azureedge.net\/heartfailurematters\/2024\/07\/hfm-logo1.jpg","contentUrl":"https:\/\/cdn-endpoint-hfm.azureedge.net\/heartfailurematters\/2024\/07\/hfm-logo1.jpg","width":1280,"height":720,"caption":"Heart Failure Matters"},"image":{"@id":"https:\/\/www.heartfailurematters.org\/pt-br\/#\/schema\/logo\/image\/"},"sameAs":["https:\/\/www.facebook.com\/heartfailurematters"]}]}},"_links":{"self":[{"href":"https:\/\/www.heartfailurematters.org\/pt-br\/wp-json\/wp\/v2\/pages\/12624","targetHints":{"allow":["GET"]}}],"collection":[{"href":"https:\/\/www.heartfailurematters.org\/pt-br\/wp-json\/wp\/v2\/pages"}],"about":[{"href":"https:\/\/www.heartfailurematters.org\/pt-br\/wp-json\/wp\/v2\/types\/page"}],"author":[{"embeddable":true,"href":"https:\/\/www.heartfailurematters.org\/pt-br\/wp-json\/wp\/v2\/users\/1"}],"replies":[{"embeddable":true,"href":"https:\/\/www.heartfailurematters.org\/pt-br\/wp-json\/wp\/v2\/comments?post=12624"}],"version-history":[{"count":0,"href":"https:\/\/www.heartfailurematters.org\/pt-br\/wp-json\/wp\/v2\/pages\/12624\/revisions"}],"up":[{"embeddable":true,"href":"https:\/\/www.heartfailurematters.org\/pt-br\/wp-json\/wp\/v2\/pages\/13171"}],"wp:featuredmedia":[{"embeddable":true,"href":"https:\/\/www.heartfailurematters.org\/pt-br\/wp-json\/wp\/v2\/media\/12512"}],"wp:attachment":[{"href":"https:\/\/www.heartfailurematters.org\/pt-br\/wp-json\/wp\/v2\/media?parent=12624"}],"wp:term":[{"taxonomy":"category","embeddable":true,"href":"https:\/\/www.heartfailurematters.org\/pt-br\/wp-json\/wp\/v2\/categories?post=12624"},{"taxonomy":"post_tag","embeddable":true,"href":"https:\/\/www.heartfailurematters.org\/pt-br\/wp-json\/wp\/v2\/tags?post=12624"}],"curies":[{"name":"wp","href":"https:\/\/api.w.org\/{rel}","templated":true}]}}