{"id":12622,"date":"2021-01-27T22:06:13","date_gmt":"2021-01-27T22:06:13","guid":{"rendered":"https:\/\/www.heartfailurematters.org\/viver-com-insuficiencia-cardiaca\/em-caso-de-emergencia-durante-as-ferias\/"},"modified":"2021-01-27T22:06:13","modified_gmt":"2021-01-27T22:06:13","slug":"em-caso-de-emergencia-durante-as-ferias","status":"publish","type":"page","link":"https:\/\/www.heartfailurematters.org\/pt-br\/viver-com-insuficiencia-cardiaca\/em-caso-de-emergencia-durante-as-ferias\/","title":{"rendered":"Em caso de emerg\u00eancia durante as f\u00e9rias"},"content":{"rendered":"<p>\u00c9 boa ideia levar consigo uma lista atualizada de todos os <a title=\"\" href=\"\/wp-content\/uploads\/2021\/02\/TABELA-DE-MEDICAMENTOS.pdf\" target=\"_blank\" rel=\"noopener\">medicamentos<\/a>\u00a0sempre que for de f\u00e9rias. Assim, em caso de emerg\u00eancia e se tiver de consultar um m\u00e9dico, poder\u00e1 mostrar a lista ao m\u00e9dico que ir\u00e1 trat\u00e1-lo. Mantenha a lista acess\u00edvel durante as f\u00e9rias.<\/p>\n<p>Tamb\u00e9m \u00e9 \u00fatil ter o n\u00famero de telefone do consult\u00f3rio do seu m\u00e9dico de cl\u00ednica geral\/m\u00e9dico de fam\u00edlia ou cardiologista, caso o m\u00e9dico local pretenda contact\u00e1-lo para falar sobre a sua doen\u00e7a ou necessite de obter mais informa\u00e7\u00f5es.<\/p>\n<p>Deve fazer sempre um seguro de viagem, com cobertura de cuidados de sa\u00fade, quando viajar para qualquer dist\u00e2ncia ou quando for de f\u00e9rias. Ao fazer o seguro, certifique-se de que sabe exatamente quais s\u00e3o as coberturas da ap\u00f3lice relativamente ao tratamento m\u00e9dico e o que tem de fazer, caso necessite de assist\u00eancia m\u00e9dica de emerg\u00eancia enquanto estiver fora. Anote os n\u00fameros de telefone de contacto e os n\u00fameros da ap\u00f3lice relevantes.<\/p>\n<p>Para os cidad\u00e3os da Uni\u00e3o Europeia que viajem na Europa, est\u00e1 dispon\u00edvel o Cart\u00e3o Europeu de Seguro de Doen\u00e7a (CESD), que \u00e9 bastante vantajoso. Embora o CESD n\u00e3o substitua um seguro, concede aos cidad\u00e3os da Uni\u00e3o Europeia o direito a tratamento m\u00e9dico gratuito ou a custo reduzido nos pa\u00edses do Espa\u00e7o Econ\u00f3mico Europeu (EEE).<\/p>\n<p>Mais de 60 milh\u00f5es de cidad\u00e3os europeus j\u00e1 s\u00e3o portadores deste cart\u00e3o. Alguns pa\u00edses est\u00e3o a integrar o cart\u00e3o Europeu no verso de um cart\u00e3o nacional e noutros pa\u00edses emitem cart\u00f5es separados. Pode obter o cart\u00e3o no posto de atendimento local da seguran\u00e7a social ou na institui\u00e7\u00e3o de seguro de doen\u00e7a ou se pretender obter mais informa\u00e7\u00f5es visite o <a title=\"\" href=\"http:\/\/ec.europa.eu\/social\/main.jsp?catId=509&amp;langId=en\" target=\"_blank\" rel=\"noopener\">website do Cart\u00e3o Europeu de Seguro de Doen\u00e7a<\/a>.<\/p>\n<p>O CESD \u00e9 normalmente v\u00e1lido durante tr\u00eas ou cinco anos e cobre qualquer tratamento m\u00e9dico necess\u00e1rio durante a sua viagem, por motivo de doen\u00e7a ou acidente. Tamb\u00e9m cobre qualquer tratamento necess\u00e1rio em caso de doen\u00e7a cr\u00f3nica, tal como a insufici\u00eancia card\u00edaca. O cart\u00e3o concede acesso apenas a tratamento m\u00e9dico proporcionado pelo sistema de sa\u00fade do pa\u00eds onde se encontra.<\/p>\n<p><a title=\"\" href=\"https:\/\/www.heartfailurematters.org\/pt-pt\/viver-com-insuficiencia-cardiaca\/viajar\/\">Voltar \u00e0 sec\u00e7\u00e3o Viajar<\/a><\/p>\n","protected":false},"excerpt":{"rendered":"<p>\u00c9 boa ideia levar consigo uma lista atualizada de todos os medicamentos\u00a0sempre que for de f\u00e9rias. Assim, em caso de emerg\u00eancia e se tiver de consultar um m\u00e9dico, poder\u00e1 mostrar a lista ao m\u00e9dico que ir\u00e1 trat\u00e1-lo. Mantenha a lista acess\u00edvel durante as f\u00e9rias. Tamb\u00e9m \u00e9 \u00fatil ter o n\u00famero de telefone do consult\u00f3rio do [&hellip;]<\/p>\n","protected":false},"author":1,"featured_media":12480,"parent":13175,"menu_order":0,"comment_status":"open","ping_status":"open","template":"","meta":{"_acf_changed":false,"footnotes":""},"categories":[],"tags":[],"class_list":["post-12622","page","type-page","status-publish","has-post-thumbnail","hentry"],"acf":[],"yoast_head":"<!-- This site is optimized with the Yoast SEO plugin v24.8.1 - https:\/\/yoast.com\/wordpress\/plugins\/seo\/ -->\n<title>Em caso de emerg\u00eancia durante as f\u00e9rias<\/title>\n<meta name=\"description\" content=\"\u00c9 uma boa ideia levar uma lista atualizada de todos os seus medicamentos consigo quando for de f\u00e9rias. Leia mais para obter mais dicas.\" \/>\n<meta name=\"robots\" content=\"index, follow, max-snippet:-1, max-image-preview:large, max-video-preview:-1\" \/>\n<link rel=\"canonical\" href=\"https:\/\/www.heartfailurematters.org\/pt-br\/viver-com-insuficiencia-cardiaca\/em-caso-de-emergencia-durante-as-ferias\/\" \/>\n<meta property=\"og:locale\" content=\"pt_BR\" \/>\n<meta property=\"og:type\" content=\"article\" \/>\n<meta property=\"og:title\" content=\"Em caso de emerg\u00eancia durante as f\u00e9rias\" \/>\n<meta property=\"og:description\" content=\"\u00c9 uma boa ideia levar uma lista atualizada de todos os seus medicamentos consigo quando for de f\u00e9rias. Leia mais para obter mais dicas.\" \/>\n<meta property=\"og:url\" content=\"https:\/\/www.heartfailurematters.org\/pt-br\/viver-com-insuficiencia-cardiaca\/em-caso-de-emergencia-durante-as-ferias\/\" \/>\n<meta property=\"og:site_name\" content=\"Heart Failure Matters\" \/>\n<meta property=\"article:publisher\" content=\"https:\/\/www.facebook.com\/heartfailurematters\" \/>\n<meta property=\"og:image\" content=\"https:\/\/www.heartfailurematters.org\/wp-content\/uploads\/2022\/02\/shutterstock_258402434-1-min.jpg\" \/>\n\t<meta property=\"og:image:width\" content=\"900\" \/>\n\t<meta property=\"og:image:height\" content=\"475\" \/>\n\t<meta property=\"og:image:type\" content=\"image\/jpeg\" \/>\n<meta name=\"twitter:card\" content=\"summary_large_image\" \/>\n<meta name=\"twitter:label1\" content=\"Est. tempo de leitura\" \/>\n\t<meta name=\"twitter:data1\" content=\"2 minutos\" \/>\n<script type=\"application\/ld+json\" class=\"yoast-schema-graph\">{\"@context\":\"https:\/\/schema.org\",\"@graph\":[{\"@type\":\"WebPage\",\"@id\":\"https:\/\/www.heartfailurematters.org\/pt-br\/viver-com-insuficiencia-cardiaca\/em-caso-de-emergencia-durante-as-ferias\/\",\"url\":\"https:\/\/www.heartfailurematters.org\/pt-br\/viver-com-insuficiencia-cardiaca\/em-caso-de-emergencia-durante-as-ferias\/\",\"name\":\"Em caso de emerg\u00eancia durante as f\u00e9rias\",\"isPartOf\":{\"@id\":\"https:\/\/www.heartfailurematters.org\/pt-br\/#website\"},\"primaryImageOfPage\":{\"@id\":\"https:\/\/www.heartfailurematters.org\/pt-br\/viver-com-insuficiencia-cardiaca\/em-caso-de-emergencia-durante-as-ferias\/#primaryimage\"},\"image\":{\"@id\":\"https:\/\/www.heartfailurematters.org\/pt-br\/viver-com-insuficiencia-cardiaca\/em-caso-de-emergencia-durante-as-ferias\/#primaryimage\"},\"thumbnailUrl\":\"https:\/\/www.heartfailurematters.org\/wp-content\/uploads\/2022\/02\/shutterstock_258402434-1-min.jpg\",\"datePublished\":\"2021-01-27T22:06:13+00:00\",\"description\":\"\u00c9 uma boa ideia levar uma lista atualizada de todos os seus medicamentos consigo quando for de f\u00e9rias. Leia mais para obter mais dicas.\",\"breadcrumb\":{\"@id\":\"https:\/\/www.heartfailurematters.org\/pt-br\/viver-com-insuficiencia-cardiaca\/em-caso-de-emergencia-durante-as-ferias\/#breadcrumb\"},\"inLanguage\":\"pt-BR\",\"potentialAction\":[{\"@type\":\"ReadAction\",\"target\":[\"https:\/\/www.heartfailurematters.org\/pt-br\/viver-com-insuficiencia-cardiaca\/em-caso-de-emergencia-durante-as-ferias\/\"]}]},{\"@type\":\"ImageObject\",\"inLanguage\":\"pt-BR\",\"@id\":\"https:\/\/www.heartfailurematters.org\/pt-br\/viver-com-insuficiencia-cardiaca\/em-caso-de-emergencia-durante-as-ferias\/#primaryimage\",\"url\":\"https:\/\/www.heartfailurematters.org\/wp-content\/uploads\/2022\/02\/shutterstock_258402434-1-min.jpg\",\"contentUrl\":\"https:\/\/www.heartfailurematters.org\/wp-content\/uploads\/2022\/02\/shutterstock_258402434-1-min.jpg\",\"width\":900,\"height\":475},{\"@type\":\"BreadcrumbList\",\"@id\":\"https:\/\/www.heartfailurematters.org\/pt-br\/viver-com-insuficiencia-cardiaca\/em-caso-de-emergencia-durante-as-ferias\/#breadcrumb\",\"itemListElement\":[{\"@type\":\"ListItem\",\"position\":1,\"name\":\"P\u00e1gina inicial\",\"item\":\"https:\/\/www.heartfailurematters.org\/pt-br\/\"},{\"@type\":\"ListItem\",\"position\":2,\"name\":\"Viver com insufici\u00eancia card\u00edaca\",\"item\":\"https:\/\/www.heartfailurematters.org\/pt-br\/viver-com-insuficiencia-cardiaca\/\"},{\"@type\":\"ListItem\",\"position\":3,\"name\":\"Em caso de emerg\u00eancia durante as f\u00e9rias\"}]},{\"@type\":\"WebSite\",\"@id\":\"https:\/\/www.heartfailurematters.org\/pt-br\/#website\",\"url\":\"https:\/\/www.heartfailurematters.org\/pt-br\/\",\"name\":\"Heart Failure Matters\",\"description\":\"Practical information for patients, families and caregivers.\",\"publisher\":{\"@id\":\"https:\/\/www.heartfailurematters.org\/pt-br\/#organization\"},\"potentialAction\":[{\"@type\":\"SearchAction\",\"target\":{\"@type\":\"EntryPoint\",\"urlTemplate\":\"https:\/\/www.heartfailurematters.org\/pt-br\/?s={search_term_string}\"},\"query-input\":{\"@type\":\"PropertyValueSpecification\",\"valueRequired\":true,\"valueName\":\"search_term_string\"}}],\"inLanguage\":\"pt-BR\"},{\"@type\":\"Organization\",\"@id\":\"https:\/\/www.heartfailurematters.org\/pt-br\/#organization\",\"name\":\"Heart Failure Matters\",\"url\":\"https:\/\/www.heartfailurematters.org\/pt-br\/\",\"logo\":{\"@type\":\"ImageObject\",\"inLanguage\":\"pt-BR\",\"@id\":\"https:\/\/www.heartfailurematters.org\/pt-br\/#\/schema\/logo\/image\/\",\"url\":\"https:\/\/cdn-endpoint-hfm.azureedge.net\/heartfailurematters\/2024\/07\/hfm-logo1.jpg\",\"contentUrl\":\"https:\/\/cdn-endpoint-hfm.azureedge.net\/heartfailurematters\/2024\/07\/hfm-logo1.jpg\",\"width\":1280,\"height\":720,\"caption\":\"Heart Failure Matters\"},\"image\":{\"@id\":\"https:\/\/www.heartfailurematters.org\/pt-br\/#\/schema\/logo\/image\/\"},\"sameAs\":[\"https:\/\/www.facebook.com\/heartfailurematters\"]}]}<\/script>\n<!-- \/ Yoast SEO plugin. -->","yoast_head_json":{"title":"Em caso de emerg\u00eancia durante as f\u00e9rias","description":"\u00c9 uma boa ideia levar uma lista atualizada de todos os seus medicamentos consigo quando for de f\u00e9rias. Leia mais para obter mais dicas.","robots":{"index":"index","follow":"follow","max-snippet":"max-snippet:-1","max-image-preview":"max-image-preview:large","max-video-preview":"max-video-preview:-1"},"canonical":"https:\/\/www.heartfailurematters.org\/pt-br\/viver-com-insuficiencia-cardiaca\/em-caso-de-emergencia-durante-as-ferias\/","og_locale":"pt_BR","og_type":"article","og_title":"Em caso de emerg\u00eancia durante as f\u00e9rias","og_description":"\u00c9 uma boa ideia levar uma lista atualizada de todos os seus medicamentos consigo quando for de f\u00e9rias. Leia mais para obter mais dicas.","og_url":"https:\/\/www.heartfailurematters.org\/pt-br\/viver-com-insuficiencia-cardiaca\/em-caso-de-emergencia-durante-as-ferias\/","og_site_name":"Heart Failure Matters","article_publisher":"https:\/\/www.facebook.com\/heartfailurematters","og_image":[{"width":900,"height":475,"url":"https:\/\/www.heartfailurematters.org\/wp-content\/uploads\/2022\/02\/shutterstock_258402434-1-min.jpg","type":"image\/jpeg"}],"twitter_card":"summary_large_image","twitter_misc":{"Est. tempo de leitura":"2 minutos"},"schema":{"@context":"https:\/\/schema.org","@graph":[{"@type":"WebPage","@id":"https:\/\/www.heartfailurematters.org\/pt-br\/viver-com-insuficiencia-cardiaca\/em-caso-de-emergencia-durante-as-ferias\/","url":"https:\/\/www.heartfailurematters.org\/pt-br\/viver-com-insuficiencia-cardiaca\/em-caso-de-emergencia-durante-as-ferias\/","name":"Em caso de emerg\u00eancia durante as f\u00e9rias","isPartOf":{"@id":"https:\/\/www.heartfailurematters.org\/pt-br\/#website"},"primaryImageOfPage":{"@id":"https:\/\/www.heartfailurematters.org\/pt-br\/viver-com-insuficiencia-cardiaca\/em-caso-de-emergencia-durante-as-ferias\/#primaryimage"},"image":{"@id":"https:\/\/www.heartfailurematters.org\/pt-br\/viver-com-insuficiencia-cardiaca\/em-caso-de-emergencia-durante-as-ferias\/#primaryimage"},"thumbnailUrl":"https:\/\/www.heartfailurematters.org\/wp-content\/uploads\/2022\/02\/shutterstock_258402434-1-min.jpg","datePublished":"2021-01-27T22:06:13+00:00","description":"\u00c9 uma boa ideia levar uma lista atualizada de todos os seus medicamentos consigo quando for de f\u00e9rias. Leia mais para obter mais dicas.","breadcrumb":{"@id":"https:\/\/www.heartfailurematters.org\/pt-br\/viver-com-insuficiencia-cardiaca\/em-caso-de-emergencia-durante-as-ferias\/#breadcrumb"},"inLanguage":"pt-BR","potentialAction":[{"@type":"ReadAction","target":["https:\/\/www.heartfailurematters.org\/pt-br\/viver-com-insuficiencia-cardiaca\/em-caso-de-emergencia-durante-as-ferias\/"]}]},{"@type":"ImageObject","inLanguage":"pt-BR","@id":"https:\/\/www.heartfailurematters.org\/pt-br\/viver-com-insuficiencia-cardiaca\/em-caso-de-emergencia-durante-as-ferias\/#primaryimage","url":"https:\/\/www.heartfailurematters.org\/wp-content\/uploads\/2022\/02\/shutterstock_258402434-1-min.jpg","contentUrl":"https:\/\/www.heartfailurematters.org\/wp-content\/uploads\/2022\/02\/shutterstock_258402434-1-min.jpg","width":900,"height":475},{"@type":"BreadcrumbList","@id":"https:\/\/www.heartfailurematters.org\/pt-br\/viver-com-insuficiencia-cardiaca\/em-caso-de-emergencia-durante-as-ferias\/#breadcrumb","itemListElement":[{"@type":"ListItem","position":1,"name":"P\u00e1gina inicial","item":"https:\/\/www.heartfailurematters.org\/pt-br\/"},{"@type":"ListItem","position":2,"name":"Viver com insufici\u00eancia card\u00edaca","item":"https:\/\/www.heartfailurematters.org\/pt-br\/viver-com-insuficiencia-cardiaca\/"},{"@type":"ListItem","position":3,"name":"Em caso de emerg\u00eancia durante as f\u00e9rias"}]},{"@type":"WebSite","@id":"https:\/\/www.heartfailurematters.org\/pt-br\/#website","url":"https:\/\/www.heartfailurematters.org\/pt-br\/","name":"Heart Failure Matters","description":"Practical information for patients, families and caregivers.","publisher":{"@id":"https:\/\/www.heartfailurematters.org\/pt-br\/#organization"},"potentialAction":[{"@type":"SearchAction","target":{"@type":"EntryPoint","urlTemplate":"https:\/\/www.heartfailurematters.org\/pt-br\/?s={search_term_string}"},"query-input":{"@type":"PropertyValueSpecification","valueRequired":true,"valueName":"search_term_string"}}],"inLanguage":"pt-BR"},{"@type":"Organization","@id":"https:\/\/www.heartfailurematters.org\/pt-br\/#organization","name":"Heart Failure Matters","url":"https:\/\/www.heartfailurematters.org\/pt-br\/","logo":{"@type":"ImageObject","inLanguage":"pt-BR","@id":"https:\/\/www.heartfailurematters.org\/pt-br\/#\/schema\/logo\/image\/","url":"https:\/\/cdn-endpoint-hfm.azureedge.net\/heartfailurematters\/2024\/07\/hfm-logo1.jpg","contentUrl":"https:\/\/cdn-endpoint-hfm.azureedge.net\/heartfailurematters\/2024\/07\/hfm-logo1.jpg","width":1280,"height":720,"caption":"Heart Failure Matters"},"image":{"@id":"https:\/\/www.heartfailurematters.org\/pt-br\/#\/schema\/logo\/image\/"},"sameAs":["https:\/\/www.facebook.com\/heartfailurematters"]}]}},"_links":{"self":[{"href":"https:\/\/www.heartfailurematters.org\/pt-br\/wp-json\/wp\/v2\/pages\/12622","targetHints":{"allow":["GET"]}}],"collection":[{"href":"https:\/\/www.heartfailurematters.org\/pt-br\/wp-json\/wp\/v2\/pages"}],"about":[{"href":"https:\/\/www.heartfailurematters.org\/pt-br\/wp-json\/wp\/v2\/types\/page"}],"author":[{"embeddable":true,"href":"https:\/\/www.heartfailurematters.org\/pt-br\/wp-json\/wp\/v2\/users\/1"}],"replies":[{"embeddable":true,"href":"https:\/\/www.heartfailurematters.org\/pt-br\/wp-json\/wp\/v2\/comments?post=12622"}],"version-history":[{"count":0,"href":"https:\/\/www.heartfailurematters.org\/pt-br\/wp-json\/wp\/v2\/pages\/12622\/revisions"}],"up":[{"embeddable":true,"href":"https:\/\/www.heartfailurematters.org\/pt-br\/wp-json\/wp\/v2\/pages\/13175"}],"wp:featuredmedia":[{"embeddable":true,"href":"https:\/\/www.heartfailurematters.org\/pt-br\/wp-json\/wp\/v2\/media\/12480"}],"wp:attachment":[{"href":"https:\/\/www.heartfailurematters.org\/pt-br\/wp-json\/wp\/v2\/media?parent=12622"}],"wp:term":[{"taxonomy":"category","embeddable":true,"href":"https:\/\/www.heartfailurematters.org\/pt-br\/wp-json\/wp\/v2\/categories?post=12622"},{"taxonomy":"post_tag","embeddable":true,"href":"https:\/\/www.heartfailurematters.org\/pt-br\/wp-json\/wp\/v2\/tags?post=12622"}],"curies":[{"name":"wp","href":"https:\/\/api.w.org\/{rel}","templated":true}]}}