{"id":12615,"date":"2021-01-27T22:06:13","date_gmt":"2021-01-27T22:06:13","guid":{"rendered":"https:\/\/www.heartfailurematters.org\/viver-com-insuficiencia-cardiaca\/perguntas-para-o-seu-medico-ou-enfermeiro\/"},"modified":"2021-01-27T22:06:13","modified_gmt":"2021-01-27T22:06:13","slug":"perguntas-para-o-seu-medico-ou-enfermeiro","status":"publish","type":"page","link":"https:\/\/www.heartfailurematters.org\/pt-br\/viver-com-insuficiencia-cardiaca\/perguntas-para-o-seu-medico-ou-enfermeiro\/","title":{"rendered":"Perguntas para o seu m\u00e9dico ou enfermeiro"},"content":{"rendered":"<p>&Agrave; medida que come&ccedil;a a preparar um <a class=\"addtooltip\" title=\"Documento que especifica os tratamentos e procedimentos que o doente gostaria ou n&atilde;o que fossem considerados no fim da respetiva vida.\"><strong title=\"\">plano de cuidados avan&ccedil;ados<\/strong><\/a>, &eacute; importante que tenha informa&ccedil;&otilde;es precisas e atualizadas sobre a sua doen&ccedil;a. A melhor pessoa para lhe fornecer essas informa&ccedil;&otilde;es &eacute; o seu m&eacute;dico ou enfermeiro ou outro pessoal m&eacute;dico envolvido nos seus cuidados. Desta forma, ficar&aacute; a saber o que pode estar implicado nos seus cuidados, poder&aacute; fazer perguntas semelhantes &agrave;s indicadas abaixo ao seu m&eacute;dico ou enfermeiro:<\/p>\n<ul>\n<li>A minha insufici&ecirc;ncia card&iacute;aca continua a estar bem controlada com os medicamentos que estou a tomar?<\/li>\n<li>A minha insufici&ecirc;ncia card&iacute;aca est&aacute; a agravar-se?<\/li>\n<li>Quais as outras op&ccedil;&otilde;es que est&atilde;o dispon&iacute;veis caso os medicamentos deixem de ter um efeito satisfat&oacute;rio no tratamento da minha insufici&ecirc;ncia card&iacute;aca?<\/li>\n<li>Como pode ajudar-me quando a minha insufici&ecirc;ncia card&iacute;aca agravar? Quem devo contactar?<\/li>\n<\/ul>\n<p><a href=\"https:\/\/www.heartfailurematters.org\/pt-pt\/viver-com-insuficiencia-cardiaca\/planear-o-fim-da-vida\/\" title=\"Return to Planning for the end of life\">Voltar &agrave; sec&ccedil;&atilde;o Planear o fim da vida<\/a><\/p>\n","protected":false},"excerpt":{"rendered":"<p>&Agrave; medida que come&ccedil;a a preparar um plano de cuidados avan&ccedil;ados, &eacute; importante que tenha informa&ccedil;&otilde;es precisas e atualizadas sobre a sua doen&ccedil;a. A melhor pessoa para lhe fornecer essas informa&ccedil;&otilde;es &eacute; o seu m&eacute;dico ou enfermeiro ou outro pessoal m&eacute;dico envolvido nos seus cuidados. Desta forma, ficar&aacute; a saber o que pode estar implicado [&hellip;]<\/p>\n","protected":false},"author":1,"featured_media":12480,"parent":13175,"menu_order":0,"comment_status":"open","ping_status":"open","template":"","meta":{"_acf_changed":false,"footnotes":""},"categories":[],"tags":[],"class_list":["post-12615","page","type-page","status-publish","has-post-thumbnail","hentry"],"acf":[],"yoast_head":"<!-- This site is optimized with the Yoast SEO plugin v24.8.1 - https:\/\/yoast.com\/wordpress\/plugins\/seo\/ -->\n<title>Perguntas para o seu m\u00e9dico ou enfermeiro<\/title>\n<meta name=\"description\" content=\"\u00c0 medida que come\u00e7a a preparar um plano de cuidados avan\u00e7ados, \u00e9 importante ter informa\u00e7\u00f5es precisas e atualizadas sobre a sua condi\u00e7\u00e3o. Descubra mais aqui\" \/>\n<meta name=\"robots\" content=\"index, follow, max-snippet:-1, max-image-preview:large, max-video-preview:-1\" \/>\n<link rel=\"canonical\" href=\"https:\/\/www.heartfailurematters.org\/pt-br\/viver-com-insuficiencia-cardiaca\/perguntas-para-o-seu-medico-ou-enfermeiro\/\" \/>\n<meta property=\"og:locale\" content=\"pt_BR\" \/>\n<meta property=\"og:type\" content=\"article\" \/>\n<meta property=\"og:title\" content=\"Perguntas para o seu m\u00e9dico ou enfermeiro\" \/>\n<meta property=\"og:description\" content=\"\u00c0 medida que come\u00e7a a preparar um plano de cuidados avan\u00e7ados, \u00e9 importante ter informa\u00e7\u00f5es precisas e atualizadas sobre a sua condi\u00e7\u00e3o. Descubra mais aqui\" \/>\n<meta property=\"og:url\" content=\"https:\/\/www.heartfailurematters.org\/pt-br\/viver-com-insuficiencia-cardiaca\/perguntas-para-o-seu-medico-ou-enfermeiro\/\" \/>\n<meta property=\"og:site_name\" content=\"Heart Failure Matters\" \/>\n<meta property=\"article:publisher\" content=\"https:\/\/www.facebook.com\/heartfailurematters\" \/>\n<meta property=\"og:image\" content=\"https:\/\/www.heartfailurematters.org\/wp-content\/uploads\/2022\/02\/shutterstock_258402434-1-min.jpg\" \/>\n\t<meta property=\"og:image:width\" content=\"900\" \/>\n\t<meta property=\"og:image:height\" content=\"475\" \/>\n\t<meta property=\"og:image:type\" content=\"image\/jpeg\" \/>\n<meta name=\"twitter:card\" content=\"summary_large_image\" \/>\n<meta name=\"twitter:label1\" content=\"Est. tempo de leitura\" \/>\n\t<meta name=\"twitter:data1\" content=\"1 minuto\" \/>\n<script type=\"application\/ld+json\" class=\"yoast-schema-graph\">{\"@context\":\"https:\/\/schema.org\",\"@graph\":[{\"@type\":\"WebPage\",\"@id\":\"https:\/\/www.heartfailurematters.org\/pt-br\/viver-com-insuficiencia-cardiaca\/perguntas-para-o-seu-medico-ou-enfermeiro\/\",\"url\":\"https:\/\/www.heartfailurematters.org\/pt-br\/viver-com-insuficiencia-cardiaca\/perguntas-para-o-seu-medico-ou-enfermeiro\/\",\"name\":\"Perguntas para o seu m\u00e9dico ou enfermeiro\",\"isPartOf\":{\"@id\":\"https:\/\/www.heartfailurematters.org\/pt-br\/#website\"},\"primaryImageOfPage\":{\"@id\":\"https:\/\/www.heartfailurematters.org\/pt-br\/viver-com-insuficiencia-cardiaca\/perguntas-para-o-seu-medico-ou-enfermeiro\/#primaryimage\"},\"image\":{\"@id\":\"https:\/\/www.heartfailurematters.org\/pt-br\/viver-com-insuficiencia-cardiaca\/perguntas-para-o-seu-medico-ou-enfermeiro\/#primaryimage\"},\"thumbnailUrl\":\"https:\/\/www.heartfailurematters.org\/wp-content\/uploads\/2022\/02\/shutterstock_258402434-1-min.jpg\",\"datePublished\":\"2021-01-27T22:06:13+00:00\",\"description\":\"\u00c0 medida que come\u00e7a a preparar um plano de cuidados avan\u00e7ados, \u00e9 importante ter informa\u00e7\u00f5es precisas e atualizadas sobre a sua condi\u00e7\u00e3o. Descubra mais aqui\",\"breadcrumb\":{\"@id\":\"https:\/\/www.heartfailurematters.org\/pt-br\/viver-com-insuficiencia-cardiaca\/perguntas-para-o-seu-medico-ou-enfermeiro\/#breadcrumb\"},\"inLanguage\":\"pt-BR\",\"potentialAction\":[{\"@type\":\"ReadAction\",\"target\":[\"https:\/\/www.heartfailurematters.org\/pt-br\/viver-com-insuficiencia-cardiaca\/perguntas-para-o-seu-medico-ou-enfermeiro\/\"]}]},{\"@type\":\"ImageObject\",\"inLanguage\":\"pt-BR\",\"@id\":\"https:\/\/www.heartfailurematters.org\/pt-br\/viver-com-insuficiencia-cardiaca\/perguntas-para-o-seu-medico-ou-enfermeiro\/#primaryimage\",\"url\":\"https:\/\/www.heartfailurematters.org\/wp-content\/uploads\/2022\/02\/shutterstock_258402434-1-min.jpg\",\"contentUrl\":\"https:\/\/www.heartfailurematters.org\/wp-content\/uploads\/2022\/02\/shutterstock_258402434-1-min.jpg\",\"width\":900,\"height\":475},{\"@type\":\"BreadcrumbList\",\"@id\":\"https:\/\/www.heartfailurematters.org\/pt-br\/viver-com-insuficiencia-cardiaca\/perguntas-para-o-seu-medico-ou-enfermeiro\/#breadcrumb\",\"itemListElement\":[{\"@type\":\"ListItem\",\"position\":1,\"name\":\"P\u00e1gina inicial\",\"item\":\"https:\/\/www.heartfailurematters.org\/pt-br\/\"},{\"@type\":\"ListItem\",\"position\":2,\"name\":\"Viver com insufici\u00eancia card\u00edaca\",\"item\":\"https:\/\/www.heartfailurematters.org\/pt-br\/viver-com-insuficiencia-cardiaca\/\"},{\"@type\":\"ListItem\",\"position\":3,\"name\":\"Perguntas para o seu m\u00e9dico ou enfermeiro\"}]},{\"@type\":\"WebSite\",\"@id\":\"https:\/\/www.heartfailurematters.org\/pt-br\/#website\",\"url\":\"https:\/\/www.heartfailurematters.org\/pt-br\/\",\"name\":\"Heart Failure Matters\",\"description\":\"Practical information for patients, families and caregivers.\",\"publisher\":{\"@id\":\"https:\/\/www.heartfailurematters.org\/pt-br\/#organization\"},\"potentialAction\":[{\"@type\":\"SearchAction\",\"target\":{\"@type\":\"EntryPoint\",\"urlTemplate\":\"https:\/\/www.heartfailurematters.org\/pt-br\/?s={search_term_string}\"},\"query-input\":{\"@type\":\"PropertyValueSpecification\",\"valueRequired\":true,\"valueName\":\"search_term_string\"}}],\"inLanguage\":\"pt-BR\"},{\"@type\":\"Organization\",\"@id\":\"https:\/\/www.heartfailurematters.org\/pt-br\/#organization\",\"name\":\"Heart Failure Matters\",\"url\":\"https:\/\/www.heartfailurematters.org\/pt-br\/\",\"logo\":{\"@type\":\"ImageObject\",\"inLanguage\":\"pt-BR\",\"@id\":\"https:\/\/www.heartfailurematters.org\/pt-br\/#\/schema\/logo\/image\/\",\"url\":\"https:\/\/cdn-endpoint-hfm.azureedge.net\/heartfailurematters\/2024\/07\/hfm-logo1.jpg\",\"contentUrl\":\"https:\/\/cdn-endpoint-hfm.azureedge.net\/heartfailurematters\/2024\/07\/hfm-logo1.jpg\",\"width\":1280,\"height\":720,\"caption\":\"Heart Failure Matters\"},\"image\":{\"@id\":\"https:\/\/www.heartfailurematters.org\/pt-br\/#\/schema\/logo\/image\/\"},\"sameAs\":[\"https:\/\/www.facebook.com\/heartfailurematters\"]}]}<\/script>\n<!-- \/ Yoast SEO plugin. -->","yoast_head_json":{"title":"Perguntas para o seu m\u00e9dico ou enfermeiro","description":"\u00c0 medida que come\u00e7a a preparar um plano de cuidados avan\u00e7ados, \u00e9 importante ter informa\u00e7\u00f5es precisas e atualizadas sobre a sua condi\u00e7\u00e3o. Descubra mais aqui","robots":{"index":"index","follow":"follow","max-snippet":"max-snippet:-1","max-image-preview":"max-image-preview:large","max-video-preview":"max-video-preview:-1"},"canonical":"https:\/\/www.heartfailurematters.org\/pt-br\/viver-com-insuficiencia-cardiaca\/perguntas-para-o-seu-medico-ou-enfermeiro\/","og_locale":"pt_BR","og_type":"article","og_title":"Perguntas para o seu m\u00e9dico ou enfermeiro","og_description":"\u00c0 medida que come\u00e7a a preparar um plano de cuidados avan\u00e7ados, \u00e9 importante ter informa\u00e7\u00f5es precisas e atualizadas sobre a sua condi\u00e7\u00e3o. Descubra mais aqui","og_url":"https:\/\/www.heartfailurematters.org\/pt-br\/viver-com-insuficiencia-cardiaca\/perguntas-para-o-seu-medico-ou-enfermeiro\/","og_site_name":"Heart Failure Matters","article_publisher":"https:\/\/www.facebook.com\/heartfailurematters","og_image":[{"width":900,"height":475,"url":"https:\/\/www.heartfailurematters.org\/wp-content\/uploads\/2022\/02\/shutterstock_258402434-1-min.jpg","type":"image\/jpeg"}],"twitter_card":"summary_large_image","twitter_misc":{"Est. tempo de leitura":"1 minuto"},"schema":{"@context":"https:\/\/schema.org","@graph":[{"@type":"WebPage","@id":"https:\/\/www.heartfailurematters.org\/pt-br\/viver-com-insuficiencia-cardiaca\/perguntas-para-o-seu-medico-ou-enfermeiro\/","url":"https:\/\/www.heartfailurematters.org\/pt-br\/viver-com-insuficiencia-cardiaca\/perguntas-para-o-seu-medico-ou-enfermeiro\/","name":"Perguntas para o seu m\u00e9dico ou enfermeiro","isPartOf":{"@id":"https:\/\/www.heartfailurematters.org\/pt-br\/#website"},"primaryImageOfPage":{"@id":"https:\/\/www.heartfailurematters.org\/pt-br\/viver-com-insuficiencia-cardiaca\/perguntas-para-o-seu-medico-ou-enfermeiro\/#primaryimage"},"image":{"@id":"https:\/\/www.heartfailurematters.org\/pt-br\/viver-com-insuficiencia-cardiaca\/perguntas-para-o-seu-medico-ou-enfermeiro\/#primaryimage"},"thumbnailUrl":"https:\/\/www.heartfailurematters.org\/wp-content\/uploads\/2022\/02\/shutterstock_258402434-1-min.jpg","datePublished":"2021-01-27T22:06:13+00:00","description":"\u00c0 medida que come\u00e7a a preparar um plano de cuidados avan\u00e7ados, \u00e9 importante ter informa\u00e7\u00f5es precisas e atualizadas sobre a sua condi\u00e7\u00e3o. Descubra mais aqui","breadcrumb":{"@id":"https:\/\/www.heartfailurematters.org\/pt-br\/viver-com-insuficiencia-cardiaca\/perguntas-para-o-seu-medico-ou-enfermeiro\/#breadcrumb"},"inLanguage":"pt-BR","potentialAction":[{"@type":"ReadAction","target":["https:\/\/www.heartfailurematters.org\/pt-br\/viver-com-insuficiencia-cardiaca\/perguntas-para-o-seu-medico-ou-enfermeiro\/"]}]},{"@type":"ImageObject","inLanguage":"pt-BR","@id":"https:\/\/www.heartfailurematters.org\/pt-br\/viver-com-insuficiencia-cardiaca\/perguntas-para-o-seu-medico-ou-enfermeiro\/#primaryimage","url":"https:\/\/www.heartfailurematters.org\/wp-content\/uploads\/2022\/02\/shutterstock_258402434-1-min.jpg","contentUrl":"https:\/\/www.heartfailurematters.org\/wp-content\/uploads\/2022\/02\/shutterstock_258402434-1-min.jpg","width":900,"height":475},{"@type":"BreadcrumbList","@id":"https:\/\/www.heartfailurematters.org\/pt-br\/viver-com-insuficiencia-cardiaca\/perguntas-para-o-seu-medico-ou-enfermeiro\/#breadcrumb","itemListElement":[{"@type":"ListItem","position":1,"name":"P\u00e1gina inicial","item":"https:\/\/www.heartfailurematters.org\/pt-br\/"},{"@type":"ListItem","position":2,"name":"Viver com insufici\u00eancia card\u00edaca","item":"https:\/\/www.heartfailurematters.org\/pt-br\/viver-com-insuficiencia-cardiaca\/"},{"@type":"ListItem","position":3,"name":"Perguntas para o seu m\u00e9dico ou enfermeiro"}]},{"@type":"WebSite","@id":"https:\/\/www.heartfailurematters.org\/pt-br\/#website","url":"https:\/\/www.heartfailurematters.org\/pt-br\/","name":"Heart Failure Matters","description":"Practical information for patients, families and caregivers.","publisher":{"@id":"https:\/\/www.heartfailurematters.org\/pt-br\/#organization"},"potentialAction":[{"@type":"SearchAction","target":{"@type":"EntryPoint","urlTemplate":"https:\/\/www.heartfailurematters.org\/pt-br\/?s={search_term_string}"},"query-input":{"@type":"PropertyValueSpecification","valueRequired":true,"valueName":"search_term_string"}}],"inLanguage":"pt-BR"},{"@type":"Organization","@id":"https:\/\/www.heartfailurematters.org\/pt-br\/#organization","name":"Heart Failure Matters","url":"https:\/\/www.heartfailurematters.org\/pt-br\/","logo":{"@type":"ImageObject","inLanguage":"pt-BR","@id":"https:\/\/www.heartfailurematters.org\/pt-br\/#\/schema\/logo\/image\/","url":"https:\/\/cdn-endpoint-hfm.azureedge.net\/heartfailurematters\/2024\/07\/hfm-logo1.jpg","contentUrl":"https:\/\/cdn-endpoint-hfm.azureedge.net\/heartfailurematters\/2024\/07\/hfm-logo1.jpg","width":1280,"height":720,"caption":"Heart Failure Matters"},"image":{"@id":"https:\/\/www.heartfailurematters.org\/pt-br\/#\/schema\/logo\/image\/"},"sameAs":["https:\/\/www.facebook.com\/heartfailurematters"]}]}},"_links":{"self":[{"href":"https:\/\/www.heartfailurematters.org\/pt-br\/wp-json\/wp\/v2\/pages\/12615","targetHints":{"allow":["GET"]}}],"collection":[{"href":"https:\/\/www.heartfailurematters.org\/pt-br\/wp-json\/wp\/v2\/pages"}],"about":[{"href":"https:\/\/www.heartfailurematters.org\/pt-br\/wp-json\/wp\/v2\/types\/page"}],"author":[{"embeddable":true,"href":"https:\/\/www.heartfailurematters.org\/pt-br\/wp-json\/wp\/v2\/users\/1"}],"replies":[{"embeddable":true,"href":"https:\/\/www.heartfailurematters.org\/pt-br\/wp-json\/wp\/v2\/comments?post=12615"}],"version-history":[{"count":0,"href":"https:\/\/www.heartfailurematters.org\/pt-br\/wp-json\/wp\/v2\/pages\/12615\/revisions"}],"up":[{"embeddable":true,"href":"https:\/\/www.heartfailurematters.org\/pt-br\/wp-json\/wp\/v2\/pages\/13175"}],"wp:featuredmedia":[{"embeddable":true,"href":"https:\/\/www.heartfailurematters.org\/pt-br\/wp-json\/wp\/v2\/media\/12480"}],"wp:attachment":[{"href":"https:\/\/www.heartfailurematters.org\/pt-br\/wp-json\/wp\/v2\/media?parent=12615"}],"wp:term":[{"taxonomy":"category","embeddable":true,"href":"https:\/\/www.heartfailurematters.org\/pt-br\/wp-json\/wp\/v2\/categories?post=12615"},{"taxonomy":"post_tag","embeddable":true,"href":"https:\/\/www.heartfailurematters.org\/pt-br\/wp-json\/wp\/v2\/tags?post=12615"}],"curies":[{"name":"wp","href":"https:\/\/api.w.org\/{rel}","templated":true}]}}