{"id":12611,"date":"2021-01-27T22:06:20","date_gmt":"2021-01-27T22:06:20","guid":{"rendered":"https:\/\/www.heartfailurematters.org\/viver-com-insuficiencia-cardiaca\/testamento-vital\/"},"modified":"2021-01-27T22:06:20","modified_gmt":"2021-01-27T22:06:20","slug":"testamento-vital","status":"publish","type":"page","link":"https:\/\/www.heartfailurematters.org\/pt-br\/viver-com-insuficiencia-cardiaca\/testamento-vital\/","title":{"rendered":"Testamento vital"},"content":{"rendered":"<p>Um\u00a0<a class=\"addtooltip\" title=\"Documento que especifica as circunst\u00e2ncias em que o doente n\u00e3o gostaria de receber tratamento m\u00e9dico para prolongar a vida se no futuro estiver gravemente doente e n\u00e3o poder tomar as suas pr\u00f3prias decis\u00f5es a n\u00edvel de cuidados de sa\u00fade.\"><strong title=\"\">testamento vital<\/strong><\/a>\u00a0\u00e9 um documento legal, que permite a uma pessoa, que possa eventualmente ficar impossibilitada de participar nas decis\u00f5es sobre os seus pr\u00f3prios cuidados m\u00e9dicos, exprimir antecipadamente os seus desejos em rela\u00e7\u00e3o a tratamentos de suporte de vida. O testamento vital orienta a equipa m\u00e9dica e permite que o doente estabele\u00e7a limites sobre o que pode ser feito em determinadas situa\u00e7\u00f5es. O testamento vital pode ser personalizado, incluindo declara\u00e7\u00f5es espec\u00edficas sobre a utiliza\u00e7\u00e3o de tratamentos m\u00e9dicos aplic\u00e1veis ao seu estado, por exemplo <a class=\"addtooltip\" title=\"Procedimento para salvar vidas que envolve compress\u00f5es tor\u00e1cicas manuais para manter o cora\u00e7\u00e3o a bombear e respira\u00e7\u00e3o boca a boca para manter a respira\u00e7\u00e3o.\"><strong title=\"\">reanima\u00e7\u00e3o cardiopulmonar (CPR)<\/strong><\/a>, <strong>ventila\u00e7\u00e3o mec\u00e2nica<\/strong> e cirurgia.<\/p>\n<p>Como o testamento vital \u00e9 um documento legal, tem de ser preparado com a ajuda de um advogado. \u00c0 medida que o seu estado de sa\u00fade muda, \u00e9 importante rever as decis\u00f5es que indicou no testamento vital e garantir que refletem os seus desejos atuais.<\/p>\n<p><a title=\"Return to Planning for the end of life\" href=\"https:\/\/www.heartfailurematters.org\/pt-pt\/viver-com-insuficiencia-cardiaca\/planear-o-fim-da-vida\/\">Voltar \u00e0 sec\u00e7\u00e3o Planear o fim da vida<\/a><\/p>\n","protected":false},"excerpt":{"rendered":"<p>Um\u00a0testamento vital\u00a0\u00e9 um documento legal, que permite a uma pessoa, que possa eventualmente ficar impossibilitada de participar nas decis\u00f5es sobre os seus pr\u00f3prios cuidados m\u00e9dicos, exprimir antecipadamente os seus desejos em rela\u00e7\u00e3o a tratamentos de suporte de vida. O testamento vital orienta a equipa m\u00e9dica e permite que o doente estabele\u00e7a limites sobre o que [&hellip;]<\/p>\n","protected":false},"author":1,"featured_media":12536,"parent":13175,"menu_order":0,"comment_status":"open","ping_status":"open","template":"","meta":{"_acf_changed":false,"footnotes":""},"categories":[],"tags":[],"class_list":["post-12611","page","type-page","status-publish","has-post-thumbnail","hentry"],"acf":[],"yoast_head":"<!-- This site is optimized with the Yoast SEO plugin v24.8.1 - https:\/\/yoast.com\/wordpress\/plugins\/seo\/ -->\n<title>Testamento em vida: para doentes com insufici\u00eancia card\u00edaca<\/title>\n<meta name=\"description\" content=\"Um testamento em vida orienta a equipa m\u00e9dica e permite ao doente estabelecer limites sobre o que lhe \u00e9 feito em certas situa\u00e7\u00f5es, incluindo tratamentos m\u00e9dicos\" \/>\n<meta name=\"robots\" content=\"index, follow, max-snippet:-1, max-image-preview:large, max-video-preview:-1\" \/>\n<link rel=\"canonical\" href=\"https:\/\/www.heartfailurematters.org\/pt-br\/viver-com-insuficiencia-cardiaca\/testamento-vital\/\" \/>\n<meta property=\"og:locale\" content=\"pt_BR\" \/>\n<meta property=\"og:type\" content=\"article\" \/>\n<meta property=\"og:title\" content=\"Testamento em vida: para doentes com insufici\u00eancia card\u00edaca\" \/>\n<meta property=\"og:description\" content=\"Um testamento em vida orienta a equipa m\u00e9dica e permite ao doente estabelecer limites sobre o que lhe \u00e9 feito em certas situa\u00e7\u00f5es, incluindo tratamentos m\u00e9dicos\" \/>\n<meta property=\"og:url\" content=\"https:\/\/www.heartfailurematters.org\/pt-br\/viver-com-insuficiencia-cardiaca\/testamento-vital\/\" \/>\n<meta property=\"og:site_name\" content=\"Heart Failure Matters\" \/>\n<meta property=\"article:publisher\" content=\"https:\/\/www.facebook.com\/heartfailurematters\" \/>\n<meta property=\"og:image\" content=\"https:\/\/www.heartfailurematters.org\/wp-content\/uploads\/2022\/03\/shutterstock_1544093657-1-min.jpg\" \/>\n\t<meta property=\"og:image:width\" content=\"900\" \/>\n\t<meta property=\"og:image:height\" content=\"600\" \/>\n\t<meta property=\"og:image:type\" content=\"image\/jpeg\" \/>\n<meta name=\"twitter:card\" content=\"summary_large_image\" \/>\n<meta name=\"twitter:label1\" content=\"Est. tempo de leitura\" \/>\n\t<meta name=\"twitter:data1\" content=\"1 minuto\" \/>\n<script type=\"application\/ld+json\" class=\"yoast-schema-graph\">{\"@context\":\"https:\/\/schema.org\",\"@graph\":[{\"@type\":\"WebPage\",\"@id\":\"https:\/\/www.heartfailurematters.org\/pt-br\/viver-com-insuficiencia-cardiaca\/testamento-vital\/\",\"url\":\"https:\/\/www.heartfailurematters.org\/pt-br\/viver-com-insuficiencia-cardiaca\/testamento-vital\/\",\"name\":\"Testamento em vida: para doentes com insufici\u00eancia card\u00edaca\",\"isPartOf\":{\"@id\":\"https:\/\/www.heartfailurematters.org\/pt-br\/#website\"},\"primaryImageOfPage\":{\"@id\":\"https:\/\/www.heartfailurematters.org\/pt-br\/viver-com-insuficiencia-cardiaca\/testamento-vital\/#primaryimage\"},\"image\":{\"@id\":\"https:\/\/www.heartfailurematters.org\/pt-br\/viver-com-insuficiencia-cardiaca\/testamento-vital\/#primaryimage\"},\"thumbnailUrl\":\"https:\/\/www.heartfailurematters.org\/wp-content\/uploads\/2022\/03\/shutterstock_1544093657-1-min.jpg\",\"datePublished\":\"2021-01-27T22:06:20+00:00\",\"description\":\"Um testamento em vida orienta a equipa m\u00e9dica e permite ao doente estabelecer limites sobre o que lhe \u00e9 feito em certas situa\u00e7\u00f5es, incluindo tratamentos m\u00e9dicos\",\"breadcrumb\":{\"@id\":\"https:\/\/www.heartfailurematters.org\/pt-br\/viver-com-insuficiencia-cardiaca\/testamento-vital\/#breadcrumb\"},\"inLanguage\":\"pt-BR\",\"potentialAction\":[{\"@type\":\"ReadAction\",\"target\":[\"https:\/\/www.heartfailurematters.org\/pt-br\/viver-com-insuficiencia-cardiaca\/testamento-vital\/\"]}]},{\"@type\":\"ImageObject\",\"inLanguage\":\"pt-BR\",\"@id\":\"https:\/\/www.heartfailurematters.org\/pt-br\/viver-com-insuficiencia-cardiaca\/testamento-vital\/#primaryimage\",\"url\":\"https:\/\/www.heartfailurematters.org\/wp-content\/uploads\/2022\/03\/shutterstock_1544093657-1-min.jpg\",\"contentUrl\":\"https:\/\/www.heartfailurematters.org\/wp-content\/uploads\/2022\/03\/shutterstock_1544093657-1-min.jpg\",\"width\":900,\"height\":600},{\"@type\":\"BreadcrumbList\",\"@id\":\"https:\/\/www.heartfailurematters.org\/pt-br\/viver-com-insuficiencia-cardiaca\/testamento-vital\/#breadcrumb\",\"itemListElement\":[{\"@type\":\"ListItem\",\"position\":1,\"name\":\"P\u00e1gina inicial\",\"item\":\"https:\/\/www.heartfailurematters.org\/pt-br\/\"},{\"@type\":\"ListItem\",\"position\":2,\"name\":\"Viver com insufici\u00eancia card\u00edaca\",\"item\":\"https:\/\/www.heartfailurematters.org\/pt-br\/viver-com-insuficiencia-cardiaca\/\"},{\"@type\":\"ListItem\",\"position\":3,\"name\":\"Testamento vital\"}]},{\"@type\":\"WebSite\",\"@id\":\"https:\/\/www.heartfailurematters.org\/pt-br\/#website\",\"url\":\"https:\/\/www.heartfailurematters.org\/pt-br\/\",\"name\":\"Heart Failure Matters\",\"description\":\"Practical information for patients, families and caregivers.\",\"publisher\":{\"@id\":\"https:\/\/www.heartfailurematters.org\/pt-br\/#organization\"},\"potentialAction\":[{\"@type\":\"SearchAction\",\"target\":{\"@type\":\"EntryPoint\",\"urlTemplate\":\"https:\/\/www.heartfailurematters.org\/pt-br\/?s={search_term_string}\"},\"query-input\":{\"@type\":\"PropertyValueSpecification\",\"valueRequired\":true,\"valueName\":\"search_term_string\"}}],\"inLanguage\":\"pt-BR\"},{\"@type\":\"Organization\",\"@id\":\"https:\/\/www.heartfailurematters.org\/pt-br\/#organization\",\"name\":\"Heart Failure Matters\",\"url\":\"https:\/\/www.heartfailurematters.org\/pt-br\/\",\"logo\":{\"@type\":\"ImageObject\",\"inLanguage\":\"pt-BR\",\"@id\":\"https:\/\/www.heartfailurematters.org\/pt-br\/#\/schema\/logo\/image\/\",\"url\":\"https:\/\/cdn-endpoint-hfm.azureedge.net\/heartfailurematters\/2024\/07\/hfm-logo1.jpg\",\"contentUrl\":\"https:\/\/cdn-endpoint-hfm.azureedge.net\/heartfailurematters\/2024\/07\/hfm-logo1.jpg\",\"width\":1280,\"height\":720,\"caption\":\"Heart Failure Matters\"},\"image\":{\"@id\":\"https:\/\/www.heartfailurematters.org\/pt-br\/#\/schema\/logo\/image\/\"},\"sameAs\":[\"https:\/\/www.facebook.com\/heartfailurematters\"]}]}<\/script>\n<!-- \/ Yoast SEO plugin. -->","yoast_head_json":{"title":"Testamento em vida: para doentes com insufici\u00eancia card\u00edaca","description":"Um testamento em vida orienta a equipa m\u00e9dica e permite ao doente estabelecer limites sobre o que lhe \u00e9 feito em certas situa\u00e7\u00f5es, incluindo tratamentos m\u00e9dicos","robots":{"index":"index","follow":"follow","max-snippet":"max-snippet:-1","max-image-preview":"max-image-preview:large","max-video-preview":"max-video-preview:-1"},"canonical":"https:\/\/www.heartfailurematters.org\/pt-br\/viver-com-insuficiencia-cardiaca\/testamento-vital\/","og_locale":"pt_BR","og_type":"article","og_title":"Testamento em vida: para doentes com insufici\u00eancia card\u00edaca","og_description":"Um testamento em vida orienta a equipa m\u00e9dica e permite ao doente estabelecer limites sobre o que lhe \u00e9 feito em certas situa\u00e7\u00f5es, incluindo tratamentos m\u00e9dicos","og_url":"https:\/\/www.heartfailurematters.org\/pt-br\/viver-com-insuficiencia-cardiaca\/testamento-vital\/","og_site_name":"Heart Failure Matters","article_publisher":"https:\/\/www.facebook.com\/heartfailurematters","og_image":[{"width":900,"height":600,"url":"https:\/\/www.heartfailurematters.org\/wp-content\/uploads\/2022\/03\/shutterstock_1544093657-1-min.jpg","type":"image\/jpeg"}],"twitter_card":"summary_large_image","twitter_misc":{"Est. tempo de leitura":"1 minuto"},"schema":{"@context":"https:\/\/schema.org","@graph":[{"@type":"WebPage","@id":"https:\/\/www.heartfailurematters.org\/pt-br\/viver-com-insuficiencia-cardiaca\/testamento-vital\/","url":"https:\/\/www.heartfailurematters.org\/pt-br\/viver-com-insuficiencia-cardiaca\/testamento-vital\/","name":"Testamento em vida: para doentes com insufici\u00eancia card\u00edaca","isPartOf":{"@id":"https:\/\/www.heartfailurematters.org\/pt-br\/#website"},"primaryImageOfPage":{"@id":"https:\/\/www.heartfailurematters.org\/pt-br\/viver-com-insuficiencia-cardiaca\/testamento-vital\/#primaryimage"},"image":{"@id":"https:\/\/www.heartfailurematters.org\/pt-br\/viver-com-insuficiencia-cardiaca\/testamento-vital\/#primaryimage"},"thumbnailUrl":"https:\/\/www.heartfailurematters.org\/wp-content\/uploads\/2022\/03\/shutterstock_1544093657-1-min.jpg","datePublished":"2021-01-27T22:06:20+00:00","description":"Um testamento em vida orienta a equipa m\u00e9dica e permite ao doente estabelecer limites sobre o que lhe \u00e9 feito em certas situa\u00e7\u00f5es, incluindo tratamentos m\u00e9dicos","breadcrumb":{"@id":"https:\/\/www.heartfailurematters.org\/pt-br\/viver-com-insuficiencia-cardiaca\/testamento-vital\/#breadcrumb"},"inLanguage":"pt-BR","potentialAction":[{"@type":"ReadAction","target":["https:\/\/www.heartfailurematters.org\/pt-br\/viver-com-insuficiencia-cardiaca\/testamento-vital\/"]}]},{"@type":"ImageObject","inLanguage":"pt-BR","@id":"https:\/\/www.heartfailurematters.org\/pt-br\/viver-com-insuficiencia-cardiaca\/testamento-vital\/#primaryimage","url":"https:\/\/www.heartfailurematters.org\/wp-content\/uploads\/2022\/03\/shutterstock_1544093657-1-min.jpg","contentUrl":"https:\/\/www.heartfailurematters.org\/wp-content\/uploads\/2022\/03\/shutterstock_1544093657-1-min.jpg","width":900,"height":600},{"@type":"BreadcrumbList","@id":"https:\/\/www.heartfailurematters.org\/pt-br\/viver-com-insuficiencia-cardiaca\/testamento-vital\/#breadcrumb","itemListElement":[{"@type":"ListItem","position":1,"name":"P\u00e1gina inicial","item":"https:\/\/www.heartfailurematters.org\/pt-br\/"},{"@type":"ListItem","position":2,"name":"Viver com insufici\u00eancia card\u00edaca","item":"https:\/\/www.heartfailurematters.org\/pt-br\/viver-com-insuficiencia-cardiaca\/"},{"@type":"ListItem","position":3,"name":"Testamento vital"}]},{"@type":"WebSite","@id":"https:\/\/www.heartfailurematters.org\/pt-br\/#website","url":"https:\/\/www.heartfailurematters.org\/pt-br\/","name":"Heart Failure Matters","description":"Practical information for patients, families and caregivers.","publisher":{"@id":"https:\/\/www.heartfailurematters.org\/pt-br\/#organization"},"potentialAction":[{"@type":"SearchAction","target":{"@type":"EntryPoint","urlTemplate":"https:\/\/www.heartfailurematters.org\/pt-br\/?s={search_term_string}"},"query-input":{"@type":"PropertyValueSpecification","valueRequired":true,"valueName":"search_term_string"}}],"inLanguage":"pt-BR"},{"@type":"Organization","@id":"https:\/\/www.heartfailurematters.org\/pt-br\/#organization","name":"Heart Failure Matters","url":"https:\/\/www.heartfailurematters.org\/pt-br\/","logo":{"@type":"ImageObject","inLanguage":"pt-BR","@id":"https:\/\/www.heartfailurematters.org\/pt-br\/#\/schema\/logo\/image\/","url":"https:\/\/cdn-endpoint-hfm.azureedge.net\/heartfailurematters\/2024\/07\/hfm-logo1.jpg","contentUrl":"https:\/\/cdn-endpoint-hfm.azureedge.net\/heartfailurematters\/2024\/07\/hfm-logo1.jpg","width":1280,"height":720,"caption":"Heart Failure Matters"},"image":{"@id":"https:\/\/www.heartfailurematters.org\/pt-br\/#\/schema\/logo\/image\/"},"sameAs":["https:\/\/www.facebook.com\/heartfailurematters"]}]}},"_links":{"self":[{"href":"https:\/\/www.heartfailurematters.org\/pt-br\/wp-json\/wp\/v2\/pages\/12611","targetHints":{"allow":["GET"]}}],"collection":[{"href":"https:\/\/www.heartfailurematters.org\/pt-br\/wp-json\/wp\/v2\/pages"}],"about":[{"href":"https:\/\/www.heartfailurematters.org\/pt-br\/wp-json\/wp\/v2\/types\/page"}],"author":[{"embeddable":true,"href":"https:\/\/www.heartfailurematters.org\/pt-br\/wp-json\/wp\/v2\/users\/1"}],"replies":[{"embeddable":true,"href":"https:\/\/www.heartfailurematters.org\/pt-br\/wp-json\/wp\/v2\/comments?post=12611"}],"version-history":[{"count":0,"href":"https:\/\/www.heartfailurematters.org\/pt-br\/wp-json\/wp\/v2\/pages\/12611\/revisions"}],"up":[{"embeddable":true,"href":"https:\/\/www.heartfailurematters.org\/pt-br\/wp-json\/wp\/v2\/pages\/13175"}],"wp:featuredmedia":[{"embeddable":true,"href":"https:\/\/www.heartfailurematters.org\/pt-br\/wp-json\/wp\/v2\/media\/12536"}],"wp:attachment":[{"href":"https:\/\/www.heartfailurematters.org\/pt-br\/wp-json\/wp\/v2\/media?parent=12611"}],"wp:term":[{"taxonomy":"category","embeddable":true,"href":"https:\/\/www.heartfailurematters.org\/pt-br\/wp-json\/wp\/v2\/categories?post=12611"},{"taxonomy":"post_tag","embeddable":true,"href":"https:\/\/www.heartfailurematters.org\/pt-br\/wp-json\/wp\/v2\/tags?post=12611"}],"curies":[{"name":"wp","href":"https:\/\/api.w.org\/{rel}","templated":true}]}}