{"id":12608,"date":"2021-01-27T22:06:20","date_gmt":"2021-01-27T22:06:20","guid":{"rendered":"https:\/\/www.heartfailurematters.org\/provas-de-funcao-pulmonar\/"},"modified":"2021-01-27T22:06:20","modified_gmt":"2021-01-27T22:06:20","slug":"provas-de-funcao-pulmonar","status":"publish","type":"page","link":"https:\/\/www.heartfailurematters.org\/pt-br\/o-que-e-a-insuficiencia-cardiaca\/provas-de-funcao-pulmonar\/","title":{"rendered":"Provas de fun\u00e7\u00e3o pulmonar"},"content":{"rendered":"<p>Devido ao facto de determinadas doen\u00e7as pulmonares poderem apresentar sintomas semelhantes aos da insufici\u00eancia card\u00edaca, e porque a doen\u00e7a pulmonar pode coincidir com a insufici\u00eancia card\u00edaca, o seu m\u00e9dico poder\u00e1 pedir-lhe para realizar provas de fun\u00e7\u00e3o pulmonar. As provas de fun\u00e7\u00e3o pulmonar avaliam o funcionamento dos pulm\u00f5es. O exame principal \u00e9 designado por <a class=\"addtooltip\" title=\"Exame utilizado para medir o volume e o fluxo de ar inspirado e expirado pelos pulm\u00f5es.\"><strong>espirometria<\/strong><\/a>. Avalia a quantidade e a rapidez com que o ar \u00e9 movido para dentro e para fora dos pulm\u00f5es.<\/p>\n<p>Na maioria das provas da fun\u00e7\u00e3o pulmonar ter\u00e1 de usar um clipe nasal para garantir que n\u00e3o entra nem sai ar do nariz durante a prova. Ser-lhe-\u00e1 pedido que respire para um aplicador bucal, ligado a uma m\u00e1quina de registo (espir\u00f3metro). Receber\u00e1 instru\u00e7\u00f5es sobre o que fazer, como respirar o mais fundo poss\u00edvel e expirar o mais r\u00e1pido e com o m\u00e1ximo de for\u00e7a que conseguir.<\/p>\n<p>A precis\u00e3o das provas depende da sua capacidade de seguir todas as instru\u00e7\u00f5es. O t\u00e9cnico respirat\u00f3rio que realizar\u00a0o exame poder\u00e1 aconselh\u00e1-lo vivamente a inspirar profundamente durante algumas das provas, para obter os melhores resultados.<\/p>\n<p>Poder\u00e1 ter tosse ou sentir-se tonto\u00a0ap\u00f3s algumas provas, mas poder\u00e1 descansar entre as mesmas. O exame poder\u00e1 demorar entre 5 a 15 minutos, consoante a quantidade de testes a realizar.<\/p>\n<p>Os resultados dos testes podem ajudar o seu m\u00e9dico a:<\/p>\n<ul>\n<li>decidir a causa dos problemas respirat\u00f3rios<\/li>\n<li>diagnosticar alguma doen\u00e7a pulmonar que possa ter, como d<a class=\"addtooltip\" title=\"Doen\u00e7a pulmonar normalmente causada pelo tabagismo e em que as vias pulmonares est\u00e3o parcialmente obstru\u00eddas, dificultando a respira\u00e7&amp;atilde\"><strong>oen\u00e7a pulmonar\/respirat\u00f3ria obstrutiva cr\u00f3nica (DPOC)<\/strong><\/a> ou <a class=\"addtooltip\" title=\"Uma doen\u00e7a respirat\u00f3ria que causa o estreitamente das vias pulmonares, dificultando a respira\u00e7\u00e3o.\"><strong>asma<\/strong><\/a><\/li>\n<li>monitorizar o tratamento, caso esteja a receber tratamento para a doen\u00e7a pulmonar.<\/li>\n<\/ul>\n<p><a href=\"https:\/\/www.heartfailurematters.org\/pt-pt\/o-que-e-a-insuficiencia-cardiaca\/exames-comuns-para-detetar-a-insuficiencia-cardiaca\/\">Voltar \u00e0 sec\u00e7\u00e3o Exames comuns para detetar a insufici\u00eancia card\u00edaca<\/a><\/p>\n","protected":false},"excerpt":{"rendered":"<p>Devido ao facto de determinadas doen\u00e7as pulmonares poderem apresentar sintomas semelhantes aos da insufici\u00eancia card\u00edaca, e porque a doen\u00e7a pulmonar pode coincidir com a insufici\u00eancia card\u00edaca, o seu m\u00e9dico poder\u00e1 pedir-lhe para realizar provas de fun\u00e7\u00e3o pulmonar. As provas de fun\u00e7\u00e3o pulmonar avaliam o funcionamento dos pulm\u00f5es. O exame principal \u00e9 designado por espirometria. Avalia [&hellip;]<\/p>\n","protected":false},"author":1,"featured_media":12491,"parent":13168,"menu_order":0,"comment_status":"open","ping_status":"open","template":"","meta":{"_acf_changed":false,"footnotes":""},"categories":[],"tags":[],"class_list":["post-12608","page","type-page","status-publish","has-post-thumbnail","hentry"],"acf":[],"yoast_head":"<!-- This site is optimized with the Yoast SEO plugin v24.8.1 - https:\/\/yoast.com\/wordpress\/plugins\/seo\/ -->\n<title>Exames da fun\u00e7\u00e3o respirat\u00f3ria para a insufici\u00eancia card\u00edaca<\/title>\n<meta name=\"description\" content=\"Certas condi\u00e7\u00f5es pulmonares podem ter sintomas similares \u00e0 insuf. card. e a doen\u00e7a pulmonar pode coincidir com ela. Podem pedir-lhe testes de fun\u00e7\u00e3o pulmonar.\" \/>\n<meta name=\"robots\" content=\"index, follow, max-snippet:-1, max-image-preview:large, max-video-preview:-1\" \/>\n<link rel=\"canonical\" href=\"https:\/\/www.heartfailurematters.org\/pt-br\/o-que-e-a-insuficiencia-cardiaca\/provas-de-funcao-pulmonar\/\" \/>\n<meta property=\"og:locale\" content=\"pt_BR\" \/>\n<meta property=\"og:type\" content=\"article\" \/>\n<meta property=\"og:title\" content=\"Exames da fun\u00e7\u00e3o respirat\u00f3ria para a insufici\u00eancia card\u00edaca\" \/>\n<meta property=\"og:description\" content=\"Certas condi\u00e7\u00f5es pulmonares podem ter sintomas similares \u00e0 insuf. card. e a doen\u00e7a pulmonar pode coincidir com ela. Podem pedir-lhe testes de fun\u00e7\u00e3o pulmonar.\" \/>\n<meta property=\"og:url\" content=\"https:\/\/www.heartfailurematters.org\/pt-br\/o-que-e-a-insuficiencia-cardiaca\/provas-de-funcao-pulmonar\/\" \/>\n<meta property=\"og:site_name\" content=\"Heart Failure Matters\" \/>\n<meta property=\"article:publisher\" content=\"https:\/\/www.facebook.com\/heartfailurematters\" \/>\n<meta property=\"og:image\" content=\"https:\/\/www.heartfailurematters.org\/wp-content\/uploads\/2022\/02\/shutterstock_1497378077-1-min.jpg\" \/>\n\t<meta property=\"og:image:width\" content=\"900\" \/>\n\t<meta property=\"og:image:height\" content=\"600\" \/>\n\t<meta property=\"og:image:type\" content=\"image\/jpeg\" \/>\n<meta name=\"twitter:card\" content=\"summary_large_image\" \/>\n<meta name=\"twitter:label1\" content=\"Est. tempo de leitura\" \/>\n\t<meta name=\"twitter:data1\" content=\"1 minuto\" \/>\n<script type=\"application\/ld+json\" class=\"yoast-schema-graph\">{\"@context\":\"https:\/\/schema.org\",\"@graph\":[{\"@type\":\"WebPage\",\"@id\":\"https:\/\/www.heartfailurematters.org\/pt-br\/o-que-e-a-insuficiencia-cardiaca\/provas-de-funcao-pulmonar\/\",\"url\":\"https:\/\/www.heartfailurematters.org\/pt-br\/o-que-e-a-insuficiencia-cardiaca\/provas-de-funcao-pulmonar\/\",\"name\":\"Exames da fun\u00e7\u00e3o respirat\u00f3ria para a insufici\u00eancia card\u00edaca\",\"isPartOf\":{\"@id\":\"https:\/\/www.heartfailurematters.org\/pt-br\/#website\"},\"primaryImageOfPage\":{\"@id\":\"https:\/\/www.heartfailurematters.org\/pt-br\/o-que-e-a-insuficiencia-cardiaca\/provas-de-funcao-pulmonar\/#primaryimage\"},\"image\":{\"@id\":\"https:\/\/www.heartfailurematters.org\/pt-br\/o-que-e-a-insuficiencia-cardiaca\/provas-de-funcao-pulmonar\/#primaryimage\"},\"thumbnailUrl\":\"https:\/\/www.heartfailurematters.org\/wp-content\/uploads\/2022\/02\/shutterstock_1497378077-1-min.jpg\",\"datePublished\":\"2021-01-27T22:06:20+00:00\",\"description\":\"Certas condi\u00e7\u00f5es pulmonares podem ter sintomas similares \u00e0 insuf. card. e a doen\u00e7a pulmonar pode coincidir com ela. Podem pedir-lhe testes de fun\u00e7\u00e3o pulmonar.\",\"breadcrumb\":{\"@id\":\"https:\/\/www.heartfailurematters.org\/pt-br\/o-que-e-a-insuficiencia-cardiaca\/provas-de-funcao-pulmonar\/#breadcrumb\"},\"inLanguage\":\"pt-BR\",\"potentialAction\":[{\"@type\":\"ReadAction\",\"target\":[\"https:\/\/www.heartfailurematters.org\/pt-br\/o-que-e-a-insuficiencia-cardiaca\/provas-de-funcao-pulmonar\/\"]}]},{\"@type\":\"ImageObject\",\"inLanguage\":\"pt-BR\",\"@id\":\"https:\/\/www.heartfailurematters.org\/pt-br\/o-que-e-a-insuficiencia-cardiaca\/provas-de-funcao-pulmonar\/#primaryimage\",\"url\":\"https:\/\/www.heartfailurematters.org\/wp-content\/uploads\/2022\/02\/shutterstock_1497378077-1-min.jpg\",\"contentUrl\":\"https:\/\/www.heartfailurematters.org\/wp-content\/uploads\/2022\/02\/shutterstock_1497378077-1-min.jpg\",\"width\":900,\"height\":600},{\"@type\":\"BreadcrumbList\",\"@id\":\"https:\/\/www.heartfailurematters.org\/pt-br\/o-que-e-a-insuficiencia-cardiaca\/provas-de-funcao-pulmonar\/#breadcrumb\",\"itemListElement\":[{\"@type\":\"ListItem\",\"position\":1,\"name\":\"P\u00e1gina inicial\",\"item\":\"https:\/\/www.heartfailurematters.org\/pt-br\/\"},{\"@type\":\"ListItem\",\"position\":2,\"name\":\"Compreender a insufici\u00eancia card\u00edaca\",\"item\":\"https:\/\/www.heartfailurematters.org\/pt-br\/o-que-e-a-insuficiencia-cardiaca\/\"},{\"@type\":\"ListItem\",\"position\":3,\"name\":\"Provas de fun\u00e7\u00e3o pulmonar\"}]},{\"@type\":\"WebSite\",\"@id\":\"https:\/\/www.heartfailurematters.org\/pt-br\/#website\",\"url\":\"https:\/\/www.heartfailurematters.org\/pt-br\/\",\"name\":\"Heart Failure Matters\",\"description\":\"Practical information for patients, families and caregivers.\",\"publisher\":{\"@id\":\"https:\/\/www.heartfailurematters.org\/pt-br\/#organization\"},\"potentialAction\":[{\"@type\":\"SearchAction\",\"target\":{\"@type\":\"EntryPoint\",\"urlTemplate\":\"https:\/\/www.heartfailurematters.org\/pt-br\/?s={search_term_string}\"},\"query-input\":{\"@type\":\"PropertyValueSpecification\",\"valueRequired\":true,\"valueName\":\"search_term_string\"}}],\"inLanguage\":\"pt-BR\"},{\"@type\":\"Organization\",\"@id\":\"https:\/\/www.heartfailurematters.org\/pt-br\/#organization\",\"name\":\"Heart Failure Matters\",\"url\":\"https:\/\/www.heartfailurematters.org\/pt-br\/\",\"logo\":{\"@type\":\"ImageObject\",\"inLanguage\":\"pt-BR\",\"@id\":\"https:\/\/www.heartfailurematters.org\/pt-br\/#\/schema\/logo\/image\/\",\"url\":\"https:\/\/cdn-endpoint-hfm.azureedge.net\/heartfailurematters\/2024\/07\/hfm-logo1.jpg\",\"contentUrl\":\"https:\/\/cdn-endpoint-hfm.azureedge.net\/heartfailurematters\/2024\/07\/hfm-logo1.jpg\",\"width\":1280,\"height\":720,\"caption\":\"Heart Failure Matters\"},\"image\":{\"@id\":\"https:\/\/www.heartfailurematters.org\/pt-br\/#\/schema\/logo\/image\/\"},\"sameAs\":[\"https:\/\/www.facebook.com\/heartfailurematters\"]}]}<\/script>\n<!-- \/ Yoast SEO plugin. -->","yoast_head_json":{"title":"Exames da fun\u00e7\u00e3o respirat\u00f3ria para a insufici\u00eancia card\u00edaca","description":"Certas condi\u00e7\u00f5es pulmonares podem ter sintomas similares \u00e0 insuf. card. e a doen\u00e7a pulmonar pode coincidir com ela. Podem pedir-lhe testes de fun\u00e7\u00e3o pulmonar.","robots":{"index":"index","follow":"follow","max-snippet":"max-snippet:-1","max-image-preview":"max-image-preview:large","max-video-preview":"max-video-preview:-1"},"canonical":"https:\/\/www.heartfailurematters.org\/pt-br\/o-que-e-a-insuficiencia-cardiaca\/provas-de-funcao-pulmonar\/","og_locale":"pt_BR","og_type":"article","og_title":"Exames da fun\u00e7\u00e3o respirat\u00f3ria para a insufici\u00eancia card\u00edaca","og_description":"Certas condi\u00e7\u00f5es pulmonares podem ter sintomas similares \u00e0 insuf. card. e a doen\u00e7a pulmonar pode coincidir com ela. Podem pedir-lhe testes de fun\u00e7\u00e3o pulmonar.","og_url":"https:\/\/www.heartfailurematters.org\/pt-br\/o-que-e-a-insuficiencia-cardiaca\/provas-de-funcao-pulmonar\/","og_site_name":"Heart Failure Matters","article_publisher":"https:\/\/www.facebook.com\/heartfailurematters","og_image":[{"width":900,"height":600,"url":"https:\/\/www.heartfailurematters.org\/wp-content\/uploads\/2022\/02\/shutterstock_1497378077-1-min.jpg","type":"image\/jpeg"}],"twitter_card":"summary_large_image","twitter_misc":{"Est. tempo de leitura":"1 minuto"},"schema":{"@context":"https:\/\/schema.org","@graph":[{"@type":"WebPage","@id":"https:\/\/www.heartfailurematters.org\/pt-br\/o-que-e-a-insuficiencia-cardiaca\/provas-de-funcao-pulmonar\/","url":"https:\/\/www.heartfailurematters.org\/pt-br\/o-que-e-a-insuficiencia-cardiaca\/provas-de-funcao-pulmonar\/","name":"Exames da fun\u00e7\u00e3o respirat\u00f3ria para a insufici\u00eancia card\u00edaca","isPartOf":{"@id":"https:\/\/www.heartfailurematters.org\/pt-br\/#website"},"primaryImageOfPage":{"@id":"https:\/\/www.heartfailurematters.org\/pt-br\/o-que-e-a-insuficiencia-cardiaca\/provas-de-funcao-pulmonar\/#primaryimage"},"image":{"@id":"https:\/\/www.heartfailurematters.org\/pt-br\/o-que-e-a-insuficiencia-cardiaca\/provas-de-funcao-pulmonar\/#primaryimage"},"thumbnailUrl":"https:\/\/www.heartfailurematters.org\/wp-content\/uploads\/2022\/02\/shutterstock_1497378077-1-min.jpg","datePublished":"2021-01-27T22:06:20+00:00","description":"Certas condi\u00e7\u00f5es pulmonares podem ter sintomas similares \u00e0 insuf. card. e a doen\u00e7a pulmonar pode coincidir com ela. Podem pedir-lhe testes de fun\u00e7\u00e3o pulmonar.","breadcrumb":{"@id":"https:\/\/www.heartfailurematters.org\/pt-br\/o-que-e-a-insuficiencia-cardiaca\/provas-de-funcao-pulmonar\/#breadcrumb"},"inLanguage":"pt-BR","potentialAction":[{"@type":"ReadAction","target":["https:\/\/www.heartfailurematters.org\/pt-br\/o-que-e-a-insuficiencia-cardiaca\/provas-de-funcao-pulmonar\/"]}]},{"@type":"ImageObject","inLanguage":"pt-BR","@id":"https:\/\/www.heartfailurematters.org\/pt-br\/o-que-e-a-insuficiencia-cardiaca\/provas-de-funcao-pulmonar\/#primaryimage","url":"https:\/\/www.heartfailurematters.org\/wp-content\/uploads\/2022\/02\/shutterstock_1497378077-1-min.jpg","contentUrl":"https:\/\/www.heartfailurematters.org\/wp-content\/uploads\/2022\/02\/shutterstock_1497378077-1-min.jpg","width":900,"height":600},{"@type":"BreadcrumbList","@id":"https:\/\/www.heartfailurematters.org\/pt-br\/o-que-e-a-insuficiencia-cardiaca\/provas-de-funcao-pulmonar\/#breadcrumb","itemListElement":[{"@type":"ListItem","position":1,"name":"P\u00e1gina inicial","item":"https:\/\/www.heartfailurematters.org\/pt-br\/"},{"@type":"ListItem","position":2,"name":"Compreender a insufici\u00eancia card\u00edaca","item":"https:\/\/www.heartfailurematters.org\/pt-br\/o-que-e-a-insuficiencia-cardiaca\/"},{"@type":"ListItem","position":3,"name":"Provas de fun\u00e7\u00e3o pulmonar"}]},{"@type":"WebSite","@id":"https:\/\/www.heartfailurematters.org\/pt-br\/#website","url":"https:\/\/www.heartfailurematters.org\/pt-br\/","name":"Heart Failure Matters","description":"Practical information for patients, families and caregivers.","publisher":{"@id":"https:\/\/www.heartfailurematters.org\/pt-br\/#organization"},"potentialAction":[{"@type":"SearchAction","target":{"@type":"EntryPoint","urlTemplate":"https:\/\/www.heartfailurematters.org\/pt-br\/?s={search_term_string}"},"query-input":{"@type":"PropertyValueSpecification","valueRequired":true,"valueName":"search_term_string"}}],"inLanguage":"pt-BR"},{"@type":"Organization","@id":"https:\/\/www.heartfailurematters.org\/pt-br\/#organization","name":"Heart Failure Matters","url":"https:\/\/www.heartfailurematters.org\/pt-br\/","logo":{"@type":"ImageObject","inLanguage":"pt-BR","@id":"https:\/\/www.heartfailurematters.org\/pt-br\/#\/schema\/logo\/image\/","url":"https:\/\/cdn-endpoint-hfm.azureedge.net\/heartfailurematters\/2024\/07\/hfm-logo1.jpg","contentUrl":"https:\/\/cdn-endpoint-hfm.azureedge.net\/heartfailurematters\/2024\/07\/hfm-logo1.jpg","width":1280,"height":720,"caption":"Heart Failure Matters"},"image":{"@id":"https:\/\/www.heartfailurematters.org\/pt-br\/#\/schema\/logo\/image\/"},"sameAs":["https:\/\/www.facebook.com\/heartfailurematters"]}]}},"_links":{"self":[{"href":"https:\/\/www.heartfailurematters.org\/pt-br\/wp-json\/wp\/v2\/pages\/12608","targetHints":{"allow":["GET"]}}],"collection":[{"href":"https:\/\/www.heartfailurematters.org\/pt-br\/wp-json\/wp\/v2\/pages"}],"about":[{"href":"https:\/\/www.heartfailurematters.org\/pt-br\/wp-json\/wp\/v2\/types\/page"}],"author":[{"embeddable":true,"href":"https:\/\/www.heartfailurematters.org\/pt-br\/wp-json\/wp\/v2\/users\/1"}],"replies":[{"embeddable":true,"href":"https:\/\/www.heartfailurematters.org\/pt-br\/wp-json\/wp\/v2\/comments?post=12608"}],"version-history":[{"count":0,"href":"https:\/\/www.heartfailurematters.org\/pt-br\/wp-json\/wp\/v2\/pages\/12608\/revisions"}],"up":[{"embeddable":true,"href":"https:\/\/www.heartfailurematters.org\/pt-br\/wp-json\/wp\/v2\/pages\/13168"}],"wp:featuredmedia":[{"embeddable":true,"href":"https:\/\/www.heartfailurematters.org\/pt-br\/wp-json\/wp\/v2\/media\/12491"}],"wp:attachment":[{"href":"https:\/\/www.heartfailurematters.org\/pt-br\/wp-json\/wp\/v2\/media?parent=12608"}],"wp:term":[{"taxonomy":"category","embeddable":true,"href":"https:\/\/www.heartfailurematters.org\/pt-br\/wp-json\/wp\/v2\/categories?post=12608"},{"taxonomy":"post_tag","embeddable":true,"href":"https:\/\/www.heartfailurematters.org\/pt-br\/wp-json\/wp\/v2\/tags?post=12608"}],"curies":[{"name":"wp","href":"https:\/\/api.w.org\/{rel}","templated":true}]}}