{"id":12606,"date":"2021-01-27T22:06:20","date_gmt":"2021-01-27T22:06:20","guid":{"rendered":"https:\/\/www.heartfailurematters.org\/o-que-o-seu-medico-ou-enfermeiro-pode-fazer\/pacemakers\/"},"modified":"2021-01-27T22:06:20","modified_gmt":"2021-01-27T22:06:20","slug":"pacemakers","status":"publish","type":"page","link":"https:\/\/www.heartfailurematters.org\/pt-br\/o-que-o-seu-medico-ou-enfermeiro-pode-fazer\/pacemakers\/","title":{"rendered":"Pacemakers"},"content":{"rendered":"<h2>Como funciona?<\/h2>\n<p>O <a class=\"addtooltip\" title=\"Pequeno dispositivo implantado sob a clav\u00edcula para monitorizar a frequ\u00eancia card\u00edaca e, quando necess\u00e1rio, estimular a contra\u00e7\u00e3o do m\u00fasculo card\u00edaco, atrav\u00e9s de impulsos el\u00e9tricos.\"><strong>pacemaker <\/strong><\/a> monitoriza a frequ\u00eancia card\u00edaca e envia pequenos impulsos el\u00e9tricos indolores para o ventr\u00edculo direito para iniciar cada batimento card\u00edaco apenas quando necess\u00e1rio. Precisar\u00e1 de um pacemaker se o cora\u00e7\u00e3o bater de forma demasiado lenta e n\u00e3o conseguir controlar isso com medica\u00e7\u00e3o.<\/p>\n<p>Os pacemakers atuais s\u00e3o pequenos dispositivos de metal, do tamanho de um pequeno rel\u00f3gio de bolso, que cont\u00e9m o computador, a bateria e at\u00e9 tr\u00eas sondas flex\u00edveis com el\u00e9trodos\u00a0(fios com revestimento). N\u00e3o est\u00e3o \u00e0 vista e voc\u00ea, tal como as outras pessoas, verificar\u00e1 que n\u00e3o est\u00e1 a pensar nisso diariamente.<\/p>\n<h2>Onde \u00e9 que fica inserido e qual \u00e9 o procedimento para colocar?<\/h2>\n<p>Normalmente, o pacemaker \u00e9 implantado com anestesia local, sob a clav\u00edcula, com sondas de el\u00e9trodos (fios revestidos)\u00a0que saem do mesmo e s\u00e3o posicionadas no cora\u00e7\u00e3o. O procedimento demora normalmente entre 30 e 60 minutos.<\/p>\n<p>A sonda com el\u00e9trodo \u00e9 inserida numa veia\u00a0no ombro ou na base do pesco\u00e7o. O cardiologista faz avan\u00e7ar a deriva\u00e7\u00e3o para a c\u00e2mara correta no cora\u00e7\u00e3o, verificando a posi\u00e7\u00e3o da mesma no ecr\u00e3 de raios X e fixando-a com um ponto no ombro. A\u00a0sonda \u00e9 ent\u00e3o ligada\u00a0ao pacemaker e este \u00e9 implantado numa pequena &#8220;bolsa&#8221; ou espa\u00e7o entre a pele e o m\u00fasculo peitoral. A quantidade de energia el\u00e9trica necess\u00e1ria para estimular o cora\u00e7\u00e3o para contrair \u00e9 avaliada e o pacemaker \u00e9 ajustado.<\/p>\n<h2>Ap\u00f3s o procedimento<\/h2>\n<p>Depois de ser colocado o pacemaker, poder\u00e1 sentir dores ou desconforto e poder\u00e1 ter algumas n\u00f3doas negras no local de inser\u00e7\u00e3o, mas normalmente estes problemas desaparecem dentro de alguns dias. A maioria das pessoas j\u00e1 anda de um lado para o outro mais tarde, nesse mesmo dia, e pode retomar as atividades normais no prazo de uma semana.<\/p>\n<p>O funcionamento e a vida \u00fatil da bateria do pacemaker devem ser verificados regularmente numa cl\u00ednica da especialidade. Consoante o dispositivo implantado, poder\u00e1 ser proposto um acompanhamento por telemonitoriza\u00e7\u00e3o para monitorizar o pacemaker, permitindo a r\u00e1pida identifica\u00e7\u00e3o dos dist\u00farbios de ritmo card\u00edaco e disfun\u00e7\u00e3o t\u00e9cnica, assim como melhorar o seu tratamento e reduzir a necessidade de consultas presenciais.<\/p>\n<p>Se for necess\u00e1rio substituir a bateria, apenas ter\u00e1 de substituir o dispositivo (e n\u00e3o as sondas). A bateria dura normalmente entre seis e dez anos at\u00e9 ser necess\u00e1ria a substitui\u00e7\u00e3o.<\/p>\n<p>\u00c9 importante que informe todos os m\u00e9dicos ou dentistas de que tem um pacemaker antes de ser submetido a quaisquer procedimentos. Embora seja improv\u00e1vel que a maior parte dos procedimentos m\u00e9dicos e dent\u00e1rios interfira no funcionamento do dispositivo, poder\u00e3o ser necess\u00e1rias medidas de precau\u00e7\u00e3o que minimizem qualquer interfer\u00eancia.<\/p>\n<p>Por vezes, os pacemakers poder\u00e3o ser detetados nas m\u00e1quinas de seguran\u00e7a dos aeroportos, por isso, se tiver um pacemaker dever\u00e1 informar sempre o pessoal da seguran\u00e7a. No entanto, o funcionamento do dispositivo \u00e9 raramente afetado.<\/p>\n<table border=\"1\" width=\"100%\" cellspacing=\"0\" cellpadding=\"0\">\n<tbody>\n<tr>\n<td width=\"100%\">S\u00e3o utilizados dois tipos de pacemakers<\/td>\n<\/tr>\n<tr>\n<td width=\"100%\"><img decoding=\"async\" class=\"alignleft size-full wp-image-6660\" src=\"https:\/\/www.heartfailurematters.org\/wp-content\/uploads\/2021\/02\/Single-chamber-pacemaker-.jpg\" alt=\"\" width=\"211\" height=\"206\" \/><\/td>\n<\/tr>\n<tr>\n<td width=\"100%\">Pacemaker de c\u00e2mara \u00fanica<\/td>\n<\/tr>\n<tr>\n<td width=\"100%\"><\/td>\n<\/tr>\n<tr>\n<td width=\"100%\"><img decoding=\"async\" class=\"alignleft size-full wp-image-6670\" src=\"https:\/\/www.heartfailurematters.org\/wp-content\/uploads\/2021\/02\/Dual-chamber-pacemaker-.jpg\" alt=\"\" width=\"211\" height=\"206\" \/><\/td>\n<\/tr>\n<tr>\n<td width=\"100%\">Pacemaker de c\u00e2mara dupla<\/td>\n<\/tr>\n<\/tbody>\n<\/table>\n<p><a title=\"Return to Devices\" href=\"https:\/\/www.heartfailurematters.org\/pt-pt\/o-que-o-seu-medico-ou-enfermeiro-pode-fazer\/dispositivos-implantaveis\/\">Voltar \u00e0 sec\u00e7\u00e3o Dispositivos<\/a><\/p>\n<h2><\/h2>\n","protected":false},"excerpt":{"rendered":"<p>Como funciona? O pacemaker monitoriza a frequ\u00eancia card\u00edaca e envia pequenos impulsos el\u00e9tricos indolores para o ventr\u00edculo direito para iniciar cada batimento card\u00edaco apenas quando necess\u00e1rio. Precisar\u00e1 de um pacemaker se o cora\u00e7\u00e3o bater de forma demasiado lenta e n\u00e3o conseguir controlar isso com medica\u00e7\u00e3o. Os pacemakers atuais s\u00e3o pequenos dispositivos de metal, do tamanho [&hellip;]<\/p>\n","protected":false},"author":1,"featured_media":12513,"parent":13171,"menu_order":0,"comment_status":"open","ping_status":"open","template":"","meta":{"_acf_changed":false,"footnotes":""},"categories":[],"tags":[],"class_list":["post-12606","page","type-page","status-publish","has-post-thumbnail","hentry"],"acf":[],"yoast_head":"<!-- This site is optimized with the Yoast SEO plugin v24.8.1 - https:\/\/yoast.com\/wordpress\/plugins\/seo\/ -->\n<title>Pacemakers e insufici\u00eancia card\u00edaca<\/title>\n<meta name=\"description\" content=\"O que faz exatamente um pacemaker? Onde \u00e9 colocado? Como \u00e9 colocado na posi\u00e7\u00e3o prevista? O que acontece depois do procedimento? Saiba nesta sec\u00e7\u00e3o\" \/>\n<meta name=\"robots\" content=\"index, follow, max-snippet:-1, max-image-preview:large, max-video-preview:-1\" \/>\n<link rel=\"canonical\" href=\"https:\/\/www.heartfailurematters.org\/pt-br\/o-que-o-seu-medico-ou-enfermeiro-pode-fazer\/pacemakers\/\" \/>\n<meta property=\"og:locale\" content=\"pt_BR\" \/>\n<meta property=\"og:type\" content=\"article\" \/>\n<meta property=\"og:title\" content=\"Pacemakers e insufici\u00eancia card\u00edaca\" \/>\n<meta property=\"og:description\" content=\"O que faz exatamente um pacemaker? Onde \u00e9 colocado? Como \u00e9 colocado na posi\u00e7\u00e3o prevista? O que acontece depois do procedimento? Saiba nesta sec\u00e7\u00e3o\" \/>\n<meta property=\"og:url\" content=\"https:\/\/www.heartfailurematters.org\/pt-br\/o-que-o-seu-medico-ou-enfermeiro-pode-fazer\/pacemakers\/\" \/>\n<meta property=\"og:site_name\" content=\"Heart Failure Matters\" \/>\n<meta property=\"article:publisher\" content=\"https:\/\/www.facebook.com\/heartfailurematters\" \/>\n<meta property=\"og:image\" content=\"https:\/\/www.heartfailurematters.org\/wp-content\/uploads\/2022\/03\/shutterstock_1330247153-1-min.jpg\" \/>\n\t<meta property=\"og:image:width\" content=\"900\" \/>\n\t<meta property=\"og:image:height\" content=\"600\" \/>\n\t<meta property=\"og:image:type\" content=\"image\/jpeg\" \/>\n<meta name=\"twitter:card\" content=\"summary_large_image\" \/>\n<meta name=\"twitter:label1\" content=\"Est. tempo de leitura\" \/>\n\t<meta name=\"twitter:data1\" content=\"3 minutos\" \/>\n<script type=\"application\/ld+json\" class=\"yoast-schema-graph\">{\"@context\":\"https:\/\/schema.org\",\"@graph\":[{\"@type\":\"WebPage\",\"@id\":\"https:\/\/www.heartfailurematters.org\/pt-br\/o-que-o-seu-medico-ou-enfermeiro-pode-fazer\/pacemakers\/\",\"url\":\"https:\/\/www.heartfailurematters.org\/pt-br\/o-que-o-seu-medico-ou-enfermeiro-pode-fazer\/pacemakers\/\",\"name\":\"Pacemakers e insufici\u00eancia card\u00edaca\",\"isPartOf\":{\"@id\":\"https:\/\/www.heartfailurematters.org\/pt-br\/#website\"},\"primaryImageOfPage\":{\"@id\":\"https:\/\/www.heartfailurematters.org\/pt-br\/o-que-o-seu-medico-ou-enfermeiro-pode-fazer\/pacemakers\/#primaryimage\"},\"image\":{\"@id\":\"https:\/\/www.heartfailurematters.org\/pt-br\/o-que-o-seu-medico-ou-enfermeiro-pode-fazer\/pacemakers\/#primaryimage\"},\"thumbnailUrl\":\"https:\/\/www.heartfailurematters.org\/wp-content\/uploads\/2022\/03\/shutterstock_1330247153-1-min.jpg\",\"datePublished\":\"2021-01-27T22:06:20+00:00\",\"description\":\"O que faz exatamente um pacemaker? Onde \u00e9 colocado? Como \u00e9 colocado na posi\u00e7\u00e3o prevista? O que acontece depois do procedimento? Saiba nesta sec\u00e7\u00e3o\",\"breadcrumb\":{\"@id\":\"https:\/\/www.heartfailurematters.org\/pt-br\/o-que-o-seu-medico-ou-enfermeiro-pode-fazer\/pacemakers\/#breadcrumb\"},\"inLanguage\":\"pt-BR\",\"potentialAction\":[{\"@type\":\"ReadAction\",\"target\":[\"https:\/\/www.heartfailurematters.org\/pt-br\/o-que-o-seu-medico-ou-enfermeiro-pode-fazer\/pacemakers\/\"]}]},{\"@type\":\"ImageObject\",\"inLanguage\":\"pt-BR\",\"@id\":\"https:\/\/www.heartfailurematters.org\/pt-br\/o-que-o-seu-medico-ou-enfermeiro-pode-fazer\/pacemakers\/#primaryimage\",\"url\":\"https:\/\/www.heartfailurematters.org\/wp-content\/uploads\/2022\/03\/shutterstock_1330247153-1-min.jpg\",\"contentUrl\":\"https:\/\/www.heartfailurematters.org\/wp-content\/uploads\/2022\/03\/shutterstock_1330247153-1-min.jpg\",\"width\":900,\"height\":600},{\"@type\":\"BreadcrumbList\",\"@id\":\"https:\/\/www.heartfailurematters.org\/pt-br\/o-que-o-seu-medico-ou-enfermeiro-pode-fazer\/pacemakers\/#breadcrumb\",\"itemListElement\":[{\"@type\":\"ListItem\",\"position\":1,\"name\":\"P\u00e1gina inicial\",\"item\":\"https:\/\/www.heartfailurematters.org\/pt-br\/\"},{\"@type\":\"ListItem\",\"position\":2,\"name\":\"O que o seu m\u00e9dico pode fazer\",\"item\":\"https:\/\/www.heartfailurematters.org\/pt-br\/o-que-o-seu-medico-ou-enfermeiro-pode-fazer\/\"},{\"@type\":\"ListItem\",\"position\":3,\"name\":\"Pacemakers\"}]},{\"@type\":\"WebSite\",\"@id\":\"https:\/\/www.heartfailurematters.org\/pt-br\/#website\",\"url\":\"https:\/\/www.heartfailurematters.org\/pt-br\/\",\"name\":\"Heart Failure Matters\",\"description\":\"Practical information for patients, families and caregivers.\",\"publisher\":{\"@id\":\"https:\/\/www.heartfailurematters.org\/pt-br\/#organization\"},\"potentialAction\":[{\"@type\":\"SearchAction\",\"target\":{\"@type\":\"EntryPoint\",\"urlTemplate\":\"https:\/\/www.heartfailurematters.org\/pt-br\/?s={search_term_string}\"},\"query-input\":{\"@type\":\"PropertyValueSpecification\",\"valueRequired\":true,\"valueName\":\"search_term_string\"}}],\"inLanguage\":\"pt-BR\"},{\"@type\":\"Organization\",\"@id\":\"https:\/\/www.heartfailurematters.org\/pt-br\/#organization\",\"name\":\"Heart Failure Matters\",\"url\":\"https:\/\/www.heartfailurematters.org\/pt-br\/\",\"logo\":{\"@type\":\"ImageObject\",\"inLanguage\":\"pt-BR\",\"@id\":\"https:\/\/www.heartfailurematters.org\/pt-br\/#\/schema\/logo\/image\/\",\"url\":\"https:\/\/cdn-endpoint-hfm.azureedge.net\/heartfailurematters\/2024\/07\/hfm-logo1.jpg\",\"contentUrl\":\"https:\/\/cdn-endpoint-hfm.azureedge.net\/heartfailurematters\/2024\/07\/hfm-logo1.jpg\",\"width\":1280,\"height\":720,\"caption\":\"Heart Failure Matters\"},\"image\":{\"@id\":\"https:\/\/www.heartfailurematters.org\/pt-br\/#\/schema\/logo\/image\/\"},\"sameAs\":[\"https:\/\/www.facebook.com\/heartfailurematters\"]}]}<\/script>\n<!-- \/ Yoast SEO plugin. -->","yoast_head_json":{"title":"Pacemakers e insufici\u00eancia card\u00edaca","description":"O que faz exatamente um pacemaker? Onde \u00e9 colocado? Como \u00e9 colocado na posi\u00e7\u00e3o prevista? O que acontece depois do procedimento? Saiba nesta sec\u00e7\u00e3o","robots":{"index":"index","follow":"follow","max-snippet":"max-snippet:-1","max-image-preview":"max-image-preview:large","max-video-preview":"max-video-preview:-1"},"canonical":"https:\/\/www.heartfailurematters.org\/pt-br\/o-que-o-seu-medico-ou-enfermeiro-pode-fazer\/pacemakers\/","og_locale":"pt_BR","og_type":"article","og_title":"Pacemakers e insufici\u00eancia card\u00edaca","og_description":"O que faz exatamente um pacemaker? Onde \u00e9 colocado? Como \u00e9 colocado na posi\u00e7\u00e3o prevista? O que acontece depois do procedimento? Saiba nesta sec\u00e7\u00e3o","og_url":"https:\/\/www.heartfailurematters.org\/pt-br\/o-que-o-seu-medico-ou-enfermeiro-pode-fazer\/pacemakers\/","og_site_name":"Heart Failure Matters","article_publisher":"https:\/\/www.facebook.com\/heartfailurematters","og_image":[{"width":900,"height":600,"url":"https:\/\/www.heartfailurematters.org\/wp-content\/uploads\/2022\/03\/shutterstock_1330247153-1-min.jpg","type":"image\/jpeg"}],"twitter_card":"summary_large_image","twitter_misc":{"Est. tempo de leitura":"3 minutos"},"schema":{"@context":"https:\/\/schema.org","@graph":[{"@type":"WebPage","@id":"https:\/\/www.heartfailurematters.org\/pt-br\/o-que-o-seu-medico-ou-enfermeiro-pode-fazer\/pacemakers\/","url":"https:\/\/www.heartfailurematters.org\/pt-br\/o-que-o-seu-medico-ou-enfermeiro-pode-fazer\/pacemakers\/","name":"Pacemakers e insufici\u00eancia card\u00edaca","isPartOf":{"@id":"https:\/\/www.heartfailurematters.org\/pt-br\/#website"},"primaryImageOfPage":{"@id":"https:\/\/www.heartfailurematters.org\/pt-br\/o-que-o-seu-medico-ou-enfermeiro-pode-fazer\/pacemakers\/#primaryimage"},"image":{"@id":"https:\/\/www.heartfailurematters.org\/pt-br\/o-que-o-seu-medico-ou-enfermeiro-pode-fazer\/pacemakers\/#primaryimage"},"thumbnailUrl":"https:\/\/www.heartfailurematters.org\/wp-content\/uploads\/2022\/03\/shutterstock_1330247153-1-min.jpg","datePublished":"2021-01-27T22:06:20+00:00","description":"O que faz exatamente um pacemaker? Onde \u00e9 colocado? Como \u00e9 colocado na posi\u00e7\u00e3o prevista? O que acontece depois do procedimento? Saiba nesta sec\u00e7\u00e3o","breadcrumb":{"@id":"https:\/\/www.heartfailurematters.org\/pt-br\/o-que-o-seu-medico-ou-enfermeiro-pode-fazer\/pacemakers\/#breadcrumb"},"inLanguage":"pt-BR","potentialAction":[{"@type":"ReadAction","target":["https:\/\/www.heartfailurematters.org\/pt-br\/o-que-o-seu-medico-ou-enfermeiro-pode-fazer\/pacemakers\/"]}]},{"@type":"ImageObject","inLanguage":"pt-BR","@id":"https:\/\/www.heartfailurematters.org\/pt-br\/o-que-o-seu-medico-ou-enfermeiro-pode-fazer\/pacemakers\/#primaryimage","url":"https:\/\/www.heartfailurematters.org\/wp-content\/uploads\/2022\/03\/shutterstock_1330247153-1-min.jpg","contentUrl":"https:\/\/www.heartfailurematters.org\/wp-content\/uploads\/2022\/03\/shutterstock_1330247153-1-min.jpg","width":900,"height":600},{"@type":"BreadcrumbList","@id":"https:\/\/www.heartfailurematters.org\/pt-br\/o-que-o-seu-medico-ou-enfermeiro-pode-fazer\/pacemakers\/#breadcrumb","itemListElement":[{"@type":"ListItem","position":1,"name":"P\u00e1gina inicial","item":"https:\/\/www.heartfailurematters.org\/pt-br\/"},{"@type":"ListItem","position":2,"name":"O que o seu m\u00e9dico pode fazer","item":"https:\/\/www.heartfailurematters.org\/pt-br\/o-que-o-seu-medico-ou-enfermeiro-pode-fazer\/"},{"@type":"ListItem","position":3,"name":"Pacemakers"}]},{"@type":"WebSite","@id":"https:\/\/www.heartfailurematters.org\/pt-br\/#website","url":"https:\/\/www.heartfailurematters.org\/pt-br\/","name":"Heart Failure Matters","description":"Practical information for patients, families and caregivers.","publisher":{"@id":"https:\/\/www.heartfailurematters.org\/pt-br\/#organization"},"potentialAction":[{"@type":"SearchAction","target":{"@type":"EntryPoint","urlTemplate":"https:\/\/www.heartfailurematters.org\/pt-br\/?s={search_term_string}"},"query-input":{"@type":"PropertyValueSpecification","valueRequired":true,"valueName":"search_term_string"}}],"inLanguage":"pt-BR"},{"@type":"Organization","@id":"https:\/\/www.heartfailurematters.org\/pt-br\/#organization","name":"Heart Failure Matters","url":"https:\/\/www.heartfailurematters.org\/pt-br\/","logo":{"@type":"ImageObject","inLanguage":"pt-BR","@id":"https:\/\/www.heartfailurematters.org\/pt-br\/#\/schema\/logo\/image\/","url":"https:\/\/cdn-endpoint-hfm.azureedge.net\/heartfailurematters\/2024\/07\/hfm-logo1.jpg","contentUrl":"https:\/\/cdn-endpoint-hfm.azureedge.net\/heartfailurematters\/2024\/07\/hfm-logo1.jpg","width":1280,"height":720,"caption":"Heart Failure Matters"},"image":{"@id":"https:\/\/www.heartfailurematters.org\/pt-br\/#\/schema\/logo\/image\/"},"sameAs":["https:\/\/www.facebook.com\/heartfailurematters"]}]}},"_links":{"self":[{"href":"https:\/\/www.heartfailurematters.org\/pt-br\/wp-json\/wp\/v2\/pages\/12606","targetHints":{"allow":["GET"]}}],"collection":[{"href":"https:\/\/www.heartfailurematters.org\/pt-br\/wp-json\/wp\/v2\/pages"}],"about":[{"href":"https:\/\/www.heartfailurematters.org\/pt-br\/wp-json\/wp\/v2\/types\/page"}],"author":[{"embeddable":true,"href":"https:\/\/www.heartfailurematters.org\/pt-br\/wp-json\/wp\/v2\/users\/1"}],"replies":[{"embeddable":true,"href":"https:\/\/www.heartfailurematters.org\/pt-br\/wp-json\/wp\/v2\/comments?post=12606"}],"version-history":[{"count":0,"href":"https:\/\/www.heartfailurematters.org\/pt-br\/wp-json\/wp\/v2\/pages\/12606\/revisions"}],"up":[{"embeddable":true,"href":"https:\/\/www.heartfailurematters.org\/pt-br\/wp-json\/wp\/v2\/pages\/13171"}],"wp:featuredmedia":[{"embeddable":true,"href":"https:\/\/www.heartfailurematters.org\/pt-br\/wp-json\/wp\/v2\/media\/12513"}],"wp:attachment":[{"href":"https:\/\/www.heartfailurematters.org\/pt-br\/wp-json\/wp\/v2\/media?parent=12606"}],"wp:term":[{"taxonomy":"category","embeddable":true,"href":"https:\/\/www.heartfailurematters.org\/pt-br\/wp-json\/wp\/v2\/categories?post=12606"},{"taxonomy":"post_tag","embeddable":true,"href":"https:\/\/www.heartfailurematters.org\/pt-br\/wp-json\/wp\/v2\/tags?post=12606"}],"curies":[{"name":"wp","href":"https:\/\/api.w.org\/{rel}","templated":true}]}}