{"id":12605,"date":"2021-01-27T22:06:20","date_gmt":"2021-01-27T22:06:20","guid":{"rendered":"https:\/\/www.heartfailurematters.org\/o-que-o-seu-medico-ou-enfermeiro-pode-fazer\/diureticos\/"},"modified":"2021-01-27T22:06:20","modified_gmt":"2021-01-27T22:06:20","slug":"diureticos","status":"publish","type":"page","link":"https:\/\/www.heartfailurematters.org\/pt-br\/o-que-o-seu-medico-ou-enfermeiro-pode-fazer\/diureticos\/","title":{"rendered":"Diur\u00e9ticos"},"content":{"rendered":"<h2>Como funcionam?<\/h2>\n<p><a class=\"addtooltip\" title=\"&lt;div id='ToolTipTextWrap'&gt;Diur\u00e9ticos&lt;\/div&gt;&lt;p&gt; Classe de medicamentos que atua nos rins para produzir mais urina, reduzindo a reten\u00e7\u00e3o de l\u00edquidos e a congest\u00e3o. Os &lt;\/p&gt;\"><strong>Diur\u00e9ticos<\/strong><\/a> ajudam o organismo a eliminar o excesso de l\u00edquidos, estimulando os rins a produzir mais urina. Verificar\u00e1 que sente vontade de urinar com maior frequ\u00eancia quando os toma, mas n\u00e3o dever\u00e1 preocupar-se. Poder\u00e1 ter de planear as suas viagens em conformidade com o hor\u00e1rio dos medicamentos ou por vezes, \u00e9 poss\u00edvel alterar a hora que toma os comprimidos. Fale com o seu m\u00e9dico sobre isso. A elimina\u00e7\u00e3o do excesso de l\u00edquidos dever\u00e1 facilitar o processo ao cora\u00e7\u00e3o, tendo em conta que existe menos l\u00edquido para bombear no organismo. Isto dever\u00e1 aliviar a <a class=\"addtooltip\" title=\"&lt;div id='ToolTipTextWrap'&gt;congest\u00e3o&lt;\/div&gt;&lt;p&gt;Excesso de l\u00edquidos numa parte do corpo.&lt;\/p&gt;\"><strong>congest\u00e3o<\/strong><\/a> pulmonar, facilitando a respira\u00e7\u00e3o. Incha\u00e7o (<a class=\"addtooltip\" title=\"&lt;div id='ToolTipTextWrap'&gt;edema&lt;\/div&gt;&lt;p&gt; Incha\u00e7o de um tecido devido a congest\u00e3o ou acumula\u00e7\u00e3o de l\u00edquidos.&lt;\/p&gt;\"><strong>Edema<\/strong><\/a>) nas pernas e noutras partes do corpo tamb\u00e9m dever\u00e1 desaparecer. Isto poder\u00e1 resultar na perda de peso.<\/p>\n<h2>Quais s\u00e3o os benef\u00edcios esperados?<\/h2>\n<p>Os diur\u00e9ticos aliviar\u00e3o os sintomas da insufici\u00eancia card\u00edaca e, em particular, reduzir\u00e3o a falta de ar e o incha\u00e7o causado pela reten\u00e7\u00e3o de l\u00edquidos.<\/p>\n<h2>Efeitos secund\u00e1rios<\/h2>\n<p>A utiliza\u00e7\u00e3o de diur\u00e9ticos a longo prazo pode causar a perda de <a class=\"addtooltip\" title=\"Mineral necess\u00e1rio ao organismo para a fun\u00e7\u00e3o celular normal. Os diur\u00e9ticos poder\u00e3o causar a perda de pot\u00e1ssio.\"><strong>pot\u00e1ssio<\/strong><\/a>, um sal que \u00e9 necess\u00e1rio para o organismo funcionar corretamente. \u00c9 por isso que o seu m\u00e9dico monitorizar\u00e1 os seus n\u00edveis de pot\u00e1ssio atrav\u00e9s de an\u00e1lises ao sangue regulares e poder\u00e1 aconselh\u00e1-lo a consumir mais <a title=\"foods containing potassium\" href=\"https:\/\/www.heartfailurematters.org\/pt-pt\/o-que-pode-fazer\/adaptar-a-alimentacao-potassio\/\">alimentos que cont\u00eam pot\u00e1ssio<\/a>.<\/p>\n<p>Os diur\u00e9ticos tamb\u00e9m poder\u00e3o fazer com que tenha vontade de urinar com mais frequ\u00eancia. Se tomar doses muito elevadas de diur\u00e9ticos, poder\u00e1 ficar desidratado e sentir tonturas.<\/p>\n<h2>Principais sugest\u00f5es<\/h2>\n<p>\u00c9 boa ideia pesar-se diariamente e registar o peso para comunicar ao seu m\u00e9dico ou enfermeiro. Isto ir\u00e1 ajud\u00e1-lo a controlar se est\u00e1 a perder muitos ou poucos l\u00edquidos, para se ajustar a dose do diur\u00e9tico, se necess\u00e1rio.<\/p>\n<p>Algumas pessoas preferem tomar os diur\u00e9ticos de manh\u00e3, para que a necessidade de urinar ocorra maioritariamente durante o dia. Se os tomar \u00e0 noite poder\u00e1 ter de interromper o sono.<\/p>\n<h2>Tamb\u00e9m conhecidos por:<\/h2>\n<ul>\n<li><strong>Amilorida<\/strong><br \/>\n(Amilamont\u00ae, Midamor\u00ae)<\/li>\n<li><strong>Bendroflumethazide \/ bendrofluazide<br \/>\n<\/strong>(Aprinox\u00ae, Neo-NaClex\u00ae)<\/li>\n<li><strong>Bumetanide<br \/>\n<\/strong>(Bumex\u00ae)<\/li>\n<li><strong>Clorotiazida<\/strong><br \/>\n(Diuril\u00ae)<\/li>\n<li><strong>Chlortalidone<br \/>\n<\/strong>(Hygroton\u00ae)<\/li>\n<li><strong>Cyclopenthiazide<br \/>\n<\/strong>(Navidrex\u00ae)<\/li>\n<li><strong>Eplerenone<br \/>\n<\/strong>(Inspra\u00ae)<\/li>\n<li><strong>Furosemide \/ frusemide<br \/>\n<\/strong>(Froop\u00ae, Frusid\u00ae, Rusyde\u00ae, Frusol\u00ae, Lasix\u00ae)<\/li>\n<li><strong>Hidroclorotiazida<\/strong><br \/>\n(HydroDIURIL\u00ae)<\/li>\n<li><strong>Indapamide<br \/>\n<\/strong>(Natrilix\u00ae, Apo-Indapamide\u00ae, Arifon\u00ae, Bajaten\u00ae, Cormil\u00ae, Damide\u00ae, Fludex\u00ae, Gen-Indapamide\u00ae, Idapamide\u00ae, Indaflex\u00ae, Indamol\u00ae, Indapamida\u00ae, Indapamidum\u00ae, Ipamix\u00ae, Lozide\u00ae, Lozol\u00ae, Natrilix\u00ae, Natrix\u00ae, Noranat\u00ae, Novo-Indapamide\u00ae, Nu-Indapamide\u00ae, Pressurai\u00ae, Tandix\u00ae, Tertensif\u00ae, Veroxil\u00ae)<\/li>\n<li><strong>Metolazone<br \/>\n<\/strong>(Metenix\u00ae, Zaroxolyn\u00ae)<\/li>\n<li><strong>Polythiazide<br \/>\n<\/strong>(Renese\u00ae, Minizide\u00ae, Nindaxa\u00ae, Natrilix SR\u00ae, Nephril\u00ae)<\/li>\n<li><strong>Spironolactone<br \/>\n<\/strong>(Aldactone\u00ae)<\/li>\n<li><strong>Torsemide \/ torasemide<br \/>\n<\/strong>(Demadex\u00ae, Torem\u00ae)<\/li>\n<li><strong>Triamterene<br \/>\n<\/strong>(Dytac\u00ae, Dyrenium\u00ae)<\/li>\n<li><strong>Xipamida<\/strong><br \/>\n(Diurexan\u00ae)<\/li>\n<li><strong>Agentes combinados<\/strong><br \/>\n(Moduret\u00ae, Amil-Co\u00ae, Moduretic\u00ae, Navispare\u00ae, Frumil LS\u00ae, Froop-Co\u00ae, Fru-Co\u00ae, Aridil\u00ae, Burinex A\u00ae, Triam-Co\u00ae, Dytide\u00ae, Kalspare\u00ae, Frusene\u00ae, Aldactide\u00ae, Lasilactone\u00ae, Burinex K\u00ae, Centyl K\u00ae, Diumide-K\u00ae, Lasikal\u00ae, Neo0NaClex-K\u00ae, Dyazide\u00ae)<\/li>\n<\/ul>\n<table border=\"1\" width=\"100%\" cellspacing=\"0\" cellpadding=\"0\">\n<tbody>\n<tr>\n<td style=\"width: 25%;\">\n<h2>Anima\u00e7\u00e3o<\/h2>\n<\/td>\n<td style=\"width: 75%; vertical-align: middle; text-align: left;\"><\/td>\n<\/tr>\n<tr>\n<td style=\"width: 25%;\"><a class=\"lightview\" href=\"https:\/\/www.youtube.com\/embed\/1cBwHDJOanE\" data-lightview-title=\"How diuretics work in heart failure\" data-lightview-options=\"width: 620, height: 450\" data-lightview-type=\"iframe\" data-lightview-group=\"journey\"><img decoding=\"async\" src=\"https:\/\/www.heartfailurematters.org\/wp-content\/uploads\/2021\/02\/08-animation.jpg\" alt=\"\" width=\"180\" height=\"130\" class=\"alignnone size-full wp-image-5088\" \/><\/a><\/td>\n<td style=\"width: 75%; vertical-align: middle; text-align: left;\">Animation explaining how diuretics<br \/>\nfuncionam na insufici\u00eancia card\u00edaca<\/td>\n<\/tr>\n<\/tbody>\n<\/table>\n<p><a title=\"Return to Heart failure medicines\" href=\"https:\/\/www.heartfailurematters.org\/pt-pt\/o-que-o-seu-medico-ou-enfermeiro-pode-fazer\/medicamentos-para-a-insuficiencia-cardiaca\/\"> Voltar \u00e0 sec\u00e7\u00e3o Medicamentos para a insufici\u00eancia card\u00edaca<\/a><\/p>\n<p>&nbsp;<\/p>\n<h2><\/h2>\n","protected":false},"excerpt":{"rendered":"<p>Como funcionam? Diur\u00e9ticos ajudam o organismo a eliminar o excesso de l\u00edquidos, estimulando os rins a produzir mais urina. Verificar\u00e1 que sente vontade de urinar com maior frequ\u00eancia quando os toma, mas n\u00e3o dever\u00e1 preocupar-se. Poder\u00e1 ter de planear as suas viagens em conformidade com o hor\u00e1rio dos medicamentos ou por vezes, \u00e9 poss\u00edvel alterar [&hellip;]<\/p>\n","protected":false},"author":1,"featured_media":12512,"parent":13171,"menu_order":0,"comment_status":"open","ping_status":"open","template":"","meta":{"_acf_changed":false,"footnotes":""},"categories":[],"tags":[],"class_list":["post-12605","page","type-page","status-publish","has-post-thumbnail","hentry"],"acf":[],"yoast_head":"<!-- This site is optimized with the Yoast SEO plugin v24.8.1 - https:\/\/yoast.com\/wordpress\/plugins\/seo\/ -->\n<title>Diur\u00e9ticos e insufici\u00eancia card\u00edaca<\/title>\n<meta name=\"description\" content=\"Os diur\u00e9ticos incentivam os rins a produzir mais urina. Livrar-se desse excesso de fluido reduz o esfor\u00e7o para o cora\u00e7\u00e3o, pois h\u00e1 menos fluido para bombear\" \/>\n<meta name=\"robots\" content=\"index, follow, max-snippet:-1, max-image-preview:large, max-video-preview:-1\" \/>\n<link rel=\"canonical\" href=\"https:\/\/www.heartfailurematters.org\/pt-br\/o-que-o-seu-medico-ou-enfermeiro-pode-fazer\/diureticos\/\" \/>\n<meta property=\"og:locale\" content=\"pt_BR\" \/>\n<meta property=\"og:type\" content=\"article\" \/>\n<meta property=\"og:title\" content=\"Diur\u00e9ticos e insufici\u00eancia card\u00edaca\" \/>\n<meta property=\"og:description\" content=\"Os diur\u00e9ticos incentivam os rins a produzir mais urina. Livrar-se desse excesso de fluido reduz o esfor\u00e7o para o cora\u00e7\u00e3o, pois h\u00e1 menos fluido para bombear\" \/>\n<meta property=\"og:url\" content=\"https:\/\/www.heartfailurematters.org\/pt-br\/o-que-o-seu-medico-ou-enfermeiro-pode-fazer\/diureticos\/\" \/>\n<meta property=\"og:site_name\" content=\"Heart Failure Matters\" \/>\n<meta property=\"article:publisher\" content=\"https:\/\/www.facebook.com\/heartfailurematters\" \/>\n<meta property=\"og:image\" content=\"https:\/\/www.heartfailurematters.org\/wp-content\/uploads\/2022\/03\/shutterstock_441673426-1-min.jpg\" \/>\n\t<meta property=\"og:image:width\" content=\"900\" \/>\n\t<meta property=\"og:image:height\" content=\"596\" \/>\n\t<meta property=\"og:image:type\" content=\"image\/jpeg\" \/>\n<meta name=\"twitter:card\" content=\"summary_large_image\" \/>\n<meta name=\"twitter:label1\" content=\"Est. tempo de leitura\" \/>\n\t<meta name=\"twitter:data1\" content=\"2 minutos\" \/>\n<script type=\"application\/ld+json\" class=\"yoast-schema-graph\">{\"@context\":\"https:\/\/schema.org\",\"@graph\":[{\"@type\":\"WebPage\",\"@id\":\"https:\/\/www.heartfailurematters.org\/pt-br\/o-que-o-seu-medico-ou-enfermeiro-pode-fazer\/diureticos\/\",\"url\":\"https:\/\/www.heartfailurematters.org\/pt-br\/o-que-o-seu-medico-ou-enfermeiro-pode-fazer\/diureticos\/\",\"name\":\"Diur\u00e9ticos e insufici\u00eancia card\u00edaca\",\"isPartOf\":{\"@id\":\"https:\/\/www.heartfailurematters.org\/pt-br\/#website\"},\"primaryImageOfPage\":{\"@id\":\"https:\/\/www.heartfailurematters.org\/pt-br\/o-que-o-seu-medico-ou-enfermeiro-pode-fazer\/diureticos\/#primaryimage\"},\"image\":{\"@id\":\"https:\/\/www.heartfailurematters.org\/pt-br\/o-que-o-seu-medico-ou-enfermeiro-pode-fazer\/diureticos\/#primaryimage\"},\"thumbnailUrl\":\"https:\/\/www.heartfailurematters.org\/wp-content\/uploads\/2022\/03\/shutterstock_441673426-1-min.jpg\",\"datePublished\":\"2021-01-27T22:06:20+00:00\",\"description\":\"Os diur\u00e9ticos incentivam os rins a produzir mais urina. Livrar-se desse excesso de fluido reduz o esfor\u00e7o para o cora\u00e7\u00e3o, pois h\u00e1 menos fluido para bombear\",\"breadcrumb\":{\"@id\":\"https:\/\/www.heartfailurematters.org\/pt-br\/o-que-o-seu-medico-ou-enfermeiro-pode-fazer\/diureticos\/#breadcrumb\"},\"inLanguage\":\"pt-BR\",\"potentialAction\":[{\"@type\":\"ReadAction\",\"target\":[\"https:\/\/www.heartfailurematters.org\/pt-br\/o-que-o-seu-medico-ou-enfermeiro-pode-fazer\/diureticos\/\"]}]},{\"@type\":\"ImageObject\",\"inLanguage\":\"pt-BR\",\"@id\":\"https:\/\/www.heartfailurematters.org\/pt-br\/o-que-o-seu-medico-ou-enfermeiro-pode-fazer\/diureticos\/#primaryimage\",\"url\":\"https:\/\/www.heartfailurematters.org\/wp-content\/uploads\/2022\/03\/shutterstock_441673426-1-min.jpg\",\"contentUrl\":\"https:\/\/www.heartfailurematters.org\/wp-content\/uploads\/2022\/03\/shutterstock_441673426-1-min.jpg\",\"width\":900,\"height\":596},{\"@type\":\"BreadcrumbList\",\"@id\":\"https:\/\/www.heartfailurematters.org\/pt-br\/o-que-o-seu-medico-ou-enfermeiro-pode-fazer\/diureticos\/#breadcrumb\",\"itemListElement\":[{\"@type\":\"ListItem\",\"position\":1,\"name\":\"P\u00e1gina inicial\",\"item\":\"https:\/\/www.heartfailurematters.org\/pt-br\/\"},{\"@type\":\"ListItem\",\"position\":2,\"name\":\"O que o seu m\u00e9dico pode fazer\",\"item\":\"https:\/\/www.heartfailurematters.org\/pt-br\/o-que-o-seu-medico-ou-enfermeiro-pode-fazer\/\"},{\"@type\":\"ListItem\",\"position\":3,\"name\":\"Diur\u00e9ticos\"}]},{\"@type\":\"WebSite\",\"@id\":\"https:\/\/www.heartfailurematters.org\/pt-br\/#website\",\"url\":\"https:\/\/www.heartfailurematters.org\/pt-br\/\",\"name\":\"Heart Failure Matters\",\"description\":\"Practical information for patients, families and caregivers.\",\"publisher\":{\"@id\":\"https:\/\/www.heartfailurematters.org\/pt-br\/#organization\"},\"potentialAction\":[{\"@type\":\"SearchAction\",\"target\":{\"@type\":\"EntryPoint\",\"urlTemplate\":\"https:\/\/www.heartfailurematters.org\/pt-br\/?s={search_term_string}\"},\"query-input\":{\"@type\":\"PropertyValueSpecification\",\"valueRequired\":true,\"valueName\":\"search_term_string\"}}],\"inLanguage\":\"pt-BR\"},{\"@type\":\"Organization\",\"@id\":\"https:\/\/www.heartfailurematters.org\/pt-br\/#organization\",\"name\":\"Heart Failure Matters\",\"url\":\"https:\/\/www.heartfailurematters.org\/pt-br\/\",\"logo\":{\"@type\":\"ImageObject\",\"inLanguage\":\"pt-BR\",\"@id\":\"https:\/\/www.heartfailurematters.org\/pt-br\/#\/schema\/logo\/image\/\",\"url\":\"https:\/\/cdn-endpoint-hfm.azureedge.net\/heartfailurematters\/2024\/07\/hfm-logo1.jpg\",\"contentUrl\":\"https:\/\/cdn-endpoint-hfm.azureedge.net\/heartfailurematters\/2024\/07\/hfm-logo1.jpg\",\"width\":1280,\"height\":720,\"caption\":\"Heart Failure Matters\"},\"image\":{\"@id\":\"https:\/\/www.heartfailurematters.org\/pt-br\/#\/schema\/logo\/image\/\"},\"sameAs\":[\"https:\/\/www.facebook.com\/heartfailurematters\"]}]}<\/script>\n<!-- \/ Yoast SEO plugin. -->","yoast_head_json":{"title":"Diur\u00e9ticos e insufici\u00eancia card\u00edaca","description":"Os diur\u00e9ticos incentivam os rins a produzir mais urina. Livrar-se desse excesso de fluido reduz o esfor\u00e7o para o cora\u00e7\u00e3o, pois h\u00e1 menos fluido para bombear","robots":{"index":"index","follow":"follow","max-snippet":"max-snippet:-1","max-image-preview":"max-image-preview:large","max-video-preview":"max-video-preview:-1"},"canonical":"https:\/\/www.heartfailurematters.org\/pt-br\/o-que-o-seu-medico-ou-enfermeiro-pode-fazer\/diureticos\/","og_locale":"pt_BR","og_type":"article","og_title":"Diur\u00e9ticos e insufici\u00eancia card\u00edaca","og_description":"Os diur\u00e9ticos incentivam os rins a produzir mais urina. Livrar-se desse excesso de fluido reduz o esfor\u00e7o para o cora\u00e7\u00e3o, pois h\u00e1 menos fluido para bombear","og_url":"https:\/\/www.heartfailurematters.org\/pt-br\/o-que-o-seu-medico-ou-enfermeiro-pode-fazer\/diureticos\/","og_site_name":"Heart Failure Matters","article_publisher":"https:\/\/www.facebook.com\/heartfailurematters","og_image":[{"width":900,"height":596,"url":"https:\/\/www.heartfailurematters.org\/wp-content\/uploads\/2022\/03\/shutterstock_441673426-1-min.jpg","type":"image\/jpeg"}],"twitter_card":"summary_large_image","twitter_misc":{"Est. tempo de leitura":"2 minutos"},"schema":{"@context":"https:\/\/schema.org","@graph":[{"@type":"WebPage","@id":"https:\/\/www.heartfailurematters.org\/pt-br\/o-que-o-seu-medico-ou-enfermeiro-pode-fazer\/diureticos\/","url":"https:\/\/www.heartfailurematters.org\/pt-br\/o-que-o-seu-medico-ou-enfermeiro-pode-fazer\/diureticos\/","name":"Diur\u00e9ticos e insufici\u00eancia card\u00edaca","isPartOf":{"@id":"https:\/\/www.heartfailurematters.org\/pt-br\/#website"},"primaryImageOfPage":{"@id":"https:\/\/www.heartfailurematters.org\/pt-br\/o-que-o-seu-medico-ou-enfermeiro-pode-fazer\/diureticos\/#primaryimage"},"image":{"@id":"https:\/\/www.heartfailurematters.org\/pt-br\/o-que-o-seu-medico-ou-enfermeiro-pode-fazer\/diureticos\/#primaryimage"},"thumbnailUrl":"https:\/\/www.heartfailurematters.org\/wp-content\/uploads\/2022\/03\/shutterstock_441673426-1-min.jpg","datePublished":"2021-01-27T22:06:20+00:00","description":"Os diur\u00e9ticos incentivam os rins a produzir mais urina. Livrar-se desse excesso de fluido reduz o esfor\u00e7o para o cora\u00e7\u00e3o, pois h\u00e1 menos fluido para bombear","breadcrumb":{"@id":"https:\/\/www.heartfailurematters.org\/pt-br\/o-que-o-seu-medico-ou-enfermeiro-pode-fazer\/diureticos\/#breadcrumb"},"inLanguage":"pt-BR","potentialAction":[{"@type":"ReadAction","target":["https:\/\/www.heartfailurematters.org\/pt-br\/o-que-o-seu-medico-ou-enfermeiro-pode-fazer\/diureticos\/"]}]},{"@type":"ImageObject","inLanguage":"pt-BR","@id":"https:\/\/www.heartfailurematters.org\/pt-br\/o-que-o-seu-medico-ou-enfermeiro-pode-fazer\/diureticos\/#primaryimage","url":"https:\/\/www.heartfailurematters.org\/wp-content\/uploads\/2022\/03\/shutterstock_441673426-1-min.jpg","contentUrl":"https:\/\/www.heartfailurematters.org\/wp-content\/uploads\/2022\/03\/shutterstock_441673426-1-min.jpg","width":900,"height":596},{"@type":"BreadcrumbList","@id":"https:\/\/www.heartfailurematters.org\/pt-br\/o-que-o-seu-medico-ou-enfermeiro-pode-fazer\/diureticos\/#breadcrumb","itemListElement":[{"@type":"ListItem","position":1,"name":"P\u00e1gina inicial","item":"https:\/\/www.heartfailurematters.org\/pt-br\/"},{"@type":"ListItem","position":2,"name":"O que o seu m\u00e9dico pode fazer","item":"https:\/\/www.heartfailurematters.org\/pt-br\/o-que-o-seu-medico-ou-enfermeiro-pode-fazer\/"},{"@type":"ListItem","position":3,"name":"Diur\u00e9ticos"}]},{"@type":"WebSite","@id":"https:\/\/www.heartfailurematters.org\/pt-br\/#website","url":"https:\/\/www.heartfailurematters.org\/pt-br\/","name":"Heart Failure Matters","description":"Practical information for patients, families and caregivers.","publisher":{"@id":"https:\/\/www.heartfailurematters.org\/pt-br\/#organization"},"potentialAction":[{"@type":"SearchAction","target":{"@type":"EntryPoint","urlTemplate":"https:\/\/www.heartfailurematters.org\/pt-br\/?s={search_term_string}"},"query-input":{"@type":"PropertyValueSpecification","valueRequired":true,"valueName":"search_term_string"}}],"inLanguage":"pt-BR"},{"@type":"Organization","@id":"https:\/\/www.heartfailurematters.org\/pt-br\/#organization","name":"Heart Failure Matters","url":"https:\/\/www.heartfailurematters.org\/pt-br\/","logo":{"@type":"ImageObject","inLanguage":"pt-BR","@id":"https:\/\/www.heartfailurematters.org\/pt-br\/#\/schema\/logo\/image\/","url":"https:\/\/cdn-endpoint-hfm.azureedge.net\/heartfailurematters\/2024\/07\/hfm-logo1.jpg","contentUrl":"https:\/\/cdn-endpoint-hfm.azureedge.net\/heartfailurematters\/2024\/07\/hfm-logo1.jpg","width":1280,"height":720,"caption":"Heart Failure Matters"},"image":{"@id":"https:\/\/www.heartfailurematters.org\/pt-br\/#\/schema\/logo\/image\/"},"sameAs":["https:\/\/www.facebook.com\/heartfailurematters"]}]}},"_links":{"self":[{"href":"https:\/\/www.heartfailurematters.org\/pt-br\/wp-json\/wp\/v2\/pages\/12605","targetHints":{"allow":["GET"]}}],"collection":[{"href":"https:\/\/www.heartfailurematters.org\/pt-br\/wp-json\/wp\/v2\/pages"}],"about":[{"href":"https:\/\/www.heartfailurematters.org\/pt-br\/wp-json\/wp\/v2\/types\/page"}],"author":[{"embeddable":true,"href":"https:\/\/www.heartfailurematters.org\/pt-br\/wp-json\/wp\/v2\/users\/1"}],"replies":[{"embeddable":true,"href":"https:\/\/www.heartfailurematters.org\/pt-br\/wp-json\/wp\/v2\/comments?post=12605"}],"version-history":[{"count":0,"href":"https:\/\/www.heartfailurematters.org\/pt-br\/wp-json\/wp\/v2\/pages\/12605\/revisions"}],"up":[{"embeddable":true,"href":"https:\/\/www.heartfailurematters.org\/pt-br\/wp-json\/wp\/v2\/pages\/13171"}],"wp:featuredmedia":[{"embeddable":true,"href":"https:\/\/www.heartfailurematters.org\/pt-br\/wp-json\/wp\/v2\/media\/12512"}],"wp:attachment":[{"href":"https:\/\/www.heartfailurematters.org\/pt-br\/wp-json\/wp\/v2\/media?parent=12605"}],"wp:term":[{"taxonomy":"category","embeddable":true,"href":"https:\/\/www.heartfailurematters.org\/pt-br\/wp-json\/wp\/v2\/categories?post=12605"},{"taxonomy":"post_tag","embeddable":true,"href":"https:\/\/www.heartfailurematters.org\/pt-br\/wp-json\/wp\/v2\/tags?post=12605"}],"curies":[{"name":"wp","href":"https:\/\/api.w.org\/{rel}","templated":true}]}}