{"id":12602,"date":"2021-01-27T22:06:27","date_gmt":"2021-01-27T22:06:27","guid":{"rendered":"https:\/\/www.heartfailurematters.org\/o-que-o-seu-medico-ou-enfermeiro-pode-fazer\/bloqueadores-beta\/"},"modified":"2021-01-27T22:06:27","modified_gmt":"2021-01-27T22:06:27","slug":"bloqueadores-beta","status":"publish","type":"page","link":"https:\/\/www.heartfailurematters.org\/pt-br\/o-que-o-seu-medico-ou-enfermeiro-pode-fazer\/bloqueadores-beta\/","title":{"rendered":"Bloqueadores beta"},"content":{"rendered":"<h2>Como funcionam?<\/h2>\n<p>Quando o cora&ccedil;&atilde;o n&atilde;o est&aacute; a bombear t&atilde;o bem como deveria, o organismo tenta compensar, produzindo <a class=\"addtooltip\" title=\"Hormona produzida em momentos de stress, que afeta a frequ&ecirc;ncia card&iacute;aca, a circula&ccedil;&atilde;o sangu&iacute;nea e outras fun&ccedil;&otilde;es do corpo.\"><strong title=\"\">adrenalina<\/strong><\/a> e noradrenalina, <a class=\"addtooltip\" title=\"Subst&acirc;ncias, libertadas no sangue por v&aacute;rias gl&acirc;ndulas do organismo, que regulam fun&ccedil;&otilde;es essenciais.\"><strong title=\"\">hormonas<\/strong><\/a> que fazem com que o cora&ccedil;&atilde;o bata mais depressa e aumentam a press&atilde;o arterial. Se este efeito for prolongado poder&aacute; ter efeitos nocivos no cora&ccedil;&atilde;o, que j&aacute; est&aacute; a fazer um esfor&ccedil;o maior para funcionar eficazmente. <a class=\"addtooltip\" title=\"Classe de medicamentos utilizada para baixar a frequ&ecirc;ncia card&iacute;aca ou a press&atilde;o arterial.\"><strong title=\"\">Os bloqueadores beta<\/strong><\/a> ajudam o cora&ccedil;&atilde;o a bater mais devagar, reduzem a press&atilde;o arterial e protegem o cora&ccedil;&atilde;o dos efeitos nocivos da atividade prolongada da <a class=\"addtooltip\" title=\"Hormona produzida em momentos de stress, que afeta a frequ&ecirc;ncia card&iacute;aca, a circula&ccedil;&atilde;o sangu&iacute;nea e outras fun&ccedil;&otilde;es do corpo.\"><strong title=\"\">adrenalina<\/strong><\/a> e <a class=\"addtooltip\" title=\"Hormona produzida em momentos de stress, que afeta a frequ&ecirc;ncia card&iacute;aca, a circula&ccedil;&atilde;o sangu&iacute;nea e outras fun&ccedil;&otilde;es do corpo.\"><strong title=\"\">atividade da <\/strong><\/a> noradrenalina.<\/p>\n<p><a class=\"addtooltip\" title=\"Classe de medicamentos utilizada para baixar a frequ&ecirc;ncia card&iacute;aca ou a press&atilde;o arterial.\"> <strong title=\"\">Os bloqueadores beta<\/strong><\/a> s&atilde;o uma parte importante da gest&atilde;o da insufici&ecirc;ncia card&iacute;aca. No entanto, as pessoas com insufici&ecirc;ncia card&iacute;aca moderada ou grave poder&atilde;o ter de come&ccedil;ar com uma dose reduzida, que ser&aacute; aumentada lentamente. Isto porque pode ocorrer um agravamento tempor&aacute;rio dos sintomas da insufici&ecirc;ncia card&iacute;aca nas primeiras semanas do tratamento com bloqueadores beta.<\/p>\n<h2>Quais s&atilde;o os benef&iacute;cios esperados?<\/h2>\n<p>Os bloqueadores beta demonstraram reduzir os internamentos relacionados com a insufici&ecirc;ncia card&iacute;aca, prolongar a vida e melhorar a toler&acirc;ncia &agrave; pr&aacute;tica de exerc&iacute;cio f&iacute;sico e a qualidade de vida.<\/p>\n<h2><strong>Efeitos secund&aacute;rios<\/strong><\/h2>\n<p>Uma vez que os <a class=\"addtooltip\" title=\"Uma classe de medicamentos utilizada para baixar a frequ&ecirc;ncia card&iacute;aca ou a press&atilde;o arterial.\"><strong title=\"\">bloqueadores beta<\/strong><\/a> reduzem a frequ&ecirc;ncia card&iacute;aca, tamb&eacute;m poder&atilde;o reduzir a toler&acirc;ncia &agrave; pr&aacute;tica de exerc&iacute;cio f&iacute;sico (capacidade de exerc&iacute;cio). Isto significa que poder&aacute; n&atilde;o ser capaz de realizar atividades f&iacute;sicas vigorosas sem sentir fadiga. Este efeito &eacute; normalmente tempor&aacute;rio e, depois, o seu m&eacute;dico poder&aacute; aumentar a dose lentamente.<\/p>\n<p>Por vezes, os <a class=\"addtooltip\" title=\"Classe de medicamentos utilizada para baixar a frequ&ecirc;ncia card&iacute;aca ou a press&atilde;o arterial.\"><strong title=\"\">bloqueadores beta<\/strong><\/a> podem arrefecer as m&atilde;os e os p&eacute;s.<\/p>\n<p>Os bloqueadores beta poder&atilde;o tamb&eacute;m agravar a&nbsp;<a class=\"addtooltip\" title=\"Doen&ccedil;a respirat&oacute;ria que causa o estreitamento das vias pulmonares, tornando a respira&ccedil;&atilde;o particularmente dif&iacute;cil.\"><strong title=\"\">asma,<\/strong><\/a>&nbsp;pelo que dever&aacute; informar o seu m&eacute;dico se tiver asma.<\/p>\n<p>Por vezes, pode ocorrer depress&atilde;o com a terap&ecirc;utica de bloqueadores beta. Dever&aacute; falar sobre quaisquer sintomas com o seu m&eacute;dico ou enfermeiro.<\/p>\n<h2><strong>Principais sugest&otilde;es<\/strong><\/h2>\n<p>Inicialmente, os bloqueadores beta podem causar tonturas e fadiga, porque reduzem a press&atilde;o arterial. Os pacientes que iniciarem uma terap&ecirc;utica com bloqueadores beta s&atilde;o aconselhados a &laquo;come&ccedil;ar com pouco e ir devagar&raquo;. Poder&aacute; demorar algumas semanas at&eacute; que se sinta melhor depois de come&ccedil;ar a tomar um bloqueador beta. Mas se continuar a sentir tonturas ap&oacute;s esse per&iacute;odo, contacte o seu m&eacute;dico ou enfermeiro para se certificar de que est&aacute; a ser-lhe administrada a dose adequada.<\/p>\n<p>&Eacute; &uacute;til anotar o peso diariamente e comunicar ao seu m&eacute;dico ou enfermeiro quaisquer altera&ccedil;&otilde;es significativas.<\/p>\n<p>Se tiver pieira ou falta de ar, contacte o seu m&eacute;dico, pois poder&aacute; ter a ver com os sintomas da&nbsp;<a class=\"addtooltip\" title=\"Doen&ccedil;a respirat&oacute;ria que causa o estreitamento das vias pulmonares, tornando a respira&ccedil;&atilde;o particularmente dif&iacute;cil.\"><strong title=\"\">asma<\/strong><\/a> subjacente.<\/p>\n<p>&Eacute; importante que n&atilde;o deixe de tomar de repente os <a class=\"addtooltip\" title=\"Classe de medicamentos utilizada para baixar a frequ&ecirc;ncia card&iacute;aca ou a press&atilde;o arterial.\"><strong title=\"\">bloqueadores beta<\/strong><\/a>. Qualquer redu&ccedil;&atilde;o da dose ou interrup&ccedil;&atilde;o do tratamento tem de ser discutida primeiro com o seu m&eacute;dico.<\/p>\n<h2>Tamb&eacute;m conhecido por:<\/h2>\n<ul>\n<li><strong>Acebutolol<br \/> <\/strong>(Sectral&reg;, Prent&reg;)<\/li>\n<li><strong>Atenolol<\/strong><br \/>(Tenormin&reg;, Tenormin Mite&reg;)<\/li>\n<li><strong>Bisoprolol<br \/> <\/strong>(Concor&reg;, Concor IC&reg;)<\/li>\n<li><strong>Carvedilol<\/strong><br \/>(Dilbloc&reg;, Dilbloc IC&reg;, Coronat&reg;, Coronat IC&reg;)<\/li>\n<li><strong>Celiprolol<br \/> <\/strong>(Celectol&reg;)<\/li>\n<li><strong>Labetalol<br \/> <\/strong>(Normodyne&reg;, Trandate&reg;, Normozyde&reg;)<\/li>\n<li><strong>Metoprolol<br \/> <\/strong>(Lopressor&reg;)<\/li>\n<li><strong>Nadolol<br \/> <\/strong>(Corgard&reg;)<\/li>\n<li><strong>Nebivolol<br \/> <\/strong>(Nebilet&reg;)<\/li>\n<li><strong>Oxprenolol<br \/> <\/strong>(Trasicor&reg;, Slow-Trasicor&reg;)<\/li>\n<li><strong>Pindolol<\/strong><br \/>(Visken&reg;)<\/li>\n<li><strong>Propanolol<br \/> <\/strong>(Inderal&reg;)<\/li>\n<li><strong>Sotalol<\/strong><br \/>(Darob&reg;)<\/li>\n<li><strong>Timolol<br \/> <\/strong>(Betim&reg;)<\/li>\n<li><strong>Produtos compostos<\/strong><br \/>(Tenoretic&reg;, Nebilet HTC&reg;)<\/li>\n<\/ul>\n<p><a href=\"https:\/\/www.heartfailurematters.org\/pt-pt\/o-que-o-seu-medico-ou-enfermeiro-pode-fazer\/medicamentos-para-a-insuficiencia-cardiaca\/\">Voltar &agrave; sec&ccedil;&atilde;o Medicamentos para a insufici&ecirc;ncia card&iacute;aca<\/a><\/p>\n","protected":false},"excerpt":{"rendered":"<p>Como funcionam? Quando o cora&ccedil;&atilde;o n&atilde;o est&aacute; a bombear t&atilde;o bem como deveria, o organismo tenta compensar, produzindo adrenalina e noradrenalina, hormonas que fazem com que o cora&ccedil;&atilde;o bata mais depressa e aumentam a press&atilde;o arterial. Se este efeito for prolongado poder&aacute; ter efeitos nocivos no cora&ccedil;&atilde;o, que j&aacute; est&aacute; a fazer um esfor&ccedil;o maior [&hellip;]<\/p>\n","protected":false},"author":1,"featured_media":12512,"parent":13171,"menu_order":0,"comment_status":"open","ping_status":"open","template":"","meta":{"_acf_changed":false,"footnotes":""},"categories":[],"tags":[],"class_list":["post-12602","page","type-page","status-publish","has-post-thumbnail","hentry"],"acf":[],"yoast_head":"<!-- This site is optimized with the Yoast SEO plugin v24.8.1 - https:\/\/yoast.com\/wordpress\/plugins\/seo\/ -->\n<title>Bloqueadores beta e insufici\u00eancia card\u00edaca<\/title>\n<meta name=\"description\" content=\"Bloqueadores beta para insufici\u00eancia card\u00edaca: descubra o que s\u00e3o, como podem ajudar e quais s\u00e3o os poss\u00edveis efeitos secund\u00e1rios\" \/>\n<meta name=\"robots\" content=\"index, follow, max-snippet:-1, max-image-preview:large, max-video-preview:-1\" \/>\n<link rel=\"canonical\" href=\"https:\/\/www.heartfailurematters.org\/pt-br\/o-que-o-seu-medico-ou-enfermeiro-pode-fazer\/bloqueadores-beta\/\" \/>\n<meta property=\"og:locale\" content=\"pt_BR\" \/>\n<meta property=\"og:type\" content=\"article\" \/>\n<meta property=\"og:title\" content=\"Bloqueadores beta e insufici\u00eancia card\u00edaca\" \/>\n<meta property=\"og:description\" content=\"Bloqueadores beta para insufici\u00eancia card\u00edaca: descubra o que s\u00e3o, como podem ajudar e quais s\u00e3o os poss\u00edveis efeitos secund\u00e1rios\" \/>\n<meta property=\"og:url\" content=\"https:\/\/www.heartfailurematters.org\/pt-br\/o-que-o-seu-medico-ou-enfermeiro-pode-fazer\/bloqueadores-beta\/\" \/>\n<meta property=\"og:site_name\" content=\"Heart Failure Matters\" \/>\n<meta property=\"article:publisher\" content=\"https:\/\/www.facebook.com\/heartfailurematters\" \/>\n<meta property=\"og:image\" content=\"https:\/\/www.heartfailurematters.org\/wp-content\/uploads\/2022\/03\/shutterstock_441673426-1-min.jpg\" \/>\n\t<meta property=\"og:image:width\" content=\"900\" \/>\n\t<meta property=\"og:image:height\" content=\"596\" \/>\n\t<meta property=\"og:image:type\" content=\"image\/jpeg\" \/>\n<meta name=\"twitter:card\" content=\"summary_large_image\" \/>\n<meta name=\"twitter:label1\" content=\"Est. tempo de leitura\" \/>\n\t<meta name=\"twitter:data1\" content=\"3 minutos\" \/>\n<script type=\"application\/ld+json\" class=\"yoast-schema-graph\">{\"@context\":\"https:\/\/schema.org\",\"@graph\":[{\"@type\":\"WebPage\",\"@id\":\"https:\/\/www.heartfailurematters.org\/pt-br\/o-que-o-seu-medico-ou-enfermeiro-pode-fazer\/bloqueadores-beta\/\",\"url\":\"https:\/\/www.heartfailurematters.org\/pt-br\/o-que-o-seu-medico-ou-enfermeiro-pode-fazer\/bloqueadores-beta\/\",\"name\":\"Bloqueadores beta e insufici\u00eancia card\u00edaca\",\"isPartOf\":{\"@id\":\"https:\/\/www.heartfailurematters.org\/pt-br\/#website\"},\"primaryImageOfPage\":{\"@id\":\"https:\/\/www.heartfailurematters.org\/pt-br\/o-que-o-seu-medico-ou-enfermeiro-pode-fazer\/bloqueadores-beta\/#primaryimage\"},\"image\":{\"@id\":\"https:\/\/www.heartfailurematters.org\/pt-br\/o-que-o-seu-medico-ou-enfermeiro-pode-fazer\/bloqueadores-beta\/#primaryimage\"},\"thumbnailUrl\":\"https:\/\/www.heartfailurematters.org\/wp-content\/uploads\/2022\/03\/shutterstock_441673426-1-min.jpg\",\"datePublished\":\"2021-01-27T22:06:27+00:00\",\"description\":\"Bloqueadores beta para insufici\u00eancia card\u00edaca: descubra o que s\u00e3o, como podem ajudar e quais s\u00e3o os poss\u00edveis efeitos secund\u00e1rios\",\"breadcrumb\":{\"@id\":\"https:\/\/www.heartfailurematters.org\/pt-br\/o-que-o-seu-medico-ou-enfermeiro-pode-fazer\/bloqueadores-beta\/#breadcrumb\"},\"inLanguage\":\"pt-BR\",\"potentialAction\":[{\"@type\":\"ReadAction\",\"target\":[\"https:\/\/www.heartfailurematters.org\/pt-br\/o-que-o-seu-medico-ou-enfermeiro-pode-fazer\/bloqueadores-beta\/\"]}]},{\"@type\":\"ImageObject\",\"inLanguage\":\"pt-BR\",\"@id\":\"https:\/\/www.heartfailurematters.org\/pt-br\/o-que-o-seu-medico-ou-enfermeiro-pode-fazer\/bloqueadores-beta\/#primaryimage\",\"url\":\"https:\/\/www.heartfailurematters.org\/wp-content\/uploads\/2022\/03\/shutterstock_441673426-1-min.jpg\",\"contentUrl\":\"https:\/\/www.heartfailurematters.org\/wp-content\/uploads\/2022\/03\/shutterstock_441673426-1-min.jpg\",\"width\":900,\"height\":596},{\"@type\":\"BreadcrumbList\",\"@id\":\"https:\/\/www.heartfailurematters.org\/pt-br\/o-que-o-seu-medico-ou-enfermeiro-pode-fazer\/bloqueadores-beta\/#breadcrumb\",\"itemListElement\":[{\"@type\":\"ListItem\",\"position\":1,\"name\":\"P\u00e1gina inicial\",\"item\":\"https:\/\/www.heartfailurematters.org\/pt-br\/\"},{\"@type\":\"ListItem\",\"position\":2,\"name\":\"O que o seu m\u00e9dico pode fazer\",\"item\":\"https:\/\/www.heartfailurematters.org\/pt-br\/o-que-o-seu-medico-ou-enfermeiro-pode-fazer\/\"},{\"@type\":\"ListItem\",\"position\":3,\"name\":\"Bloqueadores beta\"}]},{\"@type\":\"WebSite\",\"@id\":\"https:\/\/www.heartfailurematters.org\/pt-br\/#website\",\"url\":\"https:\/\/www.heartfailurematters.org\/pt-br\/\",\"name\":\"Heart Failure Matters\",\"description\":\"Practical information for patients, families and caregivers.\",\"publisher\":{\"@id\":\"https:\/\/www.heartfailurematters.org\/pt-br\/#organization\"},\"potentialAction\":[{\"@type\":\"SearchAction\",\"target\":{\"@type\":\"EntryPoint\",\"urlTemplate\":\"https:\/\/www.heartfailurematters.org\/pt-br\/?s={search_term_string}\"},\"query-input\":{\"@type\":\"PropertyValueSpecification\",\"valueRequired\":true,\"valueName\":\"search_term_string\"}}],\"inLanguage\":\"pt-BR\"},{\"@type\":\"Organization\",\"@id\":\"https:\/\/www.heartfailurematters.org\/pt-br\/#organization\",\"name\":\"Heart Failure Matters\",\"url\":\"https:\/\/www.heartfailurematters.org\/pt-br\/\",\"logo\":{\"@type\":\"ImageObject\",\"inLanguage\":\"pt-BR\",\"@id\":\"https:\/\/www.heartfailurematters.org\/pt-br\/#\/schema\/logo\/image\/\",\"url\":\"https:\/\/cdn-endpoint-hfm.azureedge.net\/heartfailurematters\/2024\/07\/hfm-logo1.jpg\",\"contentUrl\":\"https:\/\/cdn-endpoint-hfm.azureedge.net\/heartfailurematters\/2024\/07\/hfm-logo1.jpg\",\"width\":1280,\"height\":720,\"caption\":\"Heart Failure Matters\"},\"image\":{\"@id\":\"https:\/\/www.heartfailurematters.org\/pt-br\/#\/schema\/logo\/image\/\"},\"sameAs\":[\"https:\/\/www.facebook.com\/heartfailurematters\"]}]}<\/script>\n<!-- \/ Yoast SEO plugin. -->","yoast_head_json":{"title":"Bloqueadores beta e insufici\u00eancia card\u00edaca","description":"Bloqueadores beta para insufici\u00eancia card\u00edaca: descubra o que s\u00e3o, como podem ajudar e quais s\u00e3o os poss\u00edveis efeitos secund\u00e1rios","robots":{"index":"index","follow":"follow","max-snippet":"max-snippet:-1","max-image-preview":"max-image-preview:large","max-video-preview":"max-video-preview:-1"},"canonical":"https:\/\/www.heartfailurematters.org\/pt-br\/o-que-o-seu-medico-ou-enfermeiro-pode-fazer\/bloqueadores-beta\/","og_locale":"pt_BR","og_type":"article","og_title":"Bloqueadores beta e insufici\u00eancia card\u00edaca","og_description":"Bloqueadores beta para insufici\u00eancia card\u00edaca: descubra o que s\u00e3o, como podem ajudar e quais s\u00e3o os poss\u00edveis efeitos secund\u00e1rios","og_url":"https:\/\/www.heartfailurematters.org\/pt-br\/o-que-o-seu-medico-ou-enfermeiro-pode-fazer\/bloqueadores-beta\/","og_site_name":"Heart Failure Matters","article_publisher":"https:\/\/www.facebook.com\/heartfailurematters","og_image":[{"width":900,"height":596,"url":"https:\/\/www.heartfailurematters.org\/wp-content\/uploads\/2022\/03\/shutterstock_441673426-1-min.jpg","type":"image\/jpeg"}],"twitter_card":"summary_large_image","twitter_misc":{"Est. tempo de leitura":"3 minutos"},"schema":{"@context":"https:\/\/schema.org","@graph":[{"@type":"WebPage","@id":"https:\/\/www.heartfailurematters.org\/pt-br\/o-que-o-seu-medico-ou-enfermeiro-pode-fazer\/bloqueadores-beta\/","url":"https:\/\/www.heartfailurematters.org\/pt-br\/o-que-o-seu-medico-ou-enfermeiro-pode-fazer\/bloqueadores-beta\/","name":"Bloqueadores beta e insufici\u00eancia card\u00edaca","isPartOf":{"@id":"https:\/\/www.heartfailurematters.org\/pt-br\/#website"},"primaryImageOfPage":{"@id":"https:\/\/www.heartfailurematters.org\/pt-br\/o-que-o-seu-medico-ou-enfermeiro-pode-fazer\/bloqueadores-beta\/#primaryimage"},"image":{"@id":"https:\/\/www.heartfailurematters.org\/pt-br\/o-que-o-seu-medico-ou-enfermeiro-pode-fazer\/bloqueadores-beta\/#primaryimage"},"thumbnailUrl":"https:\/\/www.heartfailurematters.org\/wp-content\/uploads\/2022\/03\/shutterstock_441673426-1-min.jpg","datePublished":"2021-01-27T22:06:27+00:00","description":"Bloqueadores beta para insufici\u00eancia card\u00edaca: descubra o que s\u00e3o, como podem ajudar e quais s\u00e3o os poss\u00edveis efeitos secund\u00e1rios","breadcrumb":{"@id":"https:\/\/www.heartfailurematters.org\/pt-br\/o-que-o-seu-medico-ou-enfermeiro-pode-fazer\/bloqueadores-beta\/#breadcrumb"},"inLanguage":"pt-BR","potentialAction":[{"@type":"ReadAction","target":["https:\/\/www.heartfailurematters.org\/pt-br\/o-que-o-seu-medico-ou-enfermeiro-pode-fazer\/bloqueadores-beta\/"]}]},{"@type":"ImageObject","inLanguage":"pt-BR","@id":"https:\/\/www.heartfailurematters.org\/pt-br\/o-que-o-seu-medico-ou-enfermeiro-pode-fazer\/bloqueadores-beta\/#primaryimage","url":"https:\/\/www.heartfailurematters.org\/wp-content\/uploads\/2022\/03\/shutterstock_441673426-1-min.jpg","contentUrl":"https:\/\/www.heartfailurematters.org\/wp-content\/uploads\/2022\/03\/shutterstock_441673426-1-min.jpg","width":900,"height":596},{"@type":"BreadcrumbList","@id":"https:\/\/www.heartfailurematters.org\/pt-br\/o-que-o-seu-medico-ou-enfermeiro-pode-fazer\/bloqueadores-beta\/#breadcrumb","itemListElement":[{"@type":"ListItem","position":1,"name":"P\u00e1gina inicial","item":"https:\/\/www.heartfailurematters.org\/pt-br\/"},{"@type":"ListItem","position":2,"name":"O que o seu m\u00e9dico pode fazer","item":"https:\/\/www.heartfailurematters.org\/pt-br\/o-que-o-seu-medico-ou-enfermeiro-pode-fazer\/"},{"@type":"ListItem","position":3,"name":"Bloqueadores beta"}]},{"@type":"WebSite","@id":"https:\/\/www.heartfailurematters.org\/pt-br\/#website","url":"https:\/\/www.heartfailurematters.org\/pt-br\/","name":"Heart Failure Matters","description":"Practical information for patients, families and caregivers.","publisher":{"@id":"https:\/\/www.heartfailurematters.org\/pt-br\/#organization"},"potentialAction":[{"@type":"SearchAction","target":{"@type":"EntryPoint","urlTemplate":"https:\/\/www.heartfailurematters.org\/pt-br\/?s={search_term_string}"},"query-input":{"@type":"PropertyValueSpecification","valueRequired":true,"valueName":"search_term_string"}}],"inLanguage":"pt-BR"},{"@type":"Organization","@id":"https:\/\/www.heartfailurematters.org\/pt-br\/#organization","name":"Heart Failure Matters","url":"https:\/\/www.heartfailurematters.org\/pt-br\/","logo":{"@type":"ImageObject","inLanguage":"pt-BR","@id":"https:\/\/www.heartfailurematters.org\/pt-br\/#\/schema\/logo\/image\/","url":"https:\/\/cdn-endpoint-hfm.azureedge.net\/heartfailurematters\/2024\/07\/hfm-logo1.jpg","contentUrl":"https:\/\/cdn-endpoint-hfm.azureedge.net\/heartfailurematters\/2024\/07\/hfm-logo1.jpg","width":1280,"height":720,"caption":"Heart Failure Matters"},"image":{"@id":"https:\/\/www.heartfailurematters.org\/pt-br\/#\/schema\/logo\/image\/"},"sameAs":["https:\/\/www.facebook.com\/heartfailurematters"]}]}},"_links":{"self":[{"href":"https:\/\/www.heartfailurematters.org\/pt-br\/wp-json\/wp\/v2\/pages\/12602","targetHints":{"allow":["GET"]}}],"collection":[{"href":"https:\/\/www.heartfailurematters.org\/pt-br\/wp-json\/wp\/v2\/pages"}],"about":[{"href":"https:\/\/www.heartfailurematters.org\/pt-br\/wp-json\/wp\/v2\/types\/page"}],"author":[{"embeddable":true,"href":"https:\/\/www.heartfailurematters.org\/pt-br\/wp-json\/wp\/v2\/users\/1"}],"replies":[{"embeddable":true,"href":"https:\/\/www.heartfailurematters.org\/pt-br\/wp-json\/wp\/v2\/comments?post=12602"}],"version-history":[{"count":0,"href":"https:\/\/www.heartfailurematters.org\/pt-br\/wp-json\/wp\/v2\/pages\/12602\/revisions"}],"up":[{"embeddable":true,"href":"https:\/\/www.heartfailurematters.org\/pt-br\/wp-json\/wp\/v2\/pages\/13171"}],"wp:featuredmedia":[{"embeddable":true,"href":"https:\/\/www.heartfailurematters.org\/pt-br\/wp-json\/wp\/v2\/media\/12512"}],"wp:attachment":[{"href":"https:\/\/www.heartfailurematters.org\/pt-br\/wp-json\/wp\/v2\/media?parent=12602"}],"wp:term":[{"taxonomy":"category","embeddable":true,"href":"https:\/\/www.heartfailurematters.org\/pt-br\/wp-json\/wp\/v2\/categories?post=12602"},{"taxonomy":"post_tag","embeddable":true,"href":"https:\/\/www.heartfailurematters.org\/pt-br\/wp-json\/wp\/v2\/tags?post=12602"}],"curies":[{"name":"wp","href":"https:\/\/api.w.org\/{rel}","templated":true}]}}