{"id":12599,"date":"2021-01-27T22:06:35","date_gmt":"2021-01-27T22:06:35","guid":{"rendered":"https:\/\/www.heartfailurematters.org\/para-os-cuidadores\/ajudar-nas-questoes-dos-cuidados-medicos\/"},"modified":"2021-01-27T22:06:35","modified_gmt":"2021-01-27T22:06:35","slug":"ajudar-nas-questoes-dos-cuidados-medicos","status":"publish","type":"page","link":"https:\/\/www.heartfailurematters.org\/pt-br\/para-os-cuidadores\/ajudar-nas-questoes-dos-cuidados-medicos\/","title":{"rendered":"Ajudar nas quest\u00f5es dos cuidados m\u00e9dicos"},"content":{"rendered":"<p>As quest\u00f5es relacionadas com os cuidados m\u00e9dicos podem ser particularmente confusas e complicadas no in\u00edcio, pois \u00e9 muita informa\u00e7\u00e3o para assimilar.<\/p>\n<p>Seguem-se algumas sugest\u00f5es para saber como pode ajudar nas necessidades m\u00e9dicas do seu c\u00f4njuge ou familiar:<\/p>\n<ul>\n<li>Participe ativamente nas consultas com o m\u00e9dico, fazendo perguntas e tirando notas, mas sem dominar a conversa. Isto ir\u00e1 permitir-lhe ajudar o seu c\u00f4njuge ou familiar a manter um registo das informa\u00e7\u00f5es sobre os <a title=\"\" href=\"https:\/\/www.heartfailurematters.org\/pt-pt\/o-que-o-seu-medico-ou-enfermeiro-pode-fazer\/medicamentos-para-a-insuficiencia-cardiaca\/\">medicamentos para a insufici\u00eancia card\u00edaca<\/a>, <a title=\"\" href=\"https:\/\/www.heartfailurematters.org\/pt-br\/o-que-pode-fazer\/ajustar-a-alimentacao\/\">alimenta\u00e7\u00e3o<\/a>\u00a0e <a title=\"\" href=\"https:\/\/www.heartfailurematters.org\/pt-pt\/o-que-pode-fazer\/atividade-e-exercicio-fisico\/\">exerc\u00edcio f\u00edsico<\/a>.<\/li>\n<li>Ajude o seu c\u00f4njuge, familiar ou prestador de cuidados a seguir os conselhos do m\u00e9dico e do enfermeiro, dando apoio moral e pr\u00e1tico. Por exemplo: <a title=\"\" href=\"https:\/\/www.heartfailurematters.org\/what-your-doctor-can-do\/the-importance-of-taking-your-medicines\/\">ajude-o a\u00a0gerir os medicamentos<\/a>, ofere\u00e7a-se para <a title=\"\" href=\"https:\/\/www.heartfailurematters.org\/pt-pt\/o-que-pode-fazer\/atividade-e-exercicio-fisico\/\">praticar exerc\u00edcio f\u00edsico<\/a>\u00a0juntos e regularmente e, se fuma, deixe de\u00a0<a title=\"\" href=\"https:\/\/www.heartfailurematters.org\/what-you-can-do\/smoking-vaping\/\">fumar<\/a>\u00a0ao mesmo tempo, compre e cozinhe refei\u00e7\u00f5es saud\u00e1veis, com baixo teor de sal, que ambos gostem e recorde-o delicadamente a import\u00e2ncia das mudan\u00e7as na\u00a0<a title=\"\" href=\"https:\/\/www.heartfailurematters.org\/pt-br\/o-que-pode-fazer\/ajustar-a-alimentacao\/\">alimenta\u00e7\u00e3o<\/a>, ajude-o a controlar os sintomas, <a title=\"\" href=\"https:\/\/www.heartfailurematters.org\/pt-br\/o-que-pode-fazer\/adaptar-a-alimentacao-manter-um-peso-saudavel\/\">pesando-se diariamente<\/a>\u00a0e medindo a <a title=\"\" href=\"https:\/\/www.heartfailurematters.org\/what-you-can-do\/taking-your-own-blood-pressure-and-pulse\/\">frequ\u00eancia card\u00edaca e a press\u00e3o arterial<\/a>\u00a0duas vezes por semana.<\/li>\n<li>Incentive o seu c\u00f4njuge ou familiar a ser <a title=\"\" href=\"https:\/\/www.heartfailurematters.org\/pt-pt\/viver-com-insuficiencia-cardiaca\/vacinacao\/\">vacinado contra o v\u00edrus da influenza e da pneumonia<\/a>, caso tenha sido recomendado pelo m\u00e9dico ou enfermeiro.<\/li>\n<li>Monitorize o progresso do seu c\u00f4njuge ou familiar. Frequentemente, os m\u00e9dicos e enfermeiros recorrem aos familiares prestadores de cuidados para obter informa\u00e7\u00f5es sobre o estado de sa\u00fade do doente, altera\u00e7\u00f5es nos sintomas e progresso relativamente \u00e0s recomenda\u00e7\u00f5es da pr\u00e1tica de exerc\u00edcio f\u00edsico e alimenta\u00e7\u00e3o. Pode obter mais informa\u00e7\u00f5es sobre as quest\u00f5es a que deve estar atento na <a href=\"https:\/\/www.heartfailurematters.org\/pt-pt\/sinais-de-aviso\/dor-toracica\/\">sec\u00e7\u00e3o Sinais de aviso<\/a>.<\/li>\n<\/ul>\n<p><a title=\"\" href=\"https:\/\/www.heartfailurematters.org\/pt-pt\/para-os-cuidadores\/compreender-o-seu-papel\/\">Voltar \u00e0 sec\u00e7\u00e3o Compreender o seu papel<\/a><\/p>\n","protected":false},"excerpt":{"rendered":"<p>As quest\u00f5es relacionadas com os cuidados m\u00e9dicos podem ser particularmente confusas e complicadas no in\u00edcio, pois \u00e9 muita informa\u00e7\u00e3o para assimilar. Seguem-se algumas sugest\u00f5es para saber como pode ajudar nas necessidades m\u00e9dicas do seu c\u00f4njuge ou familiar: Participe ativamente nas consultas com o m\u00e9dico, fazendo perguntas e tirando notas, mas sem dominar a conversa. Isto [&hellip;]<\/p>\n","protected":false},"author":1,"featured_media":12535,"parent":13177,"menu_order":0,"comment_status":"open","ping_status":"open","template":"","meta":{"_acf_changed":false,"footnotes":""},"categories":[],"tags":[],"class_list":["post-12599","page","type-page","status-publish","has-post-thumbnail","hentry"],"acf":[],"yoast_head":"<!-- This site is optimized with the Yoast SEO plugin v24.8.1 - https:\/\/yoast.com\/wordpress\/plugins\/seo\/ -->\n<title>Ajudar nas quest\u00f5es dos cuidados m\u00e9dicos<\/title>\n<meta name=\"description\" content=\"Quest\u00f5es sobre cuidados m\u00e9dicos podem ser particularmente confusas e esmagadoras no in\u00edcio, porque pode existe muita informa\u00e7\u00e3o para reter. Saiba mais aqui\" \/>\n<meta name=\"robots\" content=\"index, follow, max-snippet:-1, max-image-preview:large, max-video-preview:-1\" \/>\n<link rel=\"canonical\" href=\"https:\/\/www.heartfailurematters.org\/pt-br\/para-os-cuidadores\/ajudar-nas-questoes-dos-cuidados-medicos\/\" \/>\n<meta property=\"og:locale\" content=\"pt_BR\" \/>\n<meta property=\"og:type\" content=\"article\" \/>\n<meta property=\"og:title\" content=\"Ajudar nas quest\u00f5es dos cuidados m\u00e9dicos\" \/>\n<meta property=\"og:description\" content=\"Quest\u00f5es sobre cuidados m\u00e9dicos podem ser particularmente confusas e esmagadoras no in\u00edcio, porque pode existe muita informa\u00e7\u00e3o para reter. Saiba mais aqui\" \/>\n<meta property=\"og:url\" content=\"https:\/\/www.heartfailurematters.org\/pt-br\/para-os-cuidadores\/ajudar-nas-questoes-dos-cuidados-medicos\/\" \/>\n<meta property=\"og:site_name\" content=\"Heart Failure Matters\" \/>\n<meta property=\"article:publisher\" content=\"https:\/\/www.facebook.com\/heartfailurematters\" \/>\n<meta property=\"og:image\" content=\"https:\/\/www.heartfailurematters.org\/wp-content\/uploads\/2022\/03\/shutterstock_326634329-1-min.jpg\" \/>\n\t<meta property=\"og:image:width\" content=\"900\" \/>\n\t<meta property=\"og:image:height\" content=\"600\" \/>\n\t<meta property=\"og:image:type\" content=\"image\/jpeg\" \/>\n<meta name=\"twitter:card\" content=\"summary_large_image\" \/>\n<meta name=\"twitter:label1\" content=\"Est. tempo de leitura\" \/>\n\t<meta name=\"twitter:data1\" content=\"2 minutos\" \/>\n<script type=\"application\/ld+json\" class=\"yoast-schema-graph\">{\"@context\":\"https:\/\/schema.org\",\"@graph\":[{\"@type\":\"WebPage\",\"@id\":\"https:\/\/www.heartfailurematters.org\/pt-br\/para-os-cuidadores\/ajudar-nas-questoes-dos-cuidados-medicos\/\",\"url\":\"https:\/\/www.heartfailurematters.org\/pt-br\/para-os-cuidadores\/ajudar-nas-questoes-dos-cuidados-medicos\/\",\"name\":\"Ajudar nas quest\u00f5es dos cuidados m\u00e9dicos\",\"isPartOf\":{\"@id\":\"https:\/\/www.heartfailurematters.org\/pt-br\/#website\"},\"primaryImageOfPage\":{\"@id\":\"https:\/\/www.heartfailurematters.org\/pt-br\/para-os-cuidadores\/ajudar-nas-questoes-dos-cuidados-medicos\/#primaryimage\"},\"image\":{\"@id\":\"https:\/\/www.heartfailurematters.org\/pt-br\/para-os-cuidadores\/ajudar-nas-questoes-dos-cuidados-medicos\/#primaryimage\"},\"thumbnailUrl\":\"https:\/\/www.heartfailurematters.org\/wp-content\/uploads\/2022\/03\/shutterstock_326634329-1-min.jpg\",\"datePublished\":\"2021-01-27T22:06:35+00:00\",\"description\":\"Quest\u00f5es sobre cuidados m\u00e9dicos podem ser particularmente confusas e esmagadoras no in\u00edcio, porque pode existe muita informa\u00e7\u00e3o para reter. Saiba mais aqui\",\"breadcrumb\":{\"@id\":\"https:\/\/www.heartfailurematters.org\/pt-br\/para-os-cuidadores\/ajudar-nas-questoes-dos-cuidados-medicos\/#breadcrumb\"},\"inLanguage\":\"pt-BR\",\"potentialAction\":[{\"@type\":\"ReadAction\",\"target\":[\"https:\/\/www.heartfailurematters.org\/pt-br\/para-os-cuidadores\/ajudar-nas-questoes-dos-cuidados-medicos\/\"]}]},{\"@type\":\"ImageObject\",\"inLanguage\":\"pt-BR\",\"@id\":\"https:\/\/www.heartfailurematters.org\/pt-br\/para-os-cuidadores\/ajudar-nas-questoes-dos-cuidados-medicos\/#primaryimage\",\"url\":\"https:\/\/www.heartfailurematters.org\/wp-content\/uploads\/2022\/03\/shutterstock_326634329-1-min.jpg\",\"contentUrl\":\"https:\/\/www.heartfailurematters.org\/wp-content\/uploads\/2022\/03\/shutterstock_326634329-1-min.jpg\",\"width\":900,\"height\":600},{\"@type\":\"BreadcrumbList\",\"@id\":\"https:\/\/www.heartfailurematters.org\/pt-br\/para-os-cuidadores\/ajudar-nas-questoes-dos-cuidados-medicos\/#breadcrumb\",\"itemListElement\":[{\"@type\":\"ListItem\",\"position\":1,\"name\":\"P\u00e1gina inicial\",\"item\":\"https:\/\/www.heartfailurematters.org\/pt-br\/\"},{\"@type\":\"ListItem\",\"position\":2,\"name\":\"Para cuidadores\",\"item\":\"https:\/\/www.heartfailurematters.org\/pt-br\/para-os-cuidadores\/\"},{\"@type\":\"ListItem\",\"position\":3,\"name\":\"Ajudar nas quest\u00f5es dos cuidados m\u00e9dicos\"}]},{\"@type\":\"WebSite\",\"@id\":\"https:\/\/www.heartfailurematters.org\/pt-br\/#website\",\"url\":\"https:\/\/www.heartfailurematters.org\/pt-br\/\",\"name\":\"Heart Failure Matters\",\"description\":\"Practical information for patients, families and caregivers.\",\"publisher\":{\"@id\":\"https:\/\/www.heartfailurematters.org\/pt-br\/#organization\"},\"potentialAction\":[{\"@type\":\"SearchAction\",\"target\":{\"@type\":\"EntryPoint\",\"urlTemplate\":\"https:\/\/www.heartfailurematters.org\/pt-br\/?s={search_term_string}\"},\"query-input\":{\"@type\":\"PropertyValueSpecification\",\"valueRequired\":true,\"valueName\":\"search_term_string\"}}],\"inLanguage\":\"pt-BR\"},{\"@type\":\"Organization\",\"@id\":\"https:\/\/www.heartfailurematters.org\/pt-br\/#organization\",\"name\":\"Heart Failure Matters\",\"url\":\"https:\/\/www.heartfailurematters.org\/pt-br\/\",\"logo\":{\"@type\":\"ImageObject\",\"inLanguage\":\"pt-BR\",\"@id\":\"https:\/\/www.heartfailurematters.org\/pt-br\/#\/schema\/logo\/image\/\",\"url\":\"https:\/\/cdn-endpoint-hfm.azureedge.net\/heartfailurematters\/2024\/07\/hfm-logo1.jpg\",\"contentUrl\":\"https:\/\/cdn-endpoint-hfm.azureedge.net\/heartfailurematters\/2024\/07\/hfm-logo1.jpg\",\"width\":1280,\"height\":720,\"caption\":\"Heart Failure Matters\"},\"image\":{\"@id\":\"https:\/\/www.heartfailurematters.org\/pt-br\/#\/schema\/logo\/image\/\"},\"sameAs\":[\"https:\/\/www.facebook.com\/heartfailurematters\"]}]}<\/script>\n<!-- \/ Yoast SEO plugin. -->","yoast_head_json":{"title":"Ajudar nas quest\u00f5es dos cuidados m\u00e9dicos","description":"Quest\u00f5es sobre cuidados m\u00e9dicos podem ser particularmente confusas e esmagadoras no in\u00edcio, porque pode existe muita informa\u00e7\u00e3o para reter. Saiba mais aqui","robots":{"index":"index","follow":"follow","max-snippet":"max-snippet:-1","max-image-preview":"max-image-preview:large","max-video-preview":"max-video-preview:-1"},"canonical":"https:\/\/www.heartfailurematters.org\/pt-br\/para-os-cuidadores\/ajudar-nas-questoes-dos-cuidados-medicos\/","og_locale":"pt_BR","og_type":"article","og_title":"Ajudar nas quest\u00f5es dos cuidados m\u00e9dicos","og_description":"Quest\u00f5es sobre cuidados m\u00e9dicos podem ser particularmente confusas e esmagadoras no in\u00edcio, porque pode existe muita informa\u00e7\u00e3o para reter. Saiba mais aqui","og_url":"https:\/\/www.heartfailurematters.org\/pt-br\/para-os-cuidadores\/ajudar-nas-questoes-dos-cuidados-medicos\/","og_site_name":"Heart Failure Matters","article_publisher":"https:\/\/www.facebook.com\/heartfailurematters","og_image":[{"width":900,"height":600,"url":"https:\/\/www.heartfailurematters.org\/wp-content\/uploads\/2022\/03\/shutterstock_326634329-1-min.jpg","type":"image\/jpeg"}],"twitter_card":"summary_large_image","twitter_misc":{"Est. tempo de leitura":"2 minutos"},"schema":{"@context":"https:\/\/schema.org","@graph":[{"@type":"WebPage","@id":"https:\/\/www.heartfailurematters.org\/pt-br\/para-os-cuidadores\/ajudar-nas-questoes-dos-cuidados-medicos\/","url":"https:\/\/www.heartfailurematters.org\/pt-br\/para-os-cuidadores\/ajudar-nas-questoes-dos-cuidados-medicos\/","name":"Ajudar nas quest\u00f5es dos cuidados m\u00e9dicos","isPartOf":{"@id":"https:\/\/www.heartfailurematters.org\/pt-br\/#website"},"primaryImageOfPage":{"@id":"https:\/\/www.heartfailurematters.org\/pt-br\/para-os-cuidadores\/ajudar-nas-questoes-dos-cuidados-medicos\/#primaryimage"},"image":{"@id":"https:\/\/www.heartfailurematters.org\/pt-br\/para-os-cuidadores\/ajudar-nas-questoes-dos-cuidados-medicos\/#primaryimage"},"thumbnailUrl":"https:\/\/www.heartfailurematters.org\/wp-content\/uploads\/2022\/03\/shutterstock_326634329-1-min.jpg","datePublished":"2021-01-27T22:06:35+00:00","description":"Quest\u00f5es sobre cuidados m\u00e9dicos podem ser particularmente confusas e esmagadoras no in\u00edcio, porque pode existe muita informa\u00e7\u00e3o para reter. Saiba mais aqui","breadcrumb":{"@id":"https:\/\/www.heartfailurematters.org\/pt-br\/para-os-cuidadores\/ajudar-nas-questoes-dos-cuidados-medicos\/#breadcrumb"},"inLanguage":"pt-BR","potentialAction":[{"@type":"ReadAction","target":["https:\/\/www.heartfailurematters.org\/pt-br\/para-os-cuidadores\/ajudar-nas-questoes-dos-cuidados-medicos\/"]}]},{"@type":"ImageObject","inLanguage":"pt-BR","@id":"https:\/\/www.heartfailurematters.org\/pt-br\/para-os-cuidadores\/ajudar-nas-questoes-dos-cuidados-medicos\/#primaryimage","url":"https:\/\/www.heartfailurematters.org\/wp-content\/uploads\/2022\/03\/shutterstock_326634329-1-min.jpg","contentUrl":"https:\/\/www.heartfailurematters.org\/wp-content\/uploads\/2022\/03\/shutterstock_326634329-1-min.jpg","width":900,"height":600},{"@type":"BreadcrumbList","@id":"https:\/\/www.heartfailurematters.org\/pt-br\/para-os-cuidadores\/ajudar-nas-questoes-dos-cuidados-medicos\/#breadcrumb","itemListElement":[{"@type":"ListItem","position":1,"name":"P\u00e1gina inicial","item":"https:\/\/www.heartfailurematters.org\/pt-br\/"},{"@type":"ListItem","position":2,"name":"Para cuidadores","item":"https:\/\/www.heartfailurematters.org\/pt-br\/para-os-cuidadores\/"},{"@type":"ListItem","position":3,"name":"Ajudar nas quest\u00f5es dos cuidados m\u00e9dicos"}]},{"@type":"WebSite","@id":"https:\/\/www.heartfailurematters.org\/pt-br\/#website","url":"https:\/\/www.heartfailurematters.org\/pt-br\/","name":"Heart Failure Matters","description":"Practical information for patients, families and caregivers.","publisher":{"@id":"https:\/\/www.heartfailurematters.org\/pt-br\/#organization"},"potentialAction":[{"@type":"SearchAction","target":{"@type":"EntryPoint","urlTemplate":"https:\/\/www.heartfailurematters.org\/pt-br\/?s={search_term_string}"},"query-input":{"@type":"PropertyValueSpecification","valueRequired":true,"valueName":"search_term_string"}}],"inLanguage":"pt-BR"},{"@type":"Organization","@id":"https:\/\/www.heartfailurematters.org\/pt-br\/#organization","name":"Heart Failure Matters","url":"https:\/\/www.heartfailurematters.org\/pt-br\/","logo":{"@type":"ImageObject","inLanguage":"pt-BR","@id":"https:\/\/www.heartfailurematters.org\/pt-br\/#\/schema\/logo\/image\/","url":"https:\/\/cdn-endpoint-hfm.azureedge.net\/heartfailurematters\/2024\/07\/hfm-logo1.jpg","contentUrl":"https:\/\/cdn-endpoint-hfm.azureedge.net\/heartfailurematters\/2024\/07\/hfm-logo1.jpg","width":1280,"height":720,"caption":"Heart Failure Matters"},"image":{"@id":"https:\/\/www.heartfailurematters.org\/pt-br\/#\/schema\/logo\/image\/"},"sameAs":["https:\/\/www.facebook.com\/heartfailurematters"]}]}},"_links":{"self":[{"href":"https:\/\/www.heartfailurematters.org\/pt-br\/wp-json\/wp\/v2\/pages\/12599","targetHints":{"allow":["GET"]}}],"collection":[{"href":"https:\/\/www.heartfailurematters.org\/pt-br\/wp-json\/wp\/v2\/pages"}],"about":[{"href":"https:\/\/www.heartfailurematters.org\/pt-br\/wp-json\/wp\/v2\/types\/page"}],"author":[{"embeddable":true,"href":"https:\/\/www.heartfailurematters.org\/pt-br\/wp-json\/wp\/v2\/users\/1"}],"replies":[{"embeddable":true,"href":"https:\/\/www.heartfailurematters.org\/pt-br\/wp-json\/wp\/v2\/comments?post=12599"}],"version-history":[{"count":0,"href":"https:\/\/www.heartfailurematters.org\/pt-br\/wp-json\/wp\/v2\/pages\/12599\/revisions"}],"up":[{"embeddable":true,"href":"https:\/\/www.heartfailurematters.org\/pt-br\/wp-json\/wp\/v2\/pages\/13177"}],"wp:featuredmedia":[{"embeddable":true,"href":"https:\/\/www.heartfailurematters.org\/pt-br\/wp-json\/wp\/v2\/media\/12535"}],"wp:attachment":[{"href":"https:\/\/www.heartfailurematters.org\/pt-br\/wp-json\/wp\/v2\/media?parent=12599"}],"wp:term":[{"taxonomy":"category","embeddable":true,"href":"https:\/\/www.heartfailurematters.org\/pt-br\/wp-json\/wp\/v2\/categories?post=12599"},{"taxonomy":"post_tag","embeddable":true,"href":"https:\/\/www.heartfailurematters.org\/pt-br\/wp-json\/wp\/v2\/tags?post=12599"}],"curies":[{"name":"wp","href":"https:\/\/api.w.org\/{rel}","templated":true}]}}