{"id":12595,"date":"2021-01-27T22:06:35","date_gmt":"2021-01-27T22:06:35","guid":{"rendered":"https:\/\/www.heartfailurematters.org\/o-que-pode-fazer\/ajustar-a-alimentacao-liquidos\/"},"modified":"2021-01-27T22:06:35","modified_gmt":"2021-01-27T22:06:35","slug":"ajustar-a-alimentacao-liquidos","status":"publish","type":"page","link":"https:\/\/www.heartfailurematters.org\/pt-br\/o-que-pode-fazer\/ajustar-a-alimentacao-liquidos\/","title":{"rendered":"Ajustar a alimenta\u00e7\u00e3o: l\u00edquidos"},"content":{"rendered":"<p>Controlar o consumo de l\u00edquidos poder\u00e1 ser importante para doentes com insufici\u00eancia card\u00edaca.<\/p>\n<h2>Por que motivo \u00e9 importante controlar os l\u00edquidos?<\/h2>\n<p><a class=\"addtooltip\" title=\"Quando existe demasiado l\u00edquido na circula\u00e7\u00e3o sangu\u00ednea e congest\u00e3o, a press\u00e3o aumenta nos vasos sangu\u00edneos. Consequentemente, ocorre extravasamento de l\u00edquido para os tecidos circundantes, onde se acumula provocando edema.\"><strong>A reten\u00e7\u00e3o de \u00e1gua e sal<\/strong><\/a> causa o aumento de l\u00edquidos no sangue. O cora\u00e7\u00e3o tem de se esfor\u00e7ar mais para empurrar esta quantidade acrescida de sangue pelo corpo. O excesso de l\u00edquidos poder\u00e1 ser empurrado para os pulm\u00f5es, dificultando a respira\u00e7\u00e3o, para o abd\u00f3men dificultando a alimenta\u00e7\u00e3o e a digest\u00e3o da comida ou para as pernas.<\/p>\n<h2>Como pode controlar os l\u00edquidos?<\/h2>\n<p>O seu m\u00e9dico poder\u00e1 receitar medicamentos tais como <a class=\"addtooltip\" title=\"Classe de medicamentos que atua nos rins para produzir mais urina e reduzir a reten\u00e7\u00e3o de l\u00edquidos e a congest\u00e3o.\"><strong>diur\u00e9ticos<\/strong><\/a> para o ajudar a eliminar os l\u00edquidos adicionais que est\u00e1 a acumular. No entanto, dever\u00e1 ter cuidado para n\u00e3o substituir esta \u00e1gua bebendo mais l\u00edquidos. O seu m\u00e9dico ou enfermeiro poder\u00e3o recomendar a quantidade de l\u00edquidos que deve beber diariamente.<\/p>\n<p>Se for aconselhado a reduzir a quantidade de l\u00edquidos que bebe, seguem-se algumas sugest\u00f5es \u00fateis.<\/p>\n<h2>Principais sugest\u00f5es para limitar a quantidade de l\u00edquidos:<\/h2>\n<ul>\n<li>utilize ch\u00e1venas pequenas em vez de canecas<\/li>\n<li>tente dividir a quantidade di\u00e1ria permitida pelo dia todo<\/li>\n<li>tente beber l\u00edquidos muito frescos ou muito quentes, para demorar mais tempo<\/li>\n<li>se estiver calor ou se tiver febre ou diarreia, deve beber mais 100 a 300 ml.<\/li>\n<\/ul>\n<h2>Principais sugest\u00f5es para quando tiver sede:<\/h2>\n<ul>\n<li>chupe um cubo de gelo<\/li>\n<li>reduza o consumo de bebidas com cafe\u00edna (incluindo caf\u00e9, ch\u00e1 e alguns refrigerantes)<\/li>\n<li>limite o consumo de bebidas alco\u00f3licas<\/li>\n<li>use cotonetes bucais \u00e0 base de lim\u00e3o e glicerina<\/li>\n<li>masque pastilhas<\/li>\n<li>coma frutos congelados<\/li>\n<li>adicione sumo de lim\u00e3o ao ch\u00e1 ou \u00e0 \u00e1gua mineral.<\/li>\n<\/ul>\n<p><a href=\"https:\/\/www.heartfailurematters.org\/pt-br\/o-que-pode-fazer\/ajustar-a-alimentacao\/\">Voltar \u00e0 sec\u00e7\u00e3o Ajustar a alimenta\u00e7\u00e3o<\/a><\/p>\n","protected":false},"excerpt":{"rendered":"<p>Controlar o consumo de l\u00edquidos poder\u00e1 ser importante para doentes com insufici\u00eancia card\u00edaca. Por que motivo \u00e9 importante controlar os l\u00edquidos? A reten\u00e7\u00e3o de \u00e1gua e sal causa o aumento de l\u00edquidos no sangue. O cora\u00e7\u00e3o tem de se esfor\u00e7ar mais para empurrar esta quantidade acrescida de sangue pelo corpo. O excesso de l\u00edquidos poder\u00e1 [&hellip;]<\/p>\n","protected":false},"author":1,"featured_media":12524,"parent":13173,"menu_order":0,"comment_status":"open","ping_status":"open","template":"","meta":{"_acf_changed":false,"footnotes":""},"categories":[],"tags":[],"class_list":["post-12595","page","type-page","status-publish","has-post-thumbnail","hentry"],"acf":[],"yoast_head":"<!-- This site is optimized with the Yoast SEO plugin v24.8.1 - https:\/\/yoast.com\/wordpress\/plugins\/seo\/ -->\n<title>Ajustar a alimenta\u00e7\u00e3o: l\u00edquidos<\/title>\n<meta name=\"description\" content=\"Controlo da ingest\u00e3o de l\u00edquidos pode ser importante para doentes com insuf. card\u00edaca, pois a reten\u00e7\u00e3o de \u00e1gua e sal aumenta a quantidade de l\u00edquidos no sangue.\" \/>\n<meta name=\"robots\" content=\"index, follow, max-snippet:-1, max-image-preview:large, max-video-preview:-1\" \/>\n<link rel=\"canonical\" href=\"https:\/\/www.heartfailurematters.org\/pt-br\/o-que-pode-fazer\/ajustar-a-alimentacao-liquidos\/\" \/>\n<meta property=\"og:locale\" content=\"pt_BR\" \/>\n<meta property=\"og:type\" content=\"article\" \/>\n<meta property=\"og:title\" content=\"Ajustar a alimenta\u00e7\u00e3o: l\u00edquidos\" \/>\n<meta property=\"og:description\" content=\"Controlo da ingest\u00e3o de l\u00edquidos pode ser importante para doentes com insuf. card\u00edaca, pois a reten\u00e7\u00e3o de \u00e1gua e sal aumenta a quantidade de l\u00edquidos no sangue.\" \/>\n<meta property=\"og:url\" content=\"https:\/\/www.heartfailurematters.org\/pt-br\/o-que-pode-fazer\/ajustar-a-alimentacao-liquidos\/\" \/>\n<meta property=\"og:site_name\" content=\"Heart Failure Matters\" \/>\n<meta property=\"article:publisher\" content=\"https:\/\/www.facebook.com\/heartfailurematters\" \/>\n<meta property=\"og:image\" content=\"https:\/\/www.heartfailurematters.org\/wp-content\/uploads\/2022\/03\/shutterstock_1064420267-1-min.jpg\" \/>\n\t<meta property=\"og:image:width\" content=\"900\" \/>\n\t<meta property=\"og:image:height\" content=\"624\" \/>\n\t<meta property=\"og:image:type\" content=\"image\/jpeg\" \/>\n<meta name=\"twitter:card\" content=\"summary_large_image\" \/>\n<meta name=\"twitter:label1\" content=\"Est. tempo de leitura\" \/>\n\t<meta name=\"twitter:data1\" content=\"1 minuto\" \/>\n<script type=\"application\/ld+json\" class=\"yoast-schema-graph\">{\"@context\":\"https:\/\/schema.org\",\"@graph\":[{\"@type\":\"WebPage\",\"@id\":\"https:\/\/www.heartfailurematters.org\/pt-br\/o-que-pode-fazer\/ajustar-a-alimentacao-liquidos\/\",\"url\":\"https:\/\/www.heartfailurematters.org\/pt-br\/o-que-pode-fazer\/ajustar-a-alimentacao-liquidos\/\",\"name\":\"Ajustar a alimenta\u00e7\u00e3o: l\u00edquidos\",\"isPartOf\":{\"@id\":\"https:\/\/www.heartfailurematters.org\/pt-br\/#website\"},\"primaryImageOfPage\":{\"@id\":\"https:\/\/www.heartfailurematters.org\/pt-br\/o-que-pode-fazer\/ajustar-a-alimentacao-liquidos\/#primaryimage\"},\"image\":{\"@id\":\"https:\/\/www.heartfailurematters.org\/pt-br\/o-que-pode-fazer\/ajustar-a-alimentacao-liquidos\/#primaryimage\"},\"thumbnailUrl\":\"https:\/\/www.heartfailurematters.org\/wp-content\/uploads\/2022\/03\/shutterstock_1064420267-1-min.jpg\",\"datePublished\":\"2021-01-27T22:06:35+00:00\",\"description\":\"Controlo da ingest\u00e3o de l\u00edquidos pode ser importante para doentes com insuf. card\u00edaca, pois a reten\u00e7\u00e3o de \u00e1gua e sal aumenta a quantidade de l\u00edquidos no sangue.\",\"breadcrumb\":{\"@id\":\"https:\/\/www.heartfailurematters.org\/pt-br\/o-que-pode-fazer\/ajustar-a-alimentacao-liquidos\/#breadcrumb\"},\"inLanguage\":\"pt-BR\",\"potentialAction\":[{\"@type\":\"ReadAction\",\"target\":[\"https:\/\/www.heartfailurematters.org\/pt-br\/o-que-pode-fazer\/ajustar-a-alimentacao-liquidos\/\"]}]},{\"@type\":\"ImageObject\",\"inLanguage\":\"pt-BR\",\"@id\":\"https:\/\/www.heartfailurematters.org\/pt-br\/o-que-pode-fazer\/ajustar-a-alimentacao-liquidos\/#primaryimage\",\"url\":\"https:\/\/www.heartfailurematters.org\/wp-content\/uploads\/2022\/03\/shutterstock_1064420267-1-min.jpg\",\"contentUrl\":\"https:\/\/www.heartfailurematters.org\/wp-content\/uploads\/2022\/03\/shutterstock_1064420267-1-min.jpg\",\"width\":900,\"height\":624},{\"@type\":\"BreadcrumbList\",\"@id\":\"https:\/\/www.heartfailurematters.org\/pt-br\/o-que-pode-fazer\/ajustar-a-alimentacao-liquidos\/#breadcrumb\",\"itemListElement\":[{\"@type\":\"ListItem\",\"position\":1,\"name\":\"P\u00e1gina inicial\",\"item\":\"https:\/\/www.heartfailurematters.org\/pt-br\/\"},{\"@type\":\"ListItem\",\"position\":2,\"name\":\"O que pode fazer\",\"item\":\"https:\/\/www.heartfailurematters.org\/pt-br\/o-que-pode-fazer\/\"},{\"@type\":\"ListItem\",\"position\":3,\"name\":\"Ajustar a alimenta\u00e7\u00e3o: l\u00edquidos\"}]},{\"@type\":\"WebSite\",\"@id\":\"https:\/\/www.heartfailurematters.org\/pt-br\/#website\",\"url\":\"https:\/\/www.heartfailurematters.org\/pt-br\/\",\"name\":\"Heart Failure Matters\",\"description\":\"Practical information for patients, families and caregivers.\",\"publisher\":{\"@id\":\"https:\/\/www.heartfailurematters.org\/pt-br\/#organization\"},\"potentialAction\":[{\"@type\":\"SearchAction\",\"target\":{\"@type\":\"EntryPoint\",\"urlTemplate\":\"https:\/\/www.heartfailurematters.org\/pt-br\/?s={search_term_string}\"},\"query-input\":{\"@type\":\"PropertyValueSpecification\",\"valueRequired\":true,\"valueName\":\"search_term_string\"}}],\"inLanguage\":\"pt-BR\"},{\"@type\":\"Organization\",\"@id\":\"https:\/\/www.heartfailurematters.org\/pt-br\/#organization\",\"name\":\"Heart Failure Matters\",\"url\":\"https:\/\/www.heartfailurematters.org\/pt-br\/\",\"logo\":{\"@type\":\"ImageObject\",\"inLanguage\":\"pt-BR\",\"@id\":\"https:\/\/www.heartfailurematters.org\/pt-br\/#\/schema\/logo\/image\/\",\"url\":\"https:\/\/cdn-endpoint-hfm.azureedge.net\/heartfailurematters\/2024\/07\/hfm-logo1.jpg\",\"contentUrl\":\"https:\/\/cdn-endpoint-hfm.azureedge.net\/heartfailurematters\/2024\/07\/hfm-logo1.jpg\",\"width\":1280,\"height\":720,\"caption\":\"Heart Failure Matters\"},\"image\":{\"@id\":\"https:\/\/www.heartfailurematters.org\/pt-br\/#\/schema\/logo\/image\/\"},\"sameAs\":[\"https:\/\/www.facebook.com\/heartfailurematters\"]}]}<\/script>\n<!-- \/ Yoast SEO plugin. -->","yoast_head_json":{"title":"Ajustar a alimenta\u00e7\u00e3o: l\u00edquidos","description":"Controlo da ingest\u00e3o de l\u00edquidos pode ser importante para doentes com insuf. card\u00edaca, pois a reten\u00e7\u00e3o de \u00e1gua e sal aumenta a quantidade de l\u00edquidos no sangue.","robots":{"index":"index","follow":"follow","max-snippet":"max-snippet:-1","max-image-preview":"max-image-preview:large","max-video-preview":"max-video-preview:-1"},"canonical":"https:\/\/www.heartfailurematters.org\/pt-br\/o-que-pode-fazer\/ajustar-a-alimentacao-liquidos\/","og_locale":"pt_BR","og_type":"article","og_title":"Ajustar a alimenta\u00e7\u00e3o: l\u00edquidos","og_description":"Controlo da ingest\u00e3o de l\u00edquidos pode ser importante para doentes com insuf. card\u00edaca, pois a reten\u00e7\u00e3o de \u00e1gua e sal aumenta a quantidade de l\u00edquidos no sangue.","og_url":"https:\/\/www.heartfailurematters.org\/pt-br\/o-que-pode-fazer\/ajustar-a-alimentacao-liquidos\/","og_site_name":"Heart Failure Matters","article_publisher":"https:\/\/www.facebook.com\/heartfailurematters","og_image":[{"width":900,"height":624,"url":"https:\/\/www.heartfailurematters.org\/wp-content\/uploads\/2022\/03\/shutterstock_1064420267-1-min.jpg","type":"image\/jpeg"}],"twitter_card":"summary_large_image","twitter_misc":{"Est. tempo de leitura":"1 minuto"},"schema":{"@context":"https:\/\/schema.org","@graph":[{"@type":"WebPage","@id":"https:\/\/www.heartfailurematters.org\/pt-br\/o-que-pode-fazer\/ajustar-a-alimentacao-liquidos\/","url":"https:\/\/www.heartfailurematters.org\/pt-br\/o-que-pode-fazer\/ajustar-a-alimentacao-liquidos\/","name":"Ajustar a alimenta\u00e7\u00e3o: l\u00edquidos","isPartOf":{"@id":"https:\/\/www.heartfailurematters.org\/pt-br\/#website"},"primaryImageOfPage":{"@id":"https:\/\/www.heartfailurematters.org\/pt-br\/o-que-pode-fazer\/ajustar-a-alimentacao-liquidos\/#primaryimage"},"image":{"@id":"https:\/\/www.heartfailurematters.org\/pt-br\/o-que-pode-fazer\/ajustar-a-alimentacao-liquidos\/#primaryimage"},"thumbnailUrl":"https:\/\/www.heartfailurematters.org\/wp-content\/uploads\/2022\/03\/shutterstock_1064420267-1-min.jpg","datePublished":"2021-01-27T22:06:35+00:00","description":"Controlo da ingest\u00e3o de l\u00edquidos pode ser importante para doentes com insuf. card\u00edaca, pois a reten\u00e7\u00e3o de \u00e1gua e sal aumenta a quantidade de l\u00edquidos no sangue.","breadcrumb":{"@id":"https:\/\/www.heartfailurematters.org\/pt-br\/o-que-pode-fazer\/ajustar-a-alimentacao-liquidos\/#breadcrumb"},"inLanguage":"pt-BR","potentialAction":[{"@type":"ReadAction","target":["https:\/\/www.heartfailurematters.org\/pt-br\/o-que-pode-fazer\/ajustar-a-alimentacao-liquidos\/"]}]},{"@type":"ImageObject","inLanguage":"pt-BR","@id":"https:\/\/www.heartfailurematters.org\/pt-br\/o-que-pode-fazer\/ajustar-a-alimentacao-liquidos\/#primaryimage","url":"https:\/\/www.heartfailurematters.org\/wp-content\/uploads\/2022\/03\/shutterstock_1064420267-1-min.jpg","contentUrl":"https:\/\/www.heartfailurematters.org\/wp-content\/uploads\/2022\/03\/shutterstock_1064420267-1-min.jpg","width":900,"height":624},{"@type":"BreadcrumbList","@id":"https:\/\/www.heartfailurematters.org\/pt-br\/o-que-pode-fazer\/ajustar-a-alimentacao-liquidos\/#breadcrumb","itemListElement":[{"@type":"ListItem","position":1,"name":"P\u00e1gina inicial","item":"https:\/\/www.heartfailurematters.org\/pt-br\/"},{"@type":"ListItem","position":2,"name":"O que pode fazer","item":"https:\/\/www.heartfailurematters.org\/pt-br\/o-que-pode-fazer\/"},{"@type":"ListItem","position":3,"name":"Ajustar a alimenta\u00e7\u00e3o: l\u00edquidos"}]},{"@type":"WebSite","@id":"https:\/\/www.heartfailurematters.org\/pt-br\/#website","url":"https:\/\/www.heartfailurematters.org\/pt-br\/","name":"Heart Failure Matters","description":"Practical information for patients, families and caregivers.","publisher":{"@id":"https:\/\/www.heartfailurematters.org\/pt-br\/#organization"},"potentialAction":[{"@type":"SearchAction","target":{"@type":"EntryPoint","urlTemplate":"https:\/\/www.heartfailurematters.org\/pt-br\/?s={search_term_string}"},"query-input":{"@type":"PropertyValueSpecification","valueRequired":true,"valueName":"search_term_string"}}],"inLanguage":"pt-BR"},{"@type":"Organization","@id":"https:\/\/www.heartfailurematters.org\/pt-br\/#organization","name":"Heart Failure Matters","url":"https:\/\/www.heartfailurematters.org\/pt-br\/","logo":{"@type":"ImageObject","inLanguage":"pt-BR","@id":"https:\/\/www.heartfailurematters.org\/pt-br\/#\/schema\/logo\/image\/","url":"https:\/\/cdn-endpoint-hfm.azureedge.net\/heartfailurematters\/2024\/07\/hfm-logo1.jpg","contentUrl":"https:\/\/cdn-endpoint-hfm.azureedge.net\/heartfailurematters\/2024\/07\/hfm-logo1.jpg","width":1280,"height":720,"caption":"Heart Failure Matters"},"image":{"@id":"https:\/\/www.heartfailurematters.org\/pt-br\/#\/schema\/logo\/image\/"},"sameAs":["https:\/\/www.facebook.com\/heartfailurematters"]}]}},"_links":{"self":[{"href":"https:\/\/www.heartfailurematters.org\/pt-br\/wp-json\/wp\/v2\/pages\/12595","targetHints":{"allow":["GET"]}}],"collection":[{"href":"https:\/\/www.heartfailurematters.org\/pt-br\/wp-json\/wp\/v2\/pages"}],"about":[{"href":"https:\/\/www.heartfailurematters.org\/pt-br\/wp-json\/wp\/v2\/types\/page"}],"author":[{"embeddable":true,"href":"https:\/\/www.heartfailurematters.org\/pt-br\/wp-json\/wp\/v2\/users\/1"}],"replies":[{"embeddable":true,"href":"https:\/\/www.heartfailurematters.org\/pt-br\/wp-json\/wp\/v2\/comments?post=12595"}],"version-history":[{"count":0,"href":"https:\/\/www.heartfailurematters.org\/pt-br\/wp-json\/wp\/v2\/pages\/12595\/revisions"}],"up":[{"embeddable":true,"href":"https:\/\/www.heartfailurematters.org\/pt-br\/wp-json\/wp\/v2\/pages\/13173"}],"wp:featuredmedia":[{"embeddable":true,"href":"https:\/\/www.heartfailurematters.org\/pt-br\/wp-json\/wp\/v2\/media\/12524"}],"wp:attachment":[{"href":"https:\/\/www.heartfailurematters.org\/pt-br\/wp-json\/wp\/v2\/media?parent=12595"}],"wp:term":[{"taxonomy":"category","embeddable":true,"href":"https:\/\/www.heartfailurematters.org\/pt-br\/wp-json\/wp\/v2\/categories?post=12595"},{"taxonomy":"post_tag","embeddable":true,"href":"https:\/\/www.heartfailurematters.org\/pt-br\/wp-json\/wp\/v2\/tags?post=12595"}],"curies":[{"name":"wp","href":"https:\/\/api.w.org\/{rel}","templated":true}]}}