{"id":12592,"date":"2021-01-27T22:06:35","date_gmt":"2021-01-27T22:06:35","guid":{"rendered":"https:\/\/www.heartfailurematters.org\/o-que-o-seu-medico-ou-enfermeiro-pode-fazer\/inibidor-dos-recetores-da-neprilisina-e-angiotensina-arni\/"},"modified":"2021-01-27T22:06:35","modified_gmt":"2021-01-27T22:06:35","slug":"inibidor-dos-recetores-da-neprilisina-e-angiotensina-arni","status":"publish","type":"page","link":"https:\/\/www.heartfailurematters.org\/pt-br\/o-que-o-seu-medico-ou-enfermeiro-pode-fazer\/inibidor-dos-recetores-da-neprilisina-e-angiotensina-arni\/","title":{"rendered":"Recetor da Angiotensina &#8211; Inibidor da Neprilisina (ARNI) &#8211; Sacubitril\/Valsartan"},"content":{"rendered":"<p>O <strong>recetor da angiotensina &#8211; inibidor da neprilisina (ARNI)<\/strong> \u00e9 um medicamento resultante da combina\u00e7\u00e3o de dois f\u00e1rmacos anti-hipertensivos (sacubitril e valsartan) que reduzem a tens\u00e3o arterial.<\/p>\n<p>Estudos recentes mostraram que este f\u00e1rmaco pode melhorar o tempo aumentar a esperan\u00e7a de vida, mais do que os inibidores da ECA, f\u00e1rmacos vulgarmente utilizados para o tratamento da insufici\u00eancia card\u00edaca. O ARNI \u00e9 atualmente utilizado para o tratamento de doentes com insufici\u00eancia card\u00edaca com fra\u00e7\u00e3o de eje\u00e7\u00e3o reduzida, o que significa uma fun\u00e7\u00e3o reduzida da c\u00e2mara de bombeamento principal. Os doentes eleg\u00edveis devem continuar a ser ser\u00e3o aqueles que se mant\u00eam sintom\u00e1ticos apesar de receberem terap\u00eautica m\u00e9dica completa standard para insufici\u00eancia card\u00edaca ou n\u00e3o conseguirem tolerar uma dose adequada de terap\u00eautica com inibidores da ECA.<\/p>\n<p><strong>O que eles fazem:<\/strong> as duas subst\u00e2ncias ativas, sacubitril e valsartan, funcionam de formas diferentes. O valsartan bloqueia a a\u00e7\u00e3o de uma hormona do rim denominada angiotensina II, que pode ser prejudicial em doentes com insufici\u00eancia card\u00edaca, bloqueando os recetores aos quais a angiotensina II normalmente se liga. Este efeito impede os efeitos nocivos da hormona no cora\u00e7\u00e3o e permite que os vasos sangu\u00edneos se dilatem ou se alarguem.<br \/>\nO sacubitril bloqueia a decomposi\u00e7\u00e3o de p\u00e9ptidos natriur\u00e9ticos produzidos no organismo. Os p\u00e9ptidos natriur\u00e9ticos fazem com que o s\u00f3dio e a \u00e1gua passem para a urina. Este efeito reduz o trabalho no cora\u00e7\u00e3o e reduz a tens\u00e3o arterial. O efeito combinado dos dois medicamentos reduz a tens\u00e3o no cora\u00e7\u00e3o debilitado.<\/p>\n<p><strong>Quais s\u00e3o os benef\u00edcios esperados?<\/strong> Sacubitril\/valsartan demonstrou reduzir as hospitaliza\u00e7\u00f5es por insufici\u00eancia card\u00edaca e melhorar a sobreviv\u00eancia.<\/p>\n<p><strong>Efeitos secund\u00e1rios:<\/strong> o tratamento com ARNI \u00e9 muito bem tolerado. No entanto, o efeito secund\u00e1rio potencial mais grave, mas extremamente raro, do sacubitril\/valsartan pode ser uma rea\u00e7\u00e3o al\u00e9rgica grave denominada angioedema (incha\u00e7o r\u00e1pido dos tecidos cut\u00e2neos mais profundos, bem como dos tecidos \u00e0 volta da garganta, causando dificuldade respirat\u00f3ria). O sacubitril\/valsartan N\u00c3O deve ser iniciado at\u00e9 36 horas ap\u00f3s a descontinua\u00e7\u00e3o de um inibidor da ECA. O sacubitril\/valsartan n\u00e3o deve ser tomado complementarmente a um inibidor da ECA ou a um BRA. N\u00e3o deve ser tomado por doentes que tenham tido tosse ou sofrido uma rea\u00e7\u00e3o al\u00e9rgica com inibidores da ECA ou por doentes que tenham sofrido angioedema por qualquer causa no passado. Os efeitos secund\u00e1rios mais comuns associados ao sacubitril\/valsartan (que podem afetar mais de 1 em cada 10 pessoas) s\u00e3o a tens\u00e3o arterial baixa, n\u00edveis elevados de pot\u00e1ssio no sangue (hipercaliemia) ou ligeira defici\u00eancia da fun\u00e7\u00e3o renal. <\/p>\n<p><strong>Dicas principais:<\/strong>As <a href=\"https:\/\/www.escardio.org\/Guidelines\/Clinical-Practice-Guidelines\/Acute-and-Chronic-Heart-Failure\" target=\"_blank\" rel=\"noopener\">Orienta\u00e7\u00f5es da SEC<\/a> mais recentes recomendam que o sacubitril\/valsartan seja prescrito a doentes com insufici\u00eancia card\u00edaca que ainda estejam sintom\u00e1ticos apesar do tratamento com a dose completa de inibidores da ECA ou do BRA. O sacubitril\/valsartan tamb\u00e9m pode ser considerado em doentes sintom\u00e1ticos com fra\u00e7\u00e3o de eje\u00e7\u00e3o reduzida que n\u00e3o tenham sido tratados previamente com inibidores da ECA ou do BRA. N\u00e3o deve ser tomado por doentes que tomam atualmente inibidores da ECA ou bloqueadores dos recetores da angiotensina (BRA).<\/p>\n<h2>Tamb\u00e9m conhecidos como:<\/h2>\n<ul>\n<li><strong>Sacubitril\/valsartan<\/strong><br \/>\n(Entresto\u00ae)<\/li>\n<\/ul>\n<p><a href=\"https:\/\/www.heartfailurematters.org\/what-your-doctor-can-do\/heart-failure-medicines\/\">Voltar a Medicamentos para insufici\u00eancia card\u00edaca<\/a><\/p>\n","protected":false},"excerpt":{"rendered":"<p>O recetor da angiotensina &#8211; inibidor da neprilisina (ARNI) \u00e9 um medicamento resultante da combina\u00e7\u00e3o de dois f\u00e1rmacos anti-hipertensivos (sacubitril e valsartan) que reduzem a tens\u00e3o arterial. Estudos recentes mostraram que este f\u00e1rmaco pode melhorar o tempo aumentar a esperan\u00e7a de vida, mais do que os inibidores da ECA, f\u00e1rmacos vulgarmente utilizados para o tratamento [&hellip;]<\/p>\n","protected":false},"author":1,"featured_media":12512,"parent":13171,"menu_order":0,"comment_status":"open","ping_status":"open","template":"","meta":{"_acf_changed":false,"footnotes":""},"categories":[],"tags":[],"class_list":["post-12592","page","type-page","status-publish","has-post-thumbnail","hentry"],"acf":[],"yoast_head":"<!-- This site is optimized with the Yoast SEO plugin v24.8.1 - https:\/\/yoast.com\/wordpress\/plugins\/seo\/ -->\n<title>ARNI (recetor da angiotensina - inibidor da neprilisina)<\/title>\n<meta name=\"description\" content=\"Os bloqueadores dos recetores da angiotensina II (ARA) bloqueiam as a\u00e7\u00f5es da angiotensina II, uma hormona produzida naturalmente pelos rins. Saiba mais\" \/>\n<meta name=\"robots\" content=\"index, follow, max-snippet:-1, max-image-preview:large, max-video-preview:-1\" \/>\n<link rel=\"canonical\" href=\"https:\/\/www.heartfailurematters.org\/pt-br\/o-que-o-seu-medico-ou-enfermeiro-pode-fazer\/inibidor-dos-recetores-da-neprilisina-e-angiotensina-arni\/\" \/>\n<meta property=\"og:locale\" content=\"pt_BR\" \/>\n<meta property=\"og:type\" content=\"article\" \/>\n<meta property=\"og:title\" content=\"ARNI (recetor da angiotensina - inibidor da neprilisina)\" \/>\n<meta property=\"og:description\" content=\"Os bloqueadores dos recetores da angiotensina II (ARA) bloqueiam as a\u00e7\u00f5es da angiotensina II, uma hormona produzida naturalmente pelos rins. Saiba mais\" \/>\n<meta property=\"og:url\" content=\"https:\/\/www.heartfailurematters.org\/pt-br\/o-que-o-seu-medico-ou-enfermeiro-pode-fazer\/inibidor-dos-recetores-da-neprilisina-e-angiotensina-arni\/\" \/>\n<meta property=\"og:site_name\" content=\"Heart Failure Matters\" \/>\n<meta property=\"article:publisher\" content=\"https:\/\/www.facebook.com\/heartfailurematters\" \/>\n<meta property=\"og:image\" content=\"https:\/\/www.heartfailurematters.org\/wp-content\/uploads\/2022\/03\/shutterstock_441673426-1-min.jpg\" \/>\n\t<meta property=\"og:image:width\" content=\"900\" \/>\n\t<meta property=\"og:image:height\" content=\"596\" \/>\n\t<meta property=\"og:image:type\" content=\"image\/jpeg\" \/>\n<meta name=\"twitter:card\" content=\"summary_large_image\" \/>\n<meta name=\"twitter:label1\" content=\"Est. tempo de leitura\" \/>\n\t<meta name=\"twitter:data1\" content=\"3 minutos\" \/>\n<script type=\"application\/ld+json\" class=\"yoast-schema-graph\">{\"@context\":\"https:\/\/schema.org\",\"@graph\":[{\"@type\":\"WebPage\",\"@id\":\"https:\/\/www.heartfailurematters.org\/pt-br\/o-que-o-seu-medico-ou-enfermeiro-pode-fazer\/inibidor-dos-recetores-da-neprilisina-e-angiotensina-arni\/\",\"url\":\"https:\/\/www.heartfailurematters.org\/pt-br\/o-que-o-seu-medico-ou-enfermeiro-pode-fazer\/inibidor-dos-recetores-da-neprilisina-e-angiotensina-arni\/\",\"name\":\"ARNI (recetor da angiotensina - inibidor da neprilisina)\",\"isPartOf\":{\"@id\":\"https:\/\/www.heartfailurematters.org\/pt-br\/#website\"},\"primaryImageOfPage\":{\"@id\":\"https:\/\/www.heartfailurematters.org\/pt-br\/o-que-o-seu-medico-ou-enfermeiro-pode-fazer\/inibidor-dos-recetores-da-neprilisina-e-angiotensina-arni\/#primaryimage\"},\"image\":{\"@id\":\"https:\/\/www.heartfailurematters.org\/pt-br\/o-que-o-seu-medico-ou-enfermeiro-pode-fazer\/inibidor-dos-recetores-da-neprilisina-e-angiotensina-arni\/#primaryimage\"},\"thumbnailUrl\":\"https:\/\/www.heartfailurematters.org\/wp-content\/uploads\/2022\/03\/shutterstock_441673426-1-min.jpg\",\"datePublished\":\"2021-01-27T22:06:35+00:00\",\"description\":\"Os bloqueadores dos recetores da angiotensina II (ARA) bloqueiam as a\u00e7\u00f5es da angiotensina II, uma hormona produzida naturalmente pelos rins. Saiba mais\",\"breadcrumb\":{\"@id\":\"https:\/\/www.heartfailurematters.org\/pt-br\/o-que-o-seu-medico-ou-enfermeiro-pode-fazer\/inibidor-dos-recetores-da-neprilisina-e-angiotensina-arni\/#breadcrumb\"},\"inLanguage\":\"pt-BR\",\"potentialAction\":[{\"@type\":\"ReadAction\",\"target\":[\"https:\/\/www.heartfailurematters.org\/pt-br\/o-que-o-seu-medico-ou-enfermeiro-pode-fazer\/inibidor-dos-recetores-da-neprilisina-e-angiotensina-arni\/\"]}]},{\"@type\":\"ImageObject\",\"inLanguage\":\"pt-BR\",\"@id\":\"https:\/\/www.heartfailurematters.org\/pt-br\/o-que-o-seu-medico-ou-enfermeiro-pode-fazer\/inibidor-dos-recetores-da-neprilisina-e-angiotensina-arni\/#primaryimage\",\"url\":\"https:\/\/www.heartfailurematters.org\/wp-content\/uploads\/2022\/03\/shutterstock_441673426-1-min.jpg\",\"contentUrl\":\"https:\/\/www.heartfailurematters.org\/wp-content\/uploads\/2022\/03\/shutterstock_441673426-1-min.jpg\",\"width\":900,\"height\":596},{\"@type\":\"BreadcrumbList\",\"@id\":\"https:\/\/www.heartfailurematters.org\/pt-br\/o-que-o-seu-medico-ou-enfermeiro-pode-fazer\/inibidor-dos-recetores-da-neprilisina-e-angiotensina-arni\/#breadcrumb\",\"itemListElement\":[{\"@type\":\"ListItem\",\"position\":1,\"name\":\"P\u00e1gina inicial\",\"item\":\"https:\/\/www.heartfailurematters.org\/pt-br\/\"},{\"@type\":\"ListItem\",\"position\":2,\"name\":\"O que o seu m\u00e9dico pode fazer\",\"item\":\"https:\/\/www.heartfailurematters.org\/pt-br\/o-que-o-seu-medico-ou-enfermeiro-pode-fazer\/\"},{\"@type\":\"ListItem\",\"position\":3,\"name\":\"Recetor da Angiotensina &#8211; Inibidor da Neprilisina (ARNI) &#8211; Sacubitril\/Valsartan\"}]},{\"@type\":\"WebSite\",\"@id\":\"https:\/\/www.heartfailurematters.org\/pt-br\/#website\",\"url\":\"https:\/\/www.heartfailurematters.org\/pt-br\/\",\"name\":\"Heart Failure Matters\",\"description\":\"Practical information for patients, families and caregivers.\",\"publisher\":{\"@id\":\"https:\/\/www.heartfailurematters.org\/pt-br\/#organization\"},\"potentialAction\":[{\"@type\":\"SearchAction\",\"target\":{\"@type\":\"EntryPoint\",\"urlTemplate\":\"https:\/\/www.heartfailurematters.org\/pt-br\/?s={search_term_string}\"},\"query-input\":{\"@type\":\"PropertyValueSpecification\",\"valueRequired\":true,\"valueName\":\"search_term_string\"}}],\"inLanguage\":\"pt-BR\"},{\"@type\":\"Organization\",\"@id\":\"https:\/\/www.heartfailurematters.org\/pt-br\/#organization\",\"name\":\"Heart Failure Matters\",\"url\":\"https:\/\/www.heartfailurematters.org\/pt-br\/\",\"logo\":{\"@type\":\"ImageObject\",\"inLanguage\":\"pt-BR\",\"@id\":\"https:\/\/www.heartfailurematters.org\/pt-br\/#\/schema\/logo\/image\/\",\"url\":\"https:\/\/cdn-endpoint-hfm.azureedge.net\/heartfailurematters\/2024\/07\/hfm-logo1.jpg\",\"contentUrl\":\"https:\/\/cdn-endpoint-hfm.azureedge.net\/heartfailurematters\/2024\/07\/hfm-logo1.jpg\",\"width\":1280,\"height\":720,\"caption\":\"Heart Failure Matters\"},\"image\":{\"@id\":\"https:\/\/www.heartfailurematters.org\/pt-br\/#\/schema\/logo\/image\/\"},\"sameAs\":[\"https:\/\/www.facebook.com\/heartfailurematters\"]}]}<\/script>\n<!-- \/ Yoast SEO plugin. -->","yoast_head_json":{"title":"ARNI (recetor da angiotensina - inibidor da neprilisina)","description":"Os bloqueadores dos recetores da angiotensina II (ARA) bloqueiam as a\u00e7\u00f5es da angiotensina II, uma hormona produzida naturalmente pelos rins. Saiba mais","robots":{"index":"index","follow":"follow","max-snippet":"max-snippet:-1","max-image-preview":"max-image-preview:large","max-video-preview":"max-video-preview:-1"},"canonical":"https:\/\/www.heartfailurematters.org\/pt-br\/o-que-o-seu-medico-ou-enfermeiro-pode-fazer\/inibidor-dos-recetores-da-neprilisina-e-angiotensina-arni\/","og_locale":"pt_BR","og_type":"article","og_title":"ARNI (recetor da angiotensina - inibidor da neprilisina)","og_description":"Os bloqueadores dos recetores da angiotensina II (ARA) bloqueiam as a\u00e7\u00f5es da angiotensina II, uma hormona produzida naturalmente pelos rins. Saiba mais","og_url":"https:\/\/www.heartfailurematters.org\/pt-br\/o-que-o-seu-medico-ou-enfermeiro-pode-fazer\/inibidor-dos-recetores-da-neprilisina-e-angiotensina-arni\/","og_site_name":"Heart Failure Matters","article_publisher":"https:\/\/www.facebook.com\/heartfailurematters","og_image":[{"width":900,"height":596,"url":"https:\/\/www.heartfailurematters.org\/wp-content\/uploads\/2022\/03\/shutterstock_441673426-1-min.jpg","type":"image\/jpeg"}],"twitter_card":"summary_large_image","twitter_misc":{"Est. tempo de leitura":"3 minutos"},"schema":{"@context":"https:\/\/schema.org","@graph":[{"@type":"WebPage","@id":"https:\/\/www.heartfailurematters.org\/pt-br\/o-que-o-seu-medico-ou-enfermeiro-pode-fazer\/inibidor-dos-recetores-da-neprilisina-e-angiotensina-arni\/","url":"https:\/\/www.heartfailurematters.org\/pt-br\/o-que-o-seu-medico-ou-enfermeiro-pode-fazer\/inibidor-dos-recetores-da-neprilisina-e-angiotensina-arni\/","name":"ARNI (recetor da angiotensina - inibidor da neprilisina)","isPartOf":{"@id":"https:\/\/www.heartfailurematters.org\/pt-br\/#website"},"primaryImageOfPage":{"@id":"https:\/\/www.heartfailurematters.org\/pt-br\/o-que-o-seu-medico-ou-enfermeiro-pode-fazer\/inibidor-dos-recetores-da-neprilisina-e-angiotensina-arni\/#primaryimage"},"image":{"@id":"https:\/\/www.heartfailurematters.org\/pt-br\/o-que-o-seu-medico-ou-enfermeiro-pode-fazer\/inibidor-dos-recetores-da-neprilisina-e-angiotensina-arni\/#primaryimage"},"thumbnailUrl":"https:\/\/www.heartfailurematters.org\/wp-content\/uploads\/2022\/03\/shutterstock_441673426-1-min.jpg","datePublished":"2021-01-27T22:06:35+00:00","description":"Os bloqueadores dos recetores da angiotensina II (ARA) bloqueiam as a\u00e7\u00f5es da angiotensina II, uma hormona produzida naturalmente pelos rins. Saiba mais","breadcrumb":{"@id":"https:\/\/www.heartfailurematters.org\/pt-br\/o-que-o-seu-medico-ou-enfermeiro-pode-fazer\/inibidor-dos-recetores-da-neprilisina-e-angiotensina-arni\/#breadcrumb"},"inLanguage":"pt-BR","potentialAction":[{"@type":"ReadAction","target":["https:\/\/www.heartfailurematters.org\/pt-br\/o-que-o-seu-medico-ou-enfermeiro-pode-fazer\/inibidor-dos-recetores-da-neprilisina-e-angiotensina-arni\/"]}]},{"@type":"ImageObject","inLanguage":"pt-BR","@id":"https:\/\/www.heartfailurematters.org\/pt-br\/o-que-o-seu-medico-ou-enfermeiro-pode-fazer\/inibidor-dos-recetores-da-neprilisina-e-angiotensina-arni\/#primaryimage","url":"https:\/\/www.heartfailurematters.org\/wp-content\/uploads\/2022\/03\/shutterstock_441673426-1-min.jpg","contentUrl":"https:\/\/www.heartfailurematters.org\/wp-content\/uploads\/2022\/03\/shutterstock_441673426-1-min.jpg","width":900,"height":596},{"@type":"BreadcrumbList","@id":"https:\/\/www.heartfailurematters.org\/pt-br\/o-que-o-seu-medico-ou-enfermeiro-pode-fazer\/inibidor-dos-recetores-da-neprilisina-e-angiotensina-arni\/#breadcrumb","itemListElement":[{"@type":"ListItem","position":1,"name":"P\u00e1gina inicial","item":"https:\/\/www.heartfailurematters.org\/pt-br\/"},{"@type":"ListItem","position":2,"name":"O que o seu m\u00e9dico pode fazer","item":"https:\/\/www.heartfailurematters.org\/pt-br\/o-que-o-seu-medico-ou-enfermeiro-pode-fazer\/"},{"@type":"ListItem","position":3,"name":"Recetor da Angiotensina &#8211; Inibidor da Neprilisina (ARNI) &#8211; Sacubitril\/Valsartan"}]},{"@type":"WebSite","@id":"https:\/\/www.heartfailurematters.org\/pt-br\/#website","url":"https:\/\/www.heartfailurematters.org\/pt-br\/","name":"Heart Failure Matters","description":"Practical information for patients, families and caregivers.","publisher":{"@id":"https:\/\/www.heartfailurematters.org\/pt-br\/#organization"},"potentialAction":[{"@type":"SearchAction","target":{"@type":"EntryPoint","urlTemplate":"https:\/\/www.heartfailurematters.org\/pt-br\/?s={search_term_string}"},"query-input":{"@type":"PropertyValueSpecification","valueRequired":true,"valueName":"search_term_string"}}],"inLanguage":"pt-BR"},{"@type":"Organization","@id":"https:\/\/www.heartfailurematters.org\/pt-br\/#organization","name":"Heart Failure Matters","url":"https:\/\/www.heartfailurematters.org\/pt-br\/","logo":{"@type":"ImageObject","inLanguage":"pt-BR","@id":"https:\/\/www.heartfailurematters.org\/pt-br\/#\/schema\/logo\/image\/","url":"https:\/\/cdn-endpoint-hfm.azureedge.net\/heartfailurematters\/2024\/07\/hfm-logo1.jpg","contentUrl":"https:\/\/cdn-endpoint-hfm.azureedge.net\/heartfailurematters\/2024\/07\/hfm-logo1.jpg","width":1280,"height":720,"caption":"Heart Failure Matters"},"image":{"@id":"https:\/\/www.heartfailurematters.org\/pt-br\/#\/schema\/logo\/image\/"},"sameAs":["https:\/\/www.facebook.com\/heartfailurematters"]}]}},"_links":{"self":[{"href":"https:\/\/www.heartfailurematters.org\/pt-br\/wp-json\/wp\/v2\/pages\/12592","targetHints":{"allow":["GET"]}}],"collection":[{"href":"https:\/\/www.heartfailurematters.org\/pt-br\/wp-json\/wp\/v2\/pages"}],"about":[{"href":"https:\/\/www.heartfailurematters.org\/pt-br\/wp-json\/wp\/v2\/types\/page"}],"author":[{"embeddable":true,"href":"https:\/\/www.heartfailurematters.org\/pt-br\/wp-json\/wp\/v2\/users\/1"}],"replies":[{"embeddable":true,"href":"https:\/\/www.heartfailurematters.org\/pt-br\/wp-json\/wp\/v2\/comments?post=12592"}],"version-history":[{"count":0,"href":"https:\/\/www.heartfailurematters.org\/pt-br\/wp-json\/wp\/v2\/pages\/12592\/revisions"}],"up":[{"embeddable":true,"href":"https:\/\/www.heartfailurematters.org\/pt-br\/wp-json\/wp\/v2\/pages\/13171"}],"wp:featuredmedia":[{"embeddable":true,"href":"https:\/\/www.heartfailurematters.org\/pt-br\/wp-json\/wp\/v2\/media\/12512"}],"wp:attachment":[{"href":"https:\/\/www.heartfailurematters.org\/pt-br\/wp-json\/wp\/v2\/media?parent=12592"}],"wp:term":[{"taxonomy":"category","embeddable":true,"href":"https:\/\/www.heartfailurematters.org\/pt-br\/wp-json\/wp\/v2\/categories?post=12592"},{"taxonomy":"post_tag","embeddable":true,"href":"https:\/\/www.heartfailurematters.org\/pt-br\/wp-json\/wp\/v2\/tags?post=12592"}],"curies":[{"name":"wp","href":"https:\/\/api.w.org\/{rel}","templated":true}]}}