{"id":12588,"date":"2021-01-27T22:06:40","date_gmt":"2021-01-27T22:06:40","guid":{"rendered":"https:\/\/www.heartfailurematters.org\/como-funciona-um-coracao-normal-parte\/"},"modified":"2021-01-27T22:06:40","modified_gmt":"2021-01-27T22:06:40","slug":"como-funciona-um-coracao-normal-parte","status":"publish","type":"page","link":"https:\/\/www.heartfailurematters.org\/pt-br\/o-que-e-a-insuficiencia-cardiaca\/como-funciona-um-coracao-normal-parte\/","title":{"rendered":"Como funciona um cora\u00e7\u00e3o normal? Parte 2"},"content":{"rendered":"<p>O cora\u00e7\u00e3o \u00e9 composto por quatro c\u00e2maras, duas do lado direito e duas do lado esquerdo. As paredes destas c\u00e2maras s\u00e3o compostas por um m\u00fasculo card\u00edaco especial. As c\u00e2maras pequenas na parte superior do cora\u00e7\u00e3o s\u00e3o designadas por <a class=\"addtooltip\" title=\"As c\u00e2maras superiores e mais pequenas do cora\u00e7\u00e3o que enchem os ventr\u00edculos maiores.\"><strong>aur\u00edculas<\/strong><\/a> e as c\u00e2maras maiores na parte inferior s\u00e3o designadas por ventr\u00edculos. Todos os ventr\u00edculos t\u00eam uma v\u00e1lvula na entrada e outra na sa\u00edda, para impedir que o sangue circule para tr\u00e1s atrav\u00e9s do cora\u00e7\u00e3o.<\/p>\n<p>As <a class=\"addtooltip\" title=\"As c\u00e2maras superiores e mais pequenas cora\u00e7\u00e3o que enchem os ventr\u00edculos maiores.\"><strong> aur\u00edculas <\/strong><\/a> e os <a class=\"addtooltip\" title=\"As c\u00e2maras maiores na parte inferior que recebem sangue das aur\u00edculas e que s\u00e3o respons\u00e1veis por bombear o sangue do cora\u00e7\u00e3o e para o organismo e pulm\u00f5es.\"><strong>ventr\u00edculos<\/strong><\/a> funcionam em conjunto, contraindo alternadamente (s\u00edstole ou fase sist\u00f3lica), para encher com sangue. No in\u00edcio de cada batimento card\u00edaco, um sinal el\u00e9trico min\u00fasculo junto \u00e0 parte superior do cora\u00e7\u00e3o \u00e9 propagado atrav\u00e9s do m\u00fasculo card\u00edaco, contraindo-o. As <a class=\"addtooltip\" title=\"As c\u00e2maras superiores e mais pequenas do cora\u00e7\u00e3o que enchem os ventr\u00edculos maiores.\"><strong> aur\u00edcula<\/strong><\/a> contraem primeiro, empurrando o sangue atrav\u00e9s da v\u00e1lvula aberta para o interior do ventr\u00edculo. O impulso el\u00e9trico viaja para o m\u00fasculo do ventr\u00edculo, que contrai e empurra o sangue para fora do cora\u00e7\u00e3o, para os pulm\u00f5es e organismo. \u00c0 medida que os <a class=\"addtooltip\" title=\"As c\u00e2maras maiores na parte inferior do cora\u00e7\u00e3o que recebem sangue das aur\u00edculas e s\u00e3o respons\u00e1veis por bombear o sangue do cora\u00e7\u00e3o e para o organismo e pulm\u00f5es.\"><strong>ventr\u00edculos<\/strong><\/a> contraem as <a class=\"addtooltip\" title=\"As c\u00e2maras superiores e mais pequenas do cora\u00e7\u00e3o que enchem os ventr\u00edculos maiores.\"><strong>aur\u00edculas<\/strong><\/a> relaxam, para se encherem de sangue e come\u00e7ar o batimento seguinte.<\/p>\n<p><a title=\"Return to How does the normal heart work?\" href=\"https:\/\/www.heartfailurematters.org\/pt-pt\/o-que-e-a-insuficiencia-cardiaca\/como-funciona-o-coracao-normal\/\">Voltar \u00e0 sec\u00e7\u00e3o Como funciona o cora\u00e7\u00e3o normal?<\/a><\/p>\n","protected":false},"excerpt":{"rendered":"<p>O cora\u00e7\u00e3o \u00e9 composto por quatro c\u00e2maras, duas do lado direito e duas do lado esquerdo. As paredes destas c\u00e2maras s\u00e3o compostas por um m\u00fasculo card\u00edaco especial. As c\u00e2maras pequenas na parte superior do cora\u00e7\u00e3o s\u00e3o designadas por aur\u00edculas e as c\u00e2maras maiores na parte inferior s\u00e3o designadas por ventr\u00edculos. Todos os ventr\u00edculos t\u00eam uma [&hellip;]<\/p>\n","protected":false},"author":1,"featured_media":0,"parent":13168,"menu_order":0,"comment_status":"open","ping_status":"open","template":"","meta":{"_acf_changed":false,"footnotes":""},"categories":[],"tags":[],"class_list":["post-12588","page","type-page","status-publish","hentry"],"acf":[],"yoast_head":"<!-- This site is optimized with the Yoast SEO plugin v24.8.1 - https:\/\/yoast.com\/wordpress\/plugins\/seo\/ -->\n<title>Como funciona o cora\u00e7\u00e3o normal? Parte 2<\/title>\n<meta name=\"description\" content=\"Saiba como aur\u00edculas e ventr\u00edculos funcionam em conjunto, contraindo alternadamente para empurrar o sangue fora do cora\u00e7\u00e3o e relaxando para o encher de sangue.\" \/>\n<meta name=\"robots\" content=\"index, follow, max-snippet:-1, max-image-preview:large, max-video-preview:-1\" \/>\n<link rel=\"canonical\" href=\"https:\/\/www.heartfailurematters.org\/pt-br\/o-que-e-a-insuficiencia-cardiaca\/como-funciona-um-coracao-normal-parte\/\" \/>\n<meta property=\"og:locale\" content=\"pt_BR\" \/>\n<meta property=\"og:type\" content=\"article\" \/>\n<meta property=\"og:title\" content=\"Como funciona o cora\u00e7\u00e3o normal? Parte 2\" \/>\n<meta property=\"og:description\" content=\"Saiba como aur\u00edculas e ventr\u00edculos funcionam em conjunto, contraindo alternadamente para empurrar o sangue fora do cora\u00e7\u00e3o e relaxando para o encher de sangue.\" \/>\n<meta property=\"og:url\" content=\"https:\/\/www.heartfailurematters.org\/pt-br\/o-que-e-a-insuficiencia-cardiaca\/como-funciona-um-coracao-normal-parte\/\" \/>\n<meta property=\"og:site_name\" content=\"Heart Failure Matters\" \/>\n<meta property=\"article:publisher\" content=\"https:\/\/www.facebook.com\/heartfailurematters\" \/>\n<meta name=\"twitter:card\" content=\"summary_large_image\" \/>\n<meta name=\"twitter:label1\" content=\"Est. tempo de leitura\" \/>\n\t<meta name=\"twitter:data1\" content=\"1 minuto\" \/>\n<script type=\"application\/ld+json\" class=\"yoast-schema-graph\">{\"@context\":\"https:\/\/schema.org\",\"@graph\":[{\"@type\":\"WebPage\",\"@id\":\"https:\/\/www.heartfailurematters.org\/pt-br\/o-que-e-a-insuficiencia-cardiaca\/como-funciona-um-coracao-normal-parte\/\",\"url\":\"https:\/\/www.heartfailurematters.org\/pt-br\/o-que-e-a-insuficiencia-cardiaca\/como-funciona-um-coracao-normal-parte\/\",\"name\":\"Como funciona o cora\u00e7\u00e3o normal? Parte 2\",\"isPartOf\":{\"@id\":\"https:\/\/www.heartfailurematters.org\/pt-br\/#website\"},\"datePublished\":\"2021-01-27T22:06:40+00:00\",\"description\":\"Saiba como aur\u00edculas e ventr\u00edculos funcionam em conjunto, contraindo alternadamente para empurrar o sangue fora do cora\u00e7\u00e3o e relaxando para o encher de sangue.\",\"breadcrumb\":{\"@id\":\"https:\/\/www.heartfailurematters.org\/pt-br\/o-que-e-a-insuficiencia-cardiaca\/como-funciona-um-coracao-normal-parte\/#breadcrumb\"},\"inLanguage\":\"pt-BR\",\"potentialAction\":[{\"@type\":\"ReadAction\",\"target\":[\"https:\/\/www.heartfailurematters.org\/pt-br\/o-que-e-a-insuficiencia-cardiaca\/como-funciona-um-coracao-normal-parte\/\"]}]},{\"@type\":\"BreadcrumbList\",\"@id\":\"https:\/\/www.heartfailurematters.org\/pt-br\/o-que-e-a-insuficiencia-cardiaca\/como-funciona-um-coracao-normal-parte\/#breadcrumb\",\"itemListElement\":[{\"@type\":\"ListItem\",\"position\":1,\"name\":\"P\u00e1gina inicial\",\"item\":\"https:\/\/www.heartfailurematters.org\/pt-br\/\"},{\"@type\":\"ListItem\",\"position\":2,\"name\":\"Compreender a insufici\u00eancia card\u00edaca\",\"item\":\"https:\/\/www.heartfailurematters.org\/pt-br\/o-que-e-a-insuficiencia-cardiaca\/\"},{\"@type\":\"ListItem\",\"position\":3,\"name\":\"Como funciona um cora\u00e7\u00e3o normal? Parte 2\"}]},{\"@type\":\"WebSite\",\"@id\":\"https:\/\/www.heartfailurematters.org\/pt-br\/#website\",\"url\":\"https:\/\/www.heartfailurematters.org\/pt-br\/\",\"name\":\"Heart Failure Matters\",\"description\":\"Practical information for patients, families and caregivers.\",\"publisher\":{\"@id\":\"https:\/\/www.heartfailurematters.org\/pt-br\/#organization\"},\"potentialAction\":[{\"@type\":\"SearchAction\",\"target\":{\"@type\":\"EntryPoint\",\"urlTemplate\":\"https:\/\/www.heartfailurematters.org\/pt-br\/?s={search_term_string}\"},\"query-input\":{\"@type\":\"PropertyValueSpecification\",\"valueRequired\":true,\"valueName\":\"search_term_string\"}}],\"inLanguage\":\"pt-BR\"},{\"@type\":\"Organization\",\"@id\":\"https:\/\/www.heartfailurematters.org\/pt-br\/#organization\",\"name\":\"Heart Failure Matters\",\"url\":\"https:\/\/www.heartfailurematters.org\/pt-br\/\",\"logo\":{\"@type\":\"ImageObject\",\"inLanguage\":\"pt-BR\",\"@id\":\"https:\/\/www.heartfailurematters.org\/pt-br\/#\/schema\/logo\/image\/\",\"url\":\"https:\/\/cdn-endpoint-hfm.azureedge.net\/heartfailurematters\/2024\/07\/hfm-logo1.jpg\",\"contentUrl\":\"https:\/\/cdn-endpoint-hfm.azureedge.net\/heartfailurematters\/2024\/07\/hfm-logo1.jpg\",\"width\":1280,\"height\":720,\"caption\":\"Heart Failure Matters\"},\"image\":{\"@id\":\"https:\/\/www.heartfailurematters.org\/pt-br\/#\/schema\/logo\/image\/\"},\"sameAs\":[\"https:\/\/www.facebook.com\/heartfailurematters\"]}]}<\/script>\n<!-- \/ Yoast SEO plugin. -->","yoast_head_json":{"title":"Como funciona o cora\u00e7\u00e3o normal? Parte 2","description":"Saiba como aur\u00edculas e ventr\u00edculos funcionam em conjunto, contraindo alternadamente para empurrar o sangue fora do cora\u00e7\u00e3o e relaxando para o encher de sangue.","robots":{"index":"index","follow":"follow","max-snippet":"max-snippet:-1","max-image-preview":"max-image-preview:large","max-video-preview":"max-video-preview:-1"},"canonical":"https:\/\/www.heartfailurematters.org\/pt-br\/o-que-e-a-insuficiencia-cardiaca\/como-funciona-um-coracao-normal-parte\/","og_locale":"pt_BR","og_type":"article","og_title":"Como funciona o cora\u00e7\u00e3o normal? Parte 2","og_description":"Saiba como aur\u00edculas e ventr\u00edculos funcionam em conjunto, contraindo alternadamente para empurrar o sangue fora do cora\u00e7\u00e3o e relaxando para o encher de sangue.","og_url":"https:\/\/www.heartfailurematters.org\/pt-br\/o-que-e-a-insuficiencia-cardiaca\/como-funciona-um-coracao-normal-parte\/","og_site_name":"Heart Failure Matters","article_publisher":"https:\/\/www.facebook.com\/heartfailurematters","twitter_card":"summary_large_image","twitter_misc":{"Est. tempo de leitura":"1 minuto"},"schema":{"@context":"https:\/\/schema.org","@graph":[{"@type":"WebPage","@id":"https:\/\/www.heartfailurematters.org\/pt-br\/o-que-e-a-insuficiencia-cardiaca\/como-funciona-um-coracao-normal-parte\/","url":"https:\/\/www.heartfailurematters.org\/pt-br\/o-que-e-a-insuficiencia-cardiaca\/como-funciona-um-coracao-normal-parte\/","name":"Como funciona o cora\u00e7\u00e3o normal? Parte 2","isPartOf":{"@id":"https:\/\/www.heartfailurematters.org\/pt-br\/#website"},"datePublished":"2021-01-27T22:06:40+00:00","description":"Saiba como aur\u00edculas e ventr\u00edculos funcionam em conjunto, contraindo alternadamente para empurrar o sangue fora do cora\u00e7\u00e3o e relaxando para o encher de sangue.","breadcrumb":{"@id":"https:\/\/www.heartfailurematters.org\/pt-br\/o-que-e-a-insuficiencia-cardiaca\/como-funciona-um-coracao-normal-parte\/#breadcrumb"},"inLanguage":"pt-BR","potentialAction":[{"@type":"ReadAction","target":["https:\/\/www.heartfailurematters.org\/pt-br\/o-que-e-a-insuficiencia-cardiaca\/como-funciona-um-coracao-normal-parte\/"]}]},{"@type":"BreadcrumbList","@id":"https:\/\/www.heartfailurematters.org\/pt-br\/o-que-e-a-insuficiencia-cardiaca\/como-funciona-um-coracao-normal-parte\/#breadcrumb","itemListElement":[{"@type":"ListItem","position":1,"name":"P\u00e1gina inicial","item":"https:\/\/www.heartfailurematters.org\/pt-br\/"},{"@type":"ListItem","position":2,"name":"Compreender a insufici\u00eancia card\u00edaca","item":"https:\/\/www.heartfailurematters.org\/pt-br\/o-que-e-a-insuficiencia-cardiaca\/"},{"@type":"ListItem","position":3,"name":"Como funciona um cora\u00e7\u00e3o normal? Parte 2"}]},{"@type":"WebSite","@id":"https:\/\/www.heartfailurematters.org\/pt-br\/#website","url":"https:\/\/www.heartfailurematters.org\/pt-br\/","name":"Heart Failure Matters","description":"Practical information for patients, families and caregivers.","publisher":{"@id":"https:\/\/www.heartfailurematters.org\/pt-br\/#organization"},"potentialAction":[{"@type":"SearchAction","target":{"@type":"EntryPoint","urlTemplate":"https:\/\/www.heartfailurematters.org\/pt-br\/?s={search_term_string}"},"query-input":{"@type":"PropertyValueSpecification","valueRequired":true,"valueName":"search_term_string"}}],"inLanguage":"pt-BR"},{"@type":"Organization","@id":"https:\/\/www.heartfailurematters.org\/pt-br\/#organization","name":"Heart Failure Matters","url":"https:\/\/www.heartfailurematters.org\/pt-br\/","logo":{"@type":"ImageObject","inLanguage":"pt-BR","@id":"https:\/\/www.heartfailurematters.org\/pt-br\/#\/schema\/logo\/image\/","url":"https:\/\/cdn-endpoint-hfm.azureedge.net\/heartfailurematters\/2024\/07\/hfm-logo1.jpg","contentUrl":"https:\/\/cdn-endpoint-hfm.azureedge.net\/heartfailurematters\/2024\/07\/hfm-logo1.jpg","width":1280,"height":720,"caption":"Heart Failure Matters"},"image":{"@id":"https:\/\/www.heartfailurematters.org\/pt-br\/#\/schema\/logo\/image\/"},"sameAs":["https:\/\/www.facebook.com\/heartfailurematters"]}]}},"_links":{"self":[{"href":"https:\/\/www.heartfailurematters.org\/pt-br\/wp-json\/wp\/v2\/pages\/12588","targetHints":{"allow":["GET"]}}],"collection":[{"href":"https:\/\/www.heartfailurematters.org\/pt-br\/wp-json\/wp\/v2\/pages"}],"about":[{"href":"https:\/\/www.heartfailurematters.org\/pt-br\/wp-json\/wp\/v2\/types\/page"}],"author":[{"embeddable":true,"href":"https:\/\/www.heartfailurematters.org\/pt-br\/wp-json\/wp\/v2\/users\/1"}],"replies":[{"embeddable":true,"href":"https:\/\/www.heartfailurematters.org\/pt-br\/wp-json\/wp\/v2\/comments?post=12588"}],"version-history":[{"count":0,"href":"https:\/\/www.heartfailurematters.org\/pt-br\/wp-json\/wp\/v2\/pages\/12588\/revisions"}],"up":[{"embeddable":true,"href":"https:\/\/www.heartfailurematters.org\/pt-br\/wp-json\/wp\/v2\/pages\/13168"}],"wp:attachment":[{"href":"https:\/\/www.heartfailurematters.org\/pt-br\/wp-json\/wp\/v2\/media?parent=12588"}],"wp:term":[{"taxonomy":"category","embeddable":true,"href":"https:\/\/www.heartfailurematters.org\/pt-br\/wp-json\/wp\/v2\/categories?post=12588"},{"taxonomy":"post_tag","embeddable":true,"href":"https:\/\/www.heartfailurematters.org\/pt-br\/wp-json\/wp\/v2\/tags?post=12588"}],"curies":[{"name":"wp","href":"https:\/\/api.w.org\/{rel}","templated":true}]}}