{"id":12587,"date":"2021-01-27T22:06:40","date_gmt":"2021-01-27T22:06:40","guid":{"rendered":"https:\/\/www.heartfailurematters.org\/o-que-o-seu-medico-ou-enfermeiro-pode-fazer\/tratamento-antiplaquetario\/"},"modified":"2021-01-27T22:06:40","modified_gmt":"2021-01-27T22:06:40","slug":"tratamento-antiplaquetario","status":"publish","type":"page","link":"https:\/\/www.heartfailurematters.org\/pt-br\/o-que-o-seu-medico-ou-enfermeiro-pode-fazer\/tratamento-antiplaquetario\/","title":{"rendered":"Tratamento antiplaquet\u00e1rio"},"content":{"rendered":"<h2>Como funcionam?<\/h2>\n<p><a class=\"addtooltip\" title=\"Medicamentos que impedem a a\u00e7\u00e3o das plaquetas no sangue e, por conseguinte, impedem a forma\u00e7\u00e3o de co\u00e1gulos sangu\u00edneos.\"><strong>Os antiplaquet\u00e1rios<\/strong><\/a> impedem a forma\u00e7\u00e3o de co\u00e1gulos sangu\u00edneos nas art\u00e9rias. Os co\u00e1gulos sangu\u00edneos nas art\u00e9rias do cora\u00e7\u00e3o e do c\u00e9rebro podem causar um ataque card\u00edaco ou um acidente vascular cerebral.<\/p>\n<p>Embora os antiplaquet\u00e1rios sejam frequentemente referidos como diluentes do sangue, na verdade n\u00e3o permitem que o sangue circule mais livremente nos vasos sangu\u00edneos.<\/p>\n<p>A aspirina \u00e9 o medicamento antiplaquet\u00e1rio mais comum. A dose de aspirina para evitar co\u00e1gulos sangu\u00edneos \u00e9 muito mais reduzida do que a dose utilizada para o al\u00edvio da dor. Tomar uma dose mais elevada de aspirina n\u00e3o a torna mais eficaz, mas aumenta o risco de efeitos secund\u00e1rios. Por isso, tome a dose recomendada pelo seu m\u00e9dico.<\/p>\n<h2>Efeitos secund\u00e1rios<\/h2>\n<p>A maioria das pessoas n\u00e3o apresenta efeitos secund\u00e1rias com uma dose reduzida de aspirina. Os benef\u00edcios da aspirina superam normalmente o baixo risco de desenvolver efeitos secund\u00e1rios. Os efeitos secund\u00e1rios poss\u00edveis mais graves, que s\u00f3 afetam um n\u00famero reduzido de pessoas, incluem irrita\u00e7\u00e3o no est\u00f4mago ou hemorragia e, muito raramente, alergia \u00e0 aspirina.<\/p>\n<p>Os novos medicamentos antiplaquet\u00e1rios, como o clopidogrel, poder\u00e3o causar menos irrita\u00e7\u00e3o no est\u00f4mago.<\/p>\n<h2>Principais sugest\u00f5es<\/h2>\n<p>Para reduzir o risco de irrita\u00e7\u00e3o no est\u00f4mago, recomenda-se que tome estes medicamentos durante ou ap\u00f3s as refei\u00e7\u00f5es.<\/p>\n<p>Se tomar uma dose reduzida de aspirina para prevenir co\u00e1gulos sangu\u00edneos e tiver de tomar um analg\u00e9sico (por exemplo, para dores de cabe\u00e7a) tome um paracetamol em vez de uma dose mais elevada de aspirina.<\/p>\n<h2>Tamb\u00e9m conhecido por:<\/h2>\n<ul>\n<li><strong>Aspirina<\/strong><br \/>\n(Gencardia\u00ae, Micropirin\u00ae, Angettes 75\u00ae, Caprin\u00ae, Nu-Seals\u00ae, Albyl\u00ae)<\/li>\n<li><strong>Clopidogrel<\/strong><br \/>\n(Plavix\u00ae)<\/li>\n<li><strong>Ticlopidine<br \/>\n<\/strong>(Ticlid\u00ae)<\/li>\n<li><strong>Dipyridamole<br \/>\n<\/strong>(Persantin\u00ae, Persantin Retard\u00ae), Produtos combinados (Asasantin Retard\u00ae)<\/li>\n<\/ul>\n<p><a href=\"https:\/\/www.heartfailurematters.org\/pt-pt\/o-que-o-seu-medico-ou-enfermeiro-pode-fazer\/medicamentos-para-a-insuficiencia-cardiaca\/\">Voltar \u00e0 sec\u00e7\u00e3o Medicamentos para a insufici\u00eancia card\u00edaca<\/a><\/p>\n","protected":false},"excerpt":{"rendered":"<p>Como funcionam? Os antiplaquet\u00e1rios impedem a forma\u00e7\u00e3o de co\u00e1gulos sangu\u00edneos nas art\u00e9rias. Os co\u00e1gulos sangu\u00edneos nas art\u00e9rias do cora\u00e7\u00e3o e do c\u00e9rebro podem causar um ataque card\u00edaco ou um acidente vascular cerebral. Embora os antiplaquet\u00e1rios sejam frequentemente referidos como diluentes do sangue, na verdade n\u00e3o permitem que o sangue circule mais livremente nos vasos sangu\u00edneos. [&hellip;]<\/p>\n","protected":false},"author":1,"featured_media":12512,"parent":13171,"menu_order":0,"comment_status":"open","ping_status":"open","template":"","meta":{"_acf_changed":false,"footnotes":""},"categories":[],"tags":[],"class_list":["post-12587","page","type-page","status-publish","has-post-thumbnail","hentry"],"acf":[],"yoast_head":"<!-- This site is optimized with the Yoast SEO plugin v24.8.1 - https:\/\/yoast.com\/wordpress\/plugins\/seo\/ -->\n<title>O que \u00e9 o tratamento antiplaquet\u00e1rio?<\/title>\n<meta name=\"description\" content=\"Antiplaquet\u00e1rios previnem a forma\u00e7\u00e3o de co\u00e1gulos sangu\u00edneos nas art\u00e9rias. Co\u00e1gulos nas art\u00e9rias do cora\u00e7\u00e3o e c\u00e9rebro podem causar um ataque card\u00edaco ou derrame.\" \/>\n<meta name=\"robots\" content=\"index, follow, max-snippet:-1, max-image-preview:large, max-video-preview:-1\" \/>\n<link rel=\"canonical\" href=\"https:\/\/www.heartfailurematters.org\/pt-br\/o-que-o-seu-medico-ou-enfermeiro-pode-fazer\/tratamento-antiplaquetario\/\" \/>\n<meta property=\"og:locale\" content=\"pt_BR\" \/>\n<meta property=\"og:type\" content=\"article\" \/>\n<meta property=\"og:title\" content=\"O que \u00e9 o tratamento antiplaquet\u00e1rio?\" \/>\n<meta property=\"og:description\" content=\"Antiplaquet\u00e1rios previnem a forma\u00e7\u00e3o de co\u00e1gulos sangu\u00edneos nas art\u00e9rias. Co\u00e1gulos nas art\u00e9rias do cora\u00e7\u00e3o e c\u00e9rebro podem causar um ataque card\u00edaco ou derrame.\" \/>\n<meta property=\"og:url\" content=\"https:\/\/www.heartfailurematters.org\/pt-br\/o-que-o-seu-medico-ou-enfermeiro-pode-fazer\/tratamento-antiplaquetario\/\" \/>\n<meta property=\"og:site_name\" content=\"Heart Failure Matters\" \/>\n<meta property=\"article:publisher\" content=\"https:\/\/www.facebook.com\/heartfailurematters\" \/>\n<meta property=\"og:image\" content=\"https:\/\/www.heartfailurematters.org\/wp-content\/uploads\/2022\/03\/shutterstock_441673426-1-min.jpg\" \/>\n\t<meta property=\"og:image:width\" content=\"900\" \/>\n\t<meta property=\"og:image:height\" content=\"596\" \/>\n\t<meta property=\"og:image:type\" content=\"image\/jpeg\" \/>\n<meta name=\"twitter:card\" content=\"summary_large_image\" \/>\n<meta name=\"twitter:label1\" content=\"Est. tempo de leitura\" \/>\n\t<meta name=\"twitter:data1\" content=\"2 minutos\" \/>\n<script type=\"application\/ld+json\" class=\"yoast-schema-graph\">{\"@context\":\"https:\/\/schema.org\",\"@graph\":[{\"@type\":\"WebPage\",\"@id\":\"https:\/\/www.heartfailurematters.org\/pt-br\/o-que-o-seu-medico-ou-enfermeiro-pode-fazer\/tratamento-antiplaquetario\/\",\"url\":\"https:\/\/www.heartfailurematters.org\/pt-br\/o-que-o-seu-medico-ou-enfermeiro-pode-fazer\/tratamento-antiplaquetario\/\",\"name\":\"O que \u00e9 o tratamento antiplaquet\u00e1rio?\",\"isPartOf\":{\"@id\":\"https:\/\/www.heartfailurematters.org\/pt-br\/#website\"},\"primaryImageOfPage\":{\"@id\":\"https:\/\/www.heartfailurematters.org\/pt-br\/o-que-o-seu-medico-ou-enfermeiro-pode-fazer\/tratamento-antiplaquetario\/#primaryimage\"},\"image\":{\"@id\":\"https:\/\/www.heartfailurematters.org\/pt-br\/o-que-o-seu-medico-ou-enfermeiro-pode-fazer\/tratamento-antiplaquetario\/#primaryimage\"},\"thumbnailUrl\":\"https:\/\/www.heartfailurematters.org\/wp-content\/uploads\/2022\/03\/shutterstock_441673426-1-min.jpg\",\"datePublished\":\"2021-01-27T22:06:40+00:00\",\"description\":\"Antiplaquet\u00e1rios previnem a forma\u00e7\u00e3o de co\u00e1gulos sangu\u00edneos nas art\u00e9rias. Co\u00e1gulos nas art\u00e9rias do cora\u00e7\u00e3o e c\u00e9rebro podem causar um ataque card\u00edaco ou derrame.\",\"breadcrumb\":{\"@id\":\"https:\/\/www.heartfailurematters.org\/pt-br\/o-que-o-seu-medico-ou-enfermeiro-pode-fazer\/tratamento-antiplaquetario\/#breadcrumb\"},\"inLanguage\":\"pt-BR\",\"potentialAction\":[{\"@type\":\"ReadAction\",\"target\":[\"https:\/\/www.heartfailurematters.org\/pt-br\/o-que-o-seu-medico-ou-enfermeiro-pode-fazer\/tratamento-antiplaquetario\/\"]}]},{\"@type\":\"ImageObject\",\"inLanguage\":\"pt-BR\",\"@id\":\"https:\/\/www.heartfailurematters.org\/pt-br\/o-que-o-seu-medico-ou-enfermeiro-pode-fazer\/tratamento-antiplaquetario\/#primaryimage\",\"url\":\"https:\/\/www.heartfailurematters.org\/wp-content\/uploads\/2022\/03\/shutterstock_441673426-1-min.jpg\",\"contentUrl\":\"https:\/\/www.heartfailurematters.org\/wp-content\/uploads\/2022\/03\/shutterstock_441673426-1-min.jpg\",\"width\":900,\"height\":596},{\"@type\":\"BreadcrumbList\",\"@id\":\"https:\/\/www.heartfailurematters.org\/pt-br\/o-que-o-seu-medico-ou-enfermeiro-pode-fazer\/tratamento-antiplaquetario\/#breadcrumb\",\"itemListElement\":[{\"@type\":\"ListItem\",\"position\":1,\"name\":\"P\u00e1gina inicial\",\"item\":\"https:\/\/www.heartfailurematters.org\/pt-br\/\"},{\"@type\":\"ListItem\",\"position\":2,\"name\":\"O que o seu m\u00e9dico pode fazer\",\"item\":\"https:\/\/www.heartfailurematters.org\/pt-br\/o-que-o-seu-medico-ou-enfermeiro-pode-fazer\/\"},{\"@type\":\"ListItem\",\"position\":3,\"name\":\"Tratamento antiplaquet\u00e1rio\"}]},{\"@type\":\"WebSite\",\"@id\":\"https:\/\/www.heartfailurematters.org\/pt-br\/#website\",\"url\":\"https:\/\/www.heartfailurematters.org\/pt-br\/\",\"name\":\"Heart Failure Matters\",\"description\":\"Practical information for patients, families and caregivers.\",\"publisher\":{\"@id\":\"https:\/\/www.heartfailurematters.org\/pt-br\/#organization\"},\"potentialAction\":[{\"@type\":\"SearchAction\",\"target\":{\"@type\":\"EntryPoint\",\"urlTemplate\":\"https:\/\/www.heartfailurematters.org\/pt-br\/?s={search_term_string}\"},\"query-input\":{\"@type\":\"PropertyValueSpecification\",\"valueRequired\":true,\"valueName\":\"search_term_string\"}}],\"inLanguage\":\"pt-BR\"},{\"@type\":\"Organization\",\"@id\":\"https:\/\/www.heartfailurematters.org\/pt-br\/#organization\",\"name\":\"Heart Failure Matters\",\"url\":\"https:\/\/www.heartfailurematters.org\/pt-br\/\",\"logo\":{\"@type\":\"ImageObject\",\"inLanguage\":\"pt-BR\",\"@id\":\"https:\/\/www.heartfailurematters.org\/pt-br\/#\/schema\/logo\/image\/\",\"url\":\"https:\/\/cdn-endpoint-hfm.azureedge.net\/heartfailurematters\/2024\/07\/hfm-logo1.jpg\",\"contentUrl\":\"https:\/\/cdn-endpoint-hfm.azureedge.net\/heartfailurematters\/2024\/07\/hfm-logo1.jpg\",\"width\":1280,\"height\":720,\"caption\":\"Heart Failure Matters\"},\"image\":{\"@id\":\"https:\/\/www.heartfailurematters.org\/pt-br\/#\/schema\/logo\/image\/\"},\"sameAs\":[\"https:\/\/www.facebook.com\/heartfailurematters\"]}]}<\/script>\n<!-- \/ Yoast SEO plugin. -->","yoast_head_json":{"title":"O que \u00e9 o tratamento antiplaquet\u00e1rio?","description":"Antiplaquet\u00e1rios previnem a forma\u00e7\u00e3o de co\u00e1gulos sangu\u00edneos nas art\u00e9rias. Co\u00e1gulos nas art\u00e9rias do cora\u00e7\u00e3o e c\u00e9rebro podem causar um ataque card\u00edaco ou derrame.","robots":{"index":"index","follow":"follow","max-snippet":"max-snippet:-1","max-image-preview":"max-image-preview:large","max-video-preview":"max-video-preview:-1"},"canonical":"https:\/\/www.heartfailurematters.org\/pt-br\/o-que-o-seu-medico-ou-enfermeiro-pode-fazer\/tratamento-antiplaquetario\/","og_locale":"pt_BR","og_type":"article","og_title":"O que \u00e9 o tratamento antiplaquet\u00e1rio?","og_description":"Antiplaquet\u00e1rios previnem a forma\u00e7\u00e3o de co\u00e1gulos sangu\u00edneos nas art\u00e9rias. Co\u00e1gulos nas art\u00e9rias do cora\u00e7\u00e3o e c\u00e9rebro podem causar um ataque card\u00edaco ou derrame.","og_url":"https:\/\/www.heartfailurematters.org\/pt-br\/o-que-o-seu-medico-ou-enfermeiro-pode-fazer\/tratamento-antiplaquetario\/","og_site_name":"Heart Failure Matters","article_publisher":"https:\/\/www.facebook.com\/heartfailurematters","og_image":[{"width":900,"height":596,"url":"https:\/\/www.heartfailurematters.org\/wp-content\/uploads\/2022\/03\/shutterstock_441673426-1-min.jpg","type":"image\/jpeg"}],"twitter_card":"summary_large_image","twitter_misc":{"Est. tempo de leitura":"2 minutos"},"schema":{"@context":"https:\/\/schema.org","@graph":[{"@type":"WebPage","@id":"https:\/\/www.heartfailurematters.org\/pt-br\/o-que-o-seu-medico-ou-enfermeiro-pode-fazer\/tratamento-antiplaquetario\/","url":"https:\/\/www.heartfailurematters.org\/pt-br\/o-que-o-seu-medico-ou-enfermeiro-pode-fazer\/tratamento-antiplaquetario\/","name":"O que \u00e9 o tratamento antiplaquet\u00e1rio?","isPartOf":{"@id":"https:\/\/www.heartfailurematters.org\/pt-br\/#website"},"primaryImageOfPage":{"@id":"https:\/\/www.heartfailurematters.org\/pt-br\/o-que-o-seu-medico-ou-enfermeiro-pode-fazer\/tratamento-antiplaquetario\/#primaryimage"},"image":{"@id":"https:\/\/www.heartfailurematters.org\/pt-br\/o-que-o-seu-medico-ou-enfermeiro-pode-fazer\/tratamento-antiplaquetario\/#primaryimage"},"thumbnailUrl":"https:\/\/www.heartfailurematters.org\/wp-content\/uploads\/2022\/03\/shutterstock_441673426-1-min.jpg","datePublished":"2021-01-27T22:06:40+00:00","description":"Antiplaquet\u00e1rios previnem a forma\u00e7\u00e3o de co\u00e1gulos sangu\u00edneos nas art\u00e9rias. Co\u00e1gulos nas art\u00e9rias do cora\u00e7\u00e3o e c\u00e9rebro podem causar um ataque card\u00edaco ou derrame.","breadcrumb":{"@id":"https:\/\/www.heartfailurematters.org\/pt-br\/o-que-o-seu-medico-ou-enfermeiro-pode-fazer\/tratamento-antiplaquetario\/#breadcrumb"},"inLanguage":"pt-BR","potentialAction":[{"@type":"ReadAction","target":["https:\/\/www.heartfailurematters.org\/pt-br\/o-que-o-seu-medico-ou-enfermeiro-pode-fazer\/tratamento-antiplaquetario\/"]}]},{"@type":"ImageObject","inLanguage":"pt-BR","@id":"https:\/\/www.heartfailurematters.org\/pt-br\/o-que-o-seu-medico-ou-enfermeiro-pode-fazer\/tratamento-antiplaquetario\/#primaryimage","url":"https:\/\/www.heartfailurematters.org\/wp-content\/uploads\/2022\/03\/shutterstock_441673426-1-min.jpg","contentUrl":"https:\/\/www.heartfailurematters.org\/wp-content\/uploads\/2022\/03\/shutterstock_441673426-1-min.jpg","width":900,"height":596},{"@type":"BreadcrumbList","@id":"https:\/\/www.heartfailurematters.org\/pt-br\/o-que-o-seu-medico-ou-enfermeiro-pode-fazer\/tratamento-antiplaquetario\/#breadcrumb","itemListElement":[{"@type":"ListItem","position":1,"name":"P\u00e1gina inicial","item":"https:\/\/www.heartfailurematters.org\/pt-br\/"},{"@type":"ListItem","position":2,"name":"O que o seu m\u00e9dico pode fazer","item":"https:\/\/www.heartfailurematters.org\/pt-br\/o-que-o-seu-medico-ou-enfermeiro-pode-fazer\/"},{"@type":"ListItem","position":3,"name":"Tratamento antiplaquet\u00e1rio"}]},{"@type":"WebSite","@id":"https:\/\/www.heartfailurematters.org\/pt-br\/#website","url":"https:\/\/www.heartfailurematters.org\/pt-br\/","name":"Heart Failure Matters","description":"Practical information for patients, families and caregivers.","publisher":{"@id":"https:\/\/www.heartfailurematters.org\/pt-br\/#organization"},"potentialAction":[{"@type":"SearchAction","target":{"@type":"EntryPoint","urlTemplate":"https:\/\/www.heartfailurematters.org\/pt-br\/?s={search_term_string}"},"query-input":{"@type":"PropertyValueSpecification","valueRequired":true,"valueName":"search_term_string"}}],"inLanguage":"pt-BR"},{"@type":"Organization","@id":"https:\/\/www.heartfailurematters.org\/pt-br\/#organization","name":"Heart Failure Matters","url":"https:\/\/www.heartfailurematters.org\/pt-br\/","logo":{"@type":"ImageObject","inLanguage":"pt-BR","@id":"https:\/\/www.heartfailurematters.org\/pt-br\/#\/schema\/logo\/image\/","url":"https:\/\/cdn-endpoint-hfm.azureedge.net\/heartfailurematters\/2024\/07\/hfm-logo1.jpg","contentUrl":"https:\/\/cdn-endpoint-hfm.azureedge.net\/heartfailurematters\/2024\/07\/hfm-logo1.jpg","width":1280,"height":720,"caption":"Heart Failure Matters"},"image":{"@id":"https:\/\/www.heartfailurematters.org\/pt-br\/#\/schema\/logo\/image\/"},"sameAs":["https:\/\/www.facebook.com\/heartfailurematters"]}]}},"_links":{"self":[{"href":"https:\/\/www.heartfailurematters.org\/pt-br\/wp-json\/wp\/v2\/pages\/12587","targetHints":{"allow":["GET"]}}],"collection":[{"href":"https:\/\/www.heartfailurematters.org\/pt-br\/wp-json\/wp\/v2\/pages"}],"about":[{"href":"https:\/\/www.heartfailurematters.org\/pt-br\/wp-json\/wp\/v2\/types\/page"}],"author":[{"embeddable":true,"href":"https:\/\/www.heartfailurematters.org\/pt-br\/wp-json\/wp\/v2\/users\/1"}],"replies":[{"embeddable":true,"href":"https:\/\/www.heartfailurematters.org\/pt-br\/wp-json\/wp\/v2\/comments?post=12587"}],"version-history":[{"count":0,"href":"https:\/\/www.heartfailurematters.org\/pt-br\/wp-json\/wp\/v2\/pages\/12587\/revisions"}],"up":[{"embeddable":true,"href":"https:\/\/www.heartfailurematters.org\/pt-br\/wp-json\/wp\/v2\/pages\/13171"}],"wp:featuredmedia":[{"embeddable":true,"href":"https:\/\/www.heartfailurematters.org\/pt-br\/wp-json\/wp\/v2\/media\/12512"}],"wp:attachment":[{"href":"https:\/\/www.heartfailurematters.org\/pt-br\/wp-json\/wp\/v2\/media?parent=12587"}],"wp:term":[{"taxonomy":"category","embeddable":true,"href":"https:\/\/www.heartfailurematters.org\/pt-br\/wp-json\/wp\/v2\/categories?post=12587"},{"taxonomy":"post_tag","embeddable":true,"href":"https:\/\/www.heartfailurematters.org\/pt-br\/wp-json\/wp\/v2\/tags?post=12587"}],"curies":[{"name":"wp","href":"https:\/\/api.w.org\/{rel}","templated":true}]}}