{"id":12586,"date":"2021-01-27T22:06:40","date_gmt":"2021-01-27T22:06:40","guid":{"rendered":"https:\/\/www.heartfailurematters.org\/o-que-o-seu-medico-ou-enfermeiro-pode-fazer\/nitratos-ou-vasodilatadores\/"},"modified":"2021-01-27T22:06:40","modified_gmt":"2021-01-27T22:06:40","slug":"nitratos-ou-vasodilatadores","status":"publish","type":"page","link":"https:\/\/www.heartfailurematters.org\/pt-br\/o-que-o-seu-medico-ou-enfermeiro-pode-fazer\/nitratos-ou-vasodilatadores\/","title":{"rendered":"Nitratos ou vasodilatadores"},"content":{"rendered":"<h2>O que fazem?<\/h2>\n<p>Os nitratos s\u00e3o vasodilatadores que relaxam ou dilatam os vasos sangu\u00edneos, para reduzir a resist\u00eancia. Isto reduz a press\u00e3o arterial e facilita o fluxo sangu\u00edneo no corpo, melhorando os sintomas.<\/p>\n<p>Alguns <a class=\"addtooltip\" title=\"Prepara\u00e7\u00f5es de nitroglicerina de a\u00e7\u00e3o prolongada tomadas oralmente.\"><strong title=\"\">nitratos<\/strong><\/a> s\u00e3o tomados regularmente. No entanto, alguns <a class=\"addtooltip\" title=\"Prepara\u00e7\u00f5es de nitroglicerina de a\u00e7\u00e3o longa tomadas oralmente.\"><strong title=\"\">nitratos<\/strong><\/a> (como o trinitrato de glicerilo\/nitroglicerina) podem ser tomados em forma de spray ou comprimidos que s\u00e3o colocados debaixo da l\u00edngua \u00abquando necess\u00e1rio\u00bb para a dor tor\u00e1cica (angina). Existem v\u00e1rios outros tipos de vasodilatadores que n\u00e3o s\u00e3o <a class=\"addtooltip\" title=\"Prepara\u00e7\u00f5es de nitroglicerina de a\u00e7\u00e3o prolongada tomadas oralmente.\"><strong title=\"\">nitratos<\/strong><\/a> que s\u00e3o utilizados na insufici\u00eancia card\u00edaca. Tamb\u00e9m podem ser administrados em forma de adesivos ou pomadas, aplicados na pele\u00a0<a class=\"addtooltip\" title=\"Dor ou desconforto no peito resultante da redu\u00e7\u00e3o do fornecimento de sangue numa parte do m\u00fasculo card\u00edaco. \u00c9 normalmente causado por doen\u00e7a coron\u00e1ria das art\u00e9rias.\"><strong title=\"\">(angina)<\/strong><\/a>.<\/p>\n<h2>Quais s\u00e3o os benef\u00edcios esperados?<\/h2>\n<p>Os nitratos reduzem a ocorr\u00eancia e a intensidade da dor tor\u00e1cica (angina de peito) e por isso, s\u00e3o administrados para aliviar os sintomas. Outros vasodilatadores, como o Hydralazine e o Minoxidil, poder\u00e3o ser usados para melhorar os sintomas como a falta de ar.<\/p>\n<h2>Efeitos secund\u00e1rios<\/h2>\n<p>Os vasodilatadores poder\u00e3o causar press\u00e3o arterial baixa, provocando tonturas ou sensa\u00e7\u00e3o de desmaio ao sentar-se ou levantar-se muito rapidamente. Outros efeitos secund\u00e1rios incluem dores de cabe\u00e7a, rubor, <a class=\"addtooltip\" title=\"Sensa\u00e7\u00e3o de falta, excesso ou irregularidade dos batimentos.\"><strong title=\"\">palpita\u00e7\u00f5es<\/strong><\/a> e congest\u00e3o nasal. As dores de cabe\u00e7a s\u00e3o especialmente comuns nos vasodilatadores de a\u00e7\u00e3o prolongada, como os nitratos.<\/p>\n<h2>Principais sugest\u00f5es<\/h2>\n<p>As <a href=\"https:\/\/www.heartfailurematters.org\/pt-pt\/o-que-e-a-insuficiencia-cardiaca\/tonturas\/\" shape=\"rect\">tonturas<\/a>\u00a0s\u00e3o comuns nos medicamentos que reduzem a press\u00e3o arterial, mas o cora\u00e7\u00e3o consegue funcionar melhor com tens\u00f5es mais baixas.<\/p>\n<p>Se sentir tonturas de manh\u00e3, tente mover os p\u00e9s para a frente e para tr\u00e1s cerca de dez vezes antes de se levantar. Ou, se pretender, balance as pernas na parte lateral da cama antes de se sentar e depois sente-se na beira da cama durante um minuto antes de se levantar. Deve evitar levantar-se demasiado rapidamente, quer esteja sentado ou dobrado, pois provocar\u00e1 tonturas. Leve o tempo necess\u00e1rio e permita que o corpo se ajuste.<\/p>\n<h2>Nitratos\/Vasodilatores:<\/h2>\n<ul>\n<li><strong> Trinitrato de glicerilo\/GTN\/prepara\u00e7\u00f5es de nitroglicerina<\/strong><br \/>\n(Nitromint\u00ae, Nitradisc\u00ae, Nitro-Dur\u00ae, Epinitril\u00ae, Plastranit\u00ae, Nitroderm-TTS\u00ae)<\/li>\n<li><strong>Dinitrato de isossorbida<\/strong><br \/>\n(Flindix\u00ae, Flindix Retard\u00ae)<\/li>\n<li><strong> Mononitrato de isossorbida<\/strong><br \/>\n(Imdur, Monopront\u00ae, Ismo retard\u00ae, Monoket\u00ae)<\/li>\n<li><strong>Hydralazine<br \/>\n<\/strong>(Apresoline\u00ae)<\/li>\n<li><strong>Minoxidil<br \/>\n<\/strong>(Loniten\u00ae)<\/li>\n<li><strong>Nesiritide<br \/>\n<\/strong>(Natrecor\u00ae)<\/li>\n<li><strong>Levosimendan<br \/>\n<\/strong>(Simdax\u00ae)<\/li>\n<\/ul>\n<table border=\"1\" width=\"100%\" cellspacing=\"0\" cellpadding=\"0\">\n<tbody>\n<tr>\n<td style=\"width: 25%;\">\n<h2>Anima\u00e7\u00e3o<\/h2>\n<\/td>\n<td style=\"width: 75%; vertical-align: middle; text-align: left;\"><\/td>\n<\/tr>\n<tr>\n<td style=\"width: 25%;\"><a class=\"lightview\" href=\"https:\/\/www.youtube.com\/embed\/2-ZC8PHFUaA\" data-lightview-caption=\"The animation above shows how ACE (Angiotensin converting enzyme) inhibitors can help you by causing your blood vessels to relax and thus lower your blood pressure. This means your heart doesn't have to work so hard to squeeze your blood around your body.\" data-lightview-title=\"How ACE inhibitors work in heart failure\" data-lightview-options=\"width: 535, height: 400\" data-lightview-type=\"iframe\" data-lightview-group=\"journey\"><img decoding=\"async\" class=\"alignleft wp-image-5077 size-full\" src=\"https:\/\/cdn-endpoint-hfm.azureedge.net\/heartfailurematters\/2021\/02\/07-animation.jpg?_t=1641565829\" alt=\"\" width=\"180\" height=\"130\" \/><\/a><\/td>\n<td style=\"width: 75%; vertical-align: middle; text-align: left;\">Anima\u00e7\u00e3o que explica o funcionamento dos vasodilatadores na insufici\u00eancia card\u00edaca<\/td>\n<\/tr>\n<\/tbody>\n<\/table>\n<p><a href=\"https:\/\/www.heartfailurematters.org\/pt-pt\/o-que-o-seu-medico-ou-enfermeiro-pode-fazer\/medicamentos-para-a-insuficiencia-cardiaca\/\" shape=\"rect\">Voltar \u00e0 sec\u00e7\u00e3o Medicamentos para a insufici\u00eancia card\u00edaca<\/a><\/p>\n","protected":false},"excerpt":{"rendered":"<p>O que fazem? Os nitratos s\u00e3o vasodilatadores que relaxam ou dilatam os vasos sangu\u00edneos, para reduzir a resist\u00eancia. Isto reduz a press\u00e3o arterial e facilita o fluxo sangu\u00edneo no corpo, melhorando os sintomas. Alguns nitratos s\u00e3o tomados regularmente. No entanto, alguns nitratos (como o trinitrato de glicerilo\/nitroglicerina) podem ser tomados em forma de spray ou [&hellip;]<\/p>\n","protected":false},"author":1,"featured_media":12512,"parent":13171,"menu_order":0,"comment_status":"open","ping_status":"open","template":"","meta":{"_acf_changed":false,"footnotes":""},"categories":[],"tags":[],"class_list":["post-12586","page","type-page","status-publish","has-post-thumbnail","hentry"],"acf":[],"yoast_head":"<!-- This site is optimized with the Yoast SEO plugin v24.8.1 - https:\/\/yoast.com\/wordpress\/plugins\/seo\/ -->\n<title>Nitratos, vasodilatadores e insufici\u00eancia card\u00edaca<\/title>\n<meta name=\"description\" content=\"Vasodilatadores para insufici\u00eancia card\u00edaca: descubra o que s\u00e3o, o que fazem, poss\u00edveis efeitos secund\u00e1rios e outras sugest\u00f5es para gerir efeitos secund\u00e1rios.\" \/>\n<meta name=\"robots\" content=\"index, follow, max-snippet:-1, max-image-preview:large, max-video-preview:-1\" \/>\n<link rel=\"canonical\" href=\"https:\/\/www.heartfailurematters.org\/pt-br\/o-que-o-seu-medico-ou-enfermeiro-pode-fazer\/nitratos-ou-vasodilatadores\/\" \/>\n<meta property=\"og:locale\" content=\"pt_BR\" \/>\n<meta property=\"og:type\" content=\"article\" \/>\n<meta property=\"og:title\" content=\"Nitratos, vasodilatadores e insufici\u00eancia card\u00edaca\" \/>\n<meta property=\"og:description\" content=\"Vasodilatadores para insufici\u00eancia card\u00edaca: descubra o que s\u00e3o, o que fazem, poss\u00edveis efeitos secund\u00e1rios e outras sugest\u00f5es para gerir efeitos secund\u00e1rios.\" \/>\n<meta property=\"og:url\" content=\"https:\/\/www.heartfailurematters.org\/pt-br\/o-que-o-seu-medico-ou-enfermeiro-pode-fazer\/nitratos-ou-vasodilatadores\/\" \/>\n<meta property=\"og:site_name\" content=\"Heart Failure Matters\" \/>\n<meta property=\"article:publisher\" content=\"https:\/\/www.facebook.com\/heartfailurematters\" \/>\n<meta property=\"og:image\" content=\"https:\/\/www.heartfailurematters.org\/wp-content\/uploads\/2022\/03\/shutterstock_441673426-1-min.jpg\" \/>\n\t<meta property=\"og:image:width\" content=\"900\" \/>\n\t<meta property=\"og:image:height\" content=\"596\" \/>\n\t<meta property=\"og:image:type\" content=\"image\/jpeg\" \/>\n<meta name=\"twitter:card\" content=\"summary_large_image\" \/>\n<meta name=\"twitter:label1\" content=\"Est. tempo de leitura\" \/>\n\t<meta name=\"twitter:data1\" content=\"2 minutos\" \/>\n<script type=\"application\/ld+json\" class=\"yoast-schema-graph\">{\"@context\":\"https:\/\/schema.org\",\"@graph\":[{\"@type\":\"WebPage\",\"@id\":\"https:\/\/www.heartfailurematters.org\/pt-br\/o-que-o-seu-medico-ou-enfermeiro-pode-fazer\/nitratos-ou-vasodilatadores\/\",\"url\":\"https:\/\/www.heartfailurematters.org\/pt-br\/o-que-o-seu-medico-ou-enfermeiro-pode-fazer\/nitratos-ou-vasodilatadores\/\",\"name\":\"Nitratos, vasodilatadores e insufici\u00eancia card\u00edaca\",\"isPartOf\":{\"@id\":\"https:\/\/www.heartfailurematters.org\/pt-br\/#website\"},\"primaryImageOfPage\":{\"@id\":\"https:\/\/www.heartfailurematters.org\/pt-br\/o-que-o-seu-medico-ou-enfermeiro-pode-fazer\/nitratos-ou-vasodilatadores\/#primaryimage\"},\"image\":{\"@id\":\"https:\/\/www.heartfailurematters.org\/pt-br\/o-que-o-seu-medico-ou-enfermeiro-pode-fazer\/nitratos-ou-vasodilatadores\/#primaryimage\"},\"thumbnailUrl\":\"https:\/\/www.heartfailurematters.org\/wp-content\/uploads\/2022\/03\/shutterstock_441673426-1-min.jpg\",\"datePublished\":\"2021-01-27T22:06:40+00:00\",\"description\":\"Vasodilatadores para insufici\u00eancia card\u00edaca: descubra o que s\u00e3o, o que fazem, poss\u00edveis efeitos secund\u00e1rios e outras sugest\u00f5es para gerir efeitos secund\u00e1rios.\",\"breadcrumb\":{\"@id\":\"https:\/\/www.heartfailurematters.org\/pt-br\/o-que-o-seu-medico-ou-enfermeiro-pode-fazer\/nitratos-ou-vasodilatadores\/#breadcrumb\"},\"inLanguage\":\"pt-BR\",\"potentialAction\":[{\"@type\":\"ReadAction\",\"target\":[\"https:\/\/www.heartfailurematters.org\/pt-br\/o-que-o-seu-medico-ou-enfermeiro-pode-fazer\/nitratos-ou-vasodilatadores\/\"]}]},{\"@type\":\"ImageObject\",\"inLanguage\":\"pt-BR\",\"@id\":\"https:\/\/www.heartfailurematters.org\/pt-br\/o-que-o-seu-medico-ou-enfermeiro-pode-fazer\/nitratos-ou-vasodilatadores\/#primaryimage\",\"url\":\"https:\/\/www.heartfailurematters.org\/wp-content\/uploads\/2022\/03\/shutterstock_441673426-1-min.jpg\",\"contentUrl\":\"https:\/\/www.heartfailurematters.org\/wp-content\/uploads\/2022\/03\/shutterstock_441673426-1-min.jpg\",\"width\":900,\"height\":596},{\"@type\":\"BreadcrumbList\",\"@id\":\"https:\/\/www.heartfailurematters.org\/pt-br\/o-que-o-seu-medico-ou-enfermeiro-pode-fazer\/nitratos-ou-vasodilatadores\/#breadcrumb\",\"itemListElement\":[{\"@type\":\"ListItem\",\"position\":1,\"name\":\"P\u00e1gina inicial\",\"item\":\"https:\/\/www.heartfailurematters.org\/pt-br\/\"},{\"@type\":\"ListItem\",\"position\":2,\"name\":\"O que o seu m\u00e9dico pode fazer\",\"item\":\"https:\/\/www.heartfailurematters.org\/pt-br\/o-que-o-seu-medico-ou-enfermeiro-pode-fazer\/\"},{\"@type\":\"ListItem\",\"position\":3,\"name\":\"Nitratos ou vasodilatadores\"}]},{\"@type\":\"WebSite\",\"@id\":\"https:\/\/www.heartfailurematters.org\/pt-br\/#website\",\"url\":\"https:\/\/www.heartfailurematters.org\/pt-br\/\",\"name\":\"Heart Failure Matters\",\"description\":\"Practical information for patients, families and caregivers.\",\"publisher\":{\"@id\":\"https:\/\/www.heartfailurematters.org\/pt-br\/#organization\"},\"potentialAction\":[{\"@type\":\"SearchAction\",\"target\":{\"@type\":\"EntryPoint\",\"urlTemplate\":\"https:\/\/www.heartfailurematters.org\/pt-br\/?s={search_term_string}\"},\"query-input\":{\"@type\":\"PropertyValueSpecification\",\"valueRequired\":true,\"valueName\":\"search_term_string\"}}],\"inLanguage\":\"pt-BR\"},{\"@type\":\"Organization\",\"@id\":\"https:\/\/www.heartfailurematters.org\/pt-br\/#organization\",\"name\":\"Heart Failure Matters\",\"url\":\"https:\/\/www.heartfailurematters.org\/pt-br\/\",\"logo\":{\"@type\":\"ImageObject\",\"inLanguage\":\"pt-BR\",\"@id\":\"https:\/\/www.heartfailurematters.org\/pt-br\/#\/schema\/logo\/image\/\",\"url\":\"https:\/\/cdn-endpoint-hfm.azureedge.net\/heartfailurematters\/2024\/07\/hfm-logo1.jpg\",\"contentUrl\":\"https:\/\/cdn-endpoint-hfm.azureedge.net\/heartfailurematters\/2024\/07\/hfm-logo1.jpg\",\"width\":1280,\"height\":720,\"caption\":\"Heart Failure Matters\"},\"image\":{\"@id\":\"https:\/\/www.heartfailurematters.org\/pt-br\/#\/schema\/logo\/image\/\"},\"sameAs\":[\"https:\/\/www.facebook.com\/heartfailurematters\"]}]}<\/script>\n<!-- \/ Yoast SEO plugin. -->","yoast_head_json":{"title":"Nitratos, vasodilatadores e insufici\u00eancia card\u00edaca","description":"Vasodilatadores para insufici\u00eancia card\u00edaca: descubra o que s\u00e3o, o que fazem, poss\u00edveis efeitos secund\u00e1rios e outras sugest\u00f5es para gerir efeitos secund\u00e1rios.","robots":{"index":"index","follow":"follow","max-snippet":"max-snippet:-1","max-image-preview":"max-image-preview:large","max-video-preview":"max-video-preview:-1"},"canonical":"https:\/\/www.heartfailurematters.org\/pt-br\/o-que-o-seu-medico-ou-enfermeiro-pode-fazer\/nitratos-ou-vasodilatadores\/","og_locale":"pt_BR","og_type":"article","og_title":"Nitratos, vasodilatadores e insufici\u00eancia card\u00edaca","og_description":"Vasodilatadores para insufici\u00eancia card\u00edaca: descubra o que s\u00e3o, o que fazem, poss\u00edveis efeitos secund\u00e1rios e outras sugest\u00f5es para gerir efeitos secund\u00e1rios.","og_url":"https:\/\/www.heartfailurematters.org\/pt-br\/o-que-o-seu-medico-ou-enfermeiro-pode-fazer\/nitratos-ou-vasodilatadores\/","og_site_name":"Heart Failure Matters","article_publisher":"https:\/\/www.facebook.com\/heartfailurematters","og_image":[{"width":900,"height":596,"url":"https:\/\/www.heartfailurematters.org\/wp-content\/uploads\/2022\/03\/shutterstock_441673426-1-min.jpg","type":"image\/jpeg"}],"twitter_card":"summary_large_image","twitter_misc":{"Est. tempo de leitura":"2 minutos"},"schema":{"@context":"https:\/\/schema.org","@graph":[{"@type":"WebPage","@id":"https:\/\/www.heartfailurematters.org\/pt-br\/o-que-o-seu-medico-ou-enfermeiro-pode-fazer\/nitratos-ou-vasodilatadores\/","url":"https:\/\/www.heartfailurematters.org\/pt-br\/o-que-o-seu-medico-ou-enfermeiro-pode-fazer\/nitratos-ou-vasodilatadores\/","name":"Nitratos, vasodilatadores e insufici\u00eancia card\u00edaca","isPartOf":{"@id":"https:\/\/www.heartfailurematters.org\/pt-br\/#website"},"primaryImageOfPage":{"@id":"https:\/\/www.heartfailurematters.org\/pt-br\/o-que-o-seu-medico-ou-enfermeiro-pode-fazer\/nitratos-ou-vasodilatadores\/#primaryimage"},"image":{"@id":"https:\/\/www.heartfailurematters.org\/pt-br\/o-que-o-seu-medico-ou-enfermeiro-pode-fazer\/nitratos-ou-vasodilatadores\/#primaryimage"},"thumbnailUrl":"https:\/\/www.heartfailurematters.org\/wp-content\/uploads\/2022\/03\/shutterstock_441673426-1-min.jpg","datePublished":"2021-01-27T22:06:40+00:00","description":"Vasodilatadores para insufici\u00eancia card\u00edaca: descubra o que s\u00e3o, o que fazem, poss\u00edveis efeitos secund\u00e1rios e outras sugest\u00f5es para gerir efeitos secund\u00e1rios.","breadcrumb":{"@id":"https:\/\/www.heartfailurematters.org\/pt-br\/o-que-o-seu-medico-ou-enfermeiro-pode-fazer\/nitratos-ou-vasodilatadores\/#breadcrumb"},"inLanguage":"pt-BR","potentialAction":[{"@type":"ReadAction","target":["https:\/\/www.heartfailurematters.org\/pt-br\/o-que-o-seu-medico-ou-enfermeiro-pode-fazer\/nitratos-ou-vasodilatadores\/"]}]},{"@type":"ImageObject","inLanguage":"pt-BR","@id":"https:\/\/www.heartfailurematters.org\/pt-br\/o-que-o-seu-medico-ou-enfermeiro-pode-fazer\/nitratos-ou-vasodilatadores\/#primaryimage","url":"https:\/\/www.heartfailurematters.org\/wp-content\/uploads\/2022\/03\/shutterstock_441673426-1-min.jpg","contentUrl":"https:\/\/www.heartfailurematters.org\/wp-content\/uploads\/2022\/03\/shutterstock_441673426-1-min.jpg","width":900,"height":596},{"@type":"BreadcrumbList","@id":"https:\/\/www.heartfailurematters.org\/pt-br\/o-que-o-seu-medico-ou-enfermeiro-pode-fazer\/nitratos-ou-vasodilatadores\/#breadcrumb","itemListElement":[{"@type":"ListItem","position":1,"name":"P\u00e1gina inicial","item":"https:\/\/www.heartfailurematters.org\/pt-br\/"},{"@type":"ListItem","position":2,"name":"O que o seu m\u00e9dico pode fazer","item":"https:\/\/www.heartfailurematters.org\/pt-br\/o-que-o-seu-medico-ou-enfermeiro-pode-fazer\/"},{"@type":"ListItem","position":3,"name":"Nitratos ou vasodilatadores"}]},{"@type":"WebSite","@id":"https:\/\/www.heartfailurematters.org\/pt-br\/#website","url":"https:\/\/www.heartfailurematters.org\/pt-br\/","name":"Heart Failure Matters","description":"Practical information for patients, families and caregivers.","publisher":{"@id":"https:\/\/www.heartfailurematters.org\/pt-br\/#organization"},"potentialAction":[{"@type":"SearchAction","target":{"@type":"EntryPoint","urlTemplate":"https:\/\/www.heartfailurematters.org\/pt-br\/?s={search_term_string}"},"query-input":{"@type":"PropertyValueSpecification","valueRequired":true,"valueName":"search_term_string"}}],"inLanguage":"pt-BR"},{"@type":"Organization","@id":"https:\/\/www.heartfailurematters.org\/pt-br\/#organization","name":"Heart Failure Matters","url":"https:\/\/www.heartfailurematters.org\/pt-br\/","logo":{"@type":"ImageObject","inLanguage":"pt-BR","@id":"https:\/\/www.heartfailurematters.org\/pt-br\/#\/schema\/logo\/image\/","url":"https:\/\/cdn-endpoint-hfm.azureedge.net\/heartfailurematters\/2024\/07\/hfm-logo1.jpg","contentUrl":"https:\/\/cdn-endpoint-hfm.azureedge.net\/heartfailurematters\/2024\/07\/hfm-logo1.jpg","width":1280,"height":720,"caption":"Heart Failure Matters"},"image":{"@id":"https:\/\/www.heartfailurematters.org\/pt-br\/#\/schema\/logo\/image\/"},"sameAs":["https:\/\/www.facebook.com\/heartfailurematters"]}]}},"_links":{"self":[{"href":"https:\/\/www.heartfailurematters.org\/pt-br\/wp-json\/wp\/v2\/pages\/12586","targetHints":{"allow":["GET"]}}],"collection":[{"href":"https:\/\/www.heartfailurematters.org\/pt-br\/wp-json\/wp\/v2\/pages"}],"about":[{"href":"https:\/\/www.heartfailurematters.org\/pt-br\/wp-json\/wp\/v2\/types\/page"}],"author":[{"embeddable":true,"href":"https:\/\/www.heartfailurematters.org\/pt-br\/wp-json\/wp\/v2\/users\/1"}],"replies":[{"embeddable":true,"href":"https:\/\/www.heartfailurematters.org\/pt-br\/wp-json\/wp\/v2\/comments?post=12586"}],"version-history":[{"count":0,"href":"https:\/\/www.heartfailurematters.org\/pt-br\/wp-json\/wp\/v2\/pages\/12586\/revisions"}],"up":[{"embeddable":true,"href":"https:\/\/www.heartfailurematters.org\/pt-br\/wp-json\/wp\/v2\/pages\/13171"}],"wp:featuredmedia":[{"embeddable":true,"href":"https:\/\/www.heartfailurematters.org\/pt-br\/wp-json\/wp\/v2\/media\/12512"}],"wp:attachment":[{"href":"https:\/\/www.heartfailurematters.org\/pt-br\/wp-json\/wp\/v2\/media?parent=12586"}],"wp:term":[{"taxonomy":"category","embeddable":true,"href":"https:\/\/www.heartfailurematters.org\/pt-br\/wp-json\/wp\/v2\/categories?post=12586"},{"taxonomy":"post_tag","embeddable":true,"href":"https:\/\/www.heartfailurematters.org\/pt-br\/wp-json\/wp\/v2\/tags?post=12586"}],"curies":[{"name":"wp","href":"https:\/\/api.w.org\/{rel}","templated":true}]}}